{"id":4369,"date":"2025-09-20T09:23:19","date_gmt":"2025-09-20T09:23:19","guid":{"rendered":"https:\/\/vapestornado.com\/?post_type=product&#038;p=4369"},"modified":"2025-09-23T08:18:09","modified_gmt":"2025-09-23T08:18:09","slug":"okso-70000-puff-3-in-1-flavor-adjustable-disposable-vape-pod","status":"publish","type":"product","link":"https:\/\/vapestornado.com\/hu\/product\/okso-70000-puff-3-in-1-flavor-adjustable-disposable-vape-pod\/","title":{"rendered":"OKSO 70000 Puff 3 az 1-ben \u00cdz Be\u00e1ll\u00edthat\u00f3 Egyszer haszn\u00e1latos Vape Pod"},"content":{"rendered":"<h2 data-pm-slice=\"1 1 []\">OKSO 70000 Puff 3 az 1-ben \u00cdz Be\u00e1ll\u00edthat\u00f3 Egyszer haszn\u00e1latos Vape Pod<\/h2>\n<p data-start=\"204\" data-end=\"627\">A <strong data-start=\"208\" data-end=\"247\">OKSO 70000 Puff Egyszer haszn\u00e1latos Vape Pod<\/strong> azoknak a vapereknek k\u00e9sz\u00fclt, akik maxim\u00e1lis teljes\u00edtm\u00e9nyt \u00e9s v\u00e1ltozatoss\u00e1got szeretn\u00e9nek egy eleg\u00e1ns eszk\u00f6zben. Egy <strong data-start=\"338\" data-end=\"367\">leny\u0171g\u00f6z\u0151 70k puff sz\u00e1m<\/strong>, egy <strong data-start=\"371\" data-end=\"395\">3-in-1 \u00edzrendszer<\/strong>, \u00e9s <strong data-start=\"401\" data-end=\"423\">szab\u00e1lyozhat\u00f3 l\u00e9g\u00e1raml\u00e1ssal<\/strong>, ez \u00faj m\u00e9rc\u00e9t \u00e1ll\u00edt fel a hossz\u00fa \u00e9lettartam\u00fa egyszer haszn\u00e1latos vapek sz\u00e1m\u00e1ra. Minden pod <strong data-start=\"498\" data-end=\"526\">48mL e-folyad\u00e9kot tartalmaz (16mL \u00d7 3)<\/strong>, h\u00e1rom mer\u00e9sz \u00edzv\u00e1laszt\u00e9kot k\u00edn\u00e1l egy eszk\u00f6zben \u2014 szabadon v\u00e1ltogathatsz \u00e9s \u00e9lvezheted a friss \u00edzeket b\u00e1rmikor.<\/p>\n<p data-start=\"629\" data-end=\"1100\">A <strong data-start=\"633\" data-end=\"650\">OKSO 70 ezer Puff<\/strong> felszerelve van <strong data-start=\"671\" data-end=\"702\">h\u00e1rmas mesh tekercs technol\u00f3gia<\/strong> a sima, s\u0171r\u0171 g\u0151z \u00e9s az \u00e1lland\u00f3 \u00edz \u00e9rdek\u00e9ben. Az <strong data-start=\"774\" data-end=\"812\">650mAh Type-C \u00fajrat\u00f6lthet\u0151 akkumul\u00e1tor<\/strong> \u00e9s a <strong data-start=\"817\" data-end=\"839\">LED kijelz\u0151<\/strong> t\u00e1j\u00e9koztat a folyad\u00e9k- \u00e9s akkumul\u00e1tor szintekr\u0151l, biztos\u00edtva a meglepet\u00e9smentes haszn\u00e1latot. Az EU vaperek ig\u00e9nyei szerint tervezve, ez a pod kiegyens\u00falyozza <strong data-start=\"959\" data-end=\"976\">\u00f3ri\u00e1si kapacit\u00e1s<\/strong>, <strong data-start=\"978\" data-end=\"1000\">\u00edz rugalmass\u00e1g<\/strong>, \u00e9s <strong data-start=\"1006\" data-end=\"1023\">modern kialak\u00edt\u00e1s<\/strong>, amivel az egyik <strong data-start=\"1046\" data-end=\"1097\">2025 legjobb \u00edz\u00e1ll\u00edthat\u00f3 egyszer haszn\u00e1latos vapek<\/strong>.<\/p>\n<p data-start=\"1102\" data-end=\"1247\">Ak\u00e1r <strong data-start=\"1114\" data-end=\"1134\">nagykereskedelmi v\u00e1s\u00e1rl\u00f3k<\/strong> or <strong data-start=\"1138\" data-end=\"1158\">egy\u00e9ni felhaszn\u00e1l\u00f3k<\/strong>, a <strong data-start=\"1164\" data-end=\"1183\">OKSO 70000 Puf<\/strong> a legjobb v\u00e1laszt\u00e1s a eldobhat\u00f3 vape piacon.<\/p>\n<p><strong><span style=\"color: #ff0000;\">Adja hozz\u00e1 Amy-t WhatsApp-on, hogy azonnali v\u00e1laszt \u00e9s vape kupont kapjon!<\/span><\/strong><\/p>\n<p><img fetchpriority=\"high\" decoding=\"async\" class=\"size-full wp-image-2932\" src=\"https:\/\/vapestornado.com\/wp-content\/uploads\/2024\/12\/Vape-Wholesale.jpg\" alt=\"Vape nagykereskedelem\" width=\"229\" height=\"300\" \/><\/p>\n<h3><a href=\"https:\/\/wa.me\/8617776015835\" target=\"_blank\" rel=\"noopener\"><span style=\"color: #ff0000;\"><strong>WhatsApp: +86 17776015835<\/strong><\/span><\/a><\/h3>\n<p>&nbsp;<\/p>\n<h2><strong>OKSO 70000 Puff Term\u00e9kjellemz\u0151k<\/strong><\/h2>\n<p>Puffok: 70000 puff<br \/>\nMag: H\u00e1l\u00f3s tekercs *3<br \/>\nE-liquid: 48ml (16ml*3)<br \/>\nNikotin: 0%\/2%\/3%\/5%<br \/>\nAkkumul\u00e1tor: 650mAh, Type C \u00fajrat\u00f6lthet\u0151<br \/>\nLED kijelz\u0151 az olaj \u00e9s az akkumul\u00e1tor \u00e1llapot\u00e1r\u00f3l<br \/>\nTerm\u00e9k s\u00falya: 134,5g\/db<br \/>\nTerm\u00e9k m\u00e9rete: 45*44*127mm<\/p>\n<figure id=\"attachment_4365\" aria-describedby=\"caption-attachment-4365\" style=\"width: 300px\" class=\"wp-caption alignnone\"><img decoding=\"async\" class=\"size-medium wp-image-4365\" src=\"https:\/\/vapestornado.com\/wp-content\/uploads\/2025\/09\/OKSO-3in1-70000-Puffs-Disposable-Vape-300x300.webp\" alt=\"OKSO 3 az 1-ben 70000 Puff Eldobhat\u00f3 Vape\" width=\"300\" height=\"300\" srcset=\"https:\/\/vapestornado.com\/wp-content\/uploads\/2025\/09\/OKSO-3in1-70000-Puffs-Disposable-Vape-300x300.webp 300w, https:\/\/vapestornado.com\/wp-content\/uploads\/2025\/09\/OKSO-3in1-70000-Puffs-Disposable-Vape-150x150.webp 150w, https:\/\/vapestornado.com\/wp-content\/uploads\/2025\/09\/OKSO-3in1-70000-Puffs-Disposable-Vape-768x768.webp 768w, https:\/\/vapestornado.com\/wp-content\/uploads\/2025\/09\/OKSO-3in1-70000-Puffs-Disposable-Vape-12x12.webp 12w, https:\/\/vapestornado.com\/wp-content\/uploads\/2025\/09\/OKSO-3in1-70000-Puffs-Disposable-Vape-600x600.webp 600w, https:\/\/vapestornado.com\/wp-content\/uploads\/2025\/09\/OKSO-3in1-70000-Puffs-Disposable-Vape-100x100.webp 100w, https:\/\/vapestornado.com\/wp-content\/uploads\/2025\/09\/OKSO-3in1-70000-Puffs-Disposable-Vape.webp 800w\" sizes=\"(max-width: 300px) 100vw, 300px\" \/><figcaption id=\"caption-attachment-4365\" class=\"wp-caption-text\">OKSO 3 az 1-ben 70000 Puff Eldobhat\u00f3 Vape<\/figcaption><\/figure>\n<h2 class=\"product-title\"><strong>OKSO 70000 Puff \u00cdzv\u00e1laszt\u00e9k<\/strong><\/h2>\n<p data-start=\"2550\" data-end=\"2736\">1.\u00c1fonya m\u00e1lna\\Kever\u00e9k bogy\u00f3k\\Alma \u0151szibarack<br \/>\n2.V\u00edzilabda j\u00e9g\\Uram K\u00e9k\\Z\u00f6ld sz\u0151l\u0151 V\u00edzilabda<br \/>\n3.Eper j\u00e9g\\Jungle Juice\\S\u00e1rk\u00e1ny G\u00f6r\u00f6gdinnye<br \/>\n4.Gy\u00fcm\u00f6lcs j\u00e9g\\Fekete ribizli j\u00e9g\\Bogy\u00f3s lekv\u00e1r<br \/>\n5.Cseresznye j\u00e9g\\K\u00e9t alma\\Eper m\u00e1lna cseresznye j\u00e9g<br \/>\n6.L\u00e9d\u00fas \u0151szibarack\\Cseresznye Cola\\Cseresznye puha cukorka<br \/>\n7.Eper Kiwi\\V\u00edzilabda Bubor\u00e9kf\u00faj\u00f3\\H\u00e1rmas mang\u00f3 j\u00e9g<br \/>\n8.Kivi Passion Gy\u00fcm\u00f6lcs Guava\\Cola j\u00e9g\\Passi\u00f3 Gy\u00fcm\u00f6lcs Mang\u00f3 j\u00e9g<br \/>\n9.Anan\u00e1sz j\u00e9g\\Eper Dinnye\\Eper Sz\u0151l\u0151<br \/>\n10.Friss Mentol\\Citrom Lime\\Dinnye Mojito<\/p>\n<div class=\"flex-shrink-0 flex flex-col relative items-end\">\n<div class=\"pt-0\">\n<div class=\"gizmo-bot-avatar flex h-8 w-8 items-center justify-center overflow-hidden rounded-full\">\n<div class=\"relative p-1 rounded-sm flex items-center justify-center bg-token-main-surface-primary text-token-text-primary h-8 w-8\">\n<h2 data-start=\"1200\" data-end=\"1487\">Vapes Tornado \u2013 Az \u00d6n nagykereskedelmi online vape boltja Eur\u00f3pa legjobb vape m\u00e1rk\u00e1i\u00e9rt<\/h2>\n<p data-start=\"1200\" data-end=\"1487\"><strong data-start=\"213\" data-end=\"248\">Vapes Tornado Online Doh\u00e1nybolt<\/strong> az \u00d6n megb\u00edzhat\u00f3 c\u00e9lpontja a kiv\u00e1l\u00f3 min\u0151s\u00e9g\u0171 eldobhat\u00f3 vape-ek \u00e9s a nagykereskedelmi e-cigarett\u00e1k sz\u00e1m\u00e1ra eg\u00e9sz Eur\u00f3p\u00e1ban. Szakter\u00fclet\u00fcnk a<strong data-start=\"403\" data-end=\"431\">\u00a0vape m\u00e1rk\u00e1k k\u00f6z\u00f6tt<\/strong>, bele\u00e9rtve <strong data-start=\"443\" data-end=\"502\"><a href=\"https:\/\/vapestornado.com\/hu\/product-category\/elf-bar-vape\/\">ELF BAR VAPE<\/a>, Vapme VAPE, <a href=\"https:\/\/vapestornado.com\/hu\/product\/vozol-gear-power-20k-20000-puffs-vape-rechargeable-disposable-box-bulk-buy-cheap-price\/\">VOZOL VAPE<\/a><\/strong><strong data-start=\"443\" data-end=\"502\">, \u00e9s <a href=\"https:\/\/vapestornado.com\/hu\/product-category\/bang-vape\/\">Bang Vape<\/a><\/strong>. \u00dczlet\u00fcnk \u00fagy \u00e9p\u00fclt fel, hogy mind az egy\u00e9ni v\u00e1s\u00e1rl\u00f3kat, mind a nagykereskedelmi vev\u0151ket kiszolg\u00e1lja, megb\u00edzhat\u00f3 term\u00e9keket k\u00edn\u00e1lva, amelyek \u00f6tv\u00f6zik az er\u0151s teljes\u00edtm\u00e9nyt, a st\u00edlusos diz\u00e1jnt \u00e9s a versenyk\u00e9pes \u00e1rakat.<\/p>\n<h2 data-start=\"2064\" data-end=\"2115\">GYIK az OKSO 70000 Puff Egyszer haszn\u00e1latos Vape-r\u0151l<\/h2>\n<p data-start=\"1275\" data-end=\"1451\"><strong data-start=\"1275\" data-end=\"1351\">Q1: H\u00e1ny puffot biztos\u00edt az OKSO 70000 Puff Egyszer haszn\u00e1latos Vape Pod?<\/strong><br data-start=\"1351\" data-end=\"1354\" \/>A1: Ak\u00e1r <strong data-start=\"1364\" data-end=\"1380\">70 000 puffot<\/strong> k\u00f6sz\u00f6nhet\u0151en nagy 48 ml-es e-liquid kapacit\u00e1s\u00e1nak \u00e9s hat\u00e9kony h\u00e1l\u00f3s tekercseinek.<\/p>\n<p data-start=\"1453\" data-end=\"1655\"><strong data-start=\"1453\" data-end=\"1528\">Q2: Mi teszi az OKSO 70k Puff-ot k\u00fcl\u00f6nlegess\u00e9 a t\u00f6bbi egyszer haszn\u00e1latos vape-hez k\u00e9pest?<\/strong><br data-start=\"1528\" data-end=\"1531\" \/>A2: Egy <strong data-start=\"1549\" data-end=\"1573\">3-in-1 \u00edzrendszer<\/strong> az \u00e1ll\u00edthat\u00f3 l\u00e9g\u00e1raml\u00e1ssal, amely lehet\u0151v\u00e9 teszi h\u00e1rom pr\u00e9mium \u00edz \u00e9lvezet\u00e9t egy k\u00e9sz\u00fcl\u00e9kben.<\/p>\n<p data-start=\"1657\" data-end=\"1813\"><strong data-start=\"1657\" data-end=\"1701\">Q3: Az OKSO 70000 Puff \u00fajrat\u00f6lthet\u0151?<\/strong><br data-start=\"1701\" data-end=\"1704\" \/>A3: Igen, rendelkezik egy <strong data-start=\"1722\" data-end=\"1760\">650mAh Type-C \u00fajrat\u00f6lthet\u0151 akkumul\u00e1tor<\/strong> LED k\u00e9perny\u0151vel, amely az olaj \u00e9s az akkumul\u00e1tor \u00e1llapot\u00e1t mutatja.<\/p>\n<p data-start=\"1815\" data-end=\"1979\"><strong data-start=\"1815\" data-end=\"1893\">Q4: Milyen nikotinszintek \u00e9rhet\u0151k el az OKSO 70k egyszer haszn\u00e1latos vape-hez?<\/strong><br data-start=\"1893\" data-end=\"1896\" \/>Q4: Milyen nikotinszintek \u00e9rhet\u0151k el a VOPK 80k eldobhat\u00f3 vape-hez? <strong data-start=\"1916\" data-end=\"1946\">0%, 2%, 3% \u00e9s 5% nikotin<\/strong> hogy k\u00fcl\u00f6nb\u00f6z\u0151 preferenci\u00e1khoz igazodjon.<\/p>\n<p data-start=\"1981\" data-end=\"2177\"><strong data-start=\"1981\" data-end=\"2047\">Q5: Kinek tervezt\u00e9k az OKSO 70k Puff egyszer haszn\u00e1latos vape podj\u00e1t?<\/strong><br data-start=\"2047\" data-end=\"2050\" \/>A5: Ide\u00e1lis <strong data-start=\"2069\" data-end=\"2119\">25\u201335 \u00e9ves f\u00e9rfi fogyaszt\u00f3knak az EU piacon<\/strong> akik hossz\u00fa t\u00e1v\u00fa, \u00edzgazdag vaping \u00e9lm\u00e9nyt keresnek.<\/p>\n<\/div>\n<\/div>\n<\/div>\n<\/div>","protected":false},"excerpt":{"rendered":"<p data-start=\"2514\" data-end=\"2583\"><strong data-start=\"2514\" data-end=\"2581\">OKSO 70K Puff 3-in-1 Egyszer haszn\u00e1latos Vape \u2013 Nagy Pufik, Nagyobb \u00cdz<\/strong><\/p>\n<p data-start=\"2587\" data-end=\"2663\"><strong data-start=\"2587\" data-end=\"2661\">Nagykereskedelmi OKSO 70000 Puff Vape Pod \u2013 H\u00e1rom \u00cdz, \u00c1ll\u00edthat\u00f3 L\u00e9g\u00e1raml\u00e1s<\/strong><\/p>\n<p data-start=\"2667\" data-end=\"2739\"><strong data-start=\"2667\" data-end=\"2737\">OKSO 70000 Egyszer haszn\u00e1latos Vape Pod \u2013 A legjobb 70K puffos vape 2025 EU Piacon<\/strong><\/p>\n<p><strong>Add hozz\u00e1 Amy whatsappj\u00e1t, hogy azonnali v\u00e1laszt \u00e9s kedvezm\u00e9nyes \u00e1rat kapj!<\/strong><\/p>\n<p><img fetchpriority=\"high\" decoding=\"async\" class=\"size-full wp-image-2932\" src=\"https:\/\/vapestornado.com\/wp-content\/uploads\/2024\/12\/Vape-Wholesale.jpg\" alt=\"Vape nagykereskedelem\" width=\"229\" height=\"300\" \/><\/p>\n<h3><a href=\"https:\/\/wa.me\/8617776015835\"><span style=\"color: #ff0000;\"><strong>WhatsApp: +86 17776015835<\/strong><\/span><\/a><\/h3>","protected":false},"featured_media":4364,"comment_status":"open","ping_status":"closed","template":"","meta":{"_acf_changed":false,"_uag_custom_page_level_css":"","_lmt_disableupdate":"no","_lmt_disable":"","_monsterinsights_skip_tracking":false,"_monsterinsights_sitenote_active":false,"_monsterinsights_sitenote_note":"","_monsterinsights_sitenote_category":0,"site-sidebar-layout":"default","site-content-layout":"","ast-site-content-layout":"default","site-content-style":"default","site-sidebar-style":"default","ast-global-header-display":"","ast-banner-title-visibility":"","ast-main-header-display":"","ast-hfb-above-header-display":"","ast-hfb-below-header-display":"","ast-hfb-mobile-header-display":"","site-post-title":"","ast-breadcrumbs-content":"","ast-featured-img":"","footer-sml-layout":"","ast-disable-related-posts":"","theme-transparent-header-meta":"default","adv-header-id-meta":"","stick-header-meta":"","header-above-stick-meta":"","header-main-stick-meta":"","header-below-stick-meta":"","astra-migrate-meta-layouts":"set","ast-page-background-enabled":"default","ast-page-background-meta":{"desktop":{"background-color":"","background-image":"","background-repeat":"repeat","background-position":"center center","background-size":"auto","background-attachment":"scroll","background-type":"","background-media":"","overlay-type":"","overlay-color":"","overlay-opacity":"","overlay-gradient":""},"tablet":{"background-color":"","background-image":"","background-repeat":"repeat","background-position":"center center","background-size":"auto","background-attachment":"scroll","background-type":"","background-media":"","overlay-type":"","overlay-color":"","overlay-opacity":"","overlay-gradient":""},"mobile":{"background-color":"","background-image":"","background-repeat":"repeat","background-position":"center center","background-size":"auto","background-attachment":"scroll","background-type":"","background-media":"","overlay-type":"","overlay-color":"","overlay-opacity":"","overlay-gradient":""}},"ast-content-background-meta":{"desktop":{"background-color":"var(--ast-global-color-5)","background-image":"","background-repeat":"repeat","background-position":"center center","background-size":"auto","background-attachment":"scroll","background-type":"","background-media":"","overlay-type":"","overlay-color":"","overlay-opacity":"","overlay-gradient":""},"tablet":{"background-color":"var(--ast-global-color-5)","background-image":"","background-repeat":"repeat","background-position":"center center","background-size":"auto","background-attachment":"scroll","background-type":"","background-media":"","overlay-type":"","overlay-color":"","overlay-opacity":"","overlay-gradient":""},"mobile":{"background-color":"var(--ast-global-color-5)","background-image":"","background-repeat":"repeat","background-position":"center center","background-size":"auto","background-attachment":"scroll","background-type":"","background-media":"","overlay-type":"","overlay-color":"","overlay-opacity":"","overlay-gradient":""}},"_joinchat":[]},"product_brand":[],"product_cat":[149,153,156,158,142,143,144,146],"product_tag":[368,374,375,376],"class_list":{"0":"post-4369","1":"product","2":"type-product","3":"status-publish","4":"has-post-thumbnail","6":"product_cat-buy-disposable-vapes-in-austria","7":"product_cat-buy-disposable-vapes-in-italy","8":"product_cat-buy-disposable-vapes-in-poland","9":"product_cat-buy-disposable-vapes-in-spain","10":"product_cat-digital-box-disposable-vapes","11":"product_cat-dual-mesh-disposable-vapes","12":"product_cat-low-nicotine-disposable-vapes","13":"product_cat-rechargeable-disposable-vapes","14":"product_tag-disposable-vapor","15":"product_tag-okso-70000-puff","16":"product_tag-okso-70k-puff","17":"product_tag-okso-vape","18":"desktop-align-left","19":"tablet-align-left","20":"mobile-align-left","22":"first","23":"instock","24":"sale","25":"shipping-taxable","26":"purchasable","27":"product-type-simple"},"acf":[],"uagb_featured_image_src":{"full":["https:\/\/vapestornado.com\/wp-content\/uploads\/2025\/09\/OKSO-3-IN-1-70000-PUFF-Disposable-Vape-Wholesale-Price.webp",800,800,false],"thumbnail":["https:\/\/vapestornado.com\/wp-content\/uploads\/2025\/09\/OKSO-3-IN-1-70000-PUFF-Disposable-Vape-Wholesale-Price-150x150.webp",150,150,true],"medium":["https:\/\/vapestornado.com\/wp-content\/uploads\/2025\/09\/OKSO-3-IN-1-70000-PUFF-Disposable-Vape-Wholesale-Price-300x300.webp",300,300,true],"medium_large":["https:\/\/vapestornado.com\/wp-content\/uploads\/2025\/09\/OKSO-3-IN-1-70000-PUFF-Disposable-Vape-Wholesale-Price-768x768.webp",768,768,true],"large":["https:\/\/vapestornado.com\/wp-content\/uploads\/2025\/09\/OKSO-3-IN-1-70000-PUFF-Disposable-Vape-Wholesale-Price.webp",800,800,false],"1536x1536":["https:\/\/vapestornado.com\/wp-content\/uploads\/2025\/09\/OKSO-3-IN-1-70000-PUFF-Disposable-Vape-Wholesale-Price.webp",800,800,false],"2048x2048":["https:\/\/vapestornado.com\/wp-content\/uploads\/2025\/09\/OKSO-3-IN-1-70000-PUFF-Disposable-Vape-Wholesale-Price.webp",800,800,false],"trp-custom-language-flag":["https:\/\/vapestornado.com\/wp-content\/uploads\/2025\/09\/OKSO-3-IN-1-70000-PUFF-Disposable-Vape-Wholesale-Price-12x12.webp",12,12,true],"woocommerce_thumbnail":["https:\/\/vapestornado.com\/wp-content\/uploads\/2025\/09\/OKSO-3-IN-1-70000-PUFF-Disposable-Vape-Wholesale-Price-300x300.webp",300,300,true],"woocommerce_single":["https:\/\/vapestornado.com\/wp-content\/uploads\/2025\/09\/OKSO-3-IN-1-70000-PUFF-Disposable-Vape-Wholesale-Price-600x600.webp",600,600,true],"woocommerce_gallery_thumbnail":["https:\/\/vapestornado.com\/wp-content\/uploads\/2025\/09\/OKSO-3-IN-1-70000-PUFF-Disposable-Vape-Wholesale-Price-100x100.webp",100,100,true]},"uagb_author_info":{"display_name":"ESAMY","author_link":"https:\/\/vapestornado.com\/hu\/author\/"},"uagb_comment_info":1,"uagb_excerpt":"OKSO 70K Puff 3-in-1 Disposable Vape \u2013 Big Puffs, Bigger Flavor Wholesale OKSO 70000 Puff Vape Pod \u2013 Triple Flavor, Adjustable Airflow OKSO 70000 Disposable Vape Pod \u2013 Best 70K Puff Vape 2025 EU Market Add Amy's whatsapp to get right reply and discount price! WhatsApp: +86 17776015835","_links":{"self":[{"href":"https:\/\/vapestornado.com\/hu\/wp-json\/wp\/v2\/product\/4369","targetHints":{"allow":["GET"]}}],"collection":[{"href":"https:\/\/vapestornado.com\/hu\/wp-json\/wp\/v2\/product"}],"about":[{"href":"https:\/\/vapestornado.com\/hu\/wp-json\/wp\/v2\/types\/product"}],"replies":[{"embeddable":true,"href":"https:\/\/vapestornado.com\/hu\/wp-json\/wp\/v2\/comments?post=4369"}],"wp:featuredmedia":[{"embeddable":true,"href":"https:\/\/vapestornado.com\/hu\/wp-json\/wp\/v2\/media\/4364"}],"wp:attachment":[{"href":"https:\/\/vapestornado.com\/hu\/wp-json\/wp\/v2\/media?parent=4369"}],"wp:term":[{"taxonomy":"product_brand","embeddable":true,"href":"https:\/\/vapestornado.com\/hu\/wp-json\/wp\/v2\/product_brand?post=4369"},{"taxonomy":"product_cat","embeddable":true,"href":"https:\/\/vapestornado.com\/hu\/wp-json\/wp\/v2\/product_cat?post=4369"},{"taxonomy":"product_tag","embeddable":true,"href":"https:\/\/vapestornado.com\/hu\/wp-json\/wp\/v2\/product_tag?post=4369"}],"curies":[{"name":"wp","href":"https:\/\/api.w.org\/{rel}","templated":true}]}}