{"id":4363,"date":"2025-09-20T03:33:56","date_gmt":"2025-09-20T03:33:56","guid":{"rendered":"https:\/\/vapestornado.com\/?post_type=product&#038;p=4363"},"modified":"2025-09-20T06:28:53","modified_gmt":"2025-09-20T06:28:53","slug":"bang-box-turbo-42000-puff-dual-vaping-mode-touch-screen-disposable-vape","status":"publish","type":"product","link":"https:\/\/vapestornado.com\/hu\/product\/bang-box-turbo-42000-puff-dual-vaping-mode-touch-screen-disposable-vape\/","title":{"rendered":"Bang Box Turbo 42000 Puffs Kett\u0151s Vaping M\u00f3d \u00c9rint\u0151k\u00e9perny\u0151s Eldobhat\u00f3 Vape"},"content":{"rendered":"<h2 data-pm-slice=\"1 1 []\">Bang Box Turbo 42000 Puff \u2013 \u00c9rint\u0151k\u00e9perny\u0151s eldobhat\u00f3 vape dual vaping m\u00f3ddal<\/h2>\n<p data-start=\"272\" data-end=\"659\">A <strong data-start=\"276\" data-end=\"300\">Bang Box Turbo 42000<\/strong> egy olyan k\u00e9sz\u00fcl\u00e9k, amelyet azok a vaperek szeretnek, akik er\u0151t, st\u00edlust \u00e9s kontrollt akarnak egy eszk\u00f6zben. Ezzel <strong data-start=\"380\" data-end=\"400\">kett\u0151s vape m\u00f3d<\/strong>, v\u00e1lthat a <strong data-start=\"425\" data-end=\"462\">rendes m\u00f3d (ak\u00e1r 42 000 puff)<\/strong> or <strong data-start=\"466\" data-end=\"495\">pulz\u00e1l\u00f3 m\u00f3d (30 000 puff)<\/strong> az er\u0151sebb hat\u00e1s\u00e9rt. Ez a rugalmass\u00e1g teszi ide\u00e1liss\u00e1 azok sz\u00e1m\u00e1ra, akik <b>k\u00fcl\u00f6nb\u00f6z\u0151 vaperek<\/b> keresnek egy eldobhat\u00f3 vape-t, amely alkalmazkodik \u00e9letst\u00edlusukhoz.<\/p>\n<p data-start=\"661\" data-end=\"989\">Felszerelve egy <strong data-start=\"677\" data-end=\"703\">3D g\u00f6rb\u00fclt \u00e9rint\u0151k\u00e9perny\u0151<\/strong>, a <strong data-start=\"709\" data-end=\"741\">Bang Box 42k Eldobhat\u00f3 Vape Pod<\/strong>\u00a0val\u00f3s idej\u0171 inform\u00e1ci\u00f3t ny\u00fajt az akkumul\u00e1tor \u00e9lettartam\u00e1r\u00f3l \u00e9s az e-liquid szintekr\u0151l. Nincs tal\u00e1lgat\u00e1s\u2014csak tiszta, megb\u00edzhat\u00f3 inform\u00e1ci\u00f3k egy pillant\u00e1sra. Az <strong data-start=\"878\" data-end=\"902\">28 ml-es el\u0151re t\u00f6lt\u00f6tt tart\u00e1ly<\/strong> egy\u00fctt <strong data-start=\"917\" data-end=\"935\">h\u00e1l\u00f3s tekercs<\/strong> mer\u00e9sz, sima \u00edzeket biztos\u00edt a kezdetekt\u0151l a v\u00e9g\u00e9ig.<\/p>\n<p data-start=\"991\" data-end=\"1263\">Egy <strong data-start=\"1004\" data-end=\"1042\">750mAh t\u00edpus-C \u00fajrat\u00f6lthet\u0151 akkumul\u00e1tor<\/strong>a Bang Box Turbo 42000 hossz\u00fa \u00fczemidej\u0171, megszak\u00edt\u00e1s n\u00e9lk\u00fcli \u00fcl\u00e9seket garant\u00e1l. V\u00e1lassza ki kedvenc er\u0151ss\u00e9g\u00e9t <strong data-start=\"1161\" data-end=\"1201\">nikotintartalom opci\u00f3kkal: 0%, 2%, 3% vagy 5%<\/strong>ami mind a alkalmi, mind a tapasztalt vaperek sz\u00e1m\u00e1ra alkalmas.<\/p>\n<p data-start=\"1265\" data-end=\"1583\">\u00cdzv\u00e1laszt\u00e9kok k\u00f6z\u00e9 tartozik <strong data-start=\"1288\" data-end=\"1362\">Eper-M\u00e9z, Mexik\u00f3i Mang\u00f3, Miami Mentol, Sz\u0151l\u0151 B Pop \u00e9s m\u00e9g sok m\u00e1s<\/strong>, \u00edgy sz\u00e9les gy\u00fcm\u00f6lcs, j\u00e9g \u00e9s \u00e9des kever\u00e9kek sz\u00e9les v\u00e1laszt\u00e9k\u00e1t k\u00edn\u00e1lva, hogy minden sz\u00edv\u00e1s izgalmas maradjon. Kompakt, m\u00e9gis pr\u00e9mium kialak\u00edt\u00e1s\u00e1val ez <strong data-start=\"1493\" data-end=\"1525\">\u00c9rint\u0151k\u00e9perny\u0151s egyszer haszn\u00e1latos vape<\/strong> nem csup\u00e1n egy eszk\u00f6z\u2014ez a modern vaping nyilatkozata.<\/p>\n<h3 data-start=\"1585\" data-end=\"1624\">Mi\u00e9rt v\u00e1s\u00e1rolja meg a Bang Box Turbo 42000-et?<\/h3>\n<ul data-start=\"1625\" data-end=\"1935\">\n<li data-start=\"1625\" data-end=\"1693\">\n<p data-start=\"1627\" data-end=\"1693\"><strong data-start=\"1627\" data-end=\"1647\">Du\u00e1lis Vape m\u00f3d<\/strong>: Norm\u00e1l vagy Pulz\u00e1l\u00f3 a szem\u00e9lyre szabott el\u00e9gedetts\u00e9g\u00e9rt<\/p>\n<\/li>\n<li data-start=\"1694\" data-end=\"1760\">\n<p data-start=\"1696\" data-end=\"1760\"><strong data-start=\"1696\" data-end=\"1720\">\u00c9rint\u0151k\u00e9perny\u0151s kijelz\u0151<\/strong>: Val\u00f3s idej\u0171 olaj- \u00e9s akkumul\u00e1torfigyel\u00e9s<\/p>\n<\/li>\n<li data-start=\"1761\" data-end=\"1815\">\n<p data-start=\"1763\" data-end=\"1815\"><strong data-start=\"1763\" data-end=\"1780\">\u00d3ri\u00e1si kapacit\u00e1s<\/strong>: 42 000 sz\u00edv\u00e1s 28 ml e-folyad\u00e9kkal<\/p>\n<\/li>\n<li data-start=\"1816\" data-end=\"1875\">\n<p data-start=\"1818\" data-end=\"1875\"><strong data-start=\"1818\" data-end=\"1831\">H\u00e1l\u00f3s tekercs<\/strong>: Sima felh\u0151k \u00e9s teljes \u00edz minden alkalommal<\/p>\n<\/li>\n<li data-start=\"1876\" data-end=\"1935\">\n<p data-start=\"1878\" data-end=\"1935\"><strong data-start=\"1878\" data-end=\"1894\">\u00dajrat\u00f6lthet\u0151<\/strong>: 750mAh t\u00edpus-C akkumul\u00e1tor a k\u00e9nyelem\u00e9rt<\/p>\n<\/li>\n<\/ul>\n<p><strong><span style=\"color: #ff0000;\">Adja hozz\u00e1 Amy-t WhatsApp-on, hogy azonnali v\u00e1laszt \u00e9s vape kupont kapjon!<\/span><\/strong><\/p>\n<p><img fetchpriority=\"high\" decoding=\"async\" class=\"size-full wp-image-2932\" src=\"https:\/\/vapestornado.com\/wp-content\/uploads\/2024\/12\/Vape-Wholesale.jpg\" alt=\"Vape nagykereskedelem\" width=\"229\" height=\"300\" \/><\/p>\n<h3><a href=\"https:\/\/wa.me\/8617776015835\" target=\"_blank\" rel=\"noopener\"><span style=\"color: #ff0000;\"><strong>WhatsApp: +86 17776015835<\/strong><\/span><\/a><\/h3>\n<p>&nbsp;<\/p>\n<h2><strong>Bang Box Turbo 42000 Sz\u00edv\u00e1s term\u00e9kjellemz\u0151k<\/strong><\/h2>\n<p>Sz\u00edv\u00e1sok: 42000 sz\u00edv\u00e1s (norm\u00e1l m\u00f3d)<br \/>\n30000 sz\u00edv\u00e1s (Pulz\u00e1l\u00f3 m\u00f3d)<br \/>\nDu\u00e1lis m\u00f3d\u00fa vaping<br \/>\nFolyad\u00e9k: 28 ml el\u0151re t\u00f6lt\u00f6tt<br \/>\nNikotin: 0% 2% 3% 5%<br \/>\nMag: H\u00e1l\u00f3s tekercs 1.0 \u03a9<br \/>\nAkkumul\u00e1tor: 750 mAh t\u00edpus-c \u00fajrat\u00f6lthet\u0151<br \/>\n3D g\u00f6rb\u00fclt kijelz\u0151 az olaj \u00e9s az akkumul\u00e1tor sz\u00e1m\u00e1ra<\/p>\n<figure id=\"attachment_4359\" aria-describedby=\"caption-attachment-4359\" style=\"width: 300px\" class=\"wp-caption alignnone\"><img decoding=\"async\" class=\"size-medium wp-image-4359\" src=\"https:\/\/vapestornado.com\/wp-content\/uploads\/2025\/09\/Bang-Box-Turbo-42000-Puff-Dispsoable-Vape-Mod-Kits-300x300.webp\" alt=\"Bang Box Turbo 42000 szippant\u00e1s eldobhat\u00f3 vape mod k\u00e9szletek\" width=\"300\" height=\"300\" srcset=\"https:\/\/vapestornado.com\/wp-content\/uploads\/2025\/09\/Bang-Box-Turbo-42000-Puff-Dispsoable-Vape-Mod-Kits-300x300.webp 300w, https:\/\/vapestornado.com\/wp-content\/uploads\/2025\/09\/Bang-Box-Turbo-42000-Puff-Dispsoable-Vape-Mod-Kits-1024x1024.webp 1024w, https:\/\/vapestornado.com\/wp-content\/uploads\/2025\/09\/Bang-Box-Turbo-42000-Puff-Dispsoable-Vape-Mod-Kits-150x150.webp 150w, https:\/\/vapestornado.com\/wp-content\/uploads\/2025\/09\/Bang-Box-Turbo-42000-Puff-Dispsoable-Vape-Mod-Kits-768x768.webp 768w, https:\/\/vapestornado.com\/wp-content\/uploads\/2025\/09\/Bang-Box-Turbo-42000-Puff-Dispsoable-Vape-Mod-Kits-12x12.webp 12w, https:\/\/vapestornado.com\/wp-content\/uploads\/2025\/09\/Bang-Box-Turbo-42000-Puff-Dispsoable-Vape-Mod-Kits-600x600.webp 600w, https:\/\/vapestornado.com\/wp-content\/uploads\/2025\/09\/Bang-Box-Turbo-42000-Puff-Dispsoable-Vape-Mod-Kits-100x100.webp 100w, https:\/\/vapestornado.com\/wp-content\/uploads\/2025\/09\/Bang-Box-Turbo-42000-Puff-Dispsoable-Vape-Mod-Kits.webp 1500w\" sizes=\"(max-width: 300px) 100vw, 300px\" \/><figcaption id=\"caption-attachment-4359\" class=\"wp-caption-text\">Bang Box Turbo 42000 szippant\u00e1s eldobhat\u00f3 vape mod k\u00e9szletek<\/figcaption><\/figure>\n<h2 class=\"product-title\"><strong>Bang Box Turbo 42000 szippant\u00e1s \u00edzv\u00e1laszt\u00e9k lista<\/strong><\/h2>\n<p data-start=\"2550\" data-end=\"2736\">1. Eper G\u00f6r\u00f6gdinnye<br \/>\n2. Vad bogy\u00f3k<br \/>\n3. K\u00e9k M\u00e1lna J\u00e9g<br \/>\n4.\u00c1fonya g\u00f6r\u00f6gdinnye<br \/>\n5. Savany\u00fa alma j\u00e9g<br \/>\n6. Lime bogy\u00f3 narancs<br \/>\n7. Mexik\u00f3i mang\u00f3<br \/>\n8. Miami menta<br \/>\n9. G\u00f6r\u00f6gdinnye j\u00e9g<br \/>\n10. \u00c9des cseresznye<br \/>\n11. Sz\u0151l\u0151 B Pop<br \/>\n12. Fekete ribizli B Pop<\/p>\n<div class=\"flex-shrink-0 flex flex-col relative items-end\">\n<div class=\"pt-0\">\n<div class=\"gizmo-bot-avatar flex h-8 w-8 items-center justify-center overflow-hidden rounded-full\">\n<div class=\"relative p-1 rounded-sm flex items-center justify-center bg-token-main-surface-primary text-token-text-primary h-8 w-8\">\n<h2 data-start=\"1200\" data-end=\"1487\">Vapes Tornado \u2013 Az \u00d6n nagykereskedelmi online vape boltja Eur\u00f3pa legjobb vape m\u00e1rk\u00e1i\u00e9rt<\/h2>\n<p data-start=\"1200\" data-end=\"1487\"><strong data-start=\"213\" data-end=\"248\">Vapes Tornado Online Doh\u00e1nybolt<\/strong> az \u00d6n megb\u00edzhat\u00f3 c\u00e9lpontja a kiv\u00e1l\u00f3 min\u0151s\u00e9g\u0171 eldobhat\u00f3 vape-ek \u00e9s a nagykereskedelmi e-cigarett\u00e1k sz\u00e1m\u00e1ra eg\u00e9sz Eur\u00f3p\u00e1ban. Szakter\u00fclet\u00fcnk a<strong data-start=\"403\" data-end=\"431\">\u00a0vape m\u00e1rk\u00e1k k\u00f6z\u00f6tt<\/strong>, bele\u00e9rtve <strong data-start=\"443\" data-end=\"502\"><a href=\"https:\/\/vapestornado.com\/hu\/product-category\/elf-bar-vape\/\">ELF BAR VAPE<\/a>, Vapme VAPE, <a href=\"https:\/\/vapestornado.com\/hu\/product\/vozol-gear-power-20k-20000-puffs-vape-rechargeable-disposable-box-bulk-buy-cheap-price\/\">VOZOL VAPE<\/a><\/strong><strong data-start=\"443\" data-end=\"502\">, \u00e9s <a href=\"https:\/\/vapestornado.com\/hu\/product-category\/bang-vape\/\">Bang Vape<\/a><\/strong>. \u00dczlet\u00fcnk \u00fagy \u00e9p\u00fclt fel, hogy mind az egy\u00e9ni v\u00e1s\u00e1rl\u00f3kat, mind a nagykereskedelmi vev\u0151ket kiszolg\u00e1lja, megb\u00edzhat\u00f3 term\u00e9keket k\u00edn\u00e1lva, amelyek \u00f6tv\u00f6zik az er\u0151s teljes\u00edtm\u00e9nyt, a st\u00edlusos diz\u00e1jnt \u00e9s a versenyk\u00e9pes \u00e1rakat.<\/p>\n<h2 data-start=\"2064\" data-end=\"2115\">Gyakran Ism\u00e9telt K\u00e9rd\u00e9sek a Bang Box 42k Puff Egyszer haszn\u00e1latos Vape-r\u0151l<\/h2>\n<p data-start=\"1990\" data-end=\"2128\"><strong data-start=\"1990\" data-end=\"2049\">1. H\u00e1ny puffot tud a Bang Box Turbo 42000 leadni?<\/strong><br data-start=\"2049\" data-end=\"2052\" \/>Ak\u00e1r <strong data-start=\"2058\" data-end=\"2090\">42 000 puff norm\u00e1l m\u00f3dban<\/strong> \u00e9s a <strong data-start=\"2095\" data-end=\"2125\">30 000 puff pulz\u00e1l\u00f3 m\u00f3dban<\/strong>.<\/p>\n<p data-start=\"2130\" data-end=\"2311\"><strong data-start=\"2130\" data-end=\"2202\">2. Mi teszi egyediv\u00e9 a Bang Box 42k-t a t\u00f6bbi egyszer haszn\u00e1latos vape-hez k\u00e9pest?<\/strong><br data-start=\"2202\" data-end=\"2205\" \/>Ez egy <strong data-start=\"2217\" data-end=\"2237\">kett\u0151s vape m\u00f3d<\/strong> \u00e9s egy <strong data-start=\"2244\" data-end=\"2263\">3D \u00e9rint\u0151k\u00e9perny\u0151t k\u00edn\u00e1l<\/strong>, amely mind kontrollt, mind testreszab\u00e1st biztos\u00edt a felhaszn\u00e1l\u00f3knak.<\/p>\n<p data-start=\"2313\" data-end=\"2441\"><strong data-start=\"2313\" data-end=\"2361\">3. T\u00f6lthet\u0151 a Bang Box Turbo 42000?<\/strong><br data-start=\"2361\" data-end=\"2364\" \/>Igen, tartalmaz egy <strong data-start=\"2383\" data-end=\"2421\">750mAh t\u00edpus-C \u00fajrat\u00f6lthet\u0151 akkumul\u00e1tor<\/strong> a hosszabb haszn\u00e1lat \u00e9rdek\u00e9ben.<\/p>\n<p data-start=\"2443\" data-end=\"2548\"><strong data-start=\"2443\" data-end=\"2484\">4. Milyen nikotinszintek \u00e1llnak rendelkez\u00e9sre?<\/strong><br data-start=\"2484\" data-end=\"2487\" \/>V\u00e1laszthat a <strong data-start=\"2507\" data-end=\"2545\">0%, 2%, 3% vagy 5% nikotinszint<\/strong>.<\/p>\n<p data-start=\"2550\" data-end=\"2736\"><strong data-start=\"2550\" data-end=\"2611\">5. Melyek a n\u00e9pszer\u0171 \u00edzek a Bang Box Turbo 42000-b\u0151l?<\/strong><br data-start=\"2611\" data-end=\"2614\" \/>Opci\u00f3k k\u00f6z\u00f6tt szerepelnek <strong data-start=\"2630\" data-end=\"2723\">Eperdinnye, K\u00e9k R\u00e1g Ice, Mexik\u00f3i Mang\u00f3, Miami Menta, \u00c9des Cseresznye, Sz\u0151l\u0151 B Pop<\/strong>, \u00e9s m\u00e9g sok m\u00e1s.<\/p>\n<\/div>\n<\/div>\n<\/div>\n<\/div>","protected":false},"excerpt":{"rendered":"<p>A <strong data-start=\"2783\" data-end=\"2812\">Bang Box Turbo 42000 Puff<\/strong> kombin\u00e1lja a <strong data-start=\"2822\" data-end=\"2842\">kett\u0151s vape m\u00f3d<\/strong>, egy <strong data-start=\"2846\" data-end=\"2870\">\u00e9rint\u0151k\u00e9perny\u0151s kijelz\u0151<\/strong>, \u00e9s <strong data-start=\"2876\" data-end=\"2892\">42000 puff<\/strong> mer\u00e9sz \u00edzzel. Egy <strong data-start=\"2916\" data-end=\"2947\">750mAh \u00fajrat\u00f6lthet\u0151 akkumul\u00e1torral<\/strong> \u00e9s a <strong data-start=\"2952\" data-end=\"2969\">28mL kapacit\u00e1ssal<\/strong>, ez az okos v\u00e1laszt\u00e1s a nagykereskedelmi v\u00e1s\u00e1rl\u00f3k sz\u00e1m\u00e1ra Eur\u00f3p\u00e1ban.<\/p>\n<p><strong>Add hozz\u00e1 Amy whatsappj\u00e1t, hogy azonnali v\u00e1laszt \u00e9s kedvezm\u00e9nyes \u00e1rat kapj!<\/strong><\/p>\n<p><img fetchpriority=\"high\" decoding=\"async\" class=\"size-full wp-image-2932\" src=\"https:\/\/vapestornado.com\/wp-content\/uploads\/2024\/12\/Vape-Wholesale.jpg\" alt=\"Vape nagykereskedelem\" width=\"229\" height=\"300\" \/><\/p>\n<h3><a href=\"https:\/\/wa.me\/8617776015835\"><span style=\"color: #ff0000;\"><strong>WhatsApp: +86 17776015835<\/strong><\/span><\/a><\/h3>","protected":false},"featured_media":4360,"comment_status":"open","ping_status":"closed","template":"","meta":{"_acf_changed":false,"_uag_custom_page_level_css":"","_lmt_disableupdate":"no","_lmt_disable":"","_monsterinsights_skip_tracking":false,"_monsterinsights_sitenote_active":false,"_monsterinsights_sitenote_note":"","_monsterinsights_sitenote_category":0,"site-sidebar-layout":"default","site-content-layout":"","ast-site-content-layout":"default","site-content-style":"default","site-sidebar-style":"default","ast-global-header-display":"","ast-banner-title-visibility":"","ast-main-header-display":"","ast-hfb-above-header-display":"","ast-hfb-below-header-display":"","ast-hfb-mobile-header-display":"","site-post-title":"","ast-breadcrumbs-content":"","ast-featured-img":"","footer-sml-layout":"","ast-disable-related-posts":"","theme-transparent-header-meta":"default","adv-header-id-meta":"","stick-header-meta":"","header-above-stick-meta":"","header-main-stick-meta":"","header-below-stick-meta":"","astra-migrate-meta-layouts":"set","ast-page-background-enabled":"default","ast-page-background-meta":{"desktop":{"background-color":"","background-image":"","background-repeat":"repeat","background-position":"center center","background-size":"auto","background-attachment":"scroll","background-type":"","background-media":"","overlay-type":"","overlay-color":"","overlay-opacity":"","overlay-gradient":""},"tablet":{"background-color":"","background-image":"","background-repeat":"repeat","background-position":"center center","background-size":"auto","background-attachment":"scroll","background-type":"","background-media":"","overlay-type":"","overlay-color":"","overlay-opacity":"","overlay-gradient":""},"mobile":{"background-color":"","background-image":"","background-repeat":"repeat","background-position":"center center","background-size":"auto","background-attachment":"scroll","background-type":"","background-media":"","overlay-type":"","overlay-color":"","overlay-opacity":"","overlay-gradient":""}},"ast-content-background-meta":{"desktop":{"background-color":"var(--ast-global-color-5)","background-image":"","background-repeat":"repeat","background-position":"center center","background-size":"auto","background-attachment":"scroll","background-type":"","background-media":"","overlay-type":"","overlay-color":"","overlay-opacity":"","overlay-gradient":""},"tablet":{"background-color":"var(--ast-global-color-5)","background-image":"","background-repeat":"repeat","background-position":"center center","background-size":"auto","background-attachment":"scroll","background-type":"","background-media":"","overlay-type":"","overlay-color":"","overlay-opacity":"","overlay-gradient":""},"mobile":{"background-color":"var(--ast-global-color-5)","background-image":"","background-repeat":"repeat","background-position":"center center","background-size":"auto","background-attachment":"scroll","background-type":"","background-media":"","overlay-type":"","overlay-color":"","overlay-opacity":"","overlay-gradient":""}},"_joinchat":{"telephone":"17776015835"}},"product_brand":[],"product_cat":[62,64,151,153,156,158,142,143,144,146],"product_tag":[372,371,369,370,368,373],"class_list":{"0":"post-4363","1":"product","2":"type-product","3":"status-publish","4":"has-post-thumbnail","6":"product_cat-bang-vape","7":"product_cat-bangbox-vape","8":"product_cat-buy-disposable-vapes-in-france","9":"product_cat-buy-disposable-vapes-in-italy","10":"product_cat-buy-disposable-vapes-in-poland","11":"product_cat-buy-disposable-vapes-in-spain","12":"product_cat-digital-box-disposable-vapes","13":"product_cat-dual-mesh-disposable-vapes","14":"product_cat-low-nicotine-disposable-vapes","15":"product_cat-rechargeable-disposable-vapes","16":"product_tag-bang-box-42k","17":"product_tag-bang-box-turbo-42000","18":"product_tag-buy-disposable-vape-online","19":"product_tag-disposable-vape-bulk-buy","20":"product_tag-disposable-vapor","21":"product_tag-touch-screen-disposable-vape","22":"desktop-align-left","23":"tablet-align-left","24":"mobile-align-left","26":"first","27":"instock","28":"sale","29":"shipping-taxable","30":"purchasable","31":"product-type-simple"},"acf":[],"uagb_featured_image_src":{"full":["https:\/\/vapestornado.com\/wp-content\/uploads\/2025\/09\/Bang-Box-Turbo-42000-Puff-Touch-Screen-Vape.webp",1000,1000,false],"thumbnail":["https:\/\/vapestornado.com\/wp-content\/uploads\/2025\/09\/Bang-Box-Turbo-42000-Puff-Touch-Screen-Vape-150x150.webp",150,150,true],"medium":["https:\/\/vapestornado.com\/wp-content\/uploads\/2025\/09\/Bang-Box-Turbo-42000-Puff-Touch-Screen-Vape-300x300.webp",300,300,true],"medium_large":["https:\/\/vapestornado.com\/wp-content\/uploads\/2025\/09\/Bang-Box-Turbo-42000-Puff-Touch-Screen-Vape-768x768.webp",768,768,true],"large":["https:\/\/vapestornado.com\/wp-content\/uploads\/2025\/09\/Bang-Box-Turbo-42000-Puff-Touch-Screen-Vape.webp",1000,1000,false],"1536x1536":["https:\/\/vapestornado.com\/wp-content\/uploads\/2025\/09\/Bang-Box-Turbo-42000-Puff-Touch-Screen-Vape.webp",1000,1000,false],"2048x2048":["https:\/\/vapestornado.com\/wp-content\/uploads\/2025\/09\/Bang-Box-Turbo-42000-Puff-Touch-Screen-Vape.webp",1000,1000,false],"trp-custom-language-flag":["https:\/\/vapestornado.com\/wp-content\/uploads\/2025\/09\/Bang-Box-Turbo-42000-Puff-Touch-Screen-Vape-12x12.webp",12,12,true],"woocommerce_thumbnail":["https:\/\/vapestornado.com\/wp-content\/uploads\/2025\/09\/Bang-Box-Turbo-42000-Puff-Touch-Screen-Vape-300x300.webp",300,300,true],"woocommerce_single":["https:\/\/vapestornado.com\/wp-content\/uploads\/2025\/09\/Bang-Box-Turbo-42000-Puff-Touch-Screen-Vape-600x600.webp",600,600,true],"woocommerce_gallery_thumbnail":["https:\/\/vapestornado.com\/wp-content\/uploads\/2025\/09\/Bang-Box-Turbo-42000-Puff-Touch-Screen-Vape-100x100.webp",100,100,true]},"uagb_author_info":{"display_name":"ESAMY","author_link":"https:\/\/vapestornado.com\/hu\/author\/"},"uagb_comment_info":1,"uagb_excerpt":"The Bang Box Turbo 42000 Puff combines dual vaping mode, a touch screen display, and 42000 puffs of bold flavor. With a 750mAh rechargeable battery and 28mL capacity, it\u2019s the smart choice for bulk wholesale buyers across Europe. Add Amy's whatsapp to get right reply and discount price! WhatsApp: +86 17776015835","_links":{"self":[{"href":"https:\/\/vapestornado.com\/hu\/wp-json\/wp\/v2\/product\/4363","targetHints":{"allow":["GET"]}}],"collection":[{"href":"https:\/\/vapestornado.com\/hu\/wp-json\/wp\/v2\/product"}],"about":[{"href":"https:\/\/vapestornado.com\/hu\/wp-json\/wp\/v2\/types\/product"}],"replies":[{"embeddable":true,"href":"https:\/\/vapestornado.com\/hu\/wp-json\/wp\/v2\/comments?post=4363"}],"wp:featuredmedia":[{"embeddable":true,"href":"https:\/\/vapestornado.com\/hu\/wp-json\/wp\/v2\/media\/4360"}],"wp:attachment":[{"href":"https:\/\/vapestornado.com\/hu\/wp-json\/wp\/v2\/media?parent=4363"}],"wp:term":[{"taxonomy":"product_brand","embeddable":true,"href":"https:\/\/vapestornado.com\/hu\/wp-json\/wp\/v2\/product_brand?post=4363"},{"taxonomy":"product_cat","embeddable":true,"href":"https:\/\/vapestornado.com\/hu\/wp-json\/wp\/v2\/product_cat?post=4363"},{"taxonomy":"product_tag","embeddable":true,"href":"https:\/\/vapestornado.com\/hu\/wp-json\/wp\/v2\/product_tag?post=4363"}],"curies":[{"name":"wp","href":"https:\/\/api.w.org\/{rel}","templated":true}]}}