{"id":4355,"date":"2025-09-19T03:35:21","date_gmt":"2025-09-19T03:35:21","guid":{"rendered":"https:\/\/vapestornado.com\/?post_type=product&#038;p=4355"},"modified":"2025-09-19T06:51:26","modified_gmt":"2025-09-19T06:51:26","slug":"uzy-60000-puff-60k-disposable-vapor-3-in-1-triple-flavor-bulk-buy-online","status":"publish","type":"product","link":"https:\/\/vapestornado.com\/hu\/product\/uzy-60000-puff-60k-disposable-vapor-3-in-1-triple-flavor-bulk-buy-online\/","title":{"rendered":"UZY 60000 Puffs 60k Eldobhat\u00f3 Vapor 3 az 1-ben H\u00e1romszoros \u00cdz\u0171 Nagy t\u00e9telben Online V\u00e1s\u00e1rl\u00e1s"},"content":{"rendered":"<h2 data-pm-slice=\"1 1 []\">UZY 60000 Slukk 3 az 1-ben Tripla \u00cdz\u0171 Eldobhat\u00f3 Vapor \u2013 Nagy t\u00e9telben online a legjobb \u00e1ron<\/h2>\n<p data-start=\"312\" data-end=\"738\">A <strong data-start=\"316\" data-end=\"351\">UZY 60000 Puffs Eldobhat\u00f3 Vapor<\/strong> azoknak a vapereknek k\u00e9sz\u00fclt, akik v\u00e1ltozatoss\u00e1got, er\u0151t \u00e9s megb\u00edzhat\u00f3s\u00e1got szeretn\u00e9nek egyetlen eszk\u00f6zben. Egy leny\u0171g\u00f6z\u0151 <strong data-start=\"447\" data-end=\"468\">60e slukk kapacit\u00e1ssal<\/strong> \u00e9s egy egyedi <strong data-start=\"482\" data-end=\"513\">3 az 1-ben tripla \u00edzrendszerrel<\/strong>, minden egyes pod eszk\u00f6z <strong data-start=\"536\" data-end=\"556\">54 ml e-liquidet<\/strong> h\u00e1rom k\u00fcl\u00f6n\u00e1ll\u00f3 kamr\u00e1ra osztva biztos\u00edtja, hogy minden \u00edz friss \u00e9s k\u00fcl\u00f6n\u00e1ll\u00f3 maradjon. Az UZY 60000 slukkos vape t\u00f6k\u00e9letes v\u00e1laszt\u00e1s azoknak a<strong data-start=\"662\" data-end=\"702\"> vapereknek <\/strong>akik teljes\u00edtm\u00e9nyt \u00e9s st\u00edlust k\u00f6vetelnek.<\/p>\n<p data-start=\"740\" data-end=\"1112\">Felszerelve <strong data-start=\"754\" data-end=\"785\">h\u00e1rmas mesh tekercs technol\u00f3gia<\/strong>, az UZY 60k sima g\u0151zt \u00e9s gazdag \u00edzt biztos\u00edt minden egyes szippant\u00e1sn\u00e1l. A <strong data-start=\"854\" data-end=\"875\">okos LED kijelz\u0151<\/strong> naprak\u00e9szen tart az akkumul\u00e1tor \u00e9s az e-liquid szintj\u00e9r\u0151l, \u00edgy soha nem fog v\u00e1ratlanul kifogyni. Er\u0151s <strong data-start=\"984\" data-end=\"1041\">850mAh-s \u00fajrat\u00f6lthet\u0151 akkumul\u00e1torral \u00e9s Type-C gyorst\u00f6lt\u00e9ssel<\/strong>, a le\u00e1ll\u00e1si id\u0151 minim\u00e1lis, \u00edgy ez egy megb\u00edzhat\u00f3 eszk\u00f6z a napi haszn\u00e1lathoz.<\/p>\n<p data-start=\"1114\" data-end=\"1403\">El\u00e9rhet\u0151 <strong data-start=\"1127\" data-end=\"1167\">0%, 2%, 3% \u00e9s 5% nikotiner\u0151ss\u00e9gben<\/strong>, minden ig\u00e9nyt kiel\u00e9g\u00edt \u2013 a k\u00f6nny\u0171, alkalmi vapel\u00e9st\u0151l az er\u0151sebb sl\u00e1gerig. A <strong data-start=\"1248\" data-end=\"1282\">krist\u00e1ly ihlette modern diz\u00e1jn<\/strong> nemcsak pr\u00e9mium \u00e9rzetet ny\u00fajt k\u00e9zben, hanem \u00e9les megjelen\u00e9s\u0171 is, vonz\u00f3 a fiatal feln\u0151ttek sz\u00e1m\u00e1ra, akik \u00e9rt\u00e9kelik a funkcionalit\u00e1st \u00e9s az eszt\u00e9tik\u00e1t egyar\u00e1nt.<\/p>\n<p data-start=\"1405\" data-end=\"1739\">A <strong data-start=\"1409\" data-end=\"1434\">nagykereskedelmi v\u00e1s\u00e1rl\u00f3k<\/strong>, az UZY 60000 Puff kiemelkedik mint <strong data-start=\"1471\" data-end=\"1518\">a legkelend\u0151bb eldobhat\u00f3 vape kateg\u00f3ri\u00e1ban<\/strong>, \u00f6tv\u00f6zve a <strong data-start=\"1530\" data-end=\"1612\">hossz\u00fa \u00e9lettartam\u00fa teljes\u00edtm\u00e9nyt, hiteles \u00edzeket \u00e9s versenyk\u00e9pes nagykereskedelmi \u00e1rakat<\/strong> amely er\u0151s haszonkulcsokat biztos\u00edt. Ha eldobhat\u00f3 vape-et szeretne <strong data-start=\"1664\" data-end=\"1694\">online v\u00e1s\u00e1rolni<\/strong> az \u00fczlet\u00e9hez, az UZY 60k biztons\u00e1gos v\u00e1laszt\u00e1s.<\/p>\n<p><strong><span style=\"color: #ff0000;\">Adja hozz\u00e1 Amy-t WhatsApp-on, hogy azonnali v\u00e1laszt \u00e9s vape kupont kapjon!<\/span><\/strong><\/p>\n<p><img fetchpriority=\"high\" decoding=\"async\" class=\"size-full wp-image-2932\" src=\"https:\/\/vapestornado.com\/wp-content\/uploads\/2024\/12\/Vape-Wholesale.jpg\" alt=\"Vape nagykereskedelem\" width=\"229\" height=\"300\" \/><\/p>\n<h3><a href=\"https:\/\/wa.me\/8617776015835\" target=\"_blank\" rel=\"noopener\"><span style=\"color: #ff0000;\"><strong>WhatsApp: +86 17776015835<\/strong><\/span><\/a><\/h3>\n<p>&nbsp;<\/p>\n<h2><strong>UZY 60000 Puff term\u00e9kjellemz\u0151k<\/strong><\/h2>\n<p>Sl\u00e1gerek sz\u00e1ma: 60000 sl\u00e1ger<br \/>\n3 az 1-ben h\u00e1rmas \u00edzek<br \/>\nDupla h\u00e1l\u00f3s tekercs<br \/>\nE-folyad\u00e9k: 54ml (18ml+18ml+18ml)<br \/>\nNikotin: 0%\/2%\/3%\/5%<br \/>\nAkkumul\u00e1tor: 850mah<br \/>\n\u00dajrat\u00f6lthet\u0151: Type-C t\u00f6lt\u0151port<br \/>\nLED kijelz\u0151 (okos k\u00e9perny\u0151) jelzi az akkumul\u00e1tor \u00e9s az e-folyad\u00e9k szintj\u00e9t<br \/>\nTeljes\u00edtm\u00e9ny szab\u00e1lyoz\u00e1s: Pro \u00e9s Max verzi\u00f3k<br \/>\nTerm\u00e9k s\u00falya: 120g\/db<\/p>\n<figure id=\"attachment_4354\" aria-describedby=\"caption-attachment-4354\" style=\"width: 800px\" class=\"wp-caption alignnone\"><img decoding=\"async\" class=\"wp-image-4354 size-full\" src=\"https:\/\/vapestornado.com\/wp-content\/uploads\/2025\/09\/UZY-Triple-Flavor-60000-60K-Puffs-Disposable-Vape.webp\" alt=\"UZY H\u00e1rom \u00edz\u0171 60000 60K slukkos eldobhat\u00f3 vape\" width=\"800\" height=\"800\" srcset=\"https:\/\/vapestornado.com\/wp-content\/uploads\/2025\/09\/UZY-Triple-Flavor-60000-60K-Puffs-Disposable-Vape.webp 800w, https:\/\/vapestornado.com\/wp-content\/uploads\/2025\/09\/UZY-Triple-Flavor-60000-60K-Puffs-Disposable-Vape-300x300.webp 300w, https:\/\/vapestornado.com\/wp-content\/uploads\/2025\/09\/UZY-Triple-Flavor-60000-60K-Puffs-Disposable-Vape-150x150.webp 150w, https:\/\/vapestornado.com\/wp-content\/uploads\/2025\/09\/UZY-Triple-Flavor-60000-60K-Puffs-Disposable-Vape-768x768.webp 768w, https:\/\/vapestornado.com\/wp-content\/uploads\/2025\/09\/UZY-Triple-Flavor-60000-60K-Puffs-Disposable-Vape-12x12.webp 12w, https:\/\/vapestornado.com\/wp-content\/uploads\/2025\/09\/UZY-Triple-Flavor-60000-60K-Puffs-Disposable-Vape-600x600.webp 600w, https:\/\/vapestornado.com\/wp-content\/uploads\/2025\/09\/UZY-Triple-Flavor-60000-60K-Puffs-Disposable-Vape-100x100.webp 100w\" sizes=\"(max-width: 800px) 100vw, 800px\" \/><figcaption id=\"caption-attachment-4354\" class=\"wp-caption-text\">UZY H\u00e1rom \u00edz\u0171 60000 60K slukkos eldobhat\u00f3 vape<\/figcaption><\/figure>\n<h2 class=\"product-title\"><strong> UZY 60000 slukkos \u00edzlista<\/strong><\/h2>\n<p>1.\u00c1fonya M\u00e1lna \/ Eper Kivi \/ Citrom Lime<br \/>\n2.Kivi Maracuja Guava \/ \u00c1fonya J\u00e9g \/ \u0150szibarack Mang\u00f3<br \/>\n3.Eper G\u00f6r\u00f6gdinnye \/ K\u00f3la J\u00e9g \/ Cseresznye K\u00f3la<br \/>\n4.\u0150szibarack J\u00e9g \/ Eper M\u00e1lna Cseresznye J\u00e9g \/ K\u00e9t Alma J\u00e9g<br \/>\n5.Sz\u0151l\u0151 j\u00e9g \/ Szerelem 666 (Maracuja Dinnye) \/ Eper Red Bull<br \/>\n6.Mr K\u00e9k \/ Gumimaci \/ Red Bull J\u00e9g<br \/>\n7.\u0150szibarack Mang\u00f3 Anan\u00e1sz \/ K\u00e9k Razz J\u00e9g \/ M\u00e1lna G\u00f6r\u00f6gdinnye<br \/>\n8.G\u00f6r\u00f6gdinnye J\u00e9g \/ H\u00e1romszoros dinnye J\u00e9g \/ Eper Ban\u00e1n<br \/>\n9. Ny\u00e1ri \u0151szibarack j\u00e9g \/ Eper j\u00e9g \/ K\u00e9k Razz j\u00e9g<br \/>\n10. Cseresznye j\u00e9g \/ Vegyes bogy\u00f3s gy\u00fcm\u00f6lcs\u00f6k \/ Fekete s\u00e1rk\u00e1ny j\u00e9g<\/p>\n<div class=\"flex-shrink-0 flex flex-col relative items-end\">\n<div class=\"pt-0\">\n<div class=\"gizmo-bot-avatar flex h-8 w-8 items-center justify-center overflow-hidden rounded-full\">\n<div class=\"relative p-1 rounded-sm flex items-center justify-center bg-token-main-surface-primary text-token-text-primary h-8 w-8\">\n<h2 data-start=\"1200\" data-end=\"1487\">Vapes Tornado \u2013 Az \u00d6n nagykereskedelmi online vape boltja Eur\u00f3pa legjobb vape m\u00e1rk\u00e1i\u00e9rt<\/h2>\n<p data-start=\"1200\" data-end=\"1487\"><strong data-start=\"213\" data-end=\"248\">Vapes Tornado Online Doh\u00e1nybolt<\/strong> az \u00d6n megb\u00edzhat\u00f3 c\u00e9lpontja a kiv\u00e1l\u00f3 min\u0151s\u00e9g\u0171 eldobhat\u00f3 vape-ek \u00e9s a nagykereskedelmi e-cigarett\u00e1k sz\u00e1m\u00e1ra eg\u00e9sz Eur\u00f3p\u00e1ban. Szakter\u00fclet\u00fcnk a<strong data-start=\"403\" data-end=\"431\">\u00a0vape m\u00e1rk\u00e1k k\u00f6z\u00f6tt<\/strong>, bele\u00e9rtve <strong data-start=\"443\" data-end=\"502\"><a href=\"https:\/\/vapestornado.com\/hu\/product\/waspe-aiviou-3-in-1-60000-puffs-disposable-vape-kit-best-price\/\">WASPE VAPE<\/a>, Vapme VAPE, <a href=\"https:\/\/vapestornado.com\/hu\/product\/vozol-gear-power-20k-20000-puffs-vape-rechargeable-disposable-box-bulk-buy-cheap-price\/\">VOZOL VAPE<\/a><\/strong><strong data-start=\"443\" data-end=\"502\">, \u00e9s <a href=\"https:\/\/vapestornado.com\/hu\/product-category\/fumot-vape\/\">FUMOT VAPE<\/a><\/strong>. \u00dczlet\u00fcnk \u00fagy \u00e9p\u00fclt fel, hogy mind az egy\u00e9ni v\u00e1s\u00e1rl\u00f3kat, mind a nagykereskedelmi vev\u0151ket kiszolg\u00e1lja, megb\u00edzhat\u00f3 term\u00e9keket k\u00edn\u00e1lva, amelyek \u00f6tv\u00f6zik az er\u0151s teljes\u00edtm\u00e9nyt, a st\u00edlusos diz\u00e1jnt \u00e9s a versenyk\u00e9pes \u00e1rakat.<\/p>\n<h2 data-start=\"2064\" data-end=\"2115\">GYIK az UZY 60000 slukkos eldobhat\u00f3 vape-r\u0151l<\/h2>\n<p data-start=\"152\" data-end=\"362\"><strong data-start=\"152\" data-end=\"223\">1. H\u00e1ny \u00edzt k\u00edn\u00e1l az UZY 60000 slukkos eldobhat\u00f3 vapor?<\/strong><br data-start=\"223\" data-end=\"226\" \/>Minden k\u00e9sz\u00fcl\u00e9k tartalmaz egy <strong data-start=\"249\" data-end=\"280\">3 az 1-ben tripla \u00edzrendszerrel<\/strong>, \u00edgy h\u00e1rom k\u00fcl\u00f6n\u00e1ll\u00f3 e-folyad\u00e9k kamr\u00e1t kap \u00f6sszesen <strong data-start=\"342\" data-end=\"359\">54 ml kapacit\u00e1ssal<\/strong>.<\/p>\n<p data-start=\"364\" data-end=\"530\"><strong data-start=\"364\" data-end=\"404\">2. Az UZY 60k slukk t\u00f6lthet\u0151-e \u00fajra?<\/strong><br data-start=\"404\" data-end=\"407\" \/>Igen. Tartozik hozz\u00e1 egy <strong data-start=\"429\" data-end=\"447\">850mAh akkumul\u00e1torral<\/strong> \u00e9s t\u00e1mogatja a <strong data-start=\"461\" data-end=\"485\">Type-C gyorst\u00f6lt\u00e9ssel<\/strong>, amely hosszabb haszn\u00e1latot \u00e9s minim\u00e1lis \u00e1ll\u00e1sid\u0151t biztos\u00edt.<\/p>\n<p data-start=\"532\" data-end=\"731\"><strong data-start=\"532\" data-end=\"599\">3. Milyen nikotintartalom \u00e9rhet\u0151 el az UZY 60000 slukkoshoz?<\/strong><br data-start=\"599\" data-end=\"602\" \/>Az UZY 60k slukk el\u00e9rhet\u0151 <strong data-start=\"635\" data-end=\"675\">0%, 2%, 3% \u00e9s 5% nikotintartalommal<\/strong>, \u00edgy k\u00fcl\u00f6nb\u00f6z\u0151 vape preferenci\u00e1khoz megfelel\u0151.<\/p>\n<p data-start=\"733\" data-end=\"913\"><strong data-start=\"733\" data-end=\"776\">4. Hogyan m\u0171k\u00f6dik a LED okos kijelz\u0151?<\/strong><br data-start=\"776\" data-end=\"779\" \/>A be\u00e9p\u00edtett <strong data-start=\"792\" data-end=\"806\">LED k\u00e9perny\u0151<\/strong> mutatja <strong data-start=\"813\" data-end=\"855\">akkumul\u00e1tor sz\u00e1zal\u00e9kos t\u00f6lt\u00f6tts\u00e9g\u00e9t \u00e9s az e-liquid szintj\u00e9t<\/strong>, \u00edgy mindig tudja, mikor kell t\u00f6lteni vagy \u00edzt v\u00e1ltani.<\/p>\n<p data-start=\"915\" data-end=\"1149\"><strong data-start=\"915\" data-end=\"989\">5. Mi\u00e9rt n\u00e9pszer\u0171 az UZY 60000 Puff nagykereskedelmi nagyv\u00e1s\u00e1rl\u00e1sra Eur\u00f3p\u00e1ban?<\/strong><br data-start=\"989\" data-end=\"992\" \/>Mit\u0151l egyedi a Bang Vape 35000? <strong data-start=\"996\" data-end=\"1086\">hossz\u00fa puff sz\u00e1m, h\u00e1romszoros \u00edzrendszer, er\u0151s akkumul\u00e1tor \u00e9s versenyk\u00e9pes nagykereskedelmi \u00e1r<\/strong> ez teszi a forgalmaz\u00f3k \u00e9s kiskeresked\u0151k sz\u00e1m\u00e1ra legkelend\u0151bb v\u00e1laszt\u00e1ss\u00e1.<\/p>\n<\/div>\n<\/div>\n<\/div>\n<\/div>","protected":false},"excerpt":{"rendered":"<p><strong data-start=\"114\" data-end=\"149\">UZY 60000 Puffs Eldobhat\u00f3 Vapor<\/strong> nagy felh\u0151ket <strong data-start=\"159\" data-end=\"184\">3 az 1-ben tripla \u00edzek<\/strong>, ak\u00e1r <strong data-start=\"192\" data-end=\"205\">60e slukk<\/strong>, \u00e9s egy <strong data-start=\"213\" data-end=\"234\">okos LED kijelz\u0151<\/strong> \u00e1ltal m\u0171k\u00f6dtetve <strong data-start=\"240\" data-end=\"278\" data-is-only-node=\"\">850mAh Type-C \u00fajrat\u00f6lthet\u0151 akkumul\u00e1tor<\/strong>. Ide\u00e1lis azok sz\u00e1m\u00e1ra, <strong data-start=\"290\" data-end=\"325\">eur\u00f3pai nagykereskedelmi v\u00e1s\u00e1rl\u00f3k sz\u00e1m\u00e1ra terveztek<\/strong> akik hosszantart\u00f3 teljes\u00edtm\u00e9nyt keresnek a <strong data-start=\"370\" data-end=\"384\">legjobb \u00e1ron<\/strong>.<\/p>\n<p><strong>Add hozz\u00e1 Amy whatsappj\u00e1t, hogy azonnali v\u00e1laszt \u00e9s kedvezm\u00e9nyes \u00e1rat kapj!<\/strong><\/p>\n<p><img fetchpriority=\"high\" decoding=\"async\" class=\"size-full wp-image-2932\" src=\"https:\/\/vapestornado.com\/wp-content\/uploads\/2024\/12\/Vape-Wholesale.jpg\" alt=\"Vape nagykereskedelem\" width=\"229\" height=\"300\" \/><\/p>\n<h3><a href=\"https:\/\/wa.me\/8617776015835\"><span style=\"color: #ff0000;\"><strong>WhatsApp: +86 17776015835<\/strong><\/span><\/a><\/h3>","protected":false},"featured_media":4353,"comment_status":"open","ping_status":"closed","template":"","meta":{"_acf_changed":false,"_uag_custom_page_level_css":"","_lmt_disableupdate":"no","_lmt_disable":"","_monsterinsights_skip_tracking":false,"_monsterinsights_sitenote_active":false,"_monsterinsights_sitenote_note":"","_monsterinsights_sitenote_category":0,"site-sidebar-layout":"default","site-content-layout":"","ast-site-content-layout":"default","site-content-style":"default","site-sidebar-style":"default","ast-global-header-display":"","ast-banner-title-visibility":"","ast-main-header-display":"","ast-hfb-above-header-display":"","ast-hfb-below-header-display":"","ast-hfb-mobile-header-display":"","site-post-title":"","ast-breadcrumbs-content":"","ast-featured-img":"","footer-sml-layout":"","ast-disable-related-posts":"","theme-transparent-header-meta":"default","adv-header-id-meta":"","stick-header-meta":"","header-above-stick-meta":"","header-main-stick-meta":"","header-below-stick-meta":"","astra-migrate-meta-layouts":"set","ast-page-background-enabled":"default","ast-page-background-meta":{"desktop":{"background-color":"","background-image":"","background-repeat":"repeat","background-position":"center center","background-size":"auto","background-attachment":"scroll","background-type":"","background-media":"","overlay-type":"","overlay-color":"","overlay-opacity":"","overlay-gradient":""},"tablet":{"background-color":"","background-image":"","background-repeat":"repeat","background-position":"center center","background-size":"auto","background-attachment":"scroll","background-type":"","background-media":"","overlay-type":"","overlay-color":"","overlay-opacity":"","overlay-gradient":""},"mobile":{"background-color":"","background-image":"","background-repeat":"repeat","background-position":"center center","background-size":"auto","background-attachment":"scroll","background-type":"","background-media":"","overlay-type":"","overlay-color":"","overlay-opacity":"","overlay-gradient":""}},"ast-content-background-meta":{"desktop":{"background-color":"var(--ast-global-color-5)","background-image":"","background-repeat":"repeat","background-position":"center center","background-size":"auto","background-attachment":"scroll","background-type":"","background-media":"","overlay-type":"","overlay-color":"","overlay-opacity":"","overlay-gradient":""},"tablet":{"background-color":"var(--ast-global-color-5)","background-image":"","background-repeat":"repeat","background-position":"center center","background-size":"auto","background-attachment":"scroll","background-type":"","background-media":"","overlay-type":"","overlay-color":"","overlay-opacity":"","overlay-gradient":""},"mobile":{"background-color":"var(--ast-global-color-5)","background-image":"","background-repeat":"repeat","background-position":"center center","background-size":"auto","background-attachment":"scroll","background-type":"","background-media":"","overlay-type":"","overlay-color":"","overlay-opacity":"","overlay-gradient":""}},"_joinchat":{"telephone":"17776015835"}},"product_brand":[],"product_cat":[343,152,156,158,142,357,144,146,356],"product_tag":[369,370,368,366,367,364],"class_list":{"0":"post-4355","1":"product","2":"type-product","3":"status-publish","4":"has-post-thumbnail","6":"product_cat-60000-puff","7":"product_cat-buy-disposable-vapes-in-cermany","8":"product_cat-buy-disposable-vapes-in-poland","9":"product_cat-buy-disposable-vapes-in-spain","10":"product_cat-digital-box-disposable-vapes","11":"product_cat-flavor-adjustable-vape","12":"product_cat-low-nicotine-disposable-vapes","13":"product_cat-rechargeable-disposable-vapes","14":"product_cat-uzy-vape","15":"product_tag-buy-disposable-vape-online","16":"product_tag-disposable-vape-bulk-buy","17":"product_tag-disposable-vapor","18":"product_tag-uzy-60000-puff","19":"product_tag-uzy-60k-puff","20":"product_tag-wholesale-cheap-price","21":"desktop-align-left","22":"tablet-align-left","23":"mobile-align-left","25":"first","26":"instock","27":"sale","28":"shipping-taxable","29":"purchasable","30":"product-type-simple"},"acf":[],"uagb_featured_image_src":{"full":["https:\/\/vapestornado.com\/wp-content\/uploads\/2025\/09\/UZY-Triple-Flavor-60000-60K-Puffs-Disposable-Vape-BOx.webp",800,800,false],"thumbnail":["https:\/\/vapestornado.com\/wp-content\/uploads\/2025\/09\/UZY-Triple-Flavor-60000-60K-Puffs-Disposable-Vape-BOx-150x150.webp",150,150,true],"medium":["https:\/\/vapestornado.com\/wp-content\/uploads\/2025\/09\/UZY-Triple-Flavor-60000-60K-Puffs-Disposable-Vape-BOx-300x300.webp",300,300,true],"medium_large":["https:\/\/vapestornado.com\/wp-content\/uploads\/2025\/09\/UZY-Triple-Flavor-60000-60K-Puffs-Disposable-Vape-BOx-768x768.webp",768,768,true],"large":["https:\/\/vapestornado.com\/wp-content\/uploads\/2025\/09\/UZY-Triple-Flavor-60000-60K-Puffs-Disposable-Vape-BOx.webp",800,800,false],"1536x1536":["https:\/\/vapestornado.com\/wp-content\/uploads\/2025\/09\/UZY-Triple-Flavor-60000-60K-Puffs-Disposable-Vape-BOx.webp",800,800,false],"2048x2048":["https:\/\/vapestornado.com\/wp-content\/uploads\/2025\/09\/UZY-Triple-Flavor-60000-60K-Puffs-Disposable-Vape-BOx.webp",800,800,false],"trp-custom-language-flag":["https:\/\/vapestornado.com\/wp-content\/uploads\/2025\/09\/UZY-Triple-Flavor-60000-60K-Puffs-Disposable-Vape-BOx-12x12.webp",12,12,true],"woocommerce_thumbnail":["https:\/\/vapestornado.com\/wp-content\/uploads\/2025\/09\/UZY-Triple-Flavor-60000-60K-Puffs-Disposable-Vape-BOx-300x300.webp",300,300,true],"woocommerce_single":["https:\/\/vapestornado.com\/wp-content\/uploads\/2025\/09\/UZY-Triple-Flavor-60000-60K-Puffs-Disposable-Vape-BOx-600x600.webp",600,600,true],"woocommerce_gallery_thumbnail":["https:\/\/vapestornado.com\/wp-content\/uploads\/2025\/09\/UZY-Triple-Flavor-60000-60K-Puffs-Disposable-Vape-BOx-100x100.webp",100,100,true]},"uagb_author_info":{"display_name":"ESAMY","author_link":"https:\/\/vapestornado.com\/hu\/author\/"},"uagb_comment_info":1,"uagb_excerpt":"UZY 60000 Puff Disposable Vapor delivers 3-in-1 triple flavors, up to 60k puffs, and a smart LED display with 850mAh Type-C rechargeable battery. Ideal for bulk wholesale buyers in Europe looking for long-lasting performance at the best price. Add Amy's whatsapp to get right reply and discount price! WhatsApp: +86 17776015835","_links":{"self":[{"href":"https:\/\/vapestornado.com\/hu\/wp-json\/wp\/v2\/product\/4355","targetHints":{"allow":["GET"]}}],"collection":[{"href":"https:\/\/vapestornado.com\/hu\/wp-json\/wp\/v2\/product"}],"about":[{"href":"https:\/\/vapestornado.com\/hu\/wp-json\/wp\/v2\/types\/product"}],"replies":[{"embeddable":true,"href":"https:\/\/vapestornado.com\/hu\/wp-json\/wp\/v2\/comments?post=4355"}],"wp:featuredmedia":[{"embeddable":true,"href":"https:\/\/vapestornado.com\/hu\/wp-json\/wp\/v2\/media\/4353"}],"wp:attachment":[{"href":"https:\/\/vapestornado.com\/hu\/wp-json\/wp\/v2\/media?parent=4355"}],"wp:term":[{"taxonomy":"product_brand","embeddable":true,"href":"https:\/\/vapestornado.com\/hu\/wp-json\/wp\/v2\/product_brand?post=4355"},{"taxonomy":"product_cat","embeddable":true,"href":"https:\/\/vapestornado.com\/hu\/wp-json\/wp\/v2\/product_cat?post=4355"},{"taxonomy":"product_tag","embeddable":true,"href":"https:\/\/vapestornado.com\/hu\/wp-json\/wp\/v2\/product_tag?post=4355"}],"curies":[{"name":"wp","href":"https:\/\/api.w.org\/{rel}","templated":true}]}}