{"id":4339,"date":"2025-09-16T08:10:51","date_gmt":"2025-09-16T08:10:51","guid":{"rendered":"https:\/\/vapestornado.com\/?post_type=product&#038;p=4339"},"modified":"2025-09-16T09:18:02","modified_gmt":"2025-09-16T09:18:02","slug":"bang-leader-110k-110000-puffs-6-in-1-flavors-2-nicotine-disposable-vape-wholesale-price","status":"publish","type":"product","link":"https:\/\/vapestornado.com\/hu\/product\/bang-leader-110k-110000-puffs-6-in-1-flavors-2-nicotine-disposable-vape-wholesale-price\/","title":{"rendered":"Bang Leader 110k 110000 Puffs 6 az 1-ben \u00cdzek 2% Nikotin Eldobhat\u00f3 Vape Nagykereskedelmi \u00c1ron"},"content":{"rendered":"<h2 data-pm-slice=\"1 1 []\">Bang Leader 110k 110000 Puffs 6 az 1-ben \u00cdzek 2% Nikotin Eldobhat\u00f3 Vape Nagykereskedelmi \u00c1ron<\/h2>\n<p data-start=\"229\" data-end=\"623\"><strong data-start=\"273\" data-end=\"293\">A Bang Leader 110K az<\/strong>\u00a0egy er\u0151m\u0171 <strong data-start=\"308\" data-end=\"331\">eldobhat\u00f3 vape toll<\/strong> teljes\u00edtm\u00e9nyre \u00e9s nagykereskedelmi \u00e9rt\u00e9kre tervezve. Az eur\u00f3pai piacot szem el\u0151tt tartva tervezt\u00e9k, ez az eszk\u00f6z hatalmas <strong data-start=\"454\" data-end=\"471\">110 000 slukk<\/strong>\u00e1ltal, amelyet egy <strong data-start=\"486\" data-end=\"524\">650mAh Type-C \u00fajrat\u00f6lthet\u0151 akkumul\u00e1tor<\/strong> \u00e9s t\u00e1mogatja egy <strong data-start=\"544\" data-end=\"563\">digit\u00e1lis kijelz\u0151<\/strong> amely nyomon k\u00f6veti mind az olaj-, mind az akkumul\u00e1torszintet a teljes ir\u00e1ny\u00edt\u00e1s \u00e9rdek\u00e9ben.<\/p>\n<p data-start=\"625\" data-end=\"1060\">A <strong data-start=\"630\" data-end=\"656\">6 az 1-ben \u00edzv\u00e1lt\u00e1s<\/strong>, a felhaszn\u00e1l\u00f3k pr\u00e9mium vaping \u00e9lm\u00e9nyt \u00e9lveznek \u2013 \u00e9l\u00e9nk gy\u00fcm\u00f6lcs\u00f6s kever\u00e9kek \u00e9s jeges h\u0171s\u00edt\u0151 slukkok k\u00f6z\u00f6tt v\u00e1ltogatva \u00edzkever\u00e9s n\u00e9lk\u00fcl. T\u00e1mogatva <strong data-start=\"789\" data-end=\"818\">n\u00e9gyszeres h\u00e1l\u00f3s tekercs technol\u00f3gi\u00e1val<\/strong>, minden h\u00faz\u00e1s sima, k\u00f6vetkezetes \u00e9s kiel\u00e9g\u00edt\u0151. A <strong data-start=\"873\" data-end=\"902\">2%-os \u00e9s 5%-os nikotin opci\u00f3kat k\u00edn\u00e1l<\/strong> alkalmass\u00e1 t\u00e9ve mind a h\u00e9tk\u00f6znapi, mind az er\u0151s felhaszn\u00e1l\u00f3k sz\u00e1m\u00e1ra, k\u00f6zvetlen\u00fcl megsz\u00f3l\u00edtva azokat a vapereket, akik st\u00edlust, er\u0151t \u00e9s kitart\u00e1st k\u00f6vetelnek.<\/p>\n<p data-start=\"1062\" data-end=\"1408\">Nagykeresked\u0151k sz\u00e1m\u00e1ra a <strong data-start=\"1083\" data-end=\"1110\">Bang Vezet\u0151 110000 Puff<\/strong> nem csup\u00e1n egy eldobhat\u00f3 vape \u2013 ez egy bestseller, er\u0151s ism\u00e9tl\u0151d\u0151 kereslettel. A <strong data-start=\"1185\" data-end=\"1203\">pr\u00e9mium kialak\u00edt\u00e1s<\/strong>, a magas slukksz\u00e1m \u00e9s a kiegyens\u00falyozott \u00edzek er\u0151s kiskereskedelmi \u00e1rr\u00e9st teremtenek \u00e9s cs\u00f6kkentik a vev\u0151i panaszokat, \u00edgy ide\u00e1lis v\u00e1laszt\u00e1s a t\u00f6meges v\u00e1s\u00e1rl\u00f3k sz\u00e1m\u00e1ra, akik <strong data-start=\"1355\" data-end=\"1395\">eldobhat\u00f3 vape legjobb nagykereskedelmi \u00e1rat<\/strong> Eur\u00f3p\u00e1ban.<\/p>\n<p><strong><span style=\"color: #ff0000;\">Adja hozz\u00e1 Amy-t WhatsApp-on, hogy azonnali v\u00e1laszt \u00e9s vape kupont kapjon!<\/span><\/strong><\/p>\n<p><img fetchpriority=\"high\" decoding=\"async\" class=\"size-full wp-image-2932\" src=\"https:\/\/vapestornado.com\/wp-content\/uploads\/2024\/12\/Vape-Wholesale.jpg\" alt=\"Vape nagykereskedelem\" width=\"229\" height=\"300\" \/><\/p>\n<h3><a href=\"https:\/\/wa.me\/8617776015835\" target=\"_blank\" rel=\"noopener\"><span style=\"color: #ff0000;\"><strong>WhatsApp: +86 17776015835<\/strong><\/span><\/a><\/h3>\n<p>&nbsp;<\/p>\n<h2><strong>Bang Leader 110k 110000 Slukk Term\u00e9kjellemz\u0151k<\/strong><\/h2>\n<p>Slukkok: 110000 Slukk<br \/>\n6 az 1-ben N\u00e9gy \u00cdzben<br \/>\nNikotin er\u0151ss\u00e9ge: 2%\/5%<br \/>\nAkkumul\u00e1tor: 650mah<br \/>\n\u00dajrat\u00f6lthet\u0151: Type-C<br \/>\nLED kijelz\u0151 (okos k\u00e9perny\u0151) az olajhoz \u00e9s az akkumul\u00e1torhoz<\/p>\n<h2 class=\"product-title\"><strong>Bang Leader 110k Slukk \u00cdzek List\u00e1ja<\/strong><\/h2>\n<ol data-start=\"232\" data-end=\"874\">\n<li data-start=\"232\" data-end=\"298\">\n<p data-start=\"235\" data-end=\"298\"><strong data-start=\"235\" data-end=\"296\">G\u00f6r\u00f6gdinnye J\u00e9g \/ Eper Mamba \/ Eper G\u00f6r\u00f6gdinnye<\/strong><\/p>\n<\/li>\n<li data-start=\"299\" data-end=\"351\">\n<p data-start=\"302\" data-end=\"351\"><strong data-start=\"302\" data-end=\"349\">Fuji J\u00e9g \/ Alma Sz\u0151l\u0151 \/ Cseresznye Gr\u00e1n\u00e1talma<\/strong><\/p>\n<\/li>\n<li data-start=\"352\" data-end=\"415\">\n<p data-start=\"355\" data-end=\"415\"><strong data-start=\"355\" data-end=\"413\">\u00c1fonya J\u00e9g \/ M\u00e1lna Citrom \/ G\u00f6r\u00f6gdinnye R\u00e1g\u00f3gumi<\/strong><\/p>\n<\/li>\n<li data-start=\"416\" data-end=\"500\">\n<p data-start=\"419\" data-end=\"500\"><strong data-start=\"419\" data-end=\"498\">\u00c1fonya M\u00e1lna \/ Savany\u00fa Anan\u00e1sz Narancs \/ M\u00e1lna G\u00f6r\u00f6gdinnye<\/strong><\/p>\n<\/li>\n<li data-start=\"501\" data-end=\"556\">\n<p data-start=\"504\" data-end=\"556\"><strong data-start=\"504\" data-end=\"554\">Sz\u0151l\u0151 J\u00e9g \/ Mang\u00f3 Barack \/ \u00c1fonya G\u00f6r\u00f6gdinnye<\/strong><\/p>\n<\/li>\n<li data-start=\"557\" data-end=\"621\">\n<p data-start=\"560\" data-end=\"621\"><strong data-start=\"560\" data-end=\"619\">Eper J\u00e9g \/ Barack Citrom \/ Kiwi Maracuja Guava<\/strong><\/p>\n<\/li>\n<li data-start=\"622\" data-end=\"686\">\n<p data-start=\"625\" data-end=\"686\"><strong data-start=\"625\" data-end=\"684\">Anan\u00e1sz K\u00f3kusz \/ \u00c1fonya Red Bull \/ G\u00f6r\u00f6gdinnye J\u00e9g<\/strong><\/p>\n<\/li>\n<li data-start=\"687\" data-end=\"745\">\n<p data-start=\"690\" data-end=\"745\"><strong data-start=\"690\" data-end=\"743\">Eper Kiwi \/ \u00c1fonya K\u00f3kusz \/ Vegyes Bogy\u00f3s Gy\u00fcm\u00f6lcs<\/strong><\/p>\n<\/li>\n<li data-start=\"746\" data-end=\"806\">\n<p data-start=\"749\" data-end=\"806\"><strong data-start=\"749\" data-end=\"804\">Citrom Rom\u00e1nc \/ \u00c1fonya M\u00e1lna \/ Barack Mentol<\/strong><\/p>\n<\/li>\n<li data-start=\"807\" data-end=\"874\">\n<p data-start=\"811\" data-end=\"874\"><strong data-start=\"811\" data-end=\"872\">Barack J\u00e9g \/ Feketeribizli Anan\u00e1sz J\u00e9g \/ Z\u00f6ld Alma Kiwi<\/strong><\/p>\n<\/li>\n<\/ol>\n<div class=\"flex-shrink-0 flex flex-col relative items-end\">\n<div class=\"pt-0\">\n<div class=\"gizmo-bot-avatar flex h-8 w-8 items-center justify-center overflow-hidden rounded-full\">\n<div class=\"relative p-1 rounded-sm flex items-center justify-center bg-token-main-surface-primary text-token-text-primary h-8 w-8\">\n<figure id=\"attachment_4333\" aria-describedby=\"caption-attachment-4333\" style=\"width: 300px\" class=\"wp-caption alignnone\"><img decoding=\"async\" class=\"size-medium wp-image-4333\" src=\"https:\/\/vapestornado.com\/wp-content\/uploads\/2025\/09\/Bang-110k-110000-Puffs-Disposable-Vape-300x300.webp\" alt=\"Bang 110k 110000 Slukk Eldobhat\u00f3 Vape\" width=\"300\" height=\"300\" srcset=\"https:\/\/vapestornado.com\/wp-content\/uploads\/2025\/09\/Bang-110k-110000-Puffs-Disposable-Vape-300x300.webp 300w, https:\/\/vapestornado.com\/wp-content\/uploads\/2025\/09\/Bang-110k-110000-Puffs-Disposable-Vape-150x150.webp 150w, https:\/\/vapestornado.com\/wp-content\/uploads\/2025\/09\/Bang-110k-110000-Puffs-Disposable-Vape-768x768.webp 768w, https:\/\/vapestornado.com\/wp-content\/uploads\/2025\/09\/Bang-110k-110000-Puffs-Disposable-Vape-12x12.webp 12w, https:\/\/vapestornado.com\/wp-content\/uploads\/2025\/09\/Bang-110k-110000-Puffs-Disposable-Vape-600x600.webp 600w, https:\/\/vapestornado.com\/wp-content\/uploads\/2025\/09\/Bang-110k-110000-Puffs-Disposable-Vape-100x100.webp 100w, https:\/\/vapestornado.com\/wp-content\/uploads\/2025\/09\/Bang-110k-110000-Puffs-Disposable-Vape.webp 800w\" sizes=\"(max-width: 300px) 100vw, 300px\" \/><figcaption id=\"caption-attachment-4333\" class=\"wp-caption-text\">Bang 110k 110000 Slukk Eldobhat\u00f3 Vape<\/figcaption><\/figure>\n<h2 data-start=\"435\" data-end=\"491\"><strong data-start=\"439\" data-end=\"489\">Mi\u00e9rt v\u00e1lassza a Bang Leader 110k eldobhat\u00f3 vape tollat?<\/strong><\/h2>\n<\/div>\n<ul data-start=\"276\" data-end=\"737\">\n<li data-start=\"276\" data-end=\"341\">\n<p data-start=\"278\" data-end=\"341\"><strong data-start=\"281\" data-end=\"298\">110 000 slukk<\/strong> \u2013 ultra-hosszan tart\u00f3 eldobhat\u00f3 vape toll<\/p>\n<\/li>\n<li data-start=\"342\" data-end=\"424\">\n<p data-start=\"344\" data-end=\"424\"><strong data-start=\"347\" data-end=\"385\">650mAh Type-C \u00fajrat\u00f6lthet\u0151 akkumul\u00e1tor<\/strong> \u2013 hat\u00e9kony energiaell\u00e1t\u00e1s gyors t\u00f6lt\u00e9ssel<\/p>\n<\/li>\n<li data-start=\"425\" data-end=\"499\">\n<p data-start=\"427\" data-end=\"499\"><strong data-start=\"430\" data-end=\"455\">Okos digit\u00e1lis kijelz\u0151<\/strong> \u2013 olajat mutat<\/p>\n<\/li>\n<li data-start=\"500\" data-end=\"578\">\n<p data-start=\"502\" data-end=\"578\"><strong data-start=\"505\" data-end=\"529\">6 az 1-ben \u00edzkialak\u00edt\u00e1s<\/strong> \u2013 v\u00e1ltson hat pr\u00e9mium kever\u00e9k k\u00f6z\u00f6tt, kever\u00e9s n\u00e9lk\u00fcl<\/p>\n<\/li>\n<li data-start=\"579\" data-end=\"655\">\n<p data-start=\"581\" data-end=\"655\"><strong data-start=\"584\" data-end=\"611\">2% \/ 5% nikotin opci\u00f3k<\/strong> \u2013 a magyarorsz\u00e1gi 25\u201335 \u00e9ves f\u00e9rfi piacra szabva<\/p>\n<\/li>\n<li data-start=\"656\" data-end=\"737\">\n<p data-start=\"658\" data-end=\"737\"><strong data-start=\"660\" data-end=\"683\">Nagykereskedelmi el\u0151ny<\/strong> \u2013 er\u0151s \u00e1rr\u00e9sek, ism\u00e9tl\u0151d\u0151 kereslet, alacsony panaszar\u00e1ny<\/p>\n<\/li>\n<\/ul>\n<\/div>\n<\/div>\n<\/div>\n<div class=\"flex-shrink-0 flex flex-col relative items-end\">\n<div class=\"pt-0\">\n<div class=\"gizmo-bot-avatar flex h-8 w-8 items-center justify-center overflow-hidden rounded-full\">\n<div class=\"relative p-1 rounded-sm flex items-center justify-center bg-token-main-surface-primary text-token-text-primary h-8 w-8\">\n<h2 data-start=\"1200\" data-end=\"1487\">Vapes Tornado \u2013 Az \u00d6n nagykereskedelmi k\u00f6zpontja Eur\u00f3pa legjobb vape m\u00e1rk\u00e1ihoz<\/h2>\n<p data-start=\"1200\" data-end=\"1487\"><strong data-start=\"213\" data-end=\"248\">Vapes Tornado Online Vape \u00c1ruh\u00e1z<\/strong> az \u00d6n megb\u00edzhat\u00f3 c\u00e9lpontja a kiv\u00e1l\u00f3 min\u0151s\u00e9g\u0171 eldobhat\u00f3 vape-ek \u00e9s a nagykereskedelmi e-cigarett\u00e1k sz\u00e1m\u00e1ra eg\u00e9sz Eur\u00f3p\u00e1ban. Szakter\u00fclet\u00fcnk a <strong data-start=\"403\" data-end=\"431\">legn\u00e9pszer\u0171bb vape m\u00e1rk\u00e1k<\/strong>, bele\u00e9rtve <strong data-start=\"443\" data-end=\"502\"><a href=\"https:\/\/vapestornado.com\/hu\/product\/buy-authentic-waspe-100000-puffs-low-nicotine-disposable-vape-pen-at-wholesale-price\/\">WASPE VAPE<\/a>, BANGBOX VAPE, <a href=\"https:\/\/vapestornado.com\/hu\/product\/vozol-gear-power-20k-20000-puffs-vape-rechargeable-disposable-box-bulk-buy-cheap-price\/\">VOZOL VAPE<\/a><\/strong><strong data-start=\"443\" data-end=\"502\">, \u00e9s <a href=\"https:\/\/vapestornado.com\/hu\/product-category\/fumot-vape\/\">FUMOT VAPE<\/a><\/strong>. \u00dczlet\u00fcnk \u00fagy \u00e9p\u00fclt fel, hogy mind az egy\u00e9ni v\u00e1s\u00e1rl\u00f3kat, mind a nagykereskedelmi vev\u0151ket kiszolg\u00e1lja, megb\u00edzhat\u00f3 term\u00e9keket k\u00edn\u00e1lva, amelyek \u00f6tv\u00f6zik az er\u0151s teljes\u00edtm\u00e9nyt, a st\u00edlusos diz\u00e1jnt \u00e9s a versenyk\u00e9pes \u00e1rakat.<\/p>\n<\/div>\n<\/div>\n<\/div>\n<\/div>","protected":false},"excerpt":{"rendered":"<p><strong data-start=\"108\" data-end=\"148\">Bang Leader 110K Eldobhat\u00f3 Vape Pen<\/strong> \u00f3ri\u00e1si mennyis\u00e9get biztos\u00edt <strong data-start=\"168\" data-end=\"185\">110 000 slukk<\/strong> egy <strong data-start=\"193\" data-end=\"217\">6 az 1-ben \u00edzrendszer<\/strong>, amely hosszan tart\u00f3 v\u00e1ltozatoss\u00e1got k\u00edn\u00e1l a felhaszn\u00e1l\u00f3knak minden eszk\u00f6zben. Ell\u00e1tva <strong data-start=\"286\" data-end=\"324\">650mAh Type-C \u00fajrat\u00f6lthet\u0151 akkumul\u00e1tor<\/strong>, <strong data-start=\"326\" data-end=\"345\" data-is-only-node=\"\">digit\u00e1lis kijelz\u0151<\/strong>, \u00e9s <strong data-start=\"351\" data-end=\"379\">2% vagy 5% nikotin opci\u00f3kkal<\/strong>, sima \u00edzre, megb\u00edzhat\u00f3 teljes\u00edtm\u00e9nyre \u00e9s maxim\u00e1lis \u00e9rt\u00e9kre tervezt\u00e9k. T\u00f6k\u00e9letes a nagykereskedelmi v\u00e1s\u00e1rl\u00f3k sz\u00e1m\u00e1ra, akik keresnek egy <strong data-start=\"497\" data-end=\"537\">eldobhat\u00f3 vape legjobb nagykereskedelmi \u00e1rat<\/strong>.<\/p>\n<p><strong>Add hozz\u00e1 Amy whatsappj\u00e1t, hogy azonnali v\u00e1laszt \u00e9s kedvezm\u00e9nyes \u00e1rat kapj!<\/strong><\/p>\n<p><img fetchpriority=\"high\" decoding=\"async\" class=\"size-full wp-image-2932\" src=\"https:\/\/vapestornado.com\/wp-content\/uploads\/2024\/12\/Vape-Wholesale.jpg\" alt=\"Vape nagykereskedelem\" width=\"229\" height=\"300\" \/><\/p>\n<h3><a href=\"https:\/\/wa.me\/8617776015835\"><span style=\"color: #ff0000;\"><strong>WhatsApp: +86 17776015835<\/strong><\/span><\/a><\/h3>","protected":false},"featured_media":4338,"comment_status":"open","ping_status":"closed","template":"","meta":{"_acf_changed":false,"_uag_custom_page_level_css":"","_lmt_disableupdate":"no","_lmt_disable":"","_monsterinsights_skip_tracking":false,"_monsterinsights_sitenote_active":false,"_monsterinsights_sitenote_note":"","_monsterinsights_sitenote_category":0,"site-sidebar-layout":"default","site-content-layout":"","ast-site-content-layout":"default","site-content-style":"default","site-sidebar-style":"default","ast-global-header-display":"","ast-banner-title-visibility":"","ast-main-header-display":"","ast-hfb-above-header-display":"","ast-hfb-below-header-display":"","ast-hfb-mobile-header-display":"","site-post-title":"","ast-breadcrumbs-content":"","ast-featured-img":"","footer-sml-layout":"","ast-disable-related-posts":"","theme-transparent-header-meta":"default","adv-header-id-meta":"","stick-header-meta":"","header-above-stick-meta":"","header-main-stick-meta":"","header-below-stick-meta":"","astra-migrate-meta-layouts":"set","ast-page-background-enabled":"default","ast-page-background-meta":{"desktop":{"background-color":"","background-image":"","background-repeat":"repeat","background-position":"center center","background-size":"auto","background-attachment":"scroll","background-type":"","background-media":"","overlay-type":"","overlay-color":"","overlay-opacity":"","overlay-gradient":""},"tablet":{"background-color":"","background-image":"","background-repeat":"repeat","background-position":"center center","background-size":"auto","background-attachment":"scroll","background-type":"","background-media":"","overlay-type":"","overlay-color":"","overlay-opacity":"","overlay-gradient":""},"mobile":{"background-color":"","background-image":"","background-repeat":"repeat","background-position":"center center","background-size":"auto","background-attachment":"scroll","background-type":"","background-media":"","overlay-type":"","overlay-color":"","overlay-opacity":"","overlay-gradient":""}},"ast-content-background-meta":{"desktop":{"background-color":"var(--ast-global-color-5)","background-image":"","background-repeat":"repeat","background-position":"center center","background-size":"auto","background-attachment":"scroll","background-type":"","background-media":"","overlay-type":"","overlay-color":"","overlay-opacity":"","overlay-gradient":""},"tablet":{"background-color":"var(--ast-global-color-5)","background-image":"","background-repeat":"repeat","background-position":"center center","background-size":"auto","background-attachment":"scroll","background-type":"","background-media":"","overlay-type":"","overlay-color":"","overlay-opacity":"","overlay-gradient":""},"mobile":{"background-color":"var(--ast-global-color-5)","background-image":"","background-repeat":"repeat","background-position":"center center","background-size":"auto","background-attachment":"scroll","background-type":"","background-media":"","overlay-type":"","overlay-color":"","overlay-opacity":"","overlay-gradient":""}},"_joinchat":{"telephone":"17776015835"}},"product_brand":[],"product_cat":[62,152,156,158,142,357,144,146],"product_tag":[360,358,196,355,359,354],"class_list":{"0":"post-4339","1":"product","2":"type-product","3":"status-publish","4":"has-post-thumbnail","6":"product_cat-bang-vape","7":"product_cat-buy-disposable-vapes-in-cermany","8":"product_cat-buy-disposable-vapes-in-poland","9":"product_cat-buy-disposable-vapes-in-spain","10":"product_cat-digital-box-disposable-vapes","11":"product_cat-flavor-adjustable-vape","12":"product_cat-low-nicotine-disposable-vapes","13":"product_cat-rechargeable-disposable-vapes","14":"product_tag-bang-leader-110000-puff","15":"product_tag-bang-leader-110k","16":"product_tag-bang-vape","17":"product_tag-big-puff-vape","18":"product_tag-cheapest-vape","19":"product_tag-flavor-adjustable-vape","20":"desktop-align-left","21":"tablet-align-left","22":"mobile-align-left","24":"first","25":"instock","26":"sale","27":"shipping-taxable","28":"purchasable","29":"product-type-simple"},"acf":[],"uagb_featured_image_src":{"full":["https:\/\/vapestornado.com\/wp-content\/uploads\/2025\/09\/Bang-Leader-110000-Puffs-110K-6-in-1-Flavors-Vape-Pen.webp",800,800,false],"thumbnail":["https:\/\/vapestornado.com\/wp-content\/uploads\/2025\/09\/Bang-Leader-110000-Puffs-110K-6-in-1-Flavors-Vape-Pen-150x150.webp",150,150,true],"medium":["https:\/\/vapestornado.com\/wp-content\/uploads\/2025\/09\/Bang-Leader-110000-Puffs-110K-6-in-1-Flavors-Vape-Pen-300x300.webp",300,300,true],"medium_large":["https:\/\/vapestornado.com\/wp-content\/uploads\/2025\/09\/Bang-Leader-110000-Puffs-110K-6-in-1-Flavors-Vape-Pen-768x768.webp",768,768,true],"large":["https:\/\/vapestornado.com\/wp-content\/uploads\/2025\/09\/Bang-Leader-110000-Puffs-110K-6-in-1-Flavors-Vape-Pen.webp",800,800,false],"1536x1536":["https:\/\/vapestornado.com\/wp-content\/uploads\/2025\/09\/Bang-Leader-110000-Puffs-110K-6-in-1-Flavors-Vape-Pen.webp",800,800,false],"2048x2048":["https:\/\/vapestornado.com\/wp-content\/uploads\/2025\/09\/Bang-Leader-110000-Puffs-110K-6-in-1-Flavors-Vape-Pen.webp",800,800,false],"trp-custom-language-flag":["https:\/\/vapestornado.com\/wp-content\/uploads\/2025\/09\/Bang-Leader-110000-Puffs-110K-6-in-1-Flavors-Vape-Pen-12x12.webp",12,12,true],"woocommerce_thumbnail":["https:\/\/vapestornado.com\/wp-content\/uploads\/2025\/09\/Bang-Leader-110000-Puffs-110K-6-in-1-Flavors-Vape-Pen-300x300.webp",300,300,true],"woocommerce_single":["https:\/\/vapestornado.com\/wp-content\/uploads\/2025\/09\/Bang-Leader-110000-Puffs-110K-6-in-1-Flavors-Vape-Pen-600x600.webp",600,600,true],"woocommerce_gallery_thumbnail":["https:\/\/vapestornado.com\/wp-content\/uploads\/2025\/09\/Bang-Leader-110000-Puffs-110K-6-in-1-Flavors-Vape-Pen-100x100.webp",100,100,true]},"uagb_author_info":{"display_name":"ESAMY","author_link":"https:\/\/vapestornado.com\/hu\/author\/"},"uagb_comment_info":0,"uagb_excerpt":"Bang Leader 110K Disposable Vape Pen delivers a massive 110,000 puffs with a 6-in-1 flavor system, giving users long-lasting variety in every device. Equipped with a 650mAh Type-C rechargeable battery, digital display, and 2% or 5% nicotin options, it\u2019s designed for smooth taste, reliable performance, and maximum value. Perfect for wholesale buyers looking for a&hellip;","_links":{"self":[{"href":"https:\/\/vapestornado.com\/hu\/wp-json\/wp\/v2\/product\/4339","targetHints":{"allow":["GET"]}}],"collection":[{"href":"https:\/\/vapestornado.com\/hu\/wp-json\/wp\/v2\/product"}],"about":[{"href":"https:\/\/vapestornado.com\/hu\/wp-json\/wp\/v2\/types\/product"}],"replies":[{"embeddable":true,"href":"https:\/\/vapestornado.com\/hu\/wp-json\/wp\/v2\/comments?post=4339"}],"wp:featuredmedia":[{"embeddable":true,"href":"https:\/\/vapestornado.com\/hu\/wp-json\/wp\/v2\/media\/4338"}],"wp:attachment":[{"href":"https:\/\/vapestornado.com\/hu\/wp-json\/wp\/v2\/media?parent=4339"}],"wp:term":[{"taxonomy":"product_brand","embeddable":true,"href":"https:\/\/vapestornado.com\/hu\/wp-json\/wp\/v2\/product_brand?post=4339"},{"taxonomy":"product_cat","embeddable":true,"href":"https:\/\/vapestornado.com\/hu\/wp-json\/wp\/v2\/product_cat?post=4339"},{"taxonomy":"product_tag","embeddable":true,"href":"https:\/\/vapestornado.com\/hu\/wp-json\/wp\/v2\/product_tag?post=4339"}],"curies":[{"name":"wp","href":"https:\/\/api.w.org\/{rel}","templated":true}]}}