{"id":4327,"date":"2025-09-03T09:16:53","date_gmt":"2025-09-03T09:16:53","guid":{"rendered":"https:\/\/vapestornado.com\/?post_type=product&#038;p=4327"},"modified":"2025-09-03T09:49:14","modified_gmt":"2025-09-03T09:49:14","slug":"uzy-100000-puff-100k-4-flavors-in-1-disposable-vape-best-wholesale-price-buy-online","status":"publish","type":"product","link":"https:\/\/vapestornado.com\/hu\/product\/uzy-100000-puff-100k-4-flavors-in-1-disposable-vape-best-wholesale-price-buy-online\/","title":{"rendered":"UZY 100000 Puff 100K 4 \u00edz 1-ben eldobhat\u00f3 vape a legjobb nagykereskedelmi \u00e1ron. V\u00e1s\u00e1rl\u00e1s online"},"content":{"rendered":"<h2 data-pm-slice=\"1 1 []\">UZY 100000 Puff 100K 4 \u00edz 1-ben eldobhat\u00f3 vape a legjobb nagykereskedelmi \u00e1ron. V\u00e1s\u00e1rl\u00e1s online<\/h2>\n<p data-start=\"340\" data-end=\"672\">A <strong data-start=\"344\" data-end=\"379\">UZY 100000 Puffs Eldobhat\u00f3 Vape<\/strong> (m\u00e1s n\u00e9ven <strong data-start=\"395\" data-end=\"407\">UZY 100Ezer<\/strong>) azoknak a vapereknek k\u00e9sz\u00fclt, akik <strong data-start=\"438\" data-end=\"493\">maxim\u00e1lis kapacit\u00e1st, pr\u00e9mium \u00edzt \u00e9s modern diz\u00e1jnt szeretn\u00e9nek<\/strong> egy eszk\u00f6zben. Egy hihetetlen <strong data-start=\"528\" data-end=\"547\">100K puff sz\u00e1mmal<\/strong> \u00e9s egy <strong data-start=\"554\" data-end=\"576\">56 ml e-liquid tart\u00e1llyal<\/strong>k\u00f6nnyed\u00e9n fel\u00fclm\u00falja a legt\u00f6bb eldobhat\u00f3 eszk\u00f6zt, \u00edgy okos v\u00e1laszt\u00e1s a magyarorsz\u00e1gi nagykeresked\u0151k sz\u00e1m\u00e1ra.<\/p>\n<h3 data-start=\"674\" data-end=\"702\">N\u00e9gyes \u00cdz Technol\u00f3gia<\/h3>\n<p data-start=\"703\" data-end=\"953\">\u00c9lvezze a <strong data-start=\"709\" data-end=\"743\">4 k\u00fcl\u00f6nb\u00f6z\u0151 \u00edz 1 eszk\u00f6zben<\/strong> a kamr\u00e1k k\u00f6z\u00f6tti kever\u00e9s n\u00e9lk\u00fcl. T\u00f6bb mint <strong data-start=\"787\" data-end=\"820\">10 egyedi \u00edzkombin\u00e1ci\u00f3val<\/strong>, a gy\u00fcm\u00f6lcs\u00f6s kever\u00e9kekt\u0151l, mint p\u00e9ld\u00e1ul <em data-start=\"846\" data-end=\"869\">Eperdinnye<\/em> a mer\u00e9sz kever\u00e9kekig, mint p\u00e9ld\u00e1ul <em data-start=\"889\" data-end=\"912\">Energiaital<\/em>, minden egyes szippant\u00e1s frissnek \u00e9s m\u00e1snak \u00e9rz\u0151dik.<\/p>\n<h3 data-start=\"955\" data-end=\"982\">Teljes\u00edtm\u00e9nyre tervezve<\/h3>\n<p data-start=\"983\" data-end=\"1259\">Felszerelve <strong data-start=\"997\" data-end=\"1023\">n\u00e9gyes h\u00e1l\u00f3s tekercsek (1,0\u03a9)<\/strong>, az UZY 100K eldobhat\u00f3 vape pod sima g\u0151zt \u00e9s gazdag \u00edzt biztos\u00edt minden egyes slukkban. A <strong data-start=\"1095\" data-end=\"1133\">650mAh Type-C \u00fajrat\u00f6lthet\u0151 akkumul\u00e1tor<\/strong> t\u00e1mogatja a nagy tart\u00e1lym\u00e9retet, m\u00edg a <strong data-start=\"1174\" data-end=\"1195\">LED intelligens kijelz\u0151<\/strong> val\u00f3s id\u0151ben mutatja az akkumul\u00e1tor \u00e9s az e-liquid szintj\u00e9t a teljes vez\u00e9rl\u00e9s \u00e9rdek\u00e9ben.<\/p>\n<h3 data-start=\"1261\" data-end=\"1292\">T\u00f6bbf\u00e9le nikotin opci\u00f3<\/h3>\n<p data-start=\"1293\" data-end=\"1503\">V\u00e1lasszon a <strong data-start=\"1305\" data-end=\"1344\">0%, 2%, 3% vagy 5% nikotiner\u0151ss\u00e9g<\/strong>, ez az eldobhat\u00f3 vape pen k\u00e9szlet szem\u00e9lyre szabott \u00e9lm\u00e9nyt ny\u00fajt az alkalmi felhaszn\u00e1l\u00f3knak \u00e9s a nagy doh\u00e1nyosoknak egyar\u00e1nt. A <strong data-start=\"1416\" data-end=\"1434\">krist\u00e1ly diz\u00e1jn<\/strong> pr\u00e9mium megjelen\u00e9st k\u00f6lcs\u00f6n\u00f6z, mik\u00f6zben a k\u00e9sz\u00fcl\u00e9k tart\u00f3s \u00e9s hordozhat\u00f3 marad.<\/p>\n<p><strong><span style=\"color: #ff0000;\">Adja hozz\u00e1 Amy-t WhatsApp-on, hogy azonnali v\u00e1laszt \u00e9s vape kupont kapjon!<\/span><\/strong><\/p>\n<p><img fetchpriority=\"high\" decoding=\"async\" class=\"size-full wp-image-2932\" src=\"https:\/\/vapestornado.com\/wp-content\/uploads\/2024\/12\/Vape-Wholesale.jpg\" alt=\"Vape nagykereskedelem\" width=\"229\" height=\"300\" \/><\/p>\n<h3><a href=\"https:\/\/wa.me\/8617776015835\" target=\"_blank\" rel=\"noopener\"><span style=\"color: #ff0000;\"><strong>WhatsApp: +86 17776015835<\/strong><\/span><\/a><\/h3>\n<p>&nbsp;<\/p>\n<h2><strong>UZY 100000 Puff Term\u00e9kjellemz\u0151k<\/strong><\/h2>\n<p>Puffok: 100000 Puff<br \/>\n4 az 1-ben N\u00e9gy \u00cdz<br \/>\nN\u00e9gy H\u00e1l\u00f3s Tekercs: 1.0 ohm<br \/>\nE-liquid: 56ml<br \/>\nNikotin er\u0151ss\u00e9ge: 0%\/2%\/3%\/5%<br \/>\nAkkumul\u00e1tor: 650mah<br \/>\n\u00dajrat\u00f6lthet\u0151: Type-C<br \/>\nLED kijelz\u0151 (okos k\u00e9perny\u0151) az olajhoz \u00e9s az akkumul\u00e1torhoz<br \/>\nKRIST\u00c1LYDIZ\u00c1JN<br \/>\nTerm\u00e9k s\u00falya: 140g\/db<br \/>\nMennyis\u00e9g: 120db\/karton, 10db\/doboz<\/p>\n<figure id=\"attachment_4325\" aria-describedby=\"caption-attachment-4325\" style=\"width: 300px\" class=\"wp-caption alignnone\"><img decoding=\"async\" class=\"size-medium wp-image-4325\" src=\"https:\/\/vapestornado.com\/wp-content\/uploads\/2025\/09\/UZY-100K-100000-Puffs-4-in-1-Cheap-Vapes-300x300.webp\" alt=\"UZY 100K 100000 Puff 4 az 1-ben Olcs\u00f3 Vape\" width=\"300\" height=\"300\" srcset=\"https:\/\/vapestornado.com\/wp-content\/uploads\/2025\/09\/UZY-100K-100000-Puffs-4-in-1-Cheap-Vapes-300x300.webp 300w, https:\/\/vapestornado.com\/wp-content\/uploads\/2025\/09\/UZY-100K-100000-Puffs-4-in-1-Cheap-Vapes-150x150.webp 150w, https:\/\/vapestornado.com\/wp-content\/uploads\/2025\/09\/UZY-100K-100000-Puffs-4-in-1-Cheap-Vapes-768x768.webp 768w, https:\/\/vapestornado.com\/wp-content\/uploads\/2025\/09\/UZY-100K-100000-Puffs-4-in-1-Cheap-Vapes-12x12.webp 12w, https:\/\/vapestornado.com\/wp-content\/uploads\/2025\/09\/UZY-100K-100000-Puffs-4-in-1-Cheap-Vapes-600x600.webp 600w, https:\/\/vapestornado.com\/wp-content\/uploads\/2025\/09\/UZY-100K-100000-Puffs-4-in-1-Cheap-Vapes-100x100.webp 100w, https:\/\/vapestornado.com\/wp-content\/uploads\/2025\/09\/UZY-100K-100000-Puffs-4-in-1-Cheap-Vapes.webp 800w\" sizes=\"(max-width: 300px) 100vw, 300px\" \/><figcaption id=\"caption-attachment-4325\" class=\"wp-caption-text\">UZY 100K 100000 Puff 4 az 1-ben Olcs\u00f3 Vape<\/figcaption><\/figure>\n<h2 class=\"product-title\"><strong>UZY 100000 Puff \u00cdzek List\u00e1ja<\/strong><\/h2>\n<p>01. Eper G\u00f6r\u00f6gdinnye<\/p>\n<p>02. \u0150szibarack J\u00e9g<\/p>\n<p>03. \u00c1fonya J\u00e9g<\/p>\n<p>04. Cseresznye J\u00e9g<\/p>\n<p>05. \u00c1fonya J\u00e9g<\/p>\n<p>06. \u0150szibarack Mang\u00f3 Anan\u00e1sz<\/p>\n<p>07. Vegyes Bogy\u00f3s Gy\u00fcm\u00f6lcs<\/p>\n<p>08. Eper J\u00e9g<\/p>\n<p>09. G\u00f6r\u00f6gdinnye J\u00e9g<\/p>\n<p>10. Eper Mang\u00f3<\/p>\n<div class=\"flex-shrink-0 flex flex-col relative items-end\">\n<div class=\"pt-0\">\n<div class=\"gizmo-bot-avatar flex h-8 w-8 items-center justify-center overflow-hidden rounded-full\">\n<div class=\"relative p-1 rounded-sm flex items-center justify-center bg-token-main-surface-primary text-token-text-primary h-8 w-8\">\n<h2 data-start=\"435\" data-end=\"491\"><\/h2>\n<h2 data-start=\"435\" data-end=\"491\"><strong data-start=\"439\" data-end=\"489\">Mi\u00e9rt v\u00e1lassza az UZY 100000 slukkos eldobhat\u00f3 vape tollat?<\/strong><\/h2>\n<\/div>\n<ul>\n<li data-start=\"1546\" data-end=\"1620\">\n<p data-start=\"1548\" data-end=\"1620\"><strong data-start=\"1548\" data-end=\"1580\">P\u00e1ratlan 100K slukkos \u00e9lettartam<\/strong> \u2013 5x hosszabb, mint a szok\u00e1sos eldobhat\u00f3 term\u00e9kek<\/p>\n<\/li>\n<li data-start=\"1621\" data-end=\"1672\">\n<p data-start=\"1623\" data-end=\"1672\"><strong data-start=\"1623\" data-end=\"1649\">Val\u00f3di \u00edzelv\u00e1laszt\u00e1s<\/strong> \u2013 nincs nem k\u00edv\u00e1nt kevered\u00e9s<\/p>\n<\/li>\n<li data-start=\"1673\" data-end=\"1738\">\n<p data-start=\"1675\" data-end=\"1738\"><strong data-start=\"1675\" data-end=\"1697\">Pr\u00e9mium alkatr\u00e9szek<\/strong> \u2013 kevesebb panasz, t\u00f6bb visszat\u00e9r\u0151 v\u00e1s\u00e1rl\u00f3<\/p>\n<\/li>\n<li data-start=\"1739\" data-end=\"1809\">\n<p data-start=\"1741\" data-end=\"1809\"><strong data-start=\"1741\" data-end=\"1763\">Magas piaci kereslet<\/strong> \u2013 er\u0151s viszontelad\u00f3i \u00e1rr\u00e9s az EU orsz\u00e1gaiban<\/p>\n<\/li>\n<\/ul>\n<\/div>\n<\/div>\n<\/div>\n<div class=\"flex-shrink-0 flex flex-col relative items-end\">\n<div class=\"pt-0\">\n<div class=\"gizmo-bot-avatar flex h-8 w-8 items-center justify-center overflow-hidden rounded-full\">\n<div class=\"relative p-1 rounded-sm flex items-center justify-center bg-token-main-surface-primary text-token-text-primary h-8 w-8\">\n<h2 data-start=\"1200\" data-end=\"1487\">Vapes Tornado \u2013 Az \u00d6n nagykereskedelmi k\u00f6zpontja Eur\u00f3pa legjobb vape m\u00e1rk\u00e1ihoz<\/h2>\n<p data-start=\"1200\" data-end=\"1487\"><strong data-start=\"213\" data-end=\"248\">Vapes Tornado Online Vape \u00c1ruh\u00e1z<\/strong> az \u00d6n megb\u00edzhat\u00f3 c\u00e9lpontja a kiv\u00e1l\u00f3 min\u0151s\u00e9g\u0171 eldobhat\u00f3 vape-ek \u00e9s a nagykereskedelmi e-cigarett\u00e1k sz\u00e1m\u00e1ra eg\u00e9sz Eur\u00f3p\u00e1ban. Szakter\u00fclet\u00fcnk a <strong data-start=\"403\" data-end=\"431\">legn\u00e9pszer\u0171bb vape m\u00e1rk\u00e1k<\/strong>, bele\u00e9rtve <strong data-start=\"443\" data-end=\"502\"><a href=\"https:\/\/vapestornado.com\/hu\/product-category\/aivono-vape\/\">AIVONO VAPE<\/a>, BANGBOX VAPE, <a href=\"https:\/\/vapestornado.com\/hu\/product-category\/elf-bar-vape\/\">ELF BAR Vape<\/a>, \u00e9s <a href=\"https:\/\/vapestornado.com\/hu\/product-category\/fumot-vape\/\">FUMOT VAPE<\/a><\/strong>. \u00dczlet\u00fcnk \u00fagy \u00e9p\u00fclt fel, hogy mind az egy\u00e9ni v\u00e1s\u00e1rl\u00f3kat, mind a nagykereskedelmi vev\u0151ket kiszolg\u00e1lja, megb\u00edzhat\u00f3 term\u00e9keket k\u00edn\u00e1lva, amelyek \u00f6tv\u00f6zik az er\u0151s teljes\u00edtm\u00e9nyt, a st\u00edlusos diz\u00e1jnt \u00e9s a versenyk\u00e9pes \u00e1rakat.<\/p>\n<\/div>\n<\/div>\n<\/div>\n<\/div>","protected":false},"excerpt":{"rendered":"<p data-start=\"274\" data-end=\"349\"><strong data-start=\"274\" data-end=\"347\">UZY 100000 S\u00fcti 100K Eldobhat\u00f3 Vape 35000 S\u00fcti Nagykeresked\u00e9s Magyarorsz\u00e1gon<\/strong><\/p>\n<p data-start=\"353\" data-end=\"426\"><strong data-start=\"353\" data-end=\"424\">UZY 100000 Puffs 100K Eldobhat\u00f3 Vape Digit\u00e1lis Kijelz\u0151vel<\/strong><\/p>\n<p data-start=\"430\" data-end=\"494\"><strong data-start=\"430\" data-end=\"492\">V\u00e1s\u00e1roljon UZY 100000 S\u00fcti 100K S\u00fcti Vape-ot Online \u2013 Legjobb Diszkont \u00c1ron<\/strong><\/p>\n<p><strong>Add hozz\u00e1 Amy whatsappj\u00e1t, hogy azonnali v\u00e1laszt \u00e9s kedvezm\u00e9nyes \u00e1rat kapj!<\/strong><\/p>\n<p><img fetchpriority=\"high\" decoding=\"async\" class=\"size-full wp-image-2932\" src=\"https:\/\/vapestornado.com\/wp-content\/uploads\/2024\/12\/Vape-Wholesale.jpg\" alt=\"Vape nagykereskedelem\" width=\"229\" height=\"300\" \/><\/p>\n<h3><a href=\"https:\/\/wa.me\/8617776015835\"><span style=\"color: #ff0000;\"><strong>WhatsApp: +86 17776015835<\/strong><\/span><\/a><\/h3>\n<p>&nbsp;<\/p>","protected":false},"featured_media":4323,"comment_status":"open","ping_status":"closed","template":"","meta":{"_acf_changed":false,"_uag_custom_page_level_css":"","_lmt_disableupdate":"no","_lmt_disable":"","_monsterinsights_skip_tracking":false,"_monsterinsights_sitenote_active":false,"_monsterinsights_sitenote_note":"","_monsterinsights_sitenote_category":0,"site-sidebar-layout":"default","site-content-layout":"","ast-site-content-layout":"default","site-content-style":"default","site-sidebar-style":"default","ast-global-header-display":"","ast-banner-title-visibility":"","ast-main-header-display":"","ast-hfb-above-header-display":"","ast-hfb-below-header-display":"","ast-hfb-mobile-header-display":"","site-post-title":"","ast-breadcrumbs-content":"","ast-featured-img":"","footer-sml-layout":"","ast-disable-related-posts":"","theme-transparent-header-meta":"default","adv-header-id-meta":"","stick-header-meta":"","header-above-stick-meta":"","header-main-stick-meta":"","header-below-stick-meta":"","astra-migrate-meta-layouts":"set","ast-page-background-enabled":"default","ast-page-background-meta":{"desktop":{"background-color":"","background-image":"","background-repeat":"repeat","background-position":"center center","background-size":"auto","background-attachment":"scroll","background-type":"","background-media":"","overlay-type":"","overlay-color":"","overlay-opacity":"","overlay-gradient":""},"tablet":{"background-color":"","background-image":"","background-repeat":"repeat","background-position":"center center","background-size":"auto","background-attachment":"scroll","background-type":"","background-media":"","overlay-type":"","overlay-color":"","overlay-opacity":"","overlay-gradient":""},"mobile":{"background-color":"","background-image":"","background-repeat":"repeat","background-position":"center center","background-size":"auto","background-attachment":"scroll","background-type":"","background-media":"","overlay-type":"","overlay-color":"","overlay-opacity":"","overlay-gradient":""}},"ast-content-background-meta":{"desktop":{"background-color":"var(--ast-global-color-5)","background-image":"","background-repeat":"repeat","background-position":"center center","background-size":"auto","background-attachment":"scroll","background-type":"","background-media":"","overlay-type":"","overlay-color":"","overlay-opacity":"","overlay-gradient":""},"tablet":{"background-color":"var(--ast-global-color-5)","background-image":"","background-repeat":"repeat","background-position":"center center","background-size":"auto","background-attachment":"scroll","background-type":"","background-media":"","overlay-type":"","overlay-color":"","overlay-opacity":"","overlay-gradient":""},"mobile":{"background-color":"var(--ast-global-color-5)","background-image":"","background-repeat":"repeat","background-position":"center center","background-size":"auto","background-attachment":"scroll","background-type":"","background-media":"","overlay-type":"","overlay-color":"","overlay-opacity":"","overlay-gradient":""}},"_joinchat":{"telephone":"17776015835"}},"product_brand":[],"product_cat":[346,152,153,156,158,142,357,146,356,171,60],"product_tag":[355,354,350,351,352,353],"class_list":{"0":"post-4327","1":"product","2":"type-product","3":"status-publish","4":"has-post-thumbnail","6":"product_cat-100000-puff","7":"product_cat-buy-disposable-vapes-in-cermany","8":"product_cat-buy-disposable-vapes-in-italy","9":"product_cat-buy-disposable-vapes-in-poland","10":"product_cat-buy-disposable-vapes-in-spain","11":"product_cat-digital-box-disposable-vapes","12":"product_cat-flavor-adjustable-vape","13":"product_cat-rechargeable-disposable-vapes","14":"product_cat-uzy-vape","15":"product_cat-vapsolo-disposable-vapes","16":"product_cat-waspe-fihp-vape","17":"product_tag-big-puff-vape","18":"product_tag-flavor-adjustable-vape","19":"product_tag-four-flavor-disposable-vape","20":"product_tag-uzy-100000-puff","21":"product_tag-uzy-100k","22":"product_tag-uzy-100k-4-in-1","23":"desktop-align-left","24":"tablet-align-left","25":"mobile-align-left","27":"first","28":"instock","29":"sale","30":"shipping-taxable","31":"purchasable","32":"product-type-simple"},"acf":[],"uagb_featured_image_src":{"full":["https:\/\/vapestornado.com\/wp-content\/uploads\/2025\/09\/UZY-100K-100000-Puff-Bulk-Buy-Vape-Online.webp",800,800,false],"thumbnail":["https:\/\/vapestornado.com\/wp-content\/uploads\/2025\/09\/UZY-100K-100000-Puff-Bulk-Buy-Vape-Online-150x150.webp",150,150,true],"medium":["https:\/\/vapestornado.com\/wp-content\/uploads\/2025\/09\/UZY-100K-100000-Puff-Bulk-Buy-Vape-Online-300x300.webp",300,300,true],"medium_large":["https:\/\/vapestornado.com\/wp-content\/uploads\/2025\/09\/UZY-100K-100000-Puff-Bulk-Buy-Vape-Online-768x768.webp",768,768,true],"large":["https:\/\/vapestornado.com\/wp-content\/uploads\/2025\/09\/UZY-100K-100000-Puff-Bulk-Buy-Vape-Online.webp",800,800,false],"1536x1536":["https:\/\/vapestornado.com\/wp-content\/uploads\/2025\/09\/UZY-100K-100000-Puff-Bulk-Buy-Vape-Online.webp",800,800,false],"2048x2048":["https:\/\/vapestornado.com\/wp-content\/uploads\/2025\/09\/UZY-100K-100000-Puff-Bulk-Buy-Vape-Online.webp",800,800,false],"trp-custom-language-flag":["https:\/\/vapestornado.com\/wp-content\/uploads\/2025\/09\/UZY-100K-100000-Puff-Bulk-Buy-Vape-Online-12x12.webp",12,12,true],"woocommerce_thumbnail":["https:\/\/vapestornado.com\/wp-content\/uploads\/2025\/09\/UZY-100K-100000-Puff-Bulk-Buy-Vape-Online-300x300.webp",300,300,true],"woocommerce_single":["https:\/\/vapestornado.com\/wp-content\/uploads\/2025\/09\/UZY-100K-100000-Puff-Bulk-Buy-Vape-Online-600x600.webp",600,600,true],"woocommerce_gallery_thumbnail":["https:\/\/vapestornado.com\/wp-content\/uploads\/2025\/09\/UZY-100K-100000-Puff-Bulk-Buy-Vape-Online-100x100.webp",100,100,true]},"uagb_author_info":{"display_name":"ESAMY","author_link":"https:\/\/vapestornado.com\/hu\/author\/"},"uagb_comment_info":1,"uagb_excerpt":"UZY 100000 Puff 100K Disposable Vape 35000 Puffs Wholesale in Europe UZY 100000 Puff 100K Disposable Vape with Digital Display &amp; Rechargeable Battery Buy UZY 100000 Puff 100K Puff Vape Online \u2013 Best Discount Price Add Amy's whatsapp to get right reply and discount price! WhatsApp: +86 17776015835 &nbsp;","_links":{"self":[{"href":"https:\/\/vapestornado.com\/hu\/wp-json\/wp\/v2\/product\/4327","targetHints":{"allow":["GET"]}}],"collection":[{"href":"https:\/\/vapestornado.com\/hu\/wp-json\/wp\/v2\/product"}],"about":[{"href":"https:\/\/vapestornado.com\/hu\/wp-json\/wp\/v2\/types\/product"}],"replies":[{"embeddable":true,"href":"https:\/\/vapestornado.com\/hu\/wp-json\/wp\/v2\/comments?post=4327"}],"wp:featuredmedia":[{"embeddable":true,"href":"https:\/\/vapestornado.com\/hu\/wp-json\/wp\/v2\/media\/4323"}],"wp:attachment":[{"href":"https:\/\/vapestornado.com\/hu\/wp-json\/wp\/v2\/media?parent=4327"}],"wp:term":[{"taxonomy":"product_brand","embeddable":true,"href":"https:\/\/vapestornado.com\/hu\/wp-json\/wp\/v2\/product_brand?post=4327"},{"taxonomy":"product_cat","embeddable":true,"href":"https:\/\/vapestornado.com\/hu\/wp-json\/wp\/v2\/product_cat?post=4327"},{"taxonomy":"product_tag","embeddable":true,"href":"https:\/\/vapestornado.com\/hu\/wp-json\/wp\/v2\/product_tag?post=4327"}],"curies":[{"name":"wp","href":"https:\/\/api.w.org\/{rel}","templated":true}]}}