{"id":4312,"date":"2025-08-28T08:42:28","date_gmt":"2025-08-28T08:42:28","guid":{"rendered":"https:\/\/vapestornado.com\/?post_type=product&#038;p=4312"},"modified":"2025-08-28T09:33:49","modified_gmt":"2025-08-28T09:33:49","slug":"original-wga-ultra-35k-35000-puff-rechargeable-crystal-disposable-nicotine-vape-best-discount-price","status":"publish","type":"product","link":"https:\/\/vapestornado.com\/hu\/product\/original-wga-ultra-35k-35000-puff-rechargeable-crystal-disposable-nicotine-vape-best-discount-price\/","title":{"rendered":"Eredeti WGA ULTRA 35k 35000 Puffs \u00dajrat\u00f6lthet\u0151 Krist\u00e1ly Eldobhat\u00f3 Nikotin Vape Legjobb Akci\u00f3s \u00c1r"},"content":{"rendered":"<h1 data-pm-slice=\"1 1 []\">Eredeti WGA ULTRA 35k 35000 Puffs \u00dajrat\u00f6lthet\u0151 Krist\u00e1ly Eldobhat\u00f3 Nikotin Vape Legjobb Akci\u00f3s \u00c1r<\/h1>\n<p data-start=\"361\" data-end=\"697\">A <strong data-start=\"425\" data-end=\"466\">WGA Ultra 35k Eldobhat\u00f3 Vape<\/strong> \u00faj m\u00e9rc\u00e9t \u00e1ll\u00edt fel a hosszan tart\u00f3 teljes\u00edtm\u00e9ny \u00e9s a sima \u00edz ter\u00e9n a vaping ipar sz\u00e1m\u00e1ra. Ez az er\u0151m\u0171 ak\u00e1r <strong data-start=\"519\" data-end=\"535\">35 000 slukkot<\/strong>ak\u00e1r sz\u00edv\u00e1st is biztos\u00edt, \u00edgy kateg\u00f3ri\u00e1j\u00e1nak egyik legtart\u00f3sabb eldobhat\u00f3 vape-je. A t\u00f6k\u00e9letes m\u00e9ret\u0171, 108*48*23,6 mm-es m\u00e9ret \u00f6tv\u00f6zi a st\u00edlust \u00e9s a praktikumot a mindennapi haszn\u00e1latra.<\/p>\n<h3 data-start=\"699\" data-end=\"741\">35 000 Sz\u00edv\u00e1s 35 ml E-liquiddel T\u00e1mogatva<\/h3>\n<p data-start=\"742\" data-end=\"1051\">A kisebb eldobhat\u00f3 eszk\u00f6z\u00f6kkel ellent\u00e9tben a WGA 35k Eldobhat\u00f3 Vape nagylelk\u0171 <strong data-start=\"817\" data-end=\"847\">35 ml el\u0151ret\u00f6lt\u00f6tt e-liquidet<\/strong>tartalmaz, biztos\u00edtva, hogy minden alkalom tele legyen \u00edzzel. Ak\u00e1r az er\u0151s nikotin \u00fct\u00e9st, ak\u00e1r a sim\u00e1bb sz\u00edv\u00e1st r\u00e9szes\u00edti el\u0151nyben, el\u00e9rhet\u0151 <strong data-start=\"969\" data-end=\"998\">2% \u00e9s 5% nikotin opci\u00f3kban<\/strong>, lehet\u0151v\u00e9 t\u00e9ve, hogy kiv\u00e1laszthassa az \u00e9letst\u00edlus\u00e1nak megfelel\u0151t.<\/p>\n<h3 data-start=\"1053\" data-end=\"1089\">\u00dajrat\u00f6lthet\u0151 Energia Type-C-vel<\/h3>\n<p data-start=\"1090\" data-end=\"1396\">Ebben a kompakt kialak\u00edt\u00e1sban egy <strong data-start=\"1122\" data-end=\"1153\">550mAh-s \u00fajrat\u00f6lthet\u0151 akkumul\u00e1tor<\/strong> \u00e1ltal t\u00e1mogatott <strong data-start=\"1167\" data-end=\"1186\">\u00e9s a Type-C t\u00f6lt\u00e9s<\/strong>tal\u00e1lhat\u00f3, amely minim\u00e1lis \u00e1ll\u00e1sid\u0151vel biztos\u00edtja a gyors \u00fajrat\u00f6lt\u00e9st. A tipikus eldobhat\u00f3 eszk\u00f6z\u00f6kkel ellent\u00e9tben, amelyek az akkumul\u00e1tor lemer\u00fcl\u00e9sekor v\u00e9get \u00e9rnek, ez az eszk\u00f6z a legjobbat ny\u00fajtja mindk\u00e9t vil\u00e1gb\u00f3l: eldobhat\u00f3 k\u00e9nyelem \u00fajrat\u00f6lthet\u0151 hat\u00e9konys\u00e1ggal.<\/p>\n<h3 data-start=\"1398\" data-end=\"1425\">Okos digit\u00e1lis kijelz\u0151<\/h3>\n<p data-start=\"1426\" data-end=\"1715\">Nincs t\u00f6bb tal\u00e1lgat\u00e1s. A <strong data-start=\"1448\" data-end=\"1467\">digit\u00e1lis kijelz\u0151<\/strong> egy\u00e9rtelm\u0171en mutatja a <strong data-start=\"1487\" data-end=\"1529\">akkumul\u00e1tor sz\u00e1zal\u00e9kos t\u00f6lt\u00f6tts\u00e9g\u00e9t \u00e9s az e-liquid szintj\u00e9t<\/strong>, \u00edgy minden l\u00e9p\u00e9sn\u00e9l k\u00e9zben tarthatja az ir\u00e1ny\u00edt\u00e1st. Ez teszi a WGA Ultra 35k-t k\u00fcl\u00f6n\u00f6sen vonz\u00f3v\u00e1 azok sz\u00e1m\u00e1ra, akik egy megb\u00edzhat\u00f3, egyszer\u0171 eszk\u00f6zt szeretn\u00e9nek a bizonytalans\u00e1g okozta gondok n\u00e9lk\u00fcl.<\/p>\n<h3 data-start=\"1717\" data-end=\"1756\">Dupla h\u00e1l\u00f3s tekercs a maxim\u00e1lis \u00edz\u00e9rt<\/h3>\n<p data-start=\"1757\" data-end=\"1990\">A be\u00e9p\u00edtett <strong data-start=\"1770\" data-end=\"1788\">dupla h\u00e1l\u00f3s tekercs<\/strong> fokozza minden egyes slukk \u00edz\u00e9t, s\u0171r\u0171 g\u0151zfelh\u0151ket \u00e9s er\u0151s, egyenletes \u00edzt produk\u00e1lva. Ak\u00e1r gy\u00fcm\u00f6lcs\u00f6s kever\u00e9keket, ak\u00e1r jeges klasszikusokat \u00e9lvez, a tekercs sima teljes\u00edtm\u00e9nyt biztos\u00edt \u00e9les vagy \u00e9gett \u00edzek n\u00e9lk\u00fcl.<\/p>\n<h3 data-start=\"1992\" data-end=\"2019\">30 felfedez\u00e9sre v\u00e1r\u00f3 \u00edz<\/h3>\n<p data-start=\"2020\" data-end=\"2342\">A <strong data-start=\"2025\" data-end=\"2048\">30 izgalmas \u00edz<\/strong>k\u00f6z\u00fcl a WGA Crystal Ultra 35k minden \u00edzl\u00e9shez k\u00edn\u00e1l valamit. A n\u00e9pszer\u0171 v\u00e1laszt\u00e1sok k\u00f6z\u00e9 tartozik a <strong data-start=\"2130\" data-end=\"2206\">\u00c1fonya M\u00e1lna, Cola Ice, Red Bull, Mojito, Cactus Ice, Peach Kiss,<\/strong> \u00e9s a <strong data-start=\"2211\" data-end=\"2231\">S\u00e1rk\u00e1nygy\u00fcm\u00f6lcs Ice<\/strong>. A friss\u00edt\u0151 ment\u00e1t\u00f3l a mer\u00e9sz sz\u00f3da kever\u00e9kekig ez a vape az eur\u00f3pai \u00edzek sz\u00e9les sk\u00e1l\u00e1j\u00e1nak kiel\u00e9g\u00edt\u00e9s\u00e9re lett tervezve.<\/p>\n<p><strong><span style=\"color: #ff0000;\">Adja hozz\u00e1 Amy-t WhatsApp-on, hogy azonnali v\u00e1laszt \u00e9s vape kupont kapjon!<\/span><\/strong><\/p>\n<p><img fetchpriority=\"high\" decoding=\"async\" class=\"size-full wp-image-2932\" src=\"https:\/\/vapestornado.com\/wp-content\/uploads\/2024\/12\/Vape-Wholesale.jpg\" alt=\"Vape nagykereskedelem\" width=\"229\" height=\"300\" \/><\/p>\n<h3><a href=\"https:\/\/wa.me\/8617776015835\" target=\"_blank\" rel=\"noopener\"><span style=\"color: #ff0000;\"><strong>WhatsApp: +86 17776015835<\/strong><\/span><\/a><\/h3>\n<p>&nbsp;<\/p>\n<h2><strong>WGA ULTRA 35k term\u00e9kjellemz\u0151k<\/strong><\/h2>\n<p>&nbsp;<\/p>\n<p>Puff: 35000 puff<br \/>\nE-liquid: 35ml<br \/>\nNikotin er\u0151ss\u00e9ge: 2%\/5%<br \/>\nAkkumul\u00e1tor: 550mAh C t\u00edpus\u00fa \u00fajrat\u00f6lthet\u0151<br \/>\nDigit\u00e1lis kijelz\u0151 az olajhoz \u00e9s az E-juice-hoz<br \/>\nDupla h\u00e1l\u00f3s tekercs<br \/>\nTerm\u00e9k m\u00e9rete: 108*48*23.6mm<\/p>\n<figure id=\"attachment_4307\" aria-describedby=\"caption-attachment-4307\" style=\"width: 300px\" class=\"wp-caption alignnone\"><img decoding=\"async\" class=\"size-medium wp-image-4307\" src=\"https:\/\/vapestornado.com\/wp-content\/uploads\/2025\/08\/WGA-35K-Ultra-35000-Puffs-Rechargeable-Disposable-Vape-300x300.webp\" alt=\"WGA Ultra 35K 35000 Puffs \u00dajrat\u00f6lthet\u0151 Eldobhat\u00f3 Vape\" width=\"300\" height=\"300\" srcset=\"https:\/\/vapestornado.com\/wp-content\/uploads\/2025\/08\/WGA-35K-Ultra-35000-Puffs-Rechargeable-Disposable-Vape-300x300.webp 300w, https:\/\/vapestornado.com\/wp-content\/uploads\/2025\/08\/WGA-35K-Ultra-35000-Puffs-Rechargeable-Disposable-Vape-150x150.webp 150w, https:\/\/vapestornado.com\/wp-content\/uploads\/2025\/08\/WGA-35K-Ultra-35000-Puffs-Rechargeable-Disposable-Vape-768x768.webp 768w, https:\/\/vapestornado.com\/wp-content\/uploads\/2025\/08\/WGA-35K-Ultra-35000-Puffs-Rechargeable-Disposable-Vape-12x12.webp 12w, https:\/\/vapestornado.com\/wp-content\/uploads\/2025\/08\/WGA-35K-Ultra-35000-Puffs-Rechargeable-Disposable-Vape-600x600.webp 600w, https:\/\/vapestornado.com\/wp-content\/uploads\/2025\/08\/WGA-35K-Ultra-35000-Puffs-Rechargeable-Disposable-Vape-100x100.webp 100w, https:\/\/vapestornado.com\/wp-content\/uploads\/2025\/08\/WGA-35K-Ultra-35000-Puffs-Rechargeable-Disposable-Vape.webp 800w\" sizes=\"(max-width: 300px) 100vw, 300px\" \/><figcaption id=\"caption-attachment-4307\" class=\"wp-caption-text\">WGA Ultra 35K 35000 Puffs \u00dajrat\u00f6lthet\u0151 Eldobhat\u00f3 Vape<\/figcaption><\/figure>\n<h2 class=\"product-title\"><strong>WGA Crystal ULTRA 35k \u00edzek list\u00e1ja<\/strong><\/h2>\n<p>1. \u00c1fonya M\u00e1lna<br \/>\n2. Cola J\u00e9g<br \/>\n3. Dupla Alma<br \/>\n4. Fanta<br \/>\n5. Red Bull<br \/>\n6. Eper J\u00e9g<br \/>\n7. Sz\u0151l\u0151 J\u00e9g<br \/>\n8. Citrom Lime<br \/>\n9. G\u00f6r\u00f6gdinnye J\u00e9g<br \/>\n10. Friss Menta<br \/>\n11. Eper Kiwi<br \/>\n12. Kiwi Maracuja Guava<br \/>\n13. Mr. Blue<br \/>\n14. Pink Limon\u00e1d\u00e9<br \/>\n15. WGA Tea (Jeges Fekete Tea)<br \/>\n16. Barack Cs\u00f3k<br \/>\n17. Licsi Menta<br \/>\n18. Feketeribizli Sz\u00f3da<br \/>\n19. Savany\u00fa Alma Citrom<br \/>\n20. Vegyes Bogy\u00f3s Gy\u00fcm\u00f6lcs\u00f6k<br \/>\n21. Kaktusz Kiwi<br \/>\n22. Kaktusz J\u00e9g<br \/>\n23. S\u00e1rk\u00e1nygy\u00fcm\u00f6lcs J\u00e9g<br \/>\n24. Cseresznye Cola<br \/>\n25. Eper Redbull<br \/>\n26. Eper G\u00f6r\u00f6gdinnye<br \/>\n27. Jager Red Energia<br \/>\n28. Mojito<br \/>\n29. Z\u00f6ld Alma<br \/>\n30. Mad Blue Ice<\/p>\n<p>&nbsp;<\/p>\n<article class=\"w-full text-token-text-primary focus-visible:outline-2 focus-visible:outline-offset-[-4px]\" dir=\"auto\" data-testid=\"conversation-turn-32\" data-scroll-anchor=\"false\">\n<div class=\"m-auto text-base py-[18px] px-6\">\n<div class=\"mx-auto flex flex-1 text-base gap-4 md:gap-5 lg:gap-6 md:max-w-3xl lg:max-w-[40rem] xl:max-w-[48rem]\">\n<div class=\"group\/conversation-turn relative flex w-full min-w-0 flex-col @xs\/thread:px-0 @sm\/thread:px-1.5 @md\/thread:px-4\">\n<div class=\"flex-col gap-1 md:gap-3\">\n<div class=\"flex max-w-full flex-col flex-grow\">\n<div class=\"min-h-8 text-message flex w-full flex-col items-end gap-2 whitespace-normal break-words text-start [.text-message+&amp;]:mt-5\" dir=\"auto\" data-message-author-role=\"user\" data-message-id=\"ffac41ca-1db4-431b-873a-32c4052956f1\">\n<div class=\"flex w-full flex-col gap-1 empty:hidden items-end rtl:items-start\">\n<div class=\"relative max-w-[var(--user-chat-width,70%)] rounded-3xl bg-token-message-surface px-5 py-2.5\">\n<div class=\"absolute bottom-0 right-full top-0 -mr-3.5 hidden pr-5 pt-2 [.group\/conversation-turn:hover_&amp;]:flex\">\n<div class=\"flex\">\n<article class=\"w-full text-token-text-primary focus-visible:outline-2 focus-visible:outline-offset-[-4px]\" dir=\"auto\" data-testid=\"conversation-turn-39\" data-scroll-anchor=\"true\">\n<div class=\"m-auto text-base py-[18px] px-6\">\n<div class=\"mx-auto flex flex-1 text-base gap-4 md:gap-5 lg:gap-6 md:max-w-3xl lg:max-w-[40rem] xl:max-w-[48rem]\">\n<div class=\"group\/conversation-turn relative flex w-full min-w-0 flex-col agent-turn @xs\/thread:px-0 @sm\/thread:px-1.5 @md\/thread:px-4\">\n<div class=\"flex-col gap-1 md:gap-3\">\n<div class=\"flex max-w-full flex-col flex-grow\">\n<div class=\"min-h-8 text-message flex w-full flex-col items-end gap-2 whitespace-normal break-words text-start [.text-message+&amp;]:mt-5\" dir=\"auto\" data-message-author-role=\"assistant\" data-message-id=\"55a23854-ec57-48dd-bd4f-6118f43d6241\" data-message-model-slug=\"gpt-4o\">\n<div class=\"flex w-full flex-col gap-1 empty:hidden first:pt-[3px]\">\n<div class=\"markdown prose w-full break-words dark:prose-invert light\"><\/div>\n<\/div>\n<\/div>\n<\/div>\n<\/div>\n<\/div>\n<\/div>\n<\/div>\n<\/article>\n<\/div>\n<\/div>\n<\/div>\n<\/div>\n<\/div>\n<\/div>\n<\/div>\n<\/div>\n<\/div>\n<\/div>\n<\/article>\n<h2>Mi\u00e9rt v\u00e1lassza a WGA ULTRA 35k Vape-et?<\/h2>\n<div class=\"flex-shrink-0 flex flex-col relative items-end\">\n<div class=\"pt-0\">\n<div class=\"gizmo-bot-avatar flex h-8 w-8 items-center justify-center overflow-hidden rounded-full\">\n<div class=\"relative p-1 rounded-sm flex items-center justify-center bg-token-main-surface-primary text-token-text-primary h-8 w-8\">\n<p data-start=\"313\" data-end=\"860\">A <strong data-start=\"317\" data-end=\"358\">WGA Crystal Ultra 35k Eldobhat\u00f3 Vape<\/strong> a vaperek sz\u00e1m\u00e1ra k\u00e9sz\u00fclt, akik <strong data-start=\"388\" data-end=\"417\">er\u0151t, \u00edzt \u00e9s ir\u00e1ny\u00edt\u00e1st szeretn\u00e9nek<\/strong> egy karcs\u00fa eszk\u00f6zben. Ak\u00e1r <strong data-start=\"450\" data-end=\"466\">35 000 slukkot<\/strong>, egy <strong data-start=\"470\" data-end=\"493\">35 ml el\u0151ret\u00f6lt\u00f6tt tart\u00e1llyal<\/strong>, \u00e9s egy <strong data-start=\"501\" data-end=\"519\">dupla h\u00e1l\u00f3s tekercs<\/strong>, mer\u00e9sz \u00edzt biztos\u00edt minden szippant\u00e1ssal. A <strong data-start=\"566\" data-end=\"591\">okos digit\u00e1lis kijelz\u0151<\/strong> naprak\u00e9szen tartja az e-liquid \u00e9s az akkumul\u00e1tor t\u00f6lt\u00f6tts\u00e9gi szintj\u00e9t, m\u00edg a <strong data-start=\"652\" data-end=\"689\">USB-C-vel \u00fajrat\u00f6lthet\u0151 550mAh akkumul\u00e1tor<\/strong> biztos\u00edtja, hogy soha ne maradjon le semmir\u0151l. El\u00e9rhet\u0151 <strong data-start=\"734\" data-end=\"757\">30 izgalmas \u00edz<\/strong> \u00e9s a <strong data-start=\"762\" data-end=\"792\">2% vagy 5% nikotiner\u0151ss\u00e9gben<\/strong>, ez a t\u00f6k\u00e9letes nagykereskedelmi v\u00e1laszt\u00e1s a magyarorsz\u00e1gi vezet\u0151 vape piac sz\u00e1m\u00e1ra.<\/p>\n<p data-start=\"313\" data-end=\"860\">\u00d6sszehasonl\u00edtva a <a href=\"https:\/\/vapestornado.com\/hu\/product\/wga-crystal-plus-20000-puff-vape-2-in-1-rechargeable-disposable-vape-wholesale-bulk-buy\/\">WGA 20K<\/a>-val, a WGA 30K magasabb vaping \u00e9lm\u00e9nyt ny\u00fajt.<\/p>\n<\/div>\n<h3><\/h3>\n<div class=\"relative p-1 rounded-sm flex items-center justify-center bg-token-main-surface-primary text-token-text-primary h-8 w-8\">\n<h2>GYIK a WGA Crystal ULTRA 35000 eldobhat\u00f3 e-cigarett\u00e1hoz<\/h2>\n<\/div>\n<\/div>\n<\/div>\n<\/div>\n<div class=\"flex-shrink-0 flex flex-col relative items-end\">\n<div class=\"pt-0\">\n<div class=\"gizmo-bot-avatar flex h-8 w-8 items-center justify-center overflow-hidden rounded-full\">\n<div class=\"relative p-1 rounded-sm flex items-center justify-center bg-token-main-surface-primary text-token-text-primary h-8 w-8\">\n<div class=\"mb-2 flex gap-3 empty:hidden -ml-2\">\n<p data-start=\"2405\" data-end=\"2541\"><strong data-start=\"2405\" data-end=\"2466\">1. H\u00e1ny slukkot biztos\u00edt a WGA Crystal Ultra 35k?<\/strong><br data-start=\"2466\" data-end=\"2469\" \/>Ak\u00e1r <strong data-start=\"2485\" data-end=\"2501\">35 000 slukkot<\/strong>is k\u00edn\u00e1l, a szem\u00e9lyes vaping szok\u00e1sokt\u00f3l f\u00fcgg\u0151en.<\/p>\n<p data-start=\"2543\" data-end=\"2713\"><strong data-start=\"2543\" data-end=\"2594\">2. \u00dajrat\u00f6lthet\u0151 a WGA 35k eldobhat\u00f3 vape?<\/strong><br data-start=\"2594\" data-end=\"2597\" \/>Igen, tartozik hozz\u00e1 egy <strong data-start=\"2618\" data-end=\"2656\">550mAh Type-C \u00fajrat\u00f6lthet\u0151 akkumul\u00e1torral rendelkezik<\/strong>, amely lehet\u0151v\u00e9 teszi az \u00fajrat\u00f6lt\u00e9st ugyanazon eszk\u00f6z haszn\u00e1lata k\u00f6zben.<\/p>\n<p data-start=\"2715\" data-end=\"2825\"><strong data-start=\"2715\" data-end=\"2759\">3. Milyen nikotiner\u0151ss\u00e9gek \u00e9rhet\u0151k el?<\/strong><br data-start=\"2759\" data-end=\"2762\" \/>A k\u00e9sz\u00fcl\u00e9k mindk\u00e9t v\u00e1ltozatban kaphat\u00f3 <strong data-start=\"2794\" data-end=\"2822\">2% \u00e9s 5% nikotinszintek<\/strong>.<\/p>\n<p data-start=\"2827\" data-end=\"3023\"><strong data-start=\"2827\" data-end=\"2896\">4. Mi k\u00fcl\u00f6nb\u00f6zteti meg a WGA Ultra 35k-t a t\u00f6bbi eldobhat\u00f3 eszk\u00f6zt\u0151l?<\/strong><br data-start=\"2896\" data-end=\"2899\" \/>Mit\u0151l egyedi a Bang Vape 35000? <strong data-start=\"2903\" data-end=\"2966\">dupla h\u00e1l\u00f3s tekercs, digit\u00e1lis kijelz\u0151 \u00e9s 35 ml e-liquid kapacit\u00e1s<\/strong> megk\u00fcl\u00f6nb\u00f6zteti, teljes\u00edtm\u00e9nyt \u00e9s ir\u00e1ny\u00edt\u00e1st biztos\u00edtva.<\/p>\n<p data-start=\"3025\" data-end=\"3207\"><strong data-start=\"3025\" data-end=\"3088\">5. H\u00e1ny \u00edzt k\u00edn\u00e1l a WGA 35k eldobhat\u00f3 vape?<\/strong><br data-start=\"3088\" data-end=\"3091\" \/>Kaphat\u00f3 <strong data-start=\"3103\" data-end=\"3117\">30 \u00edz<\/strong>, a gy\u00fcm\u00f6lcs\u00f6s kever\u00e9kekt\u0151l, mint a Strawberry Kiwi, a mer\u00e9szebb opci\u00f3kig, mint a Jager Red Energy.<\/p>\n<\/div>\n<\/div>\n<\/div>\n<\/div>\n<\/div>","protected":false},"excerpt":{"rendered":"<p data-start=\"274\" data-end=\"349\"><strong data-start=\"274\" data-end=\"347\">WGA Crystal Ultra 35k Eldobhat\u00f3 Vape 35000 Sz\u00edv\u00e1s Nagykeresked\u00e9s Eur\u00f3p\u00e1ban<\/strong><\/p>\n<p data-start=\"274\" data-end=\"349\"><strong data-start=\"353\" data-end=\"424\">WGA 35k Eldobhat\u00f3 Vape Digit\u00e1lis Kijelz\u0151vel<\/strong><\/p>\n<p data-start=\"430\" data-end=\"494\"><strong data-start=\"430\" data-end=\"492\">V\u00e1s\u00e1roljon WGA Ultra 35000 Sz\u00edv\u00e1s Vape-et Online \u2013 Legjobb Akci\u00f3s \u00c1r<\/strong><\/p>\n<p><strong>Add hozz\u00e1 Amy whatsappj\u00e1t, hogy azonnali v\u00e1laszt \u00e9s kedvezm\u00e9nyes \u00e1rat kapj!<\/strong><\/p>\n<p><img fetchpriority=\"high\" decoding=\"async\" class=\"size-full wp-image-2932\" src=\"https:\/\/vapestornado.com\/wp-content\/uploads\/2024\/12\/Vape-Wholesale.jpg\" alt=\"Vape nagykereskedelem\" width=\"229\" height=\"300\" \/><\/p>\n<h3><a href=\"https:\/\/wa.me\/8617776015835\"><span style=\"color: #ff0000;\"><strong>WhatsApp: +86 17776015835<\/strong><\/span><\/a><\/h3>\n<p>&nbsp;<\/p>","protected":false},"featured_media":4311,"comment_status":"open","ping_status":"closed","template":"","meta":{"_acf_changed":false,"_uag_custom_page_level_css":"","_lmt_disableupdate":"no","_lmt_disable":"","_monsterinsights_skip_tracking":false,"_monsterinsights_sitenote_active":false,"_monsterinsights_sitenote_note":"","_monsterinsights_sitenote_category":0,"site-sidebar-layout":"default","site-content-layout":"","ast-site-content-layout":"default","site-content-style":"default","site-sidebar-style":"default","ast-global-header-display":"","ast-banner-title-visibility":"","ast-main-header-display":"","ast-hfb-above-header-display":"","ast-hfb-below-header-display":"","ast-hfb-mobile-header-display":"","site-post-title":"","ast-breadcrumbs-content":"","ast-featured-img":"","footer-sml-layout":"","ast-disable-related-posts":"","theme-transparent-header-meta":"default","adv-header-id-meta":"","stick-header-meta":"","header-above-stick-meta":"","header-main-stick-meta":"","header-below-stick-meta":"","astra-migrate-meta-layouts":"set","ast-page-background-enabled":"default","ast-page-background-meta":{"desktop":{"background-color":"","background-image":"","background-repeat":"repeat","background-position":"center center","background-size":"auto","background-attachment":"scroll","background-type":"","background-media":"","overlay-type":"","overlay-color":"","overlay-opacity":"","overlay-gradient":""},"tablet":{"background-color":"","background-image":"","background-repeat":"repeat","background-position":"center center","background-size":"auto","background-attachment":"scroll","background-type":"","background-media":"","overlay-type":"","overlay-color":"","overlay-opacity":"","overlay-gradient":""},"mobile":{"background-color":"","background-image":"","background-repeat":"repeat","background-position":"center center","background-size":"auto","background-attachment":"scroll","background-type":"","background-media":"","overlay-type":"","overlay-color":"","overlay-opacity":"","overlay-gradient":""}},"ast-content-background-meta":{"desktop":{"background-color":"var(--ast-global-color-5)","background-image":"","background-repeat":"repeat","background-position":"center center","background-size":"auto","background-attachment":"scroll","background-type":"","background-media":"","overlay-type":"","overlay-color":"","overlay-opacity":"","overlay-gradient":""},"tablet":{"background-color":"var(--ast-global-color-5)","background-image":"","background-repeat":"repeat","background-position":"center center","background-size":"auto","background-attachment":"scroll","background-type":"","background-media":"","overlay-type":"","overlay-color":"","overlay-opacity":"","overlay-gradient":""},"mobile":{"background-color":"var(--ast-global-color-5)","background-image":"","background-repeat":"repeat","background-position":"center center","background-size":"auto","background-attachment":"scroll","background-type":"","background-media":"","overlay-type":"","overlay-color":"","overlay-opacity":"","overlay-gradient":""}},"_joinchat":{"telephone":"17776015835"}},"product_brand":[],"product_cat":[19,175,149,158,143,146,171],"product_tag":[342,340,339,341],"class_list":{"0":"post-4312","1":"product","2":"type-product","3":"status-publish","4":"has-post-thumbnail","6":"product_cat-vapes","7":"product_cat-35000-puff","8":"product_cat-buy-disposable-vapes-in-austria","9":"product_cat-buy-disposable-vapes-in-spain","10":"product_cat-dual-mesh-disposable-vapes","11":"product_cat-rechargeable-disposable-vapes","12":"product_cat-vapsolo-disposable-vapes","13":"product_tag-wga-35000-puff","14":"product_tag-wga-35k","15":"product_tag-wga-crystal-ultra-35k","16":"product_tag-wga-crystal-vape","17":"desktop-align-left","18":"tablet-align-left","19":"mobile-align-left","21":"first","22":"instock","23":"sale","24":"shipping-taxable","25":"purchasable","26":"product-type-simple"},"acf":[],"uagb_featured_image_src":{"full":["https:\/\/vapestornado.com\/wp-content\/uploads\/2025\/08\/Wholesale-WGA-Ultra-35000-Puffs-Disposable-Vape.webp",800,800,false],"thumbnail":["https:\/\/vapestornado.com\/wp-content\/uploads\/2025\/08\/Wholesale-WGA-Ultra-35000-Puffs-Disposable-Vape-150x150.webp",150,150,true],"medium":["https:\/\/vapestornado.com\/wp-content\/uploads\/2025\/08\/Wholesale-WGA-Ultra-35000-Puffs-Disposable-Vape-300x300.webp",300,300,true],"medium_large":["https:\/\/vapestornado.com\/wp-content\/uploads\/2025\/08\/Wholesale-WGA-Ultra-35000-Puffs-Disposable-Vape-768x768.webp",768,768,true],"large":["https:\/\/vapestornado.com\/wp-content\/uploads\/2025\/08\/Wholesale-WGA-Ultra-35000-Puffs-Disposable-Vape.webp",800,800,false],"1536x1536":["https:\/\/vapestornado.com\/wp-content\/uploads\/2025\/08\/Wholesale-WGA-Ultra-35000-Puffs-Disposable-Vape.webp",800,800,false],"2048x2048":["https:\/\/vapestornado.com\/wp-content\/uploads\/2025\/08\/Wholesale-WGA-Ultra-35000-Puffs-Disposable-Vape.webp",800,800,false],"trp-custom-language-flag":["https:\/\/vapestornado.com\/wp-content\/uploads\/2025\/08\/Wholesale-WGA-Ultra-35000-Puffs-Disposable-Vape-12x12.webp",12,12,true],"woocommerce_thumbnail":["https:\/\/vapestornado.com\/wp-content\/uploads\/2025\/08\/Wholesale-WGA-Ultra-35000-Puffs-Disposable-Vape-300x300.webp",300,300,true],"woocommerce_single":["https:\/\/vapestornado.com\/wp-content\/uploads\/2025\/08\/Wholesale-WGA-Ultra-35000-Puffs-Disposable-Vape-600x600.webp",600,600,true],"woocommerce_gallery_thumbnail":["https:\/\/vapestornado.com\/wp-content\/uploads\/2025\/08\/Wholesale-WGA-Ultra-35000-Puffs-Disposable-Vape-100x100.webp",100,100,true]},"uagb_author_info":{"display_name":"ESAMY","author_link":"https:\/\/vapestornado.com\/hu\/author\/"},"uagb_comment_info":1,"uagb_excerpt":"WGA Crystal Ultra 35k Disposable Vape 35000 Puffs Wholesale in Europe WGA 35k Disposable Vape with Digital Display &amp; Rechargeable Battery Buy WGA Ultra 35000 Puff Vape Online \u2013 Best Discount Price Add Amy's whatsapp to get right reply and discount price! WhatsApp: +86 17776015835 &nbsp;","_links":{"self":[{"href":"https:\/\/vapestornado.com\/hu\/wp-json\/wp\/v2\/product\/4312","targetHints":{"allow":["GET"]}}],"collection":[{"href":"https:\/\/vapestornado.com\/hu\/wp-json\/wp\/v2\/product"}],"about":[{"href":"https:\/\/vapestornado.com\/hu\/wp-json\/wp\/v2\/types\/product"}],"replies":[{"embeddable":true,"href":"https:\/\/vapestornado.com\/hu\/wp-json\/wp\/v2\/comments?post=4312"}],"wp:featuredmedia":[{"embeddable":true,"href":"https:\/\/vapestornado.com\/hu\/wp-json\/wp\/v2\/media\/4311"}],"wp:attachment":[{"href":"https:\/\/vapestornado.com\/hu\/wp-json\/wp\/v2\/media?parent=4312"}],"wp:term":[{"taxonomy":"product_brand","embeddable":true,"href":"https:\/\/vapestornado.com\/hu\/wp-json\/wp\/v2\/product_brand?post=4312"},{"taxonomy":"product_cat","embeddable":true,"href":"https:\/\/vapestornado.com\/hu\/wp-json\/wp\/v2\/product_cat?post=4312"},{"taxonomy":"product_tag","embeddable":true,"href":"https:\/\/vapestornado.com\/hu\/wp-json\/wp\/v2\/product_tag?post=4312"}],"curies":[{"name":"wp","href":"https:\/\/api.w.org\/{rel}","templated":true}]}}