{"id":4132,"date":"2025-04-14T09:56:44","date_gmt":"2025-04-14T09:56:44","guid":{"rendered":"https:\/\/vapestornado.com\/?post_type=product&#038;p=4132"},"modified":"2025-12-05T07:13:53","modified_gmt":"2025-12-05T07:13:53","slug":"bang-box-kingdoms-rex-40000-puffs-digital-double-flavor-disposable-vape","status":"publish","type":"product","link":"https:\/\/vapestornado.com\/hu\/product\/bang-box-kingdoms-rex-40000-puffs-digital-double-flavor-disposable-vape\/","title":{"rendered":"Bang Kingdoms Rex 40000 Puffs Digit\u00e1lis K\u00e9t \u00cdz\u0171 Egyszer haszn\u00e1latos Vape Doboz"},"content":{"rendered":"<h1 data-pm-slice=\"1 1 []\">Bang Box Kingdoms Rex 40000 Sz\u00edv\u00e1s Digit\u00e1lis Dupla \u00cdz\u0171 Eldobhat\u00f3 Vape<\/h1>\n<p data-start=\"1129\" data-end=\"1370\">Bang Kingdoms Rex 40000 p\u00e1ros\u00edt egy val\u00f3di k\u00e9t \u00edz\u0171 60ml-es k\u00e9szletet (30ml+30ml) egy okos k\u00e9perny\u0151vel, h\u00e1l\u00f3s tekercsel, \u00e9s Type-C \u00fajrat\u00f6lthet\u0151 energi\u00e1val, hogy ak\u00e1r 40 000 sz\u00edv\u00e1st biztos\u00edtson egy kapcsol\u00f3val k\u00e9szen \u00e1ll\u00f3 eszk\u00f6zben.<\/p>\n<p data-start=\"570\" data-end=\"887\"><strong data-start=\"570\" data-end=\"614\">40 000 sz\u00edv\u00e1st t\u00e1mogat val\u00f3di kapacit\u00e1ssal.<\/strong><br data-start=\"614\" data-end=\"617\" \/>A <strong data-start=\"621\" data-end=\"669\">Bang Kingdoms Rex 40000 Puffs egyszer haszn\u00e1latos vape<\/strong> k\u00f6r\u00e9 \u00e9p\u00fcl <strong data-start=\"686\" data-end=\"709\">60ml \u00f6sszes e-liquid<\/strong>, k\u00e9t f\u00fcggetlen 30ml-es tart\u00e1lyra osztva. Ez a t\u00e9rfogat teszi lehet\u0151v\u00e9, hogy az eszk\u00f6z hosszabb ideig m\u0171k\u00f6dj\u00f6n napi haszn\u00e1lat sor\u00e1n, seg\u00edtve a felhaszn\u00e1l\u00f3kat elker\u00fclni a gyakori cser\u00e9ket, amelyek jellemz\u0151ek a kisebb egyszer haszn\u00e1latos eszk\u00f6z\u00f6kre.<\/p>\n<p data-start=\"889\" data-end=\"1165\"><strong data-start=\"889\" data-end=\"933\">K\u00e9t \u00edz\u0171 rendszer tiszta v\u00e1lt\u00e1ssal.<\/strong><br data-start=\"933\" data-end=\"936\" \/>Ez <strong data-start=\"941\" data-end=\"971\">40000 sz\u00edv\u00e1sos egyszer haszn\u00e1latos vape<\/strong> egy <strong data-start=\"979\" data-end=\"1010\">2 az 1-ben dupla \u00edz\u0171 form\u00e1tum<\/strong>: k\u00e9t \u00edz k\u00fcl\u00f6n t\u00e1rolva, b\u00e1rmikor v\u00e1ltogathat\u00f3, amikor a preferenci\u00e1k v\u00e1ltoznak. A sz\u00e9tv\u00e1laszt\u00e1s meg\u0151rzi minden profil egyedis\u00e9g\u00e9t, nem keveredik \u00f6ssze id\u0151vel.<\/p>\n<p data-start=\"1167\" data-end=\"1479\"><strong data-start=\"1167\" data-end=\"1211\">H\u00e1l\u00f3s tekercs teljes\u00edtm\u00e9ny a stabil \u00edz\u00e9rt.<\/strong><br data-start=\"1211\" data-end=\"1214\" \/>Fejlett <strong data-start=\"1223\" data-end=\"1236\">h\u00e1l\u00f3s tekercs<\/strong> meleg\u00edt\u00e9s egyenletesen osztja el a h\u0151t a tekercs fel\u00fclet\u00e9n. Gyakorlatban ez t\u00e1mogatja a sima l\u00e9g\u00e1raml\u00e1st \u00e9s a stabil \u00edzlead\u00e1st hossz\u00fa \u00fcl\u00e9sek sor\u00e1n, k\u00fcl\u00f6n\u00f6sen fontos nagy kapacit\u00e1s\u00fa eszk\u00f6z\u00f6k eset\u00e9n, ahol k\u00e9s\u0151i \u00edzcs\u00f6kken\u00e9s gyakran el\u0151fordul.<\/p>\n<p data-start=\"1481\" data-end=\"1702\"><strong data-start=\"1481\" data-end=\"1522\">Okos kijelz\u0151 a val\u00f3s idej\u0171 nyomon k\u00f6vet\u00e9shez.<\/strong><br data-start=\"1522\" data-end=\"1525\" \/>Egy be\u00e9p\u00edtett digit\u00e1lis kijelz\u0151 egy\u00e9rtelm\u0171en mutatja. <strong data-start=\"1557\" data-end=\"1594\">akkumul\u00e1tor t\u00f6lt\u00f6tts\u00e9gi szintj\u00e9t \u00e9s az e-liquid \u00e1llapot\u00e1t<\/strong> Felhaszn\u00e1l\u00f3k t\u00f6lthetik \u00fajra, miel\u0151tt az energia alacsony lesz, \u00e9s elker\u00fclhetik a v\u00e1ratlan sz\u00e1raz sz\u00edv\u00e1sokat, amikor a tart\u00e1ly k\u00f6zel\u00edt a ki\u00fcr\u00fcl\u00e9shez.<\/p>\n<p data-start=\"1704\" data-end=\"1956\"><strong data-start=\"1704\" data-end=\"1747\">\u00dajrat\u00f6lthet\u0151 Type-C t\u00f6lt\u0151 a teljes haszn\u00e1lathoz.<\/strong><br data-start=\"1747\" data-end=\"1750\" \/>A <strong data-start=\"1754\" data-end=\"1792\">650mAh Type-C \u00fajrat\u00f6lthet\u0151 akkumul\u00e1tor<\/strong> hossz\u00fa \u00fczemidej\u0171 vapel\u00e9sre m\u00e9retezve. A t\u00f6lt\u00e9s azt jelenti, hogy a Rex 40000 addig haszn\u00e1lhat\u00f3, am\u00edg mindk\u00e9t tart\u00e1ly ki nem fogy, nem pedig kor\u00e1n eldobva az akkumul\u00e1tor kimer\u00fcl\u00e9se miatt.<\/p>\n<p data-start=\"666\" data-end=\"1235\"><strong style=\"font-size: 16px;\"><span style=\"color: #ff0000;\">Add hozz\u00e1 Amy WhatsApp-j\u00e1t, hogy azonnali v\u00e1laszt \u00e9s kedvezm\u00e9nyes \u00e1rat kapj!<\/span><\/strong><\/p>\n<p><img fetchpriority=\"high\" decoding=\"async\" class=\"size-full wp-image-2932\" src=\"https:\/\/vapestornado.com\/wp-content\/uploads\/2024\/12\/Vape-Wholesale.jpg\" alt=\"Vape nagykereskedelem\" width=\"229\" height=\"300\" \/><\/p>\n<h3><a href=\"https:\/\/wa.me\/8617776015835\" target=\"_blank\" rel=\"noopener\"><span style=\"color: #ff0000;\"><strong>WhatsApp: +86 17776015835<\/strong><\/span><\/a><\/h3>\n<h2><\/h2>\n<h2 data-start=\"1258\" data-end=\"1303\">Bang Kingdoms Rex 40000 F\u0151bb Jellemz\u0151k<\/h2>\n<table>\n<thead>\n<tr>\n<th>Jellemz\u0151 \/ Param\u00e9ter<\/th>\n<th align=\"right\">Spec<\/th>\n<th>Magyar\u00e1zat<\/th>\n<\/tr>\n<\/thead>\n<tbody>\n<tr>\n<td>Term\u00e9k neve<\/td>\n<td align=\"right\">Bang Kingdoms Rex 40000 slukkos eldobhat\u00f3 vape-vel<\/td>\n<td>\u00c1tl\u00e1that\u00f3 modelln\u00e9v keres\u00e9shez \u00e9s ism\u00e9telt rendel\u00e9shez.<\/td>\n<\/tr>\n<tr>\n<td>Slukkkapacit\u00e1s<\/td>\n<td align=\"right\">Ak\u00e1r 40 000 puff<\/td>\n<td>Magas fut\u00e1si id\u0151vel rendelkez\u0151 eldobhat\u00f3; kevesebb k\u00e9sz\u00fcl\u00e9kv\u00e1lt\u00e1s.<\/td>\n<\/tr>\n<tr>\n<td>E-liquid \u0171rtartalom<\/td>\n<td align=\"right\">\u00d6sszesen 60ml (30ml + 30ml)<\/td>\n<td>K\u00e9t teljes tart\u00e1ly egy testben, hossz\u00fa \u00e9lettartamot t\u00e1mogatva.<\/td>\n<\/tr>\n<tr>\n<td>\u00cdzrendszer<\/td>\n<td align=\"right\">2 az 1-ben dupla \u00edz<\/td>\n<td>V\u00e1lt\u00e1s k\u00e9t \u00edz k\u00f6z\u00f6tt an\u00e9lk\u00fcl, hogy m\u00e1s vapet kellene hordozni.<\/td>\n<\/tr>\n<tr>\n<td>Tekercs t\u00edpusa<\/td>\n<td align=\"right\">H\u00e1l\u00f3s tekercs<\/td>\n<td>Egyenletes hev\u00edt\u00e9s = sim\u00e1bb h\u00faz\u00e1sok \u00e9s stabilabb \u00edz.<\/td>\n<\/tr>\n<tr>\n<td>Akkumul\u00e1tor<\/td>\n<td align=\"right\">650mAh \u00fajrat\u00f6lthet\u0151<\/td>\n<td>T\u00f6ltsd \u00fajra, hogy mindk\u00e9t tart\u00e1lyt ki tudd haszn\u00e1lni, ahelyett, hogy elvesz\u00edten\u00e9d a sz\u00edv\u00e1sokat.<\/td>\n<\/tr>\n<tr>\n<td>T\u00f6lt\u00e9s<\/td>\n<td align=\"right\">USB Type-C gyors t\u00f6lt\u00e9s<\/td>\n<td>\u00c1ltal\u00e1nos k\u00e1bel szabv\u00e1ny; r\u00f6videbb le\u00e1ll\u00e1si id\u0151.<\/td>\n<\/tr>\n<tr>\n<td>Kijelz\u0151<\/td>\n<td align=\"right\">Digit\u00e1lis kijelz\u0151<\/td>\n<td>Val\u00f3s idej\u0171 mutatja az akkumul\u00e1tor \u00e9s az e-liquid szinteket.<\/td>\n<\/tr>\n<tr>\n<td>Nikotin opci\u00f3k<\/td>\n<td align=\"right\">0% \/ 2% \/ 5%<\/td>\n<td>Nulla nikotin felhaszn\u00e1l\u00f3knak, er\u0151sebb hat\u00e1s\u00fa preferenci\u00e1khoz.<\/td>\n<\/tr>\n<tr>\n<td>C\u00e9lpiac<\/td>\n<td align=\"right\">EU kiskereskedelem &amp; nagykereskedelem<\/td>\n<td>Nagy kapacit\u00e1s + dupla \u00edz megfelel a jelenlegi keresleti trendeknek.<\/td>\n<\/tr>\n<\/tbody>\n<\/table>\n<p>&nbsp;<\/p>\n<figure id=\"attachment_4127\" aria-describedby=\"caption-attachment-4127\" style=\"width: 800px\" class=\"wp-caption alignnone\"><img decoding=\"async\" class=\"wp-image-4127 size-full\" src=\"https:\/\/vapestornado.com\/wp-content\/uploads\/2025\/04\/Bang-Box-Vape-40000-Double-Flavor.webp\" alt=\"Bang Box Vape 40000 Dupla \u00cdz\" width=\"800\" height=\"800\" srcset=\"https:\/\/vapestornado.com\/wp-content\/uploads\/2025\/04\/Bang-Box-Vape-40000-Double-Flavor.webp 800w, https:\/\/vapestornado.com\/wp-content\/uploads\/2025\/04\/Bang-Box-Vape-40000-Double-Flavor-300x300.webp 300w, https:\/\/vapestornado.com\/wp-content\/uploads\/2025\/04\/Bang-Box-Vape-40000-Double-Flavor-150x150.webp 150w, https:\/\/vapestornado.com\/wp-content\/uploads\/2025\/04\/Bang-Box-Vape-40000-Double-Flavor-768x768.webp 768w, https:\/\/vapestornado.com\/wp-content\/uploads\/2025\/04\/Bang-Box-Vape-40000-Double-Flavor-600x600.webp 600w, https:\/\/vapestornado.com\/wp-content\/uploads\/2025\/04\/Bang-Box-Vape-40000-Double-Flavor-100x100.webp 100w\" sizes=\"(max-width: 800px) 100vw, 800px\" \/><figcaption id=\"caption-attachment-4127\" class=\"wp-caption-text\">Bang Kingdoms Rex 40000 Dupla \u00cdz<\/figcaption><\/figure>\n<h2 class=\"product-title\"><strong>Bang Kingdoms Rex 40000 Eldobhat\u00f3 \u00cdzek List\u00e1ja<\/strong><\/h2>\n<article class=\"w-full text-token-text-primary focus-visible:outline-2 focus-visible:outline-offset-[-4px]\" dir=\"auto\" data-testid=\"conversation-turn-32\" data-scroll-anchor=\"false\">\n<div class=\"m-auto text-base py-[18px] px-6\">\n<div class=\"mx-auto flex flex-1 text-base gap-4 md:gap-5 lg:gap-6 md:max-w-3xl lg:max-w-[40rem] xl:max-w-[48rem]\">\n<div class=\"group\/conversation-turn relative flex w-full min-w-0 flex-col @xs\/thread:px-0 @sm\/thread:px-1.5 @md\/thread:px-4\">\n<div class=\"flex-col gap-1 md:gap-3\">\n<div class=\"flex max-w-full flex-col flex-grow\">\n<div class=\"min-h-8 text-message flex w-full flex-col items-end gap-2 whitespace-normal break-words text-start [.text-message+&amp;]:mt-5\" dir=\"auto\" data-message-author-role=\"user\" data-message-id=\"ffac41ca-1db4-431b-873a-32c4052956f1\">\n<div class=\"flex w-full flex-col gap-1 empty:hidden items-end rtl:items-start\">\n<div class=\"relative max-w-[var(--user-chat-width,70%)] rounded-3xl bg-token-message-surface px-5 py-2.5\">\n<div class=\"absolute bottom-0 right-full top-0 -mr-3.5 hidden pr-5 pt-2 [.group\/conversation-turn:hover_&amp;]:flex\">\n<div class=\"flex\">\n<article class=\"w-full text-token-text-primary focus-visible:outline-2 focus-visible:outline-offset-[-4px]\" dir=\"auto\" data-testid=\"conversation-turn-39\" data-scroll-anchor=\"true\">\n<div class=\"m-auto text-base py-[18px] px-6\">\n<div class=\"mx-auto flex flex-1 text-base gap-4 md:gap-5 lg:gap-6 md:max-w-3xl lg:max-w-[40rem] xl:max-w-[48rem]\">\n<div class=\"group\/conversation-turn relative flex w-full min-w-0 flex-col agent-turn @xs\/thread:px-0 @sm\/thread:px-1.5 @md\/thread:px-4\">\n<div class=\"flex-col gap-1 md:gap-3\">\n<div class=\"flex max-w-full flex-col flex-grow\">\n<div class=\"min-h-8 text-message flex w-full flex-col items-end gap-2 whitespace-normal break-words text-start [.text-message+&amp;]:mt-5\" dir=\"auto\" data-message-author-role=\"assistant\" data-message-id=\"55a23854-ec57-48dd-bd4f-6118f43d6241\" data-message-model-slug=\"gpt-4o\">\n<div class=\"flex w-full flex-col gap-1 empty:hidden first:pt-[3px]\">\n<div class=\"markdown prose w-full break-words dark:prose-invert light\">\n<p class=\"\" data-start=\"2451\" data-end=\"2502\">1.\u00c1fonya g\u00f6r\u00f6gdinnye<br \/>\n2.\u00c1fonya j\u00e9g<br \/>\n3. Eper Kiwi<br \/>\n4. Eper \u00e9s G\u00f6r\u00f6gdinnye<br \/>\n5. Eper Kiwi<br \/>\n6. Eper G\u00f6r\u00f6gdinnye<br \/>\n7. \u00c1fonya M\u00e1lna<br \/>\n8. G\u00f6r\u00f6gdinnye J\u00e9g<br \/>\n9. Red Bull<br \/>\n10. G\u00f6r\u00f6gdinnye J\u00e9g<br \/>\n11. Red Bull<br \/>\n12. \u00c1fonya J\u00e9g<\/p>\n<\/div>\n<\/div>\n<\/div>\n<\/div>\n<\/div>\n<\/div>\n<\/div>\n<\/div>\n<\/article>\n<\/div>\n<\/div>\n<\/div>\n<\/div>\n<\/div>\n<\/div>\n<\/div>\n<\/div>\n<\/div>\n<\/div>\n<\/article>\n<h2>Mi\u00e9rt v\u00e1lassza a Vapestornado-t Kingdoms Rex 40k nagykeresked\u00e9shez?<\/h2>\n<div class=\"flex-shrink-0 flex flex-col relative items-end\">\n<div class=\"pt-0\">\n<div class=\"gizmo-bot-avatar flex h-8 w-8 items-center justify-center overflow-hidden rounded-full\">\n<div class=\"relative p-1 rounded-sm flex items-center justify-center bg-token-main-surface-primary text-token-text-primary h-8 w-8\">\n<p>A Vapestornado-n\u00e1l nem csak vape-eket \u00e1rulunk \u2013 \u00e9rt\u00e9ket, min\u0151s\u00e9get \u00e9s szolg\u00e1ltat\u00e1st ny\u00fajtunk, amire sz\u00e1m\u00edthat. Mint a Kingdoms Rex 40000 megb\u00edzhat\u00f3 nagykereskedelmi besz\u00e1ll\u00edt\u00f3ja<strong data-start=\"410\" data-end=\"449\">\u00a0Eldobhat\u00f3 Vape<\/strong>, mi k\u00edn\u00e1lunk <strong data-start=\"460\" data-end=\"488\">versenyk\u00e9pes t\u00f6meges \u00e1rakat<\/strong>, biztos\u00edtva, hogy a <strong data-start=\"511\" data-end=\"537\">legalacsonyabb nagykereskedelmi \u00e1rakat<\/strong> kapja an\u00e9lk\u00fcl, hogy a term\u00e9k hiteless\u00e9g\u00e9t vesz\u00e9lyeztetn\u00e9. Csapatunk csak <strong data-start=\"608\" data-end=\"634\">100%-ban eredeti term\u00e9keket<\/strong> v\u00e1logat k\u00e9zzel, garant\u00e1lt teljes\u00edtm\u00e9nnyel \u00e9s \u00edzk\u00f6vetkezetess\u00e9ggel. A <strong data-start=\"692\" data-end=\"716\">gyors glob\u00e1lis sz\u00e1ll\u00edt\u00e1ssal<\/strong>, egy dedik\u00e1lt <strong data-start=\"730\" data-end=\"766\">\u00fcgyf\u00e9lmenedzserrel a nagy mennyis\u00e9g\u0171 \u00fcgyfelek sz\u00e1m\u00e1ra<\/strong>, \u00e9s a val\u00f3s idej\u0171 k\u00e9szletfriss\u00edt\u00e9sekkel v\u00e1llalkoz\u00e1sa a piac el\u0151tt marad. Ak\u00e1r vape bolt, forgalmaz\u00f3 vagy online \u00e9rt\u00e9kes\u00edt\u0151, <strong data-start=\"901\" data-end=\"917\">Vapestornado<\/strong> az \u00d6n megb\u00edzhat\u00f3 partnere a <strong data-start=\"947\" data-end=\"994\">nagy kereslet\u0171 term\u00e9kekhez, mint a Bang Box 50k Puff<\/strong>\u2013 professzion\u00e1lis szolg\u00e1ltat\u00e1ssal \u00e9s verhetetlen aj\u00e1nlatokkal t\u00e1mogatva.<\/p>\n<p data-start=\"559\" data-end=\"933\" data-is-last-node=\"\" data-is-only-node=\"\">Van n\u00e9h\u00e1ny m\u00e1s n\u00e9pszer\u0171, kijelz\u0151vel ell\u00e1tott vape term\u00e9k\u00fcnk is, mint p\u00e9ld\u00e1ul a <a href=\"https:\/\/vapestornado.com\/hu\/product\/solaris-25000-puff-solar-charging-dispsoable-vape-kit-usa\/\">SOLARIS 25000 SZ\u00cdV\u00c1S<\/a>, <a href=\"https:\/\/vapestornado.com\/hu\/product\/elfbar-planet-25000-wholesale-disposable-vape-kit-with-digital-screen\/\">ELF BAR Planet 25000<\/a>, <a href=\"https:\/\/vapestornado.com\/hu\/product\/elfworld-ai22000-22k-puff-disposable-vape-pen-kit-best-seller-in-poland\/\">Elf VIL\u00c1G AI 22000<\/a>, \u00e9s m\u00e9g sok m\u00e1s.<\/p>\n<\/div>\n<div class=\"relative p-1 rounded-sm flex items-center justify-center bg-token-main-surface-primary text-token-text-primary h-8 w-8\">\n<h2>GYIK<\/h2>\n<p data-start=\"3075\" data-end=\"3298\"><strong data-start=\"3075\" data-end=\"3154\">Sz\u00fcks\u00e9g\u00fck van-e k\u00fcl\u00f6n t\u00f6lt\u0151re az eldobhat\u00f3 term\u00e9kekhez a Bang Kingdoms Rex 40000 eset\u00e9n?<\/strong><br data-start=\"3154\" data-end=\"3157\" \/>Nem. A <strong data-start=\"3165\" data-end=\"3213\">Bang Kingdoms Rex 40000 Puffs egyszer haszn\u00e1latos vape<\/strong> t\u00f6lthet\u0151 <strong data-start=\"3226\" data-end=\"3240\">USB Type-C<\/strong>, \u00edgy b\u00e1rmilyen szabv\u00e1nyos Type-C k\u00e1bel \u00e9s biztons\u00e1gos USB adapter m\u0171k\u00f6dik.<\/p>\n<p data-start=\"3300\" data-end=\"3595\"><strong data-start=\"3300\" data-end=\"3392\">2. Melyik eldobhat\u00f3 k\u00e9sz\u00fcl\u00e9k tart a legtov\u00e1bb: Bang Kingdoms Rex 40000 vagy egy 20k-s vape?<\/strong><br data-start=\"3392\" data-end=\"3395\" \/>A mindennapi haszn\u00e1lat sor\u00e1n a <strong data-start=\"3416\" data-end=\"3443\">Bang Kir\u00e1lys\u00e1gok Rex 40000<\/strong> \u00e1ltal\u00e1ban tov\u00e1bb tart, mert egyes\u00edti a <strong data-start=\"3487\" data-end=\"3552\">40 000 sz\u00edv\u00e1s, \u00f6sszesen 60 ml e-liquid, \u00e9s \u00fajrat\u00f6lthet\u0151 akkumul\u00e1tor<\/strong>, m\u00edg a legt\u00f6bb 20k-s k\u00e9sz\u00fcl\u00e9k kevesebb folyad\u00e9kot tartalmaz.<\/p>\n<p data-start=\"3597\" data-end=\"3837\"><strong data-start=\"3597\" data-end=\"3667\">3. \u00c9rdemes megvenni a Bang Kingdoms Rex 40000 dupla \u00edz rendszer\u00e9t?<\/strong><br data-start=\"3667\" data-end=\"3670\" \/>Igen azoknak, akik v\u00e1ltogatj\u00e1k az \u00edzeket. A <strong data-start=\"3708\" data-end=\"3752\">Bang Kingdoms Rex 40000 dupla \u00edzes vape<\/strong> elrendez\u00e9se k\u00fcl\u00f6n tartja az \u00edzeket, \u00edgy a v\u00e1lt\u00e1s tiszta marad, \u00e9s nem keveredik az \u00edz.<\/p>\n<p data-start=\"3839\" data-end=\"4094\"><strong data-start=\"3839\" data-end=\"3923\">4. Gyorsabban v\u00e1lik f\u00fcgg\u0151v\u00e9 az eldobhat\u00f3 k\u00e9sz\u00fcl\u00e9k haszn\u00e1lata, bele\u00e9rtve a Bang Kingdoms Rex 40000-et is?<\/strong><br data-start=\"3923\" data-end=\"3926\" \/>A f\u00fcgg\u0151s\u00e9g kock\u00e1zata f\u00fcgg <strong data-start=\"3952\" data-end=\"3994\">nikotinszint \u00e9s a haszn\u00e1lat gyakoris\u00e1ga<\/strong>, nem csak a puffok sz\u00e1m\u00e1t\u00f3l. A <strong data-start=\"4022\" data-end=\"4038\">0% \/ 2% \/ 5%<\/strong> lehet\u0151v\u00e9 teszi a felhaszn\u00e1l\u00f3knak, hogy a saj\u00e1t ig\u00e9nyeikhez ill\u0151 szintet v\u00e1lasszanak.<\/p>\n<p data-start=\"4096\" data-end=\"4377\"><strong data-start=\"4096\" data-end=\"4170\">5. Elvihetem-e a Bang Kingdoms Rex 40000 eldobhat\u00f3 vape-et rep\u00fcl\u0151g\u00e9pen?<\/strong><br data-start=\"4170\" data-end=\"4173\" \/>A legt\u00f6bb l\u00e9git\u00e1rsas\u00e1g enged\u00e9lyezi az eldobhat\u00f3 eszk\u00f6z\u00f6ket <strong data-start=\"4205\" data-end=\"4233\">csak a k\u00e9zipoggy\u00e1szban<\/strong>, nem ellen\u0151rz\u00f6tt poggy\u00e1szban, az akkumul\u00e1torszab\u00e1lyok miatt. Tartsa <strong data-start=\"4284\" data-end=\"4332\">Bang Kingdoms Rex 40000 Puffs egyszer haszn\u00e1latos vape<\/strong> z\u00e1rt \u00e1llapotban, \u00e9s k\u00f6vesse a l\u00e9git\u00e1rsas\u00e1g vagy helyi szab\u00e1lyokat.<\/p>\n<\/div>\n<\/div>\n<\/div>\n<\/div>","protected":false},"excerpt":{"rendered":"<p class=\"LC20lb MBeuO DKV0Md\">Bang Kingdoms Rex 40000 2 az 1-ben eldobhat\u00f3 vape akci\u00f3s \u00e1ron<br \/>\nBang Box 40000 digit\u00e1lis vape doboz nagykereskedelmi olcs\u00f3 \u00e1ron<br \/>\nBig Puff Vape Bang Box Kingdoms Rex 40k eldobhat\u00f3 g\u0151z\u00f6l\u0151<\/p>\n<p><strong>Add hozz\u00e1 Amy whatsappj\u00e1t, hogy azonnali v\u00e1laszt \u00e9s kedvezm\u00e9nyes \u00e1rat kapj!<\/strong><\/p>\n<p><img fetchpriority=\"high\" decoding=\"async\" class=\"size-full wp-image-2932\" src=\"https:\/\/vapestornado.com\/wp-content\/uploads\/2024\/12\/Vape-Wholesale.jpg\" alt=\"Vape nagykereskedelem\" width=\"229\" height=\"300\" \/><\/p>\n<h3><a href=\"https:\/\/wa.me\/8617776015835\"><span style=\"color: #ff0000;\"><strong>WhatsApp: +86 17776015835<\/strong><\/span><\/a><\/h3>\n<p>&nbsp;<\/p>","protected":false},"featured_media":4131,"comment_status":"open","ping_status":"closed","template":"","meta":{"_acf_changed":false,"_uag_custom_page_level_css":"","_lmt_disableupdate":"no","_lmt_disable":"","_monsterinsights_skip_tracking":false,"_monsterinsights_sitenote_active":false,"_monsterinsights_sitenote_note":"","_monsterinsights_sitenote_category":0,"site-sidebar-layout":"default","site-content-layout":"","ast-site-content-layout":"default","site-content-style":"default","site-sidebar-style":"default","ast-global-header-display":"","ast-banner-title-visibility":"","ast-main-header-display":"","ast-hfb-above-header-display":"","ast-hfb-below-header-display":"","ast-hfb-mobile-header-display":"","site-post-title":"","ast-breadcrumbs-content":"","ast-featured-img":"","footer-sml-layout":"","ast-disable-related-posts":"","theme-transparent-header-meta":"default","adv-header-id-meta":"","stick-header-meta":"","header-above-stick-meta":"","header-main-stick-meta":"","header-below-stick-meta":"","astra-migrate-meta-layouts":"set","ast-page-background-enabled":"default","ast-page-background-meta":{"desktop":{"background-color":"","background-image":"","background-repeat":"repeat","background-position":"center center","background-size":"auto","background-attachment":"scroll","background-type":"","background-media":"","overlay-type":"","overlay-color":"","overlay-opacity":"","overlay-gradient":""},"tablet":{"background-color":"","background-image":"","background-repeat":"repeat","background-position":"center center","background-size":"auto","background-attachment":"scroll","background-type":"","background-media":"","overlay-type":"","overlay-color":"","overlay-opacity":"","overlay-gradient":""},"mobile":{"background-color":"","background-image":"","background-repeat":"repeat","background-position":"center center","background-size":"auto","background-attachment":"scroll","background-type":"","background-media":"","overlay-type":"","overlay-color":"","overlay-opacity":"","overlay-gradient":""}},"ast-content-background-meta":{"desktop":{"background-color":"var(--ast-global-color-5)","background-image":"","background-repeat":"repeat","background-position":"center center","background-size":"auto","background-attachment":"scroll","background-type":"","background-media":"","overlay-type":"","overlay-color":"","overlay-opacity":"","overlay-gradient":""},"tablet":{"background-color":"var(--ast-global-color-5)","background-image":"","background-repeat":"repeat","background-position":"center center","background-size":"auto","background-attachment":"scroll","background-type":"","background-media":"","overlay-type":"","overlay-color":"","overlay-opacity":"","overlay-gradient":""},"mobile":{"background-color":"var(--ast-global-color-5)","background-image":"","background-repeat":"repeat","background-position":"center center","background-size":"auto","background-attachment":"scroll","background-type":"","background-media":"","overlay-type":"","overlay-color":"","overlay-opacity":"","overlay-gradient":""}},"_joinchat":{"telephone":"17776015835"}},"product_brand":[],"product_cat":[65,62,150,152,142,146],"product_tag":[475,335,334,105,476,195],"class_list":{"0":"post-4132","1":"product","2":"type-product","3":"status-publish","4":"has-post-thumbnail","6":"product_cat-40000-puff","7":"product_cat-bang-vape","8":"product_cat-buy-disposable-vapes-in-belgium","9":"product_cat-buy-disposable-vapes-in-cermany","10":"product_cat-digital-box-disposable-vapes","11":"product_cat-rechargeable-disposable-vapes","12":"product_tag-40k-puff-vape","13":"product_tag-bang-40000","14":"product_tag-bang-kingdoms-rex-40000","15":"product_tag-digital-disposable-vape","16":"product_tag-double-taste-disposable-vape","17":"product_tag-dual-flavor-disposable-vape","18":"desktop-align-left","19":"tablet-align-left","20":"mobile-align-left","22":"first","23":"instock","24":"sale","25":"shipping-taxable","26":"purchasable","27":"product-type-simple"},"acf":[],"uagb_featured_image_src":{"full":["https:\/\/vapestornado.com\/wp-content\/uploads\/2025\/04\/Wholesale-Bang-Kingdoms-40000-Puff-Vape-Pod.webp",800,800,false],"thumbnail":["https:\/\/vapestornado.com\/wp-content\/uploads\/2025\/04\/Wholesale-Bang-Kingdoms-40000-Puff-Vape-Pod-150x150.webp",150,150,true],"medium":["https:\/\/vapestornado.com\/wp-content\/uploads\/2025\/04\/Wholesale-Bang-Kingdoms-40000-Puff-Vape-Pod-300x300.webp",300,300,true],"medium_large":["https:\/\/vapestornado.com\/wp-content\/uploads\/2025\/04\/Wholesale-Bang-Kingdoms-40000-Puff-Vape-Pod-768x768.webp",768,768,true],"large":["https:\/\/vapestornado.com\/wp-content\/uploads\/2025\/04\/Wholesale-Bang-Kingdoms-40000-Puff-Vape-Pod.webp",800,800,false],"1536x1536":["https:\/\/vapestornado.com\/wp-content\/uploads\/2025\/04\/Wholesale-Bang-Kingdoms-40000-Puff-Vape-Pod.webp",800,800,false],"2048x2048":["https:\/\/vapestornado.com\/wp-content\/uploads\/2025\/04\/Wholesale-Bang-Kingdoms-40000-Puff-Vape-Pod.webp",800,800,false],"trp-custom-language-flag":["https:\/\/vapestornado.com\/wp-content\/uploads\/2025\/04\/Wholesale-Bang-Kingdoms-40000-Puff-Vape-Pod.webp",12,12,false],"woocommerce_thumbnail":["https:\/\/vapestornado.com\/wp-content\/uploads\/2025\/04\/Wholesale-Bang-Kingdoms-40000-Puff-Vape-Pod-300x300.webp",300,300,true],"woocommerce_single":["https:\/\/vapestornado.com\/wp-content\/uploads\/2025\/04\/Wholesale-Bang-Kingdoms-40000-Puff-Vape-Pod-600x600.webp",600,600,true],"woocommerce_gallery_thumbnail":["https:\/\/vapestornado.com\/wp-content\/uploads\/2025\/04\/Wholesale-Bang-Kingdoms-40000-Puff-Vape-Pod-100x100.webp",100,100,true]},"uagb_author_info":{"display_name":"ESAMY","author_link":"https:\/\/vapestornado.com\/hu\/author\/"},"uagb_comment_info":0,"uagb_excerpt":"Bang Kingdoms Rex 40000 2 in 1 Disposables Vape Discount Price Bang Box 40000 Digital Vape Box Wholesale Cheap Price Big Puff Vape Bang Box Kingdoms Rex 40k Disposables Vapor Add Amy's whatsapp to get right reply and discount price! WhatsApp: +86 17776015835 &nbsp;","_links":{"self":[{"href":"https:\/\/vapestornado.com\/hu\/wp-json\/wp\/v2\/product\/4132","targetHints":{"allow":["GET"]}}],"collection":[{"href":"https:\/\/vapestornado.com\/hu\/wp-json\/wp\/v2\/product"}],"about":[{"href":"https:\/\/vapestornado.com\/hu\/wp-json\/wp\/v2\/types\/product"}],"replies":[{"embeddable":true,"href":"https:\/\/vapestornado.com\/hu\/wp-json\/wp\/v2\/comments?post=4132"}],"wp:featuredmedia":[{"embeddable":true,"href":"https:\/\/vapestornado.com\/hu\/wp-json\/wp\/v2\/media\/4131"}],"wp:attachment":[{"href":"https:\/\/vapestornado.com\/hu\/wp-json\/wp\/v2\/media?parent=4132"}],"wp:term":[{"taxonomy":"product_brand","embeddable":true,"href":"https:\/\/vapestornado.com\/hu\/wp-json\/wp\/v2\/product_brand?post=4132"},{"taxonomy":"product_cat","embeddable":true,"href":"https:\/\/vapestornado.com\/hu\/wp-json\/wp\/v2\/product_cat?post=4132"},{"taxonomy":"product_tag","embeddable":true,"href":"https:\/\/vapestornado.com\/hu\/wp-json\/wp\/v2\/product_tag?post=4132"}],"curies":[{"name":"wp","href":"https:\/\/api.w.org\/{rel}","templated":true}]}}