{"id":4126,"date":"2025-04-14T03:07:08","date_gmt":"2025-04-14T03:07:08","guid":{"rendered":"https:\/\/vapestornado.com\/?post_type=product&#038;p=4126"},"modified":"2025-12-05T06:58:11","modified_gmt":"2025-12-05T06:58:11","slug":"bang-box-50000-puff-50k-disposables-vape-pod-double-flavour","status":"publish","type":"product","link":"https:\/\/vapestornado.com\/hu\/product\/bang-box-50000-puff-50k-disposables-vape-pod-double-flavour\/","title":{"rendered":"Bang Box 50000 Puff 50k eldobhat\u00f3 Vape Pod dupla \u00edzes\u00edt\u00e9ssel"},"content":{"rendered":"<h2 data-pm-slice=\"1 1 []\">Bang Box 50000 Puff 50k eldobhat\u00f3 Vape Pod dupla \u00edzes\u00edt\u00e9ssel<\/h2>\n<p data-start=\"1203\" data-end=\"1522\">Bang Box 50000 Puff egy 45ml-es k\u00e9t \u00edz\u0171 tart\u00e1llyal, 850mAh T\u00edpus-C \u00fajrat\u00f6lthet\u0151 akkumul\u00e1torral, h\u00e1l\u00f3s tekercsel \u00e9s okos k\u00e9perny\u0151vel egy eszk\u00f6zben, amely ak\u00e1r 50 000 szippant\u00e1sra k\u00e9pes, an\u00e9lk\u00fcl, hogy gyakran kellene cser\u00e9lni.<\/p>\n<p data-start=\"568\" data-end=\"863\"><strong data-start=\"568\" data-end=\"608\">Ak\u00e1r 50 000 szippant\u00e1s 45ml-es tart\u00e1llyal:<\/strong><br data-start=\"608\" data-end=\"611\" \/>Bang Box 50k hossz\u00fa napi haszn\u00e1latra lett tervezve. Az <strong data-start=\"656\" data-end=\"684\">45ml-es el\u0151re t\u00f6lt\u00f6tt kapacit\u00e1s<\/strong> t\u00e1mogatja a <strong data-start=\"698\" data-end=\"720\">50 000 szippant\u00e1sos \u00e9rt\u00e9kel\u00e9st<\/strong>, \u00edgy a felhaszn\u00e1l\u00f3k \u00e1ltal\u00e1ban sokkal hosszabb ideig haszn\u00e1lj\u00e1k az eszk\u00f6zt, mint a 10k\u201320k egyszer haszn\u00e1latos v\u00e1ltozatokn\u00e1l. Ez id\u0151vel stabilabb\u00e1 teszi a k\u00f6lts\u00e9get szippant\u00e1sonk\u00e9nt.<\/p>\n<p data-start=\"865\" data-end=\"1176\"><strong data-start=\"865\" data-end=\"916\">K\u00e9t \u00edz\u0171 Vape rendszer az azonnali v\u00e1lt\u00e1shoz:<\/strong><br data-start=\"916\" data-end=\"919\" \/>K\u00e9t \u00edzprofil \u00e9p\u00fclt be egy eszk\u00f6zbe. A <strong data-start=\"970\" data-end=\"991\">k\u00e9t \u00edz\u0171 be\u00e1ll\u00edt\u00e1s<\/strong> lehet\u0151v\u00e9 teszi a felhaszn\u00e1l\u00f3knak, hogy b\u00e1rmikor v\u00e1ltoztassanak \u00edzeket an\u00e9lk\u00fcl, hogy m\u00e1sodik vape-t kellene hordozniuk vagy \u00fajrat\u00f6lt\u00e9st v\u00e1rniuk. Gyakran haszn\u00e1lj\u00e1k azok, akik napk\u00f6zben v\u00e1ltogatnak az \u00e9des \u00e9s jeges profilok k\u00f6z\u00f6tt.<\/p>\n<p data-start=\"1178\" data-end=\"1456\"><strong data-start=\"1178\" data-end=\"1220\">H\u00e1l\u00f3s tekercs a stabil g\u0151z \u00e9s \u00edz \u00e9rdek\u00e9ben:<\/strong><br data-start=\"1220\" data-end=\"1223\" \/>A Bang Box 50000 puffos p\u00e1lca <strong data-start=\"1237\" data-end=\"1261\">mesh coil technol\u00f3gi\u00e1val<\/strong> egyenletesen meleg\u00edti a folyad\u00e9kot. Ez seg\u00edt elker\u00fclni a durva sz\u00e1raz szippant\u00e1sokat \u00e9s sima g\u0151zkibocs\u00e1t\u00e1st biztos\u00edt nagy tart\u00e1ly eset\u00e9n is \u2014 fontos, k\u00fcl\u00f6n\u00f6sen magas kapacit\u00e1s\u00fa eszk\u00f6z\u00f6kn\u00e9l, ahol az \u00edzvesztes\u00e9g k\u00e9s\u0151bb jelentkezhet az \u00e9lettartamban.<\/p>\n<p data-start=\"1458\" data-end=\"1707\"><strong data-start=\"1458\" data-end=\"1507\">Okos digit\u00e1lis kijelz\u0151 a val\u00f3s idej\u0171 nyomon k\u00f6vet\u00e9shez:<\/strong><br data-start=\"1507\" data-end=\"1510\" \/>A <strong data-start=\"1514\" data-end=\"1530\">okos kijelz\u0151t<\/strong> mutatja <strong data-start=\"1537\" data-end=\"1573\">akkumul\u00e1tor szint \u00e9s e-liquid szint<\/strong> mik\u00f6zben sz\u00edvod a vapet. Ez kik\u00fcsz\u00f6b\u00f6li a tal\u00e1lgat\u00e1sokat, \u00edgy a felhaszn\u00e1l\u00f3k felt\u00f6lthetik az eszk\u00f6zt, miel\u0151tt az energia lemer\u00fclne, \u00e9s elker\u00fclhetik a v\u00e1ratlan sz\u00e1raz szippant\u00e1sokat a tart\u00e1ly v\u00e9g\u00e9n\u00e9l.<\/p>\n<p data-start=\"1709\" data-end=\"1964\"><strong data-start=\"1709\" data-end=\"1748\">850mAh T\u00edpus-C \u00fajrat\u00f6lthet\u0151 akkumul\u00e1tor:<\/strong><br data-start=\"1748\" data-end=\"1751\" \/>A <strong data-start=\"1755\" data-end=\"1773\">850mAh akkumul\u00e1torral<\/strong> m\u00e9retezve egy nagy tankhoz \u00e9s magas sz\u00edv\u00e1si sz\u00e1mhoz. Ezzel <strong data-start=\"1824\" data-end=\"1852\">USB Type-C gyorst\u00f6lt\u00e9ssel<\/strong>, a le\u00e1ll\u00e1sok r\u00f6videk maradnak, \u00e9s a felhaszn\u00e1l\u00f3k befejezhetik az \u00f6sszes folyad\u00e9kell\u00e1t\u00e1st, ahelyett, hogy kor\u00e1n kidobn\u00e1k az alacsony teljes\u00edtm\u00e9ny miatt.<\/p>\n<p data-start=\"666\" data-end=\"1235\"><strong style=\"font-size: 16px;\"><span style=\"color: #ff0000;\">Add hozz\u00e1 Amy WhatsApp-j\u00e1t, hogy azonnali v\u00e1laszt \u00e9s kedvezm\u00e9nyes \u00e1rat kapj!<\/span><\/strong><\/p>\n<p><img fetchpriority=\"high\" decoding=\"async\" class=\"size-full wp-image-2932\" src=\"https:\/\/vapestornado.com\/wp-content\/uploads\/2024\/12\/Vape-Wholesale.jpg\" alt=\"Vape nagykereskedelem\" width=\"229\" height=\"300\" \/><\/p>\n<h3><a href=\"https:\/\/wa.me\/8617776015835\" target=\"_blank\" rel=\"noopener\"><span style=\"color: #ff0000;\"><strong>WhatsApp: +86 17776015835<\/strong><\/span><\/a><\/h3>\n<h2><\/h2>\n<h2 data-start=\"1258\" data-end=\"1303\"><strong data-start=\"1265\" data-end=\"1303\">Mi\u00e9rt kihagyhatatlan a Bang Box 50k?<\/strong><\/h2>\n<table>\n<thead>\n<tr>\n<th>Jellemz\u0151 \/ Param\u00e9ter<\/th>\n<th align=\"right\">Spec<\/th>\n<th>Magyar\u00e1zat<\/th>\n<\/tr>\n<\/thead>\n<tbody>\n<tr>\n<td>Term\u00e9k neve<\/td>\n<td align=\"right\">Bang Box 50000 Puffs eldobhat\u00f3 vape megb\u00edzhat\u00f3 nagykereskedelmi sz\u00e1ll\u00edt\u00f3ja<\/td>\n<td>\u00c1tl\u00e1that\u00f3 modelln\u00e9v ism\u00e9telt rendel\u00e9sekhez \u00e9s keres\u00e9shez.<\/td>\n<\/tr>\n<tr>\n<td>Slukkkapacit\u00e1s<\/td>\n<td align=\"right\">Ak\u00e1r 50 000 sz\u00edv\u00e1s<\/td>\n<td>Magas fut\u00e1s\u00fa egyszer haszn\u00e1latos; kevesebb csere.<\/td>\n<\/tr>\n<tr>\n<td>E-liquid \u0171rtartalom<\/td>\n<td align=\"right\">45ml el\u0151re t\u00f6lt\u00f6tt<\/td>\n<td>Nagy tart\u00e1ly, ami hossz\u00fa \u00fcl\u00e9seket t\u00e1mogat an\u00e9lk\u00fcl, hogy \u00fajrat\u00f6lten\u00e9d.<\/td>\n<\/tr>\n<tr>\n<td>\u00cdzrendszer<\/td>\n<td align=\"right\">Kett\u0151s \u00cdz\u0171 Vape<\/td>\n<td>K\u00e9t \u00edz egy k\u00e9sz\u00fcl\u00e9kben; b\u00e1rmikor kapcsolhat\u00f3.<\/td>\n<\/tr>\n<tr>\n<td>Tekercs t\u00edpusa<\/td>\n<td align=\"right\">H\u00e1l\u00f3s tekercs<\/td>\n<td>Egyszer\u0171 f\u0171t\u00e9s = sim\u00e1bb h\u00faz\u00e1sok \u00e9s egyenletesebb \u00edz.<\/td>\n<\/tr>\n<tr>\n<td>Akkumul\u00e1tor<\/td>\n<td align=\"right\">850mAh \u00fajrat\u00f6lthet\u0151<\/td>\n<td>T\u00f6ltsd \u00fajra, hogy az \u00f6sszes e-folyad\u00e9kot felhaszn\u00e1ld, ahelyett, hogy pukkan\u00e1sokat pazaroln\u00e1l.<\/td>\n<\/tr>\n<tr>\n<td>T\u00f6lt\u00e9s<\/td>\n<td align=\"right\">USB Type-C<\/td>\n<td>\u00c1ltal\u00e1nos gyors t\u00f6lt\u00e9si szabv\u00e1ny; k\u00f6nny\u0171 k\u00e1bel hozz\u00e1f\u00e9r\u00e9s.<\/td>\n<\/tr>\n<tr>\n<td>Kijelz\u0151<\/td>\n<td align=\"right\">Okos digit\u00e1lis kijelz\u0151<\/td>\n<td>Val\u00f3s idej\u0171 kijelz\u0151 a t\u00f6lt\u00f6tts\u00e9g \u00e9s az e-folyad\u00e9k szintj\u00e9r\u0151l.<\/td>\n<\/tr>\n<tr>\n<td>C\u00e9lzott Felhaszn\u00e1l\u00f3k<\/td>\n<td align=\"right\">K\u00f6z\u00f6ns\u00e9ges \u00e9s intenz\u00edv vaperek<\/td>\n<td>Hossz\u00fa kapacit\u00e1s egyszer\u0171 m\u0171k\u00f6d\u00e9ssel, mindk\u00e9t csoportnak megfelel.<\/td>\n<\/tr>\n<tr>\n<td>Piaci Illeszked\u00e9s<\/td>\n<td align=\"right\">EU kiskereskedelem &amp; nagykereskedelem<\/td>\n<td>Magas sz\u00edv\u00e1si sz\u00e1m + kett\u0151s \u00edz t\u00e1mogatja az ism\u00e9telt v\u00e1s\u00e1rl\u00e1st.<\/td>\n<\/tr>\n<\/tbody>\n<\/table>\n<h2 class=\"product-title\"><strong>Bang Box 50000 Puffs Eldobhat\u00f3 K\u00e9sz\u00fcl\u00e9kek \u00cdzek \u00c1ttekint\u00e9se<\/strong><\/h2>\n<article class=\"w-full text-token-text-primary focus-visible:outline-2 focus-visible:outline-offset-[-4px]\" dir=\"auto\" data-testid=\"conversation-turn-32\" data-scroll-anchor=\"false\">\n<div class=\"m-auto text-base py-[18px] px-6\">\n<div class=\"mx-auto flex flex-1 text-base gap-4 md:gap-5 lg:gap-6 md:max-w-3xl lg:max-w-[40rem] xl:max-w-[48rem]\">\n<div class=\"group\/conversation-turn relative flex w-full min-w-0 flex-col @xs\/thread:px-0 @sm\/thread:px-1.5 @md\/thread:px-4\">\n<div class=\"flex-col gap-1 md:gap-3\">\n<div class=\"flex max-w-full flex-col flex-grow\">\n<div class=\"min-h-8 text-message flex w-full flex-col items-end gap-2 whitespace-normal break-words text-start [.text-message+&amp;]:mt-5\" dir=\"auto\" data-message-author-role=\"user\" data-message-id=\"ffac41ca-1db4-431b-873a-32c4052956f1\">\n<div class=\"flex w-full flex-col gap-1 empty:hidden items-end rtl:items-start\">\n<div class=\"relative max-w-[var(--user-chat-width,70%)] rounded-3xl bg-token-message-surface px-5 py-2.5\">\n<div class=\"absolute bottom-0 right-full top-0 -mr-3.5 hidden pr-5 pt-2 [.group\/conversation-turn:hover_&amp;]:flex\">\n<div class=\"flex\">\n<article class=\"w-full text-token-text-primary focus-visible:outline-2 focus-visible:outline-offset-[-4px]\" dir=\"auto\" data-testid=\"conversation-turn-39\" data-scroll-anchor=\"true\">\n<div class=\"m-auto text-base py-[18px] px-6\">\n<div class=\"mx-auto flex flex-1 text-base gap-4 md:gap-5 lg:gap-6 md:max-w-3xl lg:max-w-[40rem] xl:max-w-[48rem]\">\n<div class=\"group\/conversation-turn relative flex w-full min-w-0 flex-col agent-turn @xs\/thread:px-0 @sm\/thread:px-1.5 @md\/thread:px-4\">\n<div class=\"flex-col gap-1 md:gap-3\">\n<div class=\"flex max-w-full flex-col flex-grow\">\n<div class=\"min-h-8 text-message flex w-full flex-col items-end gap-2 whitespace-normal break-words text-start [.text-message+&amp;]:mt-5\" dir=\"auto\" data-message-author-role=\"assistant\" data-message-id=\"55a23854-ec57-48dd-bd4f-6118f43d6241\" data-message-model-slug=\"gpt-4o\">\n<div class=\"flex w-full flex-col gap-1 empty:hidden first:pt-[3px]\">\n<div class=\"markdown prose w-full break-words dark:prose-invert light\">\n<p class=\"\" data-start=\"2451\" data-end=\"2502\">1. Eper Kiwi<br \/>\n2. G\u00f6r\u00f6gdinnye R\u00e1g\u00f3gumi<br \/>\n3. Anan\u00e1sz Mang\u00f3 \u0150szibarack<br \/>\n4. Red Bull<br \/>\n5. \u0150szibarackl\u00e9<br \/>\n6. Alma K\u00f6rte<br \/>\n7. \u00c1fonya J\u00e9g<br \/>\n8. Fekete S\u00e1rk\u00e1ny J\u00e9g<br \/>\n9. \u00c1fonya Savany\u00fa M\u00e1lna J\u00e9g<br \/>\n10. Eper M\u00e1lna Cukorka<br \/>\n11. K\u00e9k M\u00e1lna J\u00e9g<br \/>\n12. Eper J\u00e9g<\/p>\n<figure id=\"attachment_4121\" aria-describedby=\"caption-attachment-4121\" style=\"width: 851px\" class=\"wp-caption alignnone\"><img decoding=\"async\" class=\"wp-image-4121 size-full\" src=\"https:\/\/vapestornado.com\/wp-content\/uploads\/2025\/04\/Bang-Box-50000-Puff-50k-Vape.webp\" alt=\"Bang Box 50000 Puffs 50k Vape\" width=\"851\" height=\"851\" srcset=\"https:\/\/vapestornado.com\/wp-content\/uploads\/2025\/04\/Bang-Box-50000-Puff-50k-Vape.webp 851w, https:\/\/vapestornado.com\/wp-content\/uploads\/2025\/04\/Bang-Box-50000-Puff-50k-Vape-300x300.webp 300w, https:\/\/vapestornado.com\/wp-content\/uploads\/2025\/04\/Bang-Box-50000-Puff-50k-Vape-150x150.webp 150w, https:\/\/vapestornado.com\/wp-content\/uploads\/2025\/04\/Bang-Box-50000-Puff-50k-Vape-768x768.webp 768w, https:\/\/vapestornado.com\/wp-content\/uploads\/2025\/04\/Bang-Box-50000-Puff-50k-Vape-600x600.webp 600w, https:\/\/vapestornado.com\/wp-content\/uploads\/2025\/04\/Bang-Box-50000-Puff-50k-Vape-100x100.webp 100w\" sizes=\"(max-width: 851px) 100vw, 851px\" \/><figcaption id=\"caption-attachment-4121\" class=\"wp-caption-text\">Bang Box 50000 Puffs 50k Vape<\/figcaption><\/figure>\n<\/div>\n<\/div>\n<\/div>\n<\/div>\n<\/div>\n<\/div>\n<\/div>\n<\/div>\n<\/article>\n<\/div>\n<\/div>\n<\/div>\n<\/div>\n<\/div>\n<\/div>\n<\/div>\n<\/div>\n<\/div>\n<\/div>\n<\/article>\n<h2>Mi\u00e9rt v\u00e1lassza a Vapestornad\u00f3t a Bang Box 50000 Puffs nagykereskedelm\u00e9hez?<\/h2>\n<div class=\"flex-shrink-0 flex flex-col relative items-end\">\n<div class=\"pt-0\">\n<div class=\"gizmo-bot-avatar flex h-8 w-8 items-center justify-center overflow-hidden rounded-full\">\n<div class=\"relative p-1 rounded-sm flex items-center justify-center bg-token-main-surface-primary text-token-text-primary h-8 w-8\">\n<p>A Vapestornad\u00f3n\u00e1l nem csak vape-eket \u00e1rulunk \u2013 \u00e9rt\u00e9ket, min\u0151s\u00e9get \u00e9s szolg\u00e1ltat\u00e1st ny\u00fajtunk, amire sz\u00e1m\u00edthat. Mint a <strong data-start=\"410\" data-end=\"449\">Bang Box 50000 Puffs eldobhat\u00f3 vape megb\u00edzhat\u00f3 nagykereskedelmi sz\u00e1ll\u00edt\u00f3ja<\/strong>, mi k\u00edn\u00e1lunk <strong data-start=\"460\" data-end=\"488\">versenyk\u00e9pes t\u00f6meges \u00e1rakat<\/strong>, biztos\u00edtva, hogy a <strong data-start=\"511\" data-end=\"537\">legalacsonyabb nagykereskedelmi \u00e1rakat<\/strong> kapja an\u00e9lk\u00fcl, hogy a term\u00e9k hiteless\u00e9g\u00e9t vesz\u00e9lyeztetn\u00e9. Csapatunk csak <strong data-start=\"608\" data-end=\"634\">100%-ban eredeti term\u00e9keket<\/strong> v\u00e1logat k\u00e9zzel, garant\u00e1lt teljes\u00edtm\u00e9nnyel \u00e9s \u00edzk\u00f6vetkezetess\u00e9ggel. A <strong data-start=\"692\" data-end=\"716\">gyors glob\u00e1lis sz\u00e1ll\u00edt\u00e1ssal<\/strong>, egy dedik\u00e1lt <strong data-start=\"730\" data-end=\"766\">\u00fcgyf\u00e9lmenedzserrel a nagy mennyis\u00e9g\u0171 \u00fcgyfelek sz\u00e1m\u00e1ra<\/strong>, \u00e9s a val\u00f3s idej\u0171 k\u00e9szletfriss\u00edt\u00e9sekkel v\u00e1llalkoz\u00e1sa a piac el\u0151tt marad. Ak\u00e1r vape bolt, forgalmaz\u00f3 vagy online \u00e9rt\u00e9kes\u00edt\u0151, <strong data-start=\"901\" data-end=\"917\">Vapestornado<\/strong> az \u00d6n megb\u00edzhat\u00f3 partnere a <strong data-start=\"947\" data-end=\"994\">nagy kereslet\u0171 term\u00e9kekhez, mint a Bang Box 50k Puff<\/strong>\u2013 professzion\u00e1lis szolg\u00e1ltat\u00e1ssal \u00e9s verhetetlen aj\u00e1nlatokkal t\u00e1mogatva.<\/p>\n<p data-start=\"559\" data-end=\"933\" data-is-last-node=\"\" data-is-only-node=\"\">Van n\u00e9h\u00e1ny m\u00e1s n\u00e9pszer\u0171, kijelz\u0151vel ell\u00e1tott vape term\u00e9k\u00fcnk is, mint p\u00e9ld\u00e1ul a <a href=\"https:\/\/vapestornado.com\/hu\/product\/solaris-25000-puff-solar-charging-dispsoable-vape-kit-usa\/\">SOLARIS 25000 SZ\u00cdV\u00c1S<\/a>, <a href=\"https:\/\/vapestornado.com\/hu\/product\/elfbar-planet-25000-wholesale-disposable-vape-kit-with-digital-screen\/\">ELF BAR Planet 25000<\/a>, <a href=\"https:\/\/vapestornado.com\/hu\/product\/elfworld-ai22000-22k-puff-disposable-vape-pen-kit-best-seller-in-poland\/\">Elf VIL\u00c1G AI 22000<\/a>, \u00e9s m\u00e9g sok m\u00e1s.<\/p>\n<\/div>\n<div class=\"relative p-1 rounded-sm flex items-center justify-center bg-token-main-surface-primary text-token-text-primary h-8 w-8\">\n<h2>GYIK<\/h2>\n<p data-start=\"3043\" data-end=\"3258\"><strong data-start=\"3043\" data-end=\"3118\">1. Sz\u00fcks\u00e9g\u00fck van a hullad\u00e9kterm\u00e9keknek k\u00fcl\u00f6n t\u00f6lt\u0151re a Bang Box 50000 Puffhoz?<\/strong><br data-start=\"3118\" data-end=\"3121\" \/>Nem. A <strong data-start=\"3129\" data-end=\"3168\">Bang Box 50000 Puffs eldobhat\u00f3 vape megb\u00edzhat\u00f3 nagykereskedelmi sz\u00e1ll\u00edt\u00f3ja<\/strong> haszn\u00e1lja <strong data-start=\"3174\" data-end=\"3188\">USB Type-C<\/strong>, \u00edgy b\u00e1rmilyen szabv\u00e1nyos Type-C k\u00e1bel \u00e9s biztons\u00e1gos USB t\u00f6lt\u0151adapter m\u0171k\u00f6dik.<\/p>\n<p data-start=\"3260\" data-end=\"3561\"><strong data-start=\"3260\" data-end=\"3350\">2. Melyik eldobhat\u00f3 k\u00e9sz\u00fcl\u00e9k tart a legtov\u00e1bb: Bang Box 50000 Puff vagy Bang box 30k eszk\u00f6z?<\/strong><br data-start=\"3350\" data-end=\"3353\" \/>A mindennapi haszn\u00e1lat sor\u00e1n a <strong data-start=\"3374\" data-end=\"3397\">Bang Box 50000 Puff<\/strong> \u00e1ltal\u00e1ban tov\u00e1bb tart, mert egyes\u00edti a <strong data-start=\"3441\" data-end=\"3500\">50 000 sz\u00edv\u00e1s, 45ml e-folyad\u00e9k, \u00e9s \u00fajrat\u00f6lthet\u0151 akkumul\u00e1tor<\/strong>, mik\u00f6zben a legt\u00f6bb 30k modell kevesebb folyad\u00e9kot tartalmaz \u00e9s hamarabb kifogy.<\/p>\n<p data-start=\"3563\" data-end=\"3814\"><strong data-start=\"3563\" data-end=\"3627\">3. \u00c9rdemes-e a Bang Box 50000 Puff kett\u0151s \u00edz rendszer?<\/strong><br data-start=\"3627\" data-end=\"3630\" \/>Igen, ha az \u00edzv\u00e1laszt\u00e9k sz\u00e1m\u00edt. A <strong data-start=\"3665\" data-end=\"3705\">Bang Box 50000 Puff kett\u0151s \u00edz\u0171 vape<\/strong> form\u00e1tum k\u00e9t profilt ad egy testben, \u00edgy az \u00edzek v\u00e1lt\u00e1sa azonnali, \u00e9s nem ig\u00e9nyel m\u00e1sodik eszk\u00f6zt.<\/p>\n<p data-start=\"3816\" data-end=\"4050\"><strong data-start=\"3816\" data-end=\"3886\">4. Meg\u0151rzi-e a Bang Box 50000 Puff az \u00edzt a v\u00e9g\u00e9hez k\u00f6zeledve?<\/strong><br data-start=\"3886\" data-end=\"3889\" \/>A <strong data-start=\"3893\" data-end=\"3906\">h\u00e1l\u00f3s tekercs<\/strong> Seg\u00edt fenntartani az egyenletes h\u0151m\u00e9rs\u00e9kletet egy nagy tart\u00e1lyban, cs\u00f6kkentve a k\u00e9s\u0151i \u00edzveszt\u00e9st \u00e9s a sz\u00e1raz r\u00e1nt\u00e1sokat, amelyek magas kapacit\u00e1s\u00fa eldobhat\u00f3 k\u00e9sz\u00fcl\u00e9kekn\u00e9l fordulhatnak el\u0151.<\/p>\n<p data-start=\"4052\" data-end=\"4308\"><strong data-start=\"4052\" data-end=\"4122\">5. Hozhatok egy Bang Box 50000 Puff eldobhat\u00f3 vapet rep\u00fcl\u0151re?<\/strong><br data-start=\"4122\" data-end=\"4125\" \/>A legt\u00f6bb l\u00e9git\u00e1rsas\u00e1g enged\u00e9lyezi az eldobhat\u00f3 eszk\u00f6z\u00f6ket <strong data-start=\"4157\" data-end=\"4185\">csak k\u00e9zipoggy\u00e1szk\u00e9nt<\/strong>, nem ellen\u0151rz\u00f6tt poggy\u00e1szban, mert akkumul\u00e1torokat tartalmaznak. Tartsa <strong data-start=\"4246\" data-end=\"4269\">Bang Box 50000 Puff<\/strong> z\u00e1rva \u00e9s k\u00f6vesse a l\u00e9git\u00e1rsas\u00e1g vagy helyi szab\u00e1lyokat.<\/p>\n<\/div>\n<\/div>\n<\/div>\n<\/div>","protected":false},"excerpt":{"rendered":"<p class=\"LC20lb MBeuO DKV0Md\">Bang Box 50000 Puff Dobozos Egyszer haszn\u00e1latos Vape 45ml K\u00e9t \u00cdz\u0171 Tart\u00e1llyal<br \/>\nBang Box 50000 Puff K\u00e9t \u00cdz\u0171 Vape Okos Digit\u00e1lis Kijelz\u0151vel<br \/>\nBang Box 50k Puff T\u00edpus-C \u00dajrat\u00f6lthet\u0151 H\u00e1l\u00f3s Tekercs Egyszer haszn\u00e1latos Eszk\u00f6z<\/p>\n<p><strong>Add hozz\u00e1 Amy whatsappj\u00e1t, hogy azonnali v\u00e1laszt \u00e9s kedvezm\u00e9nyes \u00e1rat kapj!<\/strong><\/p>\n<p><img fetchpriority=\"high\" decoding=\"async\" class=\"size-full wp-image-2932\" src=\"https:\/\/vapestornado.com\/wp-content\/uploads\/2024\/12\/Vape-Wholesale.jpg\" alt=\"Vape nagykereskedelem\" width=\"229\" height=\"300\" \/><\/p>\n<h3><a href=\"https:\/\/wa.me\/8617776015835\"><span style=\"color: #ff0000;\"><strong>WhatsApp: +86 17776015835<\/strong><\/span><\/a><\/h3>\n<p>&nbsp;<\/p>","protected":false},"featured_media":4122,"comment_status":"open","ping_status":"closed","template":"","meta":{"_acf_changed":false,"_uag_custom_page_level_css":"","_lmt_disableupdate":"no","_lmt_disable":"","_monsterinsights_skip_tracking":false,"_monsterinsights_sitenote_active":false,"_monsterinsights_sitenote_note":"","_monsterinsights_sitenote_category":0,"site-sidebar-layout":"default","site-content-layout":"","ast-site-content-layout":"default","site-content-style":"default","site-sidebar-style":"default","ast-global-header-display":"","ast-banner-title-visibility":"","ast-main-header-display":"","ast-hfb-above-header-display":"","ast-hfb-below-header-display":"","ast-hfb-mobile-header-display":"","site-post-title":"","ast-breadcrumbs-content":"","ast-featured-img":"","footer-sml-layout":"","ast-disable-related-posts":"","theme-transparent-header-meta":"default","adv-header-id-meta":"","stick-header-meta":"","header-above-stick-meta":"","header-main-stick-meta":"","header-below-stick-meta":"","astra-migrate-meta-layouts":"set","ast-page-background-enabled":"default","ast-page-background-meta":{"desktop":{"background-color":"","background-image":"","background-repeat":"repeat","background-position":"center center","background-size":"auto","background-attachment":"scroll","background-type":"","background-media":"","overlay-type":"","overlay-color":"","overlay-opacity":"","overlay-gradient":""},"tablet":{"background-color":"","background-image":"","background-repeat":"repeat","background-position":"center center","background-size":"auto","background-attachment":"scroll","background-type":"","background-media":"","overlay-type":"","overlay-color":"","overlay-opacity":"","overlay-gradient":""},"mobile":{"background-color":"","background-image":"","background-repeat":"repeat","background-position":"center center","background-size":"auto","background-attachment":"scroll","background-type":"","background-media":"","overlay-type":"","overlay-color":"","overlay-opacity":"","overlay-gradient":""}},"ast-content-background-meta":{"desktop":{"background-color":"var(--ast-global-color-5)","background-image":"","background-repeat":"repeat","background-position":"center center","background-size":"auto","background-attachment":"scroll","background-type":"","background-media":"","overlay-type":"","overlay-color":"","overlay-opacity":"","overlay-gradient":""},"tablet":{"background-color":"var(--ast-global-color-5)","background-image":"","background-repeat":"repeat","background-position":"center center","background-size":"auto","background-attachment":"scroll","background-type":"","background-media":"","overlay-type":"","overlay-color":"","overlay-opacity":"","overlay-gradient":""},"mobile":{"background-color":"var(--ast-global-color-5)","background-image":"","background-repeat":"repeat","background-position":"center center","background-size":"auto","background-attachment":"scroll","background-type":"","background-media":"","overlay-type":"","overlay-color":"","overlay-opacity":"","overlay-gradient":""}},"_joinchat":{"telephone":"17776015835"}},"product_brand":[],"product_cat":[192,64,150,151,142,146],"product_tag":[332,333,474,105,195,189],"class_list":{"0":"post-4126","1":"product","2":"type-product","3":"status-publish","4":"has-post-thumbnail","6":"product_cat-50000-puff","7":"product_cat-bangbox-vape","8":"product_cat-buy-disposable-vapes-in-belgium","9":"product_cat-buy-disposable-vapes-in-france","10":"product_cat-digital-box-disposable-vapes","11":"product_cat-rechargeable-disposable-vapes","12":"product_tag-bang-box-50000","13":"product_tag-bang-box-50k","14":"product_tag-bang-hot-sale-vape","15":"product_tag-digital-disposable-vape","16":"product_tag-dual-flavor-disposable-vape","17":"product_tag-puff-50k","18":"desktop-align-left","19":"tablet-align-left","20":"mobile-align-left","22":"first","23":"instock","24":"sale","25":"shipping-taxable","26":"purchasable","27":"product-type-simple"},"acf":[],"uagb_featured_image_src":{"full":["https:\/\/vapestornado.com\/wp-content\/uploads\/2025\/04\/Bang-Box-50000-Puff-Best-Double-Flavor-Vape-scaled.webp",2560,2560,false],"thumbnail":["https:\/\/vapestornado.com\/wp-content\/uploads\/2025\/04\/Bang-Box-50000-Puff-Best-Double-Flavor-Vape-150x150.webp",150,150,true],"medium":["https:\/\/vapestornado.com\/wp-content\/uploads\/2025\/04\/Bang-Box-50000-Puff-Best-Double-Flavor-Vape-300x300.webp",300,300,true],"medium_large":["https:\/\/vapestornado.com\/wp-content\/uploads\/2025\/04\/Bang-Box-50000-Puff-Best-Double-Flavor-Vape-768x768.webp",768,768,true],"large":["https:\/\/vapestornado.com\/wp-content\/uploads\/2025\/04\/Bang-Box-50000-Puff-Best-Double-Flavor-Vape-1024x1024.webp",1024,1024,true],"1536x1536":["https:\/\/vapestornado.com\/wp-content\/uploads\/2025\/04\/Bang-Box-50000-Puff-Best-Double-Flavor-Vape-1536x1536.webp",1536,1536,true],"2048x2048":["https:\/\/vapestornado.com\/wp-content\/uploads\/2025\/04\/Bang-Box-50000-Puff-Best-Double-Flavor-Vape-2048x2048.webp",2048,2048,true],"trp-custom-language-flag":["https:\/\/vapestornado.com\/wp-content\/uploads\/2025\/04\/Bang-Box-50000-Puff-Best-Double-Flavor-Vape-scaled.webp",12,12,false],"woocommerce_thumbnail":["https:\/\/vapestornado.com\/wp-content\/uploads\/2025\/04\/Bang-Box-50000-Puff-Best-Double-Flavor-Vape-300x300.webp",300,300,true],"woocommerce_single":["https:\/\/vapestornado.com\/wp-content\/uploads\/2025\/04\/Bang-Box-50000-Puff-Best-Double-Flavor-Vape-600x600.webp",600,600,true],"woocommerce_gallery_thumbnail":["https:\/\/vapestornado.com\/wp-content\/uploads\/2025\/04\/Bang-Box-50000-Puff-Best-Double-Flavor-Vape-100x100.webp",100,100,true]},"uagb_author_info":{"display_name":"ESAMY","author_link":"https:\/\/vapestornado.com\/hu\/author\/"},"uagb_comment_info":0,"uagb_excerpt":"Bang Box 50000 Puff Disposable Vape with 45ml Dual-Flavor Tank Bang Box 50000 Puff Dual Flavour Vape with Smart Digital Display Bang Box 50k Puff Type-C Rechargeable Mesh Coil Disposable Device Add Amy's whatsapp to get right reply and discount price! WhatsApp: +86 17776015835 &nbsp;","_links":{"self":[{"href":"https:\/\/vapestornado.com\/hu\/wp-json\/wp\/v2\/product\/4126","targetHints":{"allow":["GET"]}}],"collection":[{"href":"https:\/\/vapestornado.com\/hu\/wp-json\/wp\/v2\/product"}],"about":[{"href":"https:\/\/vapestornado.com\/hu\/wp-json\/wp\/v2\/types\/product"}],"replies":[{"embeddable":true,"href":"https:\/\/vapestornado.com\/hu\/wp-json\/wp\/v2\/comments?post=4126"}],"wp:featuredmedia":[{"embeddable":true,"href":"https:\/\/vapestornado.com\/hu\/wp-json\/wp\/v2\/media\/4122"}],"wp:attachment":[{"href":"https:\/\/vapestornado.com\/hu\/wp-json\/wp\/v2\/media?parent=4126"}],"wp:term":[{"taxonomy":"product_brand","embeddable":true,"href":"https:\/\/vapestornado.com\/hu\/wp-json\/wp\/v2\/product_brand?post=4126"},{"taxonomy":"product_cat","embeddable":true,"href":"https:\/\/vapestornado.com\/hu\/wp-json\/wp\/v2\/product_cat?post=4126"},{"taxonomy":"product_tag","embeddable":true,"href":"https:\/\/vapestornado.com\/hu\/wp-json\/wp\/v2\/product_tag?post=4126"}],"curies":[{"name":"wp","href":"https:\/\/api.w.org\/{rel}","templated":true}]}}