{"id":4118,"date":"2025-04-13T08:12:11","date_gmt":"2025-04-13T08:12:11","guid":{"rendered":"https:\/\/vapestornado.com\/?post_type=product&#038;p=4118"},"modified":"2025-08-21T12:11:56","modified_gmt":"2025-08-21T12:11:56","slug":"solaris-25000-puff-solar-charging-dispsoable-vape-kit-usa","status":"publish","type":"product","link":"https:\/\/vapestornado.com\/hu\/product\/solaris-25000-puff-solar-charging-dispsoable-vape-kit-usa\/","title":{"rendered":"Solaris 25000 Sz\u00edv\u00e1s Napelemes T\u00f6lt\u00e9s\u0171 Eldobhat\u00f3 Vape K\u00e9szlet Hungary"},"content":{"rendered":"<h1 data-pm-slice=\"1 1 []\">Solaris 25000 Sz\u00edv\u00e1s Napelemes T\u00f6lt\u00e9s\u0171 Eldobhat\u00f3 Vape K\u00e9szlet Hungary<\/h1>\n<p data-start=\"309\" data-end=\"774\">A <strong data-start=\"313\" data-end=\"361\">Solaris 25000 Napelemes t\u00f6lt\u00e9s\u0171 eldobhat\u00f3 vape<\/strong> \u00faj szabv\u00e1nyt vezet be a fenntarthat\u00f3s\u00e1g \u00e9s a teljes\u00edtm\u00e9ny ter\u00e9n. Mint az els\u0151 <strong data-start=\"436\" data-end=\"468\">25 000 Puffs Eldobhat\u00f3 Vape<\/strong> be\u00e9p\u00edtett napelem\u00e9vel \u00f6tv\u00f6zi a k\u00f6rnyezetbar\u00e1t t\u00f6lt\u00e9st a nagy kapacit\u00e1s\u00fa tart\u00f3ss\u00e1ggal, \u00edgy praktikus megold\u00e1st k\u00edn\u00e1l a hossz\u00fa t\u00e1v\u00fa haszn\u00e1latra. A 18 ml-es el\u0151ret\u00f6lt\u00f6tt e-liquid tart\u00e1llyal \u00e9s az \u00fajrat\u00f6lthet\u0151 akkumul\u00e1torral felszerelt Solaris egyenletes g\u0151zkibocs\u00e1t\u00e1st biztos\u00edt, amelyet \u00fagy terveztek, hogy b\u00e1rmilyen k\u00f6rnyezetben megb\u00edzhat\u00f3 legyen.<\/p>\n<p data-start=\"776\" data-end=\"1047\">A t\u00f6lt\u00e9shez a felhaszn\u00e1l\u00f3k k\u00e9t lehet\u0151s\u00e9g k\u00f6z\u00fcl v\u00e1laszthatnak: napelem a folyamatos k\u00fclt\u00e9ri haszn\u00e1lathoz, vagy USB Type-C a gyors \u00e9s hat\u00e9kony \u00fajrat\u00f6lt\u00e9shez (a k\u00e1bel nem tartoz\u00e9k). Ez a rugalmass\u00e1g teszi a Solarist megb\u00edzhat\u00f3 t\u00e1rs\u00e1v\u00e1 utaz\u00e1s, t\u00far\u00e1z\u00e1s vagy a napi tev\u00e9kenys\u00e9gek sor\u00e1n.<\/p>\n<p data-start=\"1049\" data-end=\"1276\">Kett\u0151s vaping m\u00f3d \u2014 <strong data-start=\"1069\" data-end=\"1089\">Norm\u00e1l \u00e9s Boost<\/strong> \u2014 a kett\u0151s h\u00e1l\u00f3s tekercsekkel p\u00e1ros\u00edtva sima l\u00e9g\u00e1raml\u00e1st \u00e9s teljes \u00edzintenzit\u00e1st biztos\u00edt. Az \u00e1ll\u00edthat\u00f3 l\u00e9g\u00e1raml\u00e1s lehet\u0151v\u00e9 teszi a szem\u00e9lyre szabott sz\u00edv\u00e1st, biztos\u00edtva mind az MTL el\u00e9gedetts\u00e9get, mind a fokozott felh\u0151k\u00e9pz\u0151d\u00e9st.<\/p>\n<p data-start=\"1278\" data-end=\"1637\">A HD kijelz\u0151 val\u00f3s idej\u0171 puff \u00e9s akkumul\u00e1tor \u00e1llapotot mutat, interakt\u00edv anim\u00e1ci\u00f3kkal, amelyek modern megjelen\u00e9st k\u00f6lcs\u00f6n\u00f6znek. A Starlight Embedded Glow bevonat emeli a design sz\u00ednvonal\u00e1t, pr\u00e9mium megjelen\u00e9st k\u00edn\u00e1lva, amely vonz\u00f3 a fiatal feln\u0151tt fogyaszt\u00f3k sz\u00e1m\u00e1ra. A sz\u00edv\u00e1ssal aktiv\u00e1lhat\u00f3 \u00e9s gomb n\u00e9lk\u00fcli Solaris egyszer\u0171en haszn\u00e1lhat\u00f3, \u00f6tv\u00f6zve a fejlett technol\u00f3gi\u00e1t a k\u00f6nny\u0171 kezelhet\u0151s\u00e9ggel.<\/p>\n<p data-start=\"1639\" data-end=\"1865\">Az eur\u00f3pai nagykeresked\u0151k \u00e9s kiskeresked\u0151k sz\u00e1m\u00e1ra a <strong data-start=\"1684\" data-end=\"1732\">Solaris 25000 Napelemes t\u00f6lt\u00e9s\u0171 eldobhat\u00f3 vape<\/strong> egy k\u00fcl\u00f6nleges term\u00e9ket k\u00edn\u00e1l, amely megfelel a fenntarthat\u00f3, nagy kapacit\u00e1s\u00fa eszk\u00f6z\u00f6k ir\u00e1nti n\u00f6vekv\u0151 ig\u00e9nynek, mik\u00f6zben er\u0151s viszontelad\u00e1si \u00e9rt\u00e9ket biztos\u00edt.<\/p>\n<p data-start=\"666\" data-end=\"1235\"><strong style=\"font-size: 16px;\"><span style=\"color: #ff0000;\">Add hozz\u00e1 Amy WhatsApp-j\u00e1t, hogy azonnali v\u00e1laszt \u00e9s kedvezm\u00e9nyes \u00e1rat kapj!<\/span><\/strong><\/p>\n<p><img fetchpriority=\"high\" decoding=\"async\" class=\"size-full wp-image-2932\" src=\"https:\/\/vapestornado.com\/wp-content\/uploads\/2024\/12\/Vape-Wholesale.jpg\" alt=\"Vape nagykereskedelem\" width=\"229\" height=\"300\" \/><\/p>\n<h3><a href=\"https:\/\/wa.me\/8617776015835\" target=\"_blank\" rel=\"noopener\"><span style=\"color: #ff0000;\"><strong>WhatsApp: +86 17776015835<\/strong><\/span><\/a><\/h3>\n<p>&nbsp;<\/p>\n<h2><strong>Solaris 25000 Puffs F\u0151bb Term\u00e9kjellemz\u0151k<\/strong><\/h2>\n<ul>\n<li class=\"\" data-start=\"1597\" data-end=\"1621\">\n<p class=\"\" data-start=\"1599\" data-end=\"1621\">Ak\u00e1r <strong data-start=\"1605\" data-end=\"1621\">25 000 sz\u00edv\u00e1snyi<\/strong><\/p>\n<\/li>\n<li class=\"\" data-start=\"1622\" data-end=\"1684\">\n<p class=\"\" data-start=\"1624\" data-end=\"1684\"><strong data-start=\"1624\" data-end=\"1652\">Napelem + USB Type-C<\/strong> \u00fajrat\u00f6lt\u00e9s (k\u00e1bel nem tartoz\u00e9k)<\/p>\n<\/li>\n<li class=\"\" data-start=\"1685\" data-end=\"1714\">\n<p class=\"\" data-start=\"1687\" data-end=\"1714\"><strong data-start=\"1687\" data-end=\"1714\">18 ml el\u0151ret\u00f6lt\u00f6tt e-liquid<\/strong><\/p>\n<\/li>\n<li class=\"\" data-start=\"1715\" data-end=\"1748\">\n<p class=\"\" data-start=\"1717\" data-end=\"1748\"><strong data-start=\"1717\" data-end=\"1748\">5% (50mg) nikotin er\u0151ss\u00e9g<\/strong><\/p>\n<\/li>\n<li class=\"\" data-start=\"1749\" data-end=\"1773\">\n<p class=\"\" data-start=\"1751\" data-end=\"1773\"><strong data-start=\"1751\" data-end=\"1773\">\u00c1ll\u00edthat\u00f3 l\u00e9g\u00e1raml\u00e1s<\/strong><\/p>\n<\/li>\n<li class=\"\" data-start=\"1774\" data-end=\"1805\">\n<p class=\"\" data-start=\"1776\" data-end=\"1805\"><strong data-start=\"1776\" data-end=\"1789\">K\u00e9t m\u00f3d<\/strong>: Norm\u00e1l<\/p>\n<\/li>\n<li class=\"\" data-start=\"1806\" data-end=\"1847\">\n<p class=\"\" data-start=\"1808\" data-end=\"1847\"><strong data-start=\"1808\" data-end=\"1827\">Dupla h\u00e1l\u00f3s tekercsek<\/strong> a fokozott \u00edz\u00e9rt<\/p>\n<\/li>\n<li class=\"\" data-start=\"1848\" data-end=\"1872\">\n<p class=\"\" data-start=\"1850\" data-end=\"1872\"><strong data-start=\"1850\" data-end=\"1872\">HD anim\u00e1lt k\u00e9perny\u0151<\/strong><\/p>\n<\/li>\n<li class=\"\" data-start=\"1873\" data-end=\"1900\">\n<p class=\"\" data-start=\"1875\" data-end=\"1900\"><strong data-start=\"1875\" data-end=\"1900\">Csillagf\u00e9nyes ragyog\u00e1s effektus<\/strong><\/p>\n<\/li>\n<li class=\"\" data-start=\"1901\" data-end=\"1932\">\n<p class=\"\" data-start=\"1903\" data-end=\"1932\"><strong data-start=\"1903\" data-end=\"1921\">Sz\u00edv\u00e1sra aktiv\u00e1l\u00f3dik<\/strong> MTL vaporiz\u00e1l\u00e1s<\/p>\n<\/li>\n<li class=\"\" data-start=\"1933\" data-end=\"1977\">\n<p class=\"\" data-start=\"1935\" data-end=\"1977\"><strong data-start=\"1935\" data-end=\"1977\">K\u00f6rnyezettudatos \u00e9s felhaszn\u00e1l\u00f3bar\u00e1t tervez\u00e9s<\/strong><\/p>\n<\/li>\n<\/ul>\n<h2 class=\"product-title\"><strong>Solaris 25000 Puffs Eldobhat\u00f3 k\u00e9sz\u00fcl\u00e9kek \u00cdzek \u00c1ttekint\u00e9se<\/strong><\/h2>\n<article class=\"w-full text-token-text-primary focus-visible:outline-2 focus-visible:outline-offset-[-4px]\" dir=\"auto\" data-testid=\"conversation-turn-32\" data-scroll-anchor=\"false\">\n<div class=\"m-auto text-base py-[18px] px-6\">\n<div class=\"mx-auto flex flex-1 text-base gap-4 md:gap-5 lg:gap-6 md:max-w-3xl lg:max-w-[40rem] xl:max-w-[48rem]\">\n<div class=\"group\/conversation-turn relative flex w-full min-w-0 flex-col @xs\/thread:px-0 @sm\/thread:px-1.5 @md\/thread:px-4\">\n<div class=\"flex-col gap-1 md:gap-3\">\n<div class=\"flex max-w-full flex-col flex-grow\">\n<div class=\"min-h-8 text-message flex w-full flex-col items-end gap-2 whitespace-normal break-words text-start [.text-message+&amp;]:mt-5\" dir=\"auto\" data-message-author-role=\"user\" data-message-id=\"ffac41ca-1db4-431b-873a-32c4052956f1\">\n<div class=\"flex w-full flex-col gap-1 empty:hidden items-end rtl:items-start\">\n<div class=\"relative max-w-[var(--user-chat-width,70%)] rounded-3xl bg-token-message-surface px-5 py-2.5\">\n<div class=\"absolute bottom-0 right-full top-0 -mr-3.5 hidden pr-5 pt-2 [.group\/conversation-turn:hover_&amp;]:flex\">\n<div class=\"flex\">\n<article class=\"w-full text-token-text-primary focus-visible:outline-2 focus-visible:outline-offset-[-4px]\" dir=\"auto\" data-testid=\"conversation-turn-39\" data-scroll-anchor=\"true\">\n<div class=\"m-auto text-base py-[18px] px-6\">\n<div class=\"mx-auto flex flex-1 text-base gap-4 md:gap-5 lg:gap-6 md:max-w-3xl lg:max-w-[40rem] xl:max-w-[48rem]\">\n<div class=\"group\/conversation-turn relative flex w-full min-w-0 flex-col agent-turn @xs\/thread:px-0 @sm\/thread:px-1.5 @md\/thread:px-4\">\n<div class=\"flex-col gap-1 md:gap-3\">\n<div class=\"flex max-w-full flex-col flex-grow\">\n<div class=\"min-h-8 text-message flex w-full flex-col items-end gap-2 whitespace-normal break-words text-start [.text-message+&amp;]:mt-5\" dir=\"auto\" data-message-author-role=\"assistant\" data-message-id=\"55a23854-ec57-48dd-bd4f-6118f43d6241\" data-message-model-slug=\"gpt-4o\">\n<div class=\"flex w-full flex-col gap-1 empty:hidden first:pt-[3px]\">\n<div class=\"markdown prose w-full break-words dark:prose-invert light\">\n<ul>\n<li class=\"\" data-start=\"2002\" data-end=\"2063\">\n<p class=\"\" data-start=\"2004\" data-end=\"2063\"><strong data-start=\"2004\" data-end=\"2017\">K\u00e9k Razz<\/strong> \u2013 \u00c9des \u00e9s fanyar \u00e1fonya-m\u00e1lna kever\u00e9k<\/p>\n<\/li>\n<li class=\"\" data-start=\"2064\" data-end=\"2128\">\n<p class=\"\" data-start=\"2066\" data-end=\"2128\"><strong data-start=\"2066\" data-end=\"2082\">K\u00e9k Slurpie<\/strong> \u2013 Jeges k\u00e9k ital a h\u0171s, nosztalgikus \u00e9lm\u00e9ny\u00e9rt<\/p>\n<\/li>\n<li class=\"\" data-start=\"2129\" data-end=\"2179\">\n<p class=\"\" data-start=\"2131\" data-end=\"2179\"><strong data-start=\"2131\" data-end=\"2146\">Cseresznye Bomba<\/strong> \u2013 Mer\u00e9sz cseresznye \u00edzrobban\u00e1s<\/p>\n<\/li>\n<li class=\"\" data-start=\"2180\" data-end=\"2241\">\n<p class=\"\" data-start=\"2182\" data-end=\"2241\"><strong data-start=\"2182\" data-end=\"2195\">H\u0171v\u00f6s Mentol<\/strong> \u2013 Friss, \u00fcd\u00edt\u0151 menta a tiszta befejez\u00e9s\u00e9rt<\/p>\n<\/li>\n<li class=\"\" data-start=\"2242\" data-end=\"2325\">\n<p class=\"\" data-start=\"2244\" data-end=\"2325\"><strong data-start=\"2244\" data-end=\"2274\">Mang\u00f3 Dragonfruit Limon\u00e1d\u00e9<\/strong> \u2013 Tr\u00f3pusi mang\u00f3, s\u00e1rk\u00e1nygy\u00fcm\u00f6lcs \u00e9s citrusf\u00fazi\u00f3<\/p>\n<\/li>\n<li class=\"\" data-start=\"2326\" data-end=\"2378\">\n<p class=\"\" data-start=\"2328\" data-end=\"2378\"><strong data-start=\"2328\" data-end=\"2342\">Miami Menta<\/strong> \u2013 Sima menta tengerparti hangulattal<\/p>\n<\/li>\n<li class=\"\" data-start=\"2379\" data-end=\"2448\">\n<p class=\"\" data-start=\"2381\" data-end=\"2448\"><strong data-start=\"2381\" data-end=\"2406\">Eperdinnye<\/strong> \u2013 L\u00e9d\u00fas eper \u00e9s g\u00f6r\u00f6gdinnye kombin\u00e1ci\u00f3<\/p>\n<\/li>\n<li class=\"\" data-start=\"2449\" data-end=\"2502\">\n<p class=\"\" data-start=\"2451\" data-end=\"2502\"><strong data-start=\"2451\" data-end=\"2467\">Ny\u00e1ri Durran\u00e1s<\/strong> \u2013 Vegyes ny\u00e1ri gy\u00fcm\u00f6lcs\u00f6k robban\u00e1sa<\/p>\n<\/li>\n<li class=\"\" data-start=\"2449\" data-end=\"2502\">\n<p class=\"\" data-start=\"2451\" data-end=\"2502\"><strong style=\"font-size: 16px;\" data-start=\"2505\" data-end=\"2525\">G\u00f6r\u00f6gdinnye H\u0171s\u00edt\u0151<\/strong><span style=\"font-size: 16px;\"> \u2013 Friss\u00edt\u0151, h\u0171t\u00f6tt g\u00f6r\u00f6gdinnye \u00edz<\/span><\/p>\n<p>&nbsp;<\/p>\n<p>&nbsp;<\/p>\n<p>&nbsp;<\/p>\n<div class=\"mceTemp\">\n<p>&nbsp;<\/p>\n<p><img decoding=\"async\" class=\"wp-image-4112 size-full\" src=\"https:\/\/vapestornado.com\/wp-content\/uploads\/2025\/04\/Solaris-25K-Disposable-Wholesale.png\" alt=\"Solaris 25K Eldobhat\u00f3 Nagykeresked\u00e9s\" width=\"800\" height=\"800\" srcset=\"https:\/\/vapestornado.com\/wp-content\/uploads\/2025\/04\/Solaris-25K-Disposable-Wholesale.png 800w, https:\/\/vapestornado.com\/wp-content\/uploads\/2025\/04\/Solaris-25K-Disposable-Wholesale-300x300.png 300w, https:\/\/vapestornado.com\/wp-content\/uploads\/2025\/04\/Solaris-25K-Disposable-Wholesale-150x150.png 150w, https:\/\/vapestornado.com\/wp-content\/uploads\/2025\/04\/Solaris-25K-Disposable-Wholesale-768x768.png 768w, https:\/\/vapestornado.com\/wp-content\/uploads\/2025\/04\/Solaris-25K-Disposable-Wholesale-600x600.png 600w, https:\/\/vapestornado.com\/wp-content\/uploads\/2025\/04\/Solaris-25K-Disposable-Wholesale-100x100.png 100w\" sizes=\"(max-width: 800px) 100vw, 800px\" \/><\/p>\n<\/div>\n<\/li>\n<\/ul>\n<\/div>\n<\/div>\n<\/div>\n<\/div>\n<\/div>\n<\/div>\n<\/div>\n<\/div>\n<\/article>\n<\/div>\n<\/div>\n<\/div>\n<\/div>\n<\/div>\n<\/div>\n<\/div>\n<\/div>\n<\/div>\n<\/div>\n<\/article>\n<h2>Mi\u00e9rt v\u00e1lassza a Vapestornado-t a Solaris 25000 Puff Puff t\u00f6meges v\u00e1s\u00e1rl\u00e1s\u00e1hoz?<\/h2>\n<div class=\"flex-shrink-0 flex flex-col relative items-end\">\n<div class=\"pt-0\">\n<div class=\"gizmo-bot-avatar flex h-8 w-8 items-center justify-center overflow-hidden rounded-full\">\n<div class=\"relative p-1 rounded-sm flex items-center justify-center bg-token-main-surface-primary text-token-text-primary h-8 w-8\">\n<p>At\u00a0<strong>VapeTornado<\/strong>b\u00fcszk\u00e9k vagyunk arra, hogy\u00a0<strong>pr\u00e9mium vaping term\u00e9keket k\u00edn\u00e1lunk verhetetlen \u00e1ron<\/strong>\u2014\u00e9s az Elf Box Crystal Bar 600 sem kiv\u00e9tel! \u00cdme, mi\u00e9rt \u00e9rdemes t\u0151l\u00fcnk v\u00e1s\u00e1rolni:<\/p>\n<p class=\"\" data-start=\"49\" data-end=\"193\"><strong data-start=\"49\" data-end=\"81\">Verhetetlen Nagykereskedelmi \u00c1rak<\/strong> \u2013 \u00c9lvezze a legjobb nagy t\u00e9telben t\u00f6rt\u00e9n\u0151 aj\u00e1nlatokat a piacon, \u00edgy mi vagyunk a legmegb\u00edzhat\u00f3bb besz\u00e1ll\u00edt\u00f3 a vape \u00fczletek \u00e9s viszontelad\u00f3k sz\u00e1m\u00e1ra vil\u00e1gszerte.<\/p>\n<p class=\"\" data-start=\"195\" data-end=\"340\"><strong data-start=\"195\" data-end=\"228\">Gyors<\/strong> \u2013 Gyorsan \u00e9s biztons\u00e1gosan k\u00e9zbes\u00edtj\u00fck megrendel\u00e9seit, megb\u00edzhat\u00f3, az \u00d6n ig\u00e9nyeire szabott, vil\u00e1gszint\u0171 sz\u00e1ll\u00edt\u00e1si lehet\u0151s\u00e9gekkel.<\/p>\n<p class=\"\" data-start=\"342\" data-end=\"487\"><strong data-start=\"342\" data-end=\"367\">100% Eredeti Term\u00e9kek<\/strong> \u2013 Mondjon b\u00facs\u00fat a hamis\u00edtv\u00e1nyoknak! Garant\u00e1ljuk, hogy csak eredeti Solaris 25000 eldobhat\u00f3 vape-eket k\u00edn\u00e1lunk, ellen\u0151rz\u00f6tt min\u0151s\u00e9ggel \u00e9s teljes\u00edtm\u00e9nnyel.<\/p>\n<p class=\"\" data-start=\"489\" data-end=\"627\"><strong data-start=\"489\" data-end=\"516\">Szak\u00e9rt\u0151i \u00dcgyf\u00e9lszolg\u00e1lat<\/strong> \u2013 K\u00e9rd\u00e9se van? Szak\u00e9rt\u0151 vape csapatunk b\u00e1rmikor rendelkez\u00e9s\u00e9re \u00e1ll, biztos\u00edtva a z\u00f6kken\u0151mentes \u00e9s probl\u00e9mamentes szolg\u00e1ltat\u00e1st.<\/p>\n<p data-start=\"559\" data-end=\"933\" data-is-last-node=\"\" data-is-only-node=\"\">Van n\u00e9h\u00e1ny m\u00e1s n\u00e9pszer\u0171, kijelz\u0151vel ell\u00e1tott vape term\u00e9k\u00fcnk is, mint p\u00e9ld\u00e1ul a <a href=\"https:\/\/vapestornado.com\/hu\/product\/bang-king-vape-36000-puff-dual-vaping-mode-disposables-pod-best-price\/\">BANG KING 36000 Sz\u00edja<\/a>, <a href=\"https:\/\/vapestornado.com\/hu\/product\/waspe-aiviou-3-in-1-60000-puffs-disposable-vape-kit-best-price\/\">WASPE 60000 3 az 1-ben<\/a>, <a href=\"https:\/\/vapestornado.com\/hu\/product\/alfakh-crown-bar-20000-puffs-disposable-shisha-hookah-wholesale-vape-pen\/\">ALFAKH 20000<\/a>, \u00e9s m\u00e9g sok m\u00e1s.<\/p>\n<\/div>\n<div class=\"relative p-1 rounded-sm flex items-center justify-center bg-token-main-surface-primary text-token-text-primary h-8 w-8\">\n<h2>GYIK a Solaris 25000 Puff-hoz<\/h2>\n<p class=\"\" data-start=\"155\" data-end=\"385\"><strong data-start=\"155\" data-end=\"212\">1. Hogyan t\u00f6lthetem a Solaris 25000 eldobhat\u00f3 vape-et?<\/strong><br data-start=\"212\" data-end=\"215\" \/>A Solaris 25000 kett\u0151s t\u00f6lt\u00e9si m\u00f3dszerrel rendelkezik: egy be\u00e9p\u00edtett <strong data-start=\"276\" data-end=\"291\">napelem<\/strong> a k\u00f6rnyezetbar\u00e1t t\u00f6lt\u00e9shez \u00e9s egy <strong data-start=\"324\" data-end=\"343\">USB Type-C csatlakoz\u00f3<\/strong> (k\u00e1bel nem tartoz\u00e9k) a gyors \u00fajrat\u00f6lt\u00e9shez.<\/p>\n<p class=\"\" data-start=\"387\" data-end=\"576\"><strong data-start=\"387\" data-end=\"438\">2. H\u00e1ny slukk\u00f6t k\u00edn\u00e1l a Solaris 25000?<\/strong><br data-start=\"438\" data-end=\"441\" \/>Minden eszk\u00f6z k\u00f6r\u00fclbel\u00fcl <strong data-start=\"476\" data-end=\"492\">25 000 sz\u00edv\u00e1snyi<\/strong>biztos\u00edt, k\u00f6sz\u00f6nhet\u0151en a nagy kapacit\u00e1s\u00fa <strong data-start=\"522\" data-end=\"550\">18 ml el\u0151ret\u00f6lt\u00f6tt e-liquidet<\/strong> \u00e9s \u00fajrat\u00f6lthet\u0151 akkumul\u00e1tort tartalmaz.<\/p>\n<p class=\"\" data-start=\"578\" data-end=\"805\"><strong data-start=\"578\" data-end=\"637\">3. Mi a k\u00fcl\u00f6nbs\u00e9g a Norm\u00e1l \u00e9s a Boost m\u00f3d k\u00f6z\u00f6tt?<\/strong><br data-start=\"637\" data-end=\"640\" \/>A Norm\u00e1l m\u00f3d sim\u00e1bb, szok\u00e1sos vape \u00e9lm\u00e9nyt k\u00edn\u00e1l, m\u00edg a Boost m\u00f3d fokozza a g\u0151ztermel\u00e9st \u00e9s a torokhat\u00e1st \u2013 ide\u00e1lis azoknak a felhaszn\u00e1l\u00f3knak, akik er\u0151sebb teljes\u00edtm\u00e9nyt keresnek.<\/p>\n<p class=\"\" data-start=\"807\" data-end=\"1031\"><strong data-start=\"807\" data-end=\"860\">4. A Solaris 25000 \u00fajrat\u00f6lthet\u0151 vagy eldobhat\u00f3?<\/strong><br data-start=\"860\" data-end=\"863\" \/>A Solaris 25000 egy <strong data-start=\"882\" data-end=\"901\">eldobhat\u00f3 vape<\/strong>. B\u00e1r <strong data-start=\"915\" data-end=\"931\">\u00fajrat\u00f6lthet\u0151<\/strong>, el\u0151re <strong data-start=\"942\" data-end=\"975\">felt\u00f6lt\u00f6tt \u00e9s nem \u00fajrat\u00f6lthet\u0151<\/strong>, k\u00e9nyelmet k\u00edn\u00e1l karbantart\u00e1s n\u00e9lk\u00fcl.<\/p>\n<p class=\"\" data-start=\"1033\" data-end=\"1232\"><strong data-start=\"1033\" data-end=\"1094\">5. Milyen nikotiner\u0151ss\u00e9get tartalmaz a Solaris 25000?<\/strong><br data-start=\"1094\" data-end=\"1097\" \/>Minden egys\u00e9g tartalmaz <strong data-start=\"1116\" data-end=\"1138\">5% (50mg) nikotin<\/strong>, kiel\u00e9g\u00edt\u0151 \u00e9lm\u00e9nyt ny\u00fajtva a feln\u0151tt felhaszn\u00e1l\u00f3knak, akik er\u0151sebb nikotinhat\u00e1sra v\u00e1gynak.<\/p>\n<\/div>\n<\/div>\n<\/div>\n<\/div>","protected":false},"excerpt":{"rendered":"<p class=\"LC20lb MBeuO DKV0Md\">Solaris 25000 Puffs Legjobb online Vape \u00e1ruh\u00e1z Magyarorsz\u00e1g<br \/>\nSolaris 25000 Puffs vape Nagyker \u00e1ron olcs\u00f3n<br \/>\nN\u00e9pszer\u0171 Solaris 25000 Puffs Eldobhat\u00f3 Vapor<\/p>\n<p><strong>Add hozz\u00e1 Amy whatsappj\u00e1t, hogy azonnali v\u00e1laszt \u00e9s kedvezm\u00e9nyes \u00e1rat kapj!<\/strong><\/p>\n<p><img fetchpriority=\"high\" decoding=\"async\" class=\"size-full wp-image-2932\" src=\"https:\/\/vapestornado.com\/wp-content\/uploads\/2024\/12\/Vape-Wholesale.jpg\" alt=\"Vape nagykereskedelem\" width=\"229\" height=\"300\" \/><\/p>\n<h3><a href=\"https:\/\/wa.me\/8617776015835\"><span style=\"color: #ff0000;\"><strong>WhatsApp: +86 17776015835<\/strong><\/span><\/a><\/h3>\n<p>&nbsp;<\/p>","protected":false},"featured_media":4114,"comment_status":"open","ping_status":"closed","template":"","meta":{"_acf_changed":false,"_uag_custom_page_level_css":"","_lmt_disableupdate":"no","_lmt_disable":"","_monsterinsights_skip_tracking":false,"_monsterinsights_sitenote_active":false,"_monsterinsights_sitenote_note":"","_monsterinsights_sitenote_category":0,"site-sidebar-layout":"default","site-content-layout":"","ast-site-content-layout":"default","site-content-style":"default","site-sidebar-style":"default","ast-global-header-display":"","ast-banner-title-visibility":"","ast-main-header-display":"","ast-hfb-above-header-display":"","ast-hfb-below-header-display":"","ast-hfb-mobile-header-display":"","site-post-title":"","ast-breadcrumbs-content":"","ast-featured-img":"","footer-sml-layout":"","ast-disable-related-posts":"","theme-transparent-header-meta":"default","adv-header-id-meta":"","stick-header-meta":"","header-above-stick-meta":"","header-main-stick-meta":"","header-below-stick-meta":"","astra-migrate-meta-layouts":"set","ast-page-background-enabled":"default","ast-page-background-meta":{"desktop":{"background-color":"","background-image":"","background-repeat":"repeat","background-position":"center center","background-size":"auto","background-attachment":"scroll","background-type":"","background-media":"","overlay-type":"","overlay-color":"","overlay-opacity":"","overlay-gradient":""},"tablet":{"background-color":"","background-image":"","background-repeat":"repeat","background-position":"center center","background-size":"auto","background-attachment":"scroll","background-type":"","background-media":"","overlay-type":"","overlay-color":"","overlay-opacity":"","overlay-gradient":""},"mobile":{"background-color":"","background-image":"","background-repeat":"repeat","background-position":"center center","background-size":"auto","background-attachment":"scroll","background-type":"","background-media":"","overlay-type":"","overlay-color":"","overlay-opacity":"","overlay-gradient":""}},"ast-content-background-meta":{"desktop":{"background-color":"var(--ast-global-color-5)","background-image":"","background-repeat":"repeat","background-position":"center center","background-size":"auto","background-attachment":"scroll","background-type":"","background-media":"","overlay-type":"","overlay-color":"","overlay-opacity":"","overlay-gradient":""},"tablet":{"background-color":"var(--ast-global-color-5)","background-image":"","background-repeat":"repeat","background-position":"center center","background-size":"auto","background-attachment":"scroll","background-type":"","background-media":"","overlay-type":"","overlay-color":"","overlay-opacity":"","overlay-gradient":""},"mobile":{"background-color":"var(--ast-global-color-5)","background-image":"","background-repeat":"repeat","background-position":"center center","background-size":"auto","background-attachment":"scroll","background-type":"","background-media":"","overlay-type":"","overlay-color":"","overlay-opacity":"","overlay-gradient":""}},"_joinchat":{"telephone":"17776015835"}},"product_brand":[],"product_cat":[68,149,156,142,146],"product_tag":[105,331,330],"class_list":{"0":"post-4118","1":"product","2":"type-product","3":"status-publish","4":"has-post-thumbnail","6":"product_cat-25000-puff","7":"product_cat-buy-disposable-vapes-in-austria","8":"product_cat-buy-disposable-vapes-in-poland","9":"product_cat-digital-box-disposable-vapes","10":"product_cat-rechargeable-disposable-vapes","11":"product_tag-digital-disposable-vape","12":"product_tag-dispsoable-vape-kit-usa","13":"product_tag-solaris-25000-puff","14":"desktop-align-left","15":"tablet-align-left","16":"mobile-align-left","18":"first","19":"instock","20":"sale","21":"shipping-taxable","22":"purchasable","23":"product-type-simple"},"acf":[],"uagb_featured_image_src":{"full":["https:\/\/vapestornado.com\/wp-content\/uploads\/2025\/04\/Solaris-25000-Puffs-Rechargeable-Disposable.png",800,800,false],"thumbnail":["https:\/\/vapestornado.com\/wp-content\/uploads\/2025\/04\/Solaris-25000-Puffs-Rechargeable-Disposable-150x150.png",150,150,true],"medium":["https:\/\/vapestornado.com\/wp-content\/uploads\/2025\/04\/Solaris-25000-Puffs-Rechargeable-Disposable-300x300.png",300,300,true],"medium_large":["https:\/\/vapestornado.com\/wp-content\/uploads\/2025\/04\/Solaris-25000-Puffs-Rechargeable-Disposable-768x768.png",768,768,true],"large":["https:\/\/vapestornado.com\/wp-content\/uploads\/2025\/04\/Solaris-25000-Puffs-Rechargeable-Disposable.png",800,800,false],"1536x1536":["https:\/\/vapestornado.com\/wp-content\/uploads\/2025\/04\/Solaris-25000-Puffs-Rechargeable-Disposable.png",800,800,false],"2048x2048":["https:\/\/vapestornado.com\/wp-content\/uploads\/2025\/04\/Solaris-25000-Puffs-Rechargeable-Disposable.png",800,800,false],"trp-custom-language-flag":["https:\/\/vapestornado.com\/wp-content\/uploads\/2025\/04\/Solaris-25000-Puffs-Rechargeable-Disposable.png",12,12,false],"woocommerce_thumbnail":["https:\/\/vapestornado.com\/wp-content\/uploads\/2025\/04\/Solaris-25000-Puffs-Rechargeable-Disposable-300x300.png",300,300,true],"woocommerce_single":["https:\/\/vapestornado.com\/wp-content\/uploads\/2025\/04\/Solaris-25000-Puffs-Rechargeable-Disposable-600x600.png",600,600,true],"woocommerce_gallery_thumbnail":["https:\/\/vapestornado.com\/wp-content\/uploads\/2025\/04\/Solaris-25000-Puffs-Rechargeable-Disposable-100x100.png",100,100,true]},"uagb_author_info":{"display_name":"ESAMY","author_link":"https:\/\/vapestornado.com\/hu\/author\/"},"uagb_comment_info":0,"uagb_excerpt":"Solaris 25000 Puff\u00a0 Best online Vape store USA Solaris 25000 Puff vape Wholesale Cheap Price Hot Selling Solaris 25000 Puff Disposables Vapor Add Amy's whatsapp to get right reply and discount price! WhatsApp: +86 17776015835 &nbsp;","_links":{"self":[{"href":"https:\/\/vapestornado.com\/hu\/wp-json\/wp\/v2\/product\/4118","targetHints":{"allow":["GET"]}}],"collection":[{"href":"https:\/\/vapestornado.com\/hu\/wp-json\/wp\/v2\/product"}],"about":[{"href":"https:\/\/vapestornado.com\/hu\/wp-json\/wp\/v2\/types\/product"}],"replies":[{"embeddable":true,"href":"https:\/\/vapestornado.com\/hu\/wp-json\/wp\/v2\/comments?post=4118"}],"wp:featuredmedia":[{"embeddable":true,"href":"https:\/\/vapestornado.com\/hu\/wp-json\/wp\/v2\/media\/4114"}],"wp:attachment":[{"href":"https:\/\/vapestornado.com\/hu\/wp-json\/wp\/v2\/media?parent=4118"}],"wp:term":[{"taxonomy":"product_brand","embeddable":true,"href":"https:\/\/vapestornado.com\/hu\/wp-json\/wp\/v2\/product_brand?post=4118"},{"taxonomy":"product_cat","embeddable":true,"href":"https:\/\/vapestornado.com\/hu\/wp-json\/wp\/v2\/product_cat?post=4118"},{"taxonomy":"product_tag","embeddable":true,"href":"https:\/\/vapestornado.com\/hu\/wp-json\/wp\/v2\/product_tag?post=4118"}],"curies":[{"name":"wp","href":"https:\/\/api.w.org\/{rel}","templated":true}]}}