{"id":4111,"date":"2025-04-11T09:55:33","date_gmt":"2025-04-11T09:55:33","guid":{"rendered":"https:\/\/vapestornado.com\/?post_type=product&#038;p=4111"},"modified":"2025-12-04T03:58:48","modified_gmt":"2025-12-04T03:58:48","slug":"high-quality-bang-leader-30000-puffs-disposable-box-pod-vaporizer","status":"publish","type":"product","link":"https:\/\/vapestornado.com\/hu\/product\/high-quality-bang-leader-30000-puffs-disposable-box-pod-vaporizer\/","title":{"rendered":"Kiv\u00e1l\u00f3 Min\u0151s\u00e9g\u0171 Bang Leader 30000 Sz\u00edv\u00e1s Eldobhat\u00f3 Doboz Pod P\u00e1rologtat\u00f3"},"content":{"rendered":"<h1 data-pm-slice=\"1 1 []\">Kiv\u00e1l\u00f3 Min\u0151s\u00e9g\u0171 Bang Leader 30000 Sz\u00edv\u00e1s Eldobhat\u00f3 Doboz Pod P\u00e1rologtat\u00f3<\/h1>\n<p data-start=\"1148\" data-end=\"1548\">Ha olyan eldobhat\u00f3 k\u00e9sz\u00fcl\u00e9ket keresel, amely sokkal tov\u00e1bb tart, mint a standard eszk\u00f6z\u00f6k, lehet\u0151v\u00e9 teszi k\u00e9t \u00edz k\u00f6z\u00f6tti azonnali v\u00e1lt\u00e1st, \u00e9s intelligens k\u00e9perny\u0151vel t\u00e1j\u00e9koztat, akkor a Bang Leader 30000 Puff ak\u00e1r 30 000 sz\u00edv\u00e1st biztos\u00edt dupla h\u00e1l\u00f3s tekercsekkel, k\u00e9t \u00edz v\u00e1lt\u00e1ssal \u00e9s Type-C t\u00f6lt\u00e9ssel kompakt kialak\u00edt\u00e1sban.<\/p>\n<ul>\n<li data-start=\"759\" data-end=\"922\">\n<p data-start=\"761\" data-end=\"922\"><strong data-start=\"761\" data-end=\"779\">\u00c9p\u00edtve a tart\u00f3ss\u00e1g\u00e9rt:<\/strong> A <strong data-start=\"785\" data-end=\"807\">ak\u00e1r 30 000 sz\u00edv\u00e1s<\/strong>, ez az <strong data-start=\"819\" data-end=\"854\">leghosszabb \u00e9lettartam\u00fa eldobhat\u00f3 vape<\/strong> oszt\u00e1ly\u00e1ban kiemelked\u0151 lehet\u0151s\u00e9g, cs\u00f6kkentve a cser\u00e9ket \u00e9s a sz\u00edv\u00e1sonk\u00e9nti k\u00f6lts\u00e9get.<\/p>\n<\/li>\n<li data-start=\"923\" data-end=\"1082\">\n<p data-start=\"925\" data-end=\"1082\"><strong data-start=\"925\" data-end=\"953\">K\u00e9t \u00edz, egy k\u00e9sz\u00fcl\u00e9k:<\/strong> A <strong data-start=\"958\" data-end=\"1001\">Bang Leader 30000 Puff dupla \u00edzes vape<\/strong> lehet\u0151v\u00e9 teszi, hogy azonnal v\u00e1ltogass k\u00e9t profil k\u00f6z\u00f6tt\u2014nincs sz\u00fcks\u00e9g extra vape-re.<\/p>\n<\/li>\n<li data-start=\"1083\" data-end=\"1235\">\n<p data-start=\"1085\" data-end=\"1235\"><strong data-start=\"1085\" data-end=\"1107\">Val\u00f3s idej\u0171 ir\u00e1ny\u00edt\u00e1s:<\/strong> Mint egy <strong data-start=\"1113\" data-end=\"1148\">eldobhat\u00f3 vape LED k\u00e9perny\u0151vel<\/strong>, egy\u00e9rtelm\u0171en mutatja az akkumul\u00e1tor \u00e9s az e-liquid szinteket, \u00edgy soha nem kell tal\u00e1lgatni a k\u00f6zep\u00e9n.<\/p>\n<\/li>\n<li data-start=\"1236\" data-end=\"1377\">\n<p data-start=\"1238\" data-end=\"1377\"><strong data-start=\"1238\" data-end=\"1267\">Megb\u00edzhat\u00f3 \u00edz\u00e1tad\u00e1s:<\/strong> <strong data-start=\"1268\" data-end=\"1287\">Dupla h\u00e1l\u00f3s tekercsek<\/strong> tartsa s\u0171r\u0171n a vaport \u00e9s sim\u00e1n az \u00edzt az els\u0151 sz\u00edv\u00e1st\u00f3l az utols\u00f3ig, m\u00e9g hosszabb haszn\u00e1lat sor\u00e1n is.<\/p>\n<\/li>\n<li data-start=\"1378\" data-end=\"1517\">\n<p data-start=\"1380\" data-end=\"1517\"><strong data-start=\"1380\" data-end=\"1411\">K\u00e9nyelmes, \u00fatk\u00f6zbeni energia:<\/strong> <strong data-start=\"1412\" data-end=\"1450\">550mAh Type-C \u00fajrat\u00f6lthet\u0151 akkumul\u00e1torral rendelkezik<\/strong> lehet\u0151v\u00e9 teszi, hogy az eg\u00e9sz tankot elfogyaszd, miel\u0151tt az eszk\u00f6z kor\u00e1n lemer\u00fclne.<\/p>\n<\/li>\n<\/ul>\n<h2 class=\"\" data-start=\"1229\" data-end=\"1282\"><strong data-start=\"1235\" data-end=\"1282\">Bang Leader 30000 Puff Vape specifik\u00e1ci\u00f3<\/strong><\/h2>\n<table>\n<thead>\n<tr>\n<th>Param\u00e9ter<\/th>\n<th align=\"right\">Spec<\/th>\n<th>Emberi magyar\u00e1zat<\/th>\n<\/tr>\n<\/thead>\n<tbody>\n<tr>\n<td>Slukkkapacit\u00e1s<\/td>\n<td align=\"right\">Ak\u00e1r 30 000 sz\u00edv\u00e1s<\/td>\n<td>A legk\u00edm\u00e9letesebb eldobhat\u00f3 vape a kateg\u00f3ri\u00e1j\u00e1ban; kevesebb \u00fajra v\u00e1s\u00e1rl\u00e1s.<\/td>\n<\/tr>\n<tr>\n<td>\u00cdzrendszer<\/td>\n<td align=\"right\">K\u00e9t \u00edz v\u00e1lt\u00e1s<\/td>\n<td>K\u00e9t \u00edz egy k\u00e9sz\u00fcl\u00e9kben; ford\u00edtsd meg az azonnali v\u00e1lt\u00e1shoz.<\/td>\n<\/tr>\n<tr>\n<td>Tekercs t\u00edpusa<\/td>\n<td align=\"right\">Dupla h\u00e1l\u00f3s tekercsek<\/td>\n<td>Egyenletes hev\u00edt\u00e9s = er\u0151sebb \u00edz, sim\u00e1bb g\u0151z, kevesebb fakul\u00e1s.<\/td>\n<\/tr>\n<tr>\n<td>Akkumul\u00e1tor<\/td>\n<td align=\"right\">550mAh \u00fajrat\u00f6lthet\u0151<\/td>\n<td>El\u00e9g er\u0151 a hossz\u00fa haszn\u00e1lathoz; t\u00f6ltsd \u00fajra, ahelyett, hogy elhaszn\u00e1l\u00f3dn\u00e1l.<\/td>\n<\/tr>\n<tr>\n<td>T\u00f6lt\u00e9s<\/td>\n<td align=\"right\">USB Type-C<\/td>\n<td>Gyors, univerz\u00e1lis t\u00f6lt\u0151k\u00e1bel szabv\u00e1ny.<\/td>\n<\/tr>\n<tr>\n<td>Kijelz\u0151<\/td>\n<td align=\"right\">LED okos k\u00e9perny\u0151<\/td>\n<td>Mutatja az akkumul\u00e1tor + e-liquid szinteket, \u00edgy mindig kontroll alatt tartod.<\/td>\n<\/tr>\n<tr>\n<td>Aktiv\u00e1l\u00e1s<\/td>\n<td align=\"right\">Sz\u00edv\u00e1sra aktiv\u00e1l\u00f3dik<\/td>\n<td>Nincs gomb; sz\u00edv\u00e1ssal vape-elsz\u2014kezd\u0151knek bar\u00e1ts\u00e1gos.<\/td>\n<\/tr>\n<tr>\n<td>Testst\u00edlus<\/td>\n<td align=\"right\">Kompakt doboz kialak\u00edt\u00e1s<\/td>\n<td>K\u00f6nnyen hordozhat\u00f3, strapab\u00edr\u00f3 zsebekben vagy t\u00e1sk\u00e1kban.<\/td>\n<\/tr>\n<tr>\n<td>C\u00e9lhaszn\u00e1lat<\/td>\n<td align=\"right\">Napi + intenz\u00edv haszn\u00e1lat<\/td>\n<td>Alkalmas alkalmi felhaszn\u00e1l\u00f3knak \u00e9s magas gyakoris\u00e1g\u00fa vapereknek.<\/td>\n<\/tr>\n<\/tbody>\n<\/table>\n<p data-start=\"666\" data-end=\"1235\"><strong style=\"font-size: 16px;\"><span style=\"color: #ff0000;\">Add hozz\u00e1 Amy WhatsApp-j\u00e1t, hogy azonnali v\u00e1laszt \u00e9s kedvezm\u00e9nyes \u00e1rat kapj!<\/span><\/strong><\/p>\n<p><img fetchpriority=\"high\" decoding=\"async\" class=\"size-full wp-image-2932\" src=\"https:\/\/vapestornado.com\/wp-content\/uploads\/2024\/12\/Vape-Wholesale.jpg\" alt=\"Vape nagykereskedelem\" width=\"229\" height=\"300\" \/><\/p>\n<h3><a href=\"https:\/\/wa.me\/8617776015835\" target=\"_blank\" rel=\"noopener\"><span style=\"color: #ff0000;\"><strong>WhatsApp: +86 17776015835<\/strong><\/span><\/a><\/h3>\n<p>&nbsp;<\/p>\n<h2 class=\"product-title\"><strong>Bang Leader 30k eldobhat\u00f3 E cig \u00edzek \u00e1ttekint\u00e9se<\/strong><\/h2>\n<article class=\"w-full text-token-text-primary focus-visible:outline-2 focus-visible:outline-offset-[-4px]\" dir=\"auto\" data-testid=\"conversation-turn-32\" data-scroll-anchor=\"false\">\n<div class=\"m-auto text-base py-[18px] px-6\">\n<div class=\"mx-auto flex flex-1 text-base gap-4 md:gap-5 lg:gap-6 md:max-w-3xl lg:max-w-[40rem] xl:max-w-[48rem]\">\n<div class=\"group\/conversation-turn relative flex w-full min-w-0 flex-col @xs\/thread:px-0 @sm\/thread:px-1.5 @md\/thread:px-4\">\n<div class=\"flex-col gap-1 md:gap-3\">\n<div class=\"flex max-w-full flex-col flex-grow\">\n<div class=\"min-h-8 text-message flex w-full flex-col items-end gap-2 whitespace-normal break-words text-start [.text-message+&amp;]:mt-5\" dir=\"auto\" data-message-author-role=\"user\" data-message-id=\"ffac41ca-1db4-431b-873a-32c4052956f1\">\n<div class=\"flex w-full flex-col gap-1 empty:hidden items-end rtl:items-start\">\n<div class=\"relative max-w-[var(--user-chat-width,70%)] rounded-3xl bg-token-message-surface px-5 py-2.5\">\n<div class=\"absolute bottom-0 right-full top-0 -mr-3.5 hidden pr-5 pt-2 [.group\/conversation-turn:hover_&amp;]:flex\">\n<div class=\"flex\">\n<article class=\"w-full text-token-text-primary focus-visible:outline-2 focus-visible:outline-offset-[-4px]\" dir=\"auto\" data-testid=\"conversation-turn-39\" data-scroll-anchor=\"true\">\n<div class=\"m-auto text-base py-[18px] px-6\">\n<div class=\"mx-auto flex flex-1 text-base gap-4 md:gap-5 lg:gap-6 md:max-w-3xl lg:max-w-[40rem] xl:max-w-[48rem]\">\n<div class=\"group\/conversation-turn relative flex w-full min-w-0 flex-col agent-turn @xs\/thread:px-0 @sm\/thread:px-1.5 @md\/thread:px-4\">\n<div class=\"flex-col gap-1 md:gap-3\">\n<div class=\"flex max-w-full flex-col flex-grow\">\n<div class=\"min-h-8 text-message flex w-full flex-col items-end gap-2 whitespace-normal break-words text-start [.text-message+&amp;]:mt-5\" dir=\"auto\" data-message-author-role=\"assistant\" data-message-id=\"55a23854-ec57-48dd-bd4f-6118f43d6241\" data-message-model-slug=\"gpt-4o\">\n<div class=\"flex w-full flex-col gap-1 empty:hidden first:pt-[3px]\">\n<div class=\"markdown prose w-full break-words dark:prose-invert light\">\n<p>1. G\u00f6r\u00f6gdinnye j\u00e9g<br \/>\n2. G\u00f6r\u00f6gdinnye j\u00e9g<br \/>\n6. Eper G\u00f6r\u00f6gdinnye<br \/>\n4. Eper \u00e9s g\u00f6r\u00f6gdinnye<br \/>\n5. \u00c1fonya m\u00e1lna<br \/>\n6. \u00c1fonya m\u00e1lna<br \/>\n7. \u00c1fonya j\u00e9g<br \/>\n8. \u00c1fonya j\u00e9g<br \/>\n9. Red Bull<br \/>\n10. Red Bull<br \/>\n11. Eper kiwi<br \/>\n12. Eper kiwi<\/p>\n<figure id=\"attachment_4109\" aria-describedby=\"caption-attachment-4109\" style=\"width: 800px\" class=\"wp-caption alignnone\"><img decoding=\"async\" class=\"wp-image-4109 size-full\" src=\"https:\/\/vapestornado.com\/wp-content\/uploads\/2025\/04\/High-Quality-Bang-Leader-30000-Puffs-Pen-Pod.webp\" alt=\"Kiv\u00e1l\u00f3 min\u0151s\u00e9g\u0171 Bang Leader 30000 Puffs Pen Pod\" width=\"800\" height=\"800\" srcset=\"https:\/\/vapestornado.com\/wp-content\/uploads\/2025\/04\/High-Quality-Bang-Leader-30000-Puffs-Pen-Pod.webp 800w, https:\/\/vapestornado.com\/wp-content\/uploads\/2025\/04\/High-Quality-Bang-Leader-30000-Puffs-Pen-Pod-300x300.webp 300w, https:\/\/vapestornado.com\/wp-content\/uploads\/2025\/04\/High-Quality-Bang-Leader-30000-Puffs-Pen-Pod-150x150.webp 150w, https:\/\/vapestornado.com\/wp-content\/uploads\/2025\/04\/High-Quality-Bang-Leader-30000-Puffs-Pen-Pod-768x768.webp 768w, https:\/\/vapestornado.com\/wp-content\/uploads\/2025\/04\/High-Quality-Bang-Leader-30000-Puffs-Pen-Pod-600x600.webp 600w, https:\/\/vapestornado.com\/wp-content\/uploads\/2025\/04\/High-Quality-Bang-Leader-30000-Puffs-Pen-Pod-100x100.webp 100w\" sizes=\"(max-width: 800px) 100vw, 800px\" \/><figcaption id=\"caption-attachment-4109\" class=\"wp-caption-text\">Kiv\u00e1l\u00f3 min\u0151s\u00e9g\u0171 Bang Leader 30000 Puffs Pen Pod<\/figcaption><\/figure>\n<\/div>\n<\/div>\n<\/div>\n<\/div>\n<\/div>\n<\/div>\n<\/div>\n<\/div>\n<\/article>\n<\/div>\n<\/div>\n<\/div>\n<\/div>\n<\/div>\n<\/div>\n<\/div>\n<\/div>\n<\/div>\n<\/div>\n<\/article>\n<h2>Mi\u00e9rt a Vapestornado a legjobb hely az e-cigarett\u00e1k v\u00e1s\u00e1rl\u00e1s\u00e1ra?<\/h2>\n<div class=\"flex-shrink-0 flex flex-col relative items-end\">\n<div class=\"pt-0\">\n<div class=\"gizmo-bot-avatar flex h-8 w-8 items-center justify-center overflow-hidden rounded-full\">\n<div class=\"relative p-1 rounded-sm flex items-center justify-center bg-token-main-surface-primary text-token-text-primary h-8 w-8\">\n<p>At\u00a0<strong>VapeTornado<\/strong>b\u00fcszk\u00e9k vagyunk arra, hogy\u00a0<strong>pr\u00e9mium vaping term\u00e9keket k\u00edn\u00e1lunk verhetetlen \u00e1ron<\/strong>\u2014\u00e9s a Bang Leader 30000 Puff 30k sem kiv\u00e9tel! \u00cdme, mi\u00e9rt \u00e9rdemes t\u0151l\u00fcnk v\u00e1s\u00e1rolni:<\/p>\n<p class=\"\" data-start=\"49\" data-end=\"193\"><strong data-start=\"49\" data-end=\"81\">Verhetetlen Nagykereskedelmi \u00c1rak<\/strong> \u2013 \u00c9lvezze a legjobb nagy t\u00e9telben t\u00f6rt\u00e9n\u0151 aj\u00e1nlatokat a piacon, \u00edgy mi vagyunk a legmegb\u00edzhat\u00f3bb besz\u00e1ll\u00edt\u00f3 a vape \u00fczletek \u00e9s viszontelad\u00f3k sz\u00e1m\u00e1ra vil\u00e1gszerte.<\/p>\n<p class=\"\" data-start=\"195\" data-end=\"340\"><strong data-start=\"195\" data-end=\"228\">Gyors<\/strong> \u2013 Gyorsan \u00e9s biztons\u00e1gosan k\u00e9zbes\u00edtj\u00fck megrendel\u00e9seit, megb\u00edzhat\u00f3, az \u00d6n ig\u00e9nyeire szabott, vil\u00e1gszint\u0171 sz\u00e1ll\u00edt\u00e1si lehet\u0151s\u00e9gekkel.<\/p>\n<p class=\"\" data-start=\"342\" data-end=\"487\"><strong data-start=\"342\" data-end=\"367\">100% Eredeti Term\u00e9kek<\/strong> \u2013 B\u00facs\u00fazz el a hamis\u00edtv\u00e1nyokt\u00f3l! Csak eredeti Bang Leader 30000 Puff vape term\u00e9keket garant\u00e1lunk, ellen\u0151rz\u00f6tt min\u0151s\u00e9ggel \u00e9s teljes\u00edtm\u00e9nnyel.<\/p>\n<p class=\"\" data-start=\"489\" data-end=\"627\"><strong data-start=\"489\" data-end=\"516\">Szak\u00e9rt\u0151i \u00dcgyf\u00e9lszolg\u00e1lat<\/strong> \u2013 K\u00e9rd\u00e9se van? Szak\u00e9rt\u0151 vape csapatunk b\u00e1rmikor rendelkez\u00e9s\u00e9re \u00e1ll, biztos\u00edtva a z\u00f6kken\u0151mentes \u00e9s probl\u00e9mamentes szolg\u00e1ltat\u00e1st.<\/p>\n<p data-start=\"559\" data-end=\"933\" data-is-last-node=\"\" data-is-only-node=\"\">Van n\u00e9h\u00e1ny m\u00e1s n\u00e9pszer\u0171, kijelz\u0151vel ell\u00e1tott vape term\u00e9k\u00fcnk is, mint p\u00e9ld\u00e1ul a <a href=\"https:\/\/vapestornado.com\/hu\/product\/wga-legend-ultra-30k-30000-puffs-rechargeable-vape-pod-twins-flavor\/\">WGA Krist\u00e1ly 30000 Puff<\/a>, <a href=\"https:\/\/vapestornado.com\/hu\/product\/waspe-aiviou-3-in-1-60000-puffs-disposable-vape-kit-best-price\/\">WASPE 60000 3 az 1-ben<\/a>, <a href=\"https:\/\/vapestornado.com\/hu\/product\/uzy-crystal-50000-puff-twin-flavor-bulk-vapes-for-cheap\/\">UZY Krist\u00e1ly 50000<\/a>, \u00e9s m\u00e9g sok m\u00e1s.<\/p>\n<\/div>\n<div class=\"relative p-1 rounded-sm flex items-center justify-center bg-token-main-surface-primary text-token-text-primary h-8 w-8\">\n<h2>GYIK a Bang Leader 30000 Puff term\u00e9khez \u2013 Amit \u00e9rdemes tudni<\/h2>\n<p data-start=\"1588\" data-end=\"1913\"><strong data-start=\"1588\" data-end=\"1678\">K: \u201eElegem van az eldobhat\u00f3kb\u00f3l, amelyek n\u00e9h\u00e1ny nap alatt elfogynak. Val\u00f3ban tart\u00f3s ez?\u201d<\/strong><br data-start=\"1678\" data-end=\"1681\" \/><strong data-start=\"1681\" data-end=\"1687\">A:<\/strong> Igen. A Bang Leader biztos\u00edtja <strong data-start=\"1718\" data-end=\"1740\">ak\u00e1r 30 000 sz\u00edv\u00e1s<\/strong>, \u00edgy a legt\u00f6bb felhaszn\u00e1l\u00f3 <strong data-start=\"1760\" data-end=\"1776\">hetekig haszn\u00e1lhatja<\/strong>, nem napokig. Nagy vaperek sz\u00e1m\u00e1ra tervezt\u00e9k, akik kevesebb cser\u00e9t szeretn\u00e9nek, \u00e9s alkalmi felhaszn\u00e1l\u00f3knak, akik egy megb\u00edzhat\u00f3 eszk\u00f6zt keresnek hosszabb t\u00e1von.<\/p>\n<p data-start=\"1915\" data-end=\"2197\"><strong data-start=\"1915\" data-end=\"1980\">K: \u201eEgy magas sz\u00edv\u00e1s\u00fa eldobhat\u00f3 \u00edzt vesz\u00edt f\u00e9l\u00faton?\u201d<\/strong><br data-start=\"1980\" data-end=\"1983\" \/><strong data-start=\"1983\" data-end=\"1989\">A:<\/strong> Ez egy gyakori probl\u00e9ma a standard tekercsekkel. A Bang Leader ezt megoldja <strong data-start=\"2061\" data-end=\"2090\">dupla h\u00e1l\u00f3s tekercs technol\u00f3gi\u00e1ja<\/strong>, amely egyenletesen meleg\u00edti az e-liquidet, \u00e9s stabil \u00edzprofilt, valamint g\u0151z s\u0171r\u0171s\u00e9get tart fenn hossz\u00fa haszn\u00e1lat sor\u00e1n.<\/p>\n<p data-start=\"2199\" data-end=\"2470\"><strong data-start=\"2199\" data-end=\"2261\">K: \u201eSzeretem v\u00e1ltogatni az \u00edzeket. Sz\u00fcks\u00e9gem van k\u00e9t vape-re?\u201d<\/strong><br data-start=\"2261\" data-end=\"2264\" \/><strong data-start=\"2264\" data-end=\"2270\">A:<\/strong> Nem. Ez egy igaz <strong data-start=\"2290\" data-end=\"2333\">Bang Leader 30000 Puff dupla \u00edzes vape<\/strong>. A kett\u0151s \u00edzv\u00e1lt\u00f3 rendszer lehet\u0151v\u00e9 teszi, hogy <strong data-start=\"2376\" data-end=\"2415\">azonnal v\u00e1ltogass k\u00e9t \u00edz k\u00f6z\u00f6tt<\/strong> egy csavarral, v\u00e1ltozatoss\u00e1got adva an\u00e9lk\u00fcl, hogy tartal\u00e9kokat kellene hordozni.<\/p>\n<p data-start=\"2472\" data-end=\"2734\"><strong data-start=\"2472\" data-end=\"2524\">K: \u201eHogyan tudom, mikor alacsony az akkumul\u00e1tor vagy a folyad\u00e9k?\u201d<\/strong><br data-start=\"2524\" data-end=\"2527\" \/><strong data-start=\"2527\" data-end=\"2533\">A:<\/strong> A be\u00e9p\u00edtett okost\u00e9v\u00e9 kijelz\u0151 val\u00f3s id\u0151ben mutatja az <strong data-start=\"2573\" data-end=\"2608\">eldobhat\u00f3 vape LED k\u00e9perny\u0151vel<\/strong> amely megmutatja <strong data-start=\"2620\" data-end=\"2663\">akkumul\u00e1tor \u00e9s az e-liquid szintet<\/strong>. Pontosan tudni fogod, mikor kell \u00fajrat\u00f6lteni vagy cser\u00e9lni\u2014nincs v\u00e1ratlan sz\u00e1raz sz\u00edv\u00e1s.<\/p>\n<p data-start=\"2954\" data-end=\"3124\"><strong data-start=\"2954\" data-end=\"3001\">K: \u201eEl\u00e9g hordozhat\u00f3-e a mindennapi haszn\u00e1latra?\u201d<\/strong><br data-start=\"3001\" data-end=\"3004\" \/><strong data-start=\"3004\" data-end=\"3010\">A:<\/strong> Igen. A kompakt, doboz alak\u00fa test <strong data-start=\"3047\" data-end=\"3078\">zsebbar\u00e1t \u00e9s tart\u00f3s<\/strong>, ide\u00e1lis ing\u00e1z\u00e1shoz, utaz\u00e1shoz \u00e9s esti sz\u00f3rakoz\u00e1shoz.<\/p>\n<p data-start=\"3126\" data-end=\"3428\"><strong data-start=\"3126\" data-end=\"3170\">K: \u201eEr\u0151sek \u00e9s n\u00e9pszer\u0171ek az \u00edzek?\u201d<\/strong><br data-start=\"3170\" data-end=\"3173\" \/><strong data-start=\"3173\" data-end=\"3179\">A:<\/strong> A k\u00edn\u00e1lat olyan \u00edzp\u00e1rokat helyez el\u0151t\u00e9rbe, amelyek hossz\u00fa haszn\u00e1lat sor\u00e1n is \u00e9lvezetesek maradnak\u2014p\u00e9ld\u00e1ul <strong data-start=\"3254\" data-end=\"3292\">Red Bull<\/strong>, <strong data-start=\"3294\" data-end=\"3325\">Strawberry Kiwi (Eper Kiwi)<\/strong>, \u00e9s <strong data-start=\"3331\" data-end=\"3368\">Blueberry Ice (\u00c1fonya J\u00e9g)<\/strong>. A kett\u0151s h\u00e1l\u00f3s f\u0171t\u00e9s tiszt\u00e1n \u00e9s k\u00f6vetkezetesen tartja az egyes profilokat.<\/p>\n<\/div>\n<\/div>\n<\/div>\n<\/div>","protected":false},"excerpt":{"rendered":"<p class=\"LC20lb MBeuO DKV0Md\">Bang Leader 30000 Puffs Olcs\u00f3 E Cigaretta Doh\u00e1nybolt Nagykeresked\u00e9s Lengyelorsz\u00e1g<br \/>\nBang Leader 30000 Puffs 2 az 1-ben Dupla \u00cdz\u0171 Vape Box Nagykereskedelmi \u00c1ron<br \/>\nBang Leader 30000 Puffs Olcs\u00f3 E-cigarett\u00e1k V\u00e1s\u00e1rl\u00e1s Nagy t\u00e9telben<\/p>\n<p><strong>Add hozz\u00e1 Amy whatsappj\u00e1t, hogy azonnali v\u00e1laszt \u00e9s kedvezm\u00e9nyes \u00e1rat kapj!<\/strong><\/p>\n<p><img fetchpriority=\"high\" decoding=\"async\" class=\"size-full wp-image-2932\" src=\"https:\/\/vapestornado.com\/wp-content\/uploads\/2024\/12\/Vape-Wholesale.jpg\" alt=\"Vape nagykereskedelem\" width=\"229\" height=\"300\" \/><\/p>\n<h3><a href=\"https:\/\/wa.me\/8617776015835\"><span style=\"color: #ff0000;\"><strong>WhatsApp: +86 17776015835<\/strong><\/span><\/a><\/h3>\n<p>&nbsp;<\/p>","protected":false},"featured_media":4105,"comment_status":"open","ping_status":"closed","template":"","meta":{"_acf_changed":false,"_uag_custom_page_level_css":"","_lmt_disableupdate":"no","_lmt_disable":"","_monsterinsights_skip_tracking":false,"_monsterinsights_sitenote_active":false,"_monsterinsights_sitenote_note":"","_monsterinsights_sitenote_category":0,"site-sidebar-layout":"default","site-content-layout":"","ast-site-content-layout":"default","site-content-style":"default","site-sidebar-style":"default","ast-global-header-display":"","ast-banner-title-visibility":"","ast-main-header-display":"","ast-hfb-above-header-display":"","ast-hfb-below-header-display":"","ast-hfb-mobile-header-display":"","site-post-title":"","ast-breadcrumbs-content":"","ast-featured-img":"","footer-sml-layout":"","ast-disable-related-posts":"","theme-transparent-header-meta":"default","adv-header-id-meta":"","stick-header-meta":"","header-above-stick-meta":"","header-main-stick-meta":"","header-below-stick-meta":"","astra-migrate-meta-layouts":"set","ast-page-background-enabled":"default","ast-page-background-meta":{"desktop":{"background-color":"","background-image":"","background-repeat":"repeat","background-position":"center center","background-size":"auto","background-attachment":"scroll","background-type":"","background-media":"","overlay-type":"","overlay-color":"","overlay-opacity":"","overlay-gradient":""},"tablet":{"background-color":"","background-image":"","background-repeat":"repeat","background-position":"center center","background-size":"auto","background-attachment":"scroll","background-type":"","background-media":"","overlay-type":"","overlay-color":"","overlay-opacity":"","overlay-gradient":""},"mobile":{"background-color":"","background-image":"","background-repeat":"repeat","background-position":"center center","background-size":"auto","background-attachment":"scroll","background-type":"","background-media":"","overlay-type":"","overlay-color":"","overlay-opacity":"","overlay-gradient":""}},"ast-content-background-meta":{"desktop":{"background-color":"var(--ast-global-color-5)","background-image":"","background-repeat":"repeat","background-position":"center center","background-size":"auto","background-attachment":"scroll","background-type":"","background-media":"","overlay-type":"","overlay-color":"","overlay-opacity":"","overlay-gradient":""},"tablet":{"background-color":"var(--ast-global-color-5)","background-image":"","background-repeat":"repeat","background-position":"center center","background-size":"auto","background-attachment":"scroll","background-type":"","background-media":"","overlay-type":"","overlay-color":"","overlay-opacity":"","overlay-gradient":""},"mobile":{"background-color":"var(--ast-global-color-5)","background-image":"","background-repeat":"repeat","background-position":"center center","background-size":"auto","background-attachment":"scroll","background-type":"","background-media":"","overlay-type":"","overlay-color":"","overlay-opacity":"","overlay-gradient":""}},"_joinchat":{"telephone":"17776015835"}},"product_brand":[],"product_cat":[67,278,154,156,142],"product_tag":[470,469,328,105,198],"class_list":{"0":"post-4111","1":"product","2":"type-product","3":"status-publish","4":"has-post-thumbnail","6":"product_cat-30000-puff","7":"product_cat-bang-leader-vape","8":"product_cat-buy-disposable-vapes-in-netherlands","9":"product_cat-buy-disposable-vapes-in-poland","10":"product_cat-digital-box-disposable-vapes","11":"product_tag-30k-puff-vape","12":"product_tag-bang-leader-30k","13":"product_tag-cheap-e-cigs","14":"product_tag-digital-disposable-vape","15":"product_tag-double-flavor-disposable-vape","16":"desktop-align-left","17":"tablet-align-left","18":"mobile-align-left","20":"first","21":"instock","22":"sale","23":"shipping-taxable","24":"purchasable","25":"product-type-simple"},"acf":[],"uagb_featured_image_src":{"full":["https:\/\/vapestornado.com\/wp-content\/uploads\/2025\/04\/Bang-30000-Puffs-Pro-Big-Screen-Double-Flavors-Disposable.webp",800,800,false],"thumbnail":["https:\/\/vapestornado.com\/wp-content\/uploads\/2025\/04\/Bang-30000-Puffs-Pro-Big-Screen-Double-Flavors-Disposable-150x150.webp",150,150,true],"medium":["https:\/\/vapestornado.com\/wp-content\/uploads\/2025\/04\/Bang-30000-Puffs-Pro-Big-Screen-Double-Flavors-Disposable-300x300.webp",300,300,true],"medium_large":["https:\/\/vapestornado.com\/wp-content\/uploads\/2025\/04\/Bang-30000-Puffs-Pro-Big-Screen-Double-Flavors-Disposable-768x768.webp",768,768,true],"large":["https:\/\/vapestornado.com\/wp-content\/uploads\/2025\/04\/Bang-30000-Puffs-Pro-Big-Screen-Double-Flavors-Disposable.webp",800,800,false],"1536x1536":["https:\/\/vapestornado.com\/wp-content\/uploads\/2025\/04\/Bang-30000-Puffs-Pro-Big-Screen-Double-Flavors-Disposable.webp",800,800,false],"2048x2048":["https:\/\/vapestornado.com\/wp-content\/uploads\/2025\/04\/Bang-30000-Puffs-Pro-Big-Screen-Double-Flavors-Disposable.webp",800,800,false],"trp-custom-language-flag":["https:\/\/vapestornado.com\/wp-content\/uploads\/2025\/04\/Bang-30000-Puffs-Pro-Big-Screen-Double-Flavors-Disposable.webp",12,12,false],"woocommerce_thumbnail":["https:\/\/vapestornado.com\/wp-content\/uploads\/2025\/04\/Bang-30000-Puffs-Pro-Big-Screen-Double-Flavors-Disposable-300x300.webp",300,300,true],"woocommerce_single":["https:\/\/vapestornado.com\/wp-content\/uploads\/2025\/04\/Bang-30000-Puffs-Pro-Big-Screen-Double-Flavors-Disposable-600x600.webp",600,600,true],"woocommerce_gallery_thumbnail":["https:\/\/vapestornado.com\/wp-content\/uploads\/2025\/04\/Bang-30000-Puffs-Pro-Big-Screen-Double-Flavors-Disposable-100x100.webp",100,100,true]},"uagb_author_info":{"display_name":"ESAMY","author_link":"https:\/\/vapestornado.com\/hu\/author\/"},"uagb_comment_info":0,"uagb_excerpt":"Bang Leader 30000 Puffs Cheap E Cigs Smoke Shop Wholesale Poland Bang Leader 30000 Puffs 2 in 1 Double Flavor Vape Box Wholesale Price Bang Leader 30000 Puffs\u00a0 Cheap ECigs Buy In Bulk Add Amy's whatsapp to get right reply and discount price! WhatsApp: +86 17776015835 &nbsp;","_links":{"self":[{"href":"https:\/\/vapestornado.com\/hu\/wp-json\/wp\/v2\/product\/4111","targetHints":{"allow":["GET"]}}],"collection":[{"href":"https:\/\/vapestornado.com\/hu\/wp-json\/wp\/v2\/product"}],"about":[{"href":"https:\/\/vapestornado.com\/hu\/wp-json\/wp\/v2\/types\/product"}],"replies":[{"embeddable":true,"href":"https:\/\/vapestornado.com\/hu\/wp-json\/wp\/v2\/comments?post=4111"}],"wp:featuredmedia":[{"embeddable":true,"href":"https:\/\/vapestornado.com\/hu\/wp-json\/wp\/v2\/media\/4105"}],"wp:attachment":[{"href":"https:\/\/vapestornado.com\/hu\/wp-json\/wp\/v2\/media?parent=4111"}],"wp:term":[{"taxonomy":"product_brand","embeddable":true,"href":"https:\/\/vapestornado.com\/hu\/wp-json\/wp\/v2\/product_brand?post=4111"},{"taxonomy":"product_cat","embeddable":true,"href":"https:\/\/vapestornado.com\/hu\/wp-json\/wp\/v2\/product_cat?post=4111"},{"taxonomy":"product_tag","embeddable":true,"href":"https:\/\/vapestornado.com\/hu\/wp-json\/wp\/v2\/product_tag?post=4111"}],"curies":[{"name":"wp","href":"https:\/\/api.w.org\/{rel}","templated":true}]}}