{"id":4103,"date":"2025-04-10T09:29:15","date_gmt":"2025-04-10T09:29:15","guid":{"rendered":"https:\/\/vapestornado.com\/?post_type=product&#038;p=4103"},"modified":"2025-12-02T09:08:48","modified_gmt":"2025-12-02T09:08:48","slug":"bang-leader-45000-puff-45k-cheap-e-cigs-bulk-buy-online","status":"publish","type":"product","link":"https:\/\/vapestornado.com\/hu\/product\/bang-leader-45000-puff-45k-cheap-e-cigs-bulk-buy-online\/","title":{"rendered":"Bang Leader 45000 Puffs 45k Olcs\u00f3 E Cigaretta Nagy t\u00e9telben online v\u00e1s\u00e1rl\u00e1s"},"content":{"rendered":"<h1 data-pm-slice=\"1 1 []\">Bang Leader 45000 Puffs 45k Olcs\u00f3 E Cigaretta Nagy t\u00e9telben online v\u00e1s\u00e1rl\u00e1s<\/h1>\n<p data-start=\"465\" data-end=\"826\">A <strong data-start=\"469\" data-end=\"511\">Bang Leader 45000 Sz\u00edv\u00e1s Eldobhat\u00f3 Vape seg\u00edts\u00e9g\u00e9vel<\/strong> az egyik leger\u0151sebb \u00e9s legmegb\u00edzhat\u00f3bb lehet\u0151s\u00e9g a 45 000 szippant\u00e1sos eldobhat\u00f3 vape kateg\u00f3ri\u00e1ban. Egy 650mAh \u00fajrat\u00f6lthet\u0151 akkumul\u00e1torral, nikotinszintekkel 0%, 2% \u00e9s 5%, valamint leny\u0171g\u00f6z\u0151 45 000 szippant\u00e1s kapacit\u00e1ssal, a k\u00e9sz\u00fcl\u00e9k hossz\u00fa t\u00e1v\u00fa \u00e9s egyenletes vaping \u00e9lm\u00e9nyt ny\u00fajt, ide\u00e1lis hosszabb haszn\u00e1lathoz.<\/p>\n<h4 data-start=\"828\" data-end=\"878\">1. Nagyteljes\u00edtm\u00e9ny\u0171 Akkumul\u00e1tor \u00e9s Okos Kijelz\u0151<\/h4>\n<p data-start=\"879\" data-end=\"1303\">Felszerelve egy <strong data-start=\"895\" data-end=\"926\">650mAh-s \u00fajrat\u00f6lthet\u0151 akkumul\u00e1tor<\/strong>, a Bang Leader vape biztos\u00edtja, hogy hosszabb vaping szesszi\u00f3kat \u00e9lvezhess an\u00e9lk\u00fcl, hogy agg\u00f3dn\u00e1l a gyakori \u00fajrat\u00f6lt\u00e9s miatt. Emellett rendelkezik egy <strong data-start=\"1058\" data-end=\"1083\">digit\u00e1lis okos kijelz\u0151<\/strong> amely val\u00f3s idej\u0171 inform\u00e1ci\u00f3kat ny\u00fajt az akkumul\u00e1tor \u00e9s az e-liquid szintekr\u0151l, \u00edgy a felhaszn\u00e1l\u00f3k teljes kontrollt gyakorolhatnak a haszn\u00e1lat sor\u00e1n. Ez a funkci\u00f3 kik\u00fcsz\u00f6b\u00f6li a tal\u00e1lgat\u00e1st, seg\u00edt nyomon k\u00f6vetni a k\u00e9sz\u00fcl\u00e9k \u00e1llapot\u00e1t a probl\u00e9mamentes \u00e9lm\u00e9ny\u00e9rt.<\/p>\n<h4 data-start=\"1305\" data-end=\"1337\">2. Optimaliz\u00e1lt 1.0\u03a9 H\u00e1l\u00f3s Tekercs<\/h4>\n<p data-start=\"1338\" data-end=\"1634\">A <strong data-start=\"1342\" data-end=\"1360\">1.0\u03a9 mesh tekercs<\/strong> amelyet a Bang Leader vape haszn\u00e1l, fokozza a g\u0151zk\u00e9pz\u0151d\u00e9st \u00e9s sima, \u00edzletes h\u00faz\u00e1sokat biztos\u00edt a kezdett\u0151l a v\u00e9g\u00e9ig. A h\u00e1l\u00f3s tekercs kialak\u00edt\u00e1sa jobb hev\u00edt\u00e9si hat\u00e9konys\u00e1got k\u00edn\u00e1l, egyenletes \u00e9s k\u00f6vetkezetes g\u0151zt biztos\u00edtva a k\u00e9sz\u00fcl\u00e9k haszn\u00e1lata sor\u00e1n, ez\u00e1ltal fokozva az \u00f6sszvaping \u00e9lm\u00e9nyt.<\/p>\n<h4 data-start=\"1636\" data-end=\"1672\">3. K\u00e9t \u00cdzv\u00e1lt\u00f3 Rendszer<\/h4>\n<p data-start=\"1673\" data-end=\"1877\">Egy kiemelked\u0151 jellemz\u0151je ennek a vape-nek a <strong data-start=\"1712\" data-end=\"1744\">k\u00e9t \u00edzv\u00e1lt\u00f3 rendszer<\/strong>, amely lehet\u0151v\u00e9 teszi a felhaszn\u00e1l\u00f3k sz\u00e1m\u00e1ra, hogy azonnal v\u00e1ltsonak k\u00e9t k\u00fcl\u00f6nb\u00f6z\u0151 \u00edzprofil k\u00f6z\u00f6tt. N\u00e9h\u00e1ny legn\u00e9pszer\u0171bb \u00edzkombin\u00e1ci\u00f3 p\u00e9ld\u00e1ul:<\/p>\n<ul data-start=\"1878\" data-end=\"2042\">\n<li data-start=\"1878\" data-end=\"1928\">\n<p data-start=\"1880\" data-end=\"1928\"><strong data-start=\"1880\" data-end=\"1928\">\u00c1fonya M\u00e1lna<\/strong><\/p>\n<\/li>\n<li data-start=\"1929\" data-end=\"1969\">\n<p data-start=\"1931\" data-end=\"1969\"><strong data-start=\"1931\" data-end=\"1969\">Red Bull<\/strong><\/p>\n<\/li>\n<li data-start=\"1970\" data-end=\"2003\">\n<p data-start=\"1972\" data-end=\"2003\"><strong data-start=\"1972\" data-end=\"2003\">K\u00f3la J\u00e9g<\/strong><\/p>\n<\/li>\n<li data-start=\"2004\" data-end=\"2042\">\n<p data-start=\"2006\" data-end=\"2042\"><strong data-start=\"2006\" data-end=\"2042\">\u00c1fonya J\u00e9g<\/strong><\/p>\n<\/li>\n<\/ul>\n<p data-start=\"2044\" data-end=\"2199\">Ez a k\u00e9t \u00edz\u0171 rendszer sokoldal\u00fas\u00e1got biztos\u00edt, lehet\u0151v\u00e9 t\u00e9ve a felhaszn\u00e1l\u00f3k sz\u00e1m\u00e1ra, hogy egy k\u00e9sz\u00fcl\u00e9kben \u00e9lvezz\u00e9k a k\u00fcl\u00f6nb\u00f6z\u0151 \u00edzeket, \u00edgy a vaping \u00e9lm\u00e9ny izgalmas \u00e9s friss marad.<\/p>\n<h4 data-start=\"2201\" data-end=\"2236\">4. Kompakt \u00e9s hordozhat\u00f3 kialak\u00edt\u00e1s<\/h4>\n<p data-start=\"2237\" data-end=\"2544\">A <strong data-start=\"2241\" data-end=\"2267\">Bang Leader 45000 Szippant\u00e1s<\/strong> \u00fagy lett kialak\u00edtva, hogy kompakt \u00e9s zsebbar\u00e1t legyen, biztos\u00edtva a k\u00e9nyelmet az \u00fatk\u00f6zbeni haszn\u00e1lathoz. Ergonomikus kialak\u00edt\u00e1sa lehet\u0151v\u00e9 teszi a felhaszn\u00e1l\u00f3k sz\u00e1m\u00e1ra, hogy k\u00f6nnyed\u00e9n hordozz\u00e1k, ak\u00e1r napi haszn\u00e1latra, ak\u00e1r utaz\u00e1s k\u00f6zben. Ez egy praktikus megold\u00e1s azok sz\u00e1m\u00e1ra, akik magas teljes\u00edtm\u00e9ny\u0171, hordozhat\u00f3 vaping k\u00e9sz\u00fcl\u00e9ket keresnek.<\/p>\n<h4 data-start=\"2546\" data-end=\"2585\">5. Er\u0151s Piaci Kereslet Eur\u00f3p\u00e1ban<\/h4>\n<p data-start=\"2586\" data-end=\"2963\">Mint pr\u00e9mium eldobhat\u00f3 vape, a <strong data-start=\"2620\" data-end=\"2646\">Bang Leader 45000 Szippant\u00e1s<\/strong> helyezkedik el, hogy kiel\u00e9g\u00edtse a n\u00f6vekv\u0151 keresletet Eur\u00f3p\u00e1ban. Teljes\u00edtm\u00e9nye \u00e9s funkci\u00f3i kiv\u00e1l\u00f3 v\u00e1laszt\u00e1ss\u00e1 teszik mind szem\u00e9lyes haszn\u00e1latra, mind nagykereskedelmi forgalmaz\u00e1sra. Vape boltok \u00e9s viszontelad\u00f3k sz\u00e1m\u00e1ra er\u0151s keresleti potenci\u00e1lt k\u00edn\u00e1l, <strong data-start=\"2884\" data-end=\"2907\">versenyk\u00e9pes marginokat<\/strong>, \u00e9s egy olyan k\u00e9sz\u00fcl\u00e9ket, amelyet arra terveztek, hogy vonzza a v\u00e1s\u00e1rl\u00f3kat <strong data-start=\"2942\" data-end=\"2962\">Visszat\u00e9r\u0151 v\u00e1s\u00e1rl\u00f3k<\/strong>.<\/p>\n<h4 data-start=\"2965\" data-end=\"2998\">6. Nikotinszint lehet\u0151s\u00e9gek<\/h4>\n<p data-start=\"2999\" data-end=\"3233\">A k\u00e9sz\u00fcl\u00e9k h\u00e1rom nikotinszint lehet\u0151s\u00e9ggel \u00e9rhet\u0151 el: <strong data-start=\"3059\" data-end=\"3077\">0%, 2% \u00e9s 5%<\/strong>, sz\u00e9les k\u00f6r\u0171 felhaszn\u00e1l\u00f3i ig\u00e9nyek kiel\u00e9g\u00edt\u00e9s\u00e9re. Ak\u00e1r nikotinmentes \u00e9lm\u00e9nyt, ak\u00e1r er\u0151sebb hat\u00e1st kedvel, a Bang Leader 45000 Puff mindenki sz\u00e1m\u00e1ra k\u00edn\u00e1l valamit.<\/p>\n<p data-start=\"666\" data-end=\"1235\"><strong style=\"font-size: 16px;\"><span style=\"color: #ff0000;\">Add hozz\u00e1 Amy WhatsApp-j\u00e1t, hogy azonnali v\u00e1laszt \u00e9s kedvezm\u00e9nyes \u00e1rat kapj!<\/span><\/strong><\/p>\n<p><img fetchpriority=\"high\" decoding=\"async\" class=\"size-full wp-image-2932\" src=\"https:\/\/vapestornado.com\/wp-content\/uploads\/2024\/12\/Vape-Wholesale.jpg\" alt=\"Vape nagykereskedelem\" width=\"229\" height=\"300\" \/><\/p>\n<h3><a href=\"https:\/\/wa.me\/8617776015835\" target=\"_blank\" rel=\"noopener\"><span style=\"color: #ff0000;\"><strong>WhatsApp: +86 17776015835<\/strong><\/span><\/a><\/h3>\n<p>&nbsp;<\/p>\n<h2><strong>Bang Leader 45000 F\u0151bb term\u00e9kjellemz\u0151k<\/strong><\/h2>\n<p>M\u00e1rka: BANG LEADER<br \/>\nSZ\u00cdV\u00c1SOK: 45000<br \/>\nAkkumul\u00e1tor: 650mah \u00fajrat\u00f6lthet\u0151<br \/>\nEllen\u00e1ll\u00e1s: 1.0ohm<br \/>\n2 az 1-ben dupla \u00edz<br \/>\nDigit\u00e1lis kijelz\u0151 az olajhoz \u00e9s az akkumul\u00e1torhoz<br \/>\nNikotin 0% 2% 5%<\/p>\n<h2 class=\"product-title\"><strong>Bang Leader 45k Eldobhat\u00f3 E-Cigi \u00cdzek \u00c1ttekint\u00e9se<\/strong><\/h2>\n<article class=\"w-full text-token-text-primary focus-visible:outline-2 focus-visible:outline-offset-[-4px]\" dir=\"auto\" data-testid=\"conversation-turn-32\" data-scroll-anchor=\"false\">\n<div class=\"m-auto text-base py-[18px] px-6\">\n<div class=\"mx-auto flex flex-1 text-base gap-4 md:gap-5 lg:gap-6 md:max-w-3xl lg:max-w-[40rem] xl:max-w-[48rem]\">\n<div class=\"group\/conversation-turn relative flex w-full min-w-0 flex-col @xs\/thread:px-0 @sm\/thread:px-1.5 @md\/thread:px-4\">\n<div class=\"flex-col gap-1 md:gap-3\">\n<div class=\"flex max-w-full flex-col flex-grow\">\n<div class=\"min-h-8 text-message flex w-full flex-col items-end gap-2 whitespace-normal break-words text-start [.text-message+&amp;]:mt-5\" dir=\"auto\" data-message-author-role=\"user\" data-message-id=\"ffac41ca-1db4-431b-873a-32c4052956f1\">\n<div class=\"flex w-full flex-col gap-1 empty:hidden items-end rtl:items-start\">\n<div class=\"relative max-w-[var(--user-chat-width,70%)] rounded-3xl bg-token-message-surface px-5 py-2.5\">\n<div class=\"absolute bottom-0 right-full top-0 -mr-3.5 hidden pr-5 pt-2 [.group\/conversation-turn:hover_&amp;]:flex\">\n<div class=\"flex\">\n<article class=\"w-full text-token-text-primary focus-visible:outline-2 focus-visible:outline-offset-[-4px]\" dir=\"auto\" data-testid=\"conversation-turn-39\" data-scroll-anchor=\"true\">\n<div class=\"m-auto text-base py-[18px] px-6\">\n<div class=\"mx-auto flex flex-1 text-base gap-4 md:gap-5 lg:gap-6 md:max-w-3xl lg:max-w-[40rem] xl:max-w-[48rem]\">\n<div class=\"group\/conversation-turn relative flex w-full min-w-0 flex-col agent-turn @xs\/thread:px-0 @sm\/thread:px-1.5 @md\/thread:px-4\">\n<div class=\"flex-col gap-1 md:gap-3\">\n<div class=\"flex max-w-full flex-col flex-grow\">\n<div class=\"min-h-8 text-message flex w-full flex-col items-end gap-2 whitespace-normal break-words text-start [.text-message+&amp;]:mt-5\" dir=\"auto\" data-message-author-role=\"assistant\" data-message-id=\"55a23854-ec57-48dd-bd4f-6118f43d6241\" data-message-model-slug=\"gpt-4o\">\n<div class=\"flex w-full flex-col gap-1 empty:hidden first:pt-[3px]\">\n<div class=\"markdown prose w-full break-words dark:prose-invert light\">\n<p>1. G\u00f6r\u00f6gdinnye J\u00e9g<br \/>\n2. Eper \u00e9s G\u00f6r\u00f6gdinnye<br \/>\n3. Eper \u00e9s g\u00f6r\u00f6gdinnye<br \/>\n7. \u00c1fonya M\u00e1lna<br \/>\n5. \u00c1fonya G\u00f6r\u00f6gdinnye<br \/>\n6. \u00c1fonya J\u00e9g<br \/>\n7. \u00c1fonya J\u00e9g<br \/>\n8. Red Bull<br \/>\n9. Red Bull<br \/>\n10. Eper Kiwi<br \/>\n11. Cola J\u00e9g<br \/>\n12. Anan\u00e1sz J\u00e9g<\/p>\n<figure id=\"attachment_4097\" aria-describedby=\"caption-attachment-4097\" style=\"width: 300px\" class=\"wp-caption alignnone\"><img decoding=\"async\" class=\"size-medium wp-image-4097\" src=\"https:\/\/vapestornado.com\/wp-content\/uploads\/2025\/04\/Bang-45000-Puff-Buy-Vape-Mods-Online-300x300.webp\" alt=\"Bang 45000 Puff V\u00e1s\u00e1roljon Vape Modokat Online\" width=\"300\" height=\"300\" srcset=\"https:\/\/vapestornado.com\/wp-content\/uploads\/2025\/04\/Bang-45000-Puff-Buy-Vape-Mods-Online-300x300.webp 300w, https:\/\/vapestornado.com\/wp-content\/uploads\/2025\/04\/Bang-45000-Puff-Buy-Vape-Mods-Online-150x150.webp 150w, https:\/\/vapestornado.com\/wp-content\/uploads\/2025\/04\/Bang-45000-Puff-Buy-Vape-Mods-Online-768x768.webp 768w, https:\/\/vapestornado.com\/wp-content\/uploads\/2025\/04\/Bang-45000-Puff-Buy-Vape-Mods-Online-600x600.webp 600w, https:\/\/vapestornado.com\/wp-content\/uploads\/2025\/04\/Bang-45000-Puff-Buy-Vape-Mods-Online-100x100.webp 100w, https:\/\/vapestornado.com\/wp-content\/uploads\/2025\/04\/Bang-45000-Puff-Buy-Vape-Mods-Online.webp 800w\" sizes=\"(max-width: 300px) 100vw, 300px\" \/><figcaption id=\"caption-attachment-4097\" class=\"wp-caption-text\">Bang 45000 Puff V\u00e1s\u00e1roljon Vape Modokat Online<\/figcaption><\/figure>\n<\/div>\n<\/div>\n<\/div>\n<\/div>\n<\/div>\n<\/div>\n<\/div>\n<\/div>\n<\/article>\n<\/div>\n<\/div>\n<\/div>\n<\/div>\n<\/div>\n<\/div>\n<\/div>\n<\/div>\n<\/div>\n<\/div>\n<\/article>\n<h2>Mi\u00e9rt a Vapestornado a legjobb hely az e-cigarett\u00e1k v\u00e1s\u00e1rl\u00e1s\u00e1ra?<\/h2>\n<div class=\"flex-shrink-0 flex flex-col relative items-end\">\n<div class=\"pt-0\">\n<div class=\"gizmo-bot-avatar flex h-8 w-8 items-center justify-center overflow-hidden rounded-full\">\n<div class=\"relative p-1 rounded-sm flex items-center justify-center bg-token-main-surface-primary text-token-text-primary h-8 w-8\">\n<p>At\u00a0<strong>VapeTornado<\/strong>b\u00fcszk\u00e9k vagyunk arra, hogy\u00a0<strong>pr\u00e9mium vaping term\u00e9keket k\u00edn\u00e1lunk verhetetlen \u00e1ron<\/strong>\u2014\u00e9s a Bang Leader 45000 Puff 45k sem kiv\u00e9tel! \u00cdme, mi\u00e9rt \u00e9rdemes t\u0151l\u00fcnk v\u00e1s\u00e1rolni:<\/p>\n<p class=\"\" data-start=\"49\" data-end=\"193\"><strong data-start=\"49\" data-end=\"81\">Verhetetlen Nagykereskedelmi \u00c1rak<\/strong> \u2013 \u00c9lvezze a legjobb nagy t\u00e9telben t\u00f6rt\u00e9n\u0151 aj\u00e1nlatokat a piacon, \u00edgy mi vagyunk a legmegb\u00edzhat\u00f3bb besz\u00e1ll\u00edt\u00f3 a vape \u00fczletek \u00e9s viszontelad\u00f3k sz\u00e1m\u00e1ra vil\u00e1gszerte.<\/p>\n<p class=\"\" data-start=\"195\" data-end=\"340\"><strong data-start=\"195\" data-end=\"228\">Gyors<\/strong> \u2013 Gyorsan \u00e9s biztons\u00e1gosan k\u00e9zbes\u00edtj\u00fck megrendel\u00e9seit, megb\u00edzhat\u00f3, az \u00d6n ig\u00e9nyeire szabott, vil\u00e1gszint\u0171 sz\u00e1ll\u00edt\u00e1si lehet\u0151s\u00e9gekkel.<\/p>\n<p class=\"\" data-start=\"342\" data-end=\"487\"><strong data-start=\"342\" data-end=\"367\">100% Eredeti Term\u00e9kek<\/strong> \u2013 Mondjon b\u00facs\u00fat a hamis\u00edtv\u00e1nyoknak! Garant\u00e1ljuk, hogy csak eredeti Bang 45000 Puff Buy Vape-et k\u00edn\u00e1lunk ellen\u0151rz\u00f6tt min\u0151s\u00e9ggel \u00e9s teljes\u00edtm\u00e9nnyel.<\/p>\n<p class=\"\" data-start=\"489\" data-end=\"627\"><strong data-start=\"489\" data-end=\"516\">Szak\u00e9rt\u0151i \u00dcgyf\u00e9lszolg\u00e1lat<\/strong> \u2013 K\u00e9rd\u00e9se van? Szak\u00e9rt\u0151 vape csapatunk b\u00e1rmikor rendelkez\u00e9s\u00e9re \u00e1ll, biztos\u00edtva a z\u00f6kken\u0151mentes \u00e9s probl\u00e9mamentes szolg\u00e1ltat\u00e1st.<\/p>\n<p data-start=\"559\" data-end=\"933\" data-is-last-node=\"\" data-is-only-node=\"\">Van n\u00e9h\u00e1ny m\u00e1s n\u00e9pszer\u0171, kijelz\u0151vel ell\u00e1tott vape term\u00e9k\u00fcnk is, mint p\u00e9ld\u00e1ul a <a href=\"https:\/\/vapestornado.com\/hu\/product\/wga-legend-ultra-30k-30000-puffs-rechargeable-vape-pod-twins-flavor\/\">WGA Krist\u00e1ly 30000 Puff<\/a>, <a href=\"https:\/\/vapestornado.com\/hu\/product\/waspe-aiviou-3-in-1-60000-puffs-disposable-vape-kit-best-price\/\">WASPE 60000 3 az 1-ben<\/a>, <a href=\"https:\/\/vapestornado.com\/hu\/product\/uzy-crystal-50000-puff-twin-flavor-bulk-vapes-for-cheap\/\">UZY Krist\u00e1ly 50000<\/a>, \u00e9s m\u00e9g sok m\u00e1s.<\/p>\n<\/div>\n<div class=\"relative p-1 rounded-sm flex items-center justify-center bg-token-main-surface-primary text-token-text-primary h-8 w-8\">\n<h2>GYIK a Bang Leader 45000 Puff-hoz, amit \u00e9rdemes tudni<\/h2>\n<p class=\"\" data-start=\"1408\" data-end=\"1608\"><strong data-start=\"1408\" data-end=\"1466\">1. Meddig tart a Bang Leader 45000 Puff vape?<\/strong><br data-start=\"1466\" data-end=\"1469\" \/>Ez az eszk\u00f6z ak\u00e1r <strong data-start=\"1494\" data-end=\"1509\">45000 sz\u00edv\u00e1st<\/strong>biztos\u00edt, ami a haszn\u00e1latt\u00f3l f\u00fcgg\u0151en hetekig is eltarthat, \u00edgy ide\u00e1lis hossz\u00fa t\u00e1v\u00fa g\u0151z\u00f6l\u00e9shez vagy viszontelad\u00e1shoz.<\/p>\n<p class=\"\" data-start=\"1610\" data-end=\"1771\"><strong data-start=\"1610\" data-end=\"1659\">2. \u00dajrat\u00f6lthetem a Bang Leader 45000 vape-et?<\/strong><br data-start=\"1659\" data-end=\"1662\" \/>Igen! Be\u00e9p\u00edtett <strong data-start=\"1692\" data-end=\"1723\">650mAh-s \u00fajrat\u00f6lthet\u0151 akkumul\u00e1tor<\/strong> akkumul\u00e1torral \u00e9s Type-C t\u00f6lt\u0151porttal rendelkezik a gyors felt\u00f6lt\u00e9shez.<\/p>\n<p class=\"\" data-start=\"1773\" data-end=\"1986\"><strong data-start=\"1773\" data-end=\"1826\">3. Mi a kett\u0151s \u00edzrendszer el\u0151nye?<\/strong><br data-start=\"1826\" data-end=\"1829\" \/>A <strong data-start=\"1833\" data-end=\"1857\">2 az 1-ben dupla \u00edz<\/strong> be\u00e1ll\u00edt\u00e1s t\u00f6bb v\u00e1ltozatoss\u00e1got k\u00edn\u00e1l egyetlen eszk\u00f6zben. \u00c9lvezheti az egyik \u00edzt, v\u00e1lthat a m\u00e1sikra, vagy keverheti egyedi \u00edz\u00e9lm\u00e9ny\u00e9rt.<\/p>\n<p class=\"\" data-start=\"1988\" data-end=\"2168\"><strong data-start=\"1988\" data-end=\"2047\">4. Van m\u00f3d az akkumul\u00e1tor \u00e9s az e-liquid szintj\u00e9nek ellen\u0151rz\u00e9s\u00e9re?<\/strong><br data-start=\"2047\" data-end=\"2050\" \/>Term\u00e9szetesen! A <strong data-start=\"2066\" data-end=\"2091\">okos digit\u00e1lis kijelz\u0151<\/strong> megmutatja az akkumul\u00e1tor \u00e9lettartam\u00e1t \u00e9s a h\u00e1tral\u00e9v\u0151 e-liquid mennyis\u00e9g\u00e9t is, \u00edgy mindig k\u00e9zben tarthatod az ir\u00e1ny\u00edt\u00e1st.<\/p>\n<p class=\"\" data-start=\"2170\" data-end=\"2384\"><strong data-start=\"2170\" data-end=\"2225\">5. Melyek a legn\u00e9pszer\u0171bb \u00edzkombin\u00e1ci\u00f3k?<\/strong><br data-start=\"2225\" data-end=\"2228\" \/>A legn\u00e9pszer\u0171bbek k\u00f6z\u00e9 tartozik a <strong data-start=\"2246\" data-end=\"2277\">Strawberry Kiwi (Eper Kiwi)<\/strong>, <strong data-start=\"2279\" data-end=\"2316\">Blueberry Ice (\u00c1fonya J\u00e9g)<\/strong>, \u00e9s <strong data-start=\"2322\" data-end=\"2354\">Pineapple Ice (Anan\u00e1sz J\u00e9g)<\/strong> \u2013 nem v\u00e9letlen\u00fcl a rajong\u00f3k kedvencei!<\/p>\n<\/div>\n<\/div>\n<\/div>\n<\/div>","protected":false},"excerpt":{"rendered":"<p class=\"LC20lb MBeuO DKV0Md\">Bang Leader 45000 Olcs\u00f3 E Cigaretta Szak\u00fczlet Nagyker Lengyelorsz\u00e1g<br \/>\nBang 45000 Sz\u00edv\u00e1s 45k 2 az 1-ben Dupla \u00cdz\u0171 Vape Doboz Nagyker \u00c1r<br \/>\nBang Leader Puff 45k Olcs\u00f3 ECigi V\u00e1s\u00e1rl\u00e1s Nagy t\u00e9telben<\/p>\n<p><strong>Add hozz\u00e1 Amy whatsappj\u00e1t, hogy azonnali v\u00e1laszt \u00e9s kedvezm\u00e9nyes \u00e1rat kapj!<\/strong><\/p>\n<p><img fetchpriority=\"high\" decoding=\"async\" class=\"size-full wp-image-2932\" src=\"https:\/\/vapestornado.com\/wp-content\/uploads\/2024\/12\/Vape-Wholesale.jpg\" alt=\"Vape nagykereskedelem\" width=\"229\" height=\"300\" \/><\/p>\n<h3><a href=\"https:\/\/wa.me\/8617776015835\"><span style=\"color: #ff0000;\"><strong>WhatsApp: +86 17776015835<\/strong><\/span><\/a><\/h3>\n<p>&nbsp;<\/p>","protected":false},"featured_media":4098,"comment_status":"open","ping_status":"closed","template":"","meta":{"_acf_changed":false,"_uag_custom_page_level_css":"","_lmt_disableupdate":"no","_lmt_disable":"","_monsterinsights_skip_tracking":false,"_monsterinsights_sitenote_active":false,"_monsterinsights_sitenote_note":"","_monsterinsights_sitenote_category":0,"site-sidebar-layout":"default","site-content-layout":"","ast-site-content-layout":"default","site-content-style":"default","site-sidebar-style":"default","ast-global-header-display":"","ast-banner-title-visibility":"","ast-main-header-display":"","ast-hfb-above-header-display":"","ast-hfb-below-header-display":"","ast-hfb-mobile-header-display":"","site-post-title":"","ast-breadcrumbs-content":"","ast-featured-img":"","footer-sml-layout":"","ast-disable-related-posts":"","theme-transparent-header-meta":"default","adv-header-id-meta":"","stick-header-meta":"","header-above-stick-meta":"","header-main-stick-meta":"","header-below-stick-meta":"","astra-migrate-meta-layouts":"set","ast-page-background-enabled":"default","ast-page-background-meta":{"desktop":{"background-color":"","background-image":"","background-repeat":"repeat","background-position":"center center","background-size":"auto","background-attachment":"scroll","background-type":"","background-media":"","overlay-type":"","overlay-color":"","overlay-opacity":"","overlay-gradient":""},"tablet":{"background-color":"","background-image":"","background-repeat":"repeat","background-position":"center center","background-size":"auto","background-attachment":"scroll","background-type":"","background-media":"","overlay-type":"","overlay-color":"","overlay-opacity":"","overlay-gradient":""},"mobile":{"background-color":"","background-image":"","background-repeat":"repeat","background-position":"center center","background-size":"auto","background-attachment":"scroll","background-type":"","background-media":"","overlay-type":"","overlay-color":"","overlay-opacity":"","overlay-gradient":""}},"ast-content-background-meta":{"desktop":{"background-color":"var(--ast-global-color-5)","background-image":"","background-repeat":"repeat","background-position":"center center","background-size":"auto","background-attachment":"scroll","background-type":"","background-media":"","overlay-type":"","overlay-color":"","overlay-opacity":"","overlay-gradient":""},"tablet":{"background-color":"var(--ast-global-color-5)","background-image":"","background-repeat":"repeat","background-position":"center center","background-size":"auto","background-attachment":"scroll","background-type":"","background-media":"","overlay-type":"","overlay-color":"","overlay-opacity":"","overlay-gradient":""},"mobile":{"background-color":"var(--ast-global-color-5)","background-image":"","background-repeat":"repeat","background-position":"center center","background-size":"auto","background-attachment":"scroll","background-type":"","background-media":"","overlay-type":"","overlay-color":"","overlay-opacity":"","overlay-gradient":""}},"_joinchat":{"telephone":"17776015835"}},"product_brand":[],"product_cat":[265,278,154,156,142],"product_tag":[329,327,328,105,198],"class_list":{"0":"post-4103","1":"product","2":"type-product","3":"status-publish","4":"has-post-thumbnail","6":"product_cat-45000-puff","7":"product_cat-bang-leader-vape","8":"product_cat-buy-disposable-vapes-in-netherlands","9":"product_cat-buy-disposable-vapes-in-poland","10":"product_cat-digital-box-disposable-vapes","11":"product_tag-bang-leader-45000","12":"product_tag-bang-leader-45k","13":"product_tag-cheap-e-cigs","14":"product_tag-digital-disposable-vape","15":"product_tag-double-flavor-disposable-vape","16":"desktop-align-left","17":"tablet-align-left","18":"mobile-align-left","20":"first","21":"instock","22":"sale","23":"shipping-taxable","24":"purchasable","25":"product-type-simple"},"acf":[],"uagb_featured_image_src":{"full":["https:\/\/vapestornado.com\/wp-content\/uploads\/2025\/04\/Bang-Leader-45k-45000-Puff-Vape-Box-Cheap-Price.webp",800,800,false],"thumbnail":["https:\/\/vapestornado.com\/wp-content\/uploads\/2025\/04\/Bang-Leader-45k-45000-Puff-Vape-Box-Cheap-Price-150x150.webp",150,150,true],"medium":["https:\/\/vapestornado.com\/wp-content\/uploads\/2025\/04\/Bang-Leader-45k-45000-Puff-Vape-Box-Cheap-Price-300x300.webp",300,300,true],"medium_large":["https:\/\/vapestornado.com\/wp-content\/uploads\/2025\/04\/Bang-Leader-45k-45000-Puff-Vape-Box-Cheap-Price-768x768.webp",768,768,true],"large":["https:\/\/vapestornado.com\/wp-content\/uploads\/2025\/04\/Bang-Leader-45k-45000-Puff-Vape-Box-Cheap-Price.webp",800,800,false],"1536x1536":["https:\/\/vapestornado.com\/wp-content\/uploads\/2025\/04\/Bang-Leader-45k-45000-Puff-Vape-Box-Cheap-Price.webp",800,800,false],"2048x2048":["https:\/\/vapestornado.com\/wp-content\/uploads\/2025\/04\/Bang-Leader-45k-45000-Puff-Vape-Box-Cheap-Price.webp",800,800,false],"trp-custom-language-flag":["https:\/\/vapestornado.com\/wp-content\/uploads\/2025\/04\/Bang-Leader-45k-45000-Puff-Vape-Box-Cheap-Price.webp",12,12,false],"woocommerce_thumbnail":["https:\/\/vapestornado.com\/wp-content\/uploads\/2025\/04\/Bang-Leader-45k-45000-Puff-Vape-Box-Cheap-Price-300x300.webp",300,300,true],"woocommerce_single":["https:\/\/vapestornado.com\/wp-content\/uploads\/2025\/04\/Bang-Leader-45k-45000-Puff-Vape-Box-Cheap-Price-600x600.webp",600,600,true],"woocommerce_gallery_thumbnail":["https:\/\/vapestornado.com\/wp-content\/uploads\/2025\/04\/Bang-Leader-45k-45000-Puff-Vape-Box-Cheap-Price-100x100.webp",100,100,true]},"uagb_author_info":{"display_name":"ESAMY","author_link":"https:\/\/vapestornado.com\/hu\/author\/"},"uagb_comment_info":0,"uagb_excerpt":"Bang Leader 45000 Cheap E Cigs Smoke Shop Wholesale Poland Bang\u00a0 45000 Puff 45k 2 in 1 Double Flavor Vape Box Wholesale Price Bang Leader Puff 45k Cheap ECigs Buy In Bulk Add Amy's whatsapp to get right reply and discount price! WhatsApp: +86 17776015835 &nbsp;","_links":{"self":[{"href":"https:\/\/vapestornado.com\/hu\/wp-json\/wp\/v2\/product\/4103","targetHints":{"allow":["GET"]}}],"collection":[{"href":"https:\/\/vapestornado.com\/hu\/wp-json\/wp\/v2\/product"}],"about":[{"href":"https:\/\/vapestornado.com\/hu\/wp-json\/wp\/v2\/types\/product"}],"replies":[{"embeddable":true,"href":"https:\/\/vapestornado.com\/hu\/wp-json\/wp\/v2\/comments?post=4103"}],"wp:featuredmedia":[{"embeddable":true,"href":"https:\/\/vapestornado.com\/hu\/wp-json\/wp\/v2\/media\/4098"}],"wp:attachment":[{"href":"https:\/\/vapestornado.com\/hu\/wp-json\/wp\/v2\/media?parent=4103"}],"wp:term":[{"taxonomy":"product_brand","embeddable":true,"href":"https:\/\/vapestornado.com\/hu\/wp-json\/wp\/v2\/product_brand?post=4103"},{"taxonomy":"product_cat","embeddable":true,"href":"https:\/\/vapestornado.com\/hu\/wp-json\/wp\/v2\/product_cat?post=4103"},{"taxonomy":"product_tag","embeddable":true,"href":"https:\/\/vapestornado.com\/hu\/wp-json\/wp\/v2\/product_tag?post=4103"}],"curies":[{"name":"wp","href":"https:\/\/api.w.org\/{rel}","templated":true}]}}