{"id":4089,"date":"2025-04-08T03:43:30","date_gmt":"2025-04-08T03:43:30","guid":{"rendered":"https:\/\/vapestornado.com\/?post_type=product&#038;p=4089"},"modified":"2025-08-23T12:34:43","modified_gmt":"2025-08-23T12:34:43","slug":"wga-legend-ultra-30k-30000-puffs-rechargeable-vape-pod-twins-flavor","status":"publish","type":"product","link":"https:\/\/vapestornado.com\/hu\/product\/wga-legend-ultra-30k-30000-puffs-rechargeable-vape-pod-twins-flavor\/","title":{"rendered":"WGA Legend Ultra 30K 30000 Puffs \u00dajrat\u00f6lthet\u0151 Vape Pod Iker \u00cdz"},"content":{"rendered":"<h1 data-pm-slice=\"1 1 []\">WGA Legend Ultra 30K 30000 Puffs \u00dajrat\u00f6lthet\u0151 Vape Pod Iker \u00cdz<\/h1>\n<p class=\"\" data-start=\"402\" data-end=\"928\">A <strong data-start=\"316\" data-end=\"374\">WGA Legend Ultra 30K 30000 Puffs \u00dajrat\u00f6lthet\u0151 Vape Pod<\/strong> \u00fajradefini\u00e1lja a sokoldal\u00fas\u00e1got a <strong data-start=\"406\" data-end=\"429\">dupla \u00edzrendszer<\/strong>seg\u00edts\u00e9g\u00e9vel, lehet\u0151v\u00e9 t\u00e9ve a v\u00e1lt\u00e1st k\u00e9t <strong data-start=\"466\" data-end=\"491\">10 ml-es \u00fajrat\u00f6lthet\u0151 tart\u00e1ly k\u00f6z\u00f6tt<\/strong> a dinamikus vaping \u00e9lm\u00e9ny\u00e9rt. Minden slukk fejlett <strong data-start=\"558\" data-end=\"582\">mesh coil technol\u00f3gi\u00e1val<\/strong>\u00e1ltal m\u0171k\u00f6dik, amely egyenletesen sima g\u0151zt \u00e9s intenz\u00edv \u00edzt biztos\u00edt. A <strong data-start=\"657\" data-end=\"679\">eleg\u00e1ns krist\u00e1lytesttel<\/strong>seg\u00edts\u00e9g\u00e9vel tervezt\u00e9k, tart\u00f3s, st\u00edlusos \u00e9s ide\u00e1lis a mindennapi utaz\u00e1shoz.<\/p>\n<p>Felszerelve egy <strong data-start=\"761\" data-end=\"792\">650mAh-s \u00fajrat\u00f6lthet\u0151 akkumul\u00e1tor<\/strong> \u00e9s a <strong data-start=\"797\" data-end=\"821\">Type-C gyorst\u00f6lt\u00e9ssel<\/strong>A Legend Ultra 30K minim\u00e1lis \u00e1ll\u00e1sid\u0151t \u00e9s megb\u00edzhat\u00f3 eg\u00e9sz napos haszn\u00e1latot biztos\u00edt. A <strong data-start=\"899\" data-end=\"924\">okos digit\u00e1lis kijelz\u0151<\/strong> naprak\u00e9szen tartja az e-liquid szintj\u00e9t \u00e9s az akkumul\u00e1tor \u00e9lettartam\u00e1t, \u00edgy teljes m\u00e9rt\u00e9kben ir\u00e1ny\u00edthatja a munkameneteket. Ak\u00e1r <strong data-start=\"1039\" data-end=\"1055\">30 000 slukk<\/strong>t\u00f6bb nikotiner\u0151ss\u00e9get \u00e9s TPD-megfelel\u0151s\u00e9get k\u00edn\u00e1l Eur\u00f3pa-szerte, t\u00f6k\u00e9letes egyens\u00falyt teremtve a teljes\u00edtm\u00e9ny, a st\u00edlus \u00e9s a nagykereskedelmi \u00e9rt\u00e9k k\u00f6z\u00f6tt.<\/p>\n<p data-start=\"666\" data-end=\"1235\"><strong style=\"font-size: 16px;\"><span style=\"color: #ff0000;\">Add hozz\u00e1 Amy WhatsApp-j\u00e1t, hogy azonnali v\u00e1laszt \u00e9s kedvezm\u00e9nyes \u00e1rat kapj!<\/span><\/strong><\/p>\n<p><img fetchpriority=\"high\" decoding=\"async\" class=\"size-full wp-image-2932\" src=\"https:\/\/vapestornado.com\/wp-content\/uploads\/2024\/12\/Vape-Wholesale.jpg\" alt=\"Vape nagykereskedelem\" width=\"229\" height=\"300\" \/><\/p>\n<h3><a href=\"https:\/\/wa.me\/8617776015835\" target=\"_blank\" rel=\"noopener\"><span style=\"color: #ff0000;\"><strong>WhatsApp: +86 17776015835<\/strong><\/span><\/a><\/h3>\n<p>&nbsp;<\/p>\n<h2><strong>WGA Legend Ultra 30K F\u0151bb term\u00e9kjellemz\u0151k<\/strong><\/h2>\n<p>\u2022 Ak\u00e1r 30000 Puffs Vape<br \/>\n\u2022 2 ml El\u0151t\u00f6lt\u00f6tt Pod<br \/>\n\u2022 2 x 10 ml \u00dajrat\u00f6lthet\u0151 E-juice<br \/>\n\u2022 650 mAh Integr\u00e1lt Akkumul\u00e1tor<br \/>\n\u2022 H\u00e1l\u00f3s Tekercs<br \/>\n\u2022 Okos Kijelz\u0151<br \/>\n\u2022 Kett\u0151s \u00cdz\u0171 Vape<br \/>\n\u2022 C t\u00edpus\u00fa port<br \/>\n\u2022 TPD Kompatibilis<\/p>\n<figure id=\"attachment_4069\" aria-describedby=\"caption-attachment-4069\" style=\"width: 800px\" class=\"wp-caption alignnone\"><img decoding=\"async\" class=\"wp-image-4069 size-full\" src=\"https:\/\/vapestornado.com\/wp-content\/uploads\/2025\/04\/WGA-Crystal-Legend-Ultra-30000-30k-Disposable-Vape.webp\" alt=\"WGA Crystal Legend Ultra 30000 30k Eldobhat\u00f3 Vape\" width=\"800\" height=\"800\" srcset=\"https:\/\/vapestornado.com\/wp-content\/uploads\/2025\/04\/WGA-Crystal-Legend-Ultra-30000-30k-Disposable-Vape.webp 800w, https:\/\/vapestornado.com\/wp-content\/uploads\/2025\/04\/WGA-Crystal-Legend-Ultra-30000-30k-Disposable-Vape-300x300.webp 300w, https:\/\/vapestornado.com\/wp-content\/uploads\/2025\/04\/WGA-Crystal-Legend-Ultra-30000-30k-Disposable-Vape-150x150.webp 150w, https:\/\/vapestornado.com\/wp-content\/uploads\/2025\/04\/WGA-Crystal-Legend-Ultra-30000-30k-Disposable-Vape-768x768.webp 768w, https:\/\/vapestornado.com\/wp-content\/uploads\/2025\/04\/WGA-Crystal-Legend-Ultra-30000-30k-Disposable-Vape-600x600.webp 600w, https:\/\/vapestornado.com\/wp-content\/uploads\/2025\/04\/WGA-Crystal-Legend-Ultra-30000-30k-Disposable-Vape-100x100.webp 100w\" sizes=\"(max-width: 800px) 100vw, 800px\" \/><figcaption id=\"caption-attachment-4069\" class=\"wp-caption-text\">WGA Crystal Legend Ultra 30000 30k Eldobhat\u00f3 Vape<\/figcaption><\/figure>\n<h2 class=\"product-title\"><strong>WGA Legend Ultra 30K Eldobhat\u00f3 \u00cdzek \u00c1ttekint\u00e9se<\/strong><\/h2>\n<article class=\"w-full text-token-text-primary focus-visible:outline-2 focus-visible:outline-offset-[-4px]\" dir=\"auto\" data-testid=\"conversation-turn-32\" data-scroll-anchor=\"false\">\n<div class=\"m-auto text-base py-[18px] px-6\">\n<div class=\"mx-auto flex flex-1 text-base gap-4 md:gap-5 lg:gap-6 md:max-w-3xl lg:max-w-[40rem] xl:max-w-[48rem]\">\n<div class=\"group\/conversation-turn relative flex w-full min-w-0 flex-col @xs\/thread:px-0 @sm\/thread:px-1.5 @md\/thread:px-4\">\n<div class=\"flex-col gap-1 md:gap-3\">\n<div class=\"flex max-w-full flex-col flex-grow\">\n<div class=\"min-h-8 text-message flex w-full flex-col items-end gap-2 whitespace-normal break-words text-start [.text-message+&amp;]:mt-5\" dir=\"auto\" data-message-author-role=\"user\" data-message-id=\"ffac41ca-1db4-431b-873a-32c4052956f1\">\n<div class=\"flex w-full flex-col gap-1 empty:hidden items-end rtl:items-start\">\n<div class=\"relative max-w-[var(--user-chat-width,70%)] rounded-3xl bg-token-message-surface px-5 py-2.5\">\n<div class=\"absolute bottom-0 right-full top-0 -mr-3.5 hidden pr-5 pt-2 [.group\/conversation-turn:hover_&amp;]:flex\">\n<div class=\"flex\">\n<article class=\"w-full text-token-text-primary focus-visible:outline-2 focus-visible:outline-offset-[-4px]\" dir=\"auto\" data-testid=\"conversation-turn-39\" data-scroll-anchor=\"true\">\n<div class=\"m-auto text-base py-[18px] px-6\">\n<div class=\"mx-auto flex flex-1 text-base gap-4 md:gap-5 lg:gap-6 md:max-w-3xl lg:max-w-[40rem] xl:max-w-[48rem]\">\n<div class=\"group\/conversation-turn relative flex w-full min-w-0 flex-col agent-turn @xs\/thread:px-0 @sm\/thread:px-1.5 @md\/thread:px-4\">\n<div class=\"flex-col gap-1 md:gap-3\">\n<div class=\"flex max-w-full flex-col flex-grow\">\n<div class=\"min-h-8 text-message flex w-full flex-col items-end gap-2 whitespace-normal break-words text-start [.text-message+&amp;]:mt-5\" dir=\"auto\" data-message-author-role=\"assistant\" data-message-id=\"55a23854-ec57-48dd-bd4f-6118f43d6241\" data-message-model-slug=\"gpt-4o\">\n<div class=\"flex w-full flex-col gap-1 empty:hidden first:pt-[3px]\">\n<div class=\"markdown prose w-full break-words dark:prose-invert light\">\n<ol data-start=\"21\" data-end=\"608\">\n<li class=\"\" data-start=\"21\" data-end=\"56\">\n<p class=\"\" data-start=\"24\" data-end=\"56\">\u00c1fonya J\u00e9g \u2013 Eper J\u00e9g<\/p>\n<\/li>\n<li class=\"\" data-start=\"57\" data-end=\"121\">\n<p class=\"\" data-start=\"60\" data-end=\"121\">\u00c1fonya M\u00e1lna Cseresznye \u2013 \u00c1fonya Eper T\u0151zeg\u00e1fonya<\/p>\n<\/li>\n<li class=\"\" data-start=\"122\" data-end=\"164\">\n<p class=\"\" data-start=\"125\" data-end=\"164\">K\u00e9k Razz Cseresznye \u2013 K\u00e9k Razz Limon\u00e1d\u00e9<\/p>\n<\/li>\n<li class=\"\" data-start=\"165\" data-end=\"193\">\n<p class=\"\" data-start=\"168\" data-end=\"193\">K\u00e9k Slush \u2013 R\u00f3zsasz\u00edn Slush<\/p>\n<\/li>\n<li class=\"\" data-start=\"194\" data-end=\"230\">\n<p class=\"\" data-start=\"197\" data-end=\"230\">Sz\u00e9nsavas Cseresznye \u2013 Cseresznye M\u00e1lna<\/p>\n<\/li>\n<li class=\"\" data-start=\"231\" data-end=\"265\">\n<p class=\"\" data-start=\"234\" data-end=\"265\">Gleccser Menta \u2013 H\u00e1rmas Mentol<\/p>\n<\/li>\n<li class=\"\" data-start=\"266\" data-end=\"291\">\n<p class=\"\" data-start=\"269\" data-end=\"291\">Gumicukor \u2013 Sziv\u00e1rv\u00e1ny<\/p>\n<\/li>\n<li class=\"\" data-start=\"292\" data-end=\"333\">\n<p class=\"\" data-start=\"295\" data-end=\"333\">L\u00e9d\u00fas \u0150szibarack \u2013 Mang\u00f3 \u0150szibarack G\u00f6r\u00f6gdinnye<\/p>\n<\/li>\n<li class=\"\" data-start=\"334\" data-end=\"363\">\n<p class=\"\" data-start=\"337\" data-end=\"363\">Citrom Lime \u2013 Citrom Slush<\/p>\n<\/li>\n<li class=\"\" data-start=\"364\" data-end=\"399\">\n<p class=\"\" data-start=\"368\" data-end=\"399\">Mr. Blue \u2013 K\u00e9k Savany\u00fa M\u00e1lna<\/p>\n<\/li>\n<li class=\"\" data-start=\"400\" data-end=\"442\">\n<p class=\"\" data-start=\"404\" data-end=\"442\">\u0150szibarack Guava Eper \u2013 L\u00e9d\u00fas \u0150szibarack<\/p>\n<\/li>\n<li class=\"\" data-start=\"443\" data-end=\"476\">\n<p class=\"\" data-start=\"447\" data-end=\"476\">Anan\u00e1sz J\u00e9g \u2013 L\u00e9d\u00fas Mang\u00f3<\/p>\n<\/li>\n<li class=\"\" data-start=\"477\" data-end=\"514\">\n<p class=\"\" data-start=\"481\" data-end=\"514\">Sakura Sz\u0151l\u0151 \u2013 Sz\u0151l\u0151 Gumicukor<\/p>\n<\/li>\n<li class=\"\" data-start=\"515\" data-end=\"572\">\n<p class=\"\" data-start=\"519\" data-end=\"572\">Eper M\u00e1lna J\u00e9g \u2013 Eper Sziv\u00e1rv\u00e1ny Skittle<\/p>\n<\/li>\n<li class=\"\" data-start=\"573\" data-end=\"608\">\n<p class=\"\" data-start=\"577\" data-end=\"608\">G\u00f6r\u00f6gdinnye J\u00e9g \u2013 Dupla Alma<\/p>\n<\/li>\n<\/ol>\n<\/div>\n<\/div>\n<\/div>\n<\/div>\n<\/div>\n<\/div>\n<\/div>\n<\/div>\n<\/article>\n<\/div>\n<\/div>\n<\/div>\n<\/div>\n<\/div>\n<\/div>\n<\/div>\n<\/div>\n<\/div>\n<\/div>\n<\/article>\n<h2>Mi\u00e9rt v\u00e1lassza a Vapestornado-t a WGA Crystal 30K Puff t\u00f6meges v\u00e1s\u00e1rl\u00e1s\u00e1hoz?<\/h2>\n<div class=\"flex-shrink-0 flex flex-col relative items-end\">\n<div class=\"pt-0\">\n<div class=\"gizmo-bot-avatar flex h-8 w-8 items-center justify-center overflow-hidden rounded-full\">\n<div class=\"relative p-1 rounded-sm flex items-center justify-center bg-token-main-surface-primary text-token-text-primary h-8 w-8\">\n<p>At\u00a0<strong>VapeTornado<\/strong>b\u00fcszk\u00e9k vagyunk arra, hogy\u00a0<strong>pr\u00e9mium vaping term\u00e9keket k\u00edn\u00e1lunk verhetetlen \u00e1ron<\/strong>\u2014\u00e9s az Elf Box Crystal Bar 600 sem kiv\u00e9tel! \u00cdme, mi\u00e9rt \u00e9rdemes t\u0151l\u00fcnk v\u00e1s\u00e1rolni:<\/p>\n<p class=\"\" data-start=\"49\" data-end=\"193\"><strong data-start=\"49\" data-end=\"81\">Verhetetlen Nagykereskedelmi \u00c1rak<\/strong> \u2013 \u00c9lvezze a legjobb nagy t\u00e9telben t\u00f6rt\u00e9n\u0151 aj\u00e1nlatokat a piacon, \u00edgy mi vagyunk a legmegb\u00edzhat\u00f3bb besz\u00e1ll\u00edt\u00f3 a vape \u00fczletek \u00e9s viszontelad\u00f3k sz\u00e1m\u00e1ra vil\u00e1gszerte.<\/p>\n<p class=\"\" data-start=\"195\" data-end=\"340\"><strong data-start=\"195\" data-end=\"228\">Gyors<\/strong> \u2013 Gyorsan \u00e9s biztons\u00e1gosan k\u00e9zbes\u00edtj\u00fck megrendel\u00e9seit, megb\u00edzhat\u00f3, az \u00d6n ig\u00e9nyeire szabott, vil\u00e1gszint\u0171 sz\u00e1ll\u00edt\u00e1si lehet\u0151s\u00e9gekkel.<\/p>\n<p class=\"\" data-start=\"342\" data-end=\"487\"><strong data-start=\"342\" data-end=\"367\">100% Eredeti Term\u00e9kek<\/strong> \u2013 Mondjon b\u00facs\u00fat a hamis\u00edtv\u00e1nyoknak! Garant\u00e1ljuk, hogy csak eredeti WASPE Triple eldobhat\u00f3 vape-eket k\u00edn\u00e1lunk, ellen\u0151rz\u00f6tt min\u0151s\u00e9ggel \u00e9s teljes\u00edtm\u00e9nnyel.<\/p>\n<p class=\"\" data-start=\"489\" data-end=\"627\"><strong data-start=\"489\" data-end=\"516\">Szak\u00e9rt\u0151i \u00dcgyf\u00e9lszolg\u00e1lat<\/strong> \u2013 K\u00e9rd\u00e9se van? Szak\u00e9rt\u0151 vape csapatunk b\u00e1rmikor rendelkez\u00e9s\u00e9re \u00e1ll, biztos\u00edtva a z\u00f6kken\u0151mentes \u00e9s probl\u00e9mamentes szolg\u00e1ltat\u00e1st.<\/p>\n<p data-start=\"559\" data-end=\"933\" data-is-last-node=\"\" data-is-only-node=\"\">Van n\u00e9h\u00e1ny m\u00e1s n\u00e9pszer\u0171, kijelz\u0151vel ell\u00e1tott vape term\u00e9k\u00fcnk is, mint p\u00e9ld\u00e1ul a <a href=\"https:\/\/vapestornado.com\/hu\/product\/bang-king-vape-36000-puff-dual-vaping-mode-disposables-pod-best-price\/\">BANG KING 36000 Sz\u00edja<\/a>, <a href=\"https:\/\/vapestornado.com\/hu\/product\/waspe-aiviou-3-in-1-60000-puffs-disposable-vape-kit-best-price\/\">WASPE 60000 3 az 1-ben<\/a>, <a href=\"https:\/\/vapestornado.com\/hu\/product\/alfakh-crown-bar-20000-puffs-disposable-shisha-hookah-wholesale-vape-pen\/\">ALFAKH 20000<\/a>, \u00e9s m\u00e9g sok m\u00e1s.<\/p>\n<\/div>\n<div class=\"relative p-1 rounded-sm flex items-center justify-center bg-token-main-surface-primary text-token-text-primary h-8 w-8\">\n<h2>GYIK a WGA Legend Ultra 30000-hez<\/h2>\n<p class=\"\" data-start=\"1444\" data-end=\"1657\"><strong data-start=\"1444\" data-end=\"1503\">1. Hogyan v\u00e1lthatok \u00edzeket a WGA Legend Ultra 30K k\u00e9sz\u00fcl\u00e9ken?<\/strong><br data-start=\"1503\" data-end=\"1506\" \/>A k\u00e9sz\u00fcl\u00e9k ikertart\u00e1lyos kialak\u00edt\u00e1s\u00fa. Egyszer\u0171en kapcsold \u00e1t a v\u00e1laszt\u00f3t, vagy sz\u00edvj a kijel\u00f6lt oldalr\u00f3l a k\u00e9t el\u0151ret\u00f6lt\u00f6tt 10 ml-es \u00edz k\u00f6z\u00f6tti v\u00e1lt\u00e1shoz.<\/p>\n<p class=\"\" data-start=\"1659\" data-end=\"1864\"><strong data-start=\"1659\" data-end=\"1719\">2. A WGA Legend Ultra 30K \u00fajrat\u00f6lthet\u0151 vagy eldobhat\u00f3?<\/strong><br data-start=\"1719\" data-end=\"1722\" \/>Ez a k\u00e9sz\u00fcl\u00e9k tartalmaz <strong data-start=\"1743\" data-end=\"1775\">2 \u00fajrat\u00f6lthet\u0151 10 ml-es tart\u00e1lyt<\/strong>, \u00edgy k\u00f6nnyed\u00e9n felt\u00f6ltheted kedvenc e-liquid \u00edzeidet, ha az eredeti t\u00f6ltet kifogyott.<\/p>\n<p class=\"\" data-start=\"1866\" data-end=\"2058\"><strong data-start=\"1866\" data-end=\"1906\">3. Mit mutat az okos kijelz\u0151?<\/strong><br data-start=\"1906\" data-end=\"1909\" \/>A <strong data-start=\"1913\" data-end=\"1930\">Okos kijelz\u0151<\/strong> val\u00f3s idej\u0171 friss\u00edt\u00e9seket ad az akkumul\u00e1tor t\u00f6lt\u00f6tts\u00e9gi szintj\u00e9r\u0151l \u00e9s az e-liquid \u00e1llapot\u00e1r\u00f3l is, \u00edgy k\u00f6nnyen tudhatod, mikor van itt az ideje az \u00fajrat\u00f6lt\u00e9snek vagy a felt\u00f6lt\u00e9snek.<\/p>\n<p class=\"\" data-start=\"2060\" data-end=\"2231\"><strong data-start=\"2060\" data-end=\"2109\">4. A WGA Legend Ultra 30K megfelel a TPD el\u0151\u00edr\u00e1sainak?<\/strong><br data-start=\"2109\" data-end=\"2112\" \/>Igen, az <strong data-start=\"2122\" data-end=\"2139\">TPD-kompatibilis<\/strong>, ami azt jelenti, hogy megfelel a szigor\u00fa magyarorsz\u00e1gi \u00e9s EU-s biztons\u00e1gi \u00e9s min\u0151s\u00e9gi el\u0151\u00edr\u00e1soknak a vaping term\u00e9kekre vonatkoz\u00f3an.<\/p>\n<p class=\"\" data-start=\"2233\" data-end=\"2446\"><strong data-start=\"2233\" data-end=\"2295\">5. Mennyi ideig b\u00edrja a 650 mAh-s akkumul\u00e1tor egy teljes felt\u00f6lt\u00e9ssel?<\/strong><br data-start=\"2295\" data-end=\"2298\" \/>A hat\u00e9kony h\u00e1l\u00f3s tekercs technol\u00f3gi\u00e1nak k\u00f6sz\u00f6nhet\u0151en az akkumul\u00e1tor k\u00e9nyelmesen kib\u00edrja a hosszabb vaping \u00fcl\u00e9seket, \u00e9s t\u00e1mogatja a gyors <strong data-start=\"2424\" data-end=\"2434\">Type-C<\/strong> \u00fajrat\u00f6lt\u00e9st.<\/p>\n<\/div>\n<\/div>\n<\/div>\n<\/div>","protected":false},"excerpt":{"rendered":"<p class=\"LC20lb MBeuO DKV0Md\">WGA Legend Ultra 30K Legjobb online Vape \u00e1ruh\u00e1z Egyes\u00fclt Kir\u00e1lys\u00e1g<br \/>\nWGA crystal 30000 slukk 30k vape Nagykereskedelmi akci\u00f3s \u00e1r<br \/>\nWGA Legend Ultra Eldobhat\u00f3 Crystal Vape 30K 30000 Slukk<\/p>\n<p><strong>Add hozz\u00e1 Amy whatsappj\u00e1t, hogy azonnali v\u00e1laszt \u00e9s kedvezm\u00e9nyes \u00e1rat kapj!<\/strong><\/p>\n<p><img fetchpriority=\"high\" decoding=\"async\" class=\"size-full wp-image-2932\" src=\"https:\/\/vapestornado.com\/wp-content\/uploads\/2024\/12\/Vape-Wholesale.jpg\" alt=\"Vape nagykereskedelem\" width=\"229\" height=\"300\" \/><\/p>\n<h3><a href=\"https:\/\/wa.me\/8617776015835\"><span style=\"color: #ff0000;\"><strong>WhatsApp: +86 17776015835<\/strong><\/span><\/a><\/h3>\n<p>&nbsp;<\/p>","protected":false},"featured_media":4073,"comment_status":"open","ping_status":"closed","template":"","meta":{"_acf_changed":false,"_uag_custom_page_level_css":"","_lmt_disableupdate":"no","_lmt_disable":"","_monsterinsights_skip_tracking":false,"_monsterinsights_sitenote_active":false,"_monsterinsights_sitenote_note":"","_monsterinsights_sitenote_category":0,"site-sidebar-layout":"default","site-content-layout":"","ast-site-content-layout":"default","site-content-style":"default","site-sidebar-style":"default","ast-global-header-display":"","ast-banner-title-visibility":"","ast-main-header-display":"","ast-hfb-above-header-display":"","ast-hfb-below-header-display":"","ast-hfb-mobile-header-display":"","site-post-title":"","ast-breadcrumbs-content":"","ast-featured-img":"","footer-sml-layout":"","ast-disable-related-posts":"","theme-transparent-header-meta":"default","adv-header-id-meta":"","stick-header-meta":"","header-above-stick-meta":"","header-main-stick-meta":"","header-below-stick-meta":"","astra-migrate-meta-layouts":"set","ast-page-background-enabled":"default","ast-page-background-meta":{"desktop":{"background-color":"","background-image":"","background-repeat":"repeat","background-position":"center center","background-size":"auto","background-attachment":"scroll","background-type":"","background-media":"","overlay-type":"","overlay-color":"","overlay-opacity":"","overlay-gradient":""},"tablet":{"background-color":"","background-image":"","background-repeat":"repeat","background-position":"center center","background-size":"auto","background-attachment":"scroll","background-type":"","background-media":"","overlay-type":"","overlay-color":"","overlay-opacity":"","overlay-gradient":""},"mobile":{"background-color":"","background-image":"","background-repeat":"repeat","background-position":"center center","background-size":"auto","background-attachment":"scroll","background-type":"","background-media":"","overlay-type":"","overlay-color":"","overlay-opacity":"","overlay-gradient":""}},"ast-content-background-meta":{"desktop":{"background-color":"var(--ast-global-color-5)","background-image":"","background-repeat":"repeat","background-position":"center center","background-size":"auto","background-attachment":"scroll","background-type":"","background-media":"","overlay-type":"","overlay-color":"","overlay-opacity":"","overlay-gradient":""},"tablet":{"background-color":"var(--ast-global-color-5)","background-image":"","background-repeat":"repeat","background-position":"center center","background-size":"auto","background-attachment":"scroll","background-type":"","background-media":"","overlay-type":"","overlay-color":"","overlay-opacity":"","overlay-gradient":""},"mobile":{"background-color":"var(--ast-global-color-5)","background-image":"","background-repeat":"repeat","background-position":"center center","background-size":"auto","background-attachment":"scroll","background-type":"","background-media":"","overlay-type":"","overlay-color":"","overlay-opacity":"","overlay-gradient":""}},"_joinchat":{"telephone":"17776015835"}},"product_brand":[],"product_cat":[67,150,152,141,142],"product_tag":[105,324,323],"class_list":{"0":"post-4089","1":"product","2":"type-product","3":"status-publish","4":"has-post-thumbnail","6":"product_cat-30000-puff","7":"product_cat-buy-disposable-vapes-in-belgium","8":"product_cat-buy-disposable-vapes-in-cermany","9":"product_cat-crystal-disposable-vapes","10":"product_cat-digital-box-disposable-vapes","11":"product_tag-digital-disposable-vape","12":"product_tag-wga-crystal-30k","13":"product_tag-wga-legend-ultra-30k","14":"desktop-align-left","15":"tablet-align-left","16":"mobile-align-left","18":"first","19":"instock","20":"sale","21":"shipping-taxable","22":"purchasable","23":"product-type-simple"},"acf":[],"uagb_featured_image_src":{"full":["https:\/\/vapestornado.com\/wp-content\/uploads\/2025\/04\/Wga-Legend-Ultra-30000-Puffs.webp",800,800,false],"thumbnail":["https:\/\/vapestornado.com\/wp-content\/uploads\/2025\/04\/Wga-Legend-Ultra-30000-Puffs-150x150.webp",150,150,true],"medium":["https:\/\/vapestornado.com\/wp-content\/uploads\/2025\/04\/Wga-Legend-Ultra-30000-Puffs-300x300.webp",300,300,true],"medium_large":["https:\/\/vapestornado.com\/wp-content\/uploads\/2025\/04\/Wga-Legend-Ultra-30000-Puffs-768x768.webp",768,768,true],"large":["https:\/\/vapestornado.com\/wp-content\/uploads\/2025\/04\/Wga-Legend-Ultra-30000-Puffs.webp",800,800,false],"1536x1536":["https:\/\/vapestornado.com\/wp-content\/uploads\/2025\/04\/Wga-Legend-Ultra-30000-Puffs.webp",800,800,false],"2048x2048":["https:\/\/vapestornado.com\/wp-content\/uploads\/2025\/04\/Wga-Legend-Ultra-30000-Puffs.webp",800,800,false],"trp-custom-language-flag":["https:\/\/vapestornado.com\/wp-content\/uploads\/2025\/04\/Wga-Legend-Ultra-30000-Puffs.webp",12,12,false],"woocommerce_thumbnail":["https:\/\/vapestornado.com\/wp-content\/uploads\/2025\/04\/Wga-Legend-Ultra-30000-Puffs-300x300.webp",300,300,true],"woocommerce_single":["https:\/\/vapestornado.com\/wp-content\/uploads\/2025\/04\/Wga-Legend-Ultra-30000-Puffs-600x600.webp",600,600,true],"woocommerce_gallery_thumbnail":["https:\/\/vapestornado.com\/wp-content\/uploads\/2025\/04\/Wga-Legend-Ultra-30000-Puffs-100x100.webp",100,100,true]},"uagb_author_info":{"display_name":"ESAMY","author_link":"https:\/\/vapestornado.com\/hu\/author\/"},"uagb_comment_info":0,"uagb_excerpt":"WGA Legend Ultra 30K Best online Vape store UK WGA crystal 30000 puffs 30k vape Wholesale Discount Price WGA Legend Ultra Disposable Crystal Vape 30K 30000 Puffs Add Amy's whatsapp to get right reply and discount price! WhatsApp: +86 17776015835 &nbsp;","_links":{"self":[{"href":"https:\/\/vapestornado.com\/hu\/wp-json\/wp\/v2\/product\/4089","targetHints":{"allow":["GET"]}}],"collection":[{"href":"https:\/\/vapestornado.com\/hu\/wp-json\/wp\/v2\/product"}],"about":[{"href":"https:\/\/vapestornado.com\/hu\/wp-json\/wp\/v2\/types\/product"}],"replies":[{"embeddable":true,"href":"https:\/\/vapestornado.com\/hu\/wp-json\/wp\/v2\/comments?post=4089"}],"wp:featuredmedia":[{"embeddable":true,"href":"https:\/\/vapestornado.com\/hu\/wp-json\/wp\/v2\/media\/4073"}],"wp:attachment":[{"href":"https:\/\/vapestornado.com\/hu\/wp-json\/wp\/v2\/media?parent=4089"}],"wp:term":[{"taxonomy":"product_brand","embeddable":true,"href":"https:\/\/vapestornado.com\/hu\/wp-json\/wp\/v2\/product_brand?post=4089"},{"taxonomy":"product_cat","embeddable":true,"href":"https:\/\/vapestornado.com\/hu\/wp-json\/wp\/v2\/product_cat?post=4089"},{"taxonomy":"product_tag","embeddable":true,"href":"https:\/\/vapestornado.com\/hu\/wp-json\/wp\/v2\/product_tag?post=4089"}],"curies":[{"name":"wp","href":"https:\/\/api.w.org\/{rel}","templated":true}]}}