{"id":4087,"date":"2025-04-07T09:49:27","date_gmt":"2025-04-07T09:49:27","guid":{"rendered":"https:\/\/vapestornado.com\/?post_type=product&#038;p=4087"},"modified":"2025-12-11T03:45:55","modified_gmt":"2025-12-11T03:45:55","slug":"elfworld-ai22000-22k-puff-disposable-vape-pen-kit-best-seller-in-poland","status":"publish","type":"product","link":"https:\/\/vapestornado.com\/hu\/product\/elfworld-ai22000-22k-puff-disposable-vape-pen-kit-best-seller-in-poland\/","title":{"rendered":"ELFWORLD AI22000 22k Puffs Eldobhat\u00f3 Vape Pen K\u00e9szlet Legjobb Elad\u00f3 Lengyelorsz\u00e1gban"},"content":{"rendered":"<h1 data-pm-slice=\"1 1 []\">ELFWORLD AI22000 22k Puffs Eldobhat\u00f3 Vape Pen K\u00e9szlet Legjobb Elad\u00f3 Lengyelorsz\u00e1gban<\/h1>\n<p class=\"\" data-start=\"623\" data-end=\"1038\"><strong data-start=\"97\" data-end=\"118\">ELFWORLD AI 22000<\/strong> egy nagy kapacit\u00e1s\u00fa eldobhat\u00f3 vape, amelyet azoknak a vapereknek terveztek, akik er\u0151s \u00edzt, nagy felh\u0151sz\u00e1mokat \u00e9s egy olyan eszk\u00f6zt akarnak, amely val\u00f3ban l\u00e9p\u00e9st tart a mozgalmas napokkal.<\/p>\n<h3 data-start=\"786\" data-end=\"858\">Mi\u00e9rt \u00e9ri meg ez az ELFWORLD AI22000 sz\u00e1modra<\/h3>\n<ul data-start=\"860\" data-end=\"2341\">\n<li data-start=\"860\" data-end=\"1208\">\n<p data-start=\"862\" data-end=\"1208\"><strong data-start=\"862\" data-end=\"896\">Olyan kapacit\u00e1s, amely val\u00f3ban tart\u00f3s.<\/strong> A <strong data-start=\"901\" data-end=\"951\">ELFWORLD AI 22000 22k felh\u0151 eldobhat\u00f3 vape toll<\/strong> egy 22K felh\u0151\u00e9rt\u00e9kkel p\u00e1ros\u00edtva <strong data-start=\"983\" data-end=\"996\">26ml-es tank<\/strong>, \u00edgy a legt\u00f6bb rendszeres felhaszn\u00e1l\u00f3 Lengyelorsz\u00e1gban, N\u00e9metorsz\u00e1gban, Spanyolorsz\u00e1gban vagy Olaszorsz\u00e1gban <strong data-start=\"1064\" data-end=\"1091\">hetekig tart\u00f3 haszn\u00e1latot kap minden eszk\u00f6z\u00f6nk\u00e9nt<\/strong>, nem napokat. Ez kevesebb s\u00fcrg\u0151ss\u00e9gi utat jelent a \u201ecigaretta k\u00f6zel\u00e9ben\u201d \u00e9s kevesebb p\u00e9nzt a folyamatos cser\u00e9k\u00e9rt.<\/p>\n<\/li>\n<li data-start=\"1210\" data-end=\"1501\">\n<p data-start=\"1212\" data-end=\"1501\"><strong data-start=\"1212\" data-end=\"1251\">\u00c1lland\u00f3 5% hat\u00e1s \u00e9s mer\u00e9sz \u00edz.<\/strong> A <strong data-start=\"1257\" data-end=\"1272\">5% nikotin<\/strong> \u00e9s egy \u00edzv\u00e1laszt\u00e9k a Mang\u00f3 Alma K\u00f6rte-t\u0151l a K\u00e9k Razz J\u00e9gig, az <strong data-start=\"1337\" data-end=\"1371\">ELFWORLD 22000 eldobhat\u00f3 vape<\/strong> minden h\u00faz\u00e1st stabil \u00e9s kiel\u00e9g\u00edt\u0151 m\u00f3don tart fenn. Gy\u00fcm\u00f6lcsrajong\u00f3k, mentolos fanok \u00e9s j\u00e9gkever\u00e9kek mind megfelel\u0151 opci\u00f3kat kapnak egy \u00e1ltal\u00e1nos kever\u00e9k helyett.<\/p>\n<\/li>\n<li data-start=\"1503\" data-end=\"1800\">\n<p data-start=\"1505\" data-end=\"1800\"><strong data-start=\"1505\" data-end=\"1559\">\u00dajrat\u00f6lthet\u0151 k\u00e9nyelem a pazarolt folyad\u00e9k helyett.<\/strong> A <strong data-start=\"1564\" data-end=\"1612\">650mAh t\u00edpus-C \u00fajrat\u00f6lthet\u0151 ELF WORLD AI 22000<\/strong> lehet\u0151v\u00e9 teszi, hogy b\u00e1rmikor felt\u00f6ltsd az energi\u00e1t, amikor sz\u00fcks\u00e9ged van r\u00e1. Egy gyors t\u00f6lt\u00e9s az \u00edr\u00f3asztaln\u00e1l, az aut\u00f3ban vagy otthon azt jelenti, hogy az eszk\u00f6z val\u00f3ban el\u00e9ri a teljes 22K felh\u0151 potenci\u00e1lt an\u00e9lk\u00fcl, hogy f\u00e9l\u00faton le\u00e1llna.<\/p>\n<\/li>\n<li data-start=\"1802\" data-end=\"2070\">\n<p data-start=\"1804\" data-end=\"2070\"><strong data-start=\"1804\" data-end=\"1844\">Technol\u00f3gia, ami megmutatja, mi t\u00f6rt\u00e9nik.<\/strong> A <strong data-start=\"1849\" data-end=\"1898\">digit\u00e1lis kijelz\u0151 az ELFWORLD AI 22000 vape-en<\/strong> egy\u00e9rtelm\u0171 k\u00e9pet ad az akkumul\u00e1tor \u00e9s az e-liquid szintekr\u0151l, \u00edgy tudod, hogy b\u00edrja-e egy \u00e9jszakai bulit vagy egy hossz\u00fa m\u0171szakot. Nincs tal\u00e1lgat\u00e1s, nincs v\u00e1ratlan halott eszk\u00f6z a nap k\u00f6zep\u00e9n.<\/p>\n<\/li>\n<li data-start=\"2072\" data-end=\"2341\">\n<p data-start=\"2074\" data-end=\"2341\"><strong data-start=\"2074\" data-end=\"2105\">K\u00f6nny\u0171 v\u00e1s\u00e1rolni, k\u00f6nny\u0171 hordozni.<\/strong> Rendelj a vapes tornado-t\u00f3l <strong data-start=\"2131\" data-end=\"2180\">vape shop online<\/strong>\u00a0vagy vedd \u00e1t egy helyi boltban, a v\u00e9kony h\u00e1z k\u00f6nnyen belef\u00e9r a zsebbe. Nincs sz\u00fcks\u00e9g be\u00e1ll\u00edt\u00e1sokra, nincs k\u00fcl\u00f6n <strong data-start=\"2292\" data-end=\"2313\">pods recargablese<\/strong>, csak t\u00f6ltsd, h\u00fazd \u00e9s menj.<\/p>\n<\/li>\n<\/ul>\n<p data-start=\"666\" data-end=\"1235\"><strong style=\"font-size: 16px;\"><span style=\"color: #ff0000;\">Add hozz\u00e1 Amy WhatsApp-j\u00e1t, hogy azonnali v\u00e1laszt \u00e9s kedvezm\u00e9nyes \u00e1rat kapj!<\/span><\/strong><\/p>\n<p><img fetchpriority=\"high\" decoding=\"async\" class=\"size-full wp-image-2932\" src=\"https:\/\/vapestornado.com\/wp-content\/uploads\/2024\/12\/Vape-Wholesale.jpg\" alt=\"Vape nagykereskedelem\" width=\"229\" height=\"300\" \/><\/p>\n<h3><a href=\"https:\/\/wa.me\/8617776015835\" target=\"_blank\" rel=\"noopener\"><span style=\"color: #ff0000;\"><strong>WhatsApp: +86 17776015835<\/strong><\/span><\/a><\/h3>\n<p>&nbsp;<\/p>\n<h2><strong>ELFWORLD AI22000 F\u0151bb term\u00e9kjellemz\u0151k<\/strong><\/h2>\n<table>\n<thead>\n<tr>\n<th>Jellemz\u0151k<\/th>\n<th>specifik\u00e1ci\u00f3<\/th>\n<th>r\u00e9szletek<\/th>\n<\/tr>\n<\/thead>\n<tbody>\n<tr>\n<td>M\u00e1rka<\/td>\n<td>ELFWORLD<\/td>\n<td>A legkelend\u0151bb ELFWORLD AI sorozat Lengyelorsz\u00e1gban.<\/td>\n<\/tr>\n<tr>\n<td>Modell<\/td>\n<td>ELFWORLD AI 22000<\/td>\n<td>22K szippant\u00e1s \u00fajrat\u00f6lthet\u0151 eldobhat\u00f3 vape toll k\u00e9szlet.<\/td>\n<\/tr>\n<tr>\n<td>Slukkkapacit\u00e1s<\/td>\n<td>Ak\u00e1r 22 000 sz\u00edv\u00e1s<\/td>\n<td>T\u00f6bbhetes haszn\u00e1latra tervezt\u00e9k a legt\u00f6bb rendszeres vaperek sz\u00e1m\u00e1ra.<\/td>\n<\/tr>\n<tr>\n<td>E-liquid t\u00e9rfogat<\/td>\n<td>26ml el\u0151re t\u00f6lt\u00f6tt<\/td>\n<td>Nagy tart\u00e1ly t\u00e1mogatja a teljes 22K szippant\u00e1s \u00e9rt\u00e9kel\u00e9st.<\/td>\n<\/tr>\n<tr>\n<td>Nikotin er\u0151ss\u00e9ge<\/td>\n<td>5% (50mg)<\/td>\n<td>Er\u0151s, egyenletes torok\u00e9rzet \u00e9s el\u00e9gedetts\u00e9g.<\/td>\n<\/tr>\n<tr>\n<td>Akkumul\u00e1tor<\/td>\n<td>650mAh \u00fajrat\u00f6lthet\u0151<\/td>\n<td>\u00dajra t\u00f6lthet\u0151 t\u00f6bb alkalommal az eszk\u00f6z \u00e9lettartama alatt.<\/td>\n<\/tr>\n<tr>\n<td>T\u00f6lt\u0151 port<\/td>\n<td>Type-C<\/td>\n<td>Gyors, modern t\u00f6lt\u00e9s \u00e1ltal\u00e1nos EU k\u00e1belekkel.<\/td>\n<\/tr>\n<tr>\n<td>Kijelz\u0151<\/td>\n<td>Digit\u00e1lis kijelz\u0151<\/td>\n<td>Val\u00f3s idej\u0171 e-liquid \u00e9s akkumul\u00e1tor \u00e1llapot kijelz\u00e9se.<\/td>\n<\/tr>\n<tr>\n<td>Eszk\u00f6zt\u00edpus<\/td>\n<td>Eldobhat\u00f3 vape toll<\/td>\n<td>Nincs felt\u00f6lt\u00e9s vagy tekercscsere; haszn\u00e1lat \u00e9s \u00fajrahasznos\u00edt\u00e1s.<\/td>\n<\/tr>\n<tr>\n<td>\u00cdzv\u00e1laszt\u00e9kok<\/td>\n<td>15 \u00edz<\/td>\n<td>Gy\u00fcm\u00f6lcs, j\u00e9g \u00e9s kevert kever\u00e9kek k\u00fcl\u00f6nb\u00f6z\u0151 \u00edzekhez.<\/td>\n<\/tr>\n<\/tbody>\n<\/table>\n<p>&nbsp;<\/p>\n<figure id=\"attachment_4081\" aria-describedby=\"caption-attachment-4081\" style=\"width: 800px\" class=\"wp-caption alignnone\"><img decoding=\"async\" class=\"wp-image-4081 size-full\" src=\"https:\/\/vapestornado.com\/wp-content\/uploads\/2025\/04\/ELF-WORLD-Ai-22k-Disposable-Vape.webp\" alt=\"ELF WORLD Ai 22k Eldobhat\u00f3 Vape\" width=\"800\" height=\"800\" srcset=\"https:\/\/vapestornado.com\/wp-content\/uploads\/2025\/04\/ELF-WORLD-Ai-22k-Disposable-Vape.webp 800w, https:\/\/vapestornado.com\/wp-content\/uploads\/2025\/04\/ELF-WORLD-Ai-22k-Disposable-Vape-300x300.webp 300w, https:\/\/vapestornado.com\/wp-content\/uploads\/2025\/04\/ELF-WORLD-Ai-22k-Disposable-Vape-150x150.webp 150w, https:\/\/vapestornado.com\/wp-content\/uploads\/2025\/04\/ELF-WORLD-Ai-22k-Disposable-Vape-768x768.webp 768w, https:\/\/vapestornado.com\/wp-content\/uploads\/2025\/04\/ELF-WORLD-Ai-22k-Disposable-Vape-600x600.webp 600w, https:\/\/vapestornado.com\/wp-content\/uploads\/2025\/04\/ELF-WORLD-Ai-22k-Disposable-Vape-100x100.webp 100w\" sizes=\"(max-width: 800px) 100vw, 800px\" \/><figcaption id=\"caption-attachment-4081\" class=\"wp-caption-text\">ELF WORLD Ai 22k Eldobhat\u00f3 Vape<\/figcaption><\/figure>\n<h2 class=\"product-title\"><strong>ELFWORLD AI22000 Eldobhat\u00f3 R\u00fad \u00cdzek List\u00e1ja<\/strong><\/h2>\n<article class=\"w-full text-token-text-primary focus-visible:outline-2 focus-visible:outline-offset-[-4px]\" dir=\"auto\" data-testid=\"conversation-turn-32\" data-scroll-anchor=\"false\">\n<div class=\"m-auto text-base py-[18px] px-6\">\n<div class=\"mx-auto flex flex-1 text-base gap-4 md:gap-5 lg:gap-6 md:max-w-3xl lg:max-w-[40rem] xl:max-w-[48rem]\">\n<div class=\"group\/conversation-turn relative flex w-full min-w-0 flex-col @xs\/thread:px-0 @sm\/thread:px-1.5 @md\/thread:px-4\">\n<div class=\"flex-col gap-1 md:gap-3\">\n<div class=\"flex max-w-full flex-col flex-grow\">\n<div class=\"min-h-8 text-message flex w-full flex-col items-end gap-2 whitespace-normal break-words text-start [.text-message+&amp;]:mt-5\" dir=\"auto\" data-message-author-role=\"user\" data-message-id=\"ffac41ca-1db4-431b-873a-32c4052956f1\">\n<div class=\"flex w-full flex-col gap-1 empty:hidden items-end rtl:items-start\">\n<div class=\"relative max-w-[var(--user-chat-width,70%)] rounded-3xl bg-token-message-surface px-5 py-2.5\">\n<div class=\"absolute bottom-0 right-full top-0 -mr-3.5 hidden pr-5 pt-2 [.group\/conversation-turn:hover_&amp;]:flex\">\n<div class=\"flex\">\n<article class=\"w-full text-token-text-primary focus-visible:outline-2 focus-visible:outline-offset-[-4px]\" dir=\"auto\" data-testid=\"conversation-turn-39\" data-scroll-anchor=\"true\">\n<div class=\"m-auto text-base py-[18px] px-6\">\n<div class=\"mx-auto flex flex-1 text-base gap-4 md:gap-5 lg:gap-6 md:max-w-3xl lg:max-w-[40rem] xl:max-w-[48rem]\">\n<div class=\"group\/conversation-turn relative flex w-full min-w-0 flex-col agent-turn @xs\/thread:px-0 @sm\/thread:px-1.5 @md\/thread:px-4\">\n<div class=\"flex-col gap-1 md:gap-3\">\n<div class=\"flex max-w-full flex-col flex-grow\">\n<div class=\"min-h-8 text-message flex w-full flex-col items-end gap-2 whitespace-normal break-words text-start [.text-message+&amp;]:mt-5\" dir=\"auto\" data-message-author-role=\"assistant\" data-message-id=\"55a23854-ec57-48dd-bd4f-6118f43d6241\" data-message-model-slug=\"gpt-4o\">\n<div class=\"flex w-full flex-col gap-1 empty:hidden first:pt-[3px]\">\n<div class=\"markdown prose w-full break-words dark:prose-invert light\">\n<p>1. Mang\u00f3 Alma K\u00f6rte<br \/>\n2. H\u0171s Mang\u00f3<br \/>\n3. Z\u00f6ld Alma<br \/>\n4. Tigrisv\u00e9r<br \/>\n5. \u00c1fonya j\u00e9g<br \/>\n6. Menta<br \/>\n7. Vegyes bogy\u00f3k<br \/>\n8. Sz\u0151l\u0151 j\u00e9g<br \/>\n9. G\u00f6r\u00f6gdinnye j\u00e9g<br \/>\n10. \u00c1fonya menta<br \/>\n11. Eper j\u00e9g<br \/>\n12. L\u00e9d\u00fas \u0151szibarack j\u00e9g<br \/>\n13. K\u00e9k m\u00e1lna j\u00e9g<br \/>\n14. Vid\u00e1m citrom<br \/>\n15. Eper g\u00f6r\u00f6gdinnye<\/p>\n<\/div>\n<\/div>\n<\/div>\n<\/div>\n<\/div>\n<\/div>\n<\/div>\n<\/div>\n<\/article>\n<\/div>\n<\/div>\n<\/div>\n<\/div>\n<\/div>\n<\/div>\n<\/div>\n<\/div>\n<\/div>\n<\/div>\n<\/article>\n<h2>Mi\u00e9rt v\u00e1lassza a Vapestornad\u00f3t az ELFWORLD AI22000 Puff megv\u00e1s\u00e1rl\u00e1s\u00e1hoz?<\/h2>\n<div class=\"flex-shrink-0 flex flex-col relative items-end\">\n<div class=\"pt-0\">\n<div class=\"gizmo-bot-avatar flex h-8 w-8 items-center justify-center overflow-hidden rounded-full\">\n<div class=\"relative p-1 rounded-sm flex items-center justify-center bg-token-main-surface-primary text-token-text-primary h-8 w-8\">\n<p>At\u00a0<strong>VapeTornado<\/strong>b\u00fcszk\u00e9k vagyunk arra, hogy\u00a0<strong>pr\u00e9mium vaping term\u00e9keket k\u00edn\u00e1lunk verhetetlen \u00e1ron<\/strong>\u2014\u00e9s az ELFWORLD AI22000 sem kiv\u00e9tel! \u00cdme, mi\u00e9rt \u00e9rdemes t\u0151l\u00fcnk v\u00e1s\u00e1rolni:<\/p>\n<p><strong>Legjobb Nagykereskedelmi \u00c1rak<\/strong>\u00a0\u2013 Mi k\u00edn\u00e1lunk\u00a0<strong>versenyk\u00e9pes t\u00f6meges \u00e1rat<\/strong><span style=\"font-size: 16px;\">, \u00edgy mi vagyunk a legjobb v\u00e1laszt\u00e1s viszontelad\u00f3knak \u00e9s vape \u00fczleteknek.<\/span><\/p>\n<p><strong>Gyors<\/strong>\u00a0\u2013 Rendel\u00e9s\u00e9t k\u00e9zbes\u00edtj\u00fck\u00a0<strong>gyorsan \u00e9s biztons\u00e1gosan<\/strong>, vil\u00e1gszerte el\u00e9rhet\u0151 sz\u00e1ll\u00edt\u00e1si lehet\u0151s\u00e9gekkel.<br \/>\n<strong>100% Eredeti Term\u00e9kek<\/strong>\u00a0\u2013 Nincsenek ut\u00e1nzatok \u2013 csak\u00a0<strong>eredeti WASPE Triple eldobhat\u00f3 term\u00e9kek<\/strong>\u00a0ellen\u0151rz\u00f6tt min\u0151s\u00e9ggel.<br \/>\n<strong>Kiv\u00e1l\u00f3 \u00dcgyf\u00e9lszolg\u00e1lat<\/strong>\u00a0\u2013 K\u00e9rd\u00e9se van? A mi\u00a0<strong>vape szak\u00e9rt\u0151ink<\/strong> mindig k\u00e9szek seg\u00edteni \u00d6nnek.<\/p>\n<p data-start=\"559\" data-end=\"933\" data-is-last-node=\"\" data-is-only-node=\"\">Van n\u00e9h\u00e1ny m\u00e1s n\u00e9pszer\u0171, kijelz\u0151vel ell\u00e1tott vape term\u00e9k\u00fcnk is, mint p\u00e9ld\u00e1ul a <a href=\"https:\/\/vapestornado.com\/hu\/product\/bang-king-vape-36000-puff-dual-vaping-mode-disposables-pod-best-price\/\">BANG KING 36000 Sz\u00edja<\/a>, <a href=\"https:\/\/vapestornado.com\/hu\/product\/waspe-aiviou-3-in-1-60000-puffs-disposable-vape-kit-best-price\/\">WASPE 60000 3 az 1-ben<\/a>, <a href=\"https:\/\/vapestornado.com\/hu\/product\/alfakh-crown-bar-20000-puffs-disposable-shisha-hookah-wholesale-vape-pen\/\">ALFAKH 20000<\/a>, \u00e9s m\u00e9g sok m\u00e1s.<\/p>\n<\/div>\n<div class=\"relative p-1 rounded-sm flex items-center justify-center bg-token-main-surface-primary text-token-text-primary h-8 w-8\">\n<h2>GYIK az ELFWORLD AI22000 Puff Vape-hez<\/h2>\n<p>&nbsp;<\/p>\n<h3 data-start=\"3596\" data-end=\"3698\">1. Mennyire tart\u00f3s az ELFWORLD AI 22000 22k szippant\u00e1s eldobhat\u00f3 vape napi haszn\u00e1lat mellett?<\/h3>\n<p data-start=\"3699\" data-end=\"4013\">Sok felhaszn\u00e1l\u00f3 sz\u00e1m\u00e1ra Magyarorsz\u00e1gon, N\u00e9metorsz\u00e1gban vagy Spanyolorsz\u00e1gban a <strong data-start=\"3748\" data-end=\"3785\">ELFWORLD AI 22000 22k puff k\u00e9sz\u00fcl\u00e9k<\/strong> \u00e1ltal m\u0171k\u00f6dtetve <strong data-start=\"3791\" data-end=\"3811\">26ml e-liquid<\/strong> fedhet <strong data-start=\"3822\" data-end=\"3839\">n\u00e9h\u00e1ny h\u00e9t<\/strong> rendszeres haszn\u00e1latra. A t\u00e9nyleges id\u0151 att\u00f3l f\u00fcgg, milyen gyakran \u00e9s milyen m\u00e9lyen sz\u00edvod, de a 22K puff \u00e9s az \u00fajrat\u00f6lthet\u0151s\u00e9g kombin\u00e1ci\u00f3ja hossz\u00fa t\u00e1vra k\u00e9sz\u00fclt, nem csak n\u00e9h\u00e1ny napra.<\/p>\n<h3 data-start=\"4020\" data-end=\"4138\">2. Seg\u00edt-e az ELFWORLD 22000 eldobhat\u00f3 vape digit\u00e1lis kijelz\u0151je az akkumul\u00e1tor \u00e9s az e-liquid kezel\u00e9s\u00e9ben?<\/h3>\n<p data-start=\"4139\" data-end=\"4419\">Igen. A <strong data-start=\"4148\" data-end=\"4198\">ELFWORLD 22000 digit\u00e1lis kijelz\u0151s eldobhat\u00f3 vape<\/strong> mutatja az akkumul\u00e1tor \u00e9s az e-liquid szinteket, \u00edgy tudod, mikor kell \u00fajrat\u00f6lteni, miel\u0151tt kimozdulsz, vagy ha a tart\u00e1ly k\u00f6zel van a v\u00e9g\u00e9hez. Ez nagy el\u0151rel\u00e9p\u00e9s a tal\u00e1lgat\u00e1s helyett, k\u00fcl\u00f6n\u00f6sen, ha egy eszk\u00f6zre t\u00e1maszkodsz munk\u00e1hoz \u00e9s sz\u00f3rakoz\u00e1shoz egyar\u00e1nt.<\/p>\n<h3 data-start=\"4426\" data-end=\"4539\">3. Mennyiben k\u00e9nyelmesebb az ELFWORLD AI 22000 a hagyom\u00e1nyos cigarett\u00e1k v\u00e1s\u00e1rl\u00e1s\u00e1hoz k\u00e9pest a k\u00f6zelben?<\/h3>\n<p data-start=\"4540\" data-end=\"4826\">A <strong data-start=\"4544\" data-end=\"4579\">ELFWORLD AI 22000 22k puff vape<\/strong> azt tervezt\u00e9k, hogy cs\u00f6kkentse a folyamatos boltba j\u00e1r\u00e1st. Ahelyett, hogy minden nap \"<strong data-start=\"4645\" data-end=\"4667\">cigarett\u00e1k k\u00f6zel\u00e9ben<\/strong>\"-t venn\u00e9l, egy teljesen felt\u00f6lt\u00f6tt \u00e9s megt\u00f6lt\u00f6tt eszk\u00f6z hossz\u00fa ideig a zsebedben maradhat, a digit\u00e1lis kijelz\u0151 \u00e9s a Type-C t\u00f6lt\u00e9s seg\u00edt el\u0151re tervezni.<\/p>\n<h3 data-start=\"4833\" data-end=\"4924\">4. Hasonl\u00f3 az ELFWORLD AI 22000 a podok \u00fajrat\u00f6lthet\u0151 rendszereihez, vagy m\u00e1s?<\/h3>\n<p data-start=\"4925\" data-end=\"5195\">Funkcion\u00e1lisan az <strong data-start=\"4943\" data-end=\"4975\">ELFWORLD AI 22000 eldobhat\u00f3<\/strong> ugyanazt a \u201et\u00f6lt\u00e9s \u00e9s vape\u201d egyszer\u0171s\u00e9get ny\u00fajtja, amit az emberek kedvelnek a <strong data-start=\"5035\" data-end=\"5056\">pods recargablese<\/strong> eszk\u00f6z\u00f6kben, de an\u00e9lk\u00fcl, hogy podokat cser\u00e9ln\u00e9l vagy tart\u00e1lyokat t\u00f6lten\u00e9l \u00fajra. Minden z\u00e1rt \u00e9s el\u0151re m\u00e9rve van: az akkumul\u00e1tort t\u00f6lt\u00f6d, nem cser\u00e9led a r\u00e9szeket.<\/p>\n<h3 data-start=\"5202\" data-end=\"5286\">5. Megv\u00e1s\u00e1rolhatom-e az ELFWORLD AI 22000 22k Puff-ot online vape boltban Magyarorsz\u00e1gon?<\/h3>\n<p data-start=\"5287\" data-end=\"5566\">Sok felhaszn\u00e1l\u00f3 Magyarorsz\u00e1gon \u00e9s az EU-ban <strong data-start=\"5330\" data-end=\"5351\">ELFWORLD AI 22000<\/strong> kereszt\u00fcl szerez be <strong data-start=\"5362\" data-end=\"5382\">vape shop online<\/strong> helyi boltok helyett. A kiskeresked\u0151k \u00e9rt\u00e9kelik a 22K puffot, a 26ml tart\u00e1lyt \u00e9s a digit\u00e1lis kijelz\u0151t, mint er\u0151s \u00e9rt\u00e9kes\u00edt\u00e9si pontokat, ez\u00e9rt gyakran megjelenik a \u201elegn\u00e9pszer\u0171bb\u201d vagy \u201enagy kapacit\u00e1s\u00fa\u201d kateg\u00f3ri\u00e1kban.<\/p>\n<\/div>\n<\/div>\n<\/div>\n<\/div>","protected":false},"excerpt":{"rendered":"<p class=\"LC20lb MBeuO DKV0Md\">ELF WORLD AI 22000 Eldobhat\u00f3 Vape Bar Olcs\u00f3 \u00c1r<br \/>\nELFWORLD AI22000 22000 Puffs Legjobb Nagykereskedelmi Eldobhat\u00f3 Vape Doboz<br \/>\nDigit\u00e1lis Eldobhat\u00f3 Bar ELFWORLD AI 22000 Puffs Gy\u00e1ri K\u00f6zvetlen \u00c9rt\u00e9kes\u00edt\u00e9s<\/p>\n<p><strong>Add hozz\u00e1 Amy whatsappj\u00e1t, hogy azonnali v\u00e1laszt \u00e9s kedvezm\u00e9nyes \u00e1rat kapj!<\/strong><\/p>\n<p><img fetchpriority=\"high\" decoding=\"async\" class=\"size-full wp-image-2932\" src=\"https:\/\/vapestornado.com\/wp-content\/uploads\/2024\/12\/Vape-Wholesale.jpg\" alt=\"Vape nagykereskedelem\" width=\"229\" height=\"300\" \/><\/p>\n<h3><a href=\"https:\/\/wa.me\/8617776015835\"><span style=\"color: #ff0000;\"><strong>WhatsApp: +86 17776015835<\/strong><\/span><\/a><\/h3>\n<p>&nbsp;<\/p>","protected":false},"featured_media":4082,"comment_status":"open","ping_status":"closed","template":"","meta":{"_acf_changed":false,"_uag_custom_page_level_css":"","_lmt_disableupdate":"no","_lmt_disable":"","_monsterinsights_skip_tracking":false,"_monsterinsights_sitenote_active":false,"_monsterinsights_sitenote_note":"","_monsterinsights_sitenote_category":0,"site-sidebar-layout":"default","site-content-layout":"","ast-site-content-layout":"default","site-content-style":"default","site-sidebar-style":"default","ast-global-header-display":"","ast-banner-title-visibility":"","ast-main-header-display":"","ast-hfb-above-header-display":"","ast-hfb-below-header-display":"","ast-hfb-mobile-header-display":"","site-post-title":"","ast-breadcrumbs-content":"","ast-featured-img":"","footer-sml-layout":"","ast-disable-related-posts":"","theme-transparent-header-meta":"default","adv-header-id-meta":"","stick-header-meta":"","header-above-stick-meta":"","header-main-stick-meta":"","header-below-stick-meta":"","astra-migrate-meta-layouts":"set","ast-page-background-enabled":"default","ast-page-background-meta":{"desktop":{"background-color":"","background-image":"","background-repeat":"repeat","background-position":"center center","background-size":"auto","background-attachment":"scroll","background-type":"","background-media":"","overlay-type":"","overlay-color":"","overlay-opacity":"","overlay-gradient":""},"tablet":{"background-color":"","background-image":"","background-repeat":"repeat","background-position":"center center","background-size":"auto","background-attachment":"scroll","background-type":"","background-media":"","overlay-type":"","overlay-color":"","overlay-opacity":"","overlay-gradient":""},"mobile":{"background-color":"","background-image":"","background-repeat":"repeat","background-position":"center center","background-size":"auto","background-attachment":"scroll","background-type":"","background-media":"","overlay-type":"","overlay-color":"","overlay-opacity":"","overlay-gradient":""}},"ast-content-background-meta":{"desktop":{"background-color":"var(--ast-global-color-5)","background-image":"","background-repeat":"repeat","background-position":"center center","background-size":"auto","background-attachment":"scroll","background-type":"","background-media":"","overlay-type":"","overlay-color":"","overlay-opacity":"","overlay-gradient":""},"tablet":{"background-color":"var(--ast-global-color-5)","background-image":"","background-repeat":"repeat","background-position":"center center","background-size":"auto","background-attachment":"scroll","background-type":"","background-media":"","overlay-type":"","overlay-color":"","overlay-opacity":"","overlay-gradient":""},"mobile":{"background-color":"var(--ast-global-color-5)","background-image":"","background-repeat":"repeat","background-position":"center center","background-size":"auto","background-attachment":"scroll","background-type":"","background-media":"","overlay-type":"","overlay-color":"","overlay-opacity":"","overlay-gradient":""}},"_joinchat":{"telephone":"17776015835"}},"product_brand":[],"product_cat":[156,142,146],"product_tag":[488,105,320,486,319,487,489],"class_list":{"0":"post-4087","1":"product","2":"type-product","3":"status-publish","4":"has-post-thumbnail","6":"product_cat-buy-disposable-vapes-in-poland","7":"product_cat-digital-box-disposable-vapes","8":"product_cat-rechargeable-disposable-vapes","9":"product_tag-cigarettes-near-me","10":"product_tag-digital-disposable-vape","11":"product_tag-disposables-bar","12":"product_tag-elf-world","13":"product_tag-elfworld-ai22000","14":"product_tag-pods-recargablese","15":"product_tag-vape-shop-online","16":"desktop-align-left","17":"tablet-align-left","18":"mobile-align-left","20":"first","21":"instock","22":"sale","23":"shipping-taxable","24":"purchasable","25":"product-type-simple"},"acf":[],"uagb_featured_image_src":{"full":["https:\/\/vapestornado.com\/wp-content\/uploads\/2025\/04\/ELF-WORLD-Ai-22000-PUFF-Disposable-Vape-Box.webp",800,800,false],"thumbnail":["https:\/\/vapestornado.com\/wp-content\/uploads\/2025\/04\/ELF-WORLD-Ai-22000-PUFF-Disposable-Vape-Box-150x150.webp",150,150,true],"medium":["https:\/\/vapestornado.com\/wp-content\/uploads\/2025\/04\/ELF-WORLD-Ai-22000-PUFF-Disposable-Vape-Box-300x300.webp",300,300,true],"medium_large":["https:\/\/vapestornado.com\/wp-content\/uploads\/2025\/04\/ELF-WORLD-Ai-22000-PUFF-Disposable-Vape-Box-768x768.webp",768,768,true],"large":["https:\/\/vapestornado.com\/wp-content\/uploads\/2025\/04\/ELF-WORLD-Ai-22000-PUFF-Disposable-Vape-Box.webp",800,800,false],"1536x1536":["https:\/\/vapestornado.com\/wp-content\/uploads\/2025\/04\/ELF-WORLD-Ai-22000-PUFF-Disposable-Vape-Box.webp",800,800,false],"2048x2048":["https:\/\/vapestornado.com\/wp-content\/uploads\/2025\/04\/ELF-WORLD-Ai-22000-PUFF-Disposable-Vape-Box.webp",800,800,false],"trp-custom-language-flag":["https:\/\/vapestornado.com\/wp-content\/uploads\/2025\/04\/ELF-WORLD-Ai-22000-PUFF-Disposable-Vape-Box.webp",12,12,false],"woocommerce_thumbnail":["https:\/\/vapestornado.com\/wp-content\/uploads\/2025\/04\/ELF-WORLD-Ai-22000-PUFF-Disposable-Vape-Box-300x300.webp",300,300,true],"woocommerce_single":["https:\/\/vapestornado.com\/wp-content\/uploads\/2025\/04\/ELF-WORLD-Ai-22000-PUFF-Disposable-Vape-Box-600x600.webp",600,600,true],"woocommerce_gallery_thumbnail":["https:\/\/vapestornado.com\/wp-content\/uploads\/2025\/04\/ELF-WORLD-Ai-22000-PUFF-Disposable-Vape-Box-100x100.webp",100,100,true]},"uagb_author_info":{"display_name":"ESAMY","author_link":"https:\/\/vapestornado.com\/hu\/author\/"},"uagb_comment_info":0,"uagb_excerpt":"ELF WORLD AI 22000 Disposable Vape Bar Cheap Price ELFWORLD AI22000 22000 Puffs Best Wholesale Disposables Vape Box Digital Disposables Bar ELFWORLD AI 22000 Puffs Factory Direct Sale Add Amy's whatsapp to get right reply and discount price! WhatsApp: +86 17776015835 &nbsp;","_links":{"self":[{"href":"https:\/\/vapestornado.com\/hu\/wp-json\/wp\/v2\/product\/4087","targetHints":{"allow":["GET"]}}],"collection":[{"href":"https:\/\/vapestornado.com\/hu\/wp-json\/wp\/v2\/product"}],"about":[{"href":"https:\/\/vapestornado.com\/hu\/wp-json\/wp\/v2\/types\/product"}],"replies":[{"embeddable":true,"href":"https:\/\/vapestornado.com\/hu\/wp-json\/wp\/v2\/comments?post=4087"}],"wp:featuredmedia":[{"embeddable":true,"href":"https:\/\/vapestornado.com\/hu\/wp-json\/wp\/v2\/media\/4082"}],"wp:attachment":[{"href":"https:\/\/vapestornado.com\/hu\/wp-json\/wp\/v2\/media?parent=4087"}],"wp:term":[{"taxonomy":"product_brand","embeddable":true,"href":"https:\/\/vapestornado.com\/hu\/wp-json\/wp\/v2\/product_brand?post=4087"},{"taxonomy":"product_cat","embeddable":true,"href":"https:\/\/vapestornado.com\/hu\/wp-json\/wp\/v2\/product_cat?post=4087"},{"taxonomy":"product_tag","embeddable":true,"href":"https:\/\/vapestornado.com\/hu\/wp-json\/wp\/v2\/product_tag?post=4087"}],"curies":[{"name":"wp","href":"https:\/\/api.w.org\/{rel}","templated":true}]}}