{"id":4068,"date":"2025-04-06T09:32:07","date_gmt":"2025-04-06T09:32:07","guid":{"rendered":"https:\/\/vapestornado.com\/?post_type=product&#038;p=4068"},"modified":"2025-08-23T12:31:59","modified_gmt":"2025-08-23T12:31:59","slug":"alfakh-crown-bar-20000-puffs-disposable-shisha-hookah-wholesale-vape-pen","status":"publish","type":"product","link":"https:\/\/vapestornado.com\/hu\/product\/alfakh-crown-bar-20000-puffs-disposable-shisha-hookah-wholesale-vape-pen\/","title":{"rendered":"Alfakh Crown Bar 20000 Puffs Eldobhat\u00f3 Shisha V\u00edzipipa Nagykereskedelmi Vape Pen"},"content":{"rendered":"<h1 data-pm-slice=\"1 1 []\">Alfakh Crown Bar 20000 Puffs Eldobhat\u00f3 Shisha V\u00edzipipa Nagykereskedelmi Vape Pen<\/h1>\n<p class=\"\" data-start=\"101\" data-end=\"572\">A <strong data-start=\"271\" data-end=\"337\">Alfakh Crown Bar 20000 Puffs Eldobhat\u00f3 Shisha V\u00edzipipa Vape Pen<\/strong> \u00f6tv\u00f6zi a hagyom\u00e1nyos shisha hangulatot a fejlett vaping technol\u00f3gi\u00e1val, autentikus v\u00edzipipa \u00e9lm\u00e9nyt k\u00edn\u00e1lva modern, hordozhat\u00f3 form\u00e1ban. Ak\u00e1r <strong data-start=\"490\" data-end=\"506\">20 000 puffot<\/strong> er\u0151s <strong data-start=\"527\" data-end=\"558\">950 mAh \u00fajrat\u00f6lthet\u0151 akkumul\u00e1tor<\/strong> \u00e9s a <strong data-start=\"563\" data-end=\"587\">Type-C gyorst\u00f6lt\u00e9ssel<\/strong>\u00e1ltal meghajtva, ez az eszk\u00f6z garant\u00e1lja a hosszan tart\u00f3 \u00e9lvezetet.<\/p>\n<p>Mit\u0151l egyedi a Bang Vape 35000? <strong data-start=\"645\" data-end=\"674\">\u00e1ll\u00edthat\u00f3 l\u00e9g\u00e1raml\u00e1si rendszer<\/strong> lehet\u0151v\u00e9 teszi a sima shisha sz\u00edv\u00e1sok vagy a s\u0171r\u0171 felh\u0151k k\u00f6z\u00f6tti v\u00e1lt\u00e1st, m\u00edg a <strong data-start=\"751\" data-end=\"777\">digit\u00e1lis kijelz\u0151 k\u00e9perny\u0151vel<\/strong> t\u00e1j\u00e9koztat az akkumul\u00e1tor \u00e9lettartam\u00e1r\u00f3l \u00e9s az e-liquid szintj\u00e9r\u0151l. El\u0151re felt\u00f6ltve <strong data-start=\"850\" data-end=\"878\">30 ml pr\u00e9mium e-liquidet<\/strong> \u00e9s el\u00e9rhet\u0151 <strong data-start=\"896\" data-end=\"937\">0%, 2%, 3% \u00e9s 5% nikotiner\u0151ss\u00e9gben<\/strong>k\u00edn\u00e1l, minden vaping preferenci\u00e1nak megfelel.<\/p>\n<p>Egy <strong data-start=\"997\" data-end=\"1010\">h\u00e1l\u00f3s tekercs<\/strong> a k\u00f6vetkezetes, gazdag \u00edz\u00e9rt \u00e9s <strong data-start=\"1043\" data-end=\"1069\">12 mer\u00e9sz \u00edzv\u00e1laszt\u00e9k<\/strong>az Alfakh Crown Bar 20K ide\u00e1lis v\u00e1laszt\u00e1s a kiskeresked\u0151k \u00e9s forgalmaz\u00f3k sz\u00e1m\u00e1ra, akik megb\u00edzhat\u00f3, nagy kereslet\u0171, nagykereskedelmi vape peneket keresnek.<\/p>\n<p data-start=\"666\" data-end=\"1235\"><strong style=\"font-size: 16px;\"><span style=\"color: #ff0000;\">Add hozz\u00e1 Amy WhatsApp-j\u00e1t, hogy azonnali v\u00e1laszt \u00e9s kedvezm\u00e9nyes \u00e1rat kapj!<\/span><\/strong><\/p>\n<p><img fetchpriority=\"high\" decoding=\"async\" class=\"size-full wp-image-2932\" src=\"https:\/\/vapestornado.com\/wp-content\/uploads\/2024\/12\/Vape-Wholesale.jpg\" alt=\"Vape nagykereskedelem\" width=\"229\" height=\"300\" \/><\/p>\n<h3><a href=\"https:\/\/wa.me\/8617776015835\" target=\"_blank\" rel=\"noopener\"><span style=\"color: #ff0000;\"><strong>WhatsApp: +86 17776015835<\/strong><\/span><\/a><\/h3>\n<p>&nbsp;<\/p>\n<h2><strong>Alfakh Crown Bar 20000 F\u0151bb term\u00e9kjellemz\u0151k<\/strong><\/h2>\n<p>Modell: Alfakh Crown Bar 20000<br \/>\n12 \u00edz k\u00f6z\u00fcl v\u00e1laszthat.<br \/>\nFolyad\u00e9k kapacit\u00e1s: 30ml<br \/>\nAkkumul\u00e1tor kapacit\u00e1s: 950mAh, Type-C \u00fajrat\u00f6lthet\u0151<br \/>\nTekercs: Mesh tekercs 0.6ohm<br \/>\nPuffok: 20000<br \/>\nS\u00f3 nikotin: 0%, 2%, 3%, 5%<\/p>\n<figure id=\"attachment_4057\" aria-describedby=\"caption-attachment-4057\" style=\"width: 800px\" class=\"wp-caption alignnone\"><img decoding=\"async\" class=\"wp-image-4057 size-full\" src=\"https:\/\/vapestornado.com\/wp-content\/uploads\/2025\/04\/Al-Fakh-Crown-Bar-Disposable-Shisha.webp\" alt=\"Al Fakh Crown Bar eldobhat\u00f3 Shisha\" width=\"800\" height=\"800\" srcset=\"https:\/\/vapestornado.com\/wp-content\/uploads\/2025\/04\/Al-Fakh-Crown-Bar-Disposable-Shisha.webp 800w, https:\/\/vapestornado.com\/wp-content\/uploads\/2025\/04\/Al-Fakh-Crown-Bar-Disposable-Shisha-300x300.webp 300w, https:\/\/vapestornado.com\/wp-content\/uploads\/2025\/04\/Al-Fakh-Crown-Bar-Disposable-Shisha-150x150.webp 150w, https:\/\/vapestornado.com\/wp-content\/uploads\/2025\/04\/Al-Fakh-Crown-Bar-Disposable-Shisha-768x768.webp 768w, https:\/\/vapestornado.com\/wp-content\/uploads\/2025\/04\/Al-Fakh-Crown-Bar-Disposable-Shisha-600x600.webp 600w, https:\/\/vapestornado.com\/wp-content\/uploads\/2025\/04\/Al-Fakh-Crown-Bar-Disposable-Shisha-100x100.webp 100w\" sizes=\"(max-width: 800px) 100vw, 800px\" \/><figcaption id=\"caption-attachment-4057\" class=\"wp-caption-text\">Al Fakh Crown Bar eldobhat\u00f3 Shisha<\/figcaption><\/figure>\n<h2 class=\"product-title\"><strong>Alfakher Crown Bar 20000 Eldobhat\u00f3 rudak \u00edzlist\u00e1ja<\/strong><\/h2>\n<article class=\"w-full text-token-text-primary focus-visible:outline-2 focus-visible:outline-offset-[-4px]\" dir=\"auto\" data-testid=\"conversation-turn-32\" data-scroll-anchor=\"false\">\n<div class=\"m-auto text-base py-[18px] px-6\">\n<div class=\"mx-auto flex flex-1 text-base gap-4 md:gap-5 lg:gap-6 md:max-w-3xl lg:max-w-[40rem] xl:max-w-[48rem]\">\n<div class=\"group\/conversation-turn relative flex w-full min-w-0 flex-col @xs\/thread:px-0 @sm\/thread:px-1.5 @md\/thread:px-4\">\n<div class=\"flex-col gap-1 md:gap-3\">\n<div class=\"flex max-w-full flex-col flex-grow\">\n<div class=\"min-h-8 text-message flex w-full flex-col items-end gap-2 whitespace-normal break-words text-start [.text-message+&amp;]:mt-5\" dir=\"auto\" data-message-author-role=\"user\" data-message-id=\"ffac41ca-1db4-431b-873a-32c4052956f1\">\n<div class=\"flex w-full flex-col gap-1 empty:hidden items-end rtl:items-start\">\n<div class=\"relative max-w-[var(--user-chat-width,70%)] rounded-3xl bg-token-message-surface px-5 py-2.5\">\n<div class=\"absolute bottom-0 right-full top-0 -mr-3.5 hidden pr-5 pt-2 [.group\/conversation-turn:hover_&amp;]:flex\">\n<div class=\"flex\">\n<article class=\"w-full text-token-text-primary focus-visible:outline-2 focus-visible:outline-offset-[-4px]\" dir=\"auto\" data-testid=\"conversation-turn-39\" data-scroll-anchor=\"true\">\n<div class=\"m-auto text-base py-[18px] px-6\">\n<div class=\"mx-auto flex flex-1 text-base gap-4 md:gap-5 lg:gap-6 md:max-w-3xl lg:max-w-[40rem] xl:max-w-[48rem]\">\n<div class=\"group\/conversation-turn relative flex w-full min-w-0 flex-col agent-turn @xs\/thread:px-0 @sm\/thread:px-1.5 @md\/thread:px-4\">\n<div class=\"flex-col gap-1 md:gap-3\">\n<div class=\"flex max-w-full flex-col flex-grow\">\n<div class=\"min-h-8 text-message flex w-full flex-col items-end gap-2 whitespace-normal break-words text-start [.text-message+&amp;]:mt-5\" dir=\"auto\" data-message-author-role=\"assistant\" data-message-id=\"55a23854-ec57-48dd-bd4f-6118f43d6241\" data-message-model-slug=\"gpt-4o\">\n<div class=\"flex w-full flex-col gap-1 empty:hidden first:pt-[3px]\">\n<div class=\"markdown prose w-full break-words dark:prose-invert light\">\n<p>1.Lush j\u00e9g<br \/>\n2.Bogy\u00f3s j\u00e9g<br \/>\n3.\u00c1fonya r\u00e1g\u00f3<br \/>\n4.Cseresznye fiesta<br \/>\n5.Sz\u0151l\u0151 puncs<br \/>\n6.Eper g\u00f6r\u00f6gdinnye<br \/>\n7.Mang\u00f3 fagyaszt\u00e1s<br \/>\n8.Eper puncs<br \/>\n9.Mang\u00f3 anan\u00e1sz<br \/>\n10.\u00c1fonya m\u00e1lna<br \/>\n11.K\u00e9t alma<br \/>\n12. Love 66<\/p>\n<\/div>\n<\/div>\n<\/div>\n<\/div>\n<\/div>\n<\/div>\n<\/div>\n<\/div>\n<\/article>\n<\/div>\n<\/div>\n<\/div>\n<\/div>\n<\/div>\n<\/div>\n<\/div>\n<\/div>\n<\/div>\n<\/div>\n<\/article>\n<h2>Mi\u00e9rt v\u00e1lassza a Vapestornad\u00f3t, ha Alfakh Crown Bar 20000 Puffs term\u00e9ket szeretne v\u00e1s\u00e1rolni?<\/h2>\n<div class=\"flex-shrink-0 flex flex-col relative items-end\">\n<div class=\"pt-0\">\n<div class=\"gizmo-bot-avatar flex h-8 w-8 items-center justify-center overflow-hidden rounded-full\">\n<div class=\"relative p-1 rounded-sm flex items-center justify-center bg-token-main-surface-primary text-token-text-primary h-8 w-8\">\n<p>At\u00a0<strong>VapeTornado<\/strong>b\u00fcszk\u00e9k vagyunk arra, hogy\u00a0<strong>pr\u00e9mium vaping term\u00e9keket k\u00edn\u00e1lunk verhetetlen \u00e1ron<\/strong>\u2014 \u00e9s az Alfakh Crown Bar 20000 sem kiv\u00e9tel! Ez\u00e9rt v\u00e1s\u00e1roljon t\u0151l\u00fcnk:<\/p>\n<p><strong>Legjobb Nagykereskedelmi \u00c1rak<\/strong>\u00a0\u2013 Mi k\u00edn\u00e1lunk\u00a0<strong>versenyk\u00e9pes t\u00f6meges \u00e1rat<\/strong><span style=\"font-size: 16px;\">, \u00edgy mi vagyunk a legjobb v\u00e1laszt\u00e1s viszontelad\u00f3knak \u00e9s vape \u00fczleteknek.<\/span><\/p>\n<p><strong>Gyors<\/strong>\u00a0\u2013 Rendel\u00e9s\u00e9t k\u00e9zbes\u00edtj\u00fck\u00a0<strong>gyorsan \u00e9s biztons\u00e1gosan<\/strong>, vil\u00e1gszerte el\u00e9rhet\u0151 sz\u00e1ll\u00edt\u00e1si lehet\u0151s\u00e9gekkel.<br \/>\n<strong>100% Eredeti Term\u00e9kek<\/strong>\u00a0\u2013 Nincsenek ut\u00e1nzatok \u2013 csak\u00a0<strong>eredeti WASPE Triple eldobhat\u00f3 term\u00e9kek<\/strong>\u00a0ellen\u0151rz\u00f6tt min\u0151s\u00e9ggel.<br \/>\n<strong>Kiv\u00e1l\u00f3 \u00dcgyf\u00e9lszolg\u00e1lat<\/strong>\u00a0\u2013 K\u00e9rd\u00e9se van? A mi\u00a0<strong>vape szak\u00e9rt\u0151ink<\/strong> a nap 24 \u00f3r\u00e1j\u00e1ban k\u00e9szen \u00e1llnak a seg\u00edts\u00e9g\u00e9re.<\/p>\n<p data-start=\"559\" data-end=\"933\" data-is-last-node=\"\" data-is-only-node=\"\">Van n\u00e9h\u00e1ny m\u00e1s n\u00e9pszer\u0171, kijelz\u0151vel ell\u00e1tott vape term\u00e9k\u00fcnk is, mint p\u00e9ld\u00e1ul a <a href=\"https:\/\/vapestornado.com\/hu\/product\/vapme-goat-40000-puff-40k-hookah-shisha-pen-price-wholesale-e-cigarette\/\">Vapme Kecske 40000 Shisha<\/a>, <a href=\"https:\/\/vapestornado.com\/hu\/product\/waspe-aiviou-3-in-1-60000-puffs-disposable-vape-kit-best-price\/\">WASPE 60000 3 az 1-ben<\/a>, <a href=\"https:\/\/vapestornado.com\/hu\/product\/bang-king-30000-pro-puff-30k-disposable-device-wholesale-price\/\">Bang King Pro 30000<\/a>, \u00e9s m\u00e9g sok m\u00e1s.<\/p>\n<\/div>\n<div class=\"relative p-1 rounded-sm flex items-center justify-center bg-token-main-surface-primary text-token-text-primary h-8 w-8\">\n<h2>GYIK a Crown Bar 20000-r\u0151l<\/h2>\n<ol data-start=\"1081\" data-end=\"1935\">\n<li class=\"\" data-start=\"1081\" data-end=\"1330\">\n<p class=\"\" data-start=\"1084\" data-end=\"1330\"><strong data-start=\"1084\" data-end=\"1163\">Hogyan viszonyul az Alfakh Crown Bar 20000 egy hagyom\u00e1nyos v\u00edzipip\u00e1hoz?<\/strong><br data-start=\"1163\" data-end=\"1166\" \/>Ezt a vape-et \u00fagy tervezt\u00e9k, hogy <strong data-start=\"1194\" data-end=\"1255\">ut\u00e1nozza a hagyom\u00e1nyos v\u00edzipipa l\u00e1gys\u00e1g\u00e1t \u00e9s gazdags\u00e1g\u00e1t<\/strong> mik\u00f6zben hordozhat\u00f3, <strong data-start=\"1278\" data-end=\"1294\">\u00fajrat\u00f6lthet\u0151<\/strong>, \u00e9s <strong data-start=\"1300\" data-end=\"1327\">k\u00e9nyelmesen eldobhat\u00f3<\/strong>.<\/p>\n<\/li>\n<li class=\"\" data-start=\"1332\" data-end=\"1514\">\n<p class=\"\" data-start=\"1335\" data-end=\"1514\"><strong data-start=\"1335\" data-end=\"1381\">\u00dajrat\u00f6lthetem az Alfakh Crown Bar 20000-et?<\/strong><br data-start=\"1381\" data-end=\"1384\" \/>Igen! Rendelkezik egy <strong data-start=\"1406\" data-end=\"1430\">Type-C t\u00f6lt\u0151porttal<\/strong>,lehet\u0151v\u00e9 t\u00e9ve <strong data-start=\"1445\" data-end=\"1478\">gyors \u00e9s hat\u00e9kony \u00fajrat\u00f6lt\u00e9st<\/strong> \u00edgy minden egyes slukkot \u00e9lvezhetsz.<\/p>\n<\/li>\n<li class=\"\" data-start=\"1516\" data-end=\"1717\">\n<p class=\"\" data-start=\"1519\" data-end=\"1717\"><strong data-start=\"1519\" data-end=\"1566\">Hogyan \u00e1ll\u00edthatom be a l\u00e9g\u00e1raml\u00e1st ezen a k\u00e9sz\u00fcl\u00e9ken?<\/strong><br data-start=\"1566\" data-end=\"1569\" \/>A <strong data-start=\"1576\" data-end=\"1605\">\u00e1ll\u00edthat\u00f3 l\u00e9g\u00e1raml\u00e1si rendszer<\/strong> lehet\u0151v\u00e9 teszi a bel\u00e9gz\u00e9s szab\u00e1lyoz\u00e1s\u00e1t, \u00edgy <strong data-start=\"1645\" data-end=\"1682\">szorosabb, mint egy hagyom\u00e1nyos v\u00edzipipa<\/strong> or <strong data-start=\"1686\" data-end=\"1714\">laz\u00e1bb a nagyobb felh\u0151k \u00e9rdek\u00e9ben<\/strong>.<\/p>\n<\/li>\n<li class=\"\" data-start=\"1719\" data-end=\"1935\">\n<p class=\"\" data-start=\"1722\" data-end=\"1935\"><strong data-start=\"1722\" data-end=\"1786\">Honnan tudom, hogy az Alfakh Crown Bar 20000-em lemer\u00fcl\u0151ben van?<\/strong><br data-start=\"1786\" data-end=\"1789\" \/>A <strong data-start=\"1796\" data-end=\"1822\">Ez az eszk\u00f6z nem csak j\u00f3l teljes\u00edt \u2013 j\u00f3l is n\u00e9z ki. Egy karcs\u00fa,<\/strong> mutatja <strong data-start=\"1829\" data-end=\"1860\">akkumul\u00e1tor \u00e9s az e-liquid szintj\u00e9t<\/strong>, \u00edgy mindig tudni fogja, mikor van itt az ideje az eszk\u00f6z \u00fajrat\u00f6lt\u00e9s\u00e9nek vagy cser\u00e9j\u00e9nek.<\/p>\n<\/li>\n<\/ol>\n<\/div>\n<\/div>\n<\/div>\n<\/div>","protected":false},"excerpt":{"rendered":"<p class=\"LC20lb MBeuO DKV0Md\">Alfakh Crown Bar 20000 Eldobhat\u00f3 Vape R\u00fad Olcs\u00f3 \u00c1r<br \/>\nAl Fakher Crown Bar 20000 Eldobhat\u00f3 V\u00edzipipa K\u00e9szlet Nagykeresked\u00e9s<br \/>\nDigit\u00e1lis Eldobhat\u00f3 Shisha R\u00fad Alfakh Crown Bar 20000 Gy\u00e1ri K\u00f6zvetlen \u00c9rt\u00e9kes\u00edt\u00e9s<\/p>\n<p><strong>Add hozz\u00e1 Amy whatsappj\u00e1t, hogy azonnali v\u00e1laszt \u00e9s kedvezm\u00e9nyes \u00e1rat kapj!<\/strong><\/p>\n<p><img fetchpriority=\"high\" decoding=\"async\" class=\"size-full wp-image-2932\" src=\"https:\/\/vapestornado.com\/wp-content\/uploads\/2024\/12\/Vape-Wholesale.jpg\" alt=\"Vape nagykereskedelem\" width=\"229\" height=\"300\" \/><\/p>\n<h3><a href=\"https:\/\/wa.me\/8617776015835\"><span style=\"color: #ff0000;\"><strong>WhatsApp: +86 17776015835<\/strong><\/span><\/a><\/h3>\n<p>&nbsp;<\/p>","protected":false},"featured_media":4061,"comment_status":"open","ping_status":"closed","template":"","meta":{"_acf_changed":false,"_uag_custom_page_level_css":"","_lmt_disableupdate":"no","_lmt_disable":"","_monsterinsights_skip_tracking":false,"_monsterinsights_sitenote_active":false,"_monsterinsights_sitenote_note":"","_monsterinsights_sitenote_category":0,"site-sidebar-layout":"default","site-content-layout":"","ast-site-content-layout":"default","site-content-style":"default","site-sidebar-style":"default","ast-global-header-display":"","ast-banner-title-visibility":"","ast-main-header-display":"","ast-hfb-above-header-display":"","ast-hfb-below-header-display":"","ast-hfb-mobile-header-display":"","site-post-title":"","ast-breadcrumbs-content":"","ast-featured-img":"","footer-sml-layout":"","ast-disable-related-posts":"","theme-transparent-header-meta":"default","adv-header-id-meta":"","stick-header-meta":"","header-above-stick-meta":"","header-main-stick-meta":"","header-below-stick-meta":"","astra-migrate-meta-layouts":"set","ast-page-background-enabled":"default","ast-page-background-meta":{"desktop":{"background-color":"","background-image":"","background-repeat":"repeat","background-position":"center center","background-size":"auto","background-attachment":"scroll","background-type":"","background-media":"","overlay-type":"","overlay-color":"","overlay-opacity":"","overlay-gradient":""},"tablet":{"background-color":"","background-image":"","background-repeat":"repeat","background-position":"center center","background-size":"auto","background-attachment":"scroll","background-type":"","background-media":"","overlay-type":"","overlay-color":"","overlay-opacity":"","overlay-gradient":""},"mobile":{"background-color":"","background-image":"","background-repeat":"repeat","background-position":"center center","background-size":"auto","background-attachment":"scroll","background-type":"","background-media":"","overlay-type":"","overlay-color":"","overlay-opacity":"","overlay-gradient":""}},"ast-content-background-meta":{"desktop":{"background-color":"var(--ast-global-color-5)","background-image":"","background-repeat":"repeat","background-position":"center center","background-size":"auto","background-attachment":"scroll","background-type":"","background-media":"","overlay-type":"","overlay-color":"","overlay-opacity":"","overlay-gradient":""},"tablet":{"background-color":"var(--ast-global-color-5)","background-image":"","background-repeat":"repeat","background-position":"center center","background-size":"auto","background-attachment":"scroll","background-type":"","background-media":"","overlay-type":"","overlay-color":"","overlay-opacity":"","overlay-gradient":""},"mobile":{"background-color":"var(--ast-global-color-5)","background-image":"","background-repeat":"repeat","background-position":"center center","background-size":"auto","background-attachment":"scroll","background-type":"","background-media":"","overlay-type":"","overlay-color":"","overlay-opacity":"","overlay-gradient":""}},"_joinchat":{"telephone":"17776015835"}},"product_brand":[],"product_cat":[69,158,147,61],"product_tag":[317,318,105,316,313],"class_list":{"0":"post-4068","1":"product","2":"type-product","3":"status-publish","4":"has-post-thumbnail","6":"product_cat-20000-puff","7":"product_cat-buy-disposable-vapes-in-spain","8":"product_cat-shisha-hookah-disposable-vapes","9":"product_cat-vapme-shisha","10":"product_tag-al-fakher-crown-bar","11":"product_tag-alfakher-crown-bar-20000","12":"product_tag-digital-disposable-vape","13":"product_tag-disposable-shisha-bar","14":"product_tag-vape-with-digital-screen","15":"desktop-align-left","16":"tablet-align-left","17":"mobile-align-left","19":"first","20":"instock","21":"sale","22":"shipping-taxable","23":"purchasable","24":"product-type-simple"},"acf":[],"uagb_featured_image_src":{"full":["https:\/\/vapestornado.com\/wp-content\/uploads\/2025\/04\/AlFakher-Crown-Bar-20000-Puffs-Airflow-Control-Vape.webp",800,800,false],"thumbnail":["https:\/\/vapestornado.com\/wp-content\/uploads\/2025\/04\/AlFakher-Crown-Bar-20000-Puffs-Airflow-Control-Vape-150x150.webp",150,150,true],"medium":["https:\/\/vapestornado.com\/wp-content\/uploads\/2025\/04\/AlFakher-Crown-Bar-20000-Puffs-Airflow-Control-Vape-300x300.webp",300,300,true],"medium_large":["https:\/\/vapestornado.com\/wp-content\/uploads\/2025\/04\/AlFakher-Crown-Bar-20000-Puffs-Airflow-Control-Vape-768x768.webp",768,768,true],"large":["https:\/\/vapestornado.com\/wp-content\/uploads\/2025\/04\/AlFakher-Crown-Bar-20000-Puffs-Airflow-Control-Vape.webp",800,800,false],"1536x1536":["https:\/\/vapestornado.com\/wp-content\/uploads\/2025\/04\/AlFakher-Crown-Bar-20000-Puffs-Airflow-Control-Vape.webp",800,800,false],"2048x2048":["https:\/\/vapestornado.com\/wp-content\/uploads\/2025\/04\/AlFakher-Crown-Bar-20000-Puffs-Airflow-Control-Vape.webp",800,800,false],"trp-custom-language-flag":["https:\/\/vapestornado.com\/wp-content\/uploads\/2025\/04\/AlFakher-Crown-Bar-20000-Puffs-Airflow-Control-Vape.webp",12,12,false],"woocommerce_thumbnail":["https:\/\/vapestornado.com\/wp-content\/uploads\/2025\/04\/AlFakher-Crown-Bar-20000-Puffs-Airflow-Control-Vape-300x300.webp",300,300,true],"woocommerce_single":["https:\/\/vapestornado.com\/wp-content\/uploads\/2025\/04\/AlFakher-Crown-Bar-20000-Puffs-Airflow-Control-Vape-600x600.webp",600,600,true],"woocommerce_gallery_thumbnail":["https:\/\/vapestornado.com\/wp-content\/uploads\/2025\/04\/AlFakher-Crown-Bar-20000-Puffs-Airflow-Control-Vape-100x100.webp",100,100,true]},"uagb_author_info":{"display_name":"ESAMY","author_link":"https:\/\/vapestornado.com\/hu\/author\/"},"uagb_comment_info":0,"uagb_excerpt":"Alfakh Crown Bar 20000 Disposable Vape Bar Cheap Price Al Fakher Crown Bar 20000 Disposable Hookah Kit Wholesale Digital Disposables Shisha Bar Alfakh Crown Bar 20000 Factory Direct Sale Add Amy's whatsapp to get right reply and discount price! WhatsApp: +86 17776015835 &nbsp;","_links":{"self":[{"href":"https:\/\/vapestornado.com\/hu\/wp-json\/wp\/v2\/product\/4068","targetHints":{"allow":["GET"]}}],"collection":[{"href":"https:\/\/vapestornado.com\/hu\/wp-json\/wp\/v2\/product"}],"about":[{"href":"https:\/\/vapestornado.com\/hu\/wp-json\/wp\/v2\/types\/product"}],"replies":[{"embeddable":true,"href":"https:\/\/vapestornado.com\/hu\/wp-json\/wp\/v2\/comments?post=4068"}],"wp:featuredmedia":[{"embeddable":true,"href":"https:\/\/vapestornado.com\/hu\/wp-json\/wp\/v2\/media\/4061"}],"wp:attachment":[{"href":"https:\/\/vapestornado.com\/hu\/wp-json\/wp\/v2\/media?parent=4068"}],"wp:term":[{"taxonomy":"product_brand","embeddable":true,"href":"https:\/\/vapestornado.com\/hu\/wp-json\/wp\/v2\/product_brand?post=4068"},{"taxonomy":"product_cat","embeddable":true,"href":"https:\/\/vapestornado.com\/hu\/wp-json\/wp\/v2\/product_cat?post=4068"},{"taxonomy":"product_tag","embeddable":true,"href":"https:\/\/vapestornado.com\/hu\/wp-json\/wp\/v2\/product_tag?post=4068"}],"curies":[{"name":"wp","href":"https:\/\/api.w.org\/{rel}","templated":true}]}}