{"id":4056,"date":"2025-04-02T09:32:30","date_gmt":"2025-04-02T09:32:30","guid":{"rendered":"https:\/\/vapestornado.com\/?post_type=product&#038;p=4056"},"modified":"2025-08-23T12:03:58","modified_gmt":"2025-08-23T12:03:58","slug":"elfbar-planet-25000-wholesale-disposable-vape-kit-with-digital-screen","status":"publish","type":"product","link":"https:\/\/vapestornado.com\/hu\/product\/elfbar-planet-25000-wholesale-disposable-vape-kit-with-digital-screen\/","title":{"rendered":"ELFBAR Planet 25000 Nagykereskedelmi Eldobhat\u00f3 Vape K\u00e9szlet Digit\u00e1lis K\u00e9perny\u0151vel"},"content":{"rendered":"<h1 data-pm-slice=\"1 1 []\">ELFBAR Planet 25000 Nagykereskedelmi Eldobhat\u00f3 Vape K\u00e9szlet Digit\u00e1lis K\u00e9perny\u0151vel<\/h1>\n<p class=\"\" data-start=\"105\" data-end=\"610\">A <strong data-start=\"303\" data-end=\"342\">ELFBAR Planet 25000 Eldobhat\u00f3 Vape<\/strong> a pr\u00e9mium, hossz\u00fa \u00e9lettartam\u00fa, modern funkci\u00f3kkal rendelkez\u0151 k\u00e9sz\u00fcl\u00e9ket keres\u0151 nagykeresked\u0151k \u00e9s kiskeresked\u0151k sz\u00e1m\u00e1ra k\u00e9sz\u00fclt. Ak\u00e1r <strong data-start=\"460\" data-end=\"476\">25 000 sz\u00edv\u00e1snyi<\/strong>-ig terjed\u0151 sz\u00edv\u00e1ssal, el\u0151re t\u00f6ltve \u00e9rkezik <strong data-start=\"503\" data-end=\"523\">18 ml e-liquiddel<\/strong> 5%-os nikotiner\u0151ss\u00e9ggel, amely sima \u00e9s er\u0151teljes p\u00e1rol\u00e1si \u00e9lm\u00e9nyt biztos\u00edt.<\/p>\n<p>Mit\u0151l egyedi a Bang Vape 35000? <strong data-start=\"608\" data-end=\"631\">digit\u00e1lis LED kijelz\u0151<\/strong> val\u00f3s idej\u0171 friss\u00edt\u00e9seket ny\u00fajt az akkumul\u00e1tor- \u00e9s e-liquidszintr\u0151l, m\u00edg a <strong data-start=\"700\" data-end=\"739\">\u00e1ll\u00edthat\u00f3 teljes\u00edtm\u00e9nybe\u00e1ll\u00edt\u00e1sok (13W\u201325W)<\/strong> rugalmass\u00e1got biztos\u00edtanak az \u00edzintenzit\u00e1s \u00e9s a g\u0151zfelh\u0151 k\u00e9pz\u0151d\u00e9s szempontj\u00e1b\u00f3l. Egy <strong data-start=\"822\" data-end=\"853\">800mAh-s \u00fajrat\u00f6lthet\u0151 akkumul\u00e1tor<\/strong> gyors <strong data-start=\"864\" data-end=\"883\">\u00e9s a Type-C t\u00f6lt\u00e9s<\/strong>\u00e1ltal m\u0171k\u00f6dtetett ELFBAR Planet megb\u00edzhat\u00f3 teljes\u00edtm\u00e9nyt garant\u00e1l.<\/p>\n<p>Eleg\u00e1ns kialak\u00edt\u00e1s\u00e1val, <strong data-start=\"968\" data-end=\"993\">kett\u0151s h\u00e1l\u00f3s tekercs rendszer<\/strong>, \u00e9s versenyk\u00e9pes <strong data-start=\"1011\" data-end=\"1032\">nagykereskedelmi \u00e1raz\u00e1si<\/strong>, ez a k\u00e9sz\u00fcl\u00e9k nyeres\u00e9ges kieg\u00e9sz\u00edt\u0151je a vape-forgalmaz\u00f3knak \u00e9s \u00fczlettulajdonosoknak, akik st\u00edlusos \u00e9s tartalmas, nagy kapacit\u00e1s\u00fa eldobhat\u00f3 term\u00e9ket szeretn\u00e9nek k\u00edn\u00e1lni.<\/p>\n<p data-start=\"666\" data-end=\"1235\"><strong style=\"font-size: 16px;\"><span style=\"color: #ff0000;\">Add hozz\u00e1 Amy WhatsApp-j\u00e1t, hogy azonnali v\u00e1laszt \u00e9s kedvezm\u00e9nyes \u00e1rat kapj!<\/span><\/strong><\/p>\n<p><img fetchpriority=\"high\" decoding=\"async\" class=\"size-full wp-image-2932\" src=\"https:\/\/vapestornado.com\/wp-content\/uploads\/2024\/12\/Vape-Wholesale.jpg\" alt=\"Vape nagykereskedelem\" width=\"229\" height=\"300\" \/><\/p>\n<h3><a href=\"https:\/\/wa.me\/8617776015835\" target=\"_blank\" rel=\"noopener\"><span style=\"color: #ff0000;\"><strong>WhatsApp: +86 17776015835<\/strong><\/span><\/a><\/h3>\n<p>&nbsp;<\/p>\n<h2><strong>ELFBAR Planet 25000 F\u0151bb term\u00e9kjellemz\u0151k<\/strong><\/h2>\n<p>M\u00e1rka: Elf Bar<br \/>\nModell: PLANET 25000<br \/>\nF\u00faj\u00e1sok: 25000<br \/>\nNikotin er\u0151ss\u00e9ge: 5% (50 mg)<br \/>\nFolyad\u00e9k t\u00e9rfogata: 18 ml<br \/>\nAkkumul\u00e1tor<br \/>\nAkkumul\u00e1tor kapacit\u00e1sa: 800mAh<br \/>\nModern USB-C t\u00f6lt\u00e9s<br \/>\n\u00c1ll\u00edthat\u00f3 teljes\u00edtm\u00e9ny<\/p>\n<h2 class=\"product-title\"><strong>ELF BAR Planet 25000 eldobhat\u00f3 k\u00e9sz\u00fcl\u00e9kek \u00edzlista<\/strong><\/h2>\n<article class=\"w-full text-token-text-primary focus-visible:outline-2 focus-visible:outline-offset-[-4px]\" dir=\"auto\" data-testid=\"conversation-turn-32\" data-scroll-anchor=\"false\">\n<div class=\"m-auto text-base py-[18px] px-6\">\n<div class=\"mx-auto flex flex-1 text-base gap-4 md:gap-5 lg:gap-6 md:max-w-3xl lg:max-w-[40rem] xl:max-w-[48rem]\">\n<div class=\"group\/conversation-turn relative flex w-full min-w-0 flex-col @xs\/thread:px-0 @sm\/thread:px-1.5 @md\/thread:px-4\">\n<div class=\"flex-col gap-1 md:gap-3\">\n<div class=\"flex max-w-full flex-col flex-grow\">\n<div class=\"min-h-8 text-message flex w-full flex-col items-end gap-2 whitespace-normal break-words text-start [.text-message+&amp;]:mt-5\" dir=\"auto\" data-message-author-role=\"user\" data-message-id=\"ffac41ca-1db4-431b-873a-32c4052956f1\">\n<div class=\"flex w-full flex-col gap-1 empty:hidden items-end rtl:items-start\">\n<div class=\"relative max-w-[var(--user-chat-width,70%)] rounded-3xl bg-token-message-surface px-5 py-2.5\">\n<div class=\"absolute bottom-0 right-full top-0 -mr-3.5 hidden pr-5 pt-2 [.group\/conversation-turn:hover_&amp;]:flex\">\n<div class=\"flex\">\n<article class=\"w-full text-token-text-primary focus-visible:outline-2 focus-visible:outline-offset-[-4px]\" dir=\"auto\" data-testid=\"conversation-turn-39\" data-scroll-anchor=\"true\">\n<div class=\"m-auto text-base py-[18px] px-6\">\n<div class=\"mx-auto flex flex-1 text-base gap-4 md:gap-5 lg:gap-6 md:max-w-3xl lg:max-w-[40rem] xl:max-w-[48rem]\">\n<div class=\"group\/conversation-turn relative flex w-full min-w-0 flex-col agent-turn @xs\/thread:px-0 @sm\/thread:px-1.5 @md\/thread:px-4\">\n<div class=\"flex-col gap-1 md:gap-3\">\n<div class=\"flex max-w-full flex-col flex-grow\">\n<div class=\"min-h-8 text-message flex w-full flex-col items-end gap-2 whitespace-normal break-words text-start [.text-message+&amp;]:mt-5\" dir=\"auto\" data-message-author-role=\"assistant\" data-message-id=\"55a23854-ec57-48dd-bd4f-6118f43d6241\" data-message-model-slug=\"gpt-4o\">\n<div class=\"flex w-full flex-col gap-1 empty:hidden first:pt-[3px]\">\n<div class=\"markdown prose w-full break-words dark:prose-invert light\">\n<p>1 G\u00f6r\u00f6gdinnye<br \/>\n2 Sz\u0151l\u0151<br \/>\n3 Dupla alma<br \/>\n4 K\u00e9k M\u00e1lna J\u00e9g<br \/>\n5 Grapefruit Z\u00f6ld Tea<br \/>\n6 J\u00e1zmin M\u00e1lna<br \/>\n7 Feh\u00e9r \u0150szibarack Baja Splash<br \/>\n8 G\u00f6r\u00f6gdinnye Cseresznye<br \/>\n9 Savany\u00fa Szeder \u00c1fonya<br \/>\n10 Cseresznye Lime<br \/>\n11 Anan\u00e1sz G\u00f6r\u00f6gdinnye<br \/>\n12 Anan\u00e1sz Maracuja Baja<br \/>\n13 Eper \u0150szibarack+<br \/>\n14 V\u00f6r\u00f6s\u00e1fonya Narancs Baja Splash<br \/>\n15 Dupla \u0150szibarack Lime<br \/>\n16 Tr\u00f3pusi Sziv\u00e1rv\u00e1ny Robban\u00e1s<\/p>\n<figure id=\"attachment_4055\" aria-describedby=\"caption-attachment-4055\" style=\"width: 800px\" class=\"wp-caption alignnone\"><img decoding=\"async\" class=\"wp-image-4055 size-full\" src=\"https:\/\/vapestornado.com\/wp-content\/uploads\/2025\/04\/ELFBAR-Planet-25000-Wholesale-Price.webp\" alt=\"ELFBAR Planet 25000 Nagykereskedelmi \u00c1r\" width=\"800\" height=\"800\" srcset=\"https:\/\/vapestornado.com\/wp-content\/uploads\/2025\/04\/ELFBAR-Planet-25000-Wholesale-Price.webp 800w, https:\/\/vapestornado.com\/wp-content\/uploads\/2025\/04\/ELFBAR-Planet-25000-Wholesale-Price-300x300.webp 300w, https:\/\/vapestornado.com\/wp-content\/uploads\/2025\/04\/ELFBAR-Planet-25000-Wholesale-Price-150x150.webp 150w, https:\/\/vapestornado.com\/wp-content\/uploads\/2025\/04\/ELFBAR-Planet-25000-Wholesale-Price-768x768.webp 768w, https:\/\/vapestornado.com\/wp-content\/uploads\/2025\/04\/ELFBAR-Planet-25000-Wholesale-Price-600x600.webp 600w, https:\/\/vapestornado.com\/wp-content\/uploads\/2025\/04\/ELFBAR-Planet-25000-Wholesale-Price-100x100.webp 100w\" sizes=\"(max-width: 800px) 100vw, 800px\" \/><figcaption id=\"caption-attachment-4055\" class=\"wp-caption-text\">ELFBAR Planet 25000 Nagykereskedelmi \u00c1r<\/figcaption><\/figure>\n<\/div>\n<\/div>\n<\/div>\n<\/div>\n<\/div>\n<\/div>\n<\/div>\n<\/div>\n<\/article>\n<\/div>\n<\/div>\n<\/div>\n<\/div>\n<\/div>\n<\/div>\n<\/div>\n<\/div>\n<\/div>\n<\/div>\n<\/article>\n<h2>Mi\u00e9rt v\u00e1lassza a Vapestornad\u00f3t az ELFBAR Planet 25000 v\u00e1s\u00e1rl\u00e1s\u00e1hoz?<\/h2>\n<div class=\"flex-shrink-0 flex flex-col relative items-end\">\n<div class=\"pt-0\">\n<div class=\"gizmo-bot-avatar flex h-8 w-8 items-center justify-center overflow-hidden rounded-full\">\n<div class=\"relative p-1 rounded-sm flex items-center justify-center bg-token-main-surface-primary text-token-text-primary h-8 w-8\">\n<p>At\u00a0<strong>VapeTornado<\/strong>b\u00fcszk\u00e9k vagyunk arra, hogy\u00a0<strong>pr\u00e9mium vaping term\u00e9keket k\u00edn\u00e1lunk verhetetlen \u00e1ron<\/strong>\u2014\u00e9s az ELFBAR Planet 25000 sem kiv\u00e9tel! \u00cdme, mi\u00e9rt \u00e9rdemes t\u0151l\u00fcnk v\u00e1s\u00e1rolni:<\/p>\n<p><strong>Legjobb Nagykereskedelmi \u00c1rak<\/strong>\u00a0\u2013 Mi k\u00edn\u00e1lunk\u00a0<strong>versenyk\u00e9pes t\u00f6meges \u00e1rat<\/strong><span style=\"font-size: 16px;\">, \u00edgy mi vagyunk a legjobb v\u00e1laszt\u00e1s viszontelad\u00f3knak \u00e9s vape \u00fczleteknek.<\/span><\/p>\n<p><strong>Gyors<\/strong>\u00a0\u2013 Rendel\u00e9s\u00e9t k\u00e9zbes\u00edtj\u00fck\u00a0<strong>gyorsan \u00e9s biztons\u00e1gosan<\/strong>, vil\u00e1gszerte el\u00e9rhet\u0151 sz\u00e1ll\u00edt\u00e1si lehet\u0151s\u00e9gekkel.<br \/>\n<strong>100% Eredeti Term\u00e9kek<\/strong>\u00a0\u2013 Nincsenek ut\u00e1nzatok \u2013 csak\u00a0<strong>eredeti WASPE Triple eldobhat\u00f3 term\u00e9kek<\/strong>\u00a0ellen\u0151rz\u00f6tt min\u0151s\u00e9ggel.<br \/>\n<strong>Kiv\u00e1l\u00f3 \u00dcgyf\u00e9lszolg\u00e1lat<\/strong>\u00a0\u2013 K\u00e9rd\u00e9se van? A mi\u00a0<strong>vape szak\u00e9rt\u0151ink<\/strong> a nap 24 \u00f3r\u00e1j\u00e1ban k\u00e9szen \u00e1llnak a seg\u00edts\u00e9g\u00e9re.<\/p>\n<p data-start=\"559\" data-end=\"933\" data-is-last-node=\"\" data-is-only-node=\"\">Van n\u00e9h\u00e1ny m\u00e1s n\u00e9pszer\u0171, kijelz\u0151vel ell\u00e1tott vape term\u00e9k\u00fcnk is, mint p\u00e9ld\u00e1ul a <a href=\"https:\/\/vapestornado.com\/hu\/product\/vapme-goat-40000-puff-40k-hookah-shisha-pen-price-wholesale-e-cigarette\/\">Vapme Kecske 40000 Shisha<\/a>, <a href=\"https:\/\/vapestornado.com\/hu\/product\/2025-new-vopk-ultra-40000-puffs-double-flavor-disposable-vape-factory-suppliers\/\">VOPK 40000 2 az 1-ben Eldobhat\u00f3 Vape<\/a>, <a href=\"https:\/\/vapestornado.com\/hu\/product\/bang-beach-22000-20k-puff-disposable-vape-pen-with-screen-reddit-hot\/\">Bang Beach 22000<\/a>, \u00e9s m\u00e9g sok m\u00e1s.<\/p>\n<\/div>\n<div class=\"relative p-1 rounded-sm flex items-center justify-center bg-token-main-surface-primary text-token-text-primary h-8 w-8\">\n<h2>GYIK<\/h2>\n<h3 class=\"\" data-start=\"2124\" data-end=\"2138\"><\/h3>\n<ol data-start=\"2140\" data-end=\"3057\">\n<li class=\"\" data-start=\"2140\" data-end=\"2390\">\n<p class=\"\" data-start=\"2143\" data-end=\"2390\"><strong data-start=\"2143\" data-end=\"2209\">Hogyan \u00e1ll\u00edthatom be a teljes\u00edtm\u00e9nyt az ELFBAR Planet 25000-en?<\/strong><br data-start=\"2209\" data-end=\"2212\" \/>Az eszk\u00f6z rendelkezik <strong data-start=\"2235\" data-end=\"2273\">\u00e1ll\u00edthat\u00f3 teljes\u00edtm\u00e9nnyel 13W-t\u00f3l 25W-ig<\/strong>. A teljes\u00edtm\u00e9nyt a <strong data-start=\"2320\" data-end=\"2352\">az alj\u00e1n tal\u00e1lhat\u00f3 vez\u00e9rl\u0151gombbal<\/strong> a testreszabott vaping \u00e9lm\u00e9ny\u00e9rt.<\/p>\n<\/li>\n<li class=\"\" data-start=\"2392\" data-end=\"2607\">\n<p class=\"\" data-start=\"2395\" data-end=\"2607\"><strong data-start=\"2395\" data-end=\"2450\">Mennyi ideig b\u00edrja az ELFBAR Planet 25000 akkumul\u00e1tora?<\/strong><br data-start=\"2450\" data-end=\"2453\" \/>A <strong data-start=\"2460\" data-end=\"2491\">800mAh-s \u00fajrat\u00f6lthet\u0151 akkumul\u00e1tor<\/strong> hosszabb haszn\u00e1latot biztos\u00edt, \u00e9s k\u00f6nnyen <strong data-start=\"2532\" data-end=\"2555\">\u00fajrat\u00f6lthet\u0151 USB-C-n kereszt\u00fcl<\/strong>, \u00edgy biztos\u00edtva, hogy eg\u00e9sz nap felt\u00f6ltve maradj.<\/p>\n<\/li>\n<li class=\"\" data-start=\"2609\" data-end=\"2842\">\n<p class=\"\" data-start=\"2612\" data-end=\"2842\"><strong data-start=\"2612\" data-end=\"2666\">Az ELFBAR Planet 25000 j\u00f3 az \u00edzek szerelmeseinek?<\/strong><br data-start=\"2666\" data-end=\"2669\" \/>Teljesen! A <strong data-start=\"2689\" data-end=\"2708\">dupla h\u00e1l\u00f3s tekercsek<\/strong> \u00e9s a <strong data-start=\"2713\" data-end=\"2735\">szab\u00e1lyozhat\u00f3 l\u00e9g\u00e1raml\u00e1ssal<\/strong>, ez biztos\u00edtja <strong data-start=\"2749\" data-end=\"2776\">intenz\u00edv, l\u00e1gy \u00edzek<\/strong> \u00e9s a <strong data-start=\"2781\" data-end=\"2806\">gazdag g\u0151ztermel\u00e9s<\/strong> a kiv\u00e1l\u00f3 vaping \u00e9lm\u00e9ny\u00e9rt.<\/p>\n<\/li>\n<li class=\"\" data-start=\"2844\" data-end=\"3057\">\n<p class=\"\" data-start=\"2847\" data-end=\"3057\"><strong data-start=\"2847\" data-end=\"2898\">Felvihetem az ELFBAR Planet 25000-et egy rep\u00fcl\u0151g\u00e9pre?<\/strong><br data-start=\"2898\" data-end=\"2901\" \/>Igen, de kell <strong data-start=\"2922\" data-end=\"2955\">a k\u00e9zipoggy\u00e1sz\u00e1ban t\u00e1rolja<\/strong> a l\u00e9git\u00e1rsas\u00e1g szab\u00e1lyoz\u00e1s\u00e1nak megfelel\u0151en. <strong data-start=\"2984\" data-end=\"3054\">Akkumul\u00e1tor biztons\u00e1gi okokb\u00f3l ne helyezze a feladott poggy\u00e1szba.<\/strong>.<\/p>\n<\/li>\n<\/ol>\n<\/div>\n<\/div>\n<\/div>\n<\/div>","protected":false},"excerpt":{"rendered":"<p class=\"LC20lb MBeuO DKV0Md\">A <strong data-start=\"1185\" data-end=\"1211\">ELFBAR Planet 25K Vape<\/strong> 25 000 slukk, digit\u00e1lis k\u00e9perny\u0151 \u00e9s \u00e1ll\u00edthat\u00f3 teljes\u00edtm\u00e9ny \u2013 ide\u00e1lis <strong data-start=\"1284\" data-end=\"1309\">nagykereskedelmi t\u00f6meges rendel\u00e9sekhez<\/strong> Eur\u00f3p\u00e1ban.<br \/>\nDigit\u00e1lis Eldobhat\u00f3 Vape ELF BAR Planet 25000 Gy\u00e1ri K\u00f6zvetlen \u00c1ron<\/p>\n<p><strong>Add hozz\u00e1 Amy whatsappj\u00e1t, hogy azonnali v\u00e1laszt \u00e9s kedvezm\u00e9nyes \u00e1rat kapj!<\/strong><\/p>\n<p><img fetchpriority=\"high\" decoding=\"async\" class=\"size-full wp-image-2932\" src=\"https:\/\/vapestornado.com\/wp-content\/uploads\/2024\/12\/Vape-Wholesale.jpg\" alt=\"Vape nagykereskedelem\" width=\"229\" height=\"300\" \/><\/p>\n<h3><a href=\"https:\/\/wa.me\/8617776015835\"><span style=\"color: #ff0000;\"><strong>WhatsApp: +86 17776015835<\/strong><\/span><\/a><\/h3>\n<p>&nbsp;<\/p>","protected":false},"featured_media":4050,"comment_status":"open","ping_status":"closed","template":"","meta":{"_acf_changed":false,"_uag_custom_page_level_css":"","_lmt_disableupdate":"no","_lmt_disable":"","_monsterinsights_skip_tracking":false,"_monsterinsights_sitenote_active":false,"_monsterinsights_sitenote_note":"","_monsterinsights_sitenote_category":0,"site-sidebar-layout":"default","site-content-layout":"","ast-site-content-layout":"default","site-content-style":"default","site-sidebar-style":"default","ast-global-header-display":"","ast-banner-title-visibility":"","ast-main-header-display":"","ast-hfb-above-header-display":"","ast-hfb-below-header-display":"","ast-hfb-mobile-header-display":"","site-post-title":"","ast-breadcrumbs-content":"","ast-featured-img":"","footer-sml-layout":"","ast-disable-related-posts":"","theme-transparent-header-meta":"default","adv-header-id-meta":"","stick-header-meta":"","header-above-stick-meta":"","header-main-stick-meta":"","header-below-stick-meta":"","astra-migrate-meta-layouts":"set","ast-page-background-enabled":"default","ast-page-background-meta":{"desktop":{"background-color":"","background-image":"","background-repeat":"repeat","background-position":"center center","background-size":"auto","background-attachment":"scroll","background-type":"","background-media":"","overlay-type":"","overlay-color":"","overlay-opacity":"","overlay-gradient":""},"tablet":{"background-color":"","background-image":"","background-repeat":"repeat","background-position":"center center","background-size":"auto","background-attachment":"scroll","background-type":"","background-media":"","overlay-type":"","overlay-color":"","overlay-opacity":"","overlay-gradient":""},"mobile":{"background-color":"","background-image":"","background-repeat":"repeat","background-position":"center center","background-size":"auto","background-attachment":"scroll","background-type":"","background-media":"","overlay-type":"","overlay-color":"","overlay-opacity":"","overlay-gradient":""}},"ast-content-background-meta":{"desktop":{"background-color":"var(--ast-global-color-5)","background-image":"","background-repeat":"repeat","background-position":"center center","background-size":"auto","background-attachment":"scroll","background-type":"","background-media":"","overlay-type":"","overlay-color":"","overlay-opacity":"","overlay-gradient":""},"tablet":{"background-color":"var(--ast-global-color-5)","background-image":"","background-repeat":"repeat","background-position":"center center","background-size":"auto","background-attachment":"scroll","background-type":"","background-media":"","overlay-type":"","overlay-color":"","overlay-opacity":"","overlay-gradient":""},"mobile":{"background-color":"var(--ast-global-color-5)","background-image":"","background-repeat":"repeat","background-position":"center center","background-size":"auto","background-attachment":"scroll","background-type":"","background-media":"","overlay-type":"","overlay-color":"","overlay-opacity":"","overlay-gradient":""}},"_joinchat":{"telephone":"17776015835"}},"product_brand":[],"product_cat":[68,156,254,146],"product_tag":[105,252,311,313,312],"class_list":{"0":"post-4056","1":"product","2":"type-product","3":"status-publish","4":"has-post-thumbnail","6":"product_cat-25000-puff","7":"product_cat-buy-disposable-vapes-in-poland","8":"product_cat-elf-bar-vape","9":"product_cat-rechargeable-disposable-vapes","10":"product_tag-digital-disposable-vape","11":"product_tag-elf-bar","12":"product_tag-elf-bar-planet-25000","13":"product_tag-vape-with-digital-screen","14":"product_tag-wholesale-disposable-vape-kit","15":"desktop-align-left","16":"tablet-align-left","17":"mobile-align-left","19":"first","20":"instock","21":"sale","22":"shipping-taxable","23":"purchasable","24":"product-type-simple"},"acf":[],"uagb_featured_image_src":{"full":["https:\/\/vapestornado.com\/wp-content\/uploads\/2025\/04\/ELF-BAR-Planet-25000-Disposable-Vape-Pen.webp",800,800,false],"thumbnail":["https:\/\/vapestornado.com\/wp-content\/uploads\/2025\/04\/ELF-BAR-Planet-25000-Disposable-Vape-Pen-150x150.webp",150,150,true],"medium":["https:\/\/vapestornado.com\/wp-content\/uploads\/2025\/04\/ELF-BAR-Planet-25000-Disposable-Vape-Pen-300x300.webp",300,300,true],"medium_large":["https:\/\/vapestornado.com\/wp-content\/uploads\/2025\/04\/ELF-BAR-Planet-25000-Disposable-Vape-Pen-768x768.webp",768,768,true],"large":["https:\/\/vapestornado.com\/wp-content\/uploads\/2025\/04\/ELF-BAR-Planet-25000-Disposable-Vape-Pen.webp",800,800,false],"1536x1536":["https:\/\/vapestornado.com\/wp-content\/uploads\/2025\/04\/ELF-BAR-Planet-25000-Disposable-Vape-Pen.webp",800,800,false],"2048x2048":["https:\/\/vapestornado.com\/wp-content\/uploads\/2025\/04\/ELF-BAR-Planet-25000-Disposable-Vape-Pen.webp",800,800,false],"trp-custom-language-flag":["https:\/\/vapestornado.com\/wp-content\/uploads\/2025\/04\/ELF-BAR-Planet-25000-Disposable-Vape-Pen.webp",12,12,false],"woocommerce_thumbnail":["https:\/\/vapestornado.com\/wp-content\/uploads\/2025\/04\/ELF-BAR-Planet-25000-Disposable-Vape-Pen-300x300.webp",300,300,true],"woocommerce_single":["https:\/\/vapestornado.com\/wp-content\/uploads\/2025\/04\/ELF-BAR-Planet-25000-Disposable-Vape-Pen-600x600.webp",600,600,true],"woocommerce_gallery_thumbnail":["https:\/\/vapestornado.com\/wp-content\/uploads\/2025\/04\/ELF-BAR-Planet-25000-Disposable-Vape-Pen-100x100.webp",100,100,true]},"uagb_author_info":{"display_name":"ESAMY","author_link":"https:\/\/vapestornado.com\/hu\/author\/"},"uagb_comment_info":0,"uagb_excerpt":"The ELFBAR Planet 25K Vape delivers 25,000 puffs, digital screen, and adjustable wattage\u2014ideal for wholesale bulk orders in Europe. Digital Disposable Vape ELF BAR Planet 25000 Factory Direct Price Add Amy's whatsapp to get right reply and discount price! WhatsApp: +86 17776015835 &nbsp;","_links":{"self":[{"href":"https:\/\/vapestornado.com\/hu\/wp-json\/wp\/v2\/product\/4056","targetHints":{"allow":["GET"]}}],"collection":[{"href":"https:\/\/vapestornado.com\/hu\/wp-json\/wp\/v2\/product"}],"about":[{"href":"https:\/\/vapestornado.com\/hu\/wp-json\/wp\/v2\/types\/product"}],"replies":[{"embeddable":true,"href":"https:\/\/vapestornado.com\/hu\/wp-json\/wp\/v2\/comments?post=4056"}],"wp:featuredmedia":[{"embeddable":true,"href":"https:\/\/vapestornado.com\/hu\/wp-json\/wp\/v2\/media\/4050"}],"wp:attachment":[{"href":"https:\/\/vapestornado.com\/hu\/wp-json\/wp\/v2\/media?parent=4056"}],"wp:term":[{"taxonomy":"product_brand","embeddable":true,"href":"https:\/\/vapestornado.com\/hu\/wp-json\/wp\/v2\/product_brand?post=4056"},{"taxonomy":"product_cat","embeddable":true,"href":"https:\/\/vapestornado.com\/hu\/wp-json\/wp\/v2\/product_cat?post=4056"},{"taxonomy":"product_tag","embeddable":true,"href":"https:\/\/vapestornado.com\/hu\/wp-json\/wp\/v2\/product_tag?post=4056"}],"curies":[{"name":"wp","href":"https:\/\/api.w.org\/{rel}","templated":true}]}}