{"id":4048,"date":"2025-03-29T10:23:46","date_gmt":"2025-03-29T10:23:46","guid":{"rendered":"https:\/\/vapestornado.com\/?post_type=product&#038;p=4048"},"modified":"2025-08-23T12:02:26","modified_gmt":"2025-08-23T12:02:26","slug":"mesii-vast-energy-30k-30000-puffs-airflow-adjustable-disposable-vape-bar-to-buy-germany","status":"publish","type":"product","link":"https:\/\/vapestornado.com\/hu\/product\/mesii-vast-energy-30k-30000-puffs-airflow-adjustable-disposable-vape-bar-to-buy-germany\/","title":{"rendered":"Mesii Vast Energy 30k 30000 Sz\u00edv\u00e1s L\u00e9g\u00e1raml\u00e1s \u00c1ll\u00edthat\u00f3 Eldobhat\u00f3 Vape Bar V\u00e1s\u00e1rl\u00e1s N\u00e9metorsz\u00e1g"},"content":{"rendered":"<h1 data-pm-slice=\"1 1 []\">Mesii Vast Energy 30k 30000 Sz\u00edv\u00e1s L\u00e9g\u00e1raml\u00e1s \u00c1ll\u00edthat\u00f3 Eldobhat\u00f3 Vape Bar V\u00e1s\u00e1rl\u00e1s N\u00e9metorsz\u00e1g<\/h1>\n<p>A <strong data-start=\"324\" data-end=\"373\">Mesii Vast Energy 30000 Puffs Eldobhat\u00f3 Vape<\/strong> er\u0151teljes v\u00e1laszt\u00e1s a n\u00e9metorsz\u00e1gi nagykeresked\u0151k \u00e9s vape kiskeresked\u0151k sz\u00e1m\u00e1ra, akik fejlett funkci\u00f3kat \u00e9s t\u00f6meges v\u00e1s\u00e1rl\u00e1si \u00e9rt\u00e9ket keresnek. Ak\u00e1r <strong data-start=\"504\" data-end=\"520\">30 000 slukk<\/strong>ez az eszk\u00f6z egyes\u00edti a <strong data-start=\"543\" data-end=\"572\">dupla h\u00e1l\u00f3s tekercs technol\u00f3gi\u00e1ja<\/strong> \u00e1ltal m\u0171k\u00f6dtetve <strong data-start=\"578\" data-end=\"600\">szab\u00e1lyozhat\u00f3 l\u00e9g\u00e1raml\u00e1ssal<\/strong>lehet\u0151s\u00e9geket, \u00edgy a felhaszn\u00e1l\u00f3k rugalmasan v\u00e1lthatnak a sz\u0171k MTL h\u00faz\u00e1sok \u00e9s a leveg\u0151s DTL felh\u0151k k\u00f6z\u00f6tt.<\/p>\n<p>Meghajtja egy <strong data-start=\"709\" data-end=\"740\">800mAh-s \u00fajrat\u00f6lthet\u0151 akkumul\u00e1tor<\/strong> \u00e1ltal m\u0171k\u00f6dtetve <strong data-start=\"746\" data-end=\"770\">Type-C gyorst\u00f6lt\u00e9ssel<\/strong>ez megb\u00edzhat\u00f3 teljes\u00edtm\u00e9nyt \u00e9s minim\u00e1lis le\u00e1ll\u00e1st biztos\u00edt. A <strong data-start=\"830\" data-end=\"854\">teljes digit\u00e1lis kijelz\u0151<\/strong> val\u00f3s idej\u0171 friss\u00edt\u00e9seket ny\u00fajt az akkumul\u00e1tor \u00e1llapot\u00e1r\u00f3l, az e-liquid szintj\u00e9r\u0151l \u00e9s a n\u00e9gy <strong data-start=\"920\" data-end=\"948\">testreszabhat\u00f3 teljes\u00edtm\u00e9ny m\u00f3dr\u00f3l<\/strong>lehet\u0151v\u00e9 t\u00e9ve a felhaszn\u00e1l\u00f3k sz\u00e1m\u00e1ra, hogy szem\u00e9lyre szabj\u00e1k a vaping st\u00edlusukat.<\/p>\n<p>Hossz\u00fa \u00e9lettartam\u00fa kapacit\u00e1s\u00e1val, sima g\u0151ztermel\u00e9s\u00e9vel \u00e9s <strong data-start=\"1070\" data-end=\"1103\">versenyk\u00e9pes nagykereskedelmi \u00e1rakb\u00f3l<\/strong>a Mesii Vast Energy 30K kiemelkedik, mint egy kiv\u00e1l\u00f3 t\u00f6meges opci\u00f3 a kiskeresked\u0151k sz\u00e1m\u00e1ra, akik pr\u00e9mium eldobhat\u00f3 vape b\u00e1rral szeretn\u00e9k b\u0151v\u00edteni k\u00e9szlet\u00fcket.<\/p>\n<p data-start=\"666\" data-end=\"1235\"><strong style=\"font-size: 16px;\"><span style=\"color: #ff0000;\">Add hozz\u00e1 Amy WhatsApp-j\u00e1t, hogy azonnali v\u00e1laszt \u00e9s kedvezm\u00e9nyes \u00e1rat kapj!<\/span><\/strong><\/p>\n<p><img fetchpriority=\"high\" decoding=\"async\" class=\"size-full wp-image-2932\" src=\"https:\/\/vapestornado.com\/wp-content\/uploads\/2024\/12\/Vape-Wholesale.jpg\" alt=\"Vape nagykereskedelem\" width=\"229\" height=\"300\" \/><\/p>\n<h3><a href=\"https:\/\/wa.me\/8617776015835\" target=\"_blank\" rel=\"noopener\"><span style=\"color: #ff0000;\"><strong>WhatsApp: +86 17776015835<\/strong><\/span><\/a><\/h3>\n<p>&nbsp;<\/p>\n<h2><strong>Mesii Vast Energy 30000 F\u0151bb term\u00e9kjellemz\u0151k<\/strong><\/h2>\n<ul>\n<li class=\"\" data-start=\"589\" data-end=\"738\">\n<p class=\"\" data-start=\"591\" data-end=\"738\"><strong data-start=\"591\" data-end=\"632\">Nikotin opci\u00f3k minden preferenci\u00e1hoz<\/strong> \u2013 V\u00e1lasszon 0 sz\u00e1zal\u00e9kos, 2 sz\u00e1zal\u00e9kos, 3 sz\u00e1zal\u00e9kos vagy 5 sz\u00e1zal\u00e9kos nikotinszint k\u00f6z\u00fcl, hogy illeszkedjen a vaping st\u00edlus\u00e1hoz.<\/p>\n<\/li>\n<li class=\"\" data-start=\"739\" data-end=\"834\">\n<p class=\"\" data-start=\"741\" data-end=\"834\"><strong data-start=\"741\" data-end=\"770\">Nagy kapacit\u00e1s\u00fa 30000 slukk<\/strong> \u2013 Hossz\u00fa t\u00e1v\u00fa haszn\u00e1latra tervezve, gyakori cser\u00e9k n\u00e9lk\u00fcl.<\/p>\n<\/li>\n<li class=\"\" data-start=\"835\" data-end=\"940\">\n<p class=\"\" data-start=\"837\" data-end=\"940\"><strong data-start=\"837\" data-end=\"864\">30ml E-Liquid Tart\u00e1ly<\/strong> \u2013 \u00c9lvezze a hosszabb vaping szekci\u00f3kat an\u00e9lk\u00fcl, hogy folyamatosan \u00fajra kellene t\u00f6ltenie.<\/p>\n<\/li>\n<li class=\"\" data-start=\"941\" data-end=\"1081\">\n<p class=\"\" data-start=\"943\" data-end=\"1081\"><strong data-start=\"943\" data-end=\"992\">Fejlett kett\u0151s h\u00e1l\u00f3s tekercs \u00e1ll\u00edthat\u00f3 teljes\u00edtm\u00e9nnyel<\/strong> \u2013 Fokozza a g\u0151ztermel\u00e9st \u00e9s az \u00edzkonzisztenci\u00e1t, mik\u00f6zben lehet\u0151v\u00e9 teszi a teljes\u00edtm\u00e9ny testreszab\u00e1s\u00e1t.<\/p>\n<\/li>\n<li class=\"\" data-start=\"1082\" data-end=\"1203\">\n<p class=\"\" data-start=\"1084\" data-end=\"1203\"><strong data-start=\"1084\" data-end=\"1107\">Teljes k\u00e9perny\u0151s kijelz\u0151<\/strong> \u2013 Legyen t\u00e1j\u00e9kozott a digit\u00e1lis olajjelz\u0151vel, a teljes\u00edtm\u00e9nyszinttel, a vaping id\u0151vel \u00e9s a watt be\u00e1ll\u00edt\u00e1sokkal.<\/p>\n<\/li>\n<li class=\"\" data-start=\"1204\" data-end=\"1334\">\n<p class=\"\" data-start=\"1206\" data-end=\"1334\"><strong data-start=\"1206\" data-end=\"1255\">L\u00e9g\u00e1raml\u00e1s szab\u00e1lyoz\u00e1s a szem\u00e9lyre szabott \u00e9lm\u00e9ny\u00e9rt<\/strong> \u2013 \u00c1ll\u00edtsa be a l\u00e9g\u00e1raml\u00e1st, hogy el\u00e9rje az \u00edz \u00e9s a g\u0151zs\u0171r\u0171s\u00e9g t\u00f6k\u00e9letes egyens\u00faly\u00e1t.<\/p>\n<\/li>\n<li class=\"\" data-start=\"1335\" data-end=\"1434\">\n<p class=\"\" data-start=\"1337\" data-end=\"1434\"><strong data-start=\"1337\" data-end=\"1368\">800mAh \u00dajrat\u00f6lthet\u0151 akkumul\u00e1tor<\/strong> \u2013 T\u00e1mogatja az <strong data-start=\"1380\" data-end=\"1403\">USB-C gyorst\u00f6lt\u00e9st<\/strong> a gyors energia-vissza\u00e1ll\u00edt\u00e1shoz.<\/p>\n<\/li>\n<li class=\"\" data-start=\"1435\" data-end=\"1544\">\n<p class=\"\" data-start=\"1437\" data-end=\"1544\"><strong data-start=\"1437\" data-end=\"1479\">N\u00e9gy teljes\u00edtm\u00e9ny m\u00f3d (ECO, PLUS, PRO, MAX)<\/strong> \u2013 Szabd testre a g\u0151z\u00f6l\u00e9si intenzit\u00e1st az optimaliz\u00e1lt \u00e9lm\u00e9ny \u00e9rdek\u00e9ben.<\/p>\n<\/li>\n<li class=\"\" data-start=\"1545\" data-end=\"1627\">\n<p class=\"\" data-start=\"1547\" data-end=\"1627\"><strong data-start=\"1547\" data-end=\"1585\">\u00c9rint\u0151kapcsol\u00f3<\/strong> \u2013 Futurisztikus \u00e9rz\u00e9st k\u00f6lcs\u00f6n\u00f6z a g\u0151z\u00f6l\u00e9s k\u00f6zben.<\/p>\n<\/li>\n<li class=\"\" data-start=\"1628\" data-end=\"1705\">\n<p class=\"\" data-start=\"1630\" data-end=\"1705\"><strong data-start=\"1630\" data-end=\"1670\">P\u00e1nc\u00e9lh\u00e9j kialak\u00edt\u00e1s<\/strong> \u2013 Biztos\u00edtja a tart\u00f3ss\u00e1got \u00e9s a biztons\u00e1got.<\/p>\n<\/li>\n<\/ul>\n<h2 class=\"product-title\"><strong>Mesii Vast Energy 30000 Puff eldobhat\u00f3 k\u00e9szlet \u00edzlista<\/strong><\/h2>\n<article class=\"w-full text-token-text-primary focus-visible:outline-2 focus-visible:outline-offset-[-4px]\" dir=\"auto\" data-testid=\"conversation-turn-32\" data-scroll-anchor=\"false\">\n<div class=\"m-auto text-base py-[18px] px-6\">\n<div class=\"mx-auto flex flex-1 text-base gap-4 md:gap-5 lg:gap-6 md:max-w-3xl lg:max-w-[40rem] xl:max-w-[48rem]\">\n<div class=\"group\/conversation-turn relative flex w-full min-w-0 flex-col @xs\/thread:px-0 @sm\/thread:px-1.5 @md\/thread:px-4\">\n<div class=\"flex-col gap-1 md:gap-3\">\n<div class=\"flex max-w-full flex-col flex-grow\">\n<div class=\"min-h-8 text-message flex w-full flex-col items-end gap-2 whitespace-normal break-words text-start [.text-message+&amp;]:mt-5\" dir=\"auto\" data-message-author-role=\"user\" data-message-id=\"ffac41ca-1db4-431b-873a-32c4052956f1\">\n<div class=\"flex w-full flex-col gap-1 empty:hidden items-end rtl:items-start\">\n<div class=\"relative max-w-[var(--user-chat-width,70%)] rounded-3xl bg-token-message-surface px-5 py-2.5\">\n<div class=\"absolute bottom-0 right-full top-0 -mr-3.5 hidden pr-5 pt-2 [.group\/conversation-turn:hover_&amp;]:flex\">\n<div class=\"flex\">\n<article class=\"w-full text-token-text-primary focus-visible:outline-2 focus-visible:outline-offset-[-4px]\" dir=\"auto\" data-testid=\"conversation-turn-39\" data-scroll-anchor=\"true\">\n<div class=\"m-auto text-base py-[18px] px-6\">\n<div class=\"mx-auto flex flex-1 text-base gap-4 md:gap-5 lg:gap-6 md:max-w-3xl lg:max-w-[40rem] xl:max-w-[48rem]\">\n<div class=\"group\/conversation-turn relative flex w-full min-w-0 flex-col agent-turn @xs\/thread:px-0 @sm\/thread:px-1.5 @md\/thread:px-4\">\n<div class=\"flex-col gap-1 md:gap-3\">\n<div class=\"flex max-w-full flex-col flex-grow\">\n<div class=\"min-h-8 text-message flex w-full flex-col items-end gap-2 whitespace-normal break-words text-start [.text-message+&amp;]:mt-5\" dir=\"auto\" data-message-author-role=\"assistant\" data-message-id=\"55a23854-ec57-48dd-bd4f-6118f43d6241\" data-message-model-slug=\"gpt-4o\">\n<div class=\"flex w-full flex-col gap-1 empty:hidden first:pt-[3px]\">\n<div class=\"markdown prose w-full break-words dark:prose-invert light\">\n<p>1. G\u00f6r\u00f6gdinnye j\u00e9g<br \/>\n2.Sz\u0151l\u0151 J\u00e9g<br \/>\n3.Bogy\u00f3 bomba<br \/>\n4.Eper kivi<br \/>\n5. K\u00e9k m\u00e1lna j\u00e9g<br \/>\n6.\u0150szibarack j\u00e9g<br \/>\n7.Cseresznye k\u00f3la j\u00e9g<br \/>\n8.Savany\u00fa alma j\u00e9g<br \/>\n9.Miami menta<br \/>\n10.Citromos lime<br \/>\n11.Eper g\u00f6r\u00f6gdinnye<br \/>\n12.Maracuja narancs guava<br \/>\n13.M\u00e1lna g\u00f6r\u00f6gdinnye<br \/>\n14.Anan\u00e1sz mang\u00f3<br \/>\n15.S\u00e1rk\u00e1nygy\u00fcm\u00f6lcs ban\u00e1n cseresznye<\/p>\n<figure id=\"attachment_4014\" aria-describedby=\"caption-attachment-4014\" style=\"width: 800px\" class=\"wp-caption alignnone\"><img decoding=\"async\" class=\"wp-image-4014 size-full\" src=\"https:\/\/vapestornado.com\/wp-content\/uploads\/2025\/03\/Mesii-Vape-30K-Vast-Energy-Bulk-Buy-Price.webp\" alt=\"Mesii Vape 30K Vast Energy t\u00f6meges v\u00e1s\u00e1rl\u00e1si \u00e1r\" width=\"800\" height=\"800\" srcset=\"https:\/\/vapestornado.com\/wp-content\/uploads\/2025\/03\/Mesii-Vape-30K-Vast-Energy-Bulk-Buy-Price.webp 800w, https:\/\/vapestornado.com\/wp-content\/uploads\/2025\/03\/Mesii-Vape-30K-Vast-Energy-Bulk-Buy-Price-300x300.webp 300w, https:\/\/vapestornado.com\/wp-content\/uploads\/2025\/03\/Mesii-Vape-30K-Vast-Energy-Bulk-Buy-Price-150x150.webp 150w, https:\/\/vapestornado.com\/wp-content\/uploads\/2025\/03\/Mesii-Vape-30K-Vast-Energy-Bulk-Buy-Price-768x768.webp 768w, https:\/\/vapestornado.com\/wp-content\/uploads\/2025\/03\/Mesii-Vape-30K-Vast-Energy-Bulk-Buy-Price-600x600.webp 600w, https:\/\/vapestornado.com\/wp-content\/uploads\/2025\/03\/Mesii-Vape-30K-Vast-Energy-Bulk-Buy-Price-100x100.webp 100w\" sizes=\"(max-width: 800px) 100vw, 800px\" \/><figcaption id=\"caption-attachment-4014\" class=\"wp-caption-text\">Mesii Vape 30K Vast Energy t\u00f6meges v\u00e1s\u00e1rl\u00e1si \u00e1r<\/figcaption><\/figure>\n<\/div>\n<\/div>\n<\/div>\n<\/div>\n<\/div>\n<\/div>\n<\/div>\n<\/div>\n<\/article>\n<\/div>\n<\/div>\n<\/div>\n<\/div>\n<\/div>\n<\/div>\n<\/div>\n<\/div>\n<\/div>\n<\/div>\n<\/article>\n<h2>Mi\u00e9rt v\u00e1lassza a Vapestornad\u00f3t a Mesii Vast Energy 30k megv\u00e1s\u00e1rl\u00e1s\u00e1hoz?<\/h2>\n<div class=\"flex-shrink-0 flex flex-col relative items-end\">\n<div class=\"pt-0\">\n<div class=\"gizmo-bot-avatar flex h-8 w-8 items-center justify-center overflow-hidden rounded-full\">\n<div class=\"relative p-1 rounded-sm flex items-center justify-center bg-token-main-surface-primary text-token-text-primary h-8 w-8\">\n<p>At\u00a0<strong>VapeTornado<\/strong>b\u00fcszk\u00e9k vagyunk arra, hogy\u00a0<strong>pr\u00e9mium vaping term\u00e9keket k\u00edn\u00e1lunk verhetetlen \u00e1ron<\/strong>\u2014\u00e9s a Mesii Vast Energy 30k sem kiv\u00e9tel! \u00cdme, mi\u00e9rt \u00e9rdemes t\u0151l\u00fcnk v\u00e1s\u00e1rolnia:<\/p>\n<p><strong>Legjobb Nagykereskedelmi \u00c1rak<\/strong>\u00a0\u2013 Mi k\u00edn\u00e1lunk\u00a0<strong>versenyk\u00e9pes t\u00f6meges \u00e1rat<\/strong><span style=\"font-size: 16px;\">, \u00edgy mi vagyunk a legjobb v\u00e1laszt\u00e1s viszontelad\u00f3knak \u00e9s vape \u00fczleteknek.<\/span><\/p>\n<p><strong>Gyors<\/strong>\u00a0\u2013 Rendel\u00e9s\u00e9t k\u00e9zbes\u00edtj\u00fck\u00a0<strong>gyorsan \u00e9s biztons\u00e1gosan<\/strong>, vil\u00e1gszerte el\u00e9rhet\u0151 sz\u00e1ll\u00edt\u00e1si lehet\u0151s\u00e9gekkel.<br \/>\n<strong>100% Eredeti Term\u00e9kek<\/strong>\u00a0\u2013 Nincsenek ut\u00e1nzatok \u2013 csak\u00a0<strong>eredeti WASPE Triple eldobhat\u00f3 term\u00e9kek<\/strong>\u00a0ellen\u0151rz\u00f6tt min\u0151s\u00e9ggel.<br \/>\n<strong>Kiv\u00e1l\u00f3 \u00dcgyf\u00e9lszolg\u00e1lat<\/strong>\u00a0\u2013 K\u00e9rd\u00e9se van? A mi\u00a0<strong>vape szak\u00e9rt\u0151ink<\/strong> a nap 24 \u00f3r\u00e1j\u00e1ban k\u00e9szen \u00e1llnak a seg\u00edts\u00e9g\u00e9re.<\/p>\n<p data-start=\"559\" data-end=\"933\" data-is-last-node=\"\" data-is-only-node=\"\">Van n\u00e9h\u00e1ny m\u00e1s n\u00e9pszer\u0171, kijelz\u0151vel ell\u00e1tott vape term\u00e9k\u00fcnk is, mint p\u00e9ld\u00e1ul a <a href=\"https:\/\/vapestornado.com\/hu\/product\/mesii-couple-50k-disposable-shisha-hookah-50000-puffs-vape-with-digital-display\/\">Mesii p\u00e1r 50000<\/a>, <a href=\"https:\/\/vapestornado.com\/hu\/product\/wholesale-bang-beach-38000-puff-38k-vape-disposable-vaporizer-e-cig-at-cheap-prices\/\">BANG BEACH eldobhat\u00f3 vape<\/a>, <a href=\"https:\/\/vapestornado.com\/hu\/product\/waspe-aiviou-3-in-1-60000-puffs-disposable-vape-kit-best-price\/\">WASPE H\u00e1romszor 60000 Puff<\/a>, \u00e9s m\u00e9g sok m\u00e1s.<\/p>\n<\/div>\n<div class=\"relative p-1 rounded-sm flex items-center justify-center bg-token-main-surface-primary text-token-text-primary h-8 w-8\">\n<h2>GYIK a Bang King 30000-hez<\/h2>\n<p class=\"\" data-start=\"2261\" data-end=\"2438\"><strong data-start=\"2261\" data-end=\"2321\">1. Meddig b\u00edrja a Mesii Vast Energy 30000 Puffs?<\/strong><br data-start=\"2321\" data-end=\"2324\" \/>Egy <strong data-start=\"2331\" data-end=\"2354\">30000 slukk kapacit\u00e1s\u00e1val<\/strong>, ez a vape a hosszan tart\u00f3 haszn\u00e1latra van tervezve, a szem\u00e9lyes g\u0151z\u00f6l\u00e9si szok\u00e1sokt\u00f3l f\u00fcgg\u0151en v\u00e1ltozik.<\/p>\n<p class=\"\" data-start=\"2440\" data-end=\"2641\"><strong data-start=\"2440\" data-end=\"2491\">2. Be tudom \u00e1ll\u00edtani a teljes\u00edtm\u00e9nyt \u00e9s a l\u00e9g\u00e1raml\u00e1si be\u00e1ll\u00edt\u00e1sokat?<\/strong><br data-start=\"2491\" data-end=\"2494\" \/>Igen, a k\u00e9sz\u00fcl\u00e9kben tal\u00e1lhat\u00f3 <strong data-start=\"2519\" data-end=\"2539\">n\u00e9gy teljes\u00edtm\u00e9ny m\u00f3d<\/strong> (ECO, PLUS, PRO, MAX) \u00e9s <strong data-start=\"2566\" data-end=\"2588\">szab\u00e1lyozhat\u00f3 l\u00e9g\u00e1raml\u00e1ssal<\/strong>, lehet\u0151v\u00e9 t\u00e9ve a vaping \u00e9lm\u00e9ny testreszab\u00e1s\u00e1t.<\/p>\n<p class=\"\" data-start=\"2643\" data-end=\"2828\"><strong data-start=\"2643\" data-end=\"2697\">3. Hogyan ellen\u0151rizhetem az akkumul\u00e1tor \u00e9s az e-liquid szintj\u00e9t?<\/strong><br data-start=\"2697\" data-end=\"2700\" \/>A <strong data-start=\"2704\" data-end=\"2735\">teljes k\u00e9perny\u0151s digit\u00e1lis kijelz\u0151vel<\/strong> val\u00f3s idej\u0171 friss\u00edt\u00e9seket biztos\u00edt az akkumul\u00e1tor \u00e9lettartam\u00e1r\u00f3l, az olajszintr\u0151l, a g\u0151z\u00f6l\u00e9si id\u0151r\u0151l \u00e9s a teljes\u00edtm\u00e9ny be\u00e1ll\u00edt\u00e1sair\u00f3l.<\/p>\n<p class=\"\" data-start=\"2830\" data-end=\"2989\"><strong data-start=\"2830\" data-end=\"2870\">4. Van a vape-nak gyorst\u00f6lt\u00e9se?<\/strong><br data-start=\"2870\" data-end=\"2873\" \/>Igen, a <strong data-start=\"2882\" data-end=\"2913\">800mAh-s \u00fajrat\u00f6lthet\u0151 akkumul\u00e1tor<\/strong> t\u00e1mogatja <strong data-start=\"2923\" data-end=\"2946\">USB-C gyorst\u00f6lt\u00e9st<\/strong>, minim\u00e1lisra cs\u00f6kkentve az \u00e1ll\u00e1sid\u0151t a haszn\u00e1latok k\u00f6z\u00f6tt.<\/p>\n<\/div>\n<\/div>\n<\/div>\n<\/div>","protected":false},"excerpt":{"rendered":"<p class=\"LC20lb MBeuO DKV0Md\">Bang King 30000 Pro eldobhat\u00f3 vape doboz elad\u00f3<br \/>\nNagykereskedelmi Bang King 30000 Puff Vape Box Mod nagykereskedelem<br \/>\nBang King 30000 Legjobb Vape Nagykeresked\u00e9s Franciaorsz\u00e1gban<\/p>\n<p><strong>Add hozz\u00e1 Amy whatsappj\u00e1t, hogy azonnali v\u00e1laszt \u00e9s kedvezm\u00e9nyes \u00e1rat kapj!<\/strong><\/p>\n<p><img fetchpriority=\"high\" decoding=\"async\" class=\"size-full wp-image-2932\" src=\"https:\/\/vapestornado.com\/wp-content\/uploads\/2024\/12\/Vape-Wholesale.jpg\" alt=\"Vape nagykereskedelem\" width=\"229\" height=\"300\" \/><\/p>\n<h3><a href=\"https:\/\/wa.me\/8617776015835\"><span style=\"color: #ff0000;\"><strong>WhatsApp: +86 17776015835<\/strong><\/span><\/a><\/h3>\n<p>&nbsp;<\/p>","protected":false},"featured_media":4019,"comment_status":"open","ping_status":"closed","template":"","meta":{"_acf_changed":false,"_uag_custom_page_level_css":"","_lmt_disableupdate":"no","_lmt_disable":"","_monsterinsights_skip_tracking":false,"_monsterinsights_sitenote_active":false,"_monsterinsights_sitenote_note":"","_monsterinsights_sitenote_category":0,"site-sidebar-layout":"default","site-content-layout":"","ast-site-content-layout":"default","site-content-style":"default","site-sidebar-style":"default","ast-global-header-display":"","ast-banner-title-visibility":"","ast-main-header-display":"","ast-hfb-above-header-display":"","ast-hfb-below-header-display":"","ast-hfb-mobile-header-display":"","site-post-title":"","ast-breadcrumbs-content":"","ast-featured-img":"","footer-sml-layout":"","ast-disable-related-posts":"","theme-transparent-header-meta":"default","adv-header-id-meta":"","stick-header-meta":"","header-above-stick-meta":"","header-main-stick-meta":"","header-below-stick-meta":"","astra-migrate-meta-layouts":"set","ast-page-background-enabled":"default","ast-page-background-meta":{"desktop":{"background-color":"","background-image":"","background-repeat":"repeat","background-position":"center center","background-size":"auto","background-attachment":"scroll","background-type":"","background-media":"","overlay-type":"","overlay-color":"","overlay-opacity":"","overlay-gradient":""},"tablet":{"background-color":"","background-image":"","background-repeat":"repeat","background-position":"center center","background-size":"auto","background-attachment":"scroll","background-type":"","background-media":"","overlay-type":"","overlay-color":"","overlay-opacity":"","overlay-gradient":""},"mobile":{"background-color":"","background-image":"","background-repeat":"repeat","background-position":"center center","background-size":"auto","background-attachment":"scroll","background-type":"","background-media":"","overlay-type":"","overlay-color":"","overlay-opacity":"","overlay-gradient":""}},"ast-content-background-meta":{"desktop":{"background-color":"var(--ast-global-color-5)","background-image":"","background-repeat":"repeat","background-position":"center center","background-size":"auto","background-attachment":"scroll","background-type":"","background-media":"","overlay-type":"","overlay-color":"","overlay-opacity":"","overlay-gradient":""},"tablet":{"background-color":"var(--ast-global-color-5)","background-image":"","background-repeat":"repeat","background-position":"center center","background-size":"auto","background-attachment":"scroll","background-type":"","background-media":"","overlay-type":"","overlay-color":"","overlay-opacity":"","overlay-gradient":""},"mobile":{"background-color":"var(--ast-global-color-5)","background-image":"","background-repeat":"repeat","background-position":"center center","background-size":"auto","background-attachment":"scroll","background-type":"","background-media":"","overlay-type":"","overlay-color":"","overlay-opacity":"","overlay-gradient":""}},"_joinchat":{"telephone":"17776015835"}},"product_brand":[],"product_cat":[67,149,151,143,277,146],"product_tag":[310,105,309,250,94],"class_list":{"0":"post-4048","1":"product","2":"type-product","3":"status-publish","4":"has-post-thumbnail","6":"product_cat-30000-puff","7":"product_cat-buy-disposable-vapes-in-austria","8":"product_cat-buy-disposable-vapes-in-france","9":"product_cat-dual-mesh-disposable-vapes","10":"product_cat-mesii-vape","11":"product_cat-rechargeable-disposable-vapes","12":"product_tag-airflow-adjustable-disposable-vape","13":"product_tag-digital-disposable-vape","14":"product_tag-mesii-vast-energy-30000","15":"product_tag-puff-30k","16":"product_tag-rechargeable-disposable-vape","17":"desktop-align-left","18":"tablet-align-left","19":"mobile-align-left","21":"first","22":"instock","23":"sale","24":"shipping-taxable","25":"purchasable","26":"product-type-simple"},"acf":[],"uagb_featured_image_src":{"full":["https:\/\/vapestornado.com\/wp-content\/uploads\/2025\/03\/Messi-Vast-Energy-30000-Puff-Disposable-Vape-E-Cig.webp",800,800,false],"thumbnail":["https:\/\/vapestornado.com\/wp-content\/uploads\/2025\/03\/Messi-Vast-Energy-30000-Puff-Disposable-Vape-E-Cig-150x150.webp",150,150,true],"medium":["https:\/\/vapestornado.com\/wp-content\/uploads\/2025\/03\/Messi-Vast-Energy-30000-Puff-Disposable-Vape-E-Cig-300x300.webp",300,300,true],"medium_large":["https:\/\/vapestornado.com\/wp-content\/uploads\/2025\/03\/Messi-Vast-Energy-30000-Puff-Disposable-Vape-E-Cig-768x768.webp",768,768,true],"large":["https:\/\/vapestornado.com\/wp-content\/uploads\/2025\/03\/Messi-Vast-Energy-30000-Puff-Disposable-Vape-E-Cig.webp",800,800,false],"1536x1536":["https:\/\/vapestornado.com\/wp-content\/uploads\/2025\/03\/Messi-Vast-Energy-30000-Puff-Disposable-Vape-E-Cig.webp",800,800,false],"2048x2048":["https:\/\/vapestornado.com\/wp-content\/uploads\/2025\/03\/Messi-Vast-Energy-30000-Puff-Disposable-Vape-E-Cig.webp",800,800,false],"trp-custom-language-flag":["https:\/\/vapestornado.com\/wp-content\/uploads\/2025\/03\/Messi-Vast-Energy-30000-Puff-Disposable-Vape-E-Cig.webp",12,12,false],"woocommerce_thumbnail":["https:\/\/vapestornado.com\/wp-content\/uploads\/2025\/03\/Messi-Vast-Energy-30000-Puff-Disposable-Vape-E-Cig-300x300.webp",300,300,true],"woocommerce_single":["https:\/\/vapestornado.com\/wp-content\/uploads\/2025\/03\/Messi-Vast-Energy-30000-Puff-Disposable-Vape-E-Cig-600x600.webp",600,600,true],"woocommerce_gallery_thumbnail":["https:\/\/vapestornado.com\/wp-content\/uploads\/2025\/03\/Messi-Vast-Energy-30000-Puff-Disposable-Vape-E-Cig-100x100.webp",100,100,true]},"uagb_author_info":{"display_name":"ESAMY","author_link":"https:\/\/vapestornado.com\/hu\/author\/"},"uagb_comment_info":0,"uagb_excerpt":"Bang King 30000 Pro Disposable Vape Box on Sale Wholesale Bang King 30000 Puff Vape Box Mod Wholesale Bang King 30000 Best Vape Wholesale in France Add Amy's whatsapp to get right reply and discount price! WhatsApp: +86 17776015835 &nbsp;","_links":{"self":[{"href":"https:\/\/vapestornado.com\/hu\/wp-json\/wp\/v2\/product\/4048","targetHints":{"allow":["GET"]}}],"collection":[{"href":"https:\/\/vapestornado.com\/hu\/wp-json\/wp\/v2\/product"}],"about":[{"href":"https:\/\/vapestornado.com\/hu\/wp-json\/wp\/v2\/types\/product"}],"replies":[{"embeddable":true,"href":"https:\/\/vapestornado.com\/hu\/wp-json\/wp\/v2\/comments?post=4048"}],"wp:featuredmedia":[{"embeddable":true,"href":"https:\/\/vapestornado.com\/hu\/wp-json\/wp\/v2\/media\/4019"}],"wp:attachment":[{"href":"https:\/\/vapestornado.com\/hu\/wp-json\/wp\/v2\/media?parent=4048"}],"wp:term":[{"taxonomy":"product_brand","embeddable":true,"href":"https:\/\/vapestornado.com\/hu\/wp-json\/wp\/v2\/product_brand?post=4048"},{"taxonomy":"product_cat","embeddable":true,"href":"https:\/\/vapestornado.com\/hu\/wp-json\/wp\/v2\/product_cat?post=4048"},{"taxonomy":"product_tag","embeddable":true,"href":"https:\/\/vapestornado.com\/hu\/wp-json\/wp\/v2\/product_tag?post=4048"}],"curies":[{"name":"wp","href":"https:\/\/api.w.org\/{rel}","templated":true}]}}