{"id":4047,"date":"2025-04-01T10:04:57","date_gmt":"2025-04-01T10:04:57","guid":{"rendered":"https:\/\/vapestornado.com\/?post_type=product&#038;p=4047"},"modified":"2025-08-23T12:00:28","modified_gmt":"2025-08-23T12:00:28","slug":"aivono-fatpro-22000-puffs-shisha-hookah-digital-screen-wholesaledisposables-vape-pod-shop-on-line-copy","status":"publish","type":"product","link":"https:\/\/vapestornado.com\/hu\/product\/aivono-fatpro-22000-puffs-shisha-hookah-digital-screen-wholesaledisposables-vape-pod-shop-on-line-copy\/","title":{"rendered":"AIVONO Fatpro 22000 Puffs Shisha V\u00edzipipa Digit\u00e1lis K\u00e9perny\u0151 Nagykereskedelem"},"content":{"rendered":"<h1 data-pm-slice=\"1 1 []\">AIVONO Fatpro 22000 Puffs Shisha V\u00edzipipa Digit\u00e1lis K\u00e9perny\u0151 Nagykereskedelem<\/h1>\n<p class=\"\" data-start=\"1287\" data-end=\"1418\">A <strong data-start=\"310\" data-end=\"362\">AIVONO Fatpro 22000 Puffs Eldobhat\u00f3 Shisha Vape<\/strong> forgalmaz\u00f3k \u00e9s vape \u00fczletek sz\u00e1m\u00e1ra k\u00e9sz\u00fclt, akik pr\u00e9mium, tart\u00f3s eszk\u00f6zt keresnek. Ak\u00e1r <strong data-start=\"470\" data-end=\"486\">22 000 slukk<\/strong> nagylelk\u0171 <strong data-start=\"503\" data-end=\"529\">28 ml e-liquid kapacit\u00e1ssal<\/strong>sz\u00edv\u00e1st biztos\u00edt, ez a v\u00edzipipa st\u00edlus\u00fa vape hosszan tart\u00f3 haszn\u00e1latot \u00e9s k\u00f6vetkezetes el\u00e9gedetts\u00e9get garant\u00e1l.<\/p>\n<p>Felszerelve egy <strong data-start=\"629\" data-end=\"655\">digit\u00e1lis kijelz\u0151 k\u00e9perny\u0151vel<\/strong>a felhaszn\u00e1l\u00f3k val\u00f3s id\u0151ben k\u00f6nnyen nyomon k\u00f6vethetik az akkumul\u00e1tor \u00e9lettartam\u00e1t \u00e9s az e-liquid szintj\u00e9t. A <strong data-start=\"733\" data-end=\"762\">0.6\u03a9-os h\u00e1l\u00f3s tekercs technol\u00f3gi\u00e1val<\/strong> fokozza a g\u0151z s\u0171r\u0171s\u00e9g\u00e9t \u00e9s az \u00edzek gazdags\u00e1g\u00e1t, m\u00edg a <strong data-start=\"817\" data-end=\"845\">Type-C \u00fajrat\u00f6lthet\u0151 port<\/strong> gyors felt\u00f6lt\u00e9st garant\u00e1l.<\/p>\n<p>El\u00e9rhet\u0151 <strong data-start=\"896\" data-end=\"919\">10 izgalmas \u00edz<\/strong>a gy\u00fcm\u00f6lcs\u00f6s kever\u00e9kekt\u0151l a jeges \u00e9s cukorka ihlette lehet\u0151s\u00e9gekig az AIVONO Fatpro 22K a v\u00e1ltozatos \u00edzl\u00e9seket szolg\u00e1lja ki. A <strong data-start=\"1047\" data-end=\"1123\">magas sz\u00edv\u00e1ssz\u00e1m, a megb\u00edzhat\u00f3 teljes\u00edtm\u00e9ny \u00e9s a versenyk\u00e9pes nagykereskedelmi \u00e1rak kombin\u00e1ci\u00f3j\u00e1val<\/strong>ez egy kiv\u00e1l\u00f3 v\u00e1laszt\u00e1s a kiskeresked\u0151k sz\u00e1m\u00e1ra, akik t\u00f6meges eldobhat\u00f3 vape-ekkel b\u0151v\u00edtik k\u00e9szlet\u00fcket.<\/p>\n<p data-start=\"666\" data-end=\"1235\"><strong style=\"font-size: 16px;\"><span style=\"color: #ff0000;\">Add hozz\u00e1 Amy WhatsApp-j\u00e1t, hogy azonnali v\u00e1laszt \u00e9s kedvezm\u00e9nyes \u00e1rat kapj!<\/span><\/strong><\/p>\n<p><img fetchpriority=\"high\" decoding=\"async\" class=\"size-full wp-image-2932\" src=\"https:\/\/vapestornado.com\/wp-content\/uploads\/2024\/12\/Vape-Wholesale.jpg\" alt=\"Vape nagykereskedelem\" width=\"229\" height=\"300\" \/><\/p>\n<h3><a href=\"https:\/\/wa.me\/8617776015835\" target=\"_blank\" rel=\"noopener\"><span style=\"color: #ff0000;\"><strong>WhatsApp: +86 17776015835<\/strong><\/span><\/a><\/h3>\n<p>&nbsp;<\/p>\n<h2><strong>AIVONO Fatpro 22000 F\u0151bb Term\u00e9kjellemz\u0151k<\/strong><\/h2>\n<ul>\n<li><strong>22,000 slukk<\/strong>\u00a0\u2013 Az egyik leghosszabb \u00e9lettartam\u00fa eldobhat\u00f3 vape a piacon.<\/li>\n<li><strong>28 ml e-liquid kapacit\u00e1s<\/strong>\u00a0\u2013 Nincs sz\u00fcks\u00e9g ut\u00e1nt\u00f6lt\u00e9sre, csak tiszta g\u0151z\u00f6l\u00e9si \u00e9lm\u00e9ny.<\/li>\n<li><strong>600mAh \u00fajrat\u00f6lthet\u0151 akkumul\u00e1tor<\/strong>\u00a0(Tiszta kobaltmag technol\u00f3gia) \u2013 Hat\u00e9kony energia a hosszan tart\u00f3 haszn\u00e1lathoz.<\/li>\n<li><strong>0,6\u03a9 h\u00e1l\u00f3s tekercs<\/strong>\u00a0\u2013 Fokozza az \u00edzt \u00e9s a g\u0151ztermel\u00e9st a pr\u00e9mium \u00e9lm\u00e9ny \u00e9rdek\u00e9ben.<\/li>\n<li><strong>Digit\u00e1lis k\u00e9perny\u0151 kijelz\u0151<\/strong>\u00a0\u2013 Nyomon k\u00f6veti az akkumul\u00e1tor \u00e9lettartam\u00e1t \u00e9s az e-liquid szintj\u00e9t a k\u00e9nyelem \u00e9rdek\u00e9ben.<\/li>\n<li><strong>Type-C Gyors T\u00f6lt\u00e9s<\/strong>\u00a0\u2013 Gyors \u00fajrat\u00f6lt\u00e9s a megszak\u00edt\u00e1s n\u00e9lk\u00fcli haszn\u00e1lathoz.<\/li>\n<li><strong>DTL (k\u00f6zvetlen t\u00fcd\u0151be) kialak\u00edt\u00e1s<\/strong>\u00a0\u2013 Ide\u00e1lis m\u00e9ly, kiel\u00e9g\u00edt\u0151 bel\u00e9gz\u00e9sekhez.<\/li>\n<li><strong>T\u00f6bbf\u00e9le nikotin opci\u00f3 (0%\/2%\/3%\/5%)<\/strong>\u00a0\u2013 Minden ig\u00e9nyt kiel\u00e9g\u00edt.<\/li>\n<li><strong>K\u00f6nny\u0171s\u00faly\u00fa<\/strong>\u00a0\u2013 K\u00f6nnyen hordozhat\u00f3 b\u00e1rhov\u00e1.<\/li>\n<li><strong>Nagykeresked\u00e9s<\/strong>\u00a0\u2013 T\u00f6meges megrendel\u00e9sek lehets\u00e9gesek (200 darab dobozonk\u00e9nt).<\/li>\n<\/ul>\n<h2 class=\"product-title\"><strong>AIVONO Fatpro 22k Puff eldobhat\u00f3 \u00edzek list\u00e1ja<\/strong><\/h2>\n<article class=\"w-full text-token-text-primary focus-visible:outline-2 focus-visible:outline-offset-[-4px]\" dir=\"auto\" data-testid=\"conversation-turn-32\" data-scroll-anchor=\"false\">\n<div class=\"m-auto text-base py-[18px] px-6\">\n<div class=\"mx-auto flex flex-1 text-base gap-4 md:gap-5 lg:gap-6 md:max-w-3xl lg:max-w-[40rem] xl:max-w-[48rem]\">\n<div class=\"group\/conversation-turn relative flex w-full min-w-0 flex-col @xs\/thread:px-0 @sm\/thread:px-1.5 @md\/thread:px-4\">\n<div class=\"flex-col gap-1 md:gap-3\">\n<div class=\"flex max-w-full flex-col flex-grow\">\n<div class=\"min-h-8 text-message flex w-full flex-col items-end gap-2 whitespace-normal break-words text-start [.text-message+&amp;]:mt-5\" dir=\"auto\" data-message-author-role=\"user\" data-message-id=\"ffac41ca-1db4-431b-873a-32c4052956f1\">\n<div class=\"flex w-full flex-col gap-1 empty:hidden items-end rtl:items-start\">\n<div class=\"relative max-w-[var(--user-chat-width,70%)] rounded-3xl bg-token-message-surface px-5 py-2.5\">\n<div class=\"absolute bottom-0 right-full top-0 -mr-3.5 hidden pr-5 pt-2 [.group\/conversation-turn:hover_&amp;]:flex\">\n<div class=\"flex\">\n<article class=\"w-full text-token-text-primary focus-visible:outline-2 focus-visible:outline-offset-[-4px]\" dir=\"auto\" data-testid=\"conversation-turn-39\" data-scroll-anchor=\"true\">\n<div class=\"m-auto text-base py-[18px] px-6\">\n<div class=\"mx-auto flex flex-1 text-base gap-4 md:gap-5 lg:gap-6 md:max-w-3xl lg:max-w-[40rem] xl:max-w-[48rem]\">\n<div class=\"group\/conversation-turn relative flex w-full min-w-0 flex-col agent-turn @xs\/thread:px-0 @sm\/thread:px-1.5 @md\/thread:px-4\">\n<div class=\"flex-col gap-1 md:gap-3\">\n<div class=\"flex max-w-full flex-col flex-grow\">\n<div class=\"min-h-8 text-message flex w-full flex-col items-end gap-2 whitespace-normal break-words text-start [.text-message+&amp;]:mt-5\" dir=\"auto\" data-message-author-role=\"assistant\" data-message-id=\"55a23854-ec57-48dd-bd4f-6118f43d6241\" data-message-model-slug=\"gpt-4o\">\n<div class=\"flex w-full flex-col gap-1 empty:hidden first:pt-[3px]\">\n<div class=\"markdown prose w-full break-words dark:prose-invert light\">\n<p>Emelje magasabb szintre g\u0151z\u00f6l\u00e9si \u00e9lm\u00e9ny\u00e9t a\u00a0<strong>AIVONO Fatpro 22000 Sz\u00edv\u00e1s<\/strong>\u00a0\u00e9s annak kiv\u00e9teles, k\u00e9zm\u0171ves \u00edzeib\u0151l \u00e1ll\u00f3 v\u00e1laszt\u00e9ka. Minden v\u00e1ltozatot szak\u00e9rtelemmel kevernek \u00f6ssze, hogy egy jellegzetes \u00e9s kiel\u00e9g\u00edt\u0151 \u00e9lm\u00e9nyt ny\u00fajtsanak, biztos\u00edtva, hogy minden slukk ugyanolyan eml\u00e9kezetes legyen, mint az el\u0151z\u0151.<\/p>\n<p>1. Dupla Alma Gy\u00f6ny\u00f6r: A ropog\u00f3s piros \u00e9s z\u00f6ld alma \u00edzek t\u00f6k\u00e9letes duettje, a term\u00e9szetes \u00e9dess\u00e9get friss\u00edt\u0151 savany\u00fas\u00e1ggal kombin\u00e1lva egy \u00e9l\u00e9nk\u00edt\u0151 vapel\u00e9shez.<\/p>\n<p>2. Fagyos Sz\u0151l\u0151: A l\u00e9d\u00fas lila sz\u0151l\u0151 izgalmas ment\u00e1s h\u0171v\u00f6ss\u00e9ggel tal\u00e1lkozik, egy kifinomult kever\u00e9ket hozva l\u00e9tre, amely egyszerre gy\u00fcm\u00f6lcs\u00f6s \u00e9s friss\u00edt\u0151en h\u0171v\u00f6s.<\/p>\n<p>3. Sarki G\u00f6r\u00f6gdinnye: Az ultra-\u00e9des g\u00f6r\u00f6gdinnye \u00edzeket egy jeges mentol lecseng\u00e9s fokozza, amely a t\u00f6k\u00e9letes szomjolt\u00f3 \u00e9rz\u00e9st ny\u00fajtja.<\/p>\n<p>4. Fagyos Bogy\u00f3s Gy\u00fcm\u00f6lcs Mix: Eper, \u00e1fonya \u00e9s szeder vibr\u00e1l\u00f3 kever\u00e9ke, jeges kil\u00e9gz\u00e9ssel kieg\u00e9sz\u00edtve a t\u00f6k\u00e9letesen kiegyens\u00falyozott gy\u00fcm\u00f6lcs\u00f6s h\u0171v\u00f6ss\u00e9g \u00e9rdek\u00e9ben.<\/p>\n<p>5. \u00c1fony\u00e1s R\u00e1g\u00f3: A klasszikus r\u00e1g\u00f3gumi j\u00e1t\u00e9kos \u00fajraalkot\u00e1sa, amely tele van autentikus \u00e1fony\u00e1s \u00e9dess\u00e9ggel \u00e9s sima, r\u00e1g\u00f3s lecseng\u00e9ssel.<\/p>\n<p>6. Rubin Bogy\u00f3 F\u00fazi\u00f3: A l\u00e9d\u00fas cseresznye a pik\u00e1ns m\u00e1ln\u00e1val fon\u00f3dik \u00f6ssze, dinamikus \u00edzprofilt hozva l\u00e9tre, amely egyszerre mer\u00e9sz \u00e9s ellen\u00e1llhatatlanul l\u00e9d\u00fas.<\/p>\n<p>7. Jeges \u0150szibarack Paradicsom: Az \u00e9rett, napcs\u00f3kolta \u0151szibarackot egy fagyos mentolos szell\u0151 hangs\u00falyozza, ami egy eg\u00e9sz \u00e9ves tr\u00f3pusi menek\u00fcl\u00e9st tesz lehet\u0151v\u00e9.<\/p>\n<p>8. Rejt\u00e9lyes Elix\u00edr: Egzotikus gy\u00fcm\u00f6lcs\u00f6k \u00e9s finom vir\u00e1gos al\u00e1fest\u00e9sek titokzatos \u00e9s cs\u00e1b\u00edt\u00f3 kever\u00e9ke, amelyet az \u00e9rz\u00e9kek felkelt\u00e9s\u00e9re \u00e9s gy\u00f6ny\u00f6rk\u00f6dtet\u00e9s\u00e9re terveztek.<\/p>\n<p>9. \u00c1lomszer\u0171s\u00e9g: A tr\u00f3pusi \u00e9s bogy\u00f3s jegyek kr\u00e9mes, r\u00e9teges f\u0151zete, amely sima \u00e9s \u00e1lomszer\u0171 vapel\u00e9si \u00e9lm\u00e9nyt k\u00edn\u00e1l.<\/p>\n<p>10. Eperrobban\u00e1s: A frissen szedett eper term\u00e9szetes \u00e9dess\u00e9g\u00e9vel robban\u00f3 \u00edz minden bel\u00e9gz\u00e9sn\u00e9l \u00e9l\u00e9nk, l\u00e9d\u00fas \u00fct\u00e9st ad.<\/p>\n<figure id=\"attachment_4020\" aria-describedby=\"caption-attachment-4020\" style=\"width: 800px\" class=\"wp-caption alignnone\"><img decoding=\"async\" class=\"wp-image-4020 size-full\" src=\"https:\/\/vapestornado.com\/wp-content\/uploads\/2025\/03\/AIVONO-22000-Disposable-Puff-Bar.webp\" alt=\"AIVONO 22000 eldobhat\u00f3 e-cigaretta\" width=\"800\" height=\"800\" srcset=\"https:\/\/vapestornado.com\/wp-content\/uploads\/2025\/03\/AIVONO-22000-Disposable-Puff-Bar.webp 800w, https:\/\/vapestornado.com\/wp-content\/uploads\/2025\/03\/AIVONO-22000-Disposable-Puff-Bar-300x300.webp 300w, https:\/\/vapestornado.com\/wp-content\/uploads\/2025\/03\/AIVONO-22000-Disposable-Puff-Bar-150x150.webp 150w, https:\/\/vapestornado.com\/wp-content\/uploads\/2025\/03\/AIVONO-22000-Disposable-Puff-Bar-768x768.webp 768w, https:\/\/vapestornado.com\/wp-content\/uploads\/2025\/03\/AIVONO-22000-Disposable-Puff-Bar-600x600.webp 600w, https:\/\/vapestornado.com\/wp-content\/uploads\/2025\/03\/AIVONO-22000-Disposable-Puff-Bar-100x100.webp 100w\" sizes=\"(max-width: 800px) 100vw, 800px\" \/><figcaption id=\"caption-attachment-4020\" class=\"wp-caption-text\">AIVONO 22000 eldobhat\u00f3 e-cigaretta<\/figcaption><\/figure>\n<p>&nbsp;<\/p>\n<\/div>\n<\/div>\n<\/div>\n<\/div>\n<\/div>\n<\/div>\n<\/div>\n<\/div>\n<\/article>\n<\/div>\n<\/div>\n<\/div>\n<\/div>\n<\/div>\n<\/div>\n<\/div>\n<\/div>\n<\/div>\n<\/div>\n<\/article>\n<h2>Mi\u00e9rt v\u00e1lassza a Vapestornad\u00f3t az AIVONO Fatpro 22000Puff v\u00e1s\u00e1rl\u00e1s\u00e1hoz?<\/h2>\n<div class=\"flex-shrink-0 flex flex-col relative items-end\">\n<div class=\"pt-0\">\n<div class=\"gizmo-bot-avatar flex h-8 w-8 items-center justify-center overflow-hidden rounded-full\">\n<div class=\"relative p-1 rounded-sm flex items-center justify-center bg-token-main-surface-primary text-token-text-primary h-8 w-8\">\n<p>At\u00a0<strong>VapeTornado<\/strong>b\u00fcszk\u00e9k vagyunk arra, hogy\u00a0<strong>pr\u00e9mium vaping term\u00e9keket k\u00edn\u00e1lunk verhetetlen \u00e1ron<\/strong>\u2014\u00e9s az AIVONO Fatpro 22000 sem kiv\u00e9tel! \u00cdme, mi\u00e9rt \u00e9rdemes t\u0151l\u00fcnk v\u00e1s\u00e1rolni:<\/p>\n<p><strong>Legjobb Nagykereskedelmi \u00c1rak<\/strong>\u00a0\u2013 Mi k\u00edn\u00e1lunk\u00a0<strong>versenyk\u00e9pes t\u00f6meges \u00e1rat<\/strong><span style=\"font-size: 16px;\">, \u00edgy mi vagyunk a legjobb v\u00e1laszt\u00e1s viszontelad\u00f3knak \u00e9s vape \u00fczleteknek.<\/span><\/p>\n<p><strong>Gyors<\/strong>\u00a0\u2013 Rendel\u00e9s\u00e9t k\u00e9zbes\u00edtj\u00fck\u00a0<strong>gyorsan \u00e9s biztons\u00e1gosan<\/strong>, vil\u00e1gszerte el\u00e9rhet\u0151 sz\u00e1ll\u00edt\u00e1si lehet\u0151s\u00e9gekkel.<br \/>\n<strong>100% Eredeti Term\u00e9kek<\/strong>\u00a0\u2013 Nincsenek ut\u00e1nzatok \u2013 csak\u00a0<strong>eredeti WASPE Triple eldobhat\u00f3 term\u00e9kek<\/strong>\u00a0ellen\u0151rz\u00f6tt min\u0151s\u00e9ggel.<br \/>\n<strong>Kiv\u00e1l\u00f3 \u00dcgyf\u00e9lszolg\u00e1lat<\/strong>\u00a0\u2013 K\u00e9rd\u00e9se van? A mi\u00a0<strong>vape szak\u00e9rt\u0151ink<\/strong> a nap 24 \u00f3r\u00e1j\u00e1ban k\u00e9szen \u00e1llnak a seg\u00edts\u00e9g\u00e9re.<\/p>\n<p data-start=\"559\" data-end=\"933\" data-is-last-node=\"\" data-is-only-node=\"\">Van n\u00e9h\u00e1ny m\u00e1s n\u00e9pszer\u0171, kijelz\u0151vel ell\u00e1tott vape term\u00e9k\u00fcnk is, mint p\u00e9ld\u00e1ul a <a href=\"https:\/\/vapestornado.com\/hu\/product\/vapme-goat-40000-puff-40k-hookah-shisha-pen-price-wholesale-e-cigarette\/\">Vapme Kecske 40000 Shisha<\/a>, <a href=\"https:\/\/vapestornado.com\/hu\/product\/2025-new-vopk-ultra-40000-puffs-double-flavor-disposable-vape-factory-suppliers\/\">VOPK 40000 2 az 1-ben Eldobhat\u00f3 Vape<\/a>, <a href=\"https:\/\/vapestornado.com\/hu\/product\/bang-beach-22000-20k-puff-disposable-vape-pen-with-screen-reddit-hot\/\">Bang Beach 22000<\/a>, \u00e9s m\u00e9g sok m\u00e1s.<\/p>\n<\/div>\n<div class=\"relative p-1 rounded-sm flex items-center justify-center bg-token-main-surface-primary text-token-text-primary h-8 w-8\">\n<h2>GYIK<\/h2>\n<p><strong>1. Mennyi ideig b\u00edrja az AIVONO Fatpro 22000?<\/strong><\/p>\n<p>A\u00a0<strong>22 000 slukk<\/strong>, ez a k\u00e9sz\u00fcl\u00e9k l\u00e9nyegesen tov\u00e1bb tart, mint a hagyom\u00e1nyos eldobhat\u00f3 e-cigarett\u00e1k. Haszn\u00e1latt\u00f3l f\u00fcgg\u0151en hetekig vagy ak\u00e1r h\u00f3napokig is szolg\u00e1lhatja a m\u00e9rs\u00e9kelt haszn\u00e1l\u00f3kat.<\/p>\n<p><strong>2. \u00dajrat\u00f6lthet\u0151 az AIVONO Fatpro?<\/strong><\/p>\n<p>Igen! Rendelkezik egy\u00a0<strong>Type-C \u00fajrat\u00f6lthet\u0151 port<\/strong>\u00a0\u00e9s egy\u00a0<strong>600mAh akkumul\u00e1tor<\/strong>, amely lehet\u0151v\u00e9 teszi, hogy teljes m\u00e9rt\u00e9kben kihaszn\u00e1lja a\u00a0<strong>28 ml-es e-liquid kapacit\u00e1ssal<\/strong>\u00a0an\u00e9lk\u00fcl, hogy lemer\u00fclne.<\/p>\n<p><strong>3. Milyen nikotiner\u0151ss\u00e9gek \u00e1llnak rendelkez\u00e9sre?<\/strong><\/p>\n<p>Az AIVONO Fatpro a k\u00f6vetkez\u0151ket k\u00edn\u00e1lja:\u00a0<strong>0% (nikotinmentes), 2%, 3% \u00e9s 5% nikotins\u00f3<\/strong>\u00a0opci\u00f3kat, minden t\u00edpus\u00fa e-cigarett\u00e1z\u00f3nak.<\/p>\n<p><strong>4. T\u00e1mogatja a t\u00fcd\u0151be sz\u00edv\u00e1st (DTL)?<\/strong><\/p>\n<p>Igen! A\u00a0<strong>0.6\u03a9 mesh tekercs<\/strong>\u00a0\u00e9s a\u00a0<strong>DTL kialak\u00edt\u00e1s<\/strong>\u00a0ide\u00e1liss\u00e1 teszi a k\u00f6zvetlen t\u00fcd\u0151be sz\u00edv\u00e1sra, sima, \u00edzletes felh\u0151ket eredm\u00e9nyezve\u00a0<strong>sima, \u00edzletes felh\u0151k<\/strong>.<\/p>\n<\/div>\n<\/div>\n<\/div>\n<\/div>","protected":false},"excerpt":{"rendered":"<p class=\"LC20lb MBeuO DKV0Md\">A <strong data-start=\"1217\" data-end=\"1250\">AIVONO Fatpro 22K Shisha Vape<\/strong> 22 000 sz\u00edv\u00e1st, digit\u00e1lis kijelz\u0151t \u00e9s h\u00e1l\u00f3s tekercs technol\u00f3gi\u00e1t k\u00edn\u00e1l. Kiv\u00e1l\u00f3 v\u00e1laszt\u00e1s <strong data-start=\"1334\" data-end=\"1359\">t\u00f6meges nagykereskedelmi rendel\u00e9sekhez<\/strong>.<\/p>\n<p><strong>Add hozz\u00e1 Amy whatsappj\u00e1t, hogy azonnali v\u00e1laszt \u00e9s kedvezm\u00e9nyes \u00e1rat kapj!<\/strong><\/p>\n<p><img fetchpriority=\"high\" decoding=\"async\" class=\"size-full wp-image-2932\" src=\"https:\/\/vapestornado.com\/wp-content\/uploads\/2024\/12\/Vape-Wholesale.jpg\" alt=\"Vape nagykereskedelem\" width=\"229\" height=\"300\" \/><\/p>\n<h3><a href=\"https:\/\/wa.me\/8617776015835\"><span style=\"color: #ff0000;\"><strong>WhatsApp: +86 17776015835<\/strong><\/span><\/a><\/h3>\n<p>&nbsp;<\/p>","protected":false},"featured_media":4026,"comment_status":"open","ping_status":"closed","template":"","meta":{"_acf_changed":false,"_uag_custom_page_level_css":"","_lmt_disableupdate":"no","_lmt_disable":"","_monsterinsights_skip_tracking":false,"_monsterinsights_sitenote_active":false,"_monsterinsights_sitenote_note":"","_monsterinsights_sitenote_category":0,"site-sidebar-layout":"default","site-content-layout":"","ast-site-content-layout":"default","site-content-style":"default","site-sidebar-style":"default","ast-global-header-display":"","ast-banner-title-visibility":"","ast-main-header-display":"","ast-hfb-above-header-display":"","ast-hfb-below-header-display":"","ast-hfb-mobile-header-display":"","site-post-title":"","ast-breadcrumbs-content":"","ast-featured-img":"","footer-sml-layout":"","ast-disable-related-posts":"","theme-transparent-header-meta":"default","adv-header-id-meta":"","stick-header-meta":"","header-above-stick-meta":"","header-main-stick-meta":"","header-below-stick-meta":"","astra-migrate-meta-layouts":"set","ast-page-background-enabled":"default","ast-page-background-meta":{"desktop":{"background-color":"","background-image":"","background-repeat":"repeat","background-position":"center center","background-size":"auto","background-attachment":"scroll","background-type":"","background-media":"","overlay-type":"","overlay-color":"","overlay-opacity":"","overlay-gradient":""},"tablet":{"background-color":"","background-image":"","background-repeat":"repeat","background-position":"center center","background-size":"auto","background-attachment":"scroll","background-type":"","background-media":"","overlay-type":"","overlay-color":"","overlay-opacity":"","overlay-gradient":""},"mobile":{"background-color":"","background-image":"","background-repeat":"repeat","background-position":"center center","background-size":"auto","background-attachment":"scroll","background-type":"","background-media":"","overlay-type":"","overlay-color":"","overlay-opacity":"","overlay-gradient":""}},"ast-content-background-meta":{"desktop":{"background-color":"var(--ast-global-color-5)","background-image":"","background-repeat":"repeat","background-position":"center center","background-size":"auto","background-attachment":"scroll","background-type":"","background-media":"","overlay-type":"","overlay-color":"","overlay-opacity":"","overlay-gradient":""},"tablet":{"background-color":"var(--ast-global-color-5)","background-image":"","background-repeat":"repeat","background-position":"center center","background-size":"auto","background-attachment":"scroll","background-type":"","background-media":"","overlay-type":"","overlay-color":"","overlay-opacity":"","overlay-gradient":""},"mobile":{"background-color":"var(--ast-global-color-5)","background-image":"","background-repeat":"repeat","background-position":"center center","background-size":"auto","background-attachment":"scroll","background-type":"","background-media":"","overlay-type":"","overlay-color":"","overlay-opacity":"","overlay-gradient":""}},"_joinchat":{"telephone":"17776015835"}},"product_brand":[],"product_cat":[176,154,147],"product_tag":[308,105,284,296,94],"class_list":{"0":"post-4047","1":"product","2":"type-product","3":"status-publish","4":"has-post-thumbnail","6":"product_cat-aivono-vape","7":"product_cat-buy-disposable-vapes-in-netherlands","8":"product_cat-shisha-hookah-disposable-vapes","9":"product_tag-aivono-fatpro-22000","10":"product_tag-digital-disposable-vape","11":"product_tag-disposable-shisha","12":"product_tag-puff-bar","13":"product_tag-rechargeable-disposable-vape","14":"desktop-align-left","15":"tablet-align-left","16":"mobile-align-left","18":"first","19":"instock","20":"sale","21":"shipping-taxable","22":"purchasable","23":"product-type-simple"},"acf":[],"uagb_featured_image_src":{"full":["https:\/\/vapestornado.com\/wp-content\/uploads\/2025\/03\/Wholesale-Vape-Original-Ainovo-Aim-Fatpro-22000-Puffs.webp",800,800,false],"thumbnail":["https:\/\/vapestornado.com\/wp-content\/uploads\/2025\/03\/Wholesale-Vape-Original-Ainovo-Aim-Fatpro-22000-Puffs-150x150.webp",150,150,true],"medium":["https:\/\/vapestornado.com\/wp-content\/uploads\/2025\/03\/Wholesale-Vape-Original-Ainovo-Aim-Fatpro-22000-Puffs-300x300.webp",300,300,true],"medium_large":["https:\/\/vapestornado.com\/wp-content\/uploads\/2025\/03\/Wholesale-Vape-Original-Ainovo-Aim-Fatpro-22000-Puffs-768x768.webp",768,768,true],"large":["https:\/\/vapestornado.com\/wp-content\/uploads\/2025\/03\/Wholesale-Vape-Original-Ainovo-Aim-Fatpro-22000-Puffs.webp",800,800,false],"1536x1536":["https:\/\/vapestornado.com\/wp-content\/uploads\/2025\/03\/Wholesale-Vape-Original-Ainovo-Aim-Fatpro-22000-Puffs.webp",800,800,false],"2048x2048":["https:\/\/vapestornado.com\/wp-content\/uploads\/2025\/03\/Wholesale-Vape-Original-Ainovo-Aim-Fatpro-22000-Puffs.webp",800,800,false],"trp-custom-language-flag":["https:\/\/vapestornado.com\/wp-content\/uploads\/2025\/03\/Wholesale-Vape-Original-Ainovo-Aim-Fatpro-22000-Puffs.webp",12,12,false],"woocommerce_thumbnail":["https:\/\/vapestornado.com\/wp-content\/uploads\/2025\/03\/Wholesale-Vape-Original-Ainovo-Aim-Fatpro-22000-Puffs-300x300.webp",300,300,true],"woocommerce_single":["https:\/\/vapestornado.com\/wp-content\/uploads\/2025\/03\/Wholesale-Vape-Original-Ainovo-Aim-Fatpro-22000-Puffs-600x600.webp",600,600,true],"woocommerce_gallery_thumbnail":["https:\/\/vapestornado.com\/wp-content\/uploads\/2025\/03\/Wholesale-Vape-Original-Ainovo-Aim-Fatpro-22000-Puffs-100x100.webp",100,100,true]},"uagb_author_info":{"display_name":"ESAMY","author_link":"https:\/\/vapestornado.com\/hu\/author\/"},"uagb_comment_info":0,"uagb_excerpt":"The AIVONO Fatpro 22K Shisha Vape offers 22,000 puffs, digital display, and mesh coil technology. A great choice for bulk wholesale orders. Add Amy's whatsapp to get right reply and discount price! WhatsApp: +86 17776015835 &nbsp;","_links":{"self":[{"href":"https:\/\/vapestornado.com\/hu\/wp-json\/wp\/v2\/product\/4047","targetHints":{"allow":["GET"]}}],"collection":[{"href":"https:\/\/vapestornado.com\/hu\/wp-json\/wp\/v2\/product"}],"about":[{"href":"https:\/\/vapestornado.com\/hu\/wp-json\/wp\/v2\/types\/product"}],"replies":[{"embeddable":true,"href":"https:\/\/vapestornado.com\/hu\/wp-json\/wp\/v2\/comments?post=4047"}],"wp:featuredmedia":[{"embeddable":true,"href":"https:\/\/vapestornado.com\/hu\/wp-json\/wp\/v2\/media\/4026"}],"wp:attachment":[{"href":"https:\/\/vapestornado.com\/hu\/wp-json\/wp\/v2\/media?parent=4047"}],"wp:term":[{"taxonomy":"product_brand","embeddable":true,"href":"https:\/\/vapestornado.com\/hu\/wp-json\/wp\/v2\/product_brand?post=4047"},{"taxonomy":"product_cat","embeddable":true,"href":"https:\/\/vapestornado.com\/hu\/wp-json\/wp\/v2\/product_cat?post=4047"},{"taxonomy":"product_tag","embeddable":true,"href":"https:\/\/vapestornado.com\/hu\/wp-json\/wp\/v2\/product_tag?post=4047"}],"curies":[{"name":"wp","href":"https:\/\/api.w.org\/{rel}","templated":true}]}}