{"id":4046,"date":"2025-03-31T09:39:14","date_gmt":"2025-03-31T09:39:14","guid":{"rendered":"https:\/\/vapestornado.com\/?post_type=product&#038;p=4046"},"modified":"2025-08-23T11:59:15","modified_gmt":"2025-08-23T11:59:15","slug":"aivono-aim-boom-25000-puffs-rechargeable-disposables-vape-pod-shop-on-line","status":"publish","type":"product","link":"https:\/\/vapestornado.com\/hu\/product\/aivono-aim-boom-25000-puffs-rechargeable-disposables-vape-pod-shop-on-line\/","title":{"rendered":"Aivono Aim Boom 25000 Puffs \u00dajrat\u00f6lthet\u0151 Eldobhat\u00f3 Vape Pod Shop Online"},"content":{"rendered":"<h1 data-pm-slice=\"1 1 []\">Aivono Aim Boom 25000 Puffs \u00dajrat\u00f6lthet\u0151 Eldobhat\u00f3 Vape Pod Shop Online<\/h1>\n<p class=\"\" data-start=\"1287\" data-end=\"1418\">A <strong data-start=\"285\" data-end=\"332\">Aivono Aim Boom 25000 Puffs Eldobhat\u00f3 Vape<\/strong> nagykeresked\u0151k \u00e9s vape \u00fczletek sz\u00e1m\u00e1ra k\u00e9sz\u00fclt, akik nagy kapacit\u00e1s\u00fa, megb\u00edzhat\u00f3 eszk\u00f6z\u00f6ket keresnek. Ak\u00e1r <strong data-start=\"429\" data-end=\"445\">25 000 sz\u00edv\u00e1snyi<\/strong>sz\u00edv\u00e1st is k\u00edn\u00e1l, ez a pod hosszan tart\u00f3 haszn\u00e1latot biztos\u00edt, amelyet egy <strong data-start=\"501\" data-end=\"532\">650mAh-s \u00fajrat\u00f6lthet\u0151 akkumul\u00e1tor<\/strong> \u00e1ltal m\u0171k\u00f6dtetve <strong data-start=\"538\" data-end=\"557\">\u00e9s a Type-C t\u00f6lt\u00e9s<\/strong>. A <strong data-start=\"563\" data-end=\"596\">28 ml-es el\u0151ret\u00f6lt\u00f6tt e-liquid tart\u00e1ly<\/strong> kombin\u00e1lva <strong data-start=\"611\" data-end=\"640\">dupla h\u00e1l\u00f3s tekercs technol\u00f3gi\u00e1ja<\/strong> garant\u00e1lja a sima g\u0151zt \u00e9s az er\u0151s \u00edzeket az elej\u00e9t\u0151l a v\u00e9g\u00e9ig.<\/p>\n<p>Mit\u0151l egyedi a Bang Vape 35000? <strong data-start=\"727\" data-end=\"752\">okos digit\u00e1lis kijelz\u0151<\/strong> val\u00f3s id\u0151ben t\u00e1j\u00e9koztatja a felhaszn\u00e1l\u00f3kat az akkumul\u00e1tor \u00e9lettartam\u00e1r\u00f3l \u00e9s az e-liquid szintj\u00e9r\u0151l, ami k\u00e9nyelmet \u00e9s ir\u00e1ny\u00edt\u00e1st is biztos\u00edt. A nagy t\u00e9telben t\u00f6rt\u00e9n\u0151 \u00e9rt\u00e9kes\u00edt\u00e9sre tervezett Aivono Aim Boom 25K egy j\u00f6vedelmez\u0151 lehet\u0151s\u00e9g a forgalmaz\u00f3k sz\u00e1m\u00e1ra, akik tart\u00f3s, \u00edzletes \u00e9s k\u00f6lts\u00e9ghat\u00e9kony eldobhat\u00f3 vape podokat szeretn\u00e9nek k\u00edn\u00e1lni \u00fcgyfeleiknek.<\/p>\n<p data-start=\"666\" data-end=\"1235\"><strong style=\"font-size: 16px;\"><span style=\"color: #ff0000;\">Add hozz\u00e1 Amy WhatsApp-j\u00e1t, hogy azonnali v\u00e1laszt \u00e9s kedvezm\u00e9nyes \u00e1rat kapj!<\/span><\/strong><\/p>\n<p><img fetchpriority=\"high\" decoding=\"async\" class=\"size-full wp-image-2932\" src=\"https:\/\/vapestornado.com\/wp-content\/uploads\/2024\/12\/Vape-Wholesale.jpg\" alt=\"Vape nagykereskedelem\" width=\"229\" height=\"300\" \/><\/p>\n<h3><a href=\"https:\/\/wa.me\/8617776015835\" target=\"_blank\" rel=\"noopener\"><span style=\"color: #ff0000;\"><strong>WhatsApp: +86 17776015835<\/strong><\/span><\/a><\/h3>\n<p>&nbsp;<\/p>\n<h2><strong>Aivono Aim Boom 25000 F\u0151bb Term\u00e9kjellemz\u0151k<\/strong><\/h2>\n<ul>\n<li class=\"\" data-start=\"593\" data-end=\"724\">\n<p class=\"\" data-start=\"595\" data-end=\"724\"><strong data-start=\"595\" data-end=\"627\">Testreszabhat\u00f3 nikotinszintek<\/strong> \u2013 V\u00e1lasszon 0 sz\u00e1zal\u00e9kos, 2 sz\u00e1zal\u00e9kos, 3 sz\u00e1zal\u00e9kos vagy 5 sz\u00e1zal\u00e9kos nikotint, hogy megfeleljen az \u00d6n ig\u00e9nyeinek.<\/p>\n<\/li>\n<li class=\"\" data-start=\"725\" data-end=\"822\">\n<p class=\"\" data-start=\"727\" data-end=\"822\"><strong data-start=\"727\" data-end=\"758\">Massz\u00edv 25000 Slukk Kapacit\u00e1s<\/strong> \u2013 Hossz\u00fa t\u00e1v\u00fa vapingra tervezt\u00e9k, gyakori csere n\u00e9lk\u00fcl.<\/p>\n<\/li>\n<li class=\"\" data-start=\"823\" data-end=\"939\">\n<p class=\"\" data-start=\"825\" data-end=\"939\"><strong data-start=\"825\" data-end=\"852\">28 ml E-Liquid Tart\u00e1ly<\/strong> \u2013 B\u0151s\u00e9ges e-liquidet tartalmaz a hosszan tart\u00f3 haszn\u00e1lathoz, cs\u00f6kkentve a folyamatos \u00fajrat\u00f6lt\u00e9s sz\u00fcks\u00e9gess\u00e9g\u00e9t.<\/p>\n<\/li>\n<li class=\"\" data-start=\"940\" data-end=\"1051\">\n<p class=\"\" data-start=\"942\" data-end=\"1051\"><strong data-start=\"942\" data-end=\"969\">Fejlett 1.2\u03a9 Mesh Coil<\/strong> \u2013 Fokozza a g\u0151ztermel\u00e9st \u00e9s az \u00edzkonzisztenci\u00e1t a kiel\u00e9g\u00edt\u0151 \u00e9lm\u00e9ny \u00e9rdek\u00e9ben.<\/p>\n<\/li>\n<li class=\"\" data-start=\"1052\" data-end=\"1177\">\n<p class=\"\" data-start=\"1054\" data-end=\"1177\"><strong data-start=\"1054\" data-end=\"1085\">\u00dajrat\u00f6lthet\u0151 650mAh akkumul\u00e1tor<\/strong> \u2013 Hossz\u00fa \u00e9lettartam\u00fa teljes\u00edtm\u00e9ny Type-C t\u00f6lt\u00e9ssel a gyors \u00e9s hat\u00e9kony energiap\u00f3tl\u00e1shoz.<\/p>\n<\/li>\n<li class=\"\" data-start=\"1178\" data-end=\"1277\">\n<p class=\"\" data-start=\"1180\" data-end=\"1277\"><strong data-start=\"1180\" data-end=\"1205\">Okos digit\u00e1lis kijelz\u0151<\/strong> \u2013 Val\u00f3s idej\u0171 e-liquid \u00e9s akkumul\u00e1tor szinteket mutat, kik\u00fcsz\u00f6b\u00f6lve a tal\u00e1lgat\u00e1st.<\/p>\n<\/li>\n<li class=\"\" data-start=\"1278\" data-end=\"1343\">\n<p class=\"\" data-start=\"1280\" data-end=\"1343\"><strong data-start=\"1280\" data-end=\"1304\">Vil\u00e1g\u00edt\u00f3 Log\u00f3 Design<\/strong> \u2013 St\u00edlusos megjelen\u00e9st k\u00f6lcs\u00f6n\u00f6z a g\u0151z\u00f6l\u00e9s k\u00f6zben.<\/p>\n<\/li>\n<li class=\"\" data-start=\"1344\" data-end=\"1453\">\n<p class=\"\" data-start=\"1346\" data-end=\"1453\"><strong data-start=\"1346\" data-end=\"1369\">Dupla H\u00e1l\u00f3 Kapcsol\u00e1s<\/strong> \u2013 Biztos\u00edtja az egyenletes felmeleged\u00e9st \u00e9s a sima g\u0151ztermel\u00e9st a pr\u00e9mium g\u0151z\u00f6l\u00e9si \u00e9lm\u00e9ny\u00e9rt.<\/p>\n<\/li>\n<\/ul>\n<h2 class=\"product-title\"><strong>Aivono Aim Boom 25000 Puffs Eldobhat\u00f3 K\u00e9sz\u00fcl\u00e9kek \u00cdzlista<\/strong><\/h2>\n<article class=\"w-full text-token-text-primary focus-visible:outline-2 focus-visible:outline-offset-[-4px]\" dir=\"auto\" data-testid=\"conversation-turn-32\" data-scroll-anchor=\"false\">\n<div class=\"m-auto text-base py-[18px] px-6\">\n<div class=\"mx-auto flex flex-1 text-base gap-4 md:gap-5 lg:gap-6 md:max-w-3xl lg:max-w-[40rem] xl:max-w-[48rem]\">\n<div class=\"group\/conversation-turn relative flex w-full min-w-0 flex-col @xs\/thread:px-0 @sm\/thread:px-1.5 @md\/thread:px-4\">\n<div class=\"flex-col gap-1 md:gap-3\">\n<div class=\"flex max-w-full flex-col flex-grow\">\n<div class=\"min-h-8 text-message flex w-full flex-col items-end gap-2 whitespace-normal break-words text-start [.text-message+&amp;]:mt-5\" dir=\"auto\" data-message-author-role=\"user\" data-message-id=\"ffac41ca-1db4-431b-873a-32c4052956f1\">\n<div class=\"flex w-full flex-col gap-1 empty:hidden items-end rtl:items-start\">\n<div class=\"relative max-w-[var(--user-chat-width,70%)] rounded-3xl bg-token-message-surface px-5 py-2.5\">\n<div class=\"absolute bottom-0 right-full top-0 -mr-3.5 hidden pr-5 pt-2 [.group\/conversation-turn:hover_&amp;]:flex\">\n<div class=\"flex\">\n<article class=\"w-full text-token-text-primary focus-visible:outline-2 focus-visible:outline-offset-[-4px]\" dir=\"auto\" data-testid=\"conversation-turn-39\" data-scroll-anchor=\"true\">\n<div class=\"m-auto text-base py-[18px] px-6\">\n<div class=\"mx-auto flex flex-1 text-base gap-4 md:gap-5 lg:gap-6 md:max-w-3xl lg:max-w-[40rem] xl:max-w-[48rem]\">\n<div class=\"group\/conversation-turn relative flex w-full min-w-0 flex-col agent-turn @xs\/thread:px-0 @sm\/thread:px-1.5 @md\/thread:px-4\">\n<div class=\"flex-col gap-1 md:gap-3\">\n<div class=\"flex max-w-full flex-col flex-grow\">\n<div class=\"min-h-8 text-message flex w-full flex-col items-end gap-2 whitespace-normal break-words text-start [.text-message+&amp;]:mt-5\" dir=\"auto\" data-message-author-role=\"assistant\" data-message-id=\"55a23854-ec57-48dd-bd4f-6118f43d6241\" data-message-model-slug=\"gpt-4o\">\n<div class=\"flex w-full flex-col gap-1 empty:hidden first:pt-[3px]\">\n<div class=\"markdown prose w-full break-words dark:prose-invert light\">\n<p>1.Miami Menta<br \/>\n2. G\u00f6r\u00f6gdinnye j\u00e9g<br \/>\n3. K\u00e9k M\u00e1lna J\u00e9g<br \/>\n4.M\u00e1lna \u0150szibarack Lime<br \/>\n5.K\u00e9k Rancher<br \/>\n6.Savany\u00fa Mang\u00f3 Anan\u00e1sz<br \/>\n7.Eper B-Pop<br \/>\n8.Z\u00f6ld Alma Sz\u0151l\u0151<br \/>\n9.Dinnye Citrom<br \/>\n10. Jeges g\u00f6r\u00f6gdinnye Cseresznye<\/p>\n<figure id=\"attachment_4027\" aria-describedby=\"caption-attachment-4027\" style=\"width: 1024px\" class=\"wp-caption alignnone\"><img decoding=\"async\" class=\"wp-image-4027 size-large\" src=\"https:\/\/vapestornado.com\/wp-content\/uploads\/2025\/03\/Aim-Boom-25000-Factory-Price-1024x900.jpg\" alt=\"Aim Boom 25000 Gy\u00e1ri \u00c1r\" width=\"1024\" height=\"900\" srcset=\"https:\/\/vapestornado.com\/wp-content\/uploads\/2025\/03\/Aim-Boom-25000-Factory-Price-1024x900.jpg 1024w, https:\/\/vapestornado.com\/wp-content\/uploads\/2025\/03\/Aim-Boom-25000-Factory-Price-300x264.jpg 300w, https:\/\/vapestornado.com\/wp-content\/uploads\/2025\/03\/Aim-Boom-25000-Factory-Price-768x675.jpg 768w, https:\/\/vapestornado.com\/wp-content\/uploads\/2025\/03\/Aim-Boom-25000-Factory-Price-1536x1349.jpg 1536w, https:\/\/vapestornado.com\/wp-content\/uploads\/2025\/03\/Aim-Boom-25000-Factory-Price-2048x1799.jpg 2048w, https:\/\/vapestornado.com\/wp-content\/uploads\/2025\/03\/Aim-Boom-25000-Factory-Price-600x527.jpg 600w\" sizes=\"(max-width: 1024px) 100vw, 1024px\" \/><figcaption id=\"caption-attachment-4027\" class=\"wp-caption-text\">Aim Boom 25000 Gy\u00e1ri \u00c1r<\/figcaption><\/figure>\n<\/div>\n<\/div>\n<\/div>\n<\/div>\n<\/div>\n<\/div>\n<\/div>\n<\/div>\n<\/article>\n<\/div>\n<\/div>\n<\/div>\n<\/div>\n<\/div>\n<\/div>\n<\/div>\n<\/div>\n<\/div>\n<\/div>\n<\/article>\n<h2>Mi\u00e9rt v\u00e1lassza a Vapestornad\u00f3t az Aivono Aim Boom 25000Puff v\u00e1s\u00e1rl\u00e1s\u00e1hoz?<\/h2>\n<div class=\"flex-shrink-0 flex flex-col relative items-end\">\n<div class=\"pt-0\">\n<div class=\"gizmo-bot-avatar flex h-8 w-8 items-center justify-center overflow-hidden rounded-full\">\n<div class=\"relative p-1 rounded-sm flex items-center justify-center bg-token-main-surface-primary text-token-text-primary h-8 w-8\">\n<p>At\u00a0<strong>VapeTornado<\/strong>b\u00fcszk\u00e9k vagyunk arra, hogy\u00a0<strong>pr\u00e9mium vaping term\u00e9keket k\u00edn\u00e1lunk verhetetlen \u00e1ron<\/strong>\u2014\u00e9s az Aivono Aim Boom 25000 sem kiv\u00e9tel! \u00cdme, mi\u00e9rt \u00e9rdemes t\u0151l\u00fcnk v\u00e1s\u00e1rolni:<\/p>\n<p><strong>Legjobb Nagykereskedelmi \u00c1rak<\/strong>\u00a0\u2013 Mi k\u00edn\u00e1lunk\u00a0<strong>versenyk\u00e9pes t\u00f6meges \u00e1rat<\/strong><span style=\"font-size: 16px;\">, \u00edgy mi vagyunk a legjobb v\u00e1laszt\u00e1s viszontelad\u00f3knak \u00e9s vape \u00fczleteknek.<\/span><\/p>\n<p><strong>Gyors<\/strong>\u00a0\u2013 Rendel\u00e9s\u00e9t k\u00e9zbes\u00edtj\u00fck\u00a0<strong>gyorsan \u00e9s biztons\u00e1gosan<\/strong>, vil\u00e1gszerte el\u00e9rhet\u0151 sz\u00e1ll\u00edt\u00e1si lehet\u0151s\u00e9gekkel.<br \/>\n<strong>100% Eredeti Term\u00e9kek<\/strong>\u00a0\u2013 Nincsenek ut\u00e1nzatok \u2013 csak\u00a0<strong>eredeti WASPE Triple eldobhat\u00f3 term\u00e9kek<\/strong>\u00a0ellen\u0151rz\u00f6tt min\u0151s\u00e9ggel.<br \/>\n<strong>Kiv\u00e1l\u00f3 \u00dcgyf\u00e9lszolg\u00e1lat<\/strong>\u00a0\u2013 K\u00e9rd\u00e9se van? A mi\u00a0<strong>vape szak\u00e9rt\u0151ink<\/strong> a nap 24 \u00f3r\u00e1j\u00e1ban k\u00e9szen \u00e1llnak a seg\u00edts\u00e9g\u00e9re.<\/p>\n<p data-start=\"559\" data-end=\"933\" data-is-last-node=\"\" data-is-only-node=\"\">Van n\u00e9h\u00e1ny m\u00e1s n\u00e9pszer\u0171, kijelz\u0151vel ell\u00e1tott vape term\u00e9k\u00fcnk is, mint p\u00e9ld\u00e1ul a <a href=\"https:\/\/vapestornado.com\/hu\/product\/vapme-goat-40000-puff-40k-hookah-shisha-pen-price-wholesale-e-cigarette\/\">Vapme Kecske 40000 Shisha<\/a>, <a href=\"https:\/\/vapestornado.com\/hu\/product\/2025-new-vopk-ultra-40000-puffs-double-flavor-disposable-vape-factory-suppliers\/\">VOPK 40000 2 az 1-ben Eldobhat\u00f3 Vape<\/a>, <a href=\"https:\/\/vapestornado.com\/hu\/product\/bang-beach-22000-20k-puff-disposable-vape-pen-with-screen-reddit-hot\/\">Bang Beach 22000<\/a>, \u00e9s m\u00e9g sok m\u00e1s.<\/p>\n<\/div>\n<div class=\"relative p-1 rounded-sm flex items-center justify-center bg-token-main-surface-primary text-token-text-primary h-8 w-8\">\n<h2>GYIK<\/h2>\n<p class=\"\" data-start=\"1950\" data-end=\"2133\"><strong data-start=\"1950\" data-end=\"2008\">1. Mennyi ideig b\u00edrja az Aivono Aim Boom 25000 Puffs?<\/strong><br data-start=\"2008\" data-end=\"2011\" \/>A 25000 puff kapacit\u00e1s\u00e1val az eszk\u00f6z \u00fagy lett tervezve, hogy hosszabb ideig tartson, az egy\u00e9ni haszn\u00e1lati szok\u00e1sokt\u00f3l f\u00fcgg\u0151en.<\/p>\n<p class=\"\" data-start=\"2135\" data-end=\"2277\"><strong data-start=\"2135\" data-end=\"2166\">2. \u00dajrat\u00f6lthetem a vape-et?<\/strong><br data-start=\"2166\" data-end=\"2169\" \/>Igen, a k\u00e9sz\u00fcl\u00e9k 650mAh-s \u00fajrat\u00f6lthet\u0151 akkumul\u00e1torral rendelkezik, Type-C t\u00f6lt\u00e9ssel a gyors \u00e9s egyszer\u0171 \u00fajrat\u00f6lt\u00e9s \u00e9rdek\u00e9ben.<\/p>\n<p class=\"\" data-start=\"2279\" data-end=\"2455\"><strong data-start=\"2279\" data-end=\"2333\">3. Hogyan ellen\u0151rizhetem az akkumul\u00e1tor \u00e9s az e-liquid szintj\u00e9t?<\/strong><br data-start=\"2333\" data-end=\"2336\" \/>Az intelligens kijelz\u0151 val\u00f3s idej\u0171 friss\u00edt\u00e9seket biztos\u00edt az akkumul\u00e1tor \u00e9lettartam\u00e1r\u00f3l \u00e9s az e-liquid szintj\u00e9r\u0151l a probl\u00e9mamentes \u00e9lm\u00e9ny \u00e9rdek\u00e9ben.<\/p>\n<p class=\"\" data-start=\"2457\" data-end=\"2622\"><strong data-start=\"2457\" data-end=\"2513\">4. Mit\u0151l k\u00fcl\u00f6nleges a kett\u0151s h\u00e1l\u00f3s tekercs technol\u00f3gia?<\/strong><br data-start=\"2513\" data-end=\"2516\" \/>A kett\u0151s h\u00e1l\u00f3s kapcsol\u00e1s fokozza a g\u0151ztermel\u00e9st, biztos\u00edtva a sima \u00e9s egyenletes slukkokat gazdag \u00edzzel.<\/p>\n<\/div>\n<\/div>\n<\/div>\n<\/div>","protected":false},"excerpt":{"rendered":"<p class=\"LC20lb MBeuO DKV0Md\">A <strong data-start=\"1060\" data-end=\"1092\">Aivono Aim Boom 25K Vape Pod<\/strong> 25 000 sz\u00edv\u00e1st, dupla h\u00e1l\u00f3s tekercseket \u00e9s intelligens kijelz\u0151t k\u00edn\u00e1l. Kiv\u00e1l\u00f3 v\u00e1laszt\u00e1s a <strong data-start=\"1167\" data-end=\"1197\">nagykereskedelmi vape rendel\u00e9sekhez<\/strong>.<\/p>\n<p><strong>Add hozz\u00e1 Amy whatsappj\u00e1t, hogy azonnali v\u00e1laszt \u00e9s kedvezm\u00e9nyes \u00e1rat kapj!<\/strong><\/p>\n<p><img fetchpriority=\"high\" decoding=\"async\" class=\"size-full wp-image-2932\" src=\"https:\/\/vapestornado.com\/wp-content\/uploads\/2024\/12\/Vape-Wholesale.jpg\" alt=\"Vape nagykereskedelem\" width=\"229\" height=\"300\" \/><\/p>\n<h3><a href=\"https:\/\/wa.me\/8617776015835\"><span style=\"color: #ff0000;\"><strong>WhatsApp: +86 17776015835<\/strong><\/span><\/a><\/h3>\n<p>&nbsp;<\/p>","protected":false},"featured_media":4030,"comment_status":"open","ping_status":"closed","template":"","meta":{"_acf_changed":false,"_uag_custom_page_level_css":"","_lmt_disableupdate":"no","_lmt_disable":"","_monsterinsights_skip_tracking":false,"_monsterinsights_sitenote_active":false,"_monsterinsights_sitenote_note":"","_monsterinsights_sitenote_category":0,"site-sidebar-layout":"default","site-content-layout":"","ast-site-content-layout":"default","site-content-style":"default","site-sidebar-style":"default","ast-global-header-display":"","ast-banner-title-visibility":"","ast-main-header-display":"","ast-hfb-above-header-display":"","ast-hfb-below-header-display":"","ast-hfb-mobile-header-display":"","site-post-title":"","ast-breadcrumbs-content":"","ast-featured-img":"","footer-sml-layout":"","ast-disable-related-posts":"","theme-transparent-header-meta":"default","adv-header-id-meta":"","stick-header-meta":"","header-above-stick-meta":"","header-main-stick-meta":"","header-below-stick-meta":"","astra-migrate-meta-layouts":"set","ast-page-background-enabled":"default","ast-page-background-meta":{"desktop":{"background-color":"","background-image":"","background-repeat":"repeat","background-position":"center center","background-size":"auto","background-attachment":"scroll","background-type":"","background-media":"","overlay-type":"","overlay-color":"","overlay-opacity":"","overlay-gradient":""},"tablet":{"background-color":"","background-image":"","background-repeat":"repeat","background-position":"center center","background-size":"auto","background-attachment":"scroll","background-type":"","background-media":"","overlay-type":"","overlay-color":"","overlay-opacity":"","overlay-gradient":""},"mobile":{"background-color":"","background-image":"","background-repeat":"repeat","background-position":"center center","background-size":"auto","background-attachment":"scroll","background-type":"","background-media":"","overlay-type":"","overlay-color":"","overlay-opacity":"","overlay-gradient":""}},"ast-content-background-meta":{"desktop":{"background-color":"var(--ast-global-color-5)","background-image":"","background-repeat":"repeat","background-position":"center center","background-size":"auto","background-attachment":"scroll","background-type":"","background-media":"","overlay-type":"","overlay-color":"","overlay-opacity":"","overlay-gradient":""},"tablet":{"background-color":"var(--ast-global-color-5)","background-image":"","background-repeat":"repeat","background-position":"center center","background-size":"auto","background-attachment":"scroll","background-type":"","background-media":"","overlay-type":"","overlay-color":"","overlay-opacity":"","overlay-gradient":""},"mobile":{"background-color":"var(--ast-global-color-5)","background-image":"","background-repeat":"repeat","background-position":"center center","background-size":"auto","background-attachment":"scroll","background-type":"","background-media":"","overlay-type":"","overlay-color":"","overlay-opacity":"","overlay-gradient":""}},"_joinchat":{"telephone":"17776015835"}},"product_brand":[],"product_cat":[68,176,156,158,142],"product_tag":[307,105,211,94,302],"class_list":{"0":"post-4046","1":"product","2":"type-product","3":"status-publish","4":"has-post-thumbnail","6":"product_cat-25000-puff","7":"product_cat-aivono-vape","8":"product_cat-buy-disposable-vapes-in-poland","9":"product_cat-buy-disposable-vapes-in-spain","10":"product_cat-digital-box-disposable-vapes","11":"product_tag-aivono-aim-boom-25000","12":"product_tag-digital-disposable-vape","13":"product_tag-puff-25k","14":"product_tag-rechargeable-disposable-vape","15":"product_tag-vape-box-mod","16":"desktop-align-left","17":"tablet-align-left","18":"mobile-align-left","20":"first","21":"instock","22":"sale","23":"shipping-taxable","24":"purchasable","25":"product-type-simple"},"acf":[],"uagb_featured_image_src":{"full":["https:\/\/vapestornado.com\/wp-content\/uploads\/2025\/03\/Aivono-Aim-Boom-25000-Best-Disposable-Vape-Wholesale.jpg",1080,1080,false],"thumbnail":["https:\/\/vapestornado.com\/wp-content\/uploads\/2025\/03\/Aivono-Aim-Boom-25000-Best-Disposable-Vape-Wholesale-150x150.jpg",150,150,true],"medium":["https:\/\/vapestornado.com\/wp-content\/uploads\/2025\/03\/Aivono-Aim-Boom-25000-Best-Disposable-Vape-Wholesale-300x300.jpg",300,300,true],"medium_large":["https:\/\/vapestornado.com\/wp-content\/uploads\/2025\/03\/Aivono-Aim-Boom-25000-Best-Disposable-Vape-Wholesale-768x768.jpg",768,768,true],"large":["https:\/\/vapestornado.com\/wp-content\/uploads\/2025\/03\/Aivono-Aim-Boom-25000-Best-Disposable-Vape-Wholesale-1024x1024.jpg",1024,1024,true],"1536x1536":["https:\/\/vapestornado.com\/wp-content\/uploads\/2025\/03\/Aivono-Aim-Boom-25000-Best-Disposable-Vape-Wholesale.jpg",1080,1080,false],"2048x2048":["https:\/\/vapestornado.com\/wp-content\/uploads\/2025\/03\/Aivono-Aim-Boom-25000-Best-Disposable-Vape-Wholesale.jpg",1080,1080,false],"trp-custom-language-flag":["https:\/\/vapestornado.com\/wp-content\/uploads\/2025\/03\/Aivono-Aim-Boom-25000-Best-Disposable-Vape-Wholesale.jpg",12,12,false],"woocommerce_thumbnail":["https:\/\/vapestornado.com\/wp-content\/uploads\/2025\/03\/Aivono-Aim-Boom-25000-Best-Disposable-Vape-Wholesale-300x300.jpg",300,300,true],"woocommerce_single":["https:\/\/vapestornado.com\/wp-content\/uploads\/2025\/03\/Aivono-Aim-Boom-25000-Best-Disposable-Vape-Wholesale-600x600.jpg",600,600,true],"woocommerce_gallery_thumbnail":["https:\/\/vapestornado.com\/wp-content\/uploads\/2025\/03\/Aivono-Aim-Boom-25000-Best-Disposable-Vape-Wholesale-100x100.jpg",100,100,true]},"uagb_author_info":{"display_name":"ESAMY","author_link":"https:\/\/vapestornado.com\/hu\/author\/"},"uagb_comment_info":0,"uagb_excerpt":"The Aivono Aim Boom 25K Vape Pod offers 25,000 puffs, dual mesh coils, and a smart display. A top pick for wholesale bulk vape orders. Add Amy's whatsapp to get right reply and discount price! WhatsApp: +86 17776015835 &nbsp;","_links":{"self":[{"href":"https:\/\/vapestornado.com\/hu\/wp-json\/wp\/v2\/product\/4046","targetHints":{"allow":["GET"]}}],"collection":[{"href":"https:\/\/vapestornado.com\/hu\/wp-json\/wp\/v2\/product"}],"about":[{"href":"https:\/\/vapestornado.com\/hu\/wp-json\/wp\/v2\/types\/product"}],"replies":[{"embeddable":true,"href":"https:\/\/vapestornado.com\/hu\/wp-json\/wp\/v2\/comments?post=4046"}],"wp:featuredmedia":[{"embeddable":true,"href":"https:\/\/vapestornado.com\/hu\/wp-json\/wp\/v2\/media\/4030"}],"wp:attachment":[{"href":"https:\/\/vapestornado.com\/hu\/wp-json\/wp\/v2\/media?parent=4046"}],"wp:term":[{"taxonomy":"product_brand","embeddable":true,"href":"https:\/\/vapestornado.com\/hu\/wp-json\/wp\/v2\/product_brand?post=4046"},{"taxonomy":"product_cat","embeddable":true,"href":"https:\/\/vapestornado.com\/hu\/wp-json\/wp\/v2\/product_cat?post=4046"},{"taxonomy":"product_tag","embeddable":true,"href":"https:\/\/vapestornado.com\/hu\/wp-json\/wp\/v2\/product_tag?post=4046"}],"curies":[{"name":"wp","href":"https:\/\/api.w.org\/{rel}","templated":true}]}}