{"id":4043,"date":"2025-03-29T08:48:24","date_gmt":"2025-03-29T08:48:24","guid":{"rendered":"https:\/\/vapestornado.com\/?post_type=product&#038;p=4043"},"modified":"2025-08-23T12:28:58","modified_gmt":"2025-08-23T12:28:58","slug":"bang-32000-puff-vape-box-mod-with-digital-screen-cheap-pricedisposable-vape-kit-best-price-copy","status":"publish","type":"product","link":"https:\/\/vapestornado.com\/hu\/product\/bang-32000-puff-vape-box-mod-with-digital-screen-cheap-pricedisposable-vape-kit-best-price-copy\/","title":{"rendered":"Bang 32000 Puff Vape Box Mod Digit\u00e1lis K\u00e9perny\u0151vel Olcs\u00f3 \u00c1ron"},"content":{"rendered":"<h1 data-pm-slice=\"1 1 []\">Bang 32000 Puff Vape Box Mod Digit\u00e1lis K\u00e9perny\u0151vel Olcs\u00f3 \u00c1ron<\/h1>\n<p class=\"\" data-start=\"673\" data-end=\"1205\">A <strong data-start=\"88\" data-end=\"124\">Bang 32000 Puffs Eldobhat\u00f3 Vape<\/strong> \u00fajradefini\u00e1lja a g\u0151z\u00f6l\u00e9s \u00e9lm\u00e9ny\u00e9t massz\u00edv puff kapacit\u00e1s\u00e1val, intelligens digit\u00e1lis kijelz\u0151j\u00e9vel \u00e9s testreszabhat\u00f3 be\u00e1ll\u00edt\u00e1saival. A h\u00e9tk\u00f6znapi \u00e9s a tapasztalt g\u0151z\u00f6l\u0151k sz\u00e1m\u00e1ra egyar\u00e1nt tervezett eszk\u00f6z a teljes\u00edtm\u00e9ny, a hossz\u00fa \u00e9lettartam \u00e9s a k\u00e9nyelem kiv\u00e9teles kombin\u00e1ci\u00f3j\u00e1t k\u00edn\u00e1lja.<\/p>\n<p data-start=\"673\" data-end=\"1205\"><strong>Mi\u00e9rt lett a Bang 32000 n\u00e9pszer\u0171 digit\u00e1lis kijelz\u0151s vape?<\/strong><\/p>\n<p class=\"\" data-start=\"405\" data-end=\"607\"><strong data-start=\"407\" data-end=\"437\">V\u00e1laszthat\u00f3 nikotinszintek<\/strong> \u2013 V\u00e1lasszon 0%, 2%, 3% vagy 5% nikotinszint k\u00f6z\u00fcl, hogy megfeleljen az \u00d6n preferenci\u00e1inak. Ak\u00e1r nikotinmentes g\u0151z\u00f6l\u00e9st, ak\u00e1r er\u0151sebb slukkot \u00e9lvez, ez az eszk\u00f6z kiel\u00e9g\u00edti az \u00d6n ig\u00e9nyeit.<\/p>\n<p class=\"\" data-start=\"609\" data-end=\"755\"><strong data-start=\"611\" data-end=\"635\">32 000 puff kapacit\u00e1s<\/strong> \u2013 \u00c1tt\u00f6r\u00e9st jelent az eldobhat\u00f3 vape piacon, biztos\u00edtva a hosszan tart\u00f3 haszn\u00e1latot an\u00e9lk\u00fcl, hogy gyakran kellene cser\u00e9lni.<\/p>\n<p class=\"\" data-start=\"757\" data-end=\"883\"><strong data-start=\"759\" data-end=\"787\">Nagy, 32 ml-es E-Liquid tart\u00e1ly<\/strong> \u2013 Meghosszabb\u00edtott g\u0151z\u00f6l\u00e9si \u00e9lm\u00e9nyt ny\u00fajt gazdag, mer\u00e9sz \u00edzekkel, minimaliz\u00e1lva az ut\u00e1nt\u00f6lt\u00e9s sz\u00fcks\u00e9gess\u00e9g\u00e9t.<\/p>\n<p class=\"\" data-start=\"885\" data-end=\"1019\"><strong data-start=\"887\" data-end=\"919\">Fejlett 0,5\u03a9-os kett\u0151s h\u00e1l\u00f3s tekercs<\/strong> \u2013 Fokozza a g\u0151ztermel\u00e9st \u00e9s az \u00edzek konzisztenci\u00e1j\u00e1t, sima \u00e9s kiel\u00e9g\u00edt\u0151 \u00e9lm\u00e9nyt ny\u00fajtva.<\/p>\n<p class=\"\" data-start=\"1021\" data-end=\"1143\"><strong data-start=\"1023\" data-end=\"1047\">Intelligens digit\u00e1lis kijelz\u0151<\/strong> \u2013 Val\u00f3s idej\u0171 akkumul\u00e1tor- \u00e9s e-liquid szintfriss\u00edt\u00e9sekkel t\u00e1j\u00e9koztat, kik\u00fcsz\u00f6b\u00f6lve a tal\u00e1lgat\u00e1sokat.<\/p>\n<p class=\"\" data-start=\"1145\" data-end=\"1285\"><strong data-start=\"1147\" data-end=\"1204\">650mAh-s \u00fajrat\u00f6lthet\u0151 akkumul\u00e1tor Type-C gyorst\u00f6lt\u00e9ssel<\/strong> \u2013 Eg\u00e9sz napos g\u0151z\u00f6l\u00e9st biztos\u00edt gyors \u00fajrat\u00f6lt\u00e9si lehet\u0151s\u00e9ggel a nagyobb k\u00e9nyelem \u00e9rdek\u00e9ben.<\/p>\n<p class=\"\" data-start=\"1287\" data-end=\"1418\"><strong data-start=\"1289\" data-end=\"1318\">\u00c1ll\u00edthat\u00f3 teljes\u00edtm\u00e9nybe\u00e1ll\u00edt\u00e1sok<\/strong> \u2013 Testreszabhatja a g\u0151z\u00f6l\u00e9si \u00e9lm\u00e9nyt a v\u00e1ltoztathat\u00f3 teljes\u00edtm\u00e9nykimenettel, \u00edgy \u00d6n ir\u00e1ny\u00edthatja az egyes slukkokat.<\/p>\n<p data-start=\"666\" data-end=\"1235\"><strong style=\"font-size: 16px;\"><span style=\"color: #ff0000;\">Add hozz\u00e1 Amy WhatsApp-j\u00e1t, hogy azonnali v\u00e1laszt \u00e9s kedvezm\u00e9nyes \u00e1rat kapj!<\/span><\/strong><\/p>\n<p><img fetchpriority=\"high\" decoding=\"async\" class=\"size-full wp-image-2932\" src=\"https:\/\/vapestornado.com\/wp-content\/uploads\/2024\/12\/Vape-Wholesale.jpg\" alt=\"Vape nagykereskedelem\" width=\"229\" height=\"300\" \/><\/p>\n<h3><a href=\"https:\/\/wa.me\/8617776015835\" target=\"_blank\" rel=\"noopener\"><span style=\"color: #ff0000;\"><strong>WhatsApp: +86 17776015835<\/strong><\/span><\/a><\/h3>\n<p>&nbsp;<\/p>\n<h2><strong>Bang 32000 Puffs f\u0151bb term\u00e9kjellemz\u0151k<\/strong><\/h2>\n<p>M\u00e1rka: Bang Vape<br \/>\nPuff: 32000 slukk<br \/>\nE-Liquid: 32 ml<br \/>\nAkkumul\u00e1tor: 650mAh-s \u00fajrat\u00f6lthet\u0151 akkumul\u00e1tor<br \/>\n\u00c1ll\u00edthat\u00f3 teljes\u00edtm\u00e9ny<br \/>\nDigit\u00e1lis kijelz\u0151 az olaj- \u00e9s akkumul\u00e1torszinthez<\/p>\n<h2 class=\"product-title\"><strong>Bang 32000 32k slukk Eldobhat\u00f3 Pod \u00edzlista<\/strong><\/h2>\n<article class=\"w-full text-token-text-primary focus-visible:outline-2 focus-visible:outline-offset-[-4px]\" dir=\"auto\" data-testid=\"conversation-turn-32\" data-scroll-anchor=\"false\">\n<div class=\"m-auto text-base py-[18px] px-6\">\n<div class=\"mx-auto flex flex-1 text-base gap-4 md:gap-5 lg:gap-6 md:max-w-3xl lg:max-w-[40rem] xl:max-w-[48rem]\">\n<div class=\"group\/conversation-turn relative flex w-full min-w-0 flex-col @xs\/thread:px-0 @sm\/thread:px-1.5 @md\/thread:px-4\">\n<div class=\"flex-col gap-1 md:gap-3\">\n<div class=\"flex max-w-full flex-col flex-grow\">\n<div class=\"min-h-8 text-message flex w-full flex-col items-end gap-2 whitespace-normal break-words text-start [.text-message+&amp;]:mt-5\" dir=\"auto\" data-message-author-role=\"user\" data-message-id=\"ffac41ca-1db4-431b-873a-32c4052956f1\">\n<div class=\"flex w-full flex-col gap-1 empty:hidden items-end rtl:items-start\">\n<div class=\"relative max-w-[var(--user-chat-width,70%)] rounded-3xl bg-token-message-surface px-5 py-2.5\">\n<div class=\"absolute bottom-0 right-full top-0 -mr-3.5 hidden pr-5 pt-2 [.group\/conversation-turn:hover_&amp;]:flex\">\n<div class=\"flex\">\n<article class=\"w-full text-token-text-primary focus-visible:outline-2 focus-visible:outline-offset-[-4px]\" dir=\"auto\" data-testid=\"conversation-turn-39\" data-scroll-anchor=\"true\">\n<div class=\"m-auto text-base py-[18px] px-6\">\n<div class=\"mx-auto flex flex-1 text-base gap-4 md:gap-5 lg:gap-6 md:max-w-3xl lg:max-w-[40rem] xl:max-w-[48rem]\">\n<div class=\"group\/conversation-turn relative flex w-full min-w-0 flex-col agent-turn @xs\/thread:px-0 @sm\/thread:px-1.5 @md\/thread:px-4\">\n<div class=\"flex-col gap-1 md:gap-3\">\n<div class=\"flex max-w-full flex-col flex-grow\">\n<div class=\"min-h-8 text-message flex w-full flex-col items-end gap-2 whitespace-normal break-words text-start [.text-message+&amp;]:mt-5\" dir=\"auto\" data-message-author-role=\"assistant\" data-message-id=\"55a23854-ec57-48dd-bd4f-6118f43d6241\" data-message-model-slug=\"gpt-4o\">\n<div class=\"flex w-full flex-col gap-1 empty:hidden first:pt-[3px]\">\n<div class=\"markdown prose w-full break-words dark:prose-invert light\">\n<p>1.\u00c1fonya M\u00e1lna<br \/>\n2.G\u00f6r\u00f6gdinnye-cseresznye<br \/>\n3.\u00c1fonya j\u00e9g<br \/>\n4. Watermelon Ice<br \/>\n5.Eper G\u00f6r\u00f6gdinnye<br \/>\n6. Eper kiwi<br \/>\n7.Red Bull<br \/>\n8.G\u00f6r\u00f6gdinnye r\u00e1g\u00f3gumi<br \/>\n9.Sz\u0151l\u0151 j\u00e9g<br \/>\n10.\u0150szibarack-mang\u00f3<br \/>\n11.\u0150szibarack J\u00e9g<br \/>\n12.Vegyes gy\u00fcm\u00f6lcs<\/p>\n<figure id=\"attachment_4042\" aria-describedby=\"caption-attachment-4042\" style=\"width: 800px\" class=\"wp-caption alignnone\"><img decoding=\"async\" class=\"wp-image-4042 size-full\" src=\"https:\/\/vapestornado.com\/wp-content\/uploads\/2025\/03\/Bang-King-32000-Puffs-Disposable-Vape.webp\" alt=\"Bang King 32000 Puffs eldobhat\u00f3 vape\" width=\"800\" height=\"800\" srcset=\"https:\/\/vapestornado.com\/wp-content\/uploads\/2025\/03\/Bang-King-32000-Puffs-Disposable-Vape.webp 800w, https:\/\/vapestornado.com\/wp-content\/uploads\/2025\/03\/Bang-King-32000-Puffs-Disposable-Vape-300x300.webp 300w, https:\/\/vapestornado.com\/wp-content\/uploads\/2025\/03\/Bang-King-32000-Puffs-Disposable-Vape-150x150.webp 150w, https:\/\/vapestornado.com\/wp-content\/uploads\/2025\/03\/Bang-King-32000-Puffs-Disposable-Vape-768x768.webp 768w, https:\/\/vapestornado.com\/wp-content\/uploads\/2025\/03\/Bang-King-32000-Puffs-Disposable-Vape-600x600.webp 600w, https:\/\/vapestornado.com\/wp-content\/uploads\/2025\/03\/Bang-King-32000-Puffs-Disposable-Vape-100x100.webp 100w\" sizes=\"(max-width: 800px) 100vw, 800px\" \/><figcaption id=\"caption-attachment-4042\" class=\"wp-caption-text\">Bang King 32000 Puffs eldobhat\u00f3 vape<\/figcaption><\/figure>\n<\/div>\n<\/div>\n<\/div>\n<\/div>\n<\/div>\n<\/div>\n<\/div>\n<\/div>\n<\/article>\n<\/div>\n<\/div>\n<\/div>\n<\/div>\n<\/div>\n<\/div>\n<\/div>\n<\/div>\n<\/div>\n<\/div>\n<\/article>\n<h2>Mi\u00e9rt v\u00e1lassza a Vapestornad\u00f3t a Bang 32k Slukk v\u00e1s\u00e1rl\u00e1s\u00e1hoz?<\/h2>\n<div class=\"flex-shrink-0 flex flex-col relative items-end\">\n<div class=\"pt-0\">\n<div class=\"gizmo-bot-avatar flex h-8 w-8 items-center justify-center overflow-hidden rounded-full\">\n<div class=\"relative p-1 rounded-sm flex items-center justify-center bg-token-main-surface-primary text-token-text-primary h-8 w-8\">\n<p>At\u00a0<strong>VapeTornado<\/strong>b\u00fcszk\u00e9k vagyunk arra, hogy\u00a0<strong>pr\u00e9mium vaping term\u00e9keket k\u00edn\u00e1lunk verhetetlen \u00e1ron<\/strong>\u2014\u00e9s a Bang Vape 32000 slukk sem kiv\u00e9tel! \u00cdme, mi\u00e9rt \u00e9rdemes t\u0151l\u00fcnk v\u00e1s\u00e1rolnia:<\/p>\n<p><strong>Legjobb Nagykereskedelmi \u00c1rak<\/strong>\u00a0\u2013 Mi k\u00edn\u00e1lunk\u00a0<strong>versenyk\u00e9pes t\u00f6meges \u00e1rat<\/strong><span style=\"font-size: 16px;\">, \u00edgy mi vagyunk a legjobb v\u00e1laszt\u00e1s viszontelad\u00f3knak \u00e9s vape \u00fczleteknek.<\/span><\/p>\n<p><strong>Gyors<\/strong>\u00a0\u2013 Rendel\u00e9s\u00e9t k\u00e9zbes\u00edtj\u00fck\u00a0<strong>gyorsan \u00e9s biztons\u00e1gosan<\/strong>, vil\u00e1gszerte el\u00e9rhet\u0151 sz\u00e1ll\u00edt\u00e1si lehet\u0151s\u00e9gekkel.<br \/>\n<strong>100% Eredeti Term\u00e9kek<\/strong>\u00a0\u2013 Nincsenek ut\u00e1nzatok \u2013 csak\u00a0<strong>eredeti WASPE Triple eldobhat\u00f3 term\u00e9kek<\/strong>\u00a0ellen\u0151rz\u00f6tt min\u0151s\u00e9ggel.<br \/>\n<strong>Kiv\u00e1l\u00f3 \u00dcgyf\u00e9lszolg\u00e1lat<\/strong>\u00a0\u2013 K\u00e9rd\u00e9se van? A mi\u00a0<strong>vape szak\u00e9rt\u0151ink<\/strong> a nap 24 \u00f3r\u00e1j\u00e1ban k\u00e9szen \u00e1llnak a seg\u00edts\u00e9g\u00e9re.<\/p>\n<p data-start=\"559\" data-end=\"933\" data-is-last-node=\"\" data-is-only-node=\"\">Van n\u00e9h\u00e1ny m\u00e1s n\u00e9pszer\u0171, kijelz\u0151vel ell\u00e1tott vape term\u00e9k\u00fcnk is, mint p\u00e9ld\u00e1ul a <a href=\"https:\/\/vapestornado.com\/hu\/product\/mesii-couple-50k-disposable-shisha-hookah-50000-puffs-vape-with-digital-display\/\">Mesii p\u00e1r 50000<\/a>, <a href=\"https:\/\/vapestornado.com\/hu\/product\/vopk-cool-9000-puffs-disposable-vapes-bar-puff-9k\/\">VOPK 9000 Puffs Eldobhat\u00f3 Vape<\/a>, <a href=\"https:\/\/vapestornado.com\/hu\/product\/bang-beach-22000-20k-puff-disposable-vape-pen-with-screen-reddit-hot\/\">Bang Beach 22000<\/a>, \u00e9s m\u00e9g sok m\u00e1s.<\/p>\n<\/div>\n<div class=\"relative p-1 rounded-sm flex items-center justify-center bg-token-main-surface-primary text-token-text-primary h-8 w-8\">\n<h2>GYIK<\/h2>\n<p class=\"\" data-start=\"1758\" data-end=\"1922\"><strong data-start=\"1758\" data-end=\"1821\">1. Meddig b\u00edrja a Bang 32000 Puffs eldobhat\u00f3 vape?<\/strong><br data-start=\"1821\" data-end=\"1824\" \/>Az eszk\u00f6z ak\u00e1r 32 000 slukkig is b\u00edrja, ami a haszn\u00e1lat gyakoris\u00e1g\u00e1t\u00f3l \u00e9s a teljes\u00edtm\u00e9nybe\u00e1ll\u00edt\u00e1sokt\u00f3l f\u00fcgg\u0151en v\u00e1ltozhat.<\/p>\n<p class=\"\" data-start=\"1924\" data-end=\"2076\"><strong data-start=\"1924\" data-end=\"1972\">2. \u00dajrat\u00f6lthetem a Bang 32000 Puffs vape-ot?<\/strong><br data-start=\"1972\" data-end=\"1975\" \/>Igen, 650mAh-s \u00fajrat\u00f6lthet\u0151 akkumul\u00e1torral rendelkezik, \u00e9s t\u00e1mogatja a k\u00e9nyelmes, gyors Type-C t\u00f6lt\u00e9st.<\/p>\n<p class=\"\" data-start=\"2078\" data-end=\"2250\"><strong data-start=\"2078\" data-end=\"2132\">3. Hogyan ellen\u0151rizhetem az akkumul\u00e1tor \u00e9s az e-liquid szintj\u00e9t?<\/strong><br data-start=\"2132\" data-end=\"2135\" \/>Az intelligens digit\u00e1lis kijelz\u0151 val\u00f3s id\u0151ben mutatja az akkumul\u00e1tor t\u00f6lt\u00f6tts\u00e9gi szintj\u00e9t \u00e9s az e-liquid szintet, \u00edgy mindig naprak\u00e9sz inform\u00e1ci\u00f3val rendelkezik.<\/p>\n<p class=\"\" data-start=\"2252\" data-end=\"2387\"><strong data-start=\"2252\" data-end=\"2292\">4. Szab\u00e1lyozhat\u00f3 a nikotinszint?<\/strong><br data-start=\"2292\" data-end=\"2295\" \/>Igen, 0%, 2%, 3%, vagy 5% nikotinszint k\u00f6z\u00fcl v\u00e1laszthat, hogy megfeleljen az \u00d6n preferenci\u00e1j\u00e1nak.<\/p>\n<\/div>\n<\/div>\n<\/div>\n<\/div>","protected":false},"excerpt":{"rendered":"<p class=\"LC20lb MBeuO DKV0Md\">Bang 32000 Puff eldobhat\u00f3 vape doboz \u00edzek akci\u00f3san<br \/>\nMennyibe ker\u00fcl a Bang 32000 Puff Vape doboz mod nagykereskedelmi \u00e1ron<br \/>\nBang 32000 Puff Box Mod legjobb vape nagykeresked\u00e9s Magyarorsz\u00e1gon<\/p>\n<p><strong>Add hozz\u00e1 Amy whatsappj\u00e1t, hogy azonnali v\u00e1laszt \u00e9s kedvezm\u00e9nyes \u00e1rat kapj!<\/strong><\/p>\n<p><img fetchpriority=\"high\" decoding=\"async\" class=\"size-full wp-image-2932\" src=\"https:\/\/vapestornado.com\/wp-content\/uploads\/2024\/12\/Vape-Wholesale.jpg\" alt=\"Vape nagykereskedelem\" width=\"229\" height=\"300\" \/><\/p>\n<h3><a href=\"https:\/\/wa.me\/8617776015835\"><span style=\"color: #ff0000;\"><strong>WhatsApp: +86 17776015835<\/strong><\/span><\/a><\/h3>\n<p>&nbsp;<\/p>","protected":false},"featured_media":4038,"comment_status":"open","ping_status":"closed","template":"","meta":{"_acf_changed":false,"_uag_custom_page_level_css":"","_lmt_disableupdate":"no","_lmt_disable":"","_monsterinsights_skip_tracking":false,"_monsterinsights_sitenote_active":false,"_monsterinsights_sitenote_note":"","_monsterinsights_sitenote_category":0,"site-sidebar-layout":"default","site-content-layout":"","ast-site-content-layout":"default","site-content-style":"default","site-sidebar-style":"default","ast-global-header-display":"","ast-banner-title-visibility":"","ast-main-header-display":"","ast-hfb-above-header-display":"","ast-hfb-below-header-display":"","ast-hfb-mobile-header-display":"","site-post-title":"","ast-breadcrumbs-content":"","ast-featured-img":"","footer-sml-layout":"","ast-disable-related-posts":"","theme-transparent-header-meta":"default","adv-header-id-meta":"","stick-header-meta":"","header-above-stick-meta":"","header-main-stick-meta":"","header-below-stick-meta":"","astra-migrate-meta-layouts":"set","ast-page-background-enabled":"default","ast-page-background-meta":{"desktop":{"background-color":"","background-image":"","background-repeat":"repeat","background-position":"center center","background-size":"auto","background-attachment":"scroll","background-type":"","background-media":"","overlay-type":"","overlay-color":"","overlay-opacity":"","overlay-gradient":""},"tablet":{"background-color":"","background-image":"","background-repeat":"repeat","background-position":"center center","background-size":"auto","background-attachment":"scroll","background-type":"","background-media":"","overlay-type":"","overlay-color":"","overlay-opacity":"","overlay-gradient":""},"mobile":{"background-color":"","background-image":"","background-repeat":"repeat","background-position":"center center","background-size":"auto","background-attachment":"scroll","background-type":"","background-media":"","overlay-type":"","overlay-color":"","overlay-opacity":"","overlay-gradient":""}},"ast-content-background-meta":{"desktop":{"background-color":"var(--ast-global-color-5)","background-image":"","background-repeat":"repeat","background-position":"center center","background-size":"auto","background-attachment":"scroll","background-type":"","background-media":"","overlay-type":"","overlay-color":"","overlay-opacity":"","overlay-gradient":""},"tablet":{"background-color":"var(--ast-global-color-5)","background-image":"","background-repeat":"repeat","background-position":"center center","background-size":"auto","background-attachment":"scroll","background-type":"","background-media":"","overlay-type":"","overlay-color":"","overlay-opacity":"","overlay-gradient":""},"mobile":{"background-color":"var(--ast-global-color-5)","background-image":"","background-repeat":"repeat","background-position":"center center","background-size":"auto","background-attachment":"scroll","background-type":"","background-media":"","overlay-type":"","overlay-color":"","overlay-opacity":"","overlay-gradient":""}},"_joinchat":{"telephone":"17776015835"}},"product_brand":[],"product_cat":[262,62,154,156,144],"product_tag":[303,304,105,94,302],"class_list":{"0":"post-4043","1":"product","2":"type-product","3":"status-publish","4":"has-post-thumbnail","6":"product_cat-32000-puff","7":"product_cat-bang-vape","8":"product_cat-buy-disposable-vapes-in-netherlands","9":"product_cat-buy-disposable-vapes-in-poland","10":"product_cat-low-nicotine-disposable-vapes","11":"product_tag-bang-32000","12":"product_tag-bang-32k","13":"product_tag-digital-disposable-vape","14":"product_tag-rechargeable-disposable-vape","15":"product_tag-vape-box-mod","16":"desktop-align-left","17":"tablet-align-left","18":"mobile-align-left","20":"first","21":"instock","22":"sale","23":"shipping-taxable","24":"purchasable","25":"product-type-simple"},"acf":[],"uagb_featured_image_src":{"full":["https:\/\/vapestornado.com\/wp-content\/uploads\/2025\/03\/Bang-32k-Puff-Smart-Screen-Display-Vape-Wholesale.webp",800,800,false],"thumbnail":["https:\/\/vapestornado.com\/wp-content\/uploads\/2025\/03\/Bang-32k-Puff-Smart-Screen-Display-Vape-Wholesale-150x150.webp",150,150,true],"medium":["https:\/\/vapestornado.com\/wp-content\/uploads\/2025\/03\/Bang-32k-Puff-Smart-Screen-Display-Vape-Wholesale-300x300.webp",300,300,true],"medium_large":["https:\/\/vapestornado.com\/wp-content\/uploads\/2025\/03\/Bang-32k-Puff-Smart-Screen-Display-Vape-Wholesale-768x768.webp",768,768,true],"large":["https:\/\/vapestornado.com\/wp-content\/uploads\/2025\/03\/Bang-32k-Puff-Smart-Screen-Display-Vape-Wholesale.webp",800,800,false],"1536x1536":["https:\/\/vapestornado.com\/wp-content\/uploads\/2025\/03\/Bang-32k-Puff-Smart-Screen-Display-Vape-Wholesale.webp",800,800,false],"2048x2048":["https:\/\/vapestornado.com\/wp-content\/uploads\/2025\/03\/Bang-32k-Puff-Smart-Screen-Display-Vape-Wholesale.webp",800,800,false],"trp-custom-language-flag":["https:\/\/vapestornado.com\/wp-content\/uploads\/2025\/03\/Bang-32k-Puff-Smart-Screen-Display-Vape-Wholesale.webp",12,12,false],"woocommerce_thumbnail":["https:\/\/vapestornado.com\/wp-content\/uploads\/2025\/03\/Bang-32k-Puff-Smart-Screen-Display-Vape-Wholesale-300x300.webp",300,300,true],"woocommerce_single":["https:\/\/vapestornado.com\/wp-content\/uploads\/2025\/03\/Bang-32k-Puff-Smart-Screen-Display-Vape-Wholesale-600x600.webp",600,600,true],"woocommerce_gallery_thumbnail":["https:\/\/vapestornado.com\/wp-content\/uploads\/2025\/03\/Bang-32k-Puff-Smart-Screen-Display-Vape-Wholesale-100x100.webp",100,100,true]},"uagb_author_info":{"display_name":"ESAMY","author_link":"https:\/\/vapestornado.com\/hu\/author\/"},"uagb_comment_info":0,"uagb_excerpt":"Bang 32000 Puff\u00a0 Disposable Vape Box Flavors on Sale How Much Bang 32000 Puff Vape Box Mod Wholesale Bang 32000 Puff\u00a0 Box Mod Best Vape Wholesale in Netherlands Add Amy's whatsapp to get right reply and discount price! WhatsApp: +86 17776015835 &nbsp;","_links":{"self":[{"href":"https:\/\/vapestornado.com\/hu\/wp-json\/wp\/v2\/product\/4043","targetHints":{"allow":["GET"]}}],"collection":[{"href":"https:\/\/vapestornado.com\/hu\/wp-json\/wp\/v2\/product"}],"about":[{"href":"https:\/\/vapestornado.com\/hu\/wp-json\/wp\/v2\/types\/product"}],"replies":[{"embeddable":true,"href":"https:\/\/vapestornado.com\/hu\/wp-json\/wp\/v2\/comments?post=4043"}],"wp:featuredmedia":[{"embeddable":true,"href":"https:\/\/vapestornado.com\/hu\/wp-json\/wp\/v2\/media\/4038"}],"wp:attachment":[{"href":"https:\/\/vapestornado.com\/hu\/wp-json\/wp\/v2\/media?parent=4043"}],"wp:term":[{"taxonomy":"product_brand","embeddable":true,"href":"https:\/\/vapestornado.com\/hu\/wp-json\/wp\/v2\/product_brand?post=4043"},{"taxonomy":"product_cat","embeddable":true,"href":"https:\/\/vapestornado.com\/hu\/wp-json\/wp\/v2\/product_cat?post=4043"},{"taxonomy":"product_tag","embeddable":true,"href":"https:\/\/vapestornado.com\/hu\/wp-json\/wp\/v2\/product_tag?post=4043"}],"curies":[{"name":"wp","href":"https:\/\/api.w.org\/{rel}","templated":true}]}}