{"id":4013,"date":"2025-03-27T09:03:34","date_gmt":"2025-03-27T09:03:34","guid":{"rendered":"https:\/\/vapestornado.com\/?post_type=product&#038;p=4013"},"modified":"2025-12-16T09:46:56","modified_gmt":"2025-12-16T09:46:56","slug":"waspe-aiviou-3-in-1-60000-puffs-disposable-vape-kit-best-price","status":"publish","type":"product","link":"https:\/\/vapestornado.com\/hu\/product\/waspe-aiviou-3-in-1-60000-puffs-disposable-vape-kit-best-price\/","title":{"rendered":"Waspe Aiviou 3 az 1-ben 60000 Puffs Eldobhat\u00f3 Vape K\u00e9szlet Legjobb \u00c1ron"},"content":{"rendered":"<h1 data-pm-slice=\"1 1 []\">Waspe 60000 Szippant\u00e1sos Egyszer haszn\u00e1latos Vape K\u00e9szlet 3 \u00cdzv\u00e1lt\u00e1s + 54ml E-Juice<\/h1>\n<p data-start=\"1232\" data-end=\"1466\">A <strong data-start=\"99\" data-end=\"134\">Waspe Aiviou 3 az 1-ben 60000 Szippant\u00e1s<\/strong> azoknak k\u00e9sz\u00fclt, akik nem akarnak k\u00e9t vagy h\u00e1rom eszk\u00f6zt hordozni, csak az \u00edz unalom elker\u00fcl\u00e9se \u00e9rdek\u00e9ben. \u00d6n kap <strong data-start=\"236\" data-end=\"279\">h\u00e1rom el\u0151re t\u00f6lt\u00f6tt 18ml-es patron (\u00f6sszesen 54ml)<\/strong> egy testben, egy <strong data-start=\"295\" data-end=\"320\">h\u00e1romszoros \u00edzv\u00e1lt\u00f3<\/strong>, \u00e9s <strong data-start=\"326\" data-end=\"356\">0,9\u03a9 h\u00e1l\u00f3s tekercs teljes\u00edtm\u00e9ny<\/strong> ami sima marad m\u00e9g intenz\u00edv haszn\u00e1lat mellett is. Adj hozz\u00e1 <strong data-start=\"410\" data-end=\"425\">LED kijelz\u0151je<\/strong> \u00e9s a <strong data-start=\"430\" data-end=\"468\">Type-C \u00fajrat\u00f6lthet\u0151 650mAh akkumul\u00e1torral<\/strong>, \u00e9s egy hossz\u00fa t\u00e1von kezelhet\u0151 k\u00e9sz\u00fcl\u00e9k lesz, amit val\u00f3ban k\u00f6nny\u0171 napi szinten haszn\u00e1lni\u2014nincs tal\u00e1lgat\u00e1s, nincs elpazarolt folyad\u00e9k.<\/p>\n<h3 data-start=\"772\" data-end=\"823\">Mi\u00e9rt emelkedik ki a Waspe 60000 Puff a nagy kapacit\u00e1s\u00fa egyszer haszn\u00e1latos k\u00e9sz\u00fcl\u00e9kek k\u00f6z\u00f6tt?<\/h3>\n<ul data-start=\"825\" data-end=\"2411\">\n<li data-start=\"825\" data-end=\"1147\">\n<p data-start=\"827\" data-end=\"1147\"><strong data-start=\"827\" data-end=\"866\">3 \u00edz an\u00e9lk\u00fcl, hogy extra dolgokat kellene hordozni.<\/strong> Ez <strong data-start=\"872\" data-end=\"900\">3 \u00edzes egyszer haszn\u00e1latos vape<\/strong> egy igaz <strong data-start=\"913\" data-end=\"940\">3 az 1-ben v\u00e1lt\u00f3rendszert<\/strong>haszn\u00e1l, \u00edgy \u00edzprofilok k\u00f6z\u00f6tt v\u00e1ltogathatsz, amikor az \u00edzl\u00e9sed v\u00e1ltozik. Sok felhaszn\u00e1l\u00f3 sz\u00e1m\u00e1ra ez a k\u00fcl\u00f6nbs\u00e9g a nagy kapacit\u00e1s\u00fa eszk\u00f6z befejez\u00e9se \u00e9s f\u00e9lbehagy\u00e1sa k\u00f6z\u00f6tt, mert egy \u00edz unalmass\u00e1 v\u00e1lik.<\/p>\n<\/li>\n<li data-start=\"1149\" data-end=\"1502\">\n<p data-start=\"1151\" data-end=\"1502\"><strong data-start=\"1151\" data-end=\"1199\">Val\u00f3di kitart\u00e1s, val\u00f3di folyad\u00e9kt\u00f6meg t\u00e1mogat\u00e1s\u00e1val.<\/strong> <strong data-start=\"1200\" data-end=\"1221\">Waspe 60000 Szippant\u00e1s<\/strong> nem csak egy nagy sz\u00e1m a dobozon\u2014<strong data-start=\"1257\" data-end=\"1274\">54ml (3\u00d718ml)<\/strong> hossz\u00fa t\u00e1v\u00fa haszn\u00e1latra m\u00e9retezve. Ez\u00e9rt \u00e9rt\u00e9kes\u00edtik j\u00f3l olyan piacokon, mint <strong data-start=\"1361\" data-end=\"1416\">Lengyelorsz\u00e1g, N\u00e9metorsz\u00e1g, Spanyolorsz\u00e1g, Franciaorsz\u00e1g \u00e9s Hollandia<\/strong>, k\u00fcl\u00f6n\u00f6sen azoknak a v\u00e1s\u00e1rl\u00f3knak, akik kevesebb cser\u00e9t szeretn\u00e9nek \u00e9s kisz\u00e1m\u00edthat\u00f3bb napi k\u00f6lts\u00e9get.<\/p>\n<\/li>\n<li data-start=\"1504\" data-end=\"1775\">\n<p data-start=\"1506\" data-end=\"1775\"><strong data-start=\"1506\" data-end=\"1551\">H\u00e1l\u00f3s tekercs stabilit\u00e1sa hossz\u00fa \u00fcl\u00e9sek sor\u00e1n.<\/strong> A <strong data-start=\"1557\" data-end=\"1581\">0,9\u03a9 h\u00e1l\u00f3s tekercsek (\u00d73)<\/strong>, a g\u0151z sim\u00e1n marad, \u00e9s az \u00edz tiszta marad m\u00e9lyebben a patronokban. Ez fontos azok sz\u00e1m\u00e1ra, akik intenz\u00edven haszn\u00e1lj\u00e1k\u2014a h\u00e1l\u00f3s f\u0171t\u00e9s cs\u00f6kkenti azt a \u00e9les, sz\u00e1raz \u00e9lm\u00e9nyt, amit az olcs\u00f3bb tekercsek id\u0151vel kialak\u00edthatnak.<\/p>\n<\/li>\n<li data-start=\"1777\" data-end=\"2070\">\n<p data-start=\"1779\" data-end=\"2070\"><strong data-start=\"1779\" data-end=\"1816\">Az LED kijelz\u0151 ir\u00e1ny\u00edt\u00e1st ad.<\/strong> Az okos kijelz\u0151 mutatja az akkumul\u00e1tor \u00e9s az e-liquid \u00e1llapot\u00e1t, \u00edgy tudod, hogy k\u00e9szen \u00e1ll-e egy hossz\u00fa munkanapra, vagy el\u0151sz\u00f6r t\u00f6ltened kell. Ez az a praktikus r\u00e9szlet, amit az eszk\u00f6z\u00f6kt\u0151l elv\u00e1rnak, amelyek versenyeznek a <strong data-start=\"2027\" data-end=\"2055\">E-cigaretta rangsor 2025<\/strong> besz\u00e9lget\u00e9seiben.<\/p>\n<\/li>\n<li data-start=\"2072\" data-end=\"2411\">\n<p data-start=\"2074\" data-end=\"2411\"><strong data-start=\"2074\" data-end=\"2129\">\u00dajrat\u00f6lthet\u0151 k\u00e9nyelem, ami fel\u00fclm\u00falja az impulzus v\u00e1s\u00e1rl\u00e1st.<\/strong> Ha a rutinod \"<strong data-start=\"2156\" data-end=\"2174\">Cigarett\u00e1k v\u00e1s\u00e1rl\u00e1sa<\/strong>\" meg\u00e1ll vagy utols\u00f3 pillanatos cser\u00e9ket ig\u00e9nyel, a Type-C \u00fajrat\u00f6lthet\u0151 kialak\u00edt\u00e1s seg\u00edt megszak\u00edtani ezt a ciklust. Sok v\u00e1s\u00e1rl\u00f3 sz\u00e1m\u00e1ra, akik <strong data-start=\"2287\" data-end=\"2310\">Vapert v\u00e1s\u00e1rolnak Magyarorsz\u00e1gon<\/strong>, az \u00e9rt\u00e9k egyszer\u0171: egy eszk\u00f6z hosszabb ideig tart, \u00e9s \u00fajrat\u00f6lt\u00f6d, ahelyett, hogy minden n\u00e9h\u00e1ny napban \u00fajra v\u00e1s\u00e1roln\u00e1l.<\/p>\n<\/li>\n<\/ul>\n<p data-start=\"666\" data-end=\"1235\"><strong style=\"font-size: 16px;\"><span style=\"color: #ff0000;\">Add hozz\u00e1 Amy WhatsApp-j\u00e1t, hogy azonnali v\u00e1laszt \u00e9s kedvezm\u00e9nyes \u00e1rat kapj!<\/span><\/strong><\/p>\n<p><img fetchpriority=\"high\" decoding=\"async\" class=\"size-full wp-image-2932\" src=\"https:\/\/vapestornado.com\/wp-content\/uploads\/2024\/12\/Vape-Wholesale.jpg\" alt=\"Vape nagykereskedelem\" width=\"229\" height=\"300\" \/><\/p>\n<h3><a href=\"https:\/\/wa.me\/8617776015835\" target=\"_blank\" rel=\"noopener\"><span style=\"color: #ff0000;\"><strong>WhatsApp: +86 17776015835<\/strong><\/span><\/a><\/h3>\n<p>&nbsp;<\/p>\n<h2><strong>Waspe Aiviou 3 az 1-ben 60000 Slukk F\u0151bb Term\u00e9kjellemz\u0151k<\/strong><\/h2>\n<table>\n<thead>\n<tr>\n<th>Jellemz\u0151k<\/th>\n<th>specifik\u00e1ci\u00f3<\/th>\n<th>Hogyan m\u0171k\u00f6dik<\/th>\n<\/tr>\n<\/thead>\n<tbody>\n<tr>\n<td>Term\u00e9k neve<\/td>\n<td>Waspe Aiviou 3 az 1-ben 60000 Szippant\u00e1s<\/td>\n<td>H\u00e1rompontos eldobhat\u00f3 vape k\u00e9szlet \u00edzv\u00e1lt\u00e1ssal.<\/td>\n<\/tr>\n<tr>\n<td>Slukkkapacit\u00e1s<\/td>\n<td>Ak\u00e1r 60 000 puf<\/td>\n<td>Magas kapacit\u00e1s\u00fa kimenet, amely cs\u00f6kkenti a cser\u00e9k gyakoris\u00e1g\u00e1t.<\/td>\n<\/tr>\n<tr>\n<td>\u00cdzrendszer<\/td>\n<td>3 az 1-ben H\u00e1rom \u00edzv\u00e1lt\u00f3<\/td>\n<td>Lehet\u0151v\u00e9 teszi az \u00edzek azonnali v\u00e1lt\u00e1s\u00e1t az eszk\u00f6z cser\u00e9je n\u00e9lk\u00fcl.<\/td>\n<\/tr>\n<tr>\n<td>E-liquid t\u00e9rfogat<\/td>\n<td>54ml \u00f6sszesen (3\u00d718ml patron)<\/td>\n<td>Nagy foly\u00e9kony k\u00e9szlet hossz\u00fa \u00e9lettartamot \u00e9s hosszabb \u00fcl\u00e9seket t\u00e1mogat.<\/td>\n<\/tr>\n<tr>\n<td>Tekercsrendszer<\/td>\n<td>0,9\u03a9 H\u00e1l\u00f3sz\u00e1l Tekercs \u00d73<\/td>\n<td>Egys\u00e9ges hev\u00edt\u00e9s jav\u00edtja a simas\u00e1got \u00e9s seg\u00edt az \u00edzek \u00e1lland\u00f3s\u00e1g\u00e1ban.<\/td>\n<\/tr>\n<tr>\n<td>Akkumul\u00e1tor<\/td>\n<td>650mAh \u00fajrat\u00f6lthet\u0151<\/td>\n<td>\u00dajrat\u00f6lt\u00e9s megakad\u00e1lyozza a korai kidob\u00e1st, miel\u0151tt a folyad\u00e9k elfogyna.<\/td>\n<\/tr>\n<tr>\n<td>T\u00f6lt\u00e9s<\/td>\n<td>Type-C gyorst\u00f6lt\u00e9ssel<\/td>\n<td>Gyors felt\u00f6lt\u00e9sek modern k\u00e1bellel, amelyet Eur\u00f3p\u00e1ban \u00e1ltal\u00e1ban haszn\u00e1lnak.<\/td>\n<\/tr>\n<tr>\n<td>Kijelz\u0151<\/td>\n<td>LED akkumul\u00e1tor \u00e9s e-liquid jelz\u0151f\u00e9ny<\/td>\n<td>Vil\u00e1gosan mutatja az \u00e1llapotot, hogy elker\u00fclje a meglepet\u00e9seket a mindennapi haszn\u00e1lat sor\u00e1n.<\/td>\n<\/tr>\n<tr>\n<td>Nikotin opci\u00f3k<\/td>\n<td>0% \/ 2% \/ 5%<\/td>\n<td>Nikotinmentes, alacsony vagy er\u0151sebb torokhat\u00e1s a preferenci\u00e1t\u00f3l f\u00fcgg\u0151en.<\/td>\n<\/tr>\n<\/tbody>\n<\/table>\n<h2 class=\"product-title\"><strong>WASPE 60K 60000 Puffs Eldobhat\u00f3 Pod \u00cdzek List\u00e1ja<\/strong><\/h2>\n<article class=\"w-full text-token-text-primary focus-visible:outline-2 focus-visible:outline-offset-[-4px]\" dir=\"auto\" data-testid=\"conversation-turn-32\" data-scroll-anchor=\"false\">\n<div class=\"m-auto text-base py-[18px] px-6\">\n<div class=\"mx-auto flex flex-1 text-base gap-4 md:gap-5 lg:gap-6 md:max-w-3xl lg:max-w-[40rem] xl:max-w-[48rem]\">\n<div class=\"group\/conversation-turn relative flex w-full min-w-0 flex-col @xs\/thread:px-0 @sm\/thread:px-1.5 @md\/thread:px-4\">\n<div class=\"flex-col gap-1 md:gap-3\">\n<div class=\"flex max-w-full flex-col flex-grow\">\n<div class=\"min-h-8 text-message flex w-full flex-col items-end gap-2 whitespace-normal break-words text-start [.text-message+&amp;]:mt-5\" dir=\"auto\" data-message-author-role=\"user\" data-message-id=\"ffac41ca-1db4-431b-873a-32c4052956f1\">\n<div class=\"flex w-full flex-col gap-1 empty:hidden items-end rtl:items-start\">\n<div class=\"relative max-w-[var(--user-chat-width,70%)] rounded-3xl bg-token-message-surface px-5 py-2.5\">\n<div class=\"absolute bottom-0 right-full top-0 -mr-3.5 hidden pr-5 pt-2 [.group\/conversation-turn:hover_&amp;]:flex\">\n<div class=\"flex\">\n<article class=\"w-full text-token-text-primary focus-visible:outline-2 focus-visible:outline-offset-[-4px]\" dir=\"auto\" data-testid=\"conversation-turn-39\" data-scroll-anchor=\"true\">\n<div class=\"m-auto text-base py-[18px] px-6\">\n<div class=\"mx-auto flex flex-1 text-base gap-4 md:gap-5 lg:gap-6 md:max-w-3xl lg:max-w-[40rem] xl:max-w-[48rem]\">\n<div class=\"group\/conversation-turn relative flex w-full min-w-0 flex-col agent-turn @xs\/thread:px-0 @sm\/thread:px-1.5 @md\/thread:px-4\">\n<div class=\"flex-col gap-1 md:gap-3\">\n<div class=\"flex max-w-full flex-col flex-grow\">\n<div class=\"min-h-8 text-message flex w-full flex-col items-end gap-2 whitespace-normal break-words text-start [.text-message+&amp;]:mt-5\" dir=\"auto\" data-message-author-role=\"assistant\" data-message-id=\"55a23854-ec57-48dd-bd4f-6118f43d6241\" data-message-model-slug=\"gpt-4o\">\n<div class=\"flex w-full flex-col gap-1 empty:hidden first:pt-[3px]\">\n<div class=\"markdown prose w-full break-words dark:prose-invert light\">\n<p>1. G\u00f6r\u00f6gdinnye j\u00e9g<br \/>\n2. Eper g\u00f6r\u00f6gdinnye<br \/>\n3. \u00c1fonya j\u00e9g<br \/>\n4. Eper m\u00e1lna cseresznye<br \/>\n5. \u0150szibarack j\u00e9g<br \/>\n6. Red Bull j\u00e9g<br \/>\n7. Vegyes bogy\u00f3k<br \/>\n8. Tripla dinnye j\u00e9g<br \/>\n9. Sz\u0151l\u0151 j\u00e9g<br \/>\n10. Eper ban\u00e1n<br \/>\n11. Cseresznye k\u00f3la j\u00e9g<br \/>\n12. \u00c1fonya m\u00e1lna<\/p>\n<figure id=\"attachment_4688\" aria-describedby=\"caption-attachment-4688\" style=\"width: 225px\" class=\"wp-caption alignnone\"><img decoding=\"async\" class=\"size-medium wp-image-4688\" src=\"https:\/\/vapestornado.com\/wp-content\/uploads\/2025\/12\/WASPE-60000-PUFF-3-IN-1-Diposable-Vape-All-Flaovr-225x300.jpg\" alt=\"Waspe Aiviou 3 az 1-ben 60000 Puffs eldobhat\u00f3 Vape Minden \u00cdz\" width=\"225\" height=\"300\" srcset=\"https:\/\/vapestornado.com\/wp-content\/uploads\/2025\/12\/WASPE-60000-PUFF-3-IN-1-Diposable-Vape-All-Flaovr-225x300.jpg 225w, https:\/\/vapestornado.com\/wp-content\/uploads\/2025\/12\/WASPE-60000-PUFF-3-IN-1-Diposable-Vape-All-Flaovr-768x1024.jpg 768w, https:\/\/vapestornado.com\/wp-content\/uploads\/2025\/12\/WASPE-60000-PUFF-3-IN-1-Diposable-Vape-All-Flaovr-1152x1536.jpg 1152w, https:\/\/vapestornado.com\/wp-content\/uploads\/2025\/12\/WASPE-60000-PUFF-3-IN-1-Diposable-Vape-All-Flaovr-9x12.jpg 9w, https:\/\/vapestornado.com\/wp-content\/uploads\/2025\/12\/WASPE-60000-PUFF-3-IN-1-Diposable-Vape-All-Flaovr-600x800.jpg 600w, https:\/\/vapestornado.com\/wp-content\/uploads\/2025\/12\/WASPE-60000-PUFF-3-IN-1-Diposable-Vape-All-Flaovr.jpg 1280w\" sizes=\"(max-width: 225px) 100vw, 225px\" \/><figcaption id=\"caption-attachment-4688\" class=\"wp-caption-text\">Waspe Aiviou 3 az 1-ben 60000 Puffs eldobhat\u00f3 Vape Minden \u00cdz<\/figcaption><\/figure>\n<\/div>\n<\/div>\n<\/div>\n<\/div>\n<\/div>\n<\/div>\n<\/div>\n<\/div>\n<\/article>\n<\/div>\n<\/div>\n<\/div>\n<\/div>\n<\/div>\n<\/div>\n<\/div>\n<\/div>\n<\/div>\n<\/div>\n<\/article>\n<h2>Mi\u00e9rt v\u00e1lassza a Vapestornado-t a Waspe 60k Puff v\u00e1s\u00e1rl\u00e1s\u00e1hoz?<\/h2>\n<div class=\"flex-shrink-0 flex flex-col relative items-end\">\n<div class=\"pt-0\">\n<div class=\"gizmo-bot-avatar flex h-8 w-8 items-center justify-center overflow-hidden rounded-full\">\n<div class=\"relative p-1 rounded-sm flex items-center justify-center bg-token-main-surface-primary text-token-text-primary h-8 w-8\">\n<p>At\u00a0<strong>VapeTornado<\/strong>b\u00fcszk\u00e9k vagyunk arra, hogy\u00a0<strong>pr\u00e9mium vaping term\u00e9keket k\u00edn\u00e1lunk verhetetlen \u00e1ron<\/strong>\u2014\u00e9s a Waspe Aiviou 3 az 1-ben 60000 slukk sem kiv\u00e9tel! \u00cdme, mi\u00e9rt \u00e9rdemes t\u0151l\u00fcnk v\u00e1s\u00e1rolni:<\/p>\n<p><strong>Legjobb Nagykereskedelmi \u00c1rak<\/strong>\u00a0\u2013 Mi k\u00edn\u00e1lunk\u00a0<strong>versenyk\u00e9pes t\u00f6meges \u00e1rat<\/strong><span style=\"font-size: 16px;\">, \u00edgy mi vagyunk a legjobb v\u00e1laszt\u00e1s viszontelad\u00f3knak \u00e9s vape \u00fczleteknek.<\/span><\/p>\n<p><strong>Gyors<\/strong>\u00a0\u2013 Rendel\u00e9s\u00e9t k\u00e9zbes\u00edtj\u00fck\u00a0<strong>gyorsan \u00e9s biztons\u00e1gosan<\/strong>, vil\u00e1gszerte el\u00e9rhet\u0151 sz\u00e1ll\u00edt\u00e1si lehet\u0151s\u00e9gekkel.<br \/>\n<strong>100% Eredeti Term\u00e9kek<\/strong>\u00a0\u2013 Nincsenek ut\u00e1nzatok \u2013 csak\u00a0<strong>eredeti WASPE Triple eldobhat\u00f3 term\u00e9kek<\/strong>\u00a0ellen\u0151rz\u00f6tt min\u0151s\u00e9ggel.<br \/>\n<strong>Kiv\u00e1l\u00f3 \u00dcgyf\u00e9lszolg\u00e1lat<\/strong>\u00a0\u2013 K\u00e9rd\u00e9se van? A mi\u00a0<strong>vape szak\u00e9rt\u0151ink<\/strong> a nap 24 \u00f3r\u00e1j\u00e1ban k\u00e9szen \u00e1llnak a seg\u00edts\u00e9g\u00e9re.<\/p>\n<p><strong>Ne v\u00e1rjon \u2013 rendelje meg Waspe Aiviou 3 az 1-ben 60000 slukkos term\u00e9k\u00e9t m\u00e9g ma a VapeTornad\u00f3t\u00f3l, \u00e9s tapasztalja meg a t\u00f6k\u00e9letes vaping \u00e9lm\u00e9nyt!<\/strong><\/p>\n<p data-start=\"559\" data-end=\"933\" data-is-last-node=\"\" data-is-only-node=\"\">Van n\u00e9h\u00e1ny m\u00e1s n\u00e9pszer\u0171, kijelz\u0151vel ell\u00e1tott vape term\u00e9k\u00fcnk is, mint p\u00e9ld\u00e1ul a <a href=\"https:\/\/vapestornado.com\/hu\/product\/mesii-couple-50k-disposable-shisha-hookah-50000-puffs-vape-with-digital-display\/\">Mesii p\u00e1r 50000<\/a>, <a href=\"https:\/\/vapestornado.com\/hu\/product\/vopk-cool-9000-puffs-disposable-vapes-bar-puff-9k\/\">VOPK 9000 Puffs Eldobhat\u00f3 Vape<\/a>, <a href=\"https:\/\/vapestornado.com\/hu\/product\/bang-beach-22000-20k-puff-disposable-vape-pen-with-screen-reddit-hot\/\">Bang Beach 22000<\/a>, \u00e9s m\u00e9g sok m\u00e1s.<\/p>\n<\/div>\n<div class=\"relative p-1 rounded-sm flex items-center justify-center bg-token-main-surface-primary text-token-text-primary h-8 w-8\">\n<h2>GYIK<\/h2>\n<ol data-start=\"3497\" data-end=\"4811\">\n<li data-start=\"3497\" data-end=\"3746\">\n<p data-start=\"3500\" data-end=\"3746\"><strong data-start=\"3500\" data-end=\"3596\">Hogyan m\u0171k\u00f6dik a Waspe Aiviou 3 az 1-ben 60000 Puffs h\u00e1rom \u00edzv\u00e1lt\u00f3 kapcsol\u00f3ja a napi vaping sor\u00e1n?<\/strong><br data-start=\"3596\" data-end=\"3599\" \/>\u00dagy tervezt\u00e9k, hogy gyors \u00edzv\u00e1lt\u00e1st biztos\u00edtson egy eszk\u00f6z\u00f6n bel\u00fcl, \u00edgy \u00edzt v\u00e1ltoztathatsz k\u00e9r\u00e9sre an\u00e9lk\u00fcl, hogy t\u00f6bb vape-t kellene hordoznod vagy hardvert cser\u00e9lned.<\/p>\n<\/li>\n<li data-start=\"3748\" data-end=\"4006\">\n<p data-start=\"3751\" data-end=\"4006\"><strong data-start=\"3751\" data-end=\"3847\">Val\u00f3ban hosszabb ideig tart a Waspe 60000 Puffs 54ml (3\u00d718ml) be\u00e1ll\u00edt\u00e1s, mint a standard eldobhat\u00f3 k\u00e9sz\u00fcl\u00e9kek?<\/strong><br data-start=\"3847\" data-end=\"3850\" \/>Igen\u2014a 54ml \u00f6sszes e-liquid f\u0151 oka annak, hogy tov\u00e1bb tart. A t\u00e9nyleges \u00e9lettartam a h\u00faz\u00e1s hossz\u00e1t\u00f3l \u00e9s gyakoris\u00e1g\u00e1t\u00f3l f\u00fcgg, de a kapacit\u00e1s a hosszabb haszn\u00e1latra lett m\u00e9retezve.<\/p>\n<\/li>\n<li data-start=\"4008\" data-end=\"4250\">\n<p data-start=\"4011\" data-end=\"4250\"><strong data-start=\"4011\" data-end=\"4109\">Hogyan befoly\u00e1solj\u00e1k a 0,9\u03a9 h\u00e1l\u00f3sz\u00e1las tekercsek a vapour simas\u00e1g\u00e1t id\u0151vel az 3 \u00edzes eldobhat\u00f3 vape-ben?<\/strong><br data-start=\"4109\" data-end=\"4112\" \/>A h\u00e1l\u00f3sz\u00e1las tekercsek egyenletesebben melegszenek, mint az alap dr\u00f3ttekercsek, ami seg\u00edt meg\u0151rizni a vapourt sim\u00e1bbnak \u00e9s cs\u00f6kkenti a durvas\u00e1got intenz\u00edv, ism\u00e9telt \u00fcl\u00e9sek sor\u00e1n.<\/p>\n<\/li>\n<li data-start=\"4252\" data-end=\"4531\">\n<p data-start=\"4255\" data-end=\"4531\"><strong data-start=\"4255\" data-end=\"4371\">J\u00f3 v\u00e1laszt\u00e1s a Waspe Aiviou 3 az 1-ben 60K azoknak a v\u00e1s\u00e1rl\u00f3knak, akik az E-cigarette rangsor 2025 st\u00edlus\u00fa \u201etop k\u00e9sz\u00fcl\u00e9kek\u201d \u00f6sszehasonl\u00edt\u00e1s\u00e1t v\u00e9gzik?<\/strong><br data-start=\"4371\" data-end=\"4374\" \/>A gyakorlati funkci\u00f3kban versenyez: t\u00f6bb \u00edzv\u00e1lt\u00e1s, nagy \u00f6sszes folyad\u00e9ktart\u00e1ly, \u00fajrat\u00f6lthet\u0151 energia, \u00e9s LED st\u00e1tusz kijelz\u0151 a kontrollhoz.<\/p>\n<\/li>\n<li data-start=\"4533\" data-end=\"4811\">\n<p data-start=\"4536\" data-end=\"4811\"><strong data-start=\"4536\" data-end=\"4636\">Mi\u00e9rt kedvelik a diszposz\u00edthat\u00f3 vape nagykeresked\u0151k a Waspe Aiviou 3 az 1-ben 60000 Puffs-t az EU kiskereskedelemben?<\/strong><br data-start=\"4636\" data-end=\"4639\" \/>K\u00f6nny\u0171 eladni: vil\u00e1gos f\u0151 jellemz\u0151k (60K puff, 3 \u00edz, 54ml, \u00fajrat\u00f6lthet\u0151), sz\u00e9les nikotin opci\u00f3k, \u00e9s er\u0151s ism\u00e9tl\u0151d\u0151 kereslet a felhaszn\u00e1l\u00f3kt\u00f3l, akik hossz\u00fa \u00e9lettartam\u00fa k\u00e9sz\u00fcl\u00e9keket keresnek.<\/p>\n<\/li>\n<\/ol>\n<\/div>\n<\/div>\n<\/div>\n<\/div>","protected":false},"excerpt":{"rendered":"<p class=\"LC20lb MBeuO DKV0Md\">Waspe Aiviou 3 az 1-ben 60000 Puffs eldobhat\u00f3 vape k\u00e9szlet 3 \u00edzv\u00e1lt\u00e1ssal, 54ml (3\u00d718ml) patronnal, 0,9\u03a9 h\u00e1l\u00f3s tekercsekkel, LED kijelz\u0151vel \u00e9s Type-C \u00fajrat\u00f6lthet\u0151 650mAh akkumul\u00e1torral. Hossz\u00fa haszn\u00e1latra tervezve, n\u00e9pszer\u0171 az eldobhat\u00f3 vape nagykeresked\u0151k \u00e9s v\u00e1s\u00e1rl\u00f3k k\u00f6r\u00e9ben, akik Magyarorsz\u00e1gon vapet v\u00e1s\u00e1rolnak a cigaretta helyett.<\/p>\n<p><img fetchpriority=\"high\" decoding=\"async\" class=\"size-full wp-image-2932\" src=\"https:\/\/vapestornado.com\/wp-content\/uploads\/2024\/12\/Vape-Wholesale.jpg\" alt=\"Vape nagykereskedelem\" width=\"229\" height=\"300\" \/><\/p>\n<h3><a href=\"https:\/\/wa.me\/8617776015835\"><span style=\"color: #ff0000;\"><strong>WhatsApp: +86 17776015835<\/strong><\/span><\/a><\/h3>\n<p>&nbsp;<\/p>","protected":false},"featured_media":4011,"comment_status":"open","ping_status":"closed","template":"","meta":{"_acf_changed":false,"_uag_custom_page_level_css":"","_lmt_disableupdate":"no","_lmt_disable":"","_monsterinsights_skip_tracking":false,"_monsterinsights_sitenote_active":false,"_monsterinsights_sitenote_note":"","_monsterinsights_sitenote_category":0,"site-sidebar-layout":"default","site-content-layout":"","ast-site-content-layout":"default","site-content-style":"default","site-sidebar-style":"default","ast-global-header-display":"","ast-banner-title-visibility":"","ast-main-header-display":"","ast-hfb-above-header-display":"","ast-hfb-below-header-display":"","ast-hfb-mobile-header-display":"","site-post-title":"","ast-breadcrumbs-content":"","ast-featured-img":"","footer-sml-layout":"","ast-disable-related-posts":"","theme-transparent-header-meta":"default","adv-header-id-meta":"","stick-header-meta":"","header-above-stick-meta":"","header-main-stick-meta":"","header-below-stick-meta":"","astra-migrate-meta-layouts":"set","ast-page-background-enabled":"default","ast-page-background-meta":{"desktop":{"background-color":"","background-image":"","background-repeat":"repeat","background-position":"center center","background-size":"auto","background-attachment":"scroll","background-type":"","background-media":"","overlay-type":"","overlay-color":"","overlay-opacity":"","overlay-gradient":""},"tablet":{"background-color":"","background-image":"","background-repeat":"repeat","background-position":"center center","background-size":"auto","background-attachment":"scroll","background-type":"","background-media":"","overlay-type":"","overlay-color":"","overlay-opacity":"","overlay-gradient":""},"mobile":{"background-color":"","background-image":"","background-repeat":"repeat","background-position":"center center","background-size":"auto","background-attachment":"scroll","background-type":"","background-media":"","overlay-type":"","overlay-color":"","overlay-opacity":"","overlay-gradient":""}},"ast-content-background-meta":{"desktop":{"background-color":"var(--ast-global-color-5)","background-image":"","background-repeat":"repeat","background-position":"center center","background-size":"auto","background-attachment":"scroll","background-type":"","background-media":"","overlay-type":"","overlay-color":"","overlay-opacity":"","overlay-gradient":""},"tablet":{"background-color":"var(--ast-global-color-5)","background-image":"","background-repeat":"repeat","background-position":"center center","background-size":"auto","background-attachment":"scroll","background-type":"","background-media":"","overlay-type":"","overlay-color":"","overlay-opacity":"","overlay-gradient":""},"mobile":{"background-color":"var(--ast-global-color-5)","background-image":"","background-repeat":"repeat","background-position":"center center","background-size":"auto","background-attachment":"scroll","background-type":"","background-media":"","overlay-type":"","overlay-color":"","overlay-opacity":"","overlay-gradient":""}},"_joinchat":{"telephone":"17776015835"}},"product_brand":[],"product_cat":[156,142,144,61,60],"product_tag":[105,94,301,299,300],"class_list":{"0":"post-4013","1":"product","2":"type-product","3":"status-publish","4":"has-post-thumbnail","6":"product_cat-buy-disposable-vapes-in-poland","7":"product_cat-digital-box-disposable-vapes","8":"product_cat-low-nicotine-disposable-vapes","9":"product_cat-vapme-shisha","10":"product_cat-waspe-fihp-vape","11":"product_tag-digital-disposable-vape","12":"product_tag-rechargeable-disposable-vape","13":"product_tag-vapor-wholesale","14":"product_tag-waspe-60k-puff","15":"product_tag-waspe-aiviou-3-in-1-60000","16":"desktop-align-left","17":"tablet-align-left","18":"mobile-align-left","20":"first","21":"instock","22":"sale","23":"shipping-taxable","24":"purchasable","25":"product-type-simple"},"acf":[],"uagb_featured_image_src":{"full":["https:\/\/vapestornado.com\/wp-content\/uploads\/2025\/03\/Waspe-Aiviou-3-in1-60k-60000-Puffs-Disposable-Vaper.webp",800,800,false],"thumbnail":["https:\/\/vapestornado.com\/wp-content\/uploads\/2025\/03\/Waspe-Aiviou-3-in1-60k-60000-Puffs-Disposable-Vaper-150x150.webp",150,150,true],"medium":["https:\/\/vapestornado.com\/wp-content\/uploads\/2025\/03\/Waspe-Aiviou-3-in1-60k-60000-Puffs-Disposable-Vaper-300x300.webp",300,300,true],"medium_large":["https:\/\/vapestornado.com\/wp-content\/uploads\/2025\/03\/Waspe-Aiviou-3-in1-60k-60000-Puffs-Disposable-Vaper-768x768.webp",768,768,true],"large":["https:\/\/vapestornado.com\/wp-content\/uploads\/2025\/03\/Waspe-Aiviou-3-in1-60k-60000-Puffs-Disposable-Vaper.webp",800,800,false],"1536x1536":["https:\/\/vapestornado.com\/wp-content\/uploads\/2025\/03\/Waspe-Aiviou-3-in1-60k-60000-Puffs-Disposable-Vaper.webp",800,800,false],"2048x2048":["https:\/\/vapestornado.com\/wp-content\/uploads\/2025\/03\/Waspe-Aiviou-3-in1-60k-60000-Puffs-Disposable-Vaper.webp",800,800,false],"trp-custom-language-flag":["https:\/\/vapestornado.com\/wp-content\/uploads\/2025\/03\/Waspe-Aiviou-3-in1-60k-60000-Puffs-Disposable-Vaper.webp",12,12,false],"woocommerce_thumbnail":["https:\/\/vapestornado.com\/wp-content\/uploads\/2025\/03\/Waspe-Aiviou-3-in1-60k-60000-Puffs-Disposable-Vaper-300x300.webp",300,300,true],"woocommerce_single":["https:\/\/vapestornado.com\/wp-content\/uploads\/2025\/03\/Waspe-Aiviou-3-in1-60k-60000-Puffs-Disposable-Vaper-600x600.webp",600,600,true],"woocommerce_gallery_thumbnail":["https:\/\/vapestornado.com\/wp-content\/uploads\/2025\/03\/Waspe-Aiviou-3-in1-60k-60000-Puffs-Disposable-Vaper-100x100.webp",100,100,true]},"uagb_author_info":{"display_name":"ESAMY","author_link":"https:\/\/vapestornado.com\/hu\/author\/"},"uagb_comment_info":1,"uagb_excerpt":"Waspe Aiviou 3 in 1 60000 Puffs disposable vape kit with 3 flavour switching, 54ml (3\u00d718ml) pods, 0.9\u03a9 mesh coils, LED display, and Type-C rechargeable 650mAh battery. Built for long use, popular with disposable vape wholesaler buyers and customers who Buy vapor in Poland instead of Buy cigarettes. WhatsApp: +86 17776015835 &nbsp;","_links":{"self":[{"href":"https:\/\/vapestornado.com\/hu\/wp-json\/wp\/v2\/product\/4013","targetHints":{"allow":["GET"]}}],"collection":[{"href":"https:\/\/vapestornado.com\/hu\/wp-json\/wp\/v2\/product"}],"about":[{"href":"https:\/\/vapestornado.com\/hu\/wp-json\/wp\/v2\/types\/product"}],"replies":[{"embeddable":true,"href":"https:\/\/vapestornado.com\/hu\/wp-json\/wp\/v2\/comments?post=4013"}],"wp:featuredmedia":[{"embeddable":true,"href":"https:\/\/vapestornado.com\/hu\/wp-json\/wp\/v2\/media\/4011"}],"wp:attachment":[{"href":"https:\/\/vapestornado.com\/hu\/wp-json\/wp\/v2\/media?parent=4013"}],"wp:term":[{"taxonomy":"product_brand","embeddable":true,"href":"https:\/\/vapestornado.com\/hu\/wp-json\/wp\/v2\/product_brand?post=4013"},{"taxonomy":"product_cat","embeddable":true,"href":"https:\/\/vapestornado.com\/hu\/wp-json\/wp\/v2\/product_cat?post=4013"},{"taxonomy":"product_tag","embeddable":true,"href":"https:\/\/vapestornado.com\/hu\/wp-json\/wp\/v2\/product_tag?post=4013"}],"curies":[{"name":"wp","href":"https:\/\/api.w.org\/{rel}","templated":true}]}}