{"id":4007,"date":"2025-03-26T07:12:34","date_gmt":"2025-03-26T07:12:34","guid":{"rendered":"https:\/\/vapestornado.com\/?post_type=product&#038;p=4007"},"modified":"2025-12-08T09:42:38","modified_gmt":"2025-12-08T09:42:38","slug":"vapme-goat-40000-puff-40k-hookah-shisha-pen-price-wholesale-e-cigarette","status":"publish","type":"product","link":"https:\/\/vapestornado.com\/hu\/product\/vapme-goat-40000-puff-40k-hookah-shisha-pen-price-wholesale-e-cigarette\/","title":{"rendered":"Vapme Goat 40000 Sz\u00edv\u00e1s 40k V\u00edzpipa Shisha Toll \u00c1r Nagykereskedelmi E Cigaretta"},"content":{"rendered":"<h2 data-pm-slice=\"1 1 []\">Vapme Goat 40000 Puffs Shisha Hookah Eldobhat\u00f3 Vape \u00c1ll\u00edthat\u00f3 L\u00e9g\u00e1raml\u00e1ssal Nagykereskedelem EU<\/h2>\n<p data-start=\"181\" data-end=\"485\">A <strong data-start=\"110\" data-end=\"135\">Vapme Goat 40000 Puffs<\/strong> egy nagy kapacit\u00e1s\u00fa shisha-st\u00edlus\u00fa eldobhat\u00f3, amelyet azoknak terveztek, akik gyakran sz\u00edvnak \u00e9s olyan k\u00e9sz\u00fcl\u00e9ket keresnek, amely id\u0151vel is konzisztens marad. Ez biztos\u00edtja <strong data-start=\"273\" data-end=\"295\">ak\u00e1r 40 000 szippant\u00e1sig<\/strong> egy <strong data-start=\"303\" data-end=\"332\">30 ml-es el\u0151re t\u00f6lt\u00f6tt tart\u00e1ly<\/strong>, amit egy <strong data-start=\"346\" data-end=\"364\">0,4 \u03a9 mesh coil<\/strong> hajt, amely s\u0171r\u0171 g\u0151zt \u00e9s teljes \u00edzt nyom, an\u00e9lk\u00fcl, hogy durv\u00e1v\u00e1 v\u00e1lna. Egy <strong data-start=\"433\" data-end=\"490\">850mAh-s \u00fajrat\u00f6lthet\u0151 akkumul\u00e1torral \u00e9s Type-C gyorst\u00f6lt\u00e9ssel<\/strong> meg\u0151rzi a teljes\u00edtm\u00e9nyt, mik\u00f6zben <strong data-start=\"523\" data-end=\"545\">szab\u00e1lyozhat\u00f3 l\u00e9g\u00e1raml\u00e1ssal<\/strong> lehet\u0151v\u00e9 teszi, hogy a sz\u00edv\u00e1s szoross\u00e1g\u00e1t finomhangold a szoros MTL-t\u0151l a nyitott DTL-ig. K\u00e9t nikotinszint \u2014 <strong data-start=\"622\" data-end=\"635\">0% \u00e9s 2%<\/strong> \u2014 egyszer\u0171v\u00e9 \u00e9s EU-bar\u00e1tt\u00e1 teszi a v\u00e1laszt\u00e1st.<\/p>\n<h3><strong>Mi\u00e9rt v\u00e1lasztj\u00e1k a vaperek a Vapme Goat 40000 Puffs-ot?<\/strong><\/h3>\n<ul>\n<li data-start=\"951\" data-end=\"1165\">\n<p data-start=\"953\" data-end=\"1165\"><strong data-start=\"953\" data-end=\"995\">Kapacit\u00e1s, amit a val\u00f3di folyad\u00e9kt\u00e9rfogat t\u00e1mogat.<\/strong> A 40K \u00e9rt\u00e9kel\u00e9st egy <strong data-start=\"1029\" data-end=\"1042\">30 ml-es tart\u00e1ly<\/strong>t\u00e1mogatja, nem egy apr\u00f3, csod\u00e1kat \u00edg\u00e9r\u0151 pod. Ez cs\u00f6kkenti a gyakori probl\u00e9m\u00e1t, hogy egy napra j\u00f3, ut\u00e1na lapos lesz az eldobhat\u00f3ban.<\/p>\n<\/li>\n<li data-start=\"1167\" data-end=\"1391\">\n<p data-start=\"1169\" data-end=\"1391\"><strong data-start=\"1169\" data-end=\"1217\">Alacsony ellen\u00e1ll\u00e1s\u00fa h\u00e1l\u00f3tek\u0151 komoly g\u0151zhoz.<\/strong> A <strong data-start=\"1222\" data-end=\"1240\">0,4 \u03a9 mesh coil<\/strong> egy gazdagabb kimenetre \u00e9s er\u0151sebb \u00edz\u00e9rzetre van hangolva. Ez az a t\u00edpus\u00fa tekercsv\u00e1laszt\u00e1s, amit a m\u00e1rk\u00e1k akkor haszn\u00e1lnak, amikor shisha-ir\u00e1nyults\u00e1g\u00fa, felh\u0151k\u00f6zpont\u00fa \u00e9rz\u00e9st akarnak el\u00e9rni.<\/p>\n<\/li>\n<li data-start=\"1393\" data-end=\"1595\">\n<p data-start=\"1395\" data-end=\"1595\"><strong data-start=\"1395\" data-end=\"1445\">\u00dajrat\u00f6lthet\u0151, \u00edgy a k\u00e9sz\u00fcl\u00e9k nem hagy cserben kor\u00e1n.<\/strong> Egy <strong data-start=\"1454\" data-end=\"1472\">850mAh akkumul\u00e1torral<\/strong> \u00e9s a <strong data-start=\"1477\" data-end=\"1501\">Type-C gyorst\u00f6lt\u00e9ssel<\/strong>, \u00edgy sz\u00fcks\u00e9g szerint \u00fajra t\u00f6ltheted, \u00e9s a folyad\u00e9kot elfogyaszthatod, ahelyett, hogy kidobn\u00e1d az alacsony teljes\u00edtm\u00e9ny miatt.<\/p>\n<\/li>\n<li data-start=\"1597\" data-end=\"1778\">\n<p data-start=\"1599\" data-end=\"1778\"><strong data-start=\"1599\" data-end=\"1635\">L\u00e9g\u00e1raml\u00e1s, ami megfelel a st\u00edlusodnak.<\/strong> \u00c1ll\u00edthat\u00f3 l\u00e9g\u00e1raml\u00e1s azt jelenti, hogy szorosabb, cigaretta-st\u00edlus\u00fa h\u00faz\u00e1s MTL-hez vagy nyitottabb DTL h\u00faz\u00e1s, amikor nagyobb g\u0151zt szeretn\u00e9l \u2014 egy eszk\u00f6z, k\u00e9t szok\u00e1s.<\/p>\n<\/li>\n<li data-start=\"1780\" data-end=\"1973\">\n<p data-start=\"1782\" data-end=\"1973\"><strong data-start=\"1782\" data-end=\"1819\">Egyszer\u0171 nikotin opci\u00f3k.<\/strong> <strong data-start=\"1820\" data-end=\"1843\">0% csak \u00edzhez<\/strong> \u00e9s a <strong data-start=\"1848\" data-end=\"1879\">2% k\u00f6nny\u0171 nikotin l\u00f6kethez<\/strong> tartsa ezt a modellt azokkal az felhaszn\u00e1l\u00f3kkal \u00f6sszhangban, akik nem szeretn\u00e9nek er\u0151s nikotint, de m\u00e9gis el\u00e9gedetts\u00e9get keresnek.<\/p>\n<\/li>\n<\/ul>\n<p>Friss\u00edtse fel a g\u0151z\u00f6l\u00e9si \u00e9lm\u00e9ny\u00e9t a\u00a0<strong>Vapme Goat 40000 F\u00faj\u00e1sok<\/strong>\u2014<strong>tart\u00f3s, \u00edzletes \u00e9s rendk\u00edv\u00fcl k\u00e9nyelmes<\/strong>. T\u00f6k\u00e9letes a\u00a0<strong>nagykereskedelmi v\u00e1s\u00e1rl\u00f3k \u00e9s egy\u00e9ni g\u0151z\u00f6l\u0151k sz\u00e1m\u00e1ra<\/strong>\u00a0akik egy\u00a0<strong>kiv\u00e1l\u00f3 min\u0151s\u00e9g\u0171 eldobhat\u00f3 vape-et keresnek<\/strong>\u00a0versenyk\u00e9pes \u00e1ron.<\/p>\n<p><strong>V\u00e1s\u00e1roljon most \u00e9s \u00e9lvezze a legsim\u00e1bb, legkiel\u00e9g\u00edt\u0151bb slukkot!<\/strong><\/p>\n<p data-start=\"666\" data-end=\"1235\"><strong style=\"font-size: 16px;\"><span style=\"color: #ff0000;\">Add hozz\u00e1 Amy WhatsApp-j\u00e1t, hogy azonnali v\u00e1laszt \u00e9s kedvezm\u00e9nyes \u00e1rat kapj!<\/span><\/strong><\/p>\n<p><img fetchpriority=\"high\" decoding=\"async\" class=\"size-full wp-image-2932\" src=\"https:\/\/vapestornado.com\/wp-content\/uploads\/2024\/12\/Vape-Wholesale.jpg\" alt=\"Vape nagykereskedelem\" width=\"229\" height=\"300\" \/><\/p>\n<h3><a href=\"https:\/\/wa.me\/8617776015835\" target=\"_blank\" rel=\"noopener\"><span style=\"color: #ff0000;\"><strong>WhatsApp: +86 17776015835<\/strong><\/span><\/a><\/h3>\n<p>&nbsp;<\/p>\n<h2><strong>Vapme Goat 40000 Puffs f\u0151 term\u00e9kjellemz\u0151k<\/strong><\/h2>\n<table>\n<thead>\n<tr>\n<th>Jellemz\u0151k<\/th>\n<th>Spec<\/th>\n<th>R\u00e9szletek<\/th>\n<\/tr>\n<\/thead>\n<tbody>\n<tr>\n<td>Term\u00e9kt\u00edpus<\/td>\n<td>Sz\u00edv\u00f3cs\u0151\/Hookah eldobhat\u00f3 vape toll<\/td>\n<td>Felh\u0151k\u00f6zpont\u00fa \u00e9rz\u00e9s sima h\u00faz\u00e1ssal.<\/td>\n<\/tr>\n<tr>\n<td>Slukkkapacit\u00e1s<\/td>\n<td>Ak\u00e1r 40 000 puff<\/td>\n<td>Magas \u00e9lettartam rendszeres felhaszn\u00e1l\u00f3k sz\u00e1m\u00e1ra; kevesebb csere.<\/td>\n<\/tr>\n<tr>\n<td>E-liquid \u0171rtartalom<\/td>\n<td>30ml el\u0151re t\u00f6lt\u00f6tt<\/td>\n<td>Nagy tart\u00e1ly t\u00e1mogatja a hosszabb \u00fcl\u00e9seket.<\/td>\n<\/tr>\n<tr>\n<td>Tekercs<\/td>\n<td>0.4\u03a9 H\u00e1l\u00f3s Tekercs<\/td>\n<td>Alacsony ellen\u00e1ll\u00e1s s\u0171r\u0171 g\u0151z \u00e9s er\u0151s \u00edz \u00e9rdek\u00e9ben.<\/td>\n<\/tr>\n<tr>\n<td>Akkumul\u00e1tor<\/td>\n<td>850mAh \u00fajrat\u00f6lthet\u0151<\/td>\n<td>Stabil teljes\u00edtm\u00e9ny; t\u00f6ltse \u00fajra a teljes tank felt\u00f6lt\u00e9s\u00e9hez.<\/td>\n<\/tr>\n<tr>\n<td>T\u00f6lt\u00e9s<\/td>\n<td>Type-C gyorst\u00f6lt\u00e9ssel<\/td>\n<td>R\u00f6vid le\u00e1ll\u00e1si id\u0151, modern k\u00e1bel kompatibilit\u00e1s.<\/td>\n<\/tr>\n<tr>\n<td>Leveg\u0151\u00e1raml\u00e1s<\/td>\n<td>\u00c1ll\u00edthat\u00f3<\/td>\n<td>T\u00e1mogatja mind az MTL, mind a DTL h\u00faz\u00e1si st\u00edlusokat.<\/td>\n<\/tr>\n<tr>\n<td>Nikotin opci\u00f3k<\/td>\n<td>0% \/ 2% s\u00f3 nikotin<\/td>\n<td>Csak \u00edz vagy k\u00f6nny\u0171 nikotin el\u00e9gedetts\u00e9g.<\/td>\n<\/tr>\n<tr>\n<td>\u00cdzek<\/td>\n<td>10 \u00edz<\/td>\n<td>T\u00f6bb bogy\u00f3s\/piros gy\u00fcm\u00f6lcs profilokat tartalmaz.<\/td>\n<\/tr>\n<\/tbody>\n<\/table>\n<figure id=\"attachment_4002\" aria-describedby=\"caption-attachment-4002\" style=\"width: 800px\" class=\"wp-caption alignnone\"><img decoding=\"async\" class=\"wp-image-4002 size-full\" src=\"https:\/\/vapestornado.com\/wp-content\/uploads\/2025\/03\/Original-Vapme-Goat-40000-Puffs-Hookah-Shisha-Pen.webp\" alt=\"Eredeti Vapme Goat 40000 Puffs Hookah Shisha Pen\" width=\"800\" height=\"800\" srcset=\"https:\/\/vapestornado.com\/wp-content\/uploads\/2025\/03\/Original-Vapme-Goat-40000-Puffs-Hookah-Shisha-Pen.webp 800w, https:\/\/vapestornado.com\/wp-content\/uploads\/2025\/03\/Original-Vapme-Goat-40000-Puffs-Hookah-Shisha-Pen-300x300.webp 300w, https:\/\/vapestornado.com\/wp-content\/uploads\/2025\/03\/Original-Vapme-Goat-40000-Puffs-Hookah-Shisha-Pen-150x150.webp 150w, https:\/\/vapestornado.com\/wp-content\/uploads\/2025\/03\/Original-Vapme-Goat-40000-Puffs-Hookah-Shisha-Pen-768x768.webp 768w, https:\/\/vapestornado.com\/wp-content\/uploads\/2025\/03\/Original-Vapme-Goat-40000-Puffs-Hookah-Shisha-Pen-600x600.webp 600w, https:\/\/vapestornado.com\/wp-content\/uploads\/2025\/03\/Original-Vapme-Goat-40000-Puffs-Hookah-Shisha-Pen-100x100.webp 100w\" sizes=\"(max-width: 800px) 100vw, 800px\" \/><figcaption id=\"caption-attachment-4002\" class=\"wp-caption-text\">Eredeti Vapme Goat 40000 Puffs Hookah Shisha Pen<\/figcaption><\/figure>\n<h2 class=\"product-title\"><strong>Vapme Goat 40000 Puffs Eldobhat\u00f3 r\u00fad \u00edzlista<\/strong><\/h2>\n<article class=\"w-full text-token-text-primary focus-visible:outline-2 focus-visible:outline-offset-[-4px]\" dir=\"auto\" data-testid=\"conversation-turn-32\" data-scroll-anchor=\"false\">\n<div class=\"m-auto text-base py-[18px] px-6\">\n<div class=\"mx-auto flex flex-1 text-base gap-4 md:gap-5 lg:gap-6 md:max-w-3xl lg:max-w-[40rem] xl:max-w-[48rem]\">\n<div class=\"group\/conversation-turn relative flex w-full min-w-0 flex-col @xs\/thread:px-0 @sm\/thread:px-1.5 @md\/thread:px-4\">\n<div class=\"flex-col gap-1 md:gap-3\">\n<div class=\"flex max-w-full flex-col flex-grow\">\n<div class=\"min-h-8 text-message flex w-full flex-col items-end gap-2 whitespace-normal break-words text-start [.text-message+&amp;]:mt-5\" dir=\"auto\" data-message-author-role=\"user\" data-message-id=\"ffac41ca-1db4-431b-873a-32c4052956f1\">\n<div class=\"flex w-full flex-col gap-1 empty:hidden items-end rtl:items-start\">\n<div class=\"relative max-w-[var(--user-chat-width,70%)] rounded-3xl bg-token-message-surface px-5 py-2.5\">\n<div class=\"absolute bottom-0 right-full top-0 -mr-3.5 hidden pr-5 pt-2 [.group\/conversation-turn:hover_&amp;]:flex\">\n<div class=\"flex\">\n<article class=\"w-full text-token-text-primary focus-visible:outline-2 focus-visible:outline-offset-[-4px]\" dir=\"auto\" data-testid=\"conversation-turn-39\" data-scroll-anchor=\"true\">\n<div class=\"m-auto text-base py-[18px] px-6\">\n<div class=\"mx-auto flex flex-1 text-base gap-4 md:gap-5 lg:gap-6 md:max-w-3xl lg:max-w-[40rem] xl:max-w-[48rem]\">\n<div class=\"group\/conversation-turn relative flex w-full min-w-0 flex-col agent-turn @xs\/thread:px-0 @sm\/thread:px-1.5 @md\/thread:px-4\">\n<div class=\"flex-col gap-1 md:gap-3\">\n<div class=\"flex max-w-full flex-col flex-grow\">\n<div class=\"min-h-8 text-message flex w-full flex-col items-end gap-2 whitespace-normal break-words text-start [.text-message+&amp;]:mt-5\" dir=\"auto\" data-message-author-role=\"assistant\" data-message-id=\"55a23854-ec57-48dd-bd4f-6118f43d6241\" data-message-model-slug=\"gpt-4o\">\n<div class=\"flex w-full flex-col gap-1 empty:hidden first:pt-[3px]\">\n<div class=\"markdown prose w-full break-words dark:prose-invert light\">\n<p>1. G\u00f6r\u00f6gdinnye j\u00e9g<br \/>\n2. Eper g\u00f6r\u00f6gdinnye<br \/>\n3. \u00c1fonya j\u00e9g<br \/>\n4. Eper m\u00e1lna cseresznye<br \/>\n5. \u0150szibarack j\u00e9g<br \/>\n6. Red Bull j\u00e9g<br \/>\n7. Vegyes bogy\u00f3k<br \/>\n8. Tripla dinnye j\u00e9g<br \/>\n9. Sz\u0151l\u0151 j\u00e9g<br \/>\n10. Eper ban\u00e1n<br \/>\n11. Cseresznye k\u00f3la j\u00e9g<br \/>\n12. \u00c1fonya m\u00e1lna<\/p>\n<\/div>\n<\/div>\n<\/div>\n<\/div>\n<\/div>\n<\/div>\n<\/div>\n<\/div>\n<\/article>\n<\/div>\n<\/div>\n<\/div>\n<\/div>\n<\/div>\n<\/div>\n<\/div>\n<\/div>\n<\/div>\n<\/div>\n<\/article>\n<h2>Mi\u00e9rt v\u00e1lassza a Vapestornado-t a Vapme Goat 40k Puffs v\u00e1s\u00e1rl\u00e1s\u00e1hoz?<\/h2>\n<div class=\"flex-shrink-0 flex flex-col relative items-end\">\n<div class=\"pt-0\">\n<div class=\"gizmo-bot-avatar flex h-8 w-8 items-center justify-center overflow-hidden rounded-full\">\n<div class=\"relative p-1 rounded-sm flex items-center justify-center bg-token-main-surface-primary text-token-text-primary h-8 w-8\">\n<p>At\u00a0<strong>VapeTornado<\/strong>b\u00fcszk\u00e9k vagyunk arra, hogy\u00a0<strong>pr\u00e9mium vaping term\u00e9keket k\u00edn\u00e1lunk verhetetlen \u00e1ron<\/strong>\u2014\u00e9s a\u00a0<strong>Vapme Goat 40000 F\u00faj\u00e1sok<\/strong>\u00a0sem kiv\u00e9tel! \u00cdme, mi\u00e9rt \u00e9rdemes t\u0151l\u00fcnk v\u00e1s\u00e1rolnia:<\/p>\n<p><strong>Legjobb Nagykereskedelmi \u00c1rak<\/strong>\u00a0\u2013 Mi k\u00edn\u00e1lunk\u00a0<strong>versenyk\u00e9pes t\u00f6meges \u00e1rengedm\u00e9nyek<\/strong>, \u00edgy mi vagyunk a legjobb v\u00e1laszt\u00e1s viszontelad\u00f3knak \u00e9s vape \u00fczleteknek.<br \/>\n<strong>Gyors<\/strong>\u00a0\u2013 Rendel\u00e9s\u00e9t k\u00e9zbes\u00edtj\u00fck\u00a0<strong>gyorsan \u00e9s biztons\u00e1gosan<\/strong>, vil\u00e1gszerte el\u00e9rhet\u0151 sz\u00e1ll\u00edt\u00e1si lehet\u0151s\u00e9gekkel.<br \/>\n<strong>100% Eredeti Term\u00e9kek<\/strong>\u00a0\u2013 Nincsenek ut\u00e1nzatok \u2013 csak\u00a0<strong>eredeti Vapme Goat eldobhat\u00f3 k\u00e9sz\u00fcl\u00e9kek<\/strong>\u00a0ellen\u0151rz\u00f6tt min\u0151s\u00e9ggel.<br \/>\n<strong>Kiv\u00e1l\u00f3 \u00dcgyf\u00e9lszolg\u00e1lat<\/strong>\u00a0\u2013 K\u00e9rd\u00e9se van? A mi\u00a0<strong>vape szak\u00e9rt\u0151ink<\/strong> a nap 24 \u00f3r\u00e1j\u00e1ban k\u00e9szen \u00e1llnak a seg\u00edts\u00e9g\u00e9re.<\/p>\n<p><strong>Ne v\u00e1rjon \u2013 rendelje meg Vapme Goat 40000 Puffs k\u00e9sz\u00fcl\u00e9k\u00e9t m\u00e9g ma a VapeTornado-t\u00f3l, \u00e9s tapasztalja meg a t\u00f6k\u00e9letes g\u0151z\u00f6l\u00e9si \u00e9lm\u00e9nyt!<\/strong>\u00a0\ud83d\ude80<\/p>\n<p data-start=\"559\" data-end=\"933\" data-is-last-node=\"\" data-is-only-node=\"\">Van n\u00e9h\u00e1ny m\u00e1s n\u00e9pszer\u0171, kijelz\u0151vel ell\u00e1tott vape term\u00e9k\u00fcnk is, mint p\u00e9ld\u00e1ul a <a href=\"https:\/\/vapestornado.com\/hu\/product\/mesii-couple-50k-disposable-shisha-hookah-50000-puffs-vape-with-digital-display\/\">Mesii p\u00e1r 50000<\/a>, <a href=\"https:\/\/vapestornado.com\/hu\/product\/vopk-cool-9000-puffs-disposable-vapes-bar-puff-9k\/\">VOPK 9000 Puffs Eldobhat\u00f3 Vape<\/a>, <a href=\"https:\/\/vapestornado.com\/hu\/product\/bang-beach-22000-20k-puff-disposable-vape-pen-with-screen-reddit-hot\/\">Bang Beach 22000<\/a>, \u00e9s m\u00e9g sok m\u00e1s.<\/p>\n<\/div>\n<div class=\"relative p-1 rounded-sm flex items-center justify-center bg-token-main-surface-primary text-token-text-primary h-8 w-8\">\n<h2>GYIK<\/h2>\n<ol data-start=\"3754\" data-end=\"4973\">\n<li data-start=\"3754\" data-end=\"4025\">\n<p data-start=\"3757\" data-end=\"4025\"><strong data-start=\"3757\" data-end=\"3869\">Hogyan v\u00e1ltoztatja meg a Vapme Goat 40000 Puff 0.4\u03a9 h\u00e1l\u00f3tekercs a g\u0151z kibocs\u00e1t\u00e1s\u00e1t magasabb ohmos eldobhat\u00f3 eszk\u00f6z\u00f6kh\u00f6z k\u00e9pest?<\/strong><br data-start=\"3869\" data-end=\"3872\" \/>A <strong data-start=\"3874\" data-end=\"3892\">0,4 \u03a9 mesh coil<\/strong> alacsonyabb ellen\u00e1ll\u00e1st m\u0171k\u00f6dtet, \u00edgy nyom\u00e1st gyakorol <strong data-start=\"3929\" data-end=\"3964\">s\u0171r\u0171bb felh\u0151k \u00e9s melegebb h\u00faz\u00e1s<\/strong>, k\u00f6zelebb a shisha \u00e9rz\u00e9shez, mint egy k\u00f6nny\u0171 sz\u00e1jr\u00f3l t\u00f6rt\u00e9n\u0151 eldobhat\u00f3.<\/p>\n<\/li>\n<li data-start=\"4027\" data-end=\"4220\">\n<p data-start=\"4030\" data-end=\"4220\"><strong data-start=\"4030\" data-end=\"4111\">T\u00e1mogatja-e a Vapme Goat 40K \u00e1ll\u00edthat\u00f3 l\u00e9g\u00e1raml\u00e1s\u00e1t mind MTL, mind DTL m\u00f3don megfelel\u0151en?<\/strong><br data-start=\"4111\" data-end=\"4114\" \/>Igen. A l\u00e9g\u00e1raml\u00e1s szoros z\u00e1r\u00e1sa MTL-hez sz\u0171k\u00edti a h\u00faz\u00e1st; a nyit\u00e1s szabadabb h\u00faz\u00e1st ad DTL-hez t\u00f6bb g\u0151zzel.<\/p>\n<\/li>\n<li data-start=\"4222\" data-end=\"4476\">\n<p data-start=\"4225\" data-end=\"4476\"><strong data-start=\"4225\" data-end=\"4323\">Tart\u00f3s-e a Vapme Goat 40000 Puff Type-C \u00fajrat\u00f6lthet\u0151 eldobhat\u00f3 az eg\u00e9sz 30ml-es tart\u00e1lyon kereszt\u00fcl?<\/strong><br data-start=\"4323\" data-end=\"4326\" \/>Ez\u00e9rt van az \u00fajrat\u00f6lthet\u0151s\u00e9g. Ha az akkumul\u00e1tor lemer\u00fcl, miel\u0151tt a folyad\u00e9k elfogyna, egy <strong data-start=\"4401\" data-end=\"4423\">gyors Type-C felt\u00f6lt\u00e9s<\/strong> megtartja a k\u00e9sz\u00fcl\u00e9ket m\u0171k\u00f6d\u00e9sben, am\u00edg a tart\u00e1ly ki nem fogy.<\/p>\n<\/li>\n<li data-start=\"4478\" data-end=\"4721\">\n<p data-start=\"4481\" data-end=\"4721\"><strong data-start=\"4481\" data-end=\"4587\">Milyen \u00edz\u00e9lm\u00e9nyt v\u00e1rhatunk a Vapme Goat 40 000 puffos shisha vape-t\u0151l hosszabb haszn\u00e1lat sor\u00e1n?<\/strong><br data-start=\"4587\" data-end=\"4590\" \/>A h\u00e1l\u00f3s f\u0171t\u00e9s seg\u00edt meg\u0151rizni az \u00edzt <strong data-start=\"4622\" data-end=\"4645\">mer\u00e9sz \u00e9s k\u00f6vetkezetes<\/strong> m\u00e9lyebben a tart\u00e1lyban, kevesebb k\u00e9s\u0151i halv\u00e1nyul\u00e1ssal, mint a hagyom\u00e1nyos huzalos tekercsek eset\u00e9ben.<\/p>\n<\/li>\n<li data-start=\"4723\" data-end=\"4973\">\n<p data-start=\"4726\" data-end=\"4973\"><strong data-start=\"4726\" data-end=\"4835\">Alkalmas-e a Vapme Goat 40000 Puff 2% nikotinos eldobhat\u00f3 a rendszeres EU-s felhaszn\u00e1l\u00f3k sz\u00e1m\u00e1ra, akik k\u00f6nnyebb hat\u00e1st szeretn\u00e9nek?<\/strong><br data-start=\"4835\" data-end=\"4838\" \/>A 2% be\u00e1ll\u00edt\u00e1sra ker\u00fclt <strong data-start=\"4852\" data-end=\"4883\">k\u00f6nny\u0171-m\u00e9rs\u00e9kelt napi haszn\u00e1latra<\/strong>, fenntartva a hat\u00e1st an\u00e9lk\u00fcl, hogy t\u00fal er\u0151s lenne; az 0% nikotinmentes preferenci\u00e1ra vonatkozik.<\/p>\n<\/li>\n<\/ol>\n<\/div>\n<\/div>\n<\/div>\n<\/div>","protected":false},"excerpt":{"rendered":"<p class=\"LC20lb MBeuO DKV0Md\">Vapme Goat 40000 Puffs shisha-st\u00edlus\u00fa eldobhat\u00f3 vape 30ml el\u0151re t\u00f6lt\u00f6tt e-liquiddel, 0,4\u03a9 h\u00e1l\u00f3tek\u0151vel, \u00e1ll\u00edthat\u00f3 l\u00e9g\u00e1raml\u00e1ssal \u00e9s 850mAh t\u00edpus-C \u00fajrat\u00f6lthet\u0151 akkumul\u00e1torral. Ak\u00e1r 40 000 sz\u00edv\u00e1s, 0% vagy 2% nikotinnal, 10 \u00edzben hossz\u00fa, s\u0171r\u0171, sima szesszi\u00f3khoz.<\/p>\n<p><strong>Add hozz\u00e1 Amy whatsappj\u00e1t, hogy azonnali v\u00e1laszt \u00e9s kedvezm\u00e9nyes \u00e1rat kapj!<\/strong><\/p>\n<p><img fetchpriority=\"high\" decoding=\"async\" class=\"size-full wp-image-2932\" src=\"https:\/\/vapestornado.com\/wp-content\/uploads\/2024\/12\/Vape-Wholesale.jpg\" alt=\"Vape nagykereskedelem\" width=\"229\" height=\"300\" \/><\/p>\n<h3><a href=\"https:\/\/wa.me\/8617776015835\"><span style=\"color: #ff0000;\"><strong>WhatsApp: +86 17776015835<\/strong><\/span><\/a><\/h3>\n<p>&nbsp;<\/p>","protected":false},"featured_media":4001,"comment_status":"open","ping_status":"closed","template":"","meta":{"_acf_changed":false,"_uag_custom_page_level_css":"","_lmt_disableupdate":"no","_lmt_disable":"","_monsterinsights_skip_tracking":false,"_monsterinsights_sitenote_active":false,"_monsterinsights_sitenote_note":"","_monsterinsights_sitenote_category":0,"site-sidebar-layout":"default","site-content-layout":"","ast-site-content-layout":"default","site-content-style":"default","site-sidebar-style":"default","ast-global-header-display":"","ast-banner-title-visibility":"","ast-main-header-display":"","ast-hfb-above-header-display":"","ast-hfb-below-header-display":"","ast-hfb-mobile-header-display":"","site-post-title":"","ast-breadcrumbs-content":"","ast-featured-img":"","footer-sml-layout":"","ast-disable-related-posts":"","theme-transparent-header-meta":"default","adv-header-id-meta":"","stick-header-meta":"","header-above-stick-meta":"","header-main-stick-meta":"","header-below-stick-meta":"","astra-migrate-meta-layouts":"set","ast-page-background-enabled":"default","ast-page-background-meta":{"desktop":{"background-color":"","background-image":"","background-repeat":"repeat","background-position":"center center","background-size":"auto","background-attachment":"scroll","background-type":"","background-media":"","overlay-type":"","overlay-color":"","overlay-opacity":"","overlay-gradient":""},"tablet":{"background-color":"","background-image":"","background-repeat":"repeat","background-position":"center center","background-size":"auto","background-attachment":"scroll","background-type":"","background-media":"","overlay-type":"","overlay-color":"","overlay-opacity":"","overlay-gradient":""},"mobile":{"background-color":"","background-image":"","background-repeat":"repeat","background-position":"center center","background-size":"auto","background-attachment":"scroll","background-type":"","background-media":"","overlay-type":"","overlay-color":"","overlay-opacity":"","overlay-gradient":""}},"ast-content-background-meta":{"desktop":{"background-color":"var(--ast-global-color-5)","background-image":"","background-repeat":"repeat","background-position":"center center","background-size":"auto","background-attachment":"scroll","background-type":"","background-media":"","overlay-type":"","overlay-color":"","overlay-opacity":"","overlay-gradient":""},"tablet":{"background-color":"var(--ast-global-color-5)","background-image":"","background-repeat":"repeat","background-position":"center center","background-size":"auto","background-attachment":"scroll","background-type":"","background-media":"","overlay-type":"","overlay-color":"","overlay-opacity":"","overlay-gradient":""},"mobile":{"background-color":"var(--ast-global-color-5)","background-image":"","background-repeat":"repeat","background-position":"center center","background-size":"auto","background-attachment":"scroll","background-type":"","background-media":"","overlay-type":"","overlay-color":"","overlay-opacity":"","overlay-gradient":""}},"_joinchat":{"telephone":"17776015835"}},"product_brand":[],"product_cat":[65,158,146,147,61],"product_tag":[165,291,294,94,298],"class_list":{"0":"post-4007","1":"product","2":"type-product","3":"status-publish","4":"has-post-thumbnail","6":"product_cat-40000-puff","7":"product_cat-buy-disposable-vapes-in-spain","8":"product_cat-rechargeable-disposable-vapes","9":"product_cat-shisha-hookah-disposable-vapes","10":"product_cat-vapme-shisha","11":"product_tag-cheap-vapes","12":"product_tag-disposable-shisha-hookah","13":"product_tag-puff-40k","14":"product_tag-rechargeable-disposable-vape","15":"product_tag-vapme-goat-40000","16":"desktop-align-left","17":"tablet-align-left","18":"mobile-align-left","20":"first","21":"instock","22":"sale","23":"shipping-taxable","24":"purchasable","25":"product-type-simple"},"acf":[],"uagb_featured_image_src":{"full":["https:\/\/vapestornado.com\/wp-content\/uploads\/2025\/03\/Hot-Vapme-40000-Puffs-Disposables-Price-Wholesale.webp",800,800,false],"thumbnail":["https:\/\/vapestornado.com\/wp-content\/uploads\/2025\/03\/Hot-Vapme-40000-Puffs-Disposables-Price-Wholesale-150x150.webp",150,150,true],"medium":["https:\/\/vapestornado.com\/wp-content\/uploads\/2025\/03\/Hot-Vapme-40000-Puffs-Disposables-Price-Wholesale-300x300.webp",300,300,true],"medium_large":["https:\/\/vapestornado.com\/wp-content\/uploads\/2025\/03\/Hot-Vapme-40000-Puffs-Disposables-Price-Wholesale-768x768.webp",768,768,true],"large":["https:\/\/vapestornado.com\/wp-content\/uploads\/2025\/03\/Hot-Vapme-40000-Puffs-Disposables-Price-Wholesale.webp",800,800,false],"1536x1536":["https:\/\/vapestornado.com\/wp-content\/uploads\/2025\/03\/Hot-Vapme-40000-Puffs-Disposables-Price-Wholesale.webp",800,800,false],"2048x2048":["https:\/\/vapestornado.com\/wp-content\/uploads\/2025\/03\/Hot-Vapme-40000-Puffs-Disposables-Price-Wholesale.webp",800,800,false],"trp-custom-language-flag":["https:\/\/vapestornado.com\/wp-content\/uploads\/2025\/03\/Hot-Vapme-40000-Puffs-Disposables-Price-Wholesale.webp",12,12,false],"woocommerce_thumbnail":["https:\/\/vapestornado.com\/wp-content\/uploads\/2025\/03\/Hot-Vapme-40000-Puffs-Disposables-Price-Wholesale-300x300.webp",300,300,true],"woocommerce_single":["https:\/\/vapestornado.com\/wp-content\/uploads\/2025\/03\/Hot-Vapme-40000-Puffs-Disposables-Price-Wholesale-600x600.webp",600,600,true],"woocommerce_gallery_thumbnail":["https:\/\/vapestornado.com\/wp-content\/uploads\/2025\/03\/Hot-Vapme-40000-Puffs-Disposables-Price-Wholesale-100x100.webp",100,100,true]},"uagb_author_info":{"display_name":"ESAMY","author_link":"https:\/\/vapestornado.com\/hu\/author\/"},"uagb_comment_info":0,"uagb_excerpt":"Vapme Goat 40000 Puff shisha-style disposable vape with 30ml pre-filled e-liquid, 0.4\u03a9 mesh coil, adjustable airflow, and 850mAh Type-C rechargeable battery. Up to 40,000 puffs, 0% or 2% nicotine, 10 flavours for long, dense, smooth sessions. Add Amy's whatsapp to get right reply and discount price! WhatsApp: +86 17776015835 &nbsp;","_links":{"self":[{"href":"https:\/\/vapestornado.com\/hu\/wp-json\/wp\/v2\/product\/4007","targetHints":{"allow":["GET"]}}],"collection":[{"href":"https:\/\/vapestornado.com\/hu\/wp-json\/wp\/v2\/product"}],"about":[{"href":"https:\/\/vapestornado.com\/hu\/wp-json\/wp\/v2\/types\/product"}],"replies":[{"embeddable":true,"href":"https:\/\/vapestornado.com\/hu\/wp-json\/wp\/v2\/comments?post=4007"}],"wp:featuredmedia":[{"embeddable":true,"href":"https:\/\/vapestornado.com\/hu\/wp-json\/wp\/v2\/media\/4001"}],"wp:attachment":[{"href":"https:\/\/vapestornado.com\/hu\/wp-json\/wp\/v2\/media?parent=4007"}],"wp:term":[{"taxonomy":"product_brand","embeddable":true,"href":"https:\/\/vapestornado.com\/hu\/wp-json\/wp\/v2\/product_brand?post=4007"},{"taxonomy":"product_cat","embeddable":true,"href":"https:\/\/vapestornado.com\/hu\/wp-json\/wp\/v2\/product_cat?post=4007"},{"taxonomy":"product_tag","embeddable":true,"href":"https:\/\/vapestornado.com\/hu\/wp-json\/wp\/v2\/product_tag?post=4007"}],"curies":[{"name":"wp","href":"https:\/\/api.w.org\/{rel}","templated":true}]}}