{"id":3999,"date":"2025-03-25T07:33:36","date_gmt":"2025-03-25T07:33:36","guid":{"rendered":"https:\/\/vapestornado.com\/?post_type=product&#038;p=3999"},"modified":"2025-12-11T07:26:08","modified_gmt":"2025-12-11T07:26:08","slug":"wholesale-bang-beach-38000-puff-38k-vape-disposable-vaporizer-e-cig-at-cheap-prices","status":"publish","type":"product","link":"https:\/\/vapestornado.com\/hu\/product\/wholesale-bang-beach-38000-puff-38k-vape-disposable-vaporizer-e-cig-at-cheap-prices\/","title":{"rendered":"Nagykereskedelmi Bang Beach 38000 Puff 38k Vape Eldobhat\u00f3 Vaporiz\u00e1tor E Cigaretta Olcs\u00f3 \u00c1ron"},"content":{"rendered":"<h1 data-pm-slice=\"1 1 []\">Nagykereskedelmi Bang Beach 38000 Puff 38k Vape Eldobhat\u00f3 Vaporiz\u00e1tor E Cigaretta Olcs\u00f3 \u00c1ron<\/h1>\n<p><strong data-start=\"94\" data-end=\"114\">Bang Beach 38000<\/strong> egy nagy kapacit\u00e1s\u00fa eldobhat\u00f3 E-cigaretta, amelyet azok a vaperek terveztek, akik hossz\u00fa \u00fczemid\u0151t, egy\u00e9rtelm\u0171 inform\u00e1ci\u00f3kat \u00e9s er\u0151s \u00edzt szeretn\u00e9nek az elej\u00e9t\u0151l a v\u00e9g\u00e9ig. Azzal <strong data-start=\"277\" data-end=\"299\">ak\u00e1r 38 000 sz\u00edv\u00e1ssal<\/strong>, egy <strong data-start=\"303\" data-end=\"325\">38 ml-es e-liquid tart\u00e1llyal<\/strong>, \u00e9s egy <strong data-start=\"334\" data-end=\"372\">850mAh Type-C \u00fajrat\u00f6lthet\u0151 akkumul\u00e1tor<\/strong>, \u00fagy van kialak\u00edtva, hogy hossz\u00fa ideig m\u0171k\u00f6dj\u00f6n folyamatos cser\u00e9k n\u00e9lk\u00fcl. Egy <strong data-start=\"447\" data-end=\"470\">rendelkezik, a dupla k\u00e9perny\u0151s kijelz\u0151<\/strong> mutatja az akkumul\u00e1tor \u00e9s az olaj szintj\u00e9t, m\u00edg a <strong data-start=\"511\" data-end=\"538\">ujjlenyomat-z\u00e1r<\/strong> biztons\u00e1gi r\u00e9teget ad a zsebek, t\u00e1sk\u00e1k \u00e9s utaz\u00e1sok v\u00e9delm\u00e9re.<\/p>\n<h3 data-start=\"825\" data-end=\"880\">Mi\u00e9rt v\u00e1lassza a Bang Beach 38000 Puffot<\/h3>\n<ul data-start=\"882\" data-end=\"2354\">\n<li data-start=\"882\" data-end=\"1213\">\n<p data-start=\"884\" data-end=\"1213\"><strong data-start=\"884\" data-end=\"935\">Val\u00f3s kapacit\u00e1s, amely megv\u00e1ltoztatja heti rutinj\u00e1t.<\/strong> A <strong data-start=\"940\" data-end=\"969\">Bang Beach 38000 Puff b\u00e1r<\/strong> egy <strong data-start=\"981\" data-end=\"1000\">38K sz\u00edv\u00e1si \u00e9rt\u00e9kel\u00e9s<\/strong> egy teljes <strong data-start=\"1013\" data-end=\"1032\">38ml e-juice-sel<\/strong>, \u00edgy a rendszeres felhaszn\u00e1l\u00f3k N\u00e9metorsz\u00e1gban, Spanyolorsz\u00e1gban vagy Lengyelorsz\u00e1gban ak\u00e1r <strong data-start=\"1086\" data-end=\"1119\">hetekig is haszn\u00e1lhatj\u00e1k az eszk\u00f6z\u00f6ket cser\u00e9k n\u00e9lk\u00fcl<\/strong>. Ez kevesebb s\u00fcrg\u0151ss\u00e9gi v\u00e1s\u00e1rl\u00e1st jelent, \u00e9s sokkal alacsonyabb \u201enapi\u201d k\u00f6lts\u00e9get, mint a legt\u00f6bb kis eldobhat\u00f3n\u00e1l.<\/p>\n<\/li>\n<li data-start=\"1215\" data-end=\"1490\">\n<p data-start=\"1217\" data-end=\"1490\"><strong data-start=\"1217\" data-end=\"1262\">H\u00e1l\u00f3s tekercs \u00edz, ami nem laposodik el.<\/strong> Fejlett technol\u00f3gi\u00e1val m\u0171k\u00f6dtetve <strong data-start=\"1283\" data-end=\"1307\">mesh coil technol\u00f3gi\u00e1val<\/strong>, ez a <strong data-start=\"1314\" data-end=\"1344\">Bang Beach 38K E-cigaretta<\/strong> s\u00edm\u00e1bb g\u0151zt, er\u0151sebb \u00edzt \u00e9s k\u00f6vetkezetesebb h\u00faz\u00e1sokat biztos\u00edt, ahelyett, hogy a alaptekercsek elkezden\u00e9nek \u00e9gni, ami a \u00e9les, sz\u00e1raz \u00edzt eredm\u00e9nyezi.<\/p>\n<\/li>\n<li data-start=\"1492\" data-end=\"1773\">\n<p data-start=\"1494\" data-end=\"1773\"><strong data-start=\"1494\" data-end=\"1537\">Type-C t\u00f6lt\u00e9s a pazarolt folyad\u00e9k elker\u00fcl\u00e9se \u00e9rdek\u00e9ben.<\/strong> A <strong data-start=\"1542\" data-end=\"1589\">850mAh Type-C \u00fajrat\u00f6lthet\u0151 Bang Beach 38000<\/strong> t\u00f6bbsz\u00f6r t\u00f6lthet\u0151. Amikor az akkumul\u00e1tor lemer\u00fcl, csatlakoztasd a gyors felt\u00f6lt\u00e9shez, \u00e9s folytasd, am\u00edg a tank val\u00f3ban ki nem fogy, ahelyett, hogy f\u00e9lk\u00e9sz folyad\u00e9kot dobn\u00e1l ki.<\/p>\n<\/li>\n<li data-start=\"1775\" data-end=\"2092\">\n<p data-start=\"1777\" data-end=\"2092\"><strong data-start=\"1777\" data-end=\"1841\">K\u00e9tszint\u0171 kijelz\u0151 \u00e9s ujjlenyomat-z\u00e1r a val\u00f3 \u00e9letben val\u00f3 haszn\u00e1lathoz.<\/strong> A <strong data-start=\"1846\" data-end=\"1890\">k\u00e9tk\u00e9perny\u0151s Pod eszk\u00f6z<\/strong> val\u00f3s idej\u0171 e-liquid \u00e9s akkumul\u00e1tor kijelz\u00e9st mutat, az ujjlenyomat-z\u00e1r pedig seg\u00edt megel\u0151zni a v\u00e9letlen aktiv\u00e1l\u00e1st a zsebedben vagy t\u00e1sk\u00e1dban \u2014 hasznos utaz\u00e1s k\u00f6zben, esti sz\u00f3rakoz\u00e1sn\u00e1l vagy Olaszorsz\u00e1g \u00e9s Hollandia utaz\u00e1sakor.<\/p>\n<\/li>\n<li data-start=\"2094\" data-end=\"2354\">\n<p data-start=\"2096\" data-end=\"2354\"><strong data-start=\"2096\" data-end=\"2153\">Nagykereskedelmi bar\u00e1t minden vaporkeresked\u00e9s vagy forgalmaz\u00f3 sz\u00e1m\u00e1ra.<\/strong> A <strong data-start=\"2159\" data-end=\"2190\">Cigaretta nagykereskedelmi \u00e1rak<\/strong> \u00e9s er\u0151s kereslet a <strong data-start=\"2216\" data-end=\"2230\">vaporkereskedelemben<\/strong> csatorna, Bang Beach 38000 mind a v\u00e9gfelhaszn\u00e1l\u00f3k, mind a nagy t\u00e9telben v\u00e1s\u00e1rl\u00f3k sz\u00e1m\u00e1ra ide\u00e1lis, akik hossz\u00fa \u00e9lettartam\u00fa eszk\u00f6zt keresnek, amely val\u00f3ban \u00e9rt\u00e9kes\u00edt.<\/p>\n<\/li>\n<\/ul>\n<p data-start=\"666\" data-end=\"1235\"><strong style=\"font-size: 16px;\"><span style=\"color: #ff0000;\">Add hozz\u00e1 Amy WhatsApp-j\u00e1t, hogy azonnali v\u00e1laszt \u00e9s kedvezm\u00e9nyes \u00e1rat kapj!<\/span><\/strong><\/p>\n<p><img fetchpriority=\"high\" decoding=\"async\" class=\"size-full wp-image-2932\" src=\"https:\/\/vapestornado.com\/wp-content\/uploads\/2024\/12\/Vape-Wholesale.jpg\" alt=\"Vape nagykereskedelem\" width=\"229\" height=\"300\" \/><\/p>\n<h3><a href=\"https:\/\/wa.me\/8617776015835\" target=\"_blank\" rel=\"noopener\"><span style=\"color: #ff0000;\"><strong>WhatsApp: +86 17776015835<\/strong><\/span><\/a><\/h3>\n<p>&nbsp;<\/p>\n<h2><strong>Bang Beach 38000 Puff R\u00fad F\u0151bb term\u00e9kjellemz\u0151k<\/strong><\/h2>\n<table>\n<thead>\n<tr>\n<th>Jellemz\u0151k<\/th>\n<th>specifik\u00e1ci\u00f3<\/th>\n<th>r\u00e9szletek<\/th>\n<\/tr>\n<\/thead>\n<tbody>\n<tr>\n<td>M\u00e1rka<\/td>\n<td>Bang Beach<\/td>\n<td>Magas kapacit\u00e1s\u00fa eldobhat\u00f3 term\u00e9k EU piacokra<\/td>\n<\/tr>\n<tr>\n<td>Modell<\/td>\n<td>Bang Beach 38000 Puff Bar<\/td>\n<td>38K puff \u00fajrat\u00f6lthet\u0151 E-cigaretta<\/td>\n<\/tr>\n<tr>\n<td>Slukkkapacit\u00e1s<\/td>\n<td>Ak\u00e1r 38 000 sz\u00edv\u00e1s<\/td>\n<td>T\u00f6bbsz\u00f6r\u00f6s napi haszn\u00e1latra tervezve<\/td>\n<\/tr>\n<tr>\n<td>E-liquid t\u00e9rfogat<\/td>\n<td>38ml e-juice<\/td>\n<td>Nagy tart\u00e1ly, magas sz\u00edv\u00e1si sz\u00e1mhoz igaz\u00edtva<\/td>\n<\/tr>\n<tr>\n<td>Nikotinszintek<\/td>\n<td>0% \/ 2% \/ 3% \/ 5%<\/td>\n<td>Csak \u00edz, m\u00e9rs\u00e9kelt \u00e9s er\u0151sebb preferenci\u00e1khoz illeszkedik<\/td>\n<\/tr>\n<tr>\n<td>Akkumul\u00e1tor<\/td>\n<td>850mAh \u00fajrat\u00f6lthet\u0151<\/td>\n<td>T\u00e1mogatja az ism\u00e9telt t\u00f6lt\u00e9seket az eszk\u00f6z \u00e9letciklusa sor\u00e1n<\/td>\n<\/tr>\n<tr>\n<td>T\u00f6lt\u00e9s<\/td>\n<td>Type-C \u00fajrat\u00f6lthet\u0151<\/td>\n<td>Gyors t\u00f6lt\u00e9s modern szabv\u00e1nyos k\u00e1belekkel<\/td>\n<\/tr>\n<tr>\n<td>Tekercs t\u00edpusa<\/td>\n<td>H\u00e1l\u00f3s tekercs<\/td>\n<td>Sima g\u0151z \u00e9s stabil \u00edz\u00e1tad\u00e1s<\/td>\n<\/tr>\n<tr>\n<td>Kijelz\u0151<\/td>\n<td>K\u00e9t kijelz\u0151 (olaj + akkumul\u00e1tor)<\/td>\n<td>Val\u00f3s idej\u0171 \u00e1llapot az e-liquidr\u0151l \u00e9s az akkumul\u00e1torr\u00f3l<\/td>\n<\/tr>\n<tr>\n<td>Biztons\u00e1g<\/td>\n<td>Ujjlenyomat-z\u00e1r k\u00e9perny\u0151<\/td>\n<td>Cs\u00f6kkenti a v\u00e9letlen bekapcsol\u00e1st \u00e9s n\u00f6veli a mag\u00e1nszf\u00e9r\u00e1t<\/td>\n<\/tr>\n<tr>\n<td>Poz\u00edcion\u00e1l\u00e1s<\/td>\n<td>Nagykereskedelem \u00e9s kiskereskedelem<\/td>\n<td>Optimaliz\u00e1lva cigaretta nagykeresked\u0151i \u00e1rakhoz \u00e9s vapor shop \u00e9rt\u00e9kes\u00edt\u00e9shez<\/td>\n<\/tr>\n<\/tbody>\n<\/table>\n<h2 class=\"product-title\"><strong>Bang Beach 38000 Puff Forr\u00f3 elad\u00e1si \u00edzek list\u00e1ja<\/strong><\/h2>\n<article class=\"w-full text-token-text-primary focus-visible:outline-2 focus-visible:outline-offset-[-4px]\" dir=\"auto\" data-testid=\"conversation-turn-32\" data-scroll-anchor=\"false\">\n<div class=\"m-auto text-base py-[18px] px-6\">\n<div class=\"mx-auto flex flex-1 text-base gap-4 md:gap-5 lg:gap-6 md:max-w-3xl lg:max-w-[40rem] xl:max-w-[48rem]\">\n<div class=\"group\/conversation-turn relative flex w-full min-w-0 flex-col @xs\/thread:px-0 @sm\/thread:px-1.5 @md\/thread:px-4\">\n<div class=\"flex-col gap-1 md:gap-3\">\n<div class=\"flex max-w-full flex-col flex-grow\">\n<div class=\"min-h-8 text-message flex w-full flex-col items-end gap-2 whitespace-normal break-words text-start [.text-message+&amp;]:mt-5\" dir=\"auto\" data-message-author-role=\"user\" data-message-id=\"ffac41ca-1db4-431b-873a-32c4052956f1\">\n<div class=\"flex w-full flex-col gap-1 empty:hidden items-end rtl:items-start\">\n<div class=\"relative max-w-[var(--user-chat-width,70%)] rounded-3xl bg-token-message-surface px-5 py-2.5\">\n<div class=\"absolute bottom-0 right-full top-0 -mr-3.5 hidden pr-5 pt-2 [.group\/conversation-turn:hover_&amp;]:flex\">\n<div class=\"flex\">\n<article class=\"w-full text-token-text-primary focus-visible:outline-2 focus-visible:outline-offset-[-4px]\" dir=\"auto\" data-testid=\"conversation-turn-39\" data-scroll-anchor=\"true\">\n<div class=\"m-auto text-base py-[18px] px-6\">\n<div class=\"mx-auto flex flex-1 text-base gap-4 md:gap-5 lg:gap-6 md:max-w-3xl lg:max-w-[40rem] xl:max-w-[48rem]\">\n<div class=\"group\/conversation-turn relative flex w-full min-w-0 flex-col agent-turn @xs\/thread:px-0 @sm\/thread:px-1.5 @md\/thread:px-4\">\n<div class=\"flex-col gap-1 md:gap-3\">\n<div class=\"flex max-w-full flex-col flex-grow\">\n<div class=\"min-h-8 text-message flex w-full flex-col items-end gap-2 whitespace-normal break-words text-start [.text-message+&amp;]:mt-5\" dir=\"auto\" data-message-author-role=\"assistant\" data-message-id=\"55a23854-ec57-48dd-bd4f-6118f43d6241\" data-message-model-slug=\"gpt-4o\">\n<div class=\"flex w-full flex-col gap-1 empty:hidden first:pt-[3px]\">\n<div class=\"markdown prose w-full break-words dark:prose-invert light\">\n<p>1.H\u00e1romszoros Bogy\u00f3s J\u00e9g<br \/>\n2.R\u00f3zsasz\u00edn Limon\u00e1d\u00e9<br \/>\n3.\u00c1fonya M\u00e1lna<br \/>\n4.Vegyes Bogy\u00f3s<br \/>\n5.Eper G\u00f6r\u00f6gdinnye<br \/>\n6. Eper j\u00e9g<br \/>\n7.Sz\u0151l\u0151 J\u00e9g<br \/>\n8.\u0150szibarack Mang\u00f3<br \/>\n9.K\u00e9k M\u00e1lna J\u00e9g<br \/>\n10.Cseresznye Bomba<br \/>\n11.G\u00f6r\u00f6gdinnye J\u00e9g<br \/>\n12. \u0150szibarack j\u00e9g<\/p>\n<figure id=\"attachment_4000\" aria-describedby=\"caption-attachment-4000\" style=\"width: 596px\" class=\"wp-caption alignnone\"><img decoding=\"async\" class=\"wp-image-4000 size-full\" src=\"https:\/\/vapestornado.com\/wp-content\/uploads\/2025\/03\/Wholesale-Bang-38000-Puffs.png\" alt=\"Bang 38000 slukkos nagykereskedelem\" width=\"596\" height=\"596\" srcset=\"https:\/\/vapestornado.com\/wp-content\/uploads\/2025\/03\/Wholesale-Bang-38000-Puffs.png 596w, https:\/\/vapestornado.com\/wp-content\/uploads\/2025\/03\/Wholesale-Bang-38000-Puffs-300x300.png 300w, https:\/\/vapestornado.com\/wp-content\/uploads\/2025\/03\/Wholesale-Bang-38000-Puffs-150x150.png 150w, https:\/\/vapestornado.com\/wp-content\/uploads\/2025\/03\/Wholesale-Bang-38000-Puffs-100x100.png 100w\" sizes=\"(max-width: 596px) 100vw, 596px\" \/><figcaption id=\"caption-attachment-4000\" class=\"wp-caption-text\">Bang 38000 slukkos nagykereskedelem<\/figcaption><\/figure>\n<\/div>\n<\/div>\n<\/div>\n<\/div>\n<\/div>\n<\/div>\n<\/div>\n<\/div>\n<\/article>\n<\/div>\n<\/div>\n<\/div>\n<\/div>\n<\/div>\n<\/div>\n<\/div>\n<\/div>\n<\/div>\n<\/div>\n<\/article>\n<h2>Mi\u00e9rt v\u00e1lassza a Vapestornad\u00f3t a Bang Beach 38000 slukkos v\u00e1s\u00e1rl\u00e1s\u00e1hoz?<\/h2>\n<div class=\"flex-shrink-0 flex flex-col relative items-end\">\n<div class=\"pt-0\">\n<div class=\"gizmo-bot-avatar flex h-8 w-8 items-center justify-center overflow-hidden rounded-full\">\n<div class=\"relative p-1 rounded-sm flex items-center justify-center bg-token-main-surface-primary text-token-text-primary h-8 w-8\">\n<p data-start=\"88\" data-end=\"557\">Amikor a <strong data-start=\"105\" data-end=\"154\">\u00a0kiv\u00e1l\u00f3 min\u0151s\u00e9g\u0171 eldobhat\u00f3 vape-ek v\u00e1s\u00e1rl\u00e1s\u00e1r\u00f3l van sz\u00f3,<\/strong>, <strong data-start=\"156\" data-end=\"172\">Vapestornado<\/strong> a verhetetlen forr\u00e1sa <strong data-start=\"208\" data-end=\"271\">gy\u00e1ri \u00e1rak, gyors sz\u00e1ll\u00edt\u00e1s \u00e9s pr\u00e9mium \u00fcgyf\u00e9lszolg\u00e1lat<\/strong>A Bang Beach 38000 slukkos term\u00e9k Vapestornad\u00f3t\u00f3l val\u00f3 v\u00e1s\u00e1rl\u00e1sa azt jelenti, hogy \u00d6n <strong data-start=\"363\" data-end=\"400\">eredeti, 100%-ban eredeti term\u00e9keket kapsz<\/strong> a leg\u00fajabb<strong data-start=\"417\" data-end=\"515\"> k\u00e9perny\u0151kijelz\u0151t, Type-C t\u00f6lthet\u0151s\u00e9get \u00e9s 38000 slukkos kapacit\u00e1st kap<\/strong>\u2014mindez a legjobb \u00e1ron.<strong data-start=\"527\" data-end=\"554\">\u00a0nagykereskedelmi \u00e1rak\u00e9rt<\/strong>.<\/p>\n<p data-start=\"559\" data-end=\"933\" data-is-last-node=\"\" data-is-only-node=\"\">Van n\u00e9h\u00e1ny m\u00e1s n\u00e9pszer\u0171, kijelz\u0151vel ell\u00e1tott vape term\u00e9k\u00fcnk is, mint p\u00e9ld\u00e1ul a <a href=\"https:\/\/vapestornado.com\/hu\/product\/mesii-couple-50k-disposable-shisha-hookah-50000-puffs-vape-with-digital-display\/\">Mesii p\u00e1r 50000<\/a>, <a href=\"https:\/\/vapestornado.com\/hu\/product\/vopk-ultra-40000-puffs-2-in-1-digital-screen-rechargeable-disposable-vape\/\">VOPK 40000 Puffs Eldobhat\u00f3 Vape<\/a>, <a href=\"https:\/\/vapestornado.com\/hu\/product\/bang-beach-22000-20k-puff-disposable-vape-pen-with-screen-reddit-hot\/\">Bang Beach 22000<\/a>, \u00e9s m\u00e9g sok m\u00e1s.<\/p>\n<\/div>\n<div class=\"relative p-1 rounded-sm flex items-center justify-center bg-token-main-surface-primary text-token-text-primary h-8 w-8\">\n<h2>Gyakran Ism\u00e9telt K\u00e9rd\u00e9sek a Bang 38000-r\u0151l<\/h2>\n<p data-start=\"3372\" data-end=\"3465\">1. Mennyit b\u00edr \u00e1ltal\u00e1ban a Bang Beach 38000 sz\u00edv\u00e1s e-cigaretta mindennapi haszn\u00e1lat eset\u00e9n?<\/p>\n<p data-start=\"3466\" data-end=\"3738\">A <strong data-start=\"3470\" data-end=\"3507\">Bang Beach 38000 sz\u00edv\u00e1s e-cigaretta<\/strong> p\u00e1ros\u00edt egyet <strong data-start=\"3516\" data-end=\"3529\">38ml tart\u00e1ly<\/strong> legfeljebb <strong data-start=\"3541\" data-end=\"3557\">38 000 sz\u00edv\u00e1s<\/strong>, \u00edgy sok mindennapi felhaszn\u00e1l\u00f3 juthat <strong data-start=\"3590\" data-end=\"3625\">t\u00f6bb heti haszn\u00e1lathoz k\u00e9sz\u00fcl\u00e9kenk\u00e9nt<\/strong>. A t\u00e9nyleges id\u0151 a sz\u00edv\u00e1s gyakoris\u00e1g\u00e1t\u00f3l \u00e9s a h\u00faz\u00e1s hossz\u00e1t\u00f3l f\u00fcgg, de egy\u00e9rtelm\u0171en meghaladja a tipikus 5K\u201310K eldobhat\u00f3 k\u00e9sz\u00fcl\u00e9keket.<\/p>\n<p data-start=\"3745\" data-end=\"3859\">2. Mit v\u00e1ltoztat a Bang Beach 38000 magas kapacit\u00e1s\u00fa vape h\u00e1l\u00f3sz\u00e1las tekercse az \u00edz \u00e9s a g\u0151z szempontj\u00e1b\u00f3l?<\/p>\n<p data-start=\"3860\" data-end=\"4084\">A <strong data-start=\"3864\" data-end=\"3906\">Bang Beach 38000 h\u00e1l\u00f3sz\u00e1las tekercs E-cigaretta<\/strong> egyenletesen oszlatja el a h\u0151t a vatt\u00e1n kereszt\u00fcl, ami s\u0171r\u0171bb g\u0151zt \u00e9s \u00e1lland\u00f3 \u00edzt biztos\u00edt. Ez a kialak\u00edt\u00e1s seg\u00edt elker\u00fclni a durva, \u00e9gett \u00edz\u0171 sz\u00edv\u00e1sokat, k\u00fcl\u00f6n\u00f6sen a folyad\u00e9k v\u00e9g\u00e9n\u00e9l.<\/p>\n<p data-start=\"4091\" data-end=\"4184\">3. Hogyan seg\u00edt a Bang Beach 38000 Puff bar dupla kijelz\u0151s kijelz\u0151je a mindennapi haszn\u00e1latban?<\/p>\n<p data-start=\"4185\" data-end=\"4462\">A <strong data-start=\"4189\" data-end=\"4230\">dupla kijelz\u0151s Bang Beach 38000 Puff bar<\/strong> k\u00fcl\u00f6n mutatja az e-liquid szintet \u00e9s az akkumul\u00e1tor \u00e1llapot\u00e1t, \u00edgy mindig tudja, mikor kell \u00fajrat\u00f6lteni vagy k\u00f6zel van a tank v\u00e9ge. Ez kik\u00fcsz\u00f6b\u00f6li a tal\u00e1lgat\u00e1st, ami fontos, ha egy k\u00e9sz\u00fcl\u00e9kre t\u00e1maszkodik munkanapokon vagy utaz\u00e1s k\u00f6zben.<\/p>\n<p data-start=\"4469\" data-end=\"4582\">4. Alkalmas-e a Bang Beach 38000 azoknak a v\u00e1s\u00e1rl\u00f3knak, akik vapor shop k\u00e9sz\u00fcl\u00e9keket hasonl\u00edtanak \u00f6ssze a Doh\u00e1nybolt nagykereskedelmi \u00e1rakon?<\/p>\n<p data-start=\"4583\" data-end=\"4884\">Igen. A <strong data-start=\"4592\" data-end=\"4606\">vaporkereskedelemben<\/strong> tulajdonosoknak \u00e9s forgalmaz\u00f3knak a <strong data-start=\"4636\" data-end=\"4678\">Bang Beach 38000 nagykereskedelmi E-cigaretta<\/strong> magas sz\u00edv\u00e1si sz\u00e1mot, fejlett funkci\u00f3kat (kijelz\u0151k + ujjlenyomat-olvas\u00f3) \u00e9s versenyk\u00e9pes <strong data-start=\"4767\" data-end=\"4798\">Cigaretta nagykereskedelmi \u00e1rak<\/strong>, amelyek egy\u00fctt er\u0151s \u00e9rt\u00e9kaj\u00e1nlatot jelentenek m\u00e1s hossz\u00fa \u00e9lettartam\u00fa eldobhat\u00f3 k\u00e9sz\u00fcl\u00e9kekhez k\u00e9pest.<\/p>\n<p data-start=\"4891\" data-end=\"5003\">5. Befoly\u00e1solja-e az ujjlenyomat-olvas\u00f3 a Bang Beach 38000 Puff E-cigaretta teljes\u00edtm\u00e9ny\u00e9t vagy csak a biztons\u00e1got?<\/p>\n<p data-start=\"5004\" data-end=\"5262\">A <strong data-start=\"5008\" data-end=\"5052\">Bang Beach 38000 ujjlenyomat-olvas\u00f3 rendszer<\/strong> csak a biztons\u00e1gr\u00f3l \u00e9s a k\u00e9nyelemr\u0151l sz\u00f3l. Seg\u00edt megel\u0151zni a v\u00e9letlen els\u00fct\u00e9st \u00e9s az illet\u00e9ktelen haszn\u00e1latot, de a felold\u00e1s ut\u00e1n a teljes\u00edtm\u00e9ny v\u00e1ltozatlan marad \u2014 tov\u00e1bbra is teljes g\u0151zt \u00e9s 850mAh-s akkumul\u00e1tort kap.<\/p>\n<\/div>\n<\/div>\n<\/div>\n<\/div>","protected":false},"excerpt":{"rendered":"<p class=\"LC20lb MBeuO DKV0Md\">Bang Beach 38000 Puff eldobhat\u00f3 E-cigaretta 38ml e-juice-sel, h\u00e1l\u00f3s tekercs, 850mAh t\u00edpus-C \u00fajrat\u00f6lthet\u0151 akkumul\u00e1tor, dupla kijelz\u0151s kijelz\u0151 \u00e9s ujjlenyomat-z\u00e1r. Nagy kapacit\u00e1s\u00fa 38K vap\u00e9 p\u00e1lca, amely hossz\u00fa haszn\u00e1latra, vap\u00e9 bolt \u00e9rt\u00e9kes\u00edt\u00e9sre \u00e9s versenyk\u00e9pes cigaretta nagykereskedelmi \u00e1rakra k\u00e9sz\u00fclt Eur\u00f3p\u00e1ban.<\/p>\n<p><strong>Add hozz\u00e1 Amy whatsappj\u00e1t, hogy azonnali v\u00e1laszt \u00e9s kedvezm\u00e9nyes \u00e1rat kapj!<\/strong><\/p>\n<p><img fetchpriority=\"high\" decoding=\"async\" class=\"size-full wp-image-2932\" src=\"https:\/\/vapestornado.com\/wp-content\/uploads\/2024\/12\/Vape-Wholesale.jpg\" alt=\"Vape nagykereskedelem\" width=\"229\" height=\"300\" \/><\/p>\n<h3><a href=\"https:\/\/wa.me\/8617776015835\"><span style=\"color: #ff0000;\"><strong>WhatsApp: +86 17776015835<\/strong><\/span><\/a><\/h3>\n<p>&nbsp;<\/p>","protected":false},"featured_media":3998,"comment_status":"open","ping_status":"closed","template":"","meta":{"_acf_changed":false,"_uag_custom_page_level_css":"","_lmt_disableupdate":"no","_lmt_disable":"","_monsterinsights_skip_tracking":false,"_monsterinsights_sitenote_active":false,"_monsterinsights_sitenote_note":"","_monsterinsights_sitenote_category":0,"site-sidebar-layout":"default","site-content-layout":"","ast-site-content-layout":"default","site-content-style":"default","site-sidebar-style":"default","ast-global-header-display":"","ast-banner-title-visibility":"","ast-main-header-display":"","ast-hfb-above-header-display":"","ast-hfb-below-header-display":"","ast-hfb-mobile-header-display":"","site-post-title":"","ast-breadcrumbs-content":"","ast-featured-img":"","footer-sml-layout":"","ast-disable-related-posts":"","theme-transparent-header-meta":"default","adv-header-id-meta":"","stick-header-meta":"","header-above-stick-meta":"","header-main-stick-meta":"","header-below-stick-meta":"","astra-migrate-meta-layouts":"set","ast-page-background-enabled":"default","ast-page-background-meta":{"desktop":{"background-color":"","background-image":"","background-repeat":"repeat","background-position":"center center","background-size":"auto","background-attachment":"scroll","background-type":"","background-media":"","overlay-type":"","overlay-color":"","overlay-opacity":"","overlay-gradient":""},"tablet":{"background-color":"","background-image":"","background-repeat":"repeat","background-position":"center center","background-size":"auto","background-attachment":"scroll","background-type":"","background-media":"","overlay-type":"","overlay-color":"","overlay-opacity":"","overlay-gradient":""},"mobile":{"background-color":"","background-image":"","background-repeat":"repeat","background-position":"center center","background-size":"auto","background-attachment":"scroll","background-type":"","background-media":"","overlay-type":"","overlay-color":"","overlay-opacity":"","overlay-gradient":""}},"ast-content-background-meta":{"desktop":{"background-color":"var(--ast-global-color-5)","background-image":"","background-repeat":"repeat","background-position":"center center","background-size":"auto","background-attachment":"scroll","background-type":"","background-media":"","overlay-type":"","overlay-color":"","overlay-opacity":"","overlay-gradient":""},"tablet":{"background-color":"var(--ast-global-color-5)","background-image":"","background-repeat":"repeat","background-position":"center center","background-size":"auto","background-attachment":"scroll","background-type":"","background-media":"","overlay-type":"","overlay-color":"","overlay-opacity":"","overlay-gradient":""},"mobile":{"background-color":"var(--ast-global-color-5)","background-image":"","background-repeat":"repeat","background-position":"center center","background-size":"auto","background-attachment":"scroll","background-type":"","background-media":"","overlay-type":"","overlay-color":"","overlay-opacity":"","overlay-gradient":""}},"_joinchat":{"telephone":"17776015835"}},"product_brand":[],"product_cat":[62,153,158,142],"product_tag":[295,297,296,491,269],"class_list":{"0":"post-3999","1":"product","2":"type-product","3":"status-publish","4":"has-post-thumbnail","6":"product_cat-bang-vape","7":"product_cat-buy-disposable-vapes-in-italy","8":"product_cat-buy-disposable-vapes-in-spain","9":"product_cat-digital-box-disposable-vapes","10":"product_tag-bang-beach-38000","11":"product_tag-fingerprint-vape","12":"product_tag-puff-bar","13":"product_tag-vape-with-digital-dispaly","14":"product_tag-vape-with-screen","15":"desktop-align-left","16":"tablet-align-left","17":"mobile-align-left","19":"first","20":"instock","21":"sale","22":"shipping-taxable","23":"purchasable","24":"product-type-simple"},"acf":[],"uagb_featured_image_src":{"full":["https:\/\/vapestornado.com\/wp-content\/uploads\/2025\/03\/Wholesale-Bang-Vape-at-Cheap-Prices.webp",800,800,false],"thumbnail":["https:\/\/vapestornado.com\/wp-content\/uploads\/2025\/03\/Wholesale-Bang-Vape-at-Cheap-Prices-150x150.webp",150,150,true],"medium":["https:\/\/vapestornado.com\/wp-content\/uploads\/2025\/03\/Wholesale-Bang-Vape-at-Cheap-Prices-300x300.webp",300,300,true],"medium_large":["https:\/\/vapestornado.com\/wp-content\/uploads\/2025\/03\/Wholesale-Bang-Vape-at-Cheap-Prices-768x768.webp",768,768,true],"large":["https:\/\/vapestornado.com\/wp-content\/uploads\/2025\/03\/Wholesale-Bang-Vape-at-Cheap-Prices.webp",800,800,false],"1536x1536":["https:\/\/vapestornado.com\/wp-content\/uploads\/2025\/03\/Wholesale-Bang-Vape-at-Cheap-Prices.webp",800,800,false],"2048x2048":["https:\/\/vapestornado.com\/wp-content\/uploads\/2025\/03\/Wholesale-Bang-Vape-at-Cheap-Prices.webp",800,800,false],"trp-custom-language-flag":["https:\/\/vapestornado.com\/wp-content\/uploads\/2025\/03\/Wholesale-Bang-Vape-at-Cheap-Prices.webp",12,12,false],"woocommerce_thumbnail":["https:\/\/vapestornado.com\/wp-content\/uploads\/2025\/03\/Wholesale-Bang-Vape-at-Cheap-Prices-300x300.webp",300,300,true],"woocommerce_single":["https:\/\/vapestornado.com\/wp-content\/uploads\/2025\/03\/Wholesale-Bang-Vape-at-Cheap-Prices-600x600.webp",600,600,true],"woocommerce_gallery_thumbnail":["https:\/\/vapestornado.com\/wp-content\/uploads\/2025\/03\/Wholesale-Bang-Vape-at-Cheap-Prices-100x100.webp",100,100,true]},"uagb_author_info":{"display_name":"ESAMY","author_link":"https:\/\/vapestornado.com\/hu\/author\/"},"uagb_comment_info":1,"uagb_excerpt":"Bang Beach 38000 Puff disposable E-cigarette with 38ml e-juice, mesh coil, 850mAh Type-C rechargeable battery, dual-screen display and fingerprint lock. High-capacity 38K vape bar designed for long use, vapor shop sales, and competitive Cigarette wholesaler prices across Europe. Add Amy's whatsapp to get right reply and discount price! WhatsApp: +86 17776015835 &nbsp;","_links":{"self":[{"href":"https:\/\/vapestornado.com\/hu\/wp-json\/wp\/v2\/product\/3999","targetHints":{"allow":["GET"]}}],"collection":[{"href":"https:\/\/vapestornado.com\/hu\/wp-json\/wp\/v2\/product"}],"about":[{"href":"https:\/\/vapestornado.com\/hu\/wp-json\/wp\/v2\/types\/product"}],"replies":[{"embeddable":true,"href":"https:\/\/vapestornado.com\/hu\/wp-json\/wp\/v2\/comments?post=3999"}],"wp:featuredmedia":[{"embeddable":true,"href":"https:\/\/vapestornado.com\/hu\/wp-json\/wp\/v2\/media\/3998"}],"wp:attachment":[{"href":"https:\/\/vapestornado.com\/hu\/wp-json\/wp\/v2\/media?parent=3999"}],"wp:term":[{"taxonomy":"product_brand","embeddable":true,"href":"https:\/\/vapestornado.com\/hu\/wp-json\/wp\/v2\/product_brand?post=3999"},{"taxonomy":"product_cat","embeddable":true,"href":"https:\/\/vapestornado.com\/hu\/wp-json\/wp\/v2\/product_cat?post=3999"},{"taxonomy":"product_tag","embeddable":true,"href":"https:\/\/vapestornado.com\/hu\/wp-json\/wp\/v2\/product_tag?post=3999"}],"curies":[{"name":"wp","href":"https:\/\/api.w.org\/{rel}","templated":true}]}}