{"id":3975,"date":"2025-03-25T07:58:28","date_gmt":"2025-03-25T07:58:28","guid":{"rendered":"https:\/\/vapestornado.com\/?post_type=product&#038;p=3975"},"modified":"2025-08-23T11:43:24","modified_gmt":"2025-08-23T11:43:24","slug":"2025-new-vopk-ultra-40000-puffs-double-flavor-disposable-vape-factory-suppliers","status":"publish","type":"product","link":"https:\/\/vapestornado.com\/hu\/product\/2025-new-vopk-ultra-40000-puffs-double-flavor-disposable-vape-factory-suppliers\/","title":{"rendered":"2025 \u00daj VOPK Ultra 40000 Puffs Dupla \u00cdz\u0171 Eldobhat\u00f3 Vape Gy\u00e1ri Besz\u00e1ll\u00edt\u00f3k"},"content":{"rendered":"<h1 data-pm-slice=\"1 1 []\">2025 \u00daj VOPK Ultra 40000 Puffs Dupla \u00cdz\u0171 Eldobhat\u00f3 Vape Gy\u00e1ri Besz\u00e1ll\u00edt\u00f3k<\/h1>\n<p data-start=\"140\" data-end=\"448\">A <strong data-start=\"144\" data-end=\"209\">2025 \u00daj VOPK Ultra 40000 Puffs Dupla \u00cdz\u0171 Eldobhat\u00f3 Vape<\/strong> kiskeresked\u0151k \u00e9s forgalmaz\u00f3k sz\u00e1m\u00e1ra k\u00e9sz\u00fclt, akik pr\u00e9mium, tart\u00f3s opci\u00f3t keresnek k\u00e9szlet\u00fckbe. Ak\u00e1r <strong data-start=\"324\" data-end=\"340\">40 000 puffot<\/strong>puffig, ez a nagy kapacit\u00e1s\u00fa eszk\u00f6z egyes\u00edti a <strong data-start=\"377\" data-end=\"409\">DTL v\u00edzipipa st\u00edlus\u00fa teljes\u00edtm\u00e9nyt<\/strong> st\u00edlusos SHISHA ihlette diz\u00e1jnnal.<\/p>\n<p data-start=\"450\" data-end=\"859\">Felszerelve egy <strong data-start=\"467\" data-end=\"498\">850mAh-s \u00fajrat\u00f6lthet\u0151 akkumul\u00e1torral<\/strong> \u00e9s egy <strong data-start=\"505\" data-end=\"537\">36 ml el\u0151ret\u00f6lt\u00f6tt e-liquid tart\u00e1ly<\/strong>a VOPK Ultra biztos\u00edtja a hosszan tart\u00f3 g\u0151z\u00f6l\u00e9st gyakori csere n\u00e9lk\u00fcl. Az <strong data-start=\"613\" data-end=\"635\">RGB digit\u00e1lis k\u00e9perny\u0151je<\/strong> val\u00f3s idej\u0171 friss\u00edt\u00e9sekkel t\u00e1j\u00e9koztatja a felhaszn\u00e1l\u00f3kat az akkumul\u00e1torr\u00f3l, a puff \u00e1llapot\u00e1r\u00f3l \u00e9s a teljes\u00edtm\u00e9ny be\u00e1ll\u00edt\u00e1sair\u00f3l. Az \u00e1ll\u00edthat\u00f3 teljes\u00edtm\u00e9ny szab\u00e1lyoz\u00e1s lehet\u0151v\u00e9 teszi az \u00fcgyfelek sz\u00e1m\u00e1ra, hogy finomhangolj\u00e1k a g\u0151z\u00f6l\u00e9s intenzit\u00e1s\u00e1t a l\u00e1gy \u00edz\u0171 \u00fcl\u00e9sekhez vagy a s\u0171r\u0171 felh\u0151kerget\u00e9shez.<\/p>\n<p data-start=\"861\" data-end=\"1210\">A kiemelked\u0151 tulajdons\u00e1ga a <strong data-start=\"889\" data-end=\"914\">n\u00e9gyszeres h\u00e1l\u00f3s tekercsrendszere<\/strong>, amely fokozott \u00edzt \u00e9s g\u0151zk\u00e9pz\u0151d\u00e9st biztos\u00edt, mik\u00f6zben biztos\u00edtja, hogy minden puff egyenletes maradjon. A <strong data-start=\"1015\" data-end=\"1053\">kett\u0151s \u00edzzel egy eszk\u00f6zbe \u00e9p\u00edtve<\/strong>a felhaszn\u00e1l\u00f3k k\u00f6nnyed\u00e9n v\u00e1lthatnak az \u00edzprofilok k\u00f6z\u00f6tt, mint p\u00e9ld\u00e1ul <strong data-start=\"1113\" data-end=\"1165\">Eper G\u00f6r\u00f6gdinnye<\/strong> or <strong data-start=\"1169\" data-end=\"1207\">K\u00e9k M\u00e1lna Anan\u00e1sz<\/strong>.<\/p>\n<p data-start=\"1212\" data-end=\"1603\">El\u00e9rhet\u0151 <strong data-start=\"1225\" data-end=\"1266\">0%, 2%, 3% \u00e9s 5% nikotiner\u0151ss\u00e9gben<\/strong>a VOPK Ultra 40K minden felhaszn\u00e1l\u00f3i ig\u00e9nyt kiel\u00e9g\u00edt, a nikotinmentes rajong\u00f3kt\u00f3l a tapasztalt g\u0151z\u00f6l\u0151kig. A gyors <strong data-start=\"1378\" data-end=\"1397\">\u00e9s a Type-C t\u00f6lt\u00e9s<\/strong> garant\u00e1lja a minim\u00e1lis \u00e1ll\u00e1sid\u0151t, \u00edgy rendk\u00edv\u00fcl megb\u00edzhat\u00f3 \u00fatk\u00f6zbeni haszn\u00e1latra. A nagykeresked\u0151k sz\u00e1m\u00e1ra ez a modell <strong data-start=\"1507\" data-end=\"1586\">k\u00f6zvetlen gy\u00e1ri ell\u00e1t\u00e1st, versenyk\u00e9pes t\u00f6meges \u00e1rakat \u00e9s er\u0151s v\u00e1s\u00e1rl\u00f3i vonzer\u0151t k\u00edn\u00e1l<\/strong> szerte Eur\u00f3p\u00e1ban.<\/p>\n<p data-start=\"666\" data-end=\"1235\"><strong style=\"font-size: 16px;\"><span style=\"color: #ff0000;\">Add hozz\u00e1 Amy WhatsApp-j\u00e1t, hogy azonnali v\u00e1laszt \u00e9s kedvezm\u00e9nyes \u00e1rat kapj!<\/span><\/strong><\/p>\n<p><img fetchpriority=\"high\" decoding=\"async\" class=\"size-full wp-image-2932\" src=\"https:\/\/vapestornado.com\/wp-content\/uploads\/2024\/12\/Vape-Wholesale.jpg\" alt=\"Vape nagykereskedelem\" width=\"229\" height=\"300\" \/><\/p>\n<h3><a href=\"https:\/\/wa.me\/8617776015835\" target=\"_blank\" rel=\"noopener\"><span style=\"color: #ff0000;\"><strong>WhatsApp: +86 17776015835<\/strong><\/span><\/a><\/h3>\n<p>&nbsp;<\/p>\n<h2><strong>VOPK Ultra 40000 Puffs F\u0151bb Term\u00e9kjellemz\u0151k<\/strong><\/h2>\n<p>M\u00e1rka: Vopk Vapes<br \/>\nE-Juice: 36 ml el\u0151ret\u00f6lt\u00f6tt folyad\u00e9k<br \/>\nAkkumul\u00e1tor: 850mAh akkumul\u00e1tor<br \/>\nType-c csatlakoz\u00f3<br \/>\nAk\u00e1r 40000 sz\u00edv\u00e1s<br \/>\n\u00c1ll\u00edthat\u00f3 teljes\u00edtm\u00e9ny<br \/>\nDigit\u00e1lis k\u00e9perny\u0151 kijelz\u0151<br \/>\n0% 2% 3% 5% nikotinszintek<\/p>\n<figure id=\"attachment_3955\" aria-describedby=\"caption-attachment-3955\" style=\"width: 800px\" class=\"wp-caption alignnone\"><img decoding=\"async\" class=\"wp-image-3955 size-full\" src=\"https:\/\/vapestornado.com\/wp-content\/uploads\/2025\/03\/VOPK-Ultra-40k-40000-Puffs-Disposable-Vape-Dual-Flavors.webp\" alt=\"VOPK Ultra 40k 40000 Puffs Eldobhat\u00f3 Vape 2 \u00cdzben\" width=\"800\" height=\"800\" srcset=\"https:\/\/vapestornado.com\/wp-content\/uploads\/2025\/03\/VOPK-Ultra-40k-40000-Puffs-Disposable-Vape-Dual-Flavors.webp 800w, https:\/\/vapestornado.com\/wp-content\/uploads\/2025\/03\/VOPK-Ultra-40k-40000-Puffs-Disposable-Vape-Dual-Flavors-300x300.webp 300w, https:\/\/vapestornado.com\/wp-content\/uploads\/2025\/03\/VOPK-Ultra-40k-40000-Puffs-Disposable-Vape-Dual-Flavors-150x150.webp 150w, https:\/\/vapestornado.com\/wp-content\/uploads\/2025\/03\/VOPK-Ultra-40k-40000-Puffs-Disposable-Vape-Dual-Flavors-768x768.webp 768w, https:\/\/vapestornado.com\/wp-content\/uploads\/2025\/03\/VOPK-Ultra-40k-40000-Puffs-Disposable-Vape-Dual-Flavors-600x600.webp 600w, https:\/\/vapestornado.com\/wp-content\/uploads\/2025\/03\/VOPK-Ultra-40k-40000-Puffs-Disposable-Vape-Dual-Flavors-100x100.webp 100w\" sizes=\"(max-width: 800px) 100vw, 800px\" \/><figcaption id=\"caption-attachment-3955\" class=\"wp-caption-text\">VOPK Ultra 40k 40000 Puffs Eldobhat\u00f3 Vape 2 \u00cdzben<\/figcaption><\/figure>\n<p>&nbsp;<\/p>\n<h2 class=\"product-title\"><strong>VOPK Ultra 40000 Puffs Eldobhat\u00f3 Doboz \u00cdzek List\u00e1ja<\/strong><\/h2>\n<article class=\"w-full text-token-text-primary focus-visible:outline-2 focus-visible:outline-offset-[-4px]\" dir=\"auto\" data-testid=\"conversation-turn-32\" data-scroll-anchor=\"false\">\n<div class=\"m-auto text-base py-[18px] px-6\">\n<div class=\"mx-auto flex flex-1 text-base gap-4 md:gap-5 lg:gap-6 md:max-w-3xl lg:max-w-[40rem] xl:max-w-[48rem]\">\n<div class=\"group\/conversation-turn relative flex w-full min-w-0 flex-col @xs\/thread:px-0 @sm\/thread:px-1.5 @md\/thread:px-4\">\n<div class=\"flex-col gap-1 md:gap-3\">\n<div class=\"flex max-w-full flex-col flex-grow\">\n<div class=\"min-h-8 text-message flex w-full flex-col items-end gap-2 whitespace-normal break-words text-start [.text-message+&amp;]:mt-5\" dir=\"auto\" data-message-author-role=\"user\" data-message-id=\"ffac41ca-1db4-431b-873a-32c4052956f1\">\n<div class=\"flex w-full flex-col gap-1 empty:hidden items-end rtl:items-start\">\n<div class=\"relative max-w-[var(--user-chat-width,70%)] rounded-3xl bg-token-message-surface px-5 py-2.5\">\n<div class=\"absolute bottom-0 right-full top-0 -mr-3.5 hidden pr-5 pt-2 [.group\/conversation-turn:hover_&amp;]:flex\">\n<div class=\"flex\">\n<article class=\"w-full text-token-text-primary focus-visible:outline-2 focus-visible:outline-offset-[-4px]\" dir=\"auto\" data-testid=\"conversation-turn-39\" data-scroll-anchor=\"true\">\n<div class=\"m-auto text-base py-[18px] px-6\">\n<div class=\"mx-auto flex flex-1 text-base gap-4 md:gap-5 lg:gap-6 md:max-w-3xl lg:max-w-[40rem] xl:max-w-[48rem]\">\n<div class=\"group\/conversation-turn relative flex w-full min-w-0 flex-col agent-turn @xs\/thread:px-0 @sm\/thread:px-1.5 @md\/thread:px-4\">\n<div class=\"flex-col gap-1 md:gap-3\">\n<div class=\"flex max-w-full flex-col flex-grow\">\n<div class=\"min-h-8 text-message flex w-full flex-col items-end gap-2 whitespace-normal break-words text-start [.text-message+&amp;]:mt-5\" dir=\"auto\" data-message-author-role=\"assistant\" data-message-id=\"55a23854-ec57-48dd-bd4f-6118f43d6241\" data-message-model-slug=\"gpt-4o\">\n<div class=\"flex w-full flex-col gap-1 empty:hidden first:pt-[3px]\">\n<div class=\"markdown prose w-full break-words dark:prose-invert light\">\n<p>1.Eper G\u00f6r\u00f6gdinnye\/ Kiwi Maracuja Guava<br \/>\n2.\u00c1fonya M\u00e1lna \/ \u0150szibarack Mang\u00f3 G\u00f6r\u00f6gdinnye<br \/>\n3. K\u00e9k M\u00e1lna Gumicukor\/ Eper Kiwi<br \/>\n4. K\u00e9k M\u00e1lna Cseresznye\/ Eper M\u00e1lna<br \/>\n5. Pezsg\u0151 Citrom<br \/>\n6. G\u00f6r\u00f6gdinnye j\u00e9g\/ K\u00e9k M\u00e1lna j\u00e9g<br \/>\n7. K\u00e9k M\u00e1lna Anan\u00e1sz \/ Tripla Mang\u00f3<br \/>\n8. Sz\u0151l\u0151 Bogy\u00f3s Gy\u00fcm\u00f6lcsrobban\u00e1s \/ K\u00f6rte Alma M\u00e1lna<br \/>\n9. Eper \u00c1fonya Cseresznye\/ Anan\u00e1sz Maracuja Lime<br \/>\n10. \u00c1fonya Eper Mentol\/ \u00c1fonya M\u00e1lna Mentol<\/p>\n<\/div>\n<\/div>\n<\/div>\n<\/div>\n<\/div>\n<\/div>\n<\/div>\n<\/div>\n<\/article>\n<\/div>\n<\/div>\n<\/div>\n<\/div>\n<\/div>\n<\/div>\n<\/div>\n<\/div>\n<\/div>\n<\/div>\n<\/article>\n<h2>Mi\u00e9rt v\u00e1laszd a Vapestornad\u00f3t a VOPK Ultra 40000 Puffs v\u00e1s\u00e1rl\u00e1s\u00e1hoz?<\/h2>\n<div class=\"flex-shrink-0 flex flex-col relative items-end\">\n<div class=\"pt-0\">\n<div class=\"gizmo-bot-avatar flex h-8 w-8 items-center justify-center overflow-hidden rounded-full\">\n<div class=\"relative p-1 rounded-sm flex items-center justify-center bg-token-main-surface-primary text-token-text-primary h-8 w-8\">\n<p data-start=\"88\" data-end=\"557\">Amikor a <strong data-start=\"105\" data-end=\"154\">\u00a0kiv\u00e1l\u00f3 min\u0151s\u00e9g\u0171 eldobhat\u00f3 vape-ek v\u00e1s\u00e1rl\u00e1s\u00e1r\u00f3l van sz\u00f3,<\/strong>, <strong data-start=\"156\" data-end=\"172\">Vapestornado<\/strong> a verhetetlen forr\u00e1sa <strong data-start=\"208\" data-end=\"271\">gy\u00e1ri \u00e1rak, gyors sz\u00e1ll\u00edt\u00e1s \u00e9s pr\u00e9mium \u00fcgyf\u00e9lszolg\u00e1lat<\/strong>A VOPK Ultra 40000 Puffs megv\u00e1s\u00e1rl\u00e1sa a Vapestornad\u00f3t\u00f3l azt jelenti, hogy megkapod <strong data-start=\"363\" data-end=\"400\">eredeti, 100%-ban eredeti term\u00e9keket kapsz<\/strong> a leg\u00fajabb digit\u00e1lis<strong data-start=\"417\" data-end=\"515\"> k\u00e9perny\u0151 kijelz\u0151vel, \u00fajrat\u00f6lthet\u0151 Type-C k\u00e9nyelemmel, 2 az 1-ben dupla \u00edzzel \u00e9s 4000 slukk kapacit\u00e1ssal<\/strong>\u2014mindezt alacsony<strong data-start=\"527\" data-end=\"554\">\u00a0nagykereskedelmi \u00e1rak\u00e9rt<\/strong>.<\/p>\n<p data-start=\"559\" data-end=\"933\" data-is-last-node=\"\" data-is-only-node=\"\">Van n\u00e9h\u00e1ny m\u00e1s n\u00e9pszer\u0171, kijelz\u0151vel ell\u00e1tott vape term\u00e9k\u00fcnk is, mint p\u00e9ld\u00e1ul a <a href=\"https:\/\/vapestornado.com\/hu\/product\/mesii-couple-50k-disposable-shisha-hookah-50000-puffs-vape-with-digital-display\/\">Mesii p\u00e1r 50000<\/a>, <a href=\"https:\/\/vapestornado.com\/hu\/product\/vopk-cool-9000-puffs-disposable-vapes-bar-puff-9k\/\">VOPK 9000 Puffs Eldobhat\u00f3 Vape<\/a>, <a href=\"https:\/\/vapestornado.com\/hu\/product\/bang-beach-22000-20k-puff-disposable-vape-pen-with-screen-reddit-hot\/\">Bang Beach 22000<\/a>, \u00e9s m\u00e9g sok m\u00e1s.<\/p>\n<\/div>\n<div class=\"relative p-1 rounded-sm flex items-center justify-center bg-token-main-surface-primary text-token-text-primary h-8 w-8\">\n<h2>GYIK<\/h2>\n<ol data-start=\"1260\" data-end=\"2197\">\n<li class=\"\" data-start=\"1260\" data-end=\"1488\">\n<p class=\"\" data-start=\"1263\" data-end=\"1488\"><strong data-start=\"1263\" data-end=\"1301\">Hogyan haszn\u00e1lhatok eldobhat\u00f3 vape podokat?<\/strong><br data-start=\"1301\" data-end=\"1304\" \/>Egyszer\u0171en <strong data-start=\"1314\" data-end=\"1347\">l\u00e9legezz be a sz\u00e1jr\u00e9szen kereszt\u00fcl<\/strong>, \u00e9s az eszk\u00f6z automatikusan aktiv\u00e1l\u00f3dik. A <strong data-start=\"1397\" data-end=\"1425\">\u00e1ll\u00edthat\u00f3 teljes\u00edtm\u00e9ny be\u00e1ll\u00edt\u00e1s<\/strong> lehet\u0151v\u00e9 teszi, hogy finomhangold az \u00e9lm\u00e9nyt a t\u00f6k\u00e9letes slukk \u00e9rdek\u00e9ben.<\/p>\n<\/li>\n<li class=\"\" data-start=\"1490\" data-end=\"1743\">\n<p class=\"\" data-start=\"1493\" data-end=\"1743\"><strong data-start=\"1493\" data-end=\"1555\">Hogyan t\u00f6lthetek fel egy eldobhat\u00f3 vape-et Android t\u00f6lt\u0151vel?<\/strong><br data-start=\"1555\" data-end=\"1558\" \/>Ha a vape-ed rendelkezik <strong data-start=\"1580\" data-end=\"1604\">Type-C t\u00f6lt\u0151porttal<\/strong>porttal, haszn\u00e1lhatsz egy <strong data-start=\"1620\" data-end=\"1648\">szabv\u00e1nyos Android t\u00f6lt\u0151t<\/strong> a felt\u00f6lt\u00e9shez. Gy\u0151z\u0151dj meg r\u00f3la, hogy megb\u00edzhat\u00f3 \u00e1ramforr\u00e1st haszn\u00e1lsz az optim\u00e1lis t\u00f6lt\u00e9si hat\u00e9konys\u00e1g \u00e9rdek\u00e9ben.<\/p>\n<\/li>\n<li class=\"\" data-start=\"1745\" data-end=\"1979\">\n<p class=\"\" data-start=\"1748\" data-end=\"1979\"><strong data-start=\"1748\" data-end=\"1808\">Felvihetek eldobhat\u00f3 vape-et a rep\u00fcl\u0151re nemzetk\u00f6zi j\u00e1raton?<\/strong><br data-start=\"1808\" data-end=\"1811\" \/>Igen, de annak <strong data-start=\"1826\" data-end=\"1862\">a k\u00e9zipoggy\u00e1szodban kell lennie<\/strong>. N\u00e9zz ut\u00e1na a l\u00e9git\u00e1rsas\u00e1godn\u00e1l, hogy vannak-e speci\u00e1lis szab\u00e1lyoz\u00e1sok a <strong data-start=\"1927\" data-end=\"1948\">nikotintartalm\u00fa term\u00e9kekre<\/strong> a c\u00e9lorsz\u00e1godban.<\/p>\n<\/li>\n<li class=\"\" data-start=\"1981\" data-end=\"2197\">\n<p class=\"\" data-start=\"1984\" data-end=\"2197\"><strong data-start=\"1984\" data-end=\"2033\">Honnan tudom, hogy az eldobhat\u00f3 vape-em \u00fcres?<\/strong><br data-start=\"2033\" data-end=\"2036\" \/>Ha az <strong data-start=\"2046\" data-end=\"2144\">\u00edz elhalv\u00e1nyul, a g\u0151ztermel\u00e9s cs\u00f6kken, vagy a digit\u00e1lis k\u00e9perny\u0151 alacsony e-liquid szintet jelez<\/strong>, ideje <strong data-start=\"2159\" data-end=\"2194\">kicser\u00e9lni vagy felt\u00f6lteni a k\u00e9sz\u00fcl\u00e9kedet<\/strong>.<\/p>\n<\/li>\n<\/ol>\n<\/div>\n<\/div>\n<\/div>\n<\/div>","protected":false},"excerpt":{"rendered":"<p class=\"LC20lb MBeuO DKV0Md\">A <strong data-start=\"1647\" data-end=\"1672\">VOPK Ultra 40000 Vape<\/strong> kett\u0151s \u00edzeket, n\u00e9gyszeres h\u00e1l\u00f3s tekercseket \u00e9s intelligens digit\u00e1lis k\u00e9perny\u0151t k\u00edn\u00e1l. Pr\u00e9mium eldobhat\u00f3 eszk\u00f6z, amelyet a <strong data-start=\"1771\" data-end=\"1828\">gy\u00e1ri nagykereskedelmi besz\u00e1ll\u00edt\u00f3k \u00e9s t\u00f6meges megrendel\u00e9sek sz\u00e1m\u00e1ra gy\u00e1rtottak Eur\u00f3p\u00e1ban<\/strong>.<\/p>\n<p><strong>Add hozz\u00e1 Amy whatsappj\u00e1t, hogy azonnali v\u00e1laszt \u00e9s kedvezm\u00e9nyes \u00e1rat kapj!<\/strong><\/p>\n<p><img fetchpriority=\"high\" decoding=\"async\" class=\"size-full wp-image-2932\" src=\"https:\/\/vapestornado.com\/wp-content\/uploads\/2024\/12\/Vape-Wholesale.jpg\" alt=\"Vape nagykereskedelem\" width=\"229\" height=\"300\" \/><\/p>\n<h3><a href=\"https:\/\/wa.me\/8617776015835\"><span style=\"color: #ff0000;\"><strong>WhatsApp: +86 17776015835<\/strong><\/span><\/a><\/h3>\n<p>&nbsp;<\/p>","protected":false},"featured_media":3959,"comment_status":"open","ping_status":"closed","template":"","meta":{"_acf_changed":false,"_uag_custom_page_level_css":"","_lmt_disableupdate":"no","_lmt_disable":"","_monsterinsights_skip_tracking":false,"_monsterinsights_sitenote_active":false,"_monsterinsights_sitenote_note":"","_monsterinsights_sitenote_category":0,"site-sidebar-layout":"default","site-content-layout":"","ast-site-content-layout":"default","site-content-style":"default","site-sidebar-style":"default","ast-global-header-display":"","ast-banner-title-visibility":"","ast-main-header-display":"","ast-hfb-above-header-display":"","ast-hfb-below-header-display":"","ast-hfb-mobile-header-display":"","site-post-title":"","ast-breadcrumbs-content":"","ast-featured-img":"","footer-sml-layout":"","ast-disable-related-posts":"","theme-transparent-header-meta":"default","adv-header-id-meta":"","stick-header-meta":"","header-above-stick-meta":"","header-main-stick-meta":"","header-below-stick-meta":"","astra-migrate-meta-layouts":"set","ast-page-background-enabled":"default","ast-page-background-meta":{"desktop":{"background-color":"","background-image":"","background-repeat":"repeat","background-position":"center center","background-size":"auto","background-attachment":"scroll","background-type":"","background-media":"","overlay-type":"","overlay-color":"","overlay-opacity":"","overlay-gradient":""},"tablet":{"background-color":"","background-image":"","background-repeat":"repeat","background-position":"center center","background-size":"auto","background-attachment":"scroll","background-type":"","background-media":"","overlay-type":"","overlay-color":"","overlay-opacity":"","overlay-gradient":""},"mobile":{"background-color":"","background-image":"","background-repeat":"repeat","background-position":"center center","background-size":"auto","background-attachment":"scroll","background-type":"","background-media":"","overlay-type":"","overlay-color":"","overlay-opacity":"","overlay-gradient":""}},"ast-content-background-meta":{"desktop":{"background-color":"var(--ast-global-color-5)","background-image":"","background-repeat":"repeat","background-position":"center center","background-size":"auto","background-attachment":"scroll","background-type":"","background-media":"","overlay-type":"","overlay-color":"","overlay-opacity":"","overlay-gradient":""},"tablet":{"background-color":"var(--ast-global-color-5)","background-image":"","background-repeat":"repeat","background-position":"center center","background-size":"auto","background-attachment":"scroll","background-type":"","background-media":"","overlay-type":"","overlay-color":"","overlay-opacity":"","overlay-gradient":""},"mobile":{"background-color":"var(--ast-global-color-5)","background-image":"","background-repeat":"repeat","background-position":"center center","background-size":"auto","background-attachment":"scroll","background-type":"","background-media":"","overlay-type":"","overlay-color":"","overlay-opacity":"","overlay-gradient":""}},"_joinchat":{"telephone":"17776015835"}},"product_brand":[],"product_cat":[65,153,160,142,146,290],"product_tag":[261,165,291,294,94,293],"class_list":{"0":"post-3975","1":"product","2":"type-product","3":"status-publish","4":"has-post-thumbnail","6":"product_cat-40000-puff","7":"product_cat-buy-disposable-vapes-in-italy","8":"product_cat-buy-disposable-vapes-in-switzerland","9":"product_cat-digital-box-disposable-vapes","10":"product_cat-rechargeable-disposable-vapes","11":"product_cat-vopk-vape","12":"product_tag-2-in-1-double-flavor-vape","13":"product_tag-cheap-vapes","14":"product_tag-disposable-shisha-hookah","15":"product_tag-puff-40k","16":"product_tag-rechargeable-disposable-vape","17":"product_tag-vopk-ultra-40000","18":"desktop-align-left","19":"tablet-align-left","20":"mobile-align-left","22":"first","23":"instock","24":"sale","25":"shipping-taxable","26":"purchasable","27":"product-type-simple"},"acf":[],"uagb_featured_image_src":{"full":["https:\/\/vapestornado.com\/wp-content\/uploads\/2025\/03\/VOPK-ULTRA-40000-puffs-Disposable-Vape.webp",800,800,false],"thumbnail":["https:\/\/vapestornado.com\/wp-content\/uploads\/2025\/03\/VOPK-ULTRA-40000-puffs-Disposable-Vape-150x150.webp",150,150,true],"medium":["https:\/\/vapestornado.com\/wp-content\/uploads\/2025\/03\/VOPK-ULTRA-40000-puffs-Disposable-Vape-300x300.webp",300,300,true],"medium_large":["https:\/\/vapestornado.com\/wp-content\/uploads\/2025\/03\/VOPK-ULTRA-40000-puffs-Disposable-Vape-768x768.webp",768,768,true],"large":["https:\/\/vapestornado.com\/wp-content\/uploads\/2025\/03\/VOPK-ULTRA-40000-puffs-Disposable-Vape.webp",800,800,false],"1536x1536":["https:\/\/vapestornado.com\/wp-content\/uploads\/2025\/03\/VOPK-ULTRA-40000-puffs-Disposable-Vape.webp",800,800,false],"2048x2048":["https:\/\/vapestornado.com\/wp-content\/uploads\/2025\/03\/VOPK-ULTRA-40000-puffs-Disposable-Vape.webp",800,800,false],"trp-custom-language-flag":["https:\/\/vapestornado.com\/wp-content\/uploads\/2025\/03\/VOPK-ULTRA-40000-puffs-Disposable-Vape.webp",12,12,false],"woocommerce_thumbnail":["https:\/\/vapestornado.com\/wp-content\/uploads\/2025\/03\/VOPK-ULTRA-40000-puffs-Disposable-Vape-300x300.webp",300,300,true],"woocommerce_single":["https:\/\/vapestornado.com\/wp-content\/uploads\/2025\/03\/VOPK-ULTRA-40000-puffs-Disposable-Vape-600x600.webp",600,600,true],"woocommerce_gallery_thumbnail":["https:\/\/vapestornado.com\/wp-content\/uploads\/2025\/03\/VOPK-ULTRA-40000-puffs-Disposable-Vape-100x100.webp",100,100,true]},"uagb_author_info":{"display_name":"ESAMY","author_link":"https:\/\/vapestornado.com\/hu\/author\/"},"uagb_comment_info":0,"uagb_excerpt":"The VOPK Ultra 40000 Vape offers dual flavours, quad mesh coils, and a smart digital screen. A premium disposable built for factory wholesale suppliers and bulk orders in Europe. Add Amy's whatsapp to get right reply and discount price! WhatsApp: +86 17776015835 &nbsp;","_links":{"self":[{"href":"https:\/\/vapestornado.com\/hu\/wp-json\/wp\/v2\/product\/3975","targetHints":{"allow":["GET"]}}],"collection":[{"href":"https:\/\/vapestornado.com\/hu\/wp-json\/wp\/v2\/product"}],"about":[{"href":"https:\/\/vapestornado.com\/hu\/wp-json\/wp\/v2\/types\/product"}],"replies":[{"embeddable":true,"href":"https:\/\/vapestornado.com\/hu\/wp-json\/wp\/v2\/comments?post=3975"}],"wp:featuredmedia":[{"embeddable":true,"href":"https:\/\/vapestornado.com\/hu\/wp-json\/wp\/v2\/media\/3959"}],"wp:attachment":[{"href":"https:\/\/vapestornado.com\/hu\/wp-json\/wp\/v2\/media?parent=3975"}],"wp:term":[{"taxonomy":"product_brand","embeddable":true,"href":"https:\/\/vapestornado.com\/hu\/wp-json\/wp\/v2\/product_brand?post=3975"},{"taxonomy":"product_cat","embeddable":true,"href":"https:\/\/vapestornado.com\/hu\/wp-json\/wp\/v2\/product_cat?post=3975"},{"taxonomy":"product_tag","embeddable":true,"href":"https:\/\/vapestornado.com\/hu\/wp-json\/wp\/v2\/product_tag?post=3975"}],"curies":[{"name":"wp","href":"https:\/\/api.w.org\/{rel}","templated":true}]}}