{"id":3974,"date":"2025-03-24T07:31:30","date_gmt":"2025-03-24T07:31:30","guid":{"rendered":"https:\/\/vapestornado.com\/?post_type=product&#038;p=3974"},"modified":"2025-08-23T10:38:02","modified_gmt":"2025-08-23T10:38:02","slug":"vopk-shisha-hookah-20000-puffs-disposable-vapes-bar-best-flavor-wholesale","status":"publish","type":"product","link":"https:\/\/vapestornado.com\/hu\/product\/vopk-shisha-hookah-20000-puffs-disposable-vapes-bar-best-flavor-wholesale\/","title":{"rendered":"Vopk Shisha Hookah 20000 Puffs Eldobhat\u00f3 Vape R\u00fad Legjobb \u00cdz Nagykereskedelem"},"content":{"rendered":"<h1 data-pm-slice=\"1 1 []\">Vopk Shisha Hookah 20000 Puffs Eldobhat\u00f3 Vape R\u00fad Legjobb \u00cdz Nagykereskedelem<\/h1>\n<p data-start=\"272\" data-end=\"577\">A <strong data-start=\"276\" data-end=\"319\">Vopk Shisha V\u00edzipipa 20000 Puffs Vape Bar<\/strong> nagykeresked\u0151k \u00e9s kiskeresked\u0151k sz\u00e1m\u00e1ra k\u00e9sz\u00fclt, akik nagy kapacit\u00e1s\u00fa eszk\u00f6zt keresnek, amely er\u0151sen vonzza a shisha \u00e9s v\u00edzipipa rajong\u00f3it. Ak\u00e1r <strong data-start=\"467\" data-end=\"483\">20 000 puffot<\/strong> egy <strong data-start=\"491\" data-end=\"513\">28 ml-es e-liquid tart\u00e1lyb\u00f3l<\/strong>hossz\u00fa t\u00e1v\u00fa haszn\u00e1latot \u00e9s kiv\u00e1l\u00f3 viszontelad\u00e1si potenci\u00e1lt biztos\u00edt.<\/p>\n<p data-start=\"579\" data-end=\"910\">Egy <strong data-start=\"592\" data-end=\"610\">0.6\u03a9 mesh tekercs<\/strong>seg\u00edts\u00e9g\u00e9vel k\u00e9sz\u00fclt eszk\u00f6z s\u0171r\u0171 g\u0151zt \u00e9s fokozott \u00edzt produk\u00e1l, \u00edgy ide\u00e1lis a <strong data-start=\"685\" data-end=\"706\">DTL vaping st\u00edlusokhoz<\/strong>. A <strong data-start=\"712\" data-end=\"738\">digit\u00e1lis kijelz\u0151 k\u00e9perny\u0151vel<\/strong> folyamatosan t\u00e1j\u00e9koztatja a felhaszn\u00e1l\u00f3kat az akkumul\u00e1tor \u00e9lettartam\u00e1r\u00f3l \u00e9s az e-liquid szintj\u00e9r\u0151l, m\u00edg a <strong data-start=\"811\" data-end=\"842\">850mAh-s \u00fajrat\u00f6lthet\u0151 akkumul\u00e1torral<\/strong> \u00e1ltal m\u0171k\u00f6dtetve <strong data-start=\"848\" data-end=\"867\">\u00e9s a Type-C t\u00f6lt\u00e9s<\/strong> eg\u00e9sz nap biztos\u00edtja a stabil teljes\u00edtm\u00e9nyt.<\/p>\n<p data-start=\"912\" data-end=\"1205\">A <strong data-start=\"916\" data-end=\"953\">k\u00e9t sz\u00edn\u0171, shisha ihlette design<\/strong> egyedi megjelen\u00e9st k\u00f6lcs\u00f6n\u00f6z a Vopk 20K-nak, amely kiemelkedik az \u00fczletekben, m\u00edg a sokf\u00e9le \u00edzv\u00e1laszt\u00e9k \u2013 a gy\u00fcm\u00f6lcs\u00f6st\u0151l a jegesig \u2013 garant\u00e1lja, hogy minden v\u00e1s\u00e1rl\u00f3 tal\u00e1ljon valamit. Kompakt \u00e9s k\u00f6nnyen hordozhat\u00f3, sokoldal\u00fa v\u00e1laszt\u00e1s a napi haszn\u00e1latra vagy a nagykereskedelmi forgalmaz\u00e1sra.<\/p>\n<p data-start=\"1207\" data-end=\"1393\">Az eur\u00f3pai forgalmaz\u00f3k sz\u00e1m\u00e1ra a <strong data-start=\"1238\" data-end=\"1271\">Vopk Shisha V\u00edzipipa 20000 Vape<\/strong> \u00f6tv\u00f6zi a tart\u00f3ss\u00e1got, a teljes\u00edtm\u00e9nyt \u00e9s a <strong data-start=\"1310\" data-end=\"1343\">versenyk\u00e9pes nagykereskedelmi \u00e1rakb\u00f3l<\/strong>, \u00edgy j\u00f6vedelmez\u0151 opci\u00f3 a t\u00f6meges megrendel\u00e9sekhez.<\/p>\n<p data-start=\"666\" data-end=\"1235\"><strong style=\"font-size: 16px;\"><span style=\"color: #ff0000;\">Add hozz\u00e1 Amy WhatsApp-j\u00e1t, hogy azonnali v\u00e1laszt \u00e9s kedvezm\u00e9nyes \u00e1rat kapj!<\/span><\/strong><\/p>\n<p><img fetchpriority=\"high\" decoding=\"async\" class=\"size-full wp-image-2932\" src=\"https:\/\/vapestornado.com\/wp-content\/uploads\/2024\/12\/Vape-Wholesale.jpg\" alt=\"Vape nagykereskedelem\" width=\"229\" height=\"300\" \/><\/p>\n<h3><a href=\"https:\/\/wa.me\/8617776015835\" target=\"_blank\" rel=\"noopener\"><span style=\"color: #ff0000;\"><strong>WhatsApp: +86 17776015835<\/strong><\/span><\/a><\/h3>\n<p>&nbsp;<\/p>\n<h2><strong>Vopk Shisha Hookah 20000 Vape Bar F\u0151bb term\u00e9kjellemz\u0151k<\/strong><\/h2>\n<p>M\u00e1rka: VOPK BAR<br \/>\nPuff: 20000 Sz\u00edv\u00e1s<br \/>\nAlkalmas: Minden 18 \u00e9v felettinek<br \/>\nKapacit\u00e1s: 28ml<br \/>\nPuff: 20000 sz\u00edv\u00e1s<br \/>\nAkkumul\u00e1tor: 850mAh<br \/>\nNikotin: 0%\/2%\/3%\/5% Nikotin s\u00f3<br \/>\nEllen\u00e1ll\u00e1s: 1.0ohm mesh coil<br \/>\nDigit\u00e1lis kijelz\u0151 az olajhoz \u00e9s az akkumul\u00e1torhoz<br \/>\nCsomag Egyedi csomagol\u00f3doboz<\/p>\n<h2 class=\"product-title\"><strong>Vopk Shisha Hookah 20000 Eldobhat\u00f3 toll \u00edzek list\u00e1ja<\/strong><\/h2>\n<article class=\"w-full text-token-text-primary focus-visible:outline-2 focus-visible:outline-offset-[-4px]\" dir=\"auto\" data-testid=\"conversation-turn-32\" data-scroll-anchor=\"false\">\n<div class=\"m-auto text-base py-[18px] px-6\">\n<div class=\"mx-auto flex flex-1 text-base gap-4 md:gap-5 lg:gap-6 md:max-w-3xl lg:max-w-[40rem] xl:max-w-[48rem]\">\n<div class=\"group\/conversation-turn relative flex w-full min-w-0 flex-col @xs\/thread:px-0 @sm\/thread:px-1.5 @md\/thread:px-4\">\n<div class=\"flex-col gap-1 md:gap-3\">\n<div class=\"flex max-w-full flex-col flex-grow\">\n<div class=\"min-h-8 text-message flex w-full flex-col items-end gap-2 whitespace-normal break-words text-start [.text-message+&amp;]:mt-5\" dir=\"auto\" data-message-author-role=\"user\" data-message-id=\"ffac41ca-1db4-431b-873a-32c4052956f1\">\n<div class=\"flex w-full flex-col gap-1 empty:hidden items-end rtl:items-start\">\n<div class=\"relative max-w-[var(--user-chat-width,70%)] rounded-3xl bg-token-message-surface px-5 py-2.5\">\n<div class=\"absolute bottom-0 right-full top-0 -mr-3.5 hidden pr-5 pt-2 [.group\/conversation-turn:hover_&amp;]:flex\">\n<div class=\"flex\">\n<article class=\"w-full text-token-text-primary focus-visible:outline-2 focus-visible:outline-offset-[-4px]\" dir=\"auto\" data-testid=\"conversation-turn-39\" data-scroll-anchor=\"true\">\n<div class=\"m-auto text-base py-[18px] px-6\">\n<div class=\"mx-auto flex flex-1 text-base gap-4 md:gap-5 lg:gap-6 md:max-w-3xl lg:max-w-[40rem] xl:max-w-[48rem]\">\n<div class=\"group\/conversation-turn relative flex w-full min-w-0 flex-col agent-turn @xs\/thread:px-0 @sm\/thread:px-1.5 @md\/thread:px-4\">\n<div class=\"flex-col gap-1 md:gap-3\">\n<div class=\"flex max-w-full flex-col flex-grow\">\n<div class=\"min-h-8 text-message flex w-full flex-col items-end gap-2 whitespace-normal break-words text-start [.text-message+&amp;]:mt-5\" dir=\"auto\" data-message-author-role=\"assistant\" data-message-id=\"55a23854-ec57-48dd-bd4f-6118f43d6241\" data-message-model-slug=\"gpt-4o\">\n<div class=\"flex w-full flex-col gap-1 empty:hidden first:pt-[3px]\">\n<div class=\"markdown prose w-full break-words dark:prose-invert light\">\n<p>1. \u00c1fonya j\u00e9gen<br \/>\n2. Eper kiwi<br \/>\n3. Vegyes bogy\u00f3k<br \/>\n4. Eper g\u00f6r\u00f6gdinnye<br \/>\n5. G\u00f6r\u00f6gdinnye j\u00e9g<br \/>\n6. \u0150szibarack mang\u00f3 anan\u00e1sz<br \/>\n7. \u00c1fonya m\u00e1lna<br \/>\n8. Eper m\u00e1lna cukorka<br \/>\n9. G\u00f6r\u00f6gdinnye cseresznye<br \/>\n10. Feketeribizli j\u00e9g<\/p>\n<\/div>\n<figure id=\"attachment_3966\" aria-describedby=\"caption-attachment-3966\" style=\"width: 800px\" class=\"wp-caption alignnone\"><img decoding=\"async\" class=\"wp-image-3966 size-full\" src=\"https:\/\/vapestornado.com\/wp-content\/uploads\/2025\/03\/VOPK-Shisha-Hookah-BAR-Disposable-Vape-Wholesale.jpg\" alt=\"VOPK Shisha V\u00edzipipa BAR Eldobhat\u00f3 Vape Nagykereskedelem\" width=\"800\" height=\"957\" srcset=\"https:\/\/vapestornado.com\/wp-content\/uploads\/2025\/03\/VOPK-Shisha-Hookah-BAR-Disposable-Vape-Wholesale.jpg 800w, https:\/\/vapestornado.com\/wp-content\/uploads\/2025\/03\/VOPK-Shisha-Hookah-BAR-Disposable-Vape-Wholesale-251x300.jpg 251w, https:\/\/vapestornado.com\/wp-content\/uploads\/2025\/03\/VOPK-Shisha-Hookah-BAR-Disposable-Vape-Wholesale-768x919.jpg 768w, https:\/\/vapestornado.com\/wp-content\/uploads\/2025\/03\/VOPK-Shisha-Hookah-BAR-Disposable-Vape-Wholesale-600x718.jpg 600w\" sizes=\"(max-width: 800px) 100vw, 800px\" \/><figcaption id=\"caption-attachment-3966\" class=\"wp-caption-text\">VOPK Shisha V\u00edzipipa BAR Eldobhat\u00f3 Vape Nagykereskedelem<\/figcaption><\/figure>\n<\/div>\n<\/div>\n<\/div>\n<\/div>\n<\/div>\n<\/div>\n<\/div>\n<\/article>\n<\/div>\n<\/div>\n<\/div>\n<\/div>\n<\/div>\n<\/div>\n<\/div>\n<\/div>\n<\/div>\n<\/div>\n<\/article>\n<h2 data-start=\"86\" data-end=\"129\">Vopk sorozat \u00f6sszehasonl\u00edt\u00e1s (Nagykereskedelmi \u00fatmutat\u00f3)<\/h2>\n<p data-start=\"131\" data-end=\"155\"><strong data-start=\"131\" data-end=\"153\">Vopk Men\u0151 B\u00e1r 9000<\/strong><\/p>\n<ul data-start=\"156\" data-end=\"462\">\n<li data-start=\"156\" data-end=\"172\">\n<p data-start=\"158\" data-end=\"172\">Puffok: 9,000<\/p>\n<\/li>\n<li data-start=\"173\" data-end=\"205\">\n<p data-start=\"175\" data-end=\"205\">Akkumul\u00e1tor: 600mAh \u00fajrat\u00f6lthet\u0151<\/p>\n<\/li>\n<li data-start=\"206\" data-end=\"233\">\n<p data-start=\"208\" data-end=\"233\">E-liquid kapacit\u00e1s: 16ml<\/p>\n<\/li>\n<li data-start=\"234\" data-end=\"258\">\n<p data-start=\"236\" data-end=\"258\">Tekercs t\u00edpusa: 1.0\u03a9 Mesh<\/p>\n<\/li>\n<li data-start=\"259\" data-end=\"322\">\n<p data-start=\"261\" data-end=\"322\">F\u0151bb jellemz\u0151k: \u00c1ll\u00edthat\u00f3 l\u00e9g\u00e1raml\u00e1s, t\u00e1mogatja az MTL-t<\/p>\n<\/li>\n<li data-start=\"323\" data-end=\"395\">\n<p data-start=\"325\" data-end=\"395\">C\u00e9lk\u00f6z\u00f6ns\u00e9g: K\u00f6nny\u0171 napi felhaszn\u00e1l\u00f3k, pr\u00f3ba v\u00e1s\u00e1rl\u00f3k, kisbolt tulajdonosok<\/p>\n<\/li>\n<li data-start=\"396\" data-end=\"462\">\n<p data-start=\"398\" data-end=\"462\">Nagykereskedelmi kulcsszavak: 9K eldobhat\u00f3 vape, vape toll k\u00e9szlet nagykereskedelem<\/p>\n<\/li>\n<\/ul>\n<hr data-start=\"464\" data-end=\"467\" \/>\n<p data-start=\"469\" data-end=\"499\"><strong data-start=\"469\" data-end=\"497\">Vopk Shisha Hookah 20000<\/strong><\/p>\n<ul data-start=\"500\" data-end=\"814\">\n<li data-start=\"500\" data-end=\"517\">\n<p data-start=\"502\" data-end=\"517\">Puffok: 20 000<\/p>\n<\/li>\n<li data-start=\"518\" data-end=\"550\">\n<p data-start=\"520\" data-end=\"550\">Akkumul\u00e1tor: 850mAh \u00fajrat\u00f6lthet\u0151<\/p>\n<\/li>\n<li data-start=\"551\" data-end=\"578\">\n<p data-start=\"553\" data-end=\"578\">E-liquid kapacit\u00e1s: 28ml<\/p>\n<\/li>\n<li data-start=\"579\" data-end=\"603\">\n<p data-start=\"581\" data-end=\"603\">Tekercs t\u00edpusa: 0.6\u03a9 Mesh<\/p>\n<\/li>\n<li data-start=\"604\" data-end=\"680\">\n<p data-start=\"606\" data-end=\"680\">F\u0151bb jellemz\u0151k: Shisha st\u00edlus\u00fa design, digit\u00e1lis kijelz\u0151, ide\u00e1lis a DTL vapinghez<\/p>\n<\/li>\n<li data-start=\"681\" data-end=\"746\">\n<p data-start=\"683\" data-end=\"746\">C\u00e9lk\u00f6z\u00f6ns\u00e9g: Hookah rajong\u00f3k, k\u00f6zepes m\u00e9ret\u0171 vape boltok<\/p>\n<\/li>\n<li data-start=\"747\" data-end=\"814\">\n<p data-start=\"749\" data-end=\"814\">Nagykereskedelmi kulcsszavak: 20K shisha vape b\u00e1r, hookah st\u00edlus\u00fa nagykereskedelem<\/p>\n<\/li>\n<\/ul>\n<hr data-start=\"816\" data-end=\"819\" \/>\n<p data-start=\"821\" data-end=\"840\"><strong data-start=\"821\" data-end=\"838\">Vopk 60K 3in1<\/strong><\/p>\n<ul data-start=\"841\" data-end=\"1208\">\n<li data-start=\"841\" data-end=\"866\">\n<p data-start=\"843\" data-end=\"866\">Puffok: 60 000 (3\u00d720K)<\/p>\n<\/li>\n<li data-start=\"867\" data-end=\"899\">\n<p data-start=\"869\" data-end=\"899\">Akkumul\u00e1tor: 950mAh \u00fajrat\u00f6lthet\u0151<\/p>\n<\/li>\n<li data-start=\"900\" data-end=\"948\">\n<p data-start=\"902\" data-end=\"948\">E-liquid kapacit\u00e1s: 3 k\u00fcl\u00f6n tart\u00e1ly (20ml\u00d73)<\/p>\n<\/li>\n<li data-start=\"949\" data-end=\"973\">\n<p data-start=\"951\" data-end=\"973\">Tekercs t\u00edpusa: Dual Mesh<\/p>\n<\/li>\n<li data-start=\"974\" data-end=\"1059\">\n<p data-start=\"976\" data-end=\"1059\">F\u0151bb jellemz\u0151k: 3 \u00edz\u0171 kapcsol\u00f3rendszer, hossz\u00fa t\u00e1v\u00fa haszn\u00e1latra tervezve<\/p>\n<\/li>\n<li data-start=\"1060\" data-end=\"1135\">\n<p data-start=\"1062\" data-end=\"1135\">C\u00e9lk\u00f6z\u00f6ns\u00e9g: Er\u0151s felhaszn\u00e1l\u00f3k, nagy forgalmaz\u00f3k, magas haszonkulcs\u00fa csatorn\u00e1k<\/p>\n<\/li>\n<li data-start=\"1136\" data-end=\"1208\">\n<p data-start=\"1138\" data-end=\"1208\">Nagykereskedelmi kulcsszavak: 60K 3 az 1-ben vape nagykereskedelem, t\u00f6meges \u00fajrat\u00f6lthet\u0151 vape-ek<\/p>\n<\/li>\n<\/ul>\n<div class=\"flex-shrink-0 flex flex-col relative items-end\">\n<div class=\"pt-0\">\n<div class=\"gizmo-bot-avatar flex h-8 w-8 items-center justify-center overflow-hidden rounded-full\">\n<div class=\"relative p-1 rounded-sm flex items-center justify-center bg-token-main-surface-primary text-token-text-primary h-8 w-8\">\n<p data-start=\"559\" data-end=\"933\" data-is-last-node=\"\" data-is-only-node=\"\">Van n\u00e9h\u00e1ny m\u00e1s n\u00e9pszer\u0171, kijelz\u0151vel ell\u00e1tott vape term\u00e9k\u00fcnk is, mint p\u00e9ld\u00e1ul a<em> <a href=\"https:\/\/vapestornado.com\/hu\/product\/mesii-couple-50k-disposable-shisha-hookah-50000-puffs-vape-with-digital-display\/\">Mesii p\u00e1r 50000<\/a>, <a href=\"https:\/\/vapestornado.com\/hu\/product\/vopk-ultra-40000-puffs-2-in-1-digital-screen-rechargeable-disposable-vape\/\">VOPK 40000 Puffs Eldobhat\u00f3 Vape<\/a>, <a href=\"https:\/\/vapestornado.com\/hu\/product\/bang-beach-22000-20k-puff-disposable-vape-pen-with-screen-reddit-hot\/\">Bang Beach 22000<\/a>,<\/em> \u00e9s m\u00e9g sok m\u00e1s.<\/p>\n<\/div>\n<div class=\"relative p-1 rounded-sm flex items-center justify-center bg-token-main-surface-primary text-token-text-primary h-8 w-8\">\n<h3>GYIK<\/h3>\n<p><strong>1. Mennyi id\u0151be telik r\u00e1szokni egy eldobhat\u00f3 vape-re?<\/strong><br \/>\nA nikotinf\u00fcgg\u0151s\u00e9g olyan t\u00e9nyez\u0151kt\u0151l f\u00fcgg, mint a haszn\u00e1lat gyakoris\u00e1ga, a nikotin er\u0151ss\u00e9ge \u00e9s az egy\u00e9ni fiziol\u00f3gia. A nikotint tartalmaz\u00f3 eldobhat\u00f3 vape-ek (mint a\u00a0<strong>Vopk Shisha V\u00edzipipa 20000 Puffs<\/strong>) rendszeres haszn\u00e1lat eset\u00e9n f\u00fcgg\u0151s\u00e9ghez vezethetnek. A kock\u00e1zatok minimaliz\u00e1l\u00e1sa \u00e9rdek\u00e9ben fontolja meg az alacsonyabb nikotinszint (0%, 2% vagy 3%) vagy a nikotinmentes opci\u00f3k haszn\u00e1lat\u00e1t. Mindig felel\u0151ss\u00e9gteljesen haszn\u00e1lja a vape-et.<\/p>\n<p><strong>2. Mennyi ideig kell t\u00f6lteni egy 20000 slukkos eldobhat\u00f3 vape-et?<\/strong><br \/>\nAz \u00fajrat\u00f6lthet\u0151 eldobhat\u00f3 vape-ek eset\u00e9ben, mint a\u00a0<strong>Vopk Shisha V\u00edzipipa 20000 Puffs<\/strong>, a t\u00f6lt\u00e9si id\u0151 az akkumul\u00e1tor kapacit\u00e1s\u00e1t\u00f3l f\u00fcgg. Egy\u00a0<strong>850mAh akkumul\u00e1torral<\/strong>\u00a0\u00e9s a\u00a0<strong>\u00e9s a Type-C t\u00f6lt\u00e9s<\/strong>eset\u00e9ben ez \u00e1ltal\u00e1ban k\u00f6r\u00fclbel\u00fcl\u00a0<strong>60-90 percet<\/strong>\u00a0vesz ig\u00e9nybe a teljes felt\u00f6lt\u00e9s. A\u00a0<strong>k\u00e9perny\u0151s digit\u00e1lis kijelz\u0151<\/strong>\u00a0kijelzi a t\u00f6lt\u00e9s folyamat\u00e1t, \u00edgy tudni fogja, mikor van k\u00e9sz.<\/p>\n<p><strong>3. Felvihetek vape-et a rep\u00fcl\u0151re Ausztr\u00e1li\u00e1ban?<\/strong><br \/>\nIgen, felvihet vape-et a rep\u00fcl\u0151re Ausztr\u00e1li\u00e1ban, de azt a\u00a0<strong>k\u00e9zipoggy\u00e1szban<\/strong>kabin poggy\u00e1sz\u00e1ban kell elhelyezni. A vape-ek\u00a0<strong>nem megengedettek a feladott poggy\u00e1szban<\/strong>\u00a0a l\u00edtium-ion akkumul\u00e1torokra vonatkoz\u00f3 biztons\u00e1gi el\u0151\u00edr\u00e1sok miatt. Gy\u0151z\u0151dj\u00f6n meg arr\u00f3l, hogy a k\u00e9sz\u00fcl\u00e9k ki van kapcsolva \u00e9s biztons\u00e1gosan van t\u00e1rolva. Ellen\u0151rizze l\u00e9git\u00e1rsas\u00e1g\u00e1n\u00e1l a konkr\u00e9t ir\u00e1nyelveket, mivel egyesek tov\u00e1bbi korl\u00e1toz\u00e1sokat is alkalmazhatnak.<\/p>\n<p><strong>4. Honnan tudom, hogy az eldobhat\u00f3 vape-em \u00fcres?<\/strong><br \/>\nOnnan fogja tudni, hogy az eldobhat\u00f3 vape-je \u00fcres, amikor:<\/p>\n<ul>\n<li><strong>Cs\u00f6kken a g\u0151ztermel\u00e9s:<\/strong>\u00a0Bel\u00e9gz\u00e9skor jelent\u0151sen kevesebb g\u0151zt fog \u00e9szlelni.<\/li>\n<li><strong>\u00c9gett \u00edz:<\/strong>\u00a0Az \u00e9gett vagy kellemetlen \u00edz azt jelzi, hogy az e-liquid kifogyott.<\/li>\n<li><strong>Nincs \u00edz:<\/strong>\u00a0Ha az \u00edz cs\u00f6kken vagy elt\u0171nik, az annak a jele, hogy a patron \u00fcres.<\/li>\n<li><strong>K\u00e9perny\u0151 kijelz\u0151:<\/strong>\u00a0Az olyan eszk\u00f6z\u00f6k, mint a\u00a0<strong>Vopk Shisha V\u00edzipipa 20000 Puffs<\/strong>\u00a0rendelkeznek egy\u00a0<strong>k\u00e9perny\u0151s digit\u00e1lis kijelz\u0151<\/strong>\u00a0amely mutatja az e-liquid szintj\u00e9t, \u00edgy k\u00f6nnyen nyomon k\u00f6vethet\u0151, mikor van az eszk\u00f6zben kev\u00e9s.<\/li>\n<\/ul>\n<p>Ha az eszk\u00f6z nem termel t\u00f6bb g\u0151zt, vagy az \u00edz elt\u0171nt, ideje felel\u0151ss\u00e9gteljesen \u00e1rtalmatlan\u00edtani.<\/p>\n<\/div>\n<\/div>\n<\/div>\n<\/div>","protected":false},"excerpt":{"rendered":"<p data-start=\"1433\" data-end=\"1606\">A <strong data-start=\"1437\" data-end=\"1480\">Vopk Shisha V\u00edzipipa 20000 Puffs Vape Bar<\/strong> DTL g\u0151zt, 28 ml e-liquidet \u00e9s digit\u00e1lis k\u00e9perny\u0151t k\u00edn\u00e1l. St\u00edlusos, \u00fajrat\u00f6lthet\u0151 opci\u00f3 a <strong data-start=\"1573\" data-end=\"1603\">eur\u00f3pai nagykeresked\u0151knek<\/strong>.<\/p>\n<p><strong>Add hozz\u00e1 Amy whatsappj\u00e1t, hogy azonnali v\u00e1laszt \u00e9s kedvezm\u00e9nyes \u00e1rat kapj!<\/strong><\/p>\n<p><img fetchpriority=\"high\" decoding=\"async\" class=\"size-full wp-image-2932\" src=\"https:\/\/vapestornado.com\/wp-content\/uploads\/2024\/12\/Vape-Wholesale.jpg\" alt=\"Vape nagykereskedelem\" width=\"229\" height=\"300\" \/><\/p>\n<h3><a href=\"https:\/\/wa.me\/8617776015835\"><span style=\"color: #ff0000;\"><strong>WhatsApp: +86 17776015835<\/strong><\/span><\/a><\/h3>\n<p>&nbsp;<\/p>","protected":false},"featured_media":3965,"comment_status":"open","ping_status":"closed","template":"","meta":{"_acf_changed":false,"_uag_custom_page_level_css":"","_lmt_disableupdate":"no","_lmt_disable":"","_monsterinsights_skip_tracking":false,"_monsterinsights_sitenote_active":false,"_monsterinsights_sitenote_note":"","_monsterinsights_sitenote_category":0,"site-sidebar-layout":"default","site-content-layout":"","ast-site-content-layout":"default","site-content-style":"default","site-sidebar-style":"default","ast-global-header-display":"","ast-banner-title-visibility":"","ast-main-header-display":"","ast-hfb-above-header-display":"","ast-hfb-below-header-display":"","ast-hfb-mobile-header-display":"","site-post-title":"","ast-breadcrumbs-content":"","ast-featured-img":"","footer-sml-layout":"","ast-disable-related-posts":"","theme-transparent-header-meta":"default","adv-header-id-meta":"","stick-header-meta":"","header-above-stick-meta":"","header-main-stick-meta":"","header-below-stick-meta":"","astra-migrate-meta-layouts":"set","ast-page-background-enabled":"default","ast-page-background-meta":{"desktop":{"background-color":"","background-image":"","background-repeat":"repeat","background-position":"center center","background-size":"auto","background-attachment":"scroll","background-type":"","background-media":"","overlay-type":"","overlay-color":"","overlay-opacity":"","overlay-gradient":""},"tablet":{"background-color":"","background-image":"","background-repeat":"repeat","background-position":"center center","background-size":"auto","background-attachment":"scroll","background-type":"","background-media":"","overlay-type":"","overlay-color":"","overlay-opacity":"","overlay-gradient":""},"mobile":{"background-color":"","background-image":"","background-repeat":"repeat","background-position":"center center","background-size":"auto","background-attachment":"scroll","background-type":"","background-media":"","overlay-type":"","overlay-color":"","overlay-opacity":"","overlay-gradient":""}},"ast-content-background-meta":{"desktop":{"background-color":"var(--ast-global-color-5)","background-image":"","background-repeat":"repeat","background-position":"center center","background-size":"auto","background-attachment":"scroll","background-type":"","background-media":"","overlay-type":"","overlay-color":"","overlay-opacity":"","overlay-gradient":""},"tablet":{"background-color":"var(--ast-global-color-5)","background-image":"","background-repeat":"repeat","background-position":"center center","background-size":"auto","background-attachment":"scroll","background-type":"","background-media":"","overlay-type":"","overlay-color":"","overlay-opacity":"","overlay-gradient":""},"mobile":{"background-color":"var(--ast-global-color-5)","background-image":"","background-repeat":"repeat","background-position":"center center","background-size":"auto","background-attachment":"scroll","background-type":"","background-media":"","overlay-type":"","overlay-color":"","overlay-opacity":"","overlay-gradient":""}},"_joinchat":{"telephone":"17776015835"}},"product_brand":[],"product_cat":[69,152,158,142,147,290],"product_tag":[165,291,287,94,292],"class_list":{"0":"post-3974","1":"product","2":"type-product","3":"status-publish","4":"has-post-thumbnail","6":"product_cat-20000-puff","7":"product_cat-buy-disposable-vapes-in-cermany","8":"product_cat-buy-disposable-vapes-in-spain","9":"product_cat-digital-box-disposable-vapes","10":"product_cat-shisha-hookah-disposable-vapes","11":"product_cat-vopk-vape","12":"product_tag-cheap-vapes","13":"product_tag-disposable-shisha-hookah","14":"product_tag-disposable-vape-pen","15":"product_tag-rechargeable-disposable-vape","16":"product_tag-vopk-shisha-bar-20000","17":"desktop-align-left","18":"tablet-align-left","19":"mobile-align-left","21":"first","22":"instock","23":"sale","24":"shipping-taxable","25":"purchasable","26":"product-type-simple"},"acf":[],"uagb_featured_image_src":{"full":["https:\/\/vapestornado.com\/wp-content\/uploads\/2025\/03\/VOPK-Shisha-Hookah-Bar-20000-Puffs.png",800,800,false],"thumbnail":["https:\/\/vapestornado.com\/wp-content\/uploads\/2025\/03\/VOPK-Shisha-Hookah-Bar-20000-Puffs-150x150.png",150,150,true],"medium":["https:\/\/vapestornado.com\/wp-content\/uploads\/2025\/03\/VOPK-Shisha-Hookah-Bar-20000-Puffs-300x300.png",300,300,true],"medium_large":["https:\/\/vapestornado.com\/wp-content\/uploads\/2025\/03\/VOPK-Shisha-Hookah-Bar-20000-Puffs-768x768.png",768,768,true],"large":["https:\/\/vapestornado.com\/wp-content\/uploads\/2025\/03\/VOPK-Shisha-Hookah-Bar-20000-Puffs.png",800,800,false],"1536x1536":["https:\/\/vapestornado.com\/wp-content\/uploads\/2025\/03\/VOPK-Shisha-Hookah-Bar-20000-Puffs.png",800,800,false],"2048x2048":["https:\/\/vapestornado.com\/wp-content\/uploads\/2025\/03\/VOPK-Shisha-Hookah-Bar-20000-Puffs.png",800,800,false],"trp-custom-language-flag":["https:\/\/vapestornado.com\/wp-content\/uploads\/2025\/03\/VOPK-Shisha-Hookah-Bar-20000-Puffs.png",12,12,false],"woocommerce_thumbnail":["https:\/\/vapestornado.com\/wp-content\/uploads\/2025\/03\/VOPK-Shisha-Hookah-Bar-20000-Puffs-300x300.png",300,300,true],"woocommerce_single":["https:\/\/vapestornado.com\/wp-content\/uploads\/2025\/03\/VOPK-Shisha-Hookah-Bar-20000-Puffs-600x600.png",600,600,true],"woocommerce_gallery_thumbnail":["https:\/\/vapestornado.com\/wp-content\/uploads\/2025\/03\/VOPK-Shisha-Hookah-Bar-20000-Puffs-100x100.png",100,100,true]},"uagb_author_info":{"display_name":"ESAMY","author_link":"https:\/\/vapestornado.com\/hu\/author\/"},"uagb_comment_info":0,"uagb_excerpt":"The Vopk Shisha Hookah 20000 Puffs Vape Bar delivers DTL vapor, 28ml e-liquid, and a digital screen. A stylish, rechargeable option for wholesale buyers in Europe. Add Amy's whatsapp to get right reply and discount price! WhatsApp: +86 17776015835 &nbsp;","_links":{"self":[{"href":"https:\/\/vapestornado.com\/hu\/wp-json\/wp\/v2\/product\/3974","targetHints":{"allow":["GET"]}}],"collection":[{"href":"https:\/\/vapestornado.com\/hu\/wp-json\/wp\/v2\/product"}],"about":[{"href":"https:\/\/vapestornado.com\/hu\/wp-json\/wp\/v2\/types\/product"}],"replies":[{"embeddable":true,"href":"https:\/\/vapestornado.com\/hu\/wp-json\/wp\/v2\/comments?post=3974"}],"wp:featuredmedia":[{"embeddable":true,"href":"https:\/\/vapestornado.com\/hu\/wp-json\/wp\/v2\/media\/3965"}],"wp:attachment":[{"href":"https:\/\/vapestornado.com\/hu\/wp-json\/wp\/v2\/media?parent=3974"}],"wp:term":[{"taxonomy":"product_brand","embeddable":true,"href":"https:\/\/vapestornado.com\/hu\/wp-json\/wp\/v2\/product_brand?post=3974"},{"taxonomy":"product_cat","embeddable":true,"href":"https:\/\/vapestornado.com\/hu\/wp-json\/wp\/v2\/product_cat?post=3974"},{"taxonomy":"product_tag","embeddable":true,"href":"https:\/\/vapestornado.com\/hu\/wp-json\/wp\/v2\/product_tag?post=3974"}],"curies":[{"name":"wp","href":"https:\/\/api.w.org\/{rel}","templated":true}]}}