{"id":3973,"date":"2025-03-24T07:11:24","date_gmt":"2025-03-24T07:11:24","guid":{"rendered":"https:\/\/vapestornado.com\/?post_type=product&#038;p=3973"},"modified":"2025-12-08T09:05:30","modified_gmt":"2025-12-08T09:05:30","slug":"vopk-cool-9000-puffs-disposable-vapes-bar-puff-9k","status":"publish","type":"product","link":"https:\/\/vapestornado.com\/hu\/product\/vopk-cool-9000-puffs-disposable-vapes-bar-puff-9k\/","title":{"rendered":"Vopk Cool 9000 Puffs Eldobhat\u00f3 Vape R\u00fad Puff 9K"},"content":{"rendered":"<h1 data-pm-slice=\"1 1 []\">Vopk Cool Bar 9000 sluk eldobhat\u00f3 Vapes tollk\u00e9szlet Puff 9K<\/h1>\n<p data-start=\"1124\" data-end=\"1326\"><strong data-start=\"105\" data-end=\"127\">Vopk Men\u0151 B\u00e1r 9000<\/strong> egy kompakt eldobhat\u00f3 k\u00e9sz\u00fcl\u00e9k, amelyet hossz\u00fa napi haszn\u00e1latra terveztek an\u00e9lk\u00fcl, hogy neh\u00e9z lenne a zsebben. Ez biztos\u00edtja <strong data-start=\"226\" data-end=\"247\">ak\u00e1r 9 000 szippant\u00e1s<\/strong> egy <strong data-start=\"255\" data-end=\"279\">16 ml-es el\u0151re t\u00f6lt\u00f6tt tank<\/strong>, amit egy <strong data-start=\"293\" data-end=\"311\">1.0\u03a9 mesh tekercs<\/strong> stabil \u00edz\u00e9rt \u00e9s egy <strong data-start=\"337\" data-end=\"368\">\u00fajrat\u00f6lthet\u0151 Type-C akkumul\u00e1torral<\/strong> t\u00e1mogat, \u00edgy a k\u00e9sz\u00fcl\u00e9k addig m\u0171k\u00f6dik, am\u00edg a folyad\u00e9k tart. Az \u00e1ll\u00edthat\u00f3 l\u00e9g\u00e1raml\u00e1s val\u00f3di kontrollt ad a sz\u00edv\u00e1s st\u00edlus\u00e1ra, a szoros MTL-t\u0151l a nyitottabb DTL-ig.<\/p>\n<h3 data-start=\"727\" data-end=\"789\">Mi\u00e9rt ide\u00e1lis a VOPK Cool Bar 9000 sz\u00e1modra<\/h3>\n<ul data-start=\"791\" data-end=\"1646\">\n<li data-start=\"791\" data-end=\"982\">\n<p data-start=\"793\" data-end=\"982\"><strong data-start=\"793\" data-end=\"830\">Kapacit\u00e1s, ami megfelel a val\u00f3di rutinnak.<\/strong> A 9 000 szippant\u00e1s \u00e9s a 16 ml-es e-liquid elegend\u0151 ahhoz, hogy cs\u00f6kkentse a cser\u00e9k gyakoris\u00e1g\u00e1t a rendszeres felhaszn\u00e1l\u00f3k sz\u00e1m\u00e1ra, mik\u00f6zben a k\u00e9sz\u00fcl\u00e9k k\u00f6nny\u0171 \u00e9s k\u00f6nnyen hordozhat\u00f3 marad.<\/p>\n<\/li>\n<li data-start=\"984\" data-end=\"1144\">\n<p data-start=\"986\" data-end=\"1144\"><strong data-start=\"986\" data-end=\"1025\">H\u00e1l\u00f3s tekercs teljes\u00edtm\u00e9ny, amit \u00e9rezhetsz.<\/strong> A <strong data-start=\"1030\" data-end=\"1048\">1.0\u03a9 mesh tekercs<\/strong> egyenletesen meleg\u00edt \u00e9s elker\u00fcli az \u00e9les, egyenetlen \u00edzt, amit n\u00e9h\u00e1ny kis eldobhat\u00f3n\u00e1l tapasztalhatunk intenz\u00edv haszn\u00e1lat ut\u00e1n.<\/p>\n<\/li>\n<li data-start=\"1146\" data-end=\"1347\">\n<p data-start=\"1148\" data-end=\"1347\"><strong data-start=\"1148\" data-end=\"1182\">Val\u00f3ban hangolhat\u00f3 l\u00e9g\u00e1raml\u00e1s.<\/strong> Az \u00e1ll\u00edthat\u00f3 l\u00e9g\u00e1raml\u00e1s azt jelenti, hogy te d\u00f6nt\u00f6d el, hogyan viselkedjen a k\u00e9sz\u00fcl\u00e9k: szorosabb sz\u00edv\u00e1s a cigaretta-st\u00edlus\u00fa MTL-hez, vagy laz\u00e1bb h\u00faz\u00e1s a t\u00f6bb g\u0151z\u00e9rt. Egy k\u00e9sz\u00fcl\u00e9k mindk\u00e9t szok\u00e1st lefedi.<\/p>\n<\/li>\n<li data-start=\"1349\" data-end=\"1520\">\n<p data-start=\"1351\" data-end=\"1520\"><strong data-start=\"1351\" data-end=\"1393\">T\u00f6lthet\u0151 az akkumul\u00e1tor \u00fajrat\u00f6lt\u00e9s\u00e9vel a tank teljes kihaszn\u00e1l\u00e1s\u00e1hoz.<\/strong> A <strong data-start=\"1398\" data-end=\"1416\">600mAh akkumul\u00e1tor<\/strong> plusz <strong data-start=\"1422\" data-end=\"1446\">Type-C gyorst\u00f6lt\u00e9ssel<\/strong> r\u00f6vid\u00edti a le\u00e1ll\u00e1si id\u0151t \u00e9s megakad\u00e1lyozza a szok\u00e1sos \u201eaz akkumul\u00e1tor el\u0151sz\u00f6r lemer\u00fcl\u201d probl\u00e9m\u00e1t.<\/p>\n<\/li>\n<li data-start=\"1522\" data-end=\"1646\">\n<p data-start=\"1524\" data-end=\"1646\"><strong data-start=\"1524\" data-end=\"1553\">Mindennapi hordoz\u00e1sra tervezve.<\/strong> Kompakt m\u00e9ret, tiszta kialak\u00edt\u00e1s, \u00e9s nincs sz\u00fcks\u00e9g be\u00e1ll\u00edt\u00e1sra \u2014 vedd ki, vapingelj, t\u00f6ltsd \u00fajra, amikor sz\u00fcks\u00e9ges.<\/p>\n<\/li>\n<\/ul>\n<p data-start=\"666\" data-end=\"1235\"><strong style=\"font-size: 16px;\"><span style=\"color: #ff0000;\">Add hozz\u00e1 Amy WhatsApp-j\u00e1t, hogy azonnali v\u00e1laszt \u00e9s kedvezm\u00e9nyes \u00e1rat kapj!<\/span><\/strong><\/p>\n<p><img fetchpriority=\"high\" decoding=\"async\" class=\"size-full wp-image-2932\" src=\"https:\/\/vapestornado.com\/wp-content\/uploads\/2024\/12\/Vape-Wholesale.jpg\" alt=\"Vape nagykereskedelem\" width=\"229\" height=\"300\" \/><\/p>\n<h3><a href=\"https:\/\/wa.me\/8617776015835\" target=\"_blank\" rel=\"noopener\"><span style=\"color: #ff0000;\"><strong>WhatsApp: +86 17776015835<\/strong><\/span><\/a><\/h3>\n<p>&nbsp;<\/p>\n<h2><strong>Vopk Cool Bar 9000 Vape Pen F\u0151bb term\u00e9kjellemz\u0151k<\/strong><\/h2>\n<table>\n<thead>\n<tr>\n<th>Jellemz\u0151k<\/th>\n<th>Spec<\/th>\n<th>R\u00e9szletek<\/th>\n<\/tr>\n<\/thead>\n<tbody>\n<tr>\n<td>M\u00e1rka<\/td>\n<td>VOPK Vape<\/td>\n<td>A Cool Bar sorozat r\u00e9sze, amely a magas ig\u00e9ny\u0171 EU eldobhat\u00f3 piacot c\u00e9lozza meg.<\/td>\n<\/tr>\n<tr>\n<td>Slukkkapacit\u00e1s<\/td>\n<td>Ak\u00e1r 9 000 szippant\u00e1s<\/td>\n<td>El\u00e9g hossz\u00fa t\u00f6bbnapos vagy ak\u00e1r t\u00f6bbhetes haszn\u00e1latra, a temp\u00f3t\u00f3l f\u00fcgg\u0151en.<\/td>\n<\/tr>\n<tr>\n<td>E-liquid kapacit\u00e1s<\/td>\n<td>16 ml el\u0151re t\u00f6lt\u00f6tt<\/td>\n<td>Nagy a m\u00e9ret\u00e9hez k\u00e9pest; t\u00e1mogatja a hosszabb \u00fcl\u00e9seket \u00fajrat\u00f6lt\u00e9s n\u00e9lk\u00fcl.<\/td>\n<\/tr>\n<tr>\n<td>Tekercs<\/td>\n<td>1.0\u03a9 Mesh Tekercs<\/td>\n<td>Egyenletes hev\u00edt\u00e9s a sim\u00e1bb g\u0151z \u00e9s stabilabb \u00edz \u00e9rdek\u00e9ben.<\/td>\n<\/tr>\n<tr>\n<td>Leveg\u0151\u00e1raml\u00e1s<\/td>\n<td>\u00c1ll\u00edthat\u00f3<\/td>\n<td>V\u00e1lt\u00e1s szorosabb MTL \u00e9s laz\u00e1bb DTL h\u00faz\u00e1sok k\u00f6z\u00f6tt.<\/td>\n<\/tr>\n<tr>\n<td>Akkumul\u00e1tor<\/td>\n<td>600mAh \u00fajrat\u00f6lthet\u0151<\/td>\n<td>Megb\u00edzhat\u00f3 napi teljes\u00edtm\u00e9ny; \u00fajrat\u00f6lt\u00e9s helyett ink\u00e1bb t\u00f6ltsd \u00fajra kor\u00e1n.<\/td>\n<\/tr>\n<tr>\n<td>T\u00f6lt\u00e9s<\/td>\n<td>Type-C gyors t\u00f6lt\u00e9s<\/td>\n<td>Gyors felt\u00f6lt\u00e9s modern, sz\u00e9les k\u00f6rben haszn\u00e1lt EU-s k\u00e1bellel.<\/td>\n<\/tr>\n<\/tbody>\n<\/table>\n<h2 class=\"product-title\"><strong>Vopk Cool Bar 9000 Eldobhat\u00f3 Pen \u00cdzlista<\/strong><\/h2>\n<article class=\"w-full text-token-text-primary focus-visible:outline-2 focus-visible:outline-offset-[-4px]\" dir=\"auto\" data-testid=\"conversation-turn-32\" data-scroll-anchor=\"false\">\n<div class=\"m-auto text-base py-[18px] px-6\">\n<div class=\"mx-auto flex flex-1 text-base gap-4 md:gap-5 lg:gap-6 md:max-w-3xl lg:max-w-[40rem] xl:max-w-[48rem]\">\n<div class=\"group\/conversation-turn relative flex w-full min-w-0 flex-col @xs\/thread:px-0 @sm\/thread:px-1.5 @md\/thread:px-4\">\n<div class=\"flex-col gap-1 md:gap-3\">\n<div class=\"flex max-w-full flex-col flex-grow\">\n<div class=\"min-h-8 text-message flex w-full flex-col items-end gap-2 whitespace-normal break-words text-start [.text-message+&amp;]:mt-5\" dir=\"auto\" data-message-author-role=\"user\" data-message-id=\"ffac41ca-1db4-431b-873a-32c4052956f1\">\n<div class=\"flex w-full flex-col gap-1 empty:hidden items-end rtl:items-start\">\n<div class=\"relative max-w-[var(--user-chat-width,70%)] rounded-3xl bg-token-message-surface px-5 py-2.5\">\n<div class=\"absolute bottom-0 right-full top-0 -mr-3.5 hidden pr-5 pt-2 [.group\/conversation-turn:hover_&amp;]:flex\">\n<div class=\"flex\">\n<article class=\"w-full text-token-text-primary focus-visible:outline-2 focus-visible:outline-offset-[-4px]\" dir=\"auto\" data-testid=\"conversation-turn-39\" data-scroll-anchor=\"true\">\n<div class=\"m-auto text-base py-[18px] px-6\">\n<div class=\"mx-auto flex flex-1 text-base gap-4 md:gap-5 lg:gap-6 md:max-w-3xl lg:max-w-[40rem] xl:max-w-[48rem]\">\n<div class=\"group\/conversation-turn relative flex w-full min-w-0 flex-col agent-turn @xs\/thread:px-0 @sm\/thread:px-1.5 @md\/thread:px-4\">\n<div class=\"flex-col gap-1 md:gap-3\">\n<div class=\"flex max-w-full flex-col flex-grow\">\n<div class=\"min-h-8 text-message flex w-full flex-col items-end gap-2 whitespace-normal break-words text-start [.text-message+&amp;]:mt-5\" dir=\"auto\" data-message-author-role=\"assistant\" data-message-id=\"55a23854-ec57-48dd-bd4f-6118f43d6241\" data-message-model-slug=\"gpt-4o\">\n<div class=\"flex w-full flex-col gap-1 empty:hidden first:pt-[3px]\">\n<div class=\"markdown prose w-full break-words dark:prose-invert light\">\n<p>1. Barack j\u00e9g<br \/>\n2. Dupla menta<br \/>\n3. Pezsg\u0151 citrom<br \/>\n4. Sz\u0151l\u0151 aloe<br \/>\n5. Sz\u0151l\u0151 licsi<br \/>\n6. K\u00f3la j\u00e9g<br \/>\n7. Savany\u00fa narancs<br \/>\n8. Vegyes bogy\u00f3s gy\u00fcm\u00f6lcs<br \/>\n9. Red Bull j\u00e9g<br \/>\n10.G\u00f6r\u00f6gdinnye j\u00e9g<\/p>\n<figure id=\"attachment_3967\" aria-describedby=\"caption-attachment-3967\" style=\"width: 800px\" class=\"wp-caption alignnone\"><img decoding=\"async\" class=\"wp-image-3967 size-full\" src=\"https:\/\/vapestornado.com\/wp-content\/uploads\/2025\/03\/VOPK-9K-9000-Puff-Disposable-Vape-Pen-Kit.webp\" alt=\"VOPK 9K 9000 Slukk Eldobhat\u00f3 Vape Pen K\u00e9szlet\" width=\"800\" height=\"800\" srcset=\"https:\/\/vapestornado.com\/wp-content\/uploads\/2025\/03\/VOPK-9K-9000-Puff-Disposable-Vape-Pen-Kit.webp 800w, https:\/\/vapestornado.com\/wp-content\/uploads\/2025\/03\/VOPK-9K-9000-Puff-Disposable-Vape-Pen-Kit-300x300.webp 300w, https:\/\/vapestornado.com\/wp-content\/uploads\/2025\/03\/VOPK-9K-9000-Puff-Disposable-Vape-Pen-Kit-150x150.webp 150w, https:\/\/vapestornado.com\/wp-content\/uploads\/2025\/03\/VOPK-9K-9000-Puff-Disposable-Vape-Pen-Kit-768x768.webp 768w, https:\/\/vapestornado.com\/wp-content\/uploads\/2025\/03\/VOPK-9K-9000-Puff-Disposable-Vape-Pen-Kit-600x600.webp 600w, https:\/\/vapestornado.com\/wp-content\/uploads\/2025\/03\/VOPK-9K-9000-Puff-Disposable-Vape-Pen-Kit-100x100.webp 100w\" sizes=\"(max-width: 800px) 100vw, 800px\" \/><figcaption id=\"caption-attachment-3967\" class=\"wp-caption-text\">VOPK 9K 9000 Slukk Eldobhat\u00f3 Vape Pen K\u00e9szlet<\/figcaption><\/figure>\n<\/div>\n<\/div>\n<\/div>\n<\/div>\n<\/div>\n<\/div>\n<\/div>\n<\/div>\n<\/article>\n<\/div>\n<\/div>\n<\/div>\n<\/div>\n<\/div>\n<\/div>\n<\/div>\n<\/div>\n<\/div>\n<\/div>\n<\/article>\n<h3>Mi\u00e9rt v\u00e1laszd a Vapestornado-t a Vopk Cool Bar 9000 megv\u00e1s\u00e1rl\u00e1s\u00e1hoz?<\/h3>\n<div class=\"flex-shrink-0 flex flex-col relative items-end\">\n<div class=\"pt-0\">\n<div class=\"gizmo-bot-avatar flex h-8 w-8 items-center justify-center overflow-hidden rounded-full\">\n<div class=\"relative p-1 rounded-sm flex items-center justify-center bg-token-main-surface-primary text-token-text-primary h-8 w-8\">\n<p data-start=\"88\" data-end=\"557\">Amikor a <strong data-start=\"105\" data-end=\"154\">\u00a0kiv\u00e1l\u00f3 min\u0151s\u00e9g\u0171 eldobhat\u00f3 vape-ek v\u00e1s\u00e1rl\u00e1s\u00e1r\u00f3l van sz\u00f3,<\/strong>, <strong data-start=\"156\" data-end=\"172\">Vapestornado<\/strong> a verhetetlen forr\u00e1sa <strong data-start=\"208\" data-end=\"271\">gy\u00e1ri \u00e1rak, gyors sz\u00e1ll\u00edt\u00e1s \u00e9s pr\u00e9mium \u00fcgyf\u00e9lszolg\u00e1lat<\/strong>. A Vopk Cool Bar 9000 megv\u00e1s\u00e1rl\u00e1sa a Vapestornado-t\u00f3l azt jelenti, hogy te kapod <strong data-start=\"363\" data-end=\"400\">eredeti, 100%-ban eredeti term\u00e9keket kapsz<\/strong> a leg\u00fajabb<strong data-start=\"417\" data-end=\"515\"> \u00fajrat\u00f6lthet\u0151 Type-C k\u00e9nyelem, \u00e9s 9000 slukk kapacit\u00e1s<\/strong>\u2014mindez a <strong data-start=\"527\" data-end=\"554\">legalacsonyabb nagykereskedelmi \u00e1rakon<\/strong>.<\/p>\n<p data-start=\"559\" data-end=\"933\" data-is-last-node=\"\" data-is-only-node=\"\">Van n\u00e9h\u00e1ny m\u00e1s n\u00e9pszer\u0171, kijelz\u0151vel ell\u00e1tott vape term\u00e9k\u00fcnk is, mint p\u00e9ld\u00e1ul a <a href=\"https:\/\/vapestornado.com\/hu\/product\/mesii-couple-50k-disposable-shisha-hookah-50000-puffs-vape-with-digital-display\/\">Mesii p\u00e1r 50000<\/a>, <a href=\"https:\/\/vapestornado.com\/hu\/product\/vopk-ultra-40000-puffs-2-in-1-digital-screen-rechargeable-disposable-vape\/\">VOPK 40000 Puffs Eldobhat\u00f3 Vape<\/a>, <a href=\"https:\/\/vapestornado.com\/hu\/product\/bang-beach-22000-20k-puff-disposable-vape-pen-with-screen-reddit-hot\/\">Bang Beach 22000<\/a>, \u00e9s m\u00e9g sok m\u00e1s.<\/p>\n<\/div>\n<div class=\"relative p-1 rounded-sm flex items-center justify-center bg-token-main-surface-primary text-token-text-primary h-8 w-8\">\n<h3>GYIK<\/h3>\n<ol data-start=\"2395\" data-end=\"3557\">\n<li data-start=\"2395\" data-end=\"2643\">\n<p data-start=\"2398\" data-end=\"2643\"><strong data-start=\"2398\" data-end=\"2504\">Hogyan tartja a Bang Vopk Cool Bar 9000 h\u00e1l\u00f3s tekercs eldobhat\u00f3 vape az \u00edzt stabilan 9 000 sz\u00edv\u00e1s sor\u00e1n?<\/strong><br data-start=\"2504\" data-end=\"2507\" \/>A <strong data-start=\"2511\" data-end=\"2529\">1.0\u03a9 mesh tekercs<\/strong> egyenletesebben osztja el a h\u0151t, mint a standard huzalos tekercsek, cs\u00f6kkentve a durvas\u00e1got \u00e9s lass\u00edtva az \u00edzveszt\u00e9st hosszabb haszn\u00e1lat sor\u00e1n.<\/p>\n<\/li>\n<li data-start=\"2645\" data-end=\"2867\">\n<p data-start=\"2648\" data-end=\"2867\"><strong data-start=\"2648\" data-end=\"2743\">Hasznos az \u00e1ll\u00edthat\u00f3 l\u00e9g\u00e1raml\u00e1s a Bang Vopk Cool Bar 9000-n\u00e1l az MTL \u00e9s DTL k\u00f6z\u00f6tti v\u00e1lt\u00e1shoz?<\/strong><br data-start=\"2743\" data-end=\"2746\" \/>Igen. Egy szorosabb l\u00e9g\u00e1raml\u00e1s cigaretta-st\u00edlus\u00fa MTL h\u00faz\u00e1st ad, m\u00edg a nyitottabb t\u00e1mogatja a laz\u00e1bb DTL h\u00faz\u00e1st t\u00f6bb g\u0151zzel.<\/p>\n<\/li>\n<li data-start=\"2869\" data-end=\"3098\">\n<p data-start=\"2872\" data-end=\"3098\"><strong data-start=\"2872\" data-end=\"2964\">Befejezi-e a Bang Vopk Cool Bar 9K Type-C \u00fajrat\u00f6lthet\u0151 eldobhat\u00f3 a teljes 16 ml-es tart\u00e1lyt?<\/strong><br data-start=\"2964\" data-end=\"2967\" \/>Az \u00fajrat\u00f6lthet\u0151s\u00e9g erre lett tervezve. Ha az energia elfogy, miel\u0151tt a folyad\u00e9k, egy gyors Type-C t\u00f6lt\u00e9s folytatja a haszn\u00e1latot.<\/p>\n<\/li>\n<li data-start=\"3100\" data-end=\"3315\">\n<p data-start=\"3103\" data-end=\"3315\"><strong data-start=\"3103\" data-end=\"3188\">Milyen g\u0151zkibocs\u00e1t\u00e1s jellemzi a Bang Vopk Cool Bar 9000 Puffs vape tollat?<\/strong><br data-start=\"3188\" data-end=\"3191\" \/>V\u00e1rhat\u00f3an sima, egyenletes g\u0151z\u00e1raml\u00e1s. A l\u00e9g\u00e1raml\u00e1s megnyit\u00e1s\u00e1val n\u0151 a g\u0151z s\u0171r\u0171s\u00e9ge an\u00e9lk\u00fcl, hogy a h\u00faz\u00e1s durv\u00e1v\u00e1 v\u00e1lna.<\/p>\n<\/li>\n<li data-start=\"3317\" data-end=\"3557\">\n<p data-start=\"3320\" data-end=\"3557\"><strong data-start=\"3320\" data-end=\"3422\">J\u00f3 v\u00e1laszt\u00e1s a Bang Vopk Cool Bar 9000 kompakt eldobhat\u00f3 vape napi hordoz\u00e1s\u00e1ra \u00e9s k\u00fclt\u00e9ri haszn\u00e1latra?<\/strong><br data-start=\"3422\" data-end=\"3425\" \/>A hordozhat\u00f3s\u00e1gra tervezt\u00e9k: v\u00e9kony test, nincs be\u00e1ll\u00edt\u00e1s, \u00e9s el\u00e9g kapacit\u00e1s hossz\u00fa napokra t\u00e1vol a h\u00e1zt\u00f3l, plusz gyors \u00fajrat\u00f6lt\u00e9s sz\u00fcks\u00e9g eset\u00e9n.<\/p>\n<\/li>\n<\/ol>\n<p>&nbsp;<\/p>\n<\/div>\n<\/div>\n<\/div>\n<\/div>","protected":false},"excerpt":{"rendered":"<p class=\"LC20lb MBeuO DKV0Md\"><strong data-start=\"1370\" data-end=\"1398\">Vopk Cool Bar 9000 sluk<\/strong> egy zsebbar\u00e1t 9 000 szippant\u00e1sos eldobhat\u00f3 k\u00e9sz\u00fcl\u00e9k, 16 ml-es tankkal, h\u00e1l\u00f3s tekercs konzisztenci\u00e1val, \u00e1ll\u00edthat\u00f3 l\u00e9g\u00e1raml\u00e1ssal \u00e9s Type-C t\u00f6lt\u00e9ssel az el\u0151rejelezhet\u0151 eg\u00e9sz napos vapinghez. N\u00e9pszer\u0171 v\u00e1laszt\u00e1s a <strong data-start=\"1503\" data-end=\"1533\">eur\u00f3pai nagykeresked\u0151knek<\/strong>.<\/p>\n<p><strong>Add hozz\u00e1 Amy whatsappj\u00e1t, hogy azonnali v\u00e1laszt \u00e9s kedvezm\u00e9nyes \u00e1rat kapj!<\/strong><\/p>\n<p><img fetchpriority=\"high\" decoding=\"async\" class=\"size-full wp-image-2932\" src=\"https:\/\/vapestornado.com\/wp-content\/uploads\/2024\/12\/Vape-Wholesale.jpg\" alt=\"Vape nagykereskedelem\" width=\"229\" height=\"300\" \/><\/p>\n<h3><a href=\"https:\/\/wa.me\/8617776015835\"><span style=\"color: #ff0000;\"><strong>WhatsApp: +86 17776015835<\/strong><\/span><\/a><\/h3>\n<p>&nbsp;<\/p>","protected":false},"featured_media":3969,"comment_status":"open","ping_status":"closed","template":"","meta":{"_acf_changed":false,"_uag_custom_page_level_css":"","_lmt_disableupdate":"no","_lmt_disable":"","_monsterinsights_skip_tracking":false,"_monsterinsights_sitenote_active":false,"_monsterinsights_sitenote_note":"","_monsterinsights_sitenote_category":0,"site-sidebar-layout":"default","site-content-layout":"","ast-site-content-layout":"default","site-content-style":"default","site-sidebar-style":"default","ast-global-header-display":"","ast-banner-title-visibility":"","ast-main-header-display":"","ast-hfb-above-header-display":"","ast-hfb-below-header-display":"","ast-hfb-mobile-header-display":"","site-post-title":"","ast-breadcrumbs-content":"","ast-featured-img":"","footer-sml-layout":"","ast-disable-related-posts":"","theme-transparent-header-meta":"default","adv-header-id-meta":"","stick-header-meta":"","header-above-stick-meta":"","header-main-stick-meta":"","header-below-stick-meta":"","astra-migrate-meta-layouts":"set","ast-page-background-enabled":"default","ast-page-background-meta":{"desktop":{"background-color":"","background-image":"","background-repeat":"repeat","background-position":"center center","background-size":"auto","background-attachment":"scroll","background-type":"","background-media":"","overlay-type":"","overlay-color":"","overlay-opacity":"","overlay-gradient":""},"tablet":{"background-color":"","background-image":"","background-repeat":"repeat","background-position":"center center","background-size":"auto","background-attachment":"scroll","background-type":"","background-media":"","overlay-type":"","overlay-color":"","overlay-opacity":"","overlay-gradient":""},"mobile":{"background-color":"","background-image":"","background-repeat":"repeat","background-position":"center center","background-size":"auto","background-attachment":"scroll","background-type":"","background-media":"","overlay-type":"","overlay-color":"","overlay-opacity":"","overlay-gradient":""}},"ast-content-background-meta":{"desktop":{"background-color":"var(--ast-global-color-5)","background-image":"","background-repeat":"repeat","background-position":"center center","background-size":"auto","background-attachment":"scroll","background-type":"","background-media":"","overlay-type":"","overlay-color":"","overlay-opacity":"","overlay-gradient":""},"tablet":{"background-color":"var(--ast-global-color-5)","background-image":"","background-repeat":"repeat","background-position":"center center","background-size":"auto","background-attachment":"scroll","background-type":"","background-media":"","overlay-type":"","overlay-color":"","overlay-opacity":"","overlay-gradient":""},"mobile":{"background-color":"var(--ast-global-color-5)","background-image":"","background-repeat":"repeat","background-position":"center center","background-size":"auto","background-attachment":"scroll","background-type":"","background-media":"","overlay-type":"","overlay-color":"","overlay-opacity":"","overlay-gradient":""}},"_joinchat":{"telephone":"17776015835"}},"product_brand":[],"product_cat":[73,152,144,146,290],"product_tag":[165,287,483,94,289,288],"class_list":{"0":"post-3973","1":"product","2":"type-product","3":"status-publish","4":"has-post-thumbnail","6":"product_cat-9000-puff","7":"product_cat-buy-disposable-vapes-in-cermany","8":"product_cat-low-nicotine-disposable-vapes","9":"product_cat-rechargeable-disposable-vapes","10":"product_cat-vopk-vape","11":"product_tag-cheap-vapes","12":"product_tag-disposable-vape-pen","13":"product_tag-mini-disposable-vape","14":"product_tag-rechargeable-disposable-vape","15":"product_tag-vopk-9000-disposable-bar","16":"product_tag-vopk-cool-bar-9000","17":"desktop-align-left","18":"tablet-align-left","19":"mobile-align-left","21":"first","22":"instock","23":"sale","24":"shipping-taxable","25":"purchasable","26":"product-type-simple"},"acf":[],"uagb_featured_image_src":{"full":["https:\/\/vapestornado.com\/wp-content\/uploads\/2025\/03\/VOPK-Cool-Bar-9000-Puffs-Disposable-Vape-Wholesale.webp",800,800,false],"thumbnail":["https:\/\/vapestornado.com\/wp-content\/uploads\/2025\/03\/VOPK-Cool-Bar-9000-Puffs-Disposable-Vape-Wholesale-150x150.webp",150,150,true],"medium":["https:\/\/vapestornado.com\/wp-content\/uploads\/2025\/03\/VOPK-Cool-Bar-9000-Puffs-Disposable-Vape-Wholesale-300x300.webp",300,300,true],"medium_large":["https:\/\/vapestornado.com\/wp-content\/uploads\/2025\/03\/VOPK-Cool-Bar-9000-Puffs-Disposable-Vape-Wholesale-768x768.webp",768,768,true],"large":["https:\/\/vapestornado.com\/wp-content\/uploads\/2025\/03\/VOPK-Cool-Bar-9000-Puffs-Disposable-Vape-Wholesale.webp",800,800,false],"1536x1536":["https:\/\/vapestornado.com\/wp-content\/uploads\/2025\/03\/VOPK-Cool-Bar-9000-Puffs-Disposable-Vape-Wholesale.webp",800,800,false],"2048x2048":["https:\/\/vapestornado.com\/wp-content\/uploads\/2025\/03\/VOPK-Cool-Bar-9000-Puffs-Disposable-Vape-Wholesale.webp",800,800,false],"trp-custom-language-flag":["https:\/\/vapestornado.com\/wp-content\/uploads\/2025\/03\/VOPK-Cool-Bar-9000-Puffs-Disposable-Vape-Wholesale.webp",12,12,false],"woocommerce_thumbnail":["https:\/\/vapestornado.com\/wp-content\/uploads\/2025\/03\/VOPK-Cool-Bar-9000-Puffs-Disposable-Vape-Wholesale-300x300.webp",300,300,true],"woocommerce_single":["https:\/\/vapestornado.com\/wp-content\/uploads\/2025\/03\/VOPK-Cool-Bar-9000-Puffs-Disposable-Vape-Wholesale-600x600.webp",600,600,true],"woocommerce_gallery_thumbnail":["https:\/\/vapestornado.com\/wp-content\/uploads\/2025\/03\/VOPK-Cool-Bar-9000-Puffs-Disposable-Vape-Wholesale-100x100.webp",100,100,true]},"uagb_author_info":{"display_name":"ESAMY","author_link":"https:\/\/vapestornado.com\/hu\/author\/"},"uagb_comment_info":0,"uagb_excerpt":"Vopk Cool Bar 9000 Puffs is a pocket-friendly 9,000-puff disposable with a 16ml tank, mesh-coil consistency, adjustable airflow, and Type-C rechargeable for predictable all-day vaping. Is popular choice for wholesale buyers in Europe. Add Amy's whatsapp to get right reply and discount price! WhatsApp: +86 17776015835 &nbsp;","_links":{"self":[{"href":"https:\/\/vapestornado.com\/hu\/wp-json\/wp\/v2\/product\/3973","targetHints":{"allow":["GET"]}}],"collection":[{"href":"https:\/\/vapestornado.com\/hu\/wp-json\/wp\/v2\/product"}],"about":[{"href":"https:\/\/vapestornado.com\/hu\/wp-json\/wp\/v2\/types\/product"}],"replies":[{"embeddable":true,"href":"https:\/\/vapestornado.com\/hu\/wp-json\/wp\/v2\/comments?post=3973"}],"wp:featuredmedia":[{"embeddable":true,"href":"https:\/\/vapestornado.com\/hu\/wp-json\/wp\/v2\/media\/3969"}],"wp:attachment":[{"href":"https:\/\/vapestornado.com\/hu\/wp-json\/wp\/v2\/media?parent=3973"}],"wp:term":[{"taxonomy":"product_brand","embeddable":true,"href":"https:\/\/vapestornado.com\/hu\/wp-json\/wp\/v2\/product_brand?post=3973"},{"taxonomy":"product_cat","embeddable":true,"href":"https:\/\/vapestornado.com\/hu\/wp-json\/wp\/v2\/product_cat?post=3973"},{"taxonomy":"product_tag","embeddable":true,"href":"https:\/\/vapestornado.com\/hu\/wp-json\/wp\/v2\/product_tag?post=3973"}],"curies":[{"name":"wp","href":"https:\/\/api.w.org\/{rel}","templated":true}]}}