{"id":3931,"date":"2025-03-21T07:19:47","date_gmt":"2025-03-21T07:19:47","guid":{"rendered":"https:\/\/vapestornado.com\/?post_type=product&#038;p=3931"},"modified":"2025-08-23T10:52:54","modified_gmt":"2025-08-23T10:52:54","slug":"best-mesii-shisha-heavy-hitter-50000-puff-longest-lasting-disposable-vape","status":"publish","type":"product","link":"https:\/\/vapestornado.com\/hu\/product\/best-mesii-shisha-heavy-hitter-50000-puff-longest-lasting-disposable-vape\/","title":{"rendered":"Legjobb Mesii Shisha Heavy Hitter 50000 Puffs Legtart\u00f3sabb Eldobhat\u00f3 Vape"},"content":{"rendered":"<h1 data-pm-slice=\"1 1 []\">Legjobb Mesii Shisha Heavy Hitter 50000 Puffs Legtart\u00f3sabb Eldobhat\u00f3 Vape<\/h1>\n<p data-start=\"221\" data-end=\"580\">A <strong data-start=\"225\" data-end=\"282\">Mesii Shisha Heavy Hitter 50000 Puffs eldobhat\u00f3 vape<\/strong> azoknak a felhaszn\u00e1l\u00f3knak k\u00e9sz\u00fclt, akik maxim\u00e1lis kitart\u00e1st \u00e9s mer\u00e9sz \u00edzeket szeretn\u00e9nek egyetlen er\u0151teljes eszk\u00f6zben. Egy <strong data-start=\"386\" data-end=\"422\">extra nagy, 50 000 slukk kapacit\u00e1ssal<\/strong>ez az eszk\u00f6z a leghosszabb \u00e9lettartam\u00fa eldobhat\u00f3 eszk\u00f6z\u00f6k k\u00f6z\u00e9 tartozik a piacon, \u00edgy rendk\u00edv\u00fcl vonz\u00f3 a megb\u00edzhat\u00f3 t\u00f6meges k\u00e9szletet keres\u0151 nagykeresked\u0151k \u00e9s kiskeresked\u0151k sz\u00e1m\u00e1ra.<\/p>\n<p data-start=\"582\" data-end=\"908\">A <strong data-start=\"592\" data-end=\"613\">kett\u0151s vaping m\u00f3d<\/strong>a felhaszn\u00e1l\u00f3k v\u00e1lthatnak k\u00e9t teljes\u00edtm\u00e9nybe\u00e1ll\u00edt\u00e1s k\u00f6z\u00f6tt a testreszabott \u00e9lm\u00e9ny \u00e9rdek\u00e9ben \u2013 sima a mindennapi haszn\u00e1latra vagy intenz\u00edv a felh\u0151hajsz\u00e1rok sz\u00e1m\u00e1ra. A <strong data-start=\"745\" data-end=\"774\">\u00e1ll\u00edthat\u00f3 l\u00e9g\u00e1raml\u00e1si rendszer<\/strong> tov\u00e1bb szabja az egyes sz\u00edv\u00e1sokat, m\u00edg a t\u00f6bbf\u00e9le <strong data-start=\"817\" data-end=\"856\">nikotiner\u0151ss\u00e9g (0%, 2%, 3%, 5%)<\/strong> sz\u00e9les k\u00f6r\u0171 preferenci\u00e1khoz teszi alkalmass\u00e1.<\/p>\n<p data-start=\"910\" data-end=\"1257\">Felszerelve egy <strong data-start=\"926\" data-end=\"957\">650mAh-s \u00fajrat\u00f6lthet\u0151 akkumul\u00e1tor<\/strong> \u00e9s a <strong data-start=\"962\" data-end=\"986\">Type-C gyorst\u00f6lt\u00e9ssel<\/strong>a Mesii Heavy Hitter minim\u00e1lisra cs\u00f6kkenti az \u00e1ll\u00e1sid\u0151t. A <strong data-start=\"1039\" data-end=\"1063\">digit\u00e1lis intelligens k\u00e9perny\u0151<\/strong> val\u00f3s id\u0151ben mutatja az akkumul\u00e1tor \u00e9s az e-liquid szintj\u00e9t, biztos\u00edtva a k\u00f6vetkezetes teljes\u00edtm\u00e9nyt. Bel\u00fcl a <strong data-start=\"1157\" data-end=\"1186\">dupla h\u00e1l\u00f3s tekercs technol\u00f3gi\u00e1ja<\/strong> fokozza a g\u0151z s\u0171r\u0171s\u00e9g\u00e9t \u00e9s \u00edz\u00e9t, pr\u00e9mium \u00e9lm\u00e9nyt ny\u00fajtva minden slukknak.<\/p>\n<p data-start=\"1259\" data-end=\"1420\">Nagykeresked\u0151k sz\u00e1m\u00e1ra a <strong data-start=\"1280\" data-end=\"1305\">Mesii Shisha 50K Vape<\/strong> kombin\u00e1lja a <strong data-start=\"1315\" data-end=\"1368\">kapacit\u00e1s, sokoldal\u00fas\u00e1g \u00e9s er\u0151s fogyaszt\u00f3i vonzer\u0151<\/strong>\u2013 j\u00f6vedelmez\u0151 v\u00e1laszt\u00e1s az eur\u00f3pai vape piac sz\u00e1m\u00e1ra<\/p>\n<p data-start=\"666\" data-end=\"1235\"><strong style=\"font-size: 16px;\"><span style=\"color: #ff0000;\">Add hozz\u00e1 Amy WhatsApp-j\u00e1t, hogy azonnali v\u00e1laszt \u00e9s kedvezm\u00e9nyes \u00e1rat kapj!<\/span><\/strong><\/p>\n<p><img fetchpriority=\"high\" decoding=\"async\" class=\"size-full wp-image-2932\" src=\"https:\/\/vapestornado.com\/wp-content\/uploads\/2024\/12\/Vape-Wholesale.jpg\" alt=\"Vape nagykereskedelem\" width=\"229\" height=\"300\" \/><\/p>\n<h3><a href=\"https:\/\/wa.me\/8617776015835\" target=\"_blank\" rel=\"noopener\"><span style=\"color: #ff0000;\"><strong>WhatsApp: +86 17776015835<\/strong><\/span><\/a><\/h3>\n<p>&nbsp;<\/p>\n<h2><strong>A legjobb Mesii Shisha Heavy Hitter 50000 Vape f\u0151 term\u00e9kjellemz\u0151i<\/strong><\/h2>\n<p>M\u00e1rka: Mesii<br \/>\nModell: Mesii Shisha Heavy Hitter 50000<br \/>\nNikotin: 0% 2% 5%<br \/>\nAkkumul\u00e1tor kapacit\u00e1sa: 800mAh<br \/>\nPuff: 50000<br \/>\nOlaj: 45ml<br \/>\nDigit\u00e1lis kijelz\u0151<br \/>\nDTL<br \/>\nDupla h\u00e1l\u00f3s tekercs<\/p>\n<h2 class=\"product-title\"><strong>N\u00e9pszer\u0171 Mesii Shisha Hookah 50000 Vape \u00edzek list\u00e1ja<\/strong><\/h2>\n<article class=\"w-full text-token-text-primary focus-visible:outline-2 focus-visible:outline-offset-[-4px]\" dir=\"auto\" data-testid=\"conversation-turn-32\" data-scroll-anchor=\"false\">\n<div class=\"m-auto text-base py-[18px] px-6\">\n<div class=\"mx-auto flex flex-1 text-base gap-4 md:gap-5 lg:gap-6 md:max-w-3xl lg:max-w-[40rem] xl:max-w-[48rem]\">\n<div class=\"group\/conversation-turn relative flex w-full min-w-0 flex-col @xs\/thread:px-0 @sm\/thread:px-1.5 @md\/thread:px-4\">\n<div class=\"flex-col gap-1 md:gap-3\">\n<div class=\"flex max-w-full flex-col flex-grow\">\n<div class=\"min-h-8 text-message flex w-full flex-col items-end gap-2 whitespace-normal break-words text-start [.text-message+&amp;]:mt-5\" dir=\"auto\" data-message-author-role=\"user\" data-message-id=\"ffac41ca-1db4-431b-873a-32c4052956f1\">\n<div class=\"flex w-full flex-col gap-1 empty:hidden items-end rtl:items-start\">\n<div class=\"relative max-w-[var(--user-chat-width,70%)] rounded-3xl bg-token-message-surface px-5 py-2.5\">\n<div class=\"absolute bottom-0 right-full top-0 -mr-3.5 hidden pr-5 pt-2 [.group\/conversation-turn:hover_&amp;]:flex\">\n<div class=\"flex\">\n<article class=\"w-full text-token-text-primary focus-visible:outline-2 focus-visible:outline-offset-[-4px]\" dir=\"auto\" data-testid=\"conversation-turn-39\" data-scroll-anchor=\"true\">\n<div class=\"m-auto text-base py-[18px] px-6\">\n<div class=\"mx-auto flex flex-1 text-base gap-4 md:gap-5 lg:gap-6 md:max-w-3xl lg:max-w-[40rem] xl:max-w-[48rem]\">\n<div class=\"group\/conversation-turn relative flex w-full min-w-0 flex-col agent-turn @xs\/thread:px-0 @sm\/thread:px-1.5 @md\/thread:px-4\">\n<div class=\"flex-col gap-1 md:gap-3\">\n<div class=\"flex max-w-full flex-col flex-grow\">\n<div class=\"min-h-8 text-message flex w-full flex-col items-end gap-2 whitespace-normal break-words text-start [.text-message+&amp;]:mt-5\" dir=\"auto\" data-message-author-role=\"assistant\" data-message-id=\"55a23854-ec57-48dd-bd4f-6118f43d6241\" data-message-model-slug=\"gpt-4o\">\n<div class=\"flex w-full flex-col gap-1 empty:hidden first:pt-[3px]\">\n<div class=\"markdown prose w-full break-words dark:prose-invert light\">\n<p>1. Epres Margarita J\u00e9g (Shisha)<br \/>\n2. Love 777 J\u00e9g (Shisha)<br \/>\n3. Sz\u0151l\u0151 Mentol J\u00e9g (Shisha)<br \/>\n4. K\u00e9t Alma J\u00e9g (Shisha)<br \/>\n5. Lady Killa Ice (Shisha)<br \/>\n6. Barack Ice Ice<br \/>\n7. Blue Razz Ice<br \/>\n8. G\u00f6r\u00f6gdinnye Ice<br \/>\n9. Bogy\u00f3sgy\u00fcm\u00f6lcs Ice<br \/>\n10. Szeder Ice<br \/>\n11. Eper Cseresznye Ice<br \/>\n12. \u00c1fonya G\u00f6r\u00f6gdinnye Ice<br \/>\n13. Citrom Lime Ice<br \/>\n14. Savany\u00fa Mang\u00f3 Anan\u00e1sz Ice<br \/>\n15. Sz\u0151l\u0151 J\u00e9g<\/p>\n<figure id=\"attachment_3914\" aria-describedby=\"caption-attachment-3914\" style=\"width: 800px\" class=\"wp-caption alignnone\"><img decoding=\"async\" class=\"wp-image-3914 size-full\" src=\"https:\/\/vapestornado.com\/wp-content\/uploads\/2025\/03\/Mesii-Shisha-Hoohakh-50k-50000-Vape-Price.webp\" alt=\"Mesii Shisha Hoohakh 50k 50000 Vape \u00c1r\" width=\"800\" height=\"800\" srcset=\"https:\/\/vapestornado.com\/wp-content\/uploads\/2025\/03\/Mesii-Shisha-Hoohakh-50k-50000-Vape-Price.webp 800w, https:\/\/vapestornado.com\/wp-content\/uploads\/2025\/03\/Mesii-Shisha-Hoohakh-50k-50000-Vape-Price-300x300.webp 300w, https:\/\/vapestornado.com\/wp-content\/uploads\/2025\/03\/Mesii-Shisha-Hoohakh-50k-50000-Vape-Price-150x150.webp 150w, https:\/\/vapestornado.com\/wp-content\/uploads\/2025\/03\/Mesii-Shisha-Hoohakh-50k-50000-Vape-Price-768x768.webp 768w, https:\/\/vapestornado.com\/wp-content\/uploads\/2025\/03\/Mesii-Shisha-Hoohakh-50k-50000-Vape-Price-600x600.webp 600w, https:\/\/vapestornado.com\/wp-content\/uploads\/2025\/03\/Mesii-Shisha-Hoohakh-50k-50000-Vape-Price-100x100.webp 100w\" sizes=\"(max-width: 800px) 100vw, 800px\" \/><figcaption id=\"caption-attachment-3914\" class=\"wp-caption-text\">Mesii Shisha Hoohakh 50k 50000 Vape \u00c1r<\/figcaption><\/figure>\n<\/div>\n<\/div>\n<\/div>\n<\/div>\n<\/div>\n<\/div>\n<\/div>\n<\/div>\n<\/article>\n<\/div>\n<\/div>\n<\/div>\n<\/div>\n<\/div>\n<\/div>\n<\/div>\n<\/div>\n<\/div>\n<\/div>\n<\/article>\n<h2>Mi\u00e9rt v\u00e1lassza a Vapestornad\u00f3t a legjobb Mesii Shisha Heavy Hitter 50K Vape t\u00f6meges v\u00e1s\u00e1rl\u00e1s\u00e1hoz?<\/h2>\n<div class=\"flex-shrink-0 flex flex-col relative items-end\">\n<div class=\"pt-0\">\n<div class=\"gizmo-bot-avatar flex h-8 w-8 items-center justify-center overflow-hidden rounded-full\">\n<div class=\"relative p-1 rounded-sm flex items-center justify-center bg-token-main-surface-primary text-token-text-primary h-8 w-8\">\n<p data-start=\"88\" data-end=\"557\">Amikor a <strong data-start=\"105\" data-end=\"154\">\u00a0kiv\u00e1l\u00f3 min\u0151s\u00e9g\u0171 eldobhat\u00f3 vape-ek v\u00e1s\u00e1rl\u00e1s\u00e1r\u00f3l van sz\u00f3,<\/strong>, <strong data-start=\"156\" data-end=\"172\">Vapestornado<\/strong> a verhetetlen forr\u00e1sa <strong data-start=\"208\" data-end=\"271\">gy\u00e1ri \u00e1rak, gyors sz\u00e1ll\u00edt\u00e1s \u00e9s pr\u00e9mium \u00fcgyf\u00e9lszolg\u00e1lat<\/strong>. A legjobb Mesii Shisha Heavy Hitter 50000 v\u00e1s\u00e1rl\u00e1sa a Vapestornad\u00f3t\u00f3l azt jelenti, hogy \u00d6n <strong data-start=\"363\" data-end=\"400\">eredeti, 100%-ban eredeti term\u00e9keket kapsz<\/strong> a leg\u00fajabb <strong data-start=\"417\" data-end=\"515\">digit\u00e1lis kijelz\u0151 technol\u00f3gi\u00e1val, \u00fajrat\u00f6lthet\u0151 Type-C k\u00e9nyelemmel \u00e9s hatalmas, 25000 slukkos kapacit\u00e1ssal<\/strong>\u2014mindez a <strong data-start=\"527\" data-end=\"554\">legalacsonyabb nagykereskedelmi \u00e1rakon<\/strong>.<\/p>\n<p data-start=\"559\" data-end=\"933\" data-is-last-node=\"\" data-is-only-node=\"\">Van n\u00e9h\u00e1ny m\u00e1s n\u00e9pszer\u0171, kijelz\u0151vel ell\u00e1tott vape term\u00e9k\u00fcnk is, mint p\u00e9ld\u00e1ul a <a href=\"https:\/\/vapestornado.com\/hu\/product\/bang-leader-50000-puffs-50k-2-in-1-double-flavor-digital-disposable-vape-bulk-price\/\">BANG Vezet\u0151 50000<\/a>, <a href=\"https:\/\/vapestornado.com\/hu\/product\/vopk-ultra-40000-puffs-2-in-1-digital-screen-rechargeable-disposable-vape\/\">VOPK 40000 Puffs Eldobhat\u00f3 Vape<\/a>, <a href=\"https:\/\/vapestornado.com\/hu\/product\/vozol-gear-shisha-25k-25000-puffs-best-dtl-disposable-vape-hookah-cheap-price\/\">Vozol Gear Shisha 25000<\/a>, \u00e9s m\u00e9g sok m\u00e1s.<\/p>\n<\/div>\n<div class=\"relative p-1 rounded-sm flex items-center justify-center bg-token-main-surface-primary text-token-text-primary h-8 w-8\">\n<h2>GYIK<\/h2>\n<ol data-start=\"1216\" data-end=\"2192\">\n<li data-start=\"1216\" data-end=\"1431\">\n<p data-start=\"1219\" data-end=\"1431\"><strong data-start=\"1219\" data-end=\"1261\">Hogyan kell megfelel\u0151en haszn\u00e1lni egy eldobhat\u00f3 vape-et?<\/strong><br data-start=\"1261\" data-end=\"1264\" \/>Egyszer\u0171en sz\u00edvja be a sz\u00e1jon \u00e1t a k\u00e9sz\u00fcl\u00e9k aktiv\u00e1l\u00e1s\u00e1hoz. A <strong data-start=\"1332\" data-end=\"1367\">Mesii Shisha Heavy Hitter 50000<\/strong> h\u00faz\u00e1ssal aktiv\u00e1l\u00f3dik, ami azt jelenti, hogy nincs sz\u00fcks\u00e9g gombokra vagy be\u00e1ll\u00edt\u00e1sokra.<\/p>\n<\/li>\n<li data-start=\"1433\" data-end=\"1663\">\n<p data-start=\"1436\" data-end=\"1663\"><strong data-start=\"1436\" data-end=\"1488\">Van m\u00f3d egy lemer\u00fclt eldobhat\u00f3 vape felt\u00f6lt\u00e9s\u00e9re?<\/strong><br data-start=\"1488\" data-end=\"1491\" \/>Ha az akkumul\u00e1tor lemer\u00fcl, miel\u0151tt az e-liquid elfogyna, akkor <strong data-start=\"1555\" data-end=\"1593\">\u00fajrat\u00f6ltheti egy Type-C t\u00f6lt\u0151vel<\/strong>. Azonban, ha a vape teljesen \u00fcres, nem lehet \u00fajrat\u00f6lteni.<\/p>\n<\/li>\n<li data-start=\"1665\" data-end=\"1902\">\n<p data-start=\"1668\" data-end=\"1902\"><strong data-start=\"1668\" data-end=\"1707\">Eldobhat\u00f3 vape-ek mehetnek a poggy\u00e1szba?<\/strong><br data-start=\"1707\" data-end=\"1710\" \/>Igen, az eldobhat\u00f3 vape-ek sz\u00e1ll\u00edthat\u00f3k a <strong data-start=\"1758\" data-end=\"1778\">k\u00e9zipoggy\u00e1szban<\/strong>, de a l\u00e9git\u00e1rsas\u00e1gok szab\u00e1lyoz\u00e1sai miatt nem enged\u00e9lyezettek a feladott poggy\u00e1szban. Utaz\u00e1s el\u0151tt mindig ellen\u0151rizze a l\u00e9git\u00e1rsas\u00e1got.<\/p>\n<\/li>\n<li data-start=\"1904\" data-end=\"2192\">\n<p data-start=\"1907\" data-end=\"2192\"><strong data-start=\"1907\" data-end=\"1946\">Honnan tudom, hogy a vape-em k\u00e9sz?<\/strong><br data-start=\"1946\" data-end=\"1949\" \/>A <strong data-start=\"1956\" data-end=\"1980\">okos k\u00e9perny\u0151 kijelz\u0151<\/strong> a <strong data-start=\"1988\" data-end=\"2023\">Mesii Shisha Heavy Hitter 50000<\/strong> lehet\u0151v\u00e9 teszi a megfigyel\u00e9st <strong data-start=\"2041\" data-end=\"2072\">akkumul\u00e1tor \u00e9s az e-liquid szintj\u00e9t<\/strong>. Ha az \u00edz gyeng\u00fcl, a g\u0151ztermel\u00e9s cs\u00f6kken, vagy a k\u00e9perny\u0151 \u00fcres podot jelez, akkor itt az ideje egy \u00faj eszk\u00f6znek.<\/p>\n<\/li>\n<\/ol>\n<\/div>\n<\/div>\n<\/div>\n<\/div>","protected":false},"excerpt":{"rendered":"<p data-start=\"1460\" data-end=\"1646\">A <strong data-start=\"1464\" data-end=\"1499\">Mesii Shisha Heavy Hitter 50000<\/strong> kett\u0151s m\u00f3dot, intelligens k\u00e9perny\u0151t \u00e9s 50 ezer slukkot k\u00edn\u00e1l. A leghosszabb \u00e9lettartam\u00fa <strong data-start=\"1566\" data-end=\"1585\">eldobhat\u00f3 vape<\/strong> a k\u00f6vetkez\u0151h\u00f6z k\u00e9sz\u00fclt: <strong data-start=\"1596\" data-end=\"1643\">nagykereskedelmi v\u00e1s\u00e1rl\u00f3k \u00e9s forgalmaz\u00f3k sz\u00e1m\u00e1ra Eur\u00f3p\u00e1ban<\/strong>.<\/p>\n<p><strong>Add hozz\u00e1 Amy whatsappj\u00e1t, hogy azonnali v\u00e1laszt \u00e9s kedvezm\u00e9nyes \u00e1rat kapj!<\/strong><\/p>\n<p><img fetchpriority=\"high\" decoding=\"async\" class=\"size-full wp-image-2932\" src=\"https:\/\/vapestornado.com\/wp-content\/uploads\/2024\/12\/Vape-Wholesale.jpg\" alt=\"Vape nagykereskedelem\" width=\"229\" height=\"300\" \/><\/p>\n<h3><a href=\"https:\/\/wa.me\/8617776015835\"><span style=\"color: #ff0000;\"><strong>WhatsApp: +86 17776015835<\/strong><\/span><\/a><\/h3>\n<p>&nbsp;<\/p>","protected":false},"featured_media":3910,"comment_status":"open","ping_status":"closed","template":"","meta":{"_acf_changed":false,"_uag_custom_page_level_css":"","_lmt_disableupdate":"no","_lmt_disable":"","_monsterinsights_skip_tracking":false,"_monsterinsights_sitenote_active":false,"_monsterinsights_sitenote_note":"","_monsterinsights_sitenote_category":0,"site-sidebar-layout":"default","site-content-layout":"","ast-site-content-layout":"default","site-content-style":"default","site-sidebar-style":"default","ast-global-header-display":"","ast-banner-title-visibility":"","ast-main-header-display":"","ast-hfb-above-header-display":"","ast-hfb-below-header-display":"","ast-hfb-mobile-header-display":"","site-post-title":"","ast-breadcrumbs-content":"","ast-featured-img":"","footer-sml-layout":"","ast-disable-related-posts":"","theme-transparent-header-meta":"default","adv-header-id-meta":"","stick-header-meta":"","header-above-stick-meta":"","header-main-stick-meta":"","header-below-stick-meta":"","astra-migrate-meta-layouts":"set","ast-page-background-enabled":"default","ast-page-background-meta":{"desktop":{"background-color":"","background-image":"","background-repeat":"repeat","background-position":"center center","background-size":"auto","background-attachment":"scroll","background-type":"","background-media":"","overlay-type":"","overlay-color":"","overlay-opacity":"","overlay-gradient":""},"tablet":{"background-color":"","background-image":"","background-repeat":"repeat","background-position":"center center","background-size":"auto","background-attachment":"scroll","background-type":"","background-media":"","overlay-type":"","overlay-color":"","overlay-opacity":"","overlay-gradient":""},"mobile":{"background-color":"","background-image":"","background-repeat":"repeat","background-position":"center center","background-size":"auto","background-attachment":"scroll","background-type":"","background-media":"","overlay-type":"","overlay-color":"","overlay-opacity":"","overlay-gradient":""}},"ast-content-background-meta":{"desktop":{"background-color":"var(--ast-global-color-5)","background-image":"","background-repeat":"repeat","background-position":"center center","background-size":"auto","background-attachment":"scroll","background-type":"","background-media":"","overlay-type":"","overlay-color":"","overlay-opacity":"","overlay-gradient":""},"tablet":{"background-color":"var(--ast-global-color-5)","background-image":"","background-repeat":"repeat","background-position":"center center","background-size":"auto","background-attachment":"scroll","background-type":"","background-media":"","overlay-type":"","overlay-color":"","overlay-opacity":"","overlay-gradient":""},"mobile":{"background-color":"var(--ast-global-color-5)","background-image":"","background-repeat":"repeat","background-position":"center center","background-size":"auto","background-attachment":"scroll","background-type":"","background-media":"","overlay-type":"","overlay-color":"","overlay-opacity":"","overlay-gradient":""}},"_joinchat":{"telephone":"17776015835"}},"product_brand":[],"product_cat":[19,192,152,156,160,141,142,277,146,147],"product_tag":[274,275,94,276,93,269],"class_list":{"0":"post-3931","1":"product","2":"type-product","3":"status-publish","4":"has-post-thumbnail","6":"product_cat-vapes","7":"product_cat-50000-puff","8":"product_cat-buy-disposable-vapes-in-cermany","9":"product_cat-buy-disposable-vapes-in-poland","10":"product_cat-buy-disposable-vapes-in-switzerland","11":"product_cat-crystal-disposable-vapes","12":"product_cat-digital-box-disposable-vapes","13":"product_cat-mesii-vape","14":"product_cat-rechargeable-disposable-vapes","15":"product_cat-shisha-hookah-disposable-vapes","16":"product_tag-longest-lasting-disposable-vape","17":"product_tag-mesii-shisha-heavy-hitter-50000","18":"product_tag-rechargeable-disposable-vape","19":"product_tag-shisha-disposable-vape","20":"product_tag-vape-wholesale","21":"product_tag-vape-with-screen","22":"desktop-align-left","23":"tablet-align-left","24":"mobile-align-left","26":"first","27":"instock","28":"sale","29":"shipping-taxable","30":"purchasable","31":"product-type-simple"},"acf":[],"uagb_featured_image_src":{"full":["https:\/\/vapestornado.com\/wp-content\/uploads\/2025\/03\/Best-Disposable-Vape-Germany-50k-Puff.webp",800,800,false],"thumbnail":["https:\/\/vapestornado.com\/wp-content\/uploads\/2025\/03\/Best-Disposable-Vape-Germany-50k-Puff-150x150.webp",150,150,true],"medium":["https:\/\/vapestornado.com\/wp-content\/uploads\/2025\/03\/Best-Disposable-Vape-Germany-50k-Puff-300x300.webp",300,300,true],"medium_large":["https:\/\/vapestornado.com\/wp-content\/uploads\/2025\/03\/Best-Disposable-Vape-Germany-50k-Puff-768x768.webp",768,768,true],"large":["https:\/\/vapestornado.com\/wp-content\/uploads\/2025\/03\/Best-Disposable-Vape-Germany-50k-Puff.webp",800,800,false],"1536x1536":["https:\/\/vapestornado.com\/wp-content\/uploads\/2025\/03\/Best-Disposable-Vape-Germany-50k-Puff.webp",800,800,false],"2048x2048":["https:\/\/vapestornado.com\/wp-content\/uploads\/2025\/03\/Best-Disposable-Vape-Germany-50k-Puff.webp",800,800,false],"trp-custom-language-flag":["https:\/\/vapestornado.com\/wp-content\/uploads\/2025\/03\/Best-Disposable-Vape-Germany-50k-Puff.webp",12,12,false],"woocommerce_thumbnail":["https:\/\/vapestornado.com\/wp-content\/uploads\/2025\/03\/Best-Disposable-Vape-Germany-50k-Puff-300x300.webp",300,300,true],"woocommerce_single":["https:\/\/vapestornado.com\/wp-content\/uploads\/2025\/03\/Best-Disposable-Vape-Germany-50k-Puff-600x600.webp",600,600,true],"woocommerce_gallery_thumbnail":["https:\/\/vapestornado.com\/wp-content\/uploads\/2025\/03\/Best-Disposable-Vape-Germany-50k-Puff-100x100.webp",100,100,true]},"uagb_author_info":{"display_name":"ESAMY","author_link":"https:\/\/vapestornado.com\/hu\/author\/"},"uagb_comment_info":0,"uagb_excerpt":"The Mesii Shisha Heavy Hitter 50000 offers dual modes, smart screen, and 50K puffs. A longest lasting disposable vape built for wholesale buyers and distributors in Europe. Add Amy's whatsapp to get right reply and discount price! WhatsApp: +86 17776015835 &nbsp;","_links":{"self":[{"href":"https:\/\/vapestornado.com\/hu\/wp-json\/wp\/v2\/product\/3931","targetHints":{"allow":["GET"]}}],"collection":[{"href":"https:\/\/vapestornado.com\/hu\/wp-json\/wp\/v2\/product"}],"about":[{"href":"https:\/\/vapestornado.com\/hu\/wp-json\/wp\/v2\/types\/product"}],"replies":[{"embeddable":true,"href":"https:\/\/vapestornado.com\/hu\/wp-json\/wp\/v2\/comments?post=3931"}],"wp:featuredmedia":[{"embeddable":true,"href":"https:\/\/vapestornado.com\/hu\/wp-json\/wp\/v2\/media\/3910"}],"wp:attachment":[{"href":"https:\/\/vapestornado.com\/hu\/wp-json\/wp\/v2\/media?parent=3931"}],"wp:term":[{"taxonomy":"product_brand","embeddable":true,"href":"https:\/\/vapestornado.com\/hu\/wp-json\/wp\/v2\/product_brand?post=3931"},{"taxonomy":"product_cat","embeddable":true,"href":"https:\/\/vapestornado.com\/hu\/wp-json\/wp\/v2\/product_cat?post=3931"},{"taxonomy":"product_tag","embeddable":true,"href":"https:\/\/vapestornado.com\/hu\/wp-json\/wp\/v2\/product_tag?post=3931"}],"curies":[{"name":"wp","href":"https:\/\/api.w.org\/{rel}","templated":true}]}}