{"id":3929,"date":"2025-03-20T06:24:12","date_gmt":"2025-03-20T06:24:12","guid":{"rendered":"https:\/\/vapestornado.com\/?post_type=product&#038;p=3929"},"modified":"2025-08-22T11:38:28","modified_gmt":"2025-08-22T11:38:28","slug":"bang-leader-32000-puffs-vape-wholesale-poland-2-in-1-dual-flavor","status":"publish","type":"product","link":"https:\/\/vapestornado.com\/hu\/product\/bang-leader-32000-puffs-vape-wholesale-poland-2-in-1-dual-flavor\/","title":{"rendered":"Bang Leader 32000 Puffs Vape Nagyker Lengyelorsz\u00e1g 2 az 1-ben Dupla \u00cdz"},"content":{"rendered":"<h1 data-pm-slice=\"1 1 []\">Bang Leader 32000 Puffs Vape Nagyker Lengyelorsz\u00e1g 2 az 1-ben Dupla \u00cdz<\/h1>\n<p data-start=\"311\" data-end=\"640\">A <strong data-start=\"315\" data-end=\"347\">Bang Vezet\u0151 32000 Puff Vape<\/strong> olyan vapereknek k\u00e9sz\u00fclt, akik kapacit\u00e1st, v\u00e1ltozatoss\u00e1got \u00e9s egyenletes teljes\u00edtm\u00e9nyt szeretn\u00e9nek. A <strong data-start=\"432\" data-end=\"458\">k\u00e9t 26 ml-es e-liquid podot<\/strong> \u00e9s az innovat\u00edv <strong data-start=\"477\" data-end=\"506\">2 az 1-ben kett\u0151s \u00edzrendszer\u00e9vel<\/strong>seg\u00edts\u00e9g\u00e9vel a felhaszn\u00e1l\u00f3k azonnal v\u00e1lthatnak az \u00edzek k\u00f6z\u00f6tt, mint p\u00e9ld\u00e1ul <strong data-start=\"556\" data-end=\"591\">G\u00f6r\u00f6gdinnye J\u00e9g<\/strong> or <strong data-start=\"595\" data-end=\"637\">Eper Kiwi<\/strong>.<\/p>\n<p data-start=\"642\" data-end=\"982\">Ak\u00e1r <strong data-start=\"659\" data-end=\"675\">32 000 slukkot<\/strong>is biztos\u00edt, ez az eszk\u00f6z minimaliz\u00e1lja a cser\u00e9ket \u00e9s hosszan tart\u00f3 \u00e9rt\u00e9ket biztos\u00edt. Az \u00e1ll\u00edthat\u00f3 nikotinszintek (<strong data-start=\"773\" data-end=\"791\">0%, 2%, 3%, 5%<\/strong>) alkalmass\u00e1 teszik mind a k\u00f6nny\u0171, mind a neh\u00e9z felhaszn\u00e1l\u00f3k sz\u00e1m\u00e1ra. A <strong data-start=\"855\" data-end=\"886\">650mAh-s \u00fajrat\u00f6lthet\u0151 akkumul\u00e1tor<\/strong> gyors <strong data-start=\"897\" data-end=\"916\">\u00e9s a Type-C t\u00f6lt\u00e9s<\/strong>\u00e1ltal m\u0171k\u00f6dtetett Bang Leader 32K eg\u00e9sz napos haszn\u00e1latot biztos\u00edt minim\u00e1lis \u00e1ll\u00e1sid\u0151vel.<\/p>\n<p data-start=\"984\" data-end=\"1266\">A <strong data-start=\"988\" data-end=\"1008\">dupla h\u00e1l\u00f3s tekercs<\/strong> fokozza a g\u0151z s\u0171r\u0171s\u00e9g\u00e9t \u00e9s az \u00edzmin\u0151s\u00e9get, m\u00edg az <strong data-start=\"1060\" data-end=\"1092\">52 ml-es teljes e-liquid kapacit\u00e1s<\/strong> hosszabb haszn\u00e1latot garant\u00e1l. Kompakt \u00e9s er\u0151teljes, a <strong data-start=\"1149\" data-end=\"1181\">Bang Vezet\u0151 32000 Puff Vape<\/strong> j\u00f6vedelmez\u0151 v\u00e1laszt\u00e1s a magyarorsz\u00e1gi \u00e9s eur\u00f3pai nagykeresked\u0151k \u00e9s vape boltok sz\u00e1m\u00e1ra.<\/p>\n<p data-start=\"666\" data-end=\"1235\"><strong style=\"font-size: 16px;\"><span style=\"color: #ff0000;\">Add hozz\u00e1 Amy WhatsApp-j\u00e1t, hogy azonnali v\u00e1laszt \u00e9s kedvezm\u00e9nyes \u00e1rat kapj!<\/span><\/strong><\/p>\n<p><img fetchpriority=\"high\" decoding=\"async\" class=\"size-full wp-image-2932\" src=\"https:\/\/vapestornado.com\/wp-content\/uploads\/2024\/12\/Vape-Wholesale.jpg\" alt=\"Vape nagykereskedelem\" width=\"229\" height=\"300\" \/><\/p>\n<h3><a href=\"https:\/\/wa.me\/8617776015835\" target=\"_blank\" rel=\"noopener\"><span style=\"color: #ff0000;\"><strong>WhatsApp: +86 17776015835<\/strong><\/span><\/a><\/h3>\n<p>&nbsp;<\/p>\n<h2><strong>Bang Leader 32000 Box Vape F\u0151bb term\u00e9kjellemz\u0151k<\/strong><\/h2>\n<p>M\u00e1rka: BANG LEADER<br \/>\nModell: BANGLEADER 32000<br \/>\nNikotin: 0% 2% 5%<br \/>\nAkkumul\u00e1tor kapacit\u00e1sa: 650 mAh<br \/>\nPuff: 32000<br \/>\n\u00cdzek: T\u00f6bb mint 16 cs\u00e1b\u00edt\u00f3 v\u00e1laszt\u00e9k, bele\u00e9rtve a gy\u00fcm\u00f6lcs\u00f6s \u00e9s ment\u00e1s \u00edzeket<\/p>\n<figure id=\"attachment_3915\" aria-describedby=\"caption-attachment-3915\" style=\"width: 800px\" class=\"wp-caption alignnone\"><img decoding=\"async\" class=\"wp-image-3915 size-full\" src=\"https:\/\/vapestornado.com\/wp-content\/uploads\/2025\/03\/Bang-32000-Puff-Twins-Flavor-Disposable-Vape.webp\" alt=\"Bang 32000 Puff Twins Flavor eldobhat\u00f3 vape\" width=\"800\" height=\"800\" srcset=\"https:\/\/vapestornado.com\/wp-content\/uploads\/2025\/03\/Bang-32000-Puff-Twins-Flavor-Disposable-Vape.webp 800w, https:\/\/vapestornado.com\/wp-content\/uploads\/2025\/03\/Bang-32000-Puff-Twins-Flavor-Disposable-Vape-300x300.webp 300w, https:\/\/vapestornado.com\/wp-content\/uploads\/2025\/03\/Bang-32000-Puff-Twins-Flavor-Disposable-Vape-150x150.webp 150w, https:\/\/vapestornado.com\/wp-content\/uploads\/2025\/03\/Bang-32000-Puff-Twins-Flavor-Disposable-Vape-768x768.webp 768w, https:\/\/vapestornado.com\/wp-content\/uploads\/2025\/03\/Bang-32000-Puff-Twins-Flavor-Disposable-Vape-600x600.webp 600w, https:\/\/vapestornado.com\/wp-content\/uploads\/2025\/03\/Bang-32000-Puff-Twins-Flavor-Disposable-Vape-100x100.webp 100w\" sizes=\"(max-width: 800px) 100vw, 800px\" \/><figcaption id=\"caption-attachment-3915\" class=\"wp-caption-text\">Bang 32000 Puff Twins Flavor eldobhat\u00f3 vape<\/figcaption><\/figure>\n<h2 class=\"product-title\"><strong>Bang Leader 32000 Dual Pod Vape \u00cdzlista<\/strong><\/h2>\n<article class=\"w-full text-token-text-primary focus-visible:outline-2 focus-visible:outline-offset-[-4px]\" dir=\"auto\" data-testid=\"conversation-turn-32\" data-scroll-anchor=\"false\">\n<div class=\"m-auto text-base py-[18px] px-6\">\n<div class=\"mx-auto flex flex-1 text-base gap-4 md:gap-5 lg:gap-6 md:max-w-3xl lg:max-w-[40rem] xl:max-w-[48rem]\">\n<div class=\"group\/conversation-turn relative flex w-full min-w-0 flex-col @xs\/thread:px-0 @sm\/thread:px-1.5 @md\/thread:px-4\">\n<div class=\"flex-col gap-1 md:gap-3\">\n<div class=\"flex max-w-full flex-col flex-grow\">\n<div class=\"min-h-8 text-message flex w-full flex-col items-end gap-2 whitespace-normal break-words text-start [.text-message+&amp;]:mt-5\" dir=\"auto\" data-message-author-role=\"user\" data-message-id=\"ffac41ca-1db4-431b-873a-32c4052956f1\">\n<div class=\"flex w-full flex-col gap-1 empty:hidden items-end rtl:items-start\">\n<div class=\"relative max-w-[var(--user-chat-width,70%)] rounded-3xl bg-token-message-surface px-5 py-2.5\">\n<div class=\"absolute bottom-0 right-full top-0 -mr-3.5 hidden pr-5 pt-2 [.group\/conversation-turn:hover_&amp;]:flex\">\n<div class=\"flex\">\n<article class=\"w-full text-token-text-primary focus-visible:outline-2 focus-visible:outline-offset-[-4px]\" dir=\"auto\" data-testid=\"conversation-turn-39\" data-scroll-anchor=\"true\">\n<div class=\"m-auto text-base py-[18px] px-6\">\n<div class=\"mx-auto flex flex-1 text-base gap-4 md:gap-5 lg:gap-6 md:max-w-3xl lg:max-w-[40rem] xl:max-w-[48rem]\">\n<div class=\"group\/conversation-turn relative flex w-full min-w-0 flex-col agent-turn @xs\/thread:px-0 @sm\/thread:px-1.5 @md\/thread:px-4\">\n<div class=\"flex-col gap-1 md:gap-3\">\n<div class=\"flex max-w-full flex-col flex-grow\">\n<div class=\"min-h-8 text-message flex w-full flex-col items-end gap-2 whitespace-normal break-words text-start [.text-message+&amp;]:mt-5\" dir=\"auto\" data-message-author-role=\"assistant\" data-message-id=\"55a23854-ec57-48dd-bd4f-6118f43d6241\" data-message-model-slug=\"gpt-4o\">\n<div class=\"flex w-full flex-col gap-1 empty:hidden first:pt-[3px]\">\n<div class=\"markdown prose w-full break-words dark:prose-invert light\">\n<p>1.G\u00f6r\u00f6gdinnye j\u00e9g+ \u00c1fony\u00e1s menta<br \/>\n2.G\u00f6r\u00f6gdinnye j\u00e9g+ Eper \u00e9s mang\u00f3<br \/>\n3.Eper \u00e9s g\u00f6r\u00f6gdinnye+ Kivi, maracuja, guava<br \/>\n4.Eper \u00e9s g\u00f6r\u00f6gdinnye+Sz\u0151l\u0151 j\u00e9g<br \/>\n5.\u00c1fonya m\u00e1lna+\u0150szibarack, mang\u00f3, g\u00f6r\u00f6gdinnye<br \/>\n6.\u00c1fonya g\u00f6r\u00f6gdinnye+ Eper mang\u00f3<br \/>\n7.\u00c1fonya j\u00e9g+Fekete s\u00e1rk\u00e1ny j\u00e9g<br \/>\n8.\u00c1fonya j\u00e9g +Eper \u00e9s ban\u00e1n<br \/>\n9.Red Bull+\u00c1fonya g\u00f6r\u00f6gdinnye<br \/>\n10.Red Bull+G\u00f6r\u00f6gdinny\u00e9s bubor\u00e9kos cukorka<br \/>\n11.Eper kivi+\u0150szibarack j\u00e9g<br \/>\n12.Eper Kivi+Savany\u00fa Alma M\u00e1lna<\/p>\n<\/div>\n<\/div>\n<\/div>\n<\/div>\n<\/div>\n<\/div>\n<\/div>\n<\/div>\n<\/article>\n<\/div>\n<\/div>\n<\/div>\n<\/div>\n<\/div>\n<\/div>\n<\/div>\n<\/div>\n<\/div>\n<\/div>\n<\/article>\n<h3>Mi\u00e9rt v\u00e1lassza a Vapestornad\u00f3t a Bang Leader 32000 Vape \u00f6mlesztett v\u00e1s\u00e1rl\u00e1s\u00e1hoz?<\/h3>\n<div class=\"flex-shrink-0 flex flex-col relative items-end\">\n<div class=\"pt-0\">\n<div class=\"gizmo-bot-avatar flex h-8 w-8 items-center justify-center overflow-hidden rounded-full\">\n<div class=\"relative p-1 rounded-sm flex items-center justify-center bg-token-main-surface-primary text-token-text-primary h-8 w-8\">\n<p data-start=\"88\" data-end=\"557\">Amikor a <strong data-start=\"105\" data-end=\"154\">\u00a0kiv\u00e1l\u00f3 min\u0151s\u00e9g\u0171 eldobhat\u00f3 vape-ek v\u00e1s\u00e1rl\u00e1s\u00e1r\u00f3l van sz\u00f3,<\/strong>, <strong data-start=\"156\" data-end=\"172\">Vapestornado<\/strong> a verhetetlen forr\u00e1sa <strong data-start=\"208\" data-end=\"271\">gy\u00e1ri \u00e1rak, gyors sz\u00e1ll\u00edt\u00e1s \u00e9s pr\u00e9mium \u00fcgyf\u00e9lszolg\u00e1lat<\/strong>. A Bang Leader 32000 32k v\u00e1s\u00e1rl\u00e1sa a Vapestornad\u00f3t\u00f3l azt jelenti, hogy kap <strong data-start=\"363\" data-end=\"400\">eredeti, 100%-ban eredeti term\u00e9keket kapsz<\/strong> a leg\u00fajabb <strong data-start=\"417\" data-end=\"515\">digit\u00e1lis kijelz\u0151 technol\u00f3gi\u00e1val, \u00fajrat\u00f6lthet\u0151 Type-C k\u00e9nyelemmel \u00e9s hatalmas, 25000 slukkos kapacit\u00e1ssal<\/strong>\u2014mindez a <strong data-start=\"527\" data-end=\"554\">legalacsonyabb nagykereskedelmi \u00e1rakon<\/strong>.<\/p>\n<p data-start=\"559\" data-end=\"933\" data-is-last-node=\"\" data-is-only-node=\"\">Van n\u00e9h\u00e1ny m\u00e1s n\u00e9pszer\u0171, kijelz\u0151vel ell\u00e1tott vape term\u00e9k\u00fcnk is, mint p\u00e9ld\u00e1ul a <a href=\"https:\/\/vapestornado.com\/hu\/product\/bang-leader-50000-puffs-50k-2-in-1-double-flavor-digital-disposable-vape-bulk-price\/\">BANG Vezet\u0151 50000<\/a>, <a href=\"https:\/\/vapestornado.com\/hu\/product\/vopk-ultra-40000-puffs-2-in-1-digital-screen-rechargeable-disposable-vape\/\">VOPK 40000 Puffs Eldobhat\u00f3 Vape<\/a>, <a href=\"https:\/\/vapestornado.com\/hu\/product\/vozol-gear-shisha-25k-25000-puffs-best-dtl-disposable-vape-hookah-cheap-price\/\">Vozol Gear Shisha 25000<\/a>, \u00e9s m\u00e9g sok m\u00e1s.<\/p>\n<\/div>\n<div class=\"relative p-1 rounded-sm flex items-center justify-center bg-token-main-surface-primary text-token-text-primary h-8 w-8\">\n<h3>GYIK<\/h3>\n<ol data-start=\"1260\" data-end=\"2190\">\n<li data-start=\"1260\" data-end=\"1450\">\n<p data-start=\"1263\" data-end=\"1450\"><strong data-start=\"1263\" data-end=\"1305\">Hogyan kell aktiv\u00e1lni egy eldobhat\u00f3 vape-ot?<\/strong><br data-start=\"1305\" data-end=\"1308\" \/>Egyszer\u0171en l\u00e9legezzen be a sz\u00e1jr\u00e9szen kereszt\u00fcl a Bang Leader 32000 Puffs Vape aktiv\u00e1l\u00e1s\u00e1hoz. Nincs sz\u00fcks\u00e9g gombokra vagy bonyolult be\u00e1ll\u00edt\u00e1sokra.<\/p>\n<\/li>\n<li data-start=\"1452\" data-end=\"1704\">\n<p data-start=\"1455\" data-end=\"1704\"><strong data-start=\"1455\" data-end=\"1512\">Felt\u00f6lthetem az eldobhat\u00f3 vape-omat telefont\u00f6lt\u0151vel?<\/strong><br data-start=\"1512\" data-end=\"1515\" \/>Igen, mindaddig, am\u00edg a t\u00f6lt\u0151je <strong data-start=\"1554\" data-end=\"1570\">Type-C k\u00e1belt<\/strong>haszn\u00e1l, t\u00f6ltheti a vape-j\u00e1t egy szabv\u00e1nyos telefont\u00f6lt\u0151vel. Azonban a legjobb, ha alacsonyabb teljes\u00edtm\u00e9ny\u0171 adaptert haszn\u00e1l a biztons\u00e1gos t\u00f6lt\u00e9s \u00e9rdek\u00e9ben.<\/p>\n<\/li>\n<li data-start=\"1706\" data-end=\"1934\">\n<p data-start=\"1709\" data-end=\"1934\"><strong data-start=\"1709\" data-end=\"1746\">Vihetek-e vape-ot Hongkongba?<\/strong><br data-start=\"1746\" data-end=\"1749\" \/>Nem, Hongkongban szigor\u00fa szab\u00e1lyoz\u00e1s tiltja az e-cigarett\u00e1k \u00e9s vaping term\u00e9kek import\u00e1l\u00e1s\u00e1t, \u00e9rt\u00e9kes\u00edt\u00e9s\u00e9t \u00e9s haszn\u00e1lat\u00e1t. Az utaz\u00f3knak \u00e9rdemes ellen\u0151rizni\u00fck a helyi t\u00f6rv\u00e9nyeket, miel\u0151tt bel\u00e9pn\u00e9nek a r\u00e9gi\u00f3ba.<\/p>\n<\/li>\n<li data-start=\"1936\" data-end=\"2190\">\n<p data-start=\"1939\" data-end=\"2190\"><strong data-start=\"1939\" data-end=\"1983\">Honnan tudom, mennyi e-cigaretta van m\u00e9g a tart\u00e1lyban?<\/strong><br data-start=\"1983\" data-end=\"1986\" \/>A <strong data-start=\"1993\" data-end=\"2025\">Bang Vezet\u0151 32000 Puff Vape<\/strong> tartalmaz egy <strong data-start=\"2037\" data-end=\"2056\">kett\u0151s pod rendszer<\/strong> amely hossz\u00fa ideig kitart, de ha gyeng\u00e9bb \u00edzt, kevesebb g\u0151zt vagy neh\u00e9zs\u00e9get tapasztal a bel\u00e9gz\u00e9s sor\u00e1n, akkor ideje lehet lecser\u00e9lni a k\u00e9sz\u00fcl\u00e9ket.<\/p>\n<\/li>\n<\/ol>\n<\/div>\n<\/div>\n<\/div>\n<\/div>","protected":false},"excerpt":{"rendered":"<ul>\n<li data-start=\"252\" data-end=\"289\">\n<p data-start=\"254\" data-end=\"289\">Bang Leader 32000 Puffs nagykereskedelem<\/p>\n<\/li>\n<li data-start=\"290\" data-end=\"317\">\n<p data-start=\"292\" data-end=\"317\">32K Puffs Vape t\u00f6meges v\u00e1s\u00e1rl\u00e1s<\/p>\n<\/li>\n<li data-start=\"318\" data-end=\"366\">\n<p data-start=\"320\" data-end=\"366\">Eldobhat\u00f3 Vape 32000 Puffs Magyarorsz\u00e1g nagykereskedelem<\/p>\n<\/li>\n<\/ul>\n<p><strong>Add hozz\u00e1 Amy whatsappj\u00e1t, hogy azonnali v\u00e1laszt \u00e9s kedvezm\u00e9nyes \u00e1rat kapj!<\/strong><\/p>\n<p><img fetchpriority=\"high\" decoding=\"async\" class=\"size-full wp-image-2932\" src=\"https:\/\/vapestornado.com\/wp-content\/uploads\/2024\/12\/Vape-Wholesale.jpg\" alt=\"Vape nagykereskedelem\" width=\"229\" height=\"300\" \/><\/p>\n<h3><a href=\"https:\/\/wa.me\/8617776015835\"><span style=\"color: #ff0000;\"><strong>WhatsApp: +86 17776015835<\/strong><\/span><\/a><\/h3>\n<p>&nbsp;<\/p>","protected":false},"featured_media":3917,"comment_status":"open","ping_status":"closed","template":"","meta":{"_acf_changed":false,"_uag_custom_page_level_css":"","_lmt_disableupdate":"no","_lmt_disable":"","_monsterinsights_skip_tracking":false,"_monsterinsights_sitenote_active":false,"_monsterinsights_sitenote_note":"","_monsterinsights_sitenote_category":0,"site-sidebar-layout":"default","site-content-layout":"","ast-site-content-layout":"default","site-content-style":"default","site-sidebar-style":"default","ast-global-header-display":"","ast-banner-title-visibility":"","ast-main-header-display":"","ast-hfb-above-header-display":"","ast-hfb-below-header-display":"","ast-hfb-mobile-header-display":"","site-post-title":"","ast-breadcrumbs-content":"","ast-featured-img":"","footer-sml-layout":"","ast-disable-related-posts":"","theme-transparent-header-meta":"default","adv-header-id-meta":"","stick-header-meta":"","header-above-stick-meta":"","header-main-stick-meta":"","header-below-stick-meta":"","astra-migrate-meta-layouts":"set","ast-page-background-enabled":"default","ast-page-background-meta":{"desktop":{"background-color":"","background-image":"","background-repeat":"repeat","background-position":"center center","background-size":"auto","background-attachment":"scroll","background-type":"","background-media":"","overlay-type":"","overlay-color":"","overlay-opacity":"","overlay-gradient":""},"tablet":{"background-color":"","background-image":"","background-repeat":"repeat","background-position":"center center","background-size":"auto","background-attachment":"scroll","background-type":"","background-media":"","overlay-type":"","overlay-color":"","overlay-opacity":"","overlay-gradient":""},"mobile":{"background-color":"","background-image":"","background-repeat":"repeat","background-position":"center center","background-size":"auto","background-attachment":"scroll","background-type":"","background-media":"","overlay-type":"","overlay-color":"","overlay-opacity":"","overlay-gradient":""}},"ast-content-background-meta":{"desktop":{"background-color":"var(--ast-global-color-5)","background-image":"","background-repeat":"repeat","background-position":"center center","background-size":"auto","background-attachment":"scroll","background-type":"","background-media":"","overlay-type":"","overlay-color":"","overlay-opacity":"","overlay-gradient":""},"tablet":{"background-color":"var(--ast-global-color-5)","background-image":"","background-repeat":"repeat","background-position":"center center","background-size":"auto","background-attachment":"scroll","background-type":"","background-media":"","overlay-type":"","overlay-color":"","overlay-opacity":"","overlay-gradient":""},"mobile":{"background-color":"var(--ast-global-color-5)","background-image":"","background-repeat":"repeat","background-position":"center center","background-size":"auto","background-attachment":"scroll","background-type":"","background-media":"","overlay-type":"","overlay-color":"","overlay-opacity":"","overlay-gradient":""}},"_joinchat":{"telephone":"17776015835"}},"product_brand":[],"product_cat":[19,262,278,140,153,158,144,146],"product_tag":[261,260,196,94,273,93,269],"class_list":{"0":"post-3929","1":"product","2":"type-product","3":"status-publish","4":"has-post-thumbnail","6":"product_cat-vapes","7":"product_cat-32000-puff","8":"product_cat-bang-leader-vape","9":"product_cat-big-puffs-disposable-vapes","10":"product_cat-buy-disposable-vapes-in-italy","11":"product_cat-buy-disposable-vapes-in-spain","12":"product_cat-low-nicotine-disposable-vapes","13":"product_cat-rechargeable-disposable-vapes","14":"product_tag-2-in-1-double-flavor-vape","15":"product_tag-bang-leader-32000","16":"product_tag-bang-vape","17":"product_tag-rechargeable-disposable-vape","18":"product_tag-twins-flavor-vape-pod","19":"product_tag-vape-wholesale","20":"product_tag-vape-with-screen","21":"desktop-align-left","22":"tablet-align-left","23":"mobile-align-left","25":"first","26":"instock","27":"sale","28":"shipping-taxable","29":"purchasable","30":"product-type-simple"},"acf":[],"uagb_featured_image_src":{"full":["https:\/\/vapestornado.com\/wp-content\/uploads\/2025\/03\/Bang-Kingdoms-Rex-32000-E-Cigarette-Disposable-Vape.webp",800,800,false],"thumbnail":["https:\/\/vapestornado.com\/wp-content\/uploads\/2025\/03\/Bang-Kingdoms-Rex-32000-E-Cigarette-Disposable-Vape-150x150.webp",150,150,true],"medium":["https:\/\/vapestornado.com\/wp-content\/uploads\/2025\/03\/Bang-Kingdoms-Rex-32000-E-Cigarette-Disposable-Vape-300x300.webp",300,300,true],"medium_large":["https:\/\/vapestornado.com\/wp-content\/uploads\/2025\/03\/Bang-Kingdoms-Rex-32000-E-Cigarette-Disposable-Vape-768x768.webp",768,768,true],"large":["https:\/\/vapestornado.com\/wp-content\/uploads\/2025\/03\/Bang-Kingdoms-Rex-32000-E-Cigarette-Disposable-Vape.webp",800,800,false],"1536x1536":["https:\/\/vapestornado.com\/wp-content\/uploads\/2025\/03\/Bang-Kingdoms-Rex-32000-E-Cigarette-Disposable-Vape.webp",800,800,false],"2048x2048":["https:\/\/vapestornado.com\/wp-content\/uploads\/2025\/03\/Bang-Kingdoms-Rex-32000-E-Cigarette-Disposable-Vape.webp",800,800,false],"trp-custom-language-flag":["https:\/\/vapestornado.com\/wp-content\/uploads\/2025\/03\/Bang-Kingdoms-Rex-32000-E-Cigarette-Disposable-Vape.webp",12,12,false],"woocommerce_thumbnail":["https:\/\/vapestornado.com\/wp-content\/uploads\/2025\/03\/Bang-Kingdoms-Rex-32000-E-Cigarette-Disposable-Vape-300x300.webp",300,300,true],"woocommerce_single":["https:\/\/vapestornado.com\/wp-content\/uploads\/2025\/03\/Bang-Kingdoms-Rex-32000-E-Cigarette-Disposable-Vape-600x600.webp",600,600,true],"woocommerce_gallery_thumbnail":["https:\/\/vapestornado.com\/wp-content\/uploads\/2025\/03\/Bang-Kingdoms-Rex-32000-E-Cigarette-Disposable-Vape-100x100.webp",100,100,true]},"uagb_author_info":{"display_name":"ESAMY","author_link":"https:\/\/vapestornado.com\/hu\/author\/"},"uagb_comment_info":0,"uagb_excerpt":"Bang Leader 32000 Puffs Wholesale 32K Puffs Vape Bulk Buy Disposable Vape 32000 Puffs Poland Wholesale Add Amy's whatsapp to get right reply and discount price! WhatsApp: +86 17776015835 &nbsp;","_links":{"self":[{"href":"https:\/\/vapestornado.com\/hu\/wp-json\/wp\/v2\/product\/3929","targetHints":{"allow":["GET"]}}],"collection":[{"href":"https:\/\/vapestornado.com\/hu\/wp-json\/wp\/v2\/product"}],"about":[{"href":"https:\/\/vapestornado.com\/hu\/wp-json\/wp\/v2\/types\/product"}],"replies":[{"embeddable":true,"href":"https:\/\/vapestornado.com\/hu\/wp-json\/wp\/v2\/comments?post=3929"}],"wp:featuredmedia":[{"embeddable":true,"href":"https:\/\/vapestornado.com\/hu\/wp-json\/wp\/v2\/media\/3917"}],"wp:attachment":[{"href":"https:\/\/vapestornado.com\/hu\/wp-json\/wp\/v2\/media?parent=3929"}],"wp:term":[{"taxonomy":"product_brand","embeddable":true,"href":"https:\/\/vapestornado.com\/hu\/wp-json\/wp\/v2\/product_brand?post=3929"},{"taxonomy":"product_cat","embeddable":true,"href":"https:\/\/vapestornado.com\/hu\/wp-json\/wp\/v2\/product_cat?post=3929"},{"taxonomy":"product_tag","embeddable":true,"href":"https:\/\/vapestornado.com\/hu\/wp-json\/wp\/v2\/product_tag?post=3929"}],"curies":[{"name":"wp","href":"https:\/\/api.w.org\/{rel}","templated":true}]}}