{"id":3928,"date":"2025-03-20T03:43:34","date_gmt":"2025-03-20T03:43:34","guid":{"rendered":"https:\/\/vapestornado.com\/?post_type=product&#038;p=3928"},"modified":"2025-08-23T11:38:54","modified_gmt":"2025-08-23T11:38:54","slug":"vozol-gear-shisha-25k-25000-puffs-best-dtl-disposable-vape-hookah-cheap-price","status":"publish","type":"product","link":"https:\/\/vapestornado.com\/hu\/product\/vozol-gear-shisha-25k-25000-puffs-best-dtl-disposable-vape-hookah-cheap-price\/","title":{"rendered":"Vozol Gear Shisha 25k 25000 Puffs Legjobb DTL Eldobhat\u00f3 Vape v\u00edzipipa Olcs\u00f3 \u00c1r"},"content":{"rendered":"<h1 data-pm-slice=\"1 1 []\">Vozol Gear Shisha 25k 25000 Puffs Legjobb DTL Eldobhat\u00f3 Vape v\u00edzipipa Olcs\u00f3 \u00c1r<\/h1>\n<p data-start=\"187\" data-end=\"478\">A <strong data-start=\"191\" data-end=\"232\">Vozol Gear Shisha 25K Eldobhat\u00f3 Vape<\/strong> \u00fajradefini\u00e1lja a DTL v\u00edzipipa st\u00edlus\u00fa vaping \u00e9lm\u00e9nyt, \u00edgy k\u00f6telez\u0151 darab a <strong data-start=\"309\" data-end=\"338\">nagykeresked\u0151k \u00e9s kiskeresked\u0151k sz\u00e1m\u00e1ra<\/strong> az eur\u00f3pai piac kiszolg\u00e1l\u00e1s\u00e1ra. Ak\u00e1r <strong data-start=\"383\" data-end=\"399\">25 000 sz\u00edv\u00e1snyi<\/strong>ez a nagy kapacit\u00e1s\u00fa eszk\u00f6z hossz\u00fa haszn\u00e1latot \u00e9s er\u0151s fogyaszt\u00f3i vonzer\u0151t biztos\u00edt.<\/p>\n<p data-start=\"480\" data-end=\"863\">Mit\u0151l egyedi a Bang Vape 35000? <strong data-start=\"484\" data-end=\"516\">1000 mAh-s \u00fajrat\u00f6lthet\u0151 akkumul\u00e1tor<\/strong> \u00e1ltal m\u0171k\u00f6dtetve <strong data-start=\"522\" data-end=\"546\">Type-C gyorst\u00f6lt\u00e9ssel<\/strong> minimaliz\u00e1lja az \u00e1ll\u00e1sid\u0151t, mik\u00f6zben a <strong data-start=\"577\" data-end=\"603\">2,1 h\u00fcvelykes sz\u00ednes kijelz\u0151<\/strong> val\u00f3s idej\u0171 nyomon k\u00f6vet\u00e9st biztos\u00edt a slukkok sz\u00e1m\u00e1r\u00f3l, az akkumul\u00e1tor \u00e1llapot\u00e1r\u00f3l \u00e9s a vaping m\u00f3dr\u00f3l. A felhaszn\u00e1l\u00f3k v\u00e1lthatnak a <strong data-start=\"705\" data-end=\"717\">Eco m\u00f3d<\/strong> (maxim\u00e1lis kitart\u00e1s, ak\u00e1r 25 ezer slukk) \u00e9s a <strong data-start=\"759\" data-end=\"773\">Power m\u00f3d<\/strong> (nagyobb intenzit\u00e1s, ak\u00e1r 18 ezer slukk) k\u00f6z\u00f6tt, rugalmass\u00e1got biztos\u00edtva a k\u00fcl\u00f6nb\u00f6z\u0151 vaping preferenci\u00e1khoz.<\/p>\n<p data-start=\"865\" data-end=\"1153\">An <strong data-start=\"868\" data-end=\"897\">\u00e1ll\u00edthat\u00f3 l\u00e9g\u00e1raml\u00e1si rendszer<\/strong> p\u00e1ros\u00edtva <strong data-start=\"910\" data-end=\"929\">dupla h\u00e1l\u00f3s tekercsek<\/strong> z\u00f6kken\u0151mentes g\u0151z\u00f6l\u00e9st, s\u0171r\u0171 felh\u0151ket \u00e9s egyenletes \u00edzteljes\u00edtm\u00e9nyt biztos\u00edt. A <strong data-start=\"1016\" data-end=\"1040\">5%-os nikotiner\u0151ss\u00e9ggel<\/strong> \u00e9s egy katal\u00f3gusnyi <strong data-start=\"1060\" data-end=\"1076\">40+ \u00edz<\/strong>a Vozol Gear Shisha kiel\u00e9g\u00edti a nagy felhaszn\u00e1l\u00f3kat \u00e9s az \u00edzrajong\u00f3kat egyar\u00e1nt.<\/p>\n<p data-start=\"1155\" data-end=\"1393\">A nagy t\u00e9telben v\u00e1s\u00e1rl\u00f3k sz\u00e1m\u00e1ra a <strong data-start=\"1176\" data-end=\"1201\">Vozol Gear Shisha 25K<\/strong> t\u00f6bb, mint egy eldobhat\u00f3 vape \u2013 ez egy pr\u00e9mium opci\u00f3 fejlett funkci\u00f3kkal, amelyek seg\u00edtenek a kiskeresked\u0151knek kit\u0171nni a zs\u00fafolt piacon, mik\u00f6zben r\u00e9szes\u00fclnek a <strong data-start=\"1357\" data-end=\"1390\">versenyk\u00e9pes nagykereskedelmi \u00e1rakb\u00f3l<\/strong>.<\/p>\n<p data-start=\"666\" data-end=\"1235\"><strong style=\"font-size: 16px;\"><span style=\"color: #ff0000;\">Add hozz\u00e1 Amy WhatsApp-j\u00e1t, hogy azonnali v\u00e1laszt \u00e9s kedvezm\u00e9nyes \u00e1rat kapj!<\/span><\/strong><\/p>\n<p><img fetchpriority=\"high\" decoding=\"async\" class=\"size-full wp-image-2932\" src=\"https:\/\/vapestornado.com\/wp-content\/uploads\/2024\/12\/Vape-Wholesale.jpg\" alt=\"Vape nagykereskedelem\" width=\"229\" height=\"300\" \/><\/p>\n<h3><a href=\"https:\/\/wa.me\/8617776015835\" target=\"_blank\" rel=\"noopener\"><span style=\"color: #ff0000;\"><strong>WhatsApp: +86 17776015835<\/strong><\/span><\/a><\/h3>\n<p>&nbsp;<\/p>\n<h2><strong>Vozol Gear Shisha 25k Vape F\u0151bb Term\u00e9kjellemz\u0151k<\/strong><\/h2>\n<p>M\u00e1rka: Vozol Vape<br \/>\nModell: Gear Shisha DTL Eldobhat\u00f3<br \/>\nNikotin: 5%<br \/>\nAkkumul\u00e1tor kapacit\u00e1sa: 1000mAh<br \/>\nPuff m\u00f3dok: Eco Mode (25 000 puff), Power Mode (18 000 puff)<br \/>\nK\u00fcl\u00f6nleges jellemz\u0151k: Audio-interakt\u00edv, intelligens chip, kett\u0151s h\u00e1l\u00f3s tekercsek<br \/>\nKijelz\u0151: 2,1 h\u00fcvelykes sz\u00ednes k\u00e9perny\u0151 a k\u00f6nny\u0171 megfigyel\u00e9shez<br \/>\nKialak\u00edt\u00e1s: K\u00f6zel-Keleti st\u00edlus\u00fa felhaszn\u00e1l\u00f3i fel\u00fclet<br \/>\n\u00c1ll\u00edthat\u00f3 l\u00e9g\u00e1raml\u00e1s<br \/>\n\u00cdzek: T\u00f6bb mint 16 cs\u00e1b\u00edt\u00f3 v\u00e1laszt\u00e9k, bele\u00e9rtve a gy\u00fcm\u00f6lcs\u00f6s \u00e9s ment\u00e1s \u00edzeket<\/p>\n<p>&nbsp;<\/p>\n<figure id=\"attachment_3922\" aria-describedby=\"caption-attachment-3922\" style=\"width: 800px\" class=\"wp-caption alignnone\"><img decoding=\"async\" class=\"wp-image-3922 size-full\" src=\"https:\/\/vapestornado.com\/wp-content\/uploads\/2025\/03\/Vazol-Gear-Shisha-25000-Puff-25k-Wholesale-Price.webp\" alt=\"Vazol Gear Shisha 25000 Puff 25k Nagykereskedelmi \u00c1r\" width=\"800\" height=\"800\" srcset=\"https:\/\/vapestornado.com\/wp-content\/uploads\/2025\/03\/Vazol-Gear-Shisha-25000-Puff-25k-Wholesale-Price.webp 800w, https:\/\/vapestornado.com\/wp-content\/uploads\/2025\/03\/Vazol-Gear-Shisha-25000-Puff-25k-Wholesale-Price-300x300.webp 300w, https:\/\/vapestornado.com\/wp-content\/uploads\/2025\/03\/Vazol-Gear-Shisha-25000-Puff-25k-Wholesale-Price-150x150.webp 150w, https:\/\/vapestornado.com\/wp-content\/uploads\/2025\/03\/Vazol-Gear-Shisha-25000-Puff-25k-Wholesale-Price-768x768.webp 768w, https:\/\/vapestornado.com\/wp-content\/uploads\/2025\/03\/Vazol-Gear-Shisha-25000-Puff-25k-Wholesale-Price-600x600.webp 600w, https:\/\/vapestornado.com\/wp-content\/uploads\/2025\/03\/Vazol-Gear-Shisha-25000-Puff-25k-Wholesale-Price-100x100.webp 100w\" sizes=\"(max-width: 800px) 100vw, 800px\" \/><figcaption id=\"caption-attachment-3922\" class=\"wp-caption-text\">Vazol Gear Shisha 25000 Puff 25k Nagykereskedelmi \u00c1r<\/figcaption><\/figure>\n<h2 class=\"product-title\"><strong>Vozol Gear 25000 Shisha V\u00edzipipa Vape \u00cdzek List\u00e1ja<\/strong><\/h2>\n<article class=\"w-full text-token-text-primary focus-visible:outline-2 focus-visible:outline-offset-[-4px]\" dir=\"auto\" data-testid=\"conversation-turn-32\" data-scroll-anchor=\"false\">\n<div class=\"m-auto text-base py-[18px] px-6\">\n<div class=\"mx-auto flex flex-1 text-base gap-4 md:gap-5 lg:gap-6 md:max-w-3xl lg:max-w-[40rem] xl:max-w-[48rem]\">\n<div class=\"group\/conversation-turn relative flex w-full min-w-0 flex-col @xs\/thread:px-0 @sm\/thread:px-1.5 @md\/thread:px-4\">\n<div class=\"flex-col gap-1 md:gap-3\">\n<div class=\"flex max-w-full flex-col flex-grow\">\n<div class=\"min-h-8 text-message flex w-full flex-col items-end gap-2 whitespace-normal break-words text-start [.text-message+&amp;]:mt-5\" dir=\"auto\" data-message-author-role=\"user\" data-message-id=\"ffac41ca-1db4-431b-873a-32c4052956f1\">\n<div class=\"flex w-full flex-col gap-1 empty:hidden items-end rtl:items-start\">\n<div class=\"relative max-w-[var(--user-chat-width,70%)] rounded-3xl bg-token-message-surface px-5 py-2.5\">\n<div class=\"absolute bottom-0 right-full top-0 -mr-3.5 hidden pr-5 pt-2 [.group\/conversation-turn:hover_&amp;]:flex\">\n<div class=\"flex\">\n<article class=\"w-full text-token-text-primary focus-visible:outline-2 focus-visible:outline-offset-[-4px]\" dir=\"auto\" data-testid=\"conversation-turn-39\" data-scroll-anchor=\"true\">\n<div class=\"m-auto text-base py-[18px] px-6\">\n<div class=\"mx-auto flex flex-1 text-base gap-4 md:gap-5 lg:gap-6 md:max-w-3xl lg:max-w-[40rem] xl:max-w-[48rem]\">\n<div class=\"group\/conversation-turn relative flex w-full min-w-0 flex-col agent-turn @xs\/thread:px-0 @sm\/thread:px-1.5 @md\/thread:px-4\">\n<div class=\"flex-col gap-1 md:gap-3\">\n<div class=\"flex max-w-full flex-col flex-grow\">\n<div class=\"min-h-8 text-message flex w-full flex-col items-end gap-2 whitespace-normal break-words text-start [.text-message+&amp;]:mt-5\" dir=\"auto\" data-message-author-role=\"assistant\" data-message-id=\"55a23854-ec57-48dd-bd4f-6118f43d6241\" data-message-model-slug=\"gpt-4o\">\n<div class=\"flex w-full flex-col gap-1 empty:hidden first:pt-[3px]\">\n<div class=\"markdown prose w-full break-words dark:prose-invert light\">\n<p>1. K\u00e9t alma<\/p>\n<p>2. G\u00f6r\u00f6gdinnye j\u00e9g<\/p>\n<p>3. Mang\u00f3 \u0151szibarack<\/p>\n<p>4. \u00c1fonya j\u00e9g<\/p>\n<p>5. K\u00e9k m\u00e1lna j\u00e9g<\/p>\n<p>6. Sz\u0151l\u0151 j\u00e9g<\/p>\n<p>7. Eper kiwi<\/p>\n<p>8. \u00c1fonya g\u00f6r\u00f6gdinnye<\/p>\n<p>9. Cseresznye k\u00f3la<\/p>\n<p>10. Love 777<\/p>\n<p>11. Cseresznye j\u00e9g<\/p>\n<p>12. \u0150szibarack j\u00e9g<\/p>\n<p>13. Bogy\u00f3s gy\u00fcm\u00f6lcs j\u00e9g<\/p>\n<p>14. \u00c9des maracuja<\/p>\n<p>15. Fagyasztott eper kiwi<\/p>\n<p>16. S\u00e1rk\u00e1nygy\u00fcm\u00f6lcs ban\u00e1n cseresznye<\/p>\n<\/div>\n<\/div>\n<\/div>\n<\/div>\n<\/div>\n<\/div>\n<\/div>\n<\/div>\n<\/article>\n<\/div>\n<\/div>\n<\/div>\n<\/div>\n<\/div>\n<\/div>\n<\/div>\n<\/div>\n<\/div>\n<\/div>\n<\/article>\n<h2>Mi\u00e9rt v\u00e1lassza a Vapestornado-t a Vozol Gear Shisha 25k Puffs Screen Vape t\u00f6meges v\u00e1s\u00e1rl\u00e1s\u00e1hoz?<\/h2>\n<div class=\"flex-shrink-0 flex flex-col relative items-end\">\n<div class=\"pt-0\">\n<div class=\"gizmo-bot-avatar flex h-8 w-8 items-center justify-center overflow-hidden rounded-full\">\n<div class=\"relative p-1 rounded-sm flex items-center justify-center bg-token-main-surface-primary text-token-text-primary h-8 w-8\">\n<p data-start=\"88\" data-end=\"557\">Amikor a <strong data-start=\"105\" data-end=\"154\">\u00a0kiv\u00e1l\u00f3 min\u0151s\u00e9g\u0171 eldobhat\u00f3 vape-ek v\u00e1s\u00e1rl\u00e1s\u00e1r\u00f3l van sz\u00f3,<\/strong>, <strong data-start=\"156\" data-end=\"172\">Vapestornado<\/strong> a verhetetlen forr\u00e1sa <strong data-start=\"208\" data-end=\"271\">gy\u00e1ri \u00e1rak, gyors sz\u00e1ll\u00edt\u00e1s \u00e9s pr\u00e9mium \u00fcgyf\u00e9lszolg\u00e1lat<\/strong>. A Vozol Gear Shisha 25k 25000 megv\u00e1s\u00e1rl\u00e1sa <strong data-start=\"284\" data-end=\"322\">Vape<\/strong>\u00a0a Vapestornad\u00f3t\u00f3l azt jelenti, hogy <strong data-start=\"363\" data-end=\"400\">eredeti, 100%-ban eredeti term\u00e9keket kapsz<\/strong> a leg\u00fajabb <strong data-start=\"417\" data-end=\"515\">digit\u00e1lis kijelz\u0151 technol\u00f3gi\u00e1val, \u00fajrat\u00f6lthet\u0151 Type-C k\u00e9nyelemmel \u00e9s hatalmas, 25000 slukkos kapacit\u00e1ssal<\/strong>\u2014mindez a <strong data-start=\"527\" data-end=\"554\">legalacsonyabb nagykereskedelmi \u00e1rakon<\/strong>.<\/p>\n<p data-start=\"559\" data-end=\"933\" data-is-last-node=\"\" data-is-only-node=\"\">Van m\u00e9g n\u00e9h\u00e1ny m\u00e1s, n\u00e9pszer\u0171, kijelz\u0151s vape term\u00e9k\u00fcnk, mint p\u00e9ld\u00e1ul a <a href=\"https:\/\/vapestornado.com\/hu\/product\/waspe-fihp-30000-puffs-smart-screen-vape-2-5-nicotine-wholesal\/\">WASPE 30K Kett\u0151s Vape m\u00f3d<\/a>, <a href=\"https:\/\/vapestornado.com\/hu\/product\/vopk-ultra-40000-puffs-2-in-1-digital-screen-rechargeable-disposable-vape\/\">VOPK 40000 Puffs Eldobhat\u00f3 Vape<\/a>, <a href=\"https:\/\/vapestornado.com\/hu\/product\/vapsolo-galaxy-30000-vapers-30k-puff-disposable-vape-e-cigarette-with-smart-screen\/\">Vapsolo Galaxis 30000<\/a>, \u00e9s m\u00e9g sok m\u00e1s.<\/p>\n<\/div>\n<div class=\"relative p-1 rounded-sm flex items-center justify-center bg-token-main-surface-primary text-token-text-primary h-8 w-8\">\n<h2>GYIK az eldobhat\u00f3 vape-hez<\/h2>\n<ol data-start=\"1162\" data-end=\"2206\">\n<li data-start=\"1162\" data-end=\"1425\">\n<p data-start=\"1165\" data-end=\"1425\"><strong data-start=\"1165\" data-end=\"1221\">Hogyan kell el\u0151sz\u00f6r haszn\u00e1lni az eldobhat\u00f3 vape-et?<\/strong> A Vozol Gear Shisha 25K eldobhat\u00f3 vape haszn\u00e1lat\u00e1hoz egyszer\u0171en vegye ki a csomagol\u00e1sb\u00f3l, ellen\u0151rizze, hogy fel van-e t\u00f6ltve, \u00e9s sz\u00edvja be a sz\u00e1jr\u00e9szen kereszt\u00fcl. Az eszk\u00f6z sz\u00edv\u00e1ssal aktiv\u00e1l\u00f3dik, \u00edgy nincs sz\u00fcks\u00e9g gombokra.<\/p>\n<\/li>\n<li data-start=\"1427\" data-end=\"1706\">\n<p data-start=\"1430\" data-end=\"1706\"><strong data-start=\"1430\" data-end=\"1473\">Hogyan t\u00f6lthetem fel az eldobhat\u00f3 vape tollat?<\/strong> Ez az eszk\u00f6z 1000mAh-s \u00fajrat\u00f6lthet\u0151 akkumul\u00e1torral rendelkezik. Haszn\u00e1lja a mell\u00e9kelt Type-C t\u00f6lt\u0151k\u00e1belt a t\u00e1pell\u00e1t\u00e1shoz val\u00f3 csatlakoztat\u00e1shoz. A 2,1 h\u00fcvelykes sz\u00ednes k\u00e9perny\u0151n megjelenik a t\u00f6lt\u00e9si \u00e1llapot, \u00edgy folyamatosan t\u00e1j\u00e9koz\u00f3dhat a folyamatr\u00f3l.<\/p>\n<\/li>\n<li data-start=\"1708\" data-end=\"1956\">\n<p data-start=\"1711\" data-end=\"1956\"><strong data-start=\"1711\" data-end=\"1765\">Vihetem az eldobhat\u00f3 vape-emet a k\u00e9zipoggy\u00e1szomban?<\/strong> Igen, l\u00e9gi utaz\u00e1s sor\u00e1n a k\u00e9zipoggy\u00e1sz\u00e1ban sz\u00e1ll\u00edthatja az eldobhat\u00f3 vape-et. Utaz\u00e1s el\u0151tt azonban mindig ellen\u0151rizze a l\u00e9git\u00e1rsas\u00e1g szab\u00e1lyait \u00e9s a helyi t\u00f6rv\u00e9nyeket a vaping eszk\u00f6z\u00f6kkel kapcsolatban.<\/p>\n<\/li>\n<li data-start=\"1958\" data-end=\"2206\">\n<p data-start=\"1961\" data-end=\"2206\"><strong data-start=\"1961\" data-end=\"1997\">Honnan tudom, hogy egy vape \u00fcres?<\/strong> A Vozol Gear Shisha 25K 2,1 h\u00fcvelykes sz\u00ednes k\u00e9perny\u0151vel rendelkezik, amely megjelen\u00edti az e-liquid szintj\u00e9t. Ha az e-liquid alacsony vagy kimer\u00fclt, a k\u00e9perny\u0151 \u00e9rtes\u00edti \u00d6nt, jelezve, hogy ideje kicser\u00e9lni vagy \u00fajrat\u00f6lteni.<\/p>\n<\/li>\n<\/ol>\n<\/div>\n<\/div>\n<\/div>\n<\/div>","protected":false},"excerpt":{"rendered":"<p>A <strong data-start=\"1437\" data-end=\"1462\">Vozol Gear Shisha 25K<\/strong> ak\u00e1r 25 ezer slukkot, kett\u0151s m\u00f3dot \u00e9s egy 2,1 h\u00fcvelykes sz\u00ednes k\u00e9perny\u0151t k\u00edn\u00e1l. Pr\u00e9mium DTL eldobhat\u00f3 vape, ide\u00e1lis <strong data-start=\"1566\" data-end=\"1601\">nagykereskedelmi t\u00f6meges megrendel\u00e9sekhez Eur\u00f3p\u00e1ban<\/strong>.<\/p>\n<p><strong>Add hozz\u00e1 Amy whatsappj\u00e1t, hogy azonnali v\u00e1laszt \u00e9s kedvezm\u00e9nyes \u00e1rat kapj!<\/strong><\/p>\n<p><img fetchpriority=\"high\" decoding=\"async\" class=\"size-full wp-image-2932\" src=\"https:\/\/vapestornado.com\/wp-content\/uploads\/2024\/12\/Vape-Wholesale.jpg\" alt=\"Vape nagykereskedelem\" width=\"229\" height=\"300\" \/><\/p>\n<h3><a href=\"https:\/\/wa.me\/8617776015835\"><span style=\"color: #ff0000;\"><strong>WhatsApp: +86 17776015835<\/strong><\/span><\/a><\/h3>\n<p>&nbsp;<\/p>","protected":false},"featured_media":3921,"comment_status":"open","ping_status":"closed","template":"","meta":{"_acf_changed":false,"_uag_custom_page_level_css":"","_lmt_disableupdate":"no","_lmt_disable":"","_monsterinsights_skip_tracking":false,"_monsterinsights_sitenote_active":false,"_monsterinsights_sitenote_note":"","_monsterinsights_sitenote_category":0,"site-sidebar-layout":"default","site-content-layout":"","ast-site-content-layout":"default","site-content-style":"default","site-sidebar-style":"default","ast-global-header-display":"","ast-banner-title-visibility":"","ast-main-header-display":"","ast-hfb-above-header-display":"","ast-hfb-below-header-display":"","ast-hfb-mobile-header-display":"","site-post-title":"","ast-breadcrumbs-content":"","ast-featured-img":"","footer-sml-layout":"","ast-disable-related-posts":"","theme-transparent-header-meta":"default","adv-header-id-meta":"","stick-header-meta":"","header-above-stick-meta":"","header-main-stick-meta":"","header-below-stick-meta":"","astra-migrate-meta-layouts":"set","ast-page-background-enabled":"default","ast-page-background-meta":{"desktop":{"background-color":"","background-image":"","background-repeat":"repeat","background-position":"center center","background-size":"auto","background-attachment":"scroll","background-type":"","background-media":"","overlay-type":"","overlay-color":"","overlay-opacity":"","overlay-gradient":""},"tablet":{"background-color":"","background-image":"","background-repeat":"repeat","background-position":"center center","background-size":"auto","background-attachment":"scroll","background-type":"","background-media":"","overlay-type":"","overlay-color":"","overlay-opacity":"","overlay-gradient":""},"mobile":{"background-color":"","background-image":"","background-repeat":"repeat","background-position":"center center","background-size":"auto","background-attachment":"scroll","background-type":"","background-media":"","overlay-type":"","overlay-color":"","overlay-opacity":"","overlay-gradient":""}},"ast-content-background-meta":{"desktop":{"background-color":"var(--ast-global-color-5)","background-image":"","background-repeat":"repeat","background-position":"center center","background-size":"auto","background-attachment":"scroll","background-type":"","background-media":"","overlay-type":"","overlay-color":"","overlay-opacity":"","overlay-gradient":""},"tablet":{"background-color":"var(--ast-global-color-5)","background-image":"","background-repeat":"repeat","background-position":"center center","background-size":"auto","background-attachment":"scroll","background-type":"","background-media":"","overlay-type":"","overlay-color":"","overlay-opacity":"","overlay-gradient":""},"mobile":{"background-color":"var(--ast-global-color-5)","background-image":"","background-repeat":"repeat","background-position":"center center","background-size":"auto","background-attachment":"scroll","background-type":"","background-media":"","overlay-type":"","overlay-color":"","overlay-opacity":"","overlay-gradient":""}},"_joinchat":{"telephone":"17776015835"}},"product_brand":[],"product_cat":[19,68,160,142,147,57],"product_tag":[271,94,93,269,272,270],"class_list":{"0":"post-3928","1":"product","2":"type-product","3":"status-publish","4":"has-post-thumbnail","6":"product_cat-vapes","7":"product_cat-25000-puff","8":"product_cat-buy-disposable-vapes-in-switzerland","9":"product_cat-digital-box-disposable-vapes","10":"product_cat-shisha-hookah-disposable-vapes","11":"product_cat-vozol-vape","12":"product_tag-best-dtl-disposable-vape","13":"product_tag-rechargeable-disposable-vape","14":"product_tag-vape-wholesale","15":"product_tag-vape-with-screen","16":"product_tag-vozol-gear-shisha-25000","17":"product_tag-vozol-gear-shisha-25k","18":"desktop-align-left","19":"tablet-align-left","20":"mobile-align-left","22":"first","23":"instock","24":"sale","25":"shipping-taxable","26":"purchasable","27":"product-type-simple"},"acf":[],"uagb_featured_image_src":{"full":["https:\/\/vapestornado.com\/wp-content\/uploads\/2025\/03\/Vazol-Gear-Shisha-25000-Puff-25k-Cheap-Price.webp",800,800,false],"thumbnail":["https:\/\/vapestornado.com\/wp-content\/uploads\/2025\/03\/Vazol-Gear-Shisha-25000-Puff-25k-Cheap-Price-150x150.webp",150,150,true],"medium":["https:\/\/vapestornado.com\/wp-content\/uploads\/2025\/03\/Vazol-Gear-Shisha-25000-Puff-25k-Cheap-Price-300x300.webp",300,300,true],"medium_large":["https:\/\/vapestornado.com\/wp-content\/uploads\/2025\/03\/Vazol-Gear-Shisha-25000-Puff-25k-Cheap-Price-768x768.webp",768,768,true],"large":["https:\/\/vapestornado.com\/wp-content\/uploads\/2025\/03\/Vazol-Gear-Shisha-25000-Puff-25k-Cheap-Price.webp",800,800,false],"1536x1536":["https:\/\/vapestornado.com\/wp-content\/uploads\/2025\/03\/Vazol-Gear-Shisha-25000-Puff-25k-Cheap-Price.webp",800,800,false],"2048x2048":["https:\/\/vapestornado.com\/wp-content\/uploads\/2025\/03\/Vazol-Gear-Shisha-25000-Puff-25k-Cheap-Price.webp",800,800,false],"trp-custom-language-flag":["https:\/\/vapestornado.com\/wp-content\/uploads\/2025\/03\/Vazol-Gear-Shisha-25000-Puff-25k-Cheap-Price.webp",12,12,false],"woocommerce_thumbnail":["https:\/\/vapestornado.com\/wp-content\/uploads\/2025\/03\/Vazol-Gear-Shisha-25000-Puff-25k-Cheap-Price-300x300.webp",300,300,true],"woocommerce_single":["https:\/\/vapestornado.com\/wp-content\/uploads\/2025\/03\/Vazol-Gear-Shisha-25000-Puff-25k-Cheap-Price-600x600.webp",600,600,true],"woocommerce_gallery_thumbnail":["https:\/\/vapestornado.com\/wp-content\/uploads\/2025\/03\/Vazol-Gear-Shisha-25000-Puff-25k-Cheap-Price-100x100.webp",100,100,true]},"uagb_author_info":{"display_name":"ESAMY","author_link":"https:\/\/vapestornado.com\/hu\/author\/"},"uagb_comment_info":0,"uagb_excerpt":"The Vozol Gear Shisha 25K delivers up to 25K puffs, dual modes, and a 2.1\u201d color screen. A premium DTL disposable vape ideal for wholesale bulk orders in Europe. Add Amy's whatsapp to get right reply and discount price! WhatsApp: +86 17776015835 &nbsp;","_links":{"self":[{"href":"https:\/\/vapestornado.com\/hu\/wp-json\/wp\/v2\/product\/3928","targetHints":{"allow":["GET"]}}],"collection":[{"href":"https:\/\/vapestornado.com\/hu\/wp-json\/wp\/v2\/product"}],"about":[{"href":"https:\/\/vapestornado.com\/hu\/wp-json\/wp\/v2\/types\/product"}],"replies":[{"embeddable":true,"href":"https:\/\/vapestornado.com\/hu\/wp-json\/wp\/v2\/comments?post=3928"}],"wp:featuredmedia":[{"embeddable":true,"href":"https:\/\/vapestornado.com\/hu\/wp-json\/wp\/v2\/media\/3921"}],"wp:attachment":[{"href":"https:\/\/vapestornado.com\/hu\/wp-json\/wp\/v2\/media?parent=3928"}],"wp:term":[{"taxonomy":"product_brand","embeddable":true,"href":"https:\/\/vapestornado.com\/hu\/wp-json\/wp\/v2\/product_brand?post=3928"},{"taxonomy":"product_cat","embeddable":true,"href":"https:\/\/vapestornado.com\/hu\/wp-json\/wp\/v2\/product_cat?post=3928"},{"taxonomy":"product_tag","embeddable":true,"href":"https:\/\/vapestornado.com\/hu\/wp-json\/wp\/v2\/product_tag?post=3928"}],"curies":[{"name":"wp","href":"https:\/\/api.w.org\/{rel}","templated":true}]}}