{"id":3898,"date":"2025-03-19T07:31:04","date_gmt":"2025-03-19T07:31:04","guid":{"rendered":"https:\/\/vapestornado.com\/?post_type=product&#038;p=3898"},"modified":"2025-08-23T11:44:33","modified_gmt":"2025-08-23T11:44:33","slug":"zooy-zero-45000-45k-puff-touch-screen-disposable-vape-wholesale","status":"publish","type":"product","link":"https:\/\/vapestornado.com\/hu\/product\/zooy-zero-45000-45k-puff-touch-screen-disposable-vape-wholesale\/","title":{"rendered":"ZOOY Zero 45000 45K Sz\u00edv\u00e1s \u00c9rint\u0151k\u00e9perny\u0151s Eldobhat\u00f3 Vape Nagykereskedelem"},"content":{"rendered":"<h1 data-pm-slice=\"1 1 []\">ZOOY Zero 45000 45K Sz\u00edv\u00e1s \u00c9rint\u0151k\u00e9perny\u0151s Eldobhat\u00f3 Vape Nagykereskedelem<\/h1>\n<p data-start=\"184\" data-end=\"550\">A <strong data-start=\"188\" data-end=\"242\">ZOOY Zero 45000 Puffs \u00c9rint\u0151k\u00e9perny\u0151s Eldobhat\u00f3 Vape-pel<\/strong> \u00f6tv\u00f6zi a legmodernebb technol\u00f3gi\u00e1t \u00e9s a tart\u00f3s teljes\u00edtm\u00e9nyt, \u00edgy er\u0151s v\u00e1laszt\u00e1s a <strong data-start=\"343\" data-end=\"383\">eur\u00f3pai nagykeresked\u0151k \u00e9s kiskeresked\u0151k sz\u00e1m\u00e1ra<\/strong>sz\u00e1m\u00e1ra. A leny\u0171g\u00f6z\u0151 <strong data-start=\"404\" data-end=\"428\">45 000 puff kapacit\u00e1s\u00e1val<\/strong> \u00e9s egy nagy <strong data-start=\"441\" data-end=\"468\">35 ml e-liquid tart\u00e1ly<\/strong>kiv\u00e9teles \u00e9rt\u00e9ket ny\u00fajt a tart\u00f3ss\u00e1got \u00e9s megb\u00edzhat\u00f3s\u00e1got keres\u0151 \u00fcgyfelek sz\u00e1m\u00e1ra.<\/p>\n<p data-start=\"552\" data-end=\"880\">A be\u00e9p\u00edtett <strong data-start=\"563\" data-end=\"585\">intelligens \u00e9rint\u0151k\u00e9perny\u0151<\/strong> k\u00fcl\u00f6nlegess\u00e9 teszi ezt az eszk\u00f6zt, val\u00f3s idej\u0171 betekint\u00e9st ny\u00fajtva a felhaszn\u00e1l\u00f3knak a puffok sz\u00e1m\u00e1ba, az akkumul\u00e1tor t\u00f6lt\u00f6tts\u00e9gi szintj\u00e9be \u00e9s a megmaradt e-liquid mennyis\u00e9g\u00e9be. A tart\u00f3s <strong data-start=\"719\" data-end=\"743\">\u00fajrat\u00f6lthet\u0151 akkumul\u00e1tor<\/strong> \u00e1ltal m\u0171k\u00f6dtetve <strong data-start=\"749\" data-end=\"773\">Type-C gyorst\u00f6lt\u00e9ssel<\/strong>\u00e1ltal m\u0171k\u00f6dtetett ZOOY Zero minimaliz\u00e1lja az \u00e1ll\u00e1sid\u0151t, \u00e9s egyenletes \u00e9lm\u00e9nyt biztos\u00edt a gyakori \u00e9s alkalmi g\u0151z\u00f6l\u0151k sz\u00e1m\u00e1ra egyar\u00e1nt.<\/p>\n<p data-start=\"882\" data-end=\"1248\">A <strong data-start=\"887\" data-end=\"930\">2%, 3% \u00e9s 5% nikotins\u00f3 opci\u00f3kkal<\/strong>a ZOOY Zero alkalmazkodik a k\u00fcl\u00f6nb\u00f6z\u0151 preferenci\u00e1khoz. A <strong data-start=\"983\" data-end=\"1012\">\u00e1ll\u00edthat\u00f3 l\u00e9g\u00e1raml\u00e1si rendszer<\/strong> lehet\u0151v\u00e9 teszi a felhaszn\u00e1l\u00f3k sz\u00e1m\u00e1ra, hogy v\u00e1ltsanak a sima sz\u00edv\u00e1sok \u00e9s a s\u0171r\u0171 felh\u0151k k\u00f6z\u00f6tt, kiel\u00e9g\u00edtve mind az MTL, mind a DTL g\u0151z\u00f6l\u00e9si st\u00edlusokat. St\u00edlusos, kompakt \u00e9s hordozhat\u00f3, \u00f6tv\u00f6zi a praktikumot a pr\u00e9mium eszt\u00e9tik\u00e1val \u2013 ide\u00e1lis az eur\u00f3pai piacot c\u00e9lz\u00f3 \u00fczletek sz\u00e1m\u00e1ra.<\/p>\n<p data-start=\"1250\" data-end=\"1445\">Nagykeresked\u0151k sz\u00e1m\u00e1ra a <strong data-start=\"1271\" data-end=\"1306\">ZOOY Zero 45K \u00e9rint\u0151k\u00e9perny\u0151s vape<\/strong> meggy\u0151z\u0151 kombin\u00e1ci\u00f3j\u00e1t k\u00edn\u00e1lja a <strong data-start=\"1334\" data-end=\"1392\">innov\u00e1ci\u00f3nak, a nagy t\u00e9telben is kedvez\u0151 \u00e1raknak \u00e9s a fogyaszt\u00f3i vonzer\u0151nek<\/strong>, \u00edgy j\u00f6vedelmez\u0151 kieg\u00e9sz\u00edt\u0151je lehet b\u00e1rmely k\u00e9szletnek.<\/p>\n<p data-start=\"666\" data-end=\"1235\"><strong style=\"font-size: 16px;\"><span style=\"color: #ff0000;\">Add hozz\u00e1 Amy WhatsApp-j\u00e1t, hogy azonnali v\u00e1laszt \u00e9s kedvezm\u00e9nyes \u00e1rat kapj!<\/span><\/strong><\/p>\n<p><img fetchpriority=\"high\" decoding=\"async\" class=\"size-full wp-image-2932\" src=\"https:\/\/vapestornado.com\/wp-content\/uploads\/2024\/12\/Vape-Wholesale.jpg\" alt=\"Vape nagykereskedelem\" width=\"229\" height=\"300\" \/><\/p>\n<h3><a href=\"https:\/\/wa.me\/8617776015835\" target=\"_blank\" rel=\"noopener\"><span style=\"color: #ff0000;\"><strong>WhatsApp: +86 17776015835<\/strong><\/span><\/a><\/h3>\n<p>&nbsp;<\/p>\n<h2><strong>ig\u00e9nyelnek. ZOOY Zero 45000 Puff Crystal Vape F\u0151bb term\u00e9kjellemz\u0151k<\/strong><\/h2>\n<p>M\u00e1rka: ZOOY Vape<br \/>\nSz\u00edv\u00f3kapacit\u00e1s: Ak\u00e1r 45000 sz\u00edv\u00e1s<br \/>\nE-Liquid: 35mL<br \/>\nNikotiner\u0151ss\u00e9gek: 0%, 2%, 3%, 5%<br \/>\nAkkumul\u00e1tor: 1000mAh \u00fajrat\u00f6lthet\u0151 akkumul\u00e1tor<br \/>\nT\u00f6lt\u00e9s: Type-C gyorst\u00f6lt\u00e9s<br \/>\nTekercs t\u00edpusa: Dupla h\u00e1l\u00f3s tekercs a fokozott g\u0151z- \u00e9s \u00edztermel\u00e9s \u00e9rdek\u00e9ben<br \/>\nKijelz\u0151: Digit\u00e1lis kijelz\u0151 az akkumul\u00e1tor \u00e9lettartam\u00e1hoz \u00e9s az e-liquid szintekhez<\/p>\n<h2 class=\"product-title\"><strong>ZOOY Zero 45k Puff Doboz Vape \u00cdzek list\u00e1ja<\/strong><\/h2>\n<article class=\"w-full text-token-text-primary focus-visible:outline-2 focus-visible:outline-offset-[-4px]\" dir=\"auto\" data-testid=\"conversation-turn-32\" data-scroll-anchor=\"false\">\n<div class=\"m-auto text-base py-[18px] px-6\">\n<div class=\"mx-auto flex flex-1 text-base gap-4 md:gap-5 lg:gap-6 md:max-w-3xl lg:max-w-[40rem] xl:max-w-[48rem]\">\n<div class=\"group\/conversation-turn relative flex w-full min-w-0 flex-col @xs\/thread:px-0 @sm\/thread:px-1.5 @md\/thread:px-4\">\n<div class=\"flex-col gap-1 md:gap-3\">\n<div class=\"flex max-w-full flex-col flex-grow\">\n<div class=\"min-h-8 text-message flex w-full flex-col items-end gap-2 whitespace-normal break-words text-start [.text-message+&amp;]:mt-5\" dir=\"auto\" data-message-author-role=\"user\" data-message-id=\"ffac41ca-1db4-431b-873a-32c4052956f1\">\n<div class=\"flex w-full flex-col gap-1 empty:hidden items-end rtl:items-start\">\n<div class=\"relative max-w-[var(--user-chat-width,70%)] rounded-3xl bg-token-message-surface px-5 py-2.5\">\n<div class=\"absolute bottom-0 right-full top-0 -mr-3.5 hidden pr-5 pt-2 [.group\/conversation-turn:hover_&amp;]:flex\">\n<div class=\"flex\">\n<article class=\"w-full text-token-text-primary focus-visible:outline-2 focus-visible:outline-offset-[-4px]\" dir=\"auto\" data-testid=\"conversation-turn-39\" data-scroll-anchor=\"true\">\n<div class=\"m-auto text-base py-[18px] px-6\">\n<div class=\"mx-auto flex flex-1 text-base gap-4 md:gap-5 lg:gap-6 md:max-w-3xl lg:max-w-[40rem] xl:max-w-[48rem]\">\n<div class=\"group\/conversation-turn relative flex w-full min-w-0 flex-col agent-turn @xs\/thread:px-0 @sm\/thread:px-1.5 @md\/thread:px-4\">\n<div class=\"flex-col gap-1 md:gap-3\">\n<div class=\"flex max-w-full flex-col flex-grow\">\n<div class=\"min-h-8 text-message flex w-full flex-col items-end gap-2 whitespace-normal break-words text-start [.text-message+&amp;]:mt-5\" dir=\"auto\" data-message-author-role=\"assistant\" data-message-id=\"55a23854-ec57-48dd-bd4f-6118f43d6241\" data-message-model-slug=\"gpt-4o\">\n<div class=\"flex w-full flex-col gap-1 empty:hidden first:pt-[3px]\">\n<div class=\"markdown prose w-full break-words dark:prose-invert light\">\n<p>1.G\u00f6r\u00f6gdinnye j\u00e9g<br \/>\n2.\u00c1fonya j\u00e9g <strong><span style=\"color: #ff0000;\">&gt;&gt;&gt;&gt; N\u00e9pszer\u0171!<\/span><\/strong><br \/>\n3. Strawberry Watermelon<br \/>\n4.Citromos k\u00f3la<br \/>\n5.Eper Kivi <strong><span style=\"color: #ff0000;\">&gt;&gt;&gt;&gt; N\u00e9pszer\u0171!<\/span><\/strong><br \/>\n6.Sz\u0151l\u0151-alma<br \/>\n7.Epres narancs Pop<br \/>\n8. K\u00e9k Razz j\u00e9g <strong><span style=\"color: #ff0000;\">&gt;&gt;&gt;&gt; N\u00e9pszer\u0171!<\/span><\/strong><br \/>\n9. \u00c1fonya G\u00f6r\u00f6gdinnye <strong><span style=\"color: #ff0000;\">&gt;&gt;&gt;&gt; Legjobb!<\/span><\/strong><br \/>\n10.Mang\u00f3-maracuja-guava<\/p>\n<figure id=\"attachment_3895\" aria-describedby=\"caption-attachment-3895\" style=\"width: 800px\" class=\"wp-caption alignnone\"><img decoding=\"async\" class=\"wp-image-3895 size-full\" src=\"https:\/\/vapestornado.com\/wp-content\/uploads\/2025\/03\/Zooy-Zero-45000-Puff-Vape-Bulk-Buy.webp\" alt=\"Zooy Zero 45000 slukkos vape nagy t\u00e9telben\" width=\"800\" height=\"800\" srcset=\"https:\/\/vapestornado.com\/wp-content\/uploads\/2025\/03\/Zooy-Zero-45000-Puff-Vape-Bulk-Buy.webp 800w, https:\/\/vapestornado.com\/wp-content\/uploads\/2025\/03\/Zooy-Zero-45000-Puff-Vape-Bulk-Buy-300x300.webp 300w, https:\/\/vapestornado.com\/wp-content\/uploads\/2025\/03\/Zooy-Zero-45000-Puff-Vape-Bulk-Buy-150x150.webp 150w, https:\/\/vapestornado.com\/wp-content\/uploads\/2025\/03\/Zooy-Zero-45000-Puff-Vape-Bulk-Buy-768x768.webp 768w, https:\/\/vapestornado.com\/wp-content\/uploads\/2025\/03\/Zooy-Zero-45000-Puff-Vape-Bulk-Buy-600x600.webp 600w, https:\/\/vapestornado.com\/wp-content\/uploads\/2025\/03\/Zooy-Zero-45000-Puff-Vape-Bulk-Buy-100x100.webp 100w\" sizes=\"(max-width: 800px) 100vw, 800px\" \/><figcaption id=\"caption-attachment-3895\" class=\"wp-caption-text\">Zooy Zero 45000 slukkos vape nagy t\u00e9telben<\/figcaption><\/figure>\n<\/div>\n<\/div>\n<\/div>\n<\/div>\n<\/div>\n<\/div>\n<\/div>\n<\/div>\n<\/article>\n<\/div>\n<\/div>\n<\/div>\n<\/div>\n<\/div>\n<\/div>\n<\/div>\n<\/div>\n<\/div>\n<\/div>\n<\/article>\n<h3>Mi\u00e9rt v\u00e1lassza a Vapestornado-t a ZOOY Zero 45000 45K slukkos digit\u00e1lis vape nagy t\u00e9telben t\u00f6rt\u00e9n\u0151 v\u00e1s\u00e1rl\u00e1s\u00e1hoz?<\/h3>\n<div class=\"flex-shrink-0 flex flex-col relative items-end\">\n<div class=\"pt-0\">\n<div class=\"gizmo-bot-avatar flex h-8 w-8 items-center justify-center overflow-hidden rounded-full\">\n<div class=\"relative p-1 rounded-sm flex items-center justify-center bg-token-main-surface-primary text-token-text-primary h-8 w-8\">\n<p data-start=\"88\" data-end=\"557\">Amikor a <strong data-start=\"105\" data-end=\"154\">\u00a0kiv\u00e1l\u00f3 min\u0151s\u00e9g\u0171 eldobhat\u00f3 vape-ek v\u00e1s\u00e1rl\u00e1s\u00e1r\u00f3l van sz\u00f3,<\/strong>, <strong data-start=\"156\" data-end=\"172\">Vapestornado<\/strong> a verhetetlen forr\u00e1sa <strong data-start=\"208\" data-end=\"271\">gy\u00e1ri \u00e1rak, gyors sz\u00e1ll\u00edt\u00e1s \u00e9s pr\u00e9mium \u00fcgyf\u00e9lszolg\u00e1lat<\/strong>A <strong data-start=\"284\" data-end=\"322\">ZOOY Zero 45000 slukkos digit\u00e1lis vape<\/strong> nagy t\u00e9telben t\u00f6rt\u00e9n\u0151 v\u00e1s\u00e1rl\u00e1sa a Vapestornado-t\u00f3l <strong data-start=\"363\" data-end=\"400\">eredeti, 100%-ban eredeti term\u00e9keket kapsz<\/strong> a leg\u00fajabb <strong data-start=\"417\" data-end=\"515\">digit\u00e1lis kijelz\u0151 technol\u00f3gi\u00e1val, \u00fajrat\u00f6lthet\u0151 Type-C k\u00e9nyelemmel \u00e9s hatalmas, 25000 slukkos kapacit\u00e1ssal<\/strong>\u2014mindez a <strong data-start=\"527\" data-end=\"554\">legalacsonyabb nagykereskedelmi \u00e1rakon<\/strong>.<\/p>\n<p data-start=\"559\" data-end=\"933\" data-is-last-node=\"\" data-is-only-node=\"\">A <strong data-start=\"564\" data-end=\"641\">nagy t\u00e9telre vonatkoz\u00f3 kedvezm\u00e9nyeket, megb\u00edzhat\u00f3 k\u00e9szletet \u00e9s z\u00f6kken\u0151mentes rendel\u00e9si folyamatot<\/strong>, a Vapestornado garant\u00e1lja <strong data-start=\"664\" data-end=\"713\">a vape boltok, forgalmaz\u00f3k \u00e9s kiskeresked\u0151k sz\u00e1m\u00e1ra<\/strong> a <strong data-start=\"720\" data-end=\"760\">nyeres\u00e9ges \u00fczletet a legjobb term\u00e9kekkel<\/strong>. Ne maradjon le <strong data-start=\"780\" data-end=\"839\">az egyik legkeresettebb \u00fajrat\u00f6lthet\u0151 eldobhat\u00f3 vap\u00e9r\u0151l<\/strong>\u2014rendelje meg a <strong data-start=\"851\" data-end=\"884\">ZOOY Zero 45000-et nagy t\u00e9telben m\u00e9g ma<\/strong> \u00e9s tartsa meg v\u00e1s\u00e1rl\u00f3it!<\/p>\n<p data-start=\"559\" data-end=\"933\" data-is-last-node=\"\" data-is-only-node=\"\">Van m\u00e9g n\u00e9h\u00e1ny m\u00e1s, n\u00e9pszer\u0171, kijelz\u0151s vape term\u00e9k\u00fcnk, mint p\u00e9ld\u00e1ul a <a href=\"https:\/\/vapestornado.com\/hu\/product\/waspe-fihp-30000-puffs-smart-screen-vape-2-5-nicotine-wholesal\/\">WASPE 30K Kett\u0151s Vape m\u00f3d<\/a>, <a href=\"https:\/\/vapestornado.com\/hu\/product\/vopk-ultra-40000-puffs-2-in-1-digital-screen-rechargeable-disposable-vape\/\">VOPK 40000 Puffs Eldobhat\u00f3 Vape<\/a>, <a href=\"https:\/\/vapestornado.com\/hu\/product\/vapsolo-galaxy-30000-vapers-30k-puff-disposable-vape-e-cigarette-with-smart-screen\/\">Vapsolo Galaxis 30000<\/a>, \u00e9s m\u00e9g sok m\u00e1s.<\/p>\n<\/div>\n<div class=\"relative p-1 rounded-sm flex items-center justify-center bg-token-main-surface-primary text-token-text-primary h-8 w-8\">\n<h3>GYIK a Bang Leader 50k Puffs eldobhat\u00f3 vape-hez<\/h3>\n<p data-start=\"1367\" data-end=\"1549\"><strong data-start=\"1367\" data-end=\"1413\">1. Mennyi ideig b\u00edrja a ZOOY Zero 45000?<\/strong><br data-start=\"1413\" data-end=\"1416\" \/>Egy <strong data-start=\"1423\" data-end=\"1446\">45000 slukk kapacit\u00e1s<\/strong> \u00e9s a <strong data-start=\"1451\" data-end=\"1471\">35 ml e-liquid<\/strong>, ez a vape jelent\u0151sen tov\u00e1bb b\u00edrja, mint a hagyom\u00e1nyos eldobhat\u00f3ak.<\/p>\n<p data-start=\"1551\" data-end=\"1775\"><strong data-start=\"1551\" data-end=\"1602\">2. Mit\u0151l k\u00fcl\u00f6nleges az okos kijelz\u0151?<\/strong><br data-start=\"1602\" data-end=\"1605\" \/>A <strong data-start=\"1609\" data-end=\"1633\">\u00e9rint\u0151k\u00e9perny\u0151s kijelz\u0151<\/strong> val\u00f3s idej\u0171 friss\u00edt\u00e9seket ny\u00fajt a <strong data-start=\"1664\" data-end=\"1715\">az akkumul\u00e1tor \u00e1llapot\u00e1t, a slukkok sz\u00e1m\u00e1t \u00e9s az e-liquid szinteket<\/strong>, teljes kontrollt biztos\u00edtva a g\u0151z\u00f6l\u00e9si \u00e9lm\u00e9ny felett.<\/p>\n<p data-start=\"1777\" data-end=\"1934\"><strong data-start=\"1777\" data-end=\"1820\">3. \u00dajrat\u00f6lthet\u0151 a ZOOY Zero 45000?<\/strong><br data-start=\"1820\" data-end=\"1823\" \/>Igen! Rendelkezik egy <strong data-start=\"1842\" data-end=\"1873\">Type-C gyorst\u00f6lt\u0151 rendszer<\/strong>, amely lehet\u0151v\u00e9 teszi a gyors \u00fajrat\u00f6lt\u00e9st \u00e9s meghosszabb\u00edtja az \u00e9lettartam\u00e1t.<\/p>\n<p data-start=\"1936\" data-end=\"2093\"><strong data-start=\"1936\" data-end=\"1978\">4. Milyen nikotinszintek \u00e1llnak rendelkez\u00e9sre?<\/strong><br data-start=\"1978\" data-end=\"1981\" \/>Ez az eszk\u00f6z kaphat\u00f3 <strong data-start=\"2002\" data-end=\"2039\">2%, 3%, \u00e9s 5% nikotins\u00f3 er\u0151ss\u00e9gben<\/strong>, \u00edgy biztos\u00edtva a lehet\u0151s\u00e9get a k\u00fcl\u00f6nb\u00f6z\u0151 g\u0151z\u00f6l\u00e9si preferenci\u00e1khoz.<\/p>\n<p data-start=\"2095\" data-end=\"2317\"><strong data-start=\"2095\" data-end=\"2158\">5. Hol v\u00e1s\u00e1rolhatom meg a ZOOY Zero 45000-et nagykereskedelmi \u00e1ron?<\/strong><br data-start=\"2158\" data-end=\"2161\" \/>A <strong data-start=\"2165\" data-end=\"2202\">t\u00f6meges rendel\u00e9sek \u00e9s nagykereskedelmi \u00e1rak<\/strong>\u00e9rdek\u00e9ben l\u00e1togasson el a <strong data-start=\"2210\" data-end=\"2243\">Vapestornado online vape bolt<\/strong>, az \u00d6n megb\u00edzhat\u00f3 forr\u00e1sa a <strong data-start=\"2269\" data-end=\"2314\">megfizethet\u0151, kiv\u00e1l\u00f3 min\u0151s\u00e9g\u0171 eldobhat\u00f3 vape term\u00e9kekhez<\/strong>.<\/p>\n<\/div>\n<\/div>\n<\/div>\n<\/div>","protected":false},"excerpt":{"rendered":"<p>A <strong data-start=\"1489\" data-end=\"1513\">ZOOY Zero 45000 Vape<\/strong> hatalmas puff kapacit\u00e1st, intelligens \u00e9rint\u0151k\u00e9perny\u0151t \u00e9s Type-C \u00fajrat\u00f6lthet\u0151 t\u00e1pell\u00e1t\u00e1st biztos\u00edt. Pr\u00e9mium eldobhat\u00f3 eszk\u00f6z, amelyet a <strong data-start=\"1628\" data-end=\"1663\">eur\u00f3pai nagykereskedelmi v\u00e1s\u00e1rl\u00f3k sz\u00e1m\u00e1ra terveztek<\/strong>.<\/p>\n<p><strong>Add hozz\u00e1 Amy whatsappj\u00e1t, hogy azonnali v\u00e1laszt \u00e9s kedvezm\u00e9nyes \u00e1rat kapj!<\/strong><\/p>\n<p><img fetchpriority=\"high\" decoding=\"async\" class=\"size-full wp-image-2932\" src=\"https:\/\/vapestornado.com\/wp-content\/uploads\/2024\/12\/Vape-Wholesale.jpg\" alt=\"Vape nagykereskedelem\" width=\"229\" height=\"300\" \/><\/p>\n<h3><a href=\"https:\/\/wa.me\/8617776015835\"><span style=\"color: #ff0000;\"><strong>WhatsApp: +86 17776015835<\/strong><\/span><\/a><\/h3>\n<p>&nbsp;<\/p>","protected":false},"featured_media":3897,"comment_status":"open","ping_status":"closed","template":"","meta":{"_acf_changed":false,"_uag_custom_page_level_css":"","_lmt_disableupdate":"no","_lmt_disable":"","_monsterinsights_skip_tracking":false,"_monsterinsights_sitenote_active":false,"_monsterinsights_sitenote_note":"","_monsterinsights_sitenote_category":0,"site-sidebar-layout":"default","site-content-layout":"","ast-site-content-layout":"default","site-content-style":"default","site-sidebar-style":"default","ast-global-header-display":"","ast-banner-title-visibility":"","ast-main-header-display":"","ast-hfb-above-header-display":"","ast-hfb-below-header-display":"","ast-hfb-mobile-header-display":"","site-post-title":"","ast-breadcrumbs-content":"","ast-featured-img":"","footer-sml-layout":"","ast-disable-related-posts":"","theme-transparent-header-meta":"default","adv-header-id-meta":"","stick-header-meta":"","header-above-stick-meta":"","header-main-stick-meta":"","header-below-stick-meta":"","astra-migrate-meta-layouts":"set","ast-page-background-enabled":"default","ast-page-background-meta":{"desktop":{"background-color":"","background-image":"","background-repeat":"repeat","background-position":"center center","background-size":"auto","background-attachment":"scroll","background-type":"","background-media":"","overlay-type":"","overlay-color":"","overlay-opacity":"","overlay-gradient":""},"tablet":{"background-color":"","background-image":"","background-repeat":"repeat","background-position":"center center","background-size":"auto","background-attachment":"scroll","background-type":"","background-media":"","overlay-type":"","overlay-color":"","overlay-opacity":"","overlay-gradient":""},"mobile":{"background-color":"","background-image":"","background-repeat":"repeat","background-position":"center center","background-size":"auto","background-attachment":"scroll","background-type":"","background-media":"","overlay-type":"","overlay-color":"","overlay-opacity":"","overlay-gradient":""}},"ast-content-background-meta":{"desktop":{"background-color":"var(--ast-global-color-5)","background-image":"","background-repeat":"repeat","background-position":"center center","background-size":"auto","background-attachment":"scroll","background-type":"","background-media":"","overlay-type":"","overlay-color":"","overlay-opacity":"","overlay-gradient":""},"tablet":{"background-color":"var(--ast-global-color-5)","background-image":"","background-repeat":"repeat","background-position":"center center","background-size":"auto","background-attachment":"scroll","background-type":"","background-media":"","overlay-type":"","overlay-color":"","overlay-opacity":"","overlay-gradient":""},"mobile":{"background-color":"var(--ast-global-color-5)","background-image":"","background-repeat":"repeat","background-position":"center center","background-size":"auto","background-attachment":"scroll","background-type":"","background-media":"","overlay-type":"","overlay-color":"","overlay-opacity":"","overlay-gradient":""}},"_joinchat":{"telephone":"17776015835"}},"product_brand":[],"product_cat":[265,154,155,142,283],"product_tag":[94,268,267,93,269,266],"class_list":{"0":"post-3898","1":"product","2":"type-product","3":"status-publish","4":"has-post-thumbnail","6":"product_cat-45000-puff","7":"product_cat-buy-disposable-vapes-in-netherlands","8":"product_cat-buy-disposable-vapes-in-norway","9":"product_cat-digital-box-disposable-vapes","10":"product_cat-zooy-vape","11":"product_tag-rechargeable-disposable-vape","12":"product_tag-touch-screen-vape","13":"product_tag-vape-from-eu-warehouse","14":"product_tag-vape-wholesale","15":"product_tag-vape-with-screen","16":"product_tag-zooy-zero-45k","17":"desktop-align-left","18":"tablet-align-left","19":"mobile-align-left","21":"first","22":"instock","23":"sale","24":"shipping-taxable","25":"purchasable","26":"product-type-simple"},"acf":[],"uagb_featured_image_src":{"full":["https:\/\/vapestornado.com\/wp-content\/uploads\/2025\/03\/ZOOY-ZERO-45000-Puffs-Wholesale-Good-Price.webp",800,800,false],"thumbnail":["https:\/\/vapestornado.com\/wp-content\/uploads\/2025\/03\/ZOOY-ZERO-45000-Puffs-Wholesale-Good-Price-150x150.webp",150,150,true],"medium":["https:\/\/vapestornado.com\/wp-content\/uploads\/2025\/03\/ZOOY-ZERO-45000-Puffs-Wholesale-Good-Price-300x300.webp",300,300,true],"medium_large":["https:\/\/vapestornado.com\/wp-content\/uploads\/2025\/03\/ZOOY-ZERO-45000-Puffs-Wholesale-Good-Price-768x768.webp",768,768,true],"large":["https:\/\/vapestornado.com\/wp-content\/uploads\/2025\/03\/ZOOY-ZERO-45000-Puffs-Wholesale-Good-Price.webp",800,800,false],"1536x1536":["https:\/\/vapestornado.com\/wp-content\/uploads\/2025\/03\/ZOOY-ZERO-45000-Puffs-Wholesale-Good-Price.webp",800,800,false],"2048x2048":["https:\/\/vapestornado.com\/wp-content\/uploads\/2025\/03\/ZOOY-ZERO-45000-Puffs-Wholesale-Good-Price.webp",800,800,false],"trp-custom-language-flag":["https:\/\/vapestornado.com\/wp-content\/uploads\/2025\/03\/ZOOY-ZERO-45000-Puffs-Wholesale-Good-Price.webp",12,12,false],"woocommerce_thumbnail":["https:\/\/vapestornado.com\/wp-content\/uploads\/2025\/03\/ZOOY-ZERO-45000-Puffs-Wholesale-Good-Price-300x300.webp",300,300,true],"woocommerce_single":["https:\/\/vapestornado.com\/wp-content\/uploads\/2025\/03\/ZOOY-ZERO-45000-Puffs-Wholesale-Good-Price-600x600.webp",600,600,true],"woocommerce_gallery_thumbnail":["https:\/\/vapestornado.com\/wp-content\/uploads\/2025\/03\/ZOOY-ZERO-45000-Puffs-Wholesale-Good-Price-100x100.webp",100,100,true]},"uagb_author_info":{"display_name":"ESAMY","author_link":"https:\/\/vapestornado.com\/hu\/author\/"},"uagb_comment_info":0,"uagb_excerpt":"The ZOOY Zero 45000 Vape delivers massive puff capacity, smart touch screen, and Type-C rechargeable power. A premium disposable built for bulk wholesale buyers in Europe. Add Amy's whatsapp to get right reply and discount price! WhatsApp: +86 17776015835 &nbsp;","_links":{"self":[{"href":"https:\/\/vapestornado.com\/hu\/wp-json\/wp\/v2\/product\/3898","targetHints":{"allow":["GET"]}}],"collection":[{"href":"https:\/\/vapestornado.com\/hu\/wp-json\/wp\/v2\/product"}],"about":[{"href":"https:\/\/vapestornado.com\/hu\/wp-json\/wp\/v2\/types\/product"}],"replies":[{"embeddable":true,"href":"https:\/\/vapestornado.com\/hu\/wp-json\/wp\/v2\/comments?post=3898"}],"wp:featuredmedia":[{"embeddable":true,"href":"https:\/\/vapestornado.com\/hu\/wp-json\/wp\/v2\/media\/3897"}],"wp:attachment":[{"href":"https:\/\/vapestornado.com\/hu\/wp-json\/wp\/v2\/media?parent=3898"}],"wp:term":[{"taxonomy":"product_brand","embeddable":true,"href":"https:\/\/vapestornado.com\/hu\/wp-json\/wp\/v2\/product_brand?post=3898"},{"taxonomy":"product_cat","embeddable":true,"href":"https:\/\/vapestornado.com\/hu\/wp-json\/wp\/v2\/product_cat?post=3898"},{"taxonomy":"product_tag","embeddable":true,"href":"https:\/\/vapestornado.com\/hu\/wp-json\/wp\/v2\/product_tag?post=3898"}],"curies":[{"name":"wp","href":"https:\/\/api.w.org\/{rel}","templated":true}]}}