{"id":3891,"date":"2025-03-19T03:04:03","date_gmt":"2025-03-19T03:04:03","guid":{"rendered":"https:\/\/vapestornado.com\/?post_type=product&#038;p=3891"},"modified":"2025-12-09T09:49:19","modified_gmt":"2025-12-09T09:49:19","slug":"bang-leader-50000-puffs-50k-2-in-1-double-flavor-digital-disposable-vape-bulk-price","status":"publish","type":"product","link":"https:\/\/vapestornado.com\/hu\/product\/bang-leader-50000-puffs-50k-2-in-1-double-flavor-digital-disposable-vape-bulk-price\/","title":{"rendered":"Bang Leader 50000 Puffs 50k 2 az 1-ben Dupla \u00cdz\u0171 Digit\u00e1lis Eldobhat\u00f3 Vape Nagyker \u00c1ron"},"content":{"rendered":"<h1 data-pm-slice=\"1 1 []\">Bang Leader 50000 Puffs 50k 2 az 1-ben Dupla \u00cdz\u0171 Digit\u00e1lis Eldobhat\u00f3 Vape Nagyker \u00c1ron<\/h1>\n<p data-start=\"1889\" data-end=\"2114\">Bang Leader 50000 Puffs 2-in-1 dupla \u00edz\u0171 eldobhat\u00f3 vape 36ml el\u0151re t\u00f6lt\u00f6tt e-liquiddel, kett\u0151s h\u00e1l\u00f3s tekercs, \u00e1ll\u00edthat\u00f3 watt-teljes\u00edtm\u00e9ny, okos digit\u00e1lis kijelz\u0151 \u00e9s 650mAh Type-C \u00fajrat\u00f6lthet\u0151 akkumul\u00e1torral. Ak\u00e1r 50 ezres puff mennyis\u00e9g 0%\/2%\/3%\/5% nikotinnal a hossz\u00fa, testreszabhat\u00f3 EU-s vapinghez.<\/p>\n<p data-start=\"313\" data-end=\"738\"><strong data-start=\"313\" data-end=\"371\">50 ezres tart\u00f3ss\u00e1g, ami val\u00f3di napt\u00e1ri id\u0151t jelent.<\/strong> A <strong data-start=\"376\" data-end=\"419\">Bang Leader 50000 Puffs eldobhat\u00f3 vape<\/strong> egy <strong data-start=\"438\" data-end=\"462\">36 ml-es el\u0151re t\u00f6lt\u00f6tt tart\u00e1ly<\/strong>, \u00edgy a magas puff \u00e9rt\u00e9k nem elm\u00e9leti. A rendszeres EU-s felhaszn\u00e1l\u00f3k sz\u00e1m\u00e1ra ez \u00e1ltal\u00e1ban azt jelenti <strong data-start=\"548\" data-end=\"585\">hetek haszn\u00e1latot egyetlen k\u00e9sz\u00fcl\u00e9kkel<\/strong>, kevesebb boltba j\u00e1r\u00e1st, \u00e9s \u00e9szrevehet\u0151en alacsonyabb napi k\u00f6lts\u00e9get, mint a 10K\u201320K eldobhat\u00f3k eset\u00e9ben. Nagy rutinhoz illik, an\u00e9lk\u00fcl, hogy k\u00e9zben t\u00fal nagynak t\u0171nne.<\/p>\n<p data-start=\"742\" data-end=\"1220\"><strong data-start=\"742\" data-end=\"801\">2-in-1 dupla \u00edz hossz\u00fa t\u00e1von is \u00e9lvezetes marad.<\/strong> Egy ilyen hossz\u00fa \u00e9lettartam\u00fa k\u00e9sz\u00fcl\u00e9k v\u00e1ltozatoss\u00e1got ig\u00e9nyel, k\u00fcl\u00f6nben \u00edzf\u00e1radts\u00e1g alakul ki. A <strong data-start=\"886\" data-end=\"931\">Bang Leader 50K dupla \u00edz\u0171 eldobhat\u00f3<\/strong> lehet\u0151v\u00e9 tesz <strong data-start=\"938\" data-end=\"970\">12 dupla \u00edz kombin\u00e1ci\u00f3<\/strong> egy egys\u00e9gben, \u00edgy azonnal v\u00e1lthatsz \u00edzeket, amikor az \u00edzlel\u0151bimb\u00f3id v\u00e1ltoznak. Ez a funkci\u00f3 er\u0151s elad\u00e1si pont <strong data-start=\"1080\" data-end=\"1135\">N\u00e9metorsz\u00e1g, Spanyolorsz\u00e1g, Lengyelorsz\u00e1g, Franciaorsz\u00e1g \u00e9s Hollandia<\/strong>, ahol a nagy kapacit\u00e1s\u00fa vape-ket napi haszn\u00e1latra, nem pedig h\u00e9tv\u00e9gi eldobhat\u00f3kra haszn\u00e1lj\u00e1k.<\/p>\n<p data-start=\"1224\" data-end=\"1636\"><strong data-start=\"1224\" data-end=\"1282\">Kett\u0151s h\u00e1l\u00f3s tekercs kimenet s\u0171r\u0171 \u00e9s \u00edzorient\u00e1lt marad.<\/strong> A <strong data-start=\"1287\" data-end=\"1328\">Bang Leader 50k<\/strong> k\u00e9t h\u00e1l\u00f3s f\u0171t\u0151fel\u00fcletet haszn\u00e1l, hogy egyenletesen oszlassa el a h\u0151t a folyad\u00e9kban. Ez gyakorlati el\u0151ny\u00f6ket hoz: <strong data-start=\"1434\" data-end=\"1517\">sim\u00e1bb h\u00faz\u00e1sok, gazdagabb \u00edztel\u00edtetts\u00e9g \u00e9s lassabb cs\u00f6kken\u00e9s a tank v\u00e9g\u00e9n<\/strong>, m\u00e9g gyakori napi haszn\u00e1lat eset\u00e9n is. A g\u0151z marad s\u0171r\u0171, nem lesz durva, ami sok magas puff-sz\u00e1m\u00fa k\u00e9sz\u00fcl\u00e9k eset\u00e9ben probl\u00e9m\u00e1t jelent.<\/p>\n<p data-start=\"1640\" data-end=\"2080\"><strong data-start=\"1640\" data-end=\"1719\">\u00c1ll\u00edthat\u00f3 watt-teljes\u00edtm\u00e9ny teszi a h\u00faz\u00e1st az \u00d6n st\u00edlus\u00e1hoz igazod\u00f3v\u00e1, nem ford\u00edtva.<\/strong> Ezzel a <strong data-start=\"1729\" data-end=\"1783\">Bang Leader 50K vape<\/strong>, te ir\u00e1ny\u00edtod, milyen er\u0151sen \u00e9rzed minden h\u00faz\u00e1sn\u00e1l. Az alacsonyabb watt-tel nyugodtabb, h\u0171v\u00f6sebb sz\u00edv\u00e1st ad a nappali vagy munkasz\u00fcnetekhez; a magasabb watt-tel melegebb g\u0151zt \u00e9s nehezebb felh\u0151ket <strong data-start=\"1917\" data-end=\"1953\">melegebb g\u0151z \u00e9s s\u0171r\u0171bb felh\u0151k<\/strong> est\u00e9khez vagy t\u00e1rsas\u00e1gi esem\u00e9nyekhez. Hossz\u00fa \u00e9lettartam\u00fa k\u00e9sz\u00fcl\u00e9ken ez a hangol\u00e1s megakad\u00e1lyozza, hogy az \u00e9lm\u00e9ny id\u0151vel lapos legyen.<\/p>\n<p data-start=\"2084\" data-end=\"2478\"><strong data-start=\"2084\" data-end=\"2144\">\u00dajrat\u00f6lthet\u0151 Type-C t\u00f6lt\u00e9s v\u00e9di a teljes 36ml-es t\u00f6ltetet.<\/strong> Nagy eldobhat\u00f3 k\u00e9sz\u00fcl\u00e9kek frusztr\u00e1l\u00f3ak lehetnek, amikor az akkumul\u00e1tor kor\u00e1n lemer\u00fcl. A <strong data-start=\"2213\" data-end=\"2267\">Bang Leader 50000 \u00fajrat\u00f6lthet\u0151 eldobhat\u00f3 vape toll<\/strong> egy <strong data-start=\"2275\" data-end=\"2318\">650mAh akkumul\u00e1tor \u00e9s Type-C gyors t\u00f6lt\u00e9s<\/strong>, \u00edgy egy gyors felt\u00f6lt\u00e9s addig m\u0171k\u00f6dteti a k\u00e9sz\u00fcl\u00e9ket, am\u00edg a folyad\u00e9k t\u00e9nylegesen elfogy. R\u00f6vid le\u00e1ll\u00e1si id\u0151, nem pazarol\u00f3dik el a folyad\u00e9k, \u00e9s kisz\u00e1m\u00edthat\u00f3 teljes\u00edtm\u00e9ny \u00fatk\u00f6zben.<\/p>\n<p><strong><span style=\"color: #ff0000;\">Add hozz\u00e1 Amy WhatsApp-j\u00e1t, hogy azonnali v\u00e1laszt \u00e9s kedvezm\u00e9nyes \u00e1rat kapj!<\/span><\/strong><\/p>\n<p><img fetchpriority=\"high\" decoding=\"async\" class=\"size-full wp-image-2932\" src=\"https:\/\/vapestornado.com\/wp-content\/uploads\/2024\/12\/Vape-Wholesale.jpg\" alt=\"Vape nagykereskedelem\" width=\"229\" height=\"300\" \/><\/p>\n<h3><a href=\"https:\/\/wa.me\/8617776015835\" target=\"_blank\" rel=\"noopener\"><span style=\"color: #ff0000;\"><strong>WhatsApp: +86 17776015835<\/strong><\/span><\/a><\/h3>\n<p>&nbsp;<\/p>\n<h2><strong>Bang Leader 50000 Puff Crystal Vape F\u0151bb term\u00e9kjellemz\u0151k<\/strong><\/h2>\n<table>\n<thead>\n<tr>\n<th>Jellemz\u0151k<\/th>\n<th>Spec<\/th>\n<th>R\u00e9szletek<\/th>\n<\/tr>\n<\/thead>\n<tbody>\n<tr>\n<td>Term\u00e9k neve<\/td>\n<td>Bang Leader 50000 Puffs 2-in-1 Kett\u0151s \u00cdz<\/td>\n<td>Nagy kapacit\u00e1s\u00fa \u00fajrat\u00f6lthet\u0151 eldobhat\u00f3.<\/td>\n<\/tr>\n<tr>\n<td>Slukkkapacit\u00e1s<\/td>\n<td>Ak\u00e1r 50 000 sz\u00edv\u00e1s<\/td>\n<td>Hosszabb \u00e9lettartam a hossz\u00fa t\u00e1v\u00fa napi haszn\u00e1lat \u00e9rdek\u00e9ben.<\/td>\n<\/tr>\n<tr>\n<td>E-liquid \u0171rtartalom<\/td>\n<td>36 ml el\u0151re t\u00f6lt\u00f6tt<\/td>\n<td>Nagy tart\u00e1ly t\u00e1mogatja a 50K m\u0171k\u00f6d\u00e9si id\u0151t.<\/td>\n<\/tr>\n<tr>\n<td>\u00cdzrendszer<\/td>\n<td>2-in-1 kett\u0151s \u00edz kapcsol\u00f3<\/td>\n<td>K\u00e9t kever\u00e9k egy k\u00e9sz\u00fcl\u00e9kben; azonnali v\u00e1lt\u00e1s.<\/td>\n<\/tr>\n<tr>\n<td>Tekercs t\u00edpusa<\/td>\n<td>Kett\u0151s h\u00e1l\u00f3s tekercs<\/td>\n<td>Egyenletes hev\u00edt\u00e9s s\u0171r\u0171 g\u0151z \u00e9s stabil \u00edz \u00e9rdek\u00e9ben.<\/td>\n<\/tr>\n<tr>\n<td>Akkumul\u00e1tor<\/td>\n<td>650mAh \u00fajrat\u00f6lthet\u0151<\/td>\n<td>T\u00f6ltsd \u00fajra a teljes folyad\u00e9ktartalom haszn\u00e1lat\u00e1hoz.<\/td>\n<\/tr>\n<tr>\n<td>T\u00f6lt\u00e9s<\/td>\n<td>Type-C gyors t\u00f6lt\u00e9s<\/td>\n<td>Gyors felt\u00f6lt\u00e9s modern EU-k\u00e1belekkel.<\/td>\n<\/tr>\n<tr>\n<td>Watt-teljes\u00edtm\u00e9ny<\/td>\n<td>\u00c1ll\u00edthat\u00f3 kimenet<\/td>\n<td>Testreszabja a g\u0151z er\u0151ss\u00e9g\u00e9t \u00e9s melegs\u00e9g\u00e9t.<\/td>\n<\/tr>\n<tr>\n<td>Kijelz\u0151<\/td>\n<td>Okos digit\u00e1lis kijelz\u0151<\/td>\n<td>Egyszer\u0171en mutatja az akkumul\u00e1tor \u00e9s a folyad\u00e9kszinteket.<\/td>\n<\/tr>\n<tr>\n<td>Nikotin er\u0151ss\u00e9gek<\/td>\n<td>0% \/ 2% \/ 3% \/ 5% s\u00f3nikotin<\/td>\n<td>Fekv\u0151 nikotinmentes, m\u00e9rs\u00e9kelt \u00e9s er\u0151sebb felhaszn\u00e1l\u00f3knak is megfelel.<\/td>\n<\/tr>\n<\/tbody>\n<\/table>\n<h2 class=\"product-title\"><strong>Bang Leader 50k Puff Box Vape \u00cdzek List\u00e1ja<\/strong><\/h2>\n<article class=\"w-full text-token-text-primary focus-visible:outline-2 focus-visible:outline-offset-[-4px]\" dir=\"auto\" data-testid=\"conversation-turn-32\" data-scroll-anchor=\"false\">\n<div class=\"m-auto text-base py-[18px] px-6\">\n<div class=\"mx-auto flex flex-1 text-base gap-4 md:gap-5 lg:gap-6 md:max-w-3xl lg:max-w-[40rem] xl:max-w-[48rem]\">\n<div class=\"group\/conversation-turn relative flex w-full min-w-0 flex-col @xs\/thread:px-0 @sm\/thread:px-1.5 @md\/thread:px-4\">\n<div class=\"flex-col gap-1 md:gap-3\">\n<div class=\"flex max-w-full flex-col flex-grow\">\n<div class=\"min-h-8 text-message flex w-full flex-col items-end gap-2 whitespace-normal break-words text-start [.text-message+&amp;]:mt-5\" dir=\"auto\" data-message-author-role=\"user\" data-message-id=\"ffac41ca-1db4-431b-873a-32c4052956f1\">\n<div class=\"flex w-full flex-col gap-1 empty:hidden items-end rtl:items-start\">\n<div class=\"relative max-w-[var(--user-chat-width,70%)] rounded-3xl bg-token-message-surface px-5 py-2.5\">\n<div class=\"absolute bottom-0 right-full top-0 -mr-3.5 hidden pr-5 pt-2 [.group\/conversation-turn:hover_&amp;]:flex\">\n<div class=\"flex\">\n<article class=\"w-full text-token-text-primary focus-visible:outline-2 focus-visible:outline-offset-[-4px]\" dir=\"auto\" data-testid=\"conversation-turn-39\" data-scroll-anchor=\"true\">\n<div class=\"m-auto text-base py-[18px] px-6\">\n<div class=\"mx-auto flex flex-1 text-base gap-4 md:gap-5 lg:gap-6 md:max-w-3xl lg:max-w-[40rem] xl:max-w-[48rem]\">\n<div class=\"group\/conversation-turn relative flex w-full min-w-0 flex-col agent-turn @xs\/thread:px-0 @sm\/thread:px-1.5 @md\/thread:px-4\">\n<div class=\"flex-col gap-1 md:gap-3\">\n<div class=\"flex max-w-full flex-col flex-grow\">\n<div class=\"min-h-8 text-message flex w-full flex-col items-end gap-2 whitespace-normal break-words text-start [.text-message+&amp;]:mt-5\" dir=\"auto\" data-message-author-role=\"assistant\" data-message-id=\"55a23854-ec57-48dd-bd4f-6118f43d6241\" data-message-model-slug=\"gpt-4o\">\n<div class=\"flex w-full flex-col gap-1 empty:hidden first:pt-[3px]\">\n<div class=\"markdown prose w-full break-words dark:prose-invert light\">\n<p>&nbsp;<\/p>\n<p>1.Eper M\u00e1lna Cseresznye J\u00e9g\/ Cseresznye<\/p>\n<p>2.G\u00f6r\u00f6gdinnye Eper\/ G\u00f6r\u00f6gdinnye <strong><span style=\"color: #ff0000;\">&gt;&gt;&gt;&gt; N\u00e9pszer\u0171!<\/span><\/strong><\/p>\n<p>3.Fekete Sz\u0151l\u0151\/Z\u00f6ld Sz\u0151l\u0151<\/p>\n<p>4.Alma K\u00f6rte\/Kiwi Maracuja Guava<\/p>\n<p>5.Savany\u00fa Anan\u00e1sz Limon\u00e1d\u00e9\/Citrom Lime <strong><span style=\"color: #ff0000;\">&gt;&gt;&gt;&gt; Legjobb!<\/span><\/strong><\/p>\n<p>6.Ban\u00e1n J\u00e9g\/ Mang\u00f3<\/p>\n<p>7. \u00c1fonya Savany\u00fa M\u00e1lna\/\u00c1fonya <strong><span style=\"color: #ff0000;\">&gt;&gt;&gt;&gt; N\u00e9pszer\u0171!<\/span><\/strong><\/p>\n<p>8. Cseresznye Cola\/Pink Limon\u00e1d\u00e9<\/p>\n<p>9. \u00c1fonya M\u00e1lna Limon\u00e1d\u00e9\/Eper M\u00e1lna Cseresznye J\u00e9g <strong><span style=\"color: #ff0000;\">&gt;&gt;&gt;&gt; N\u00e9pszer\u0171!<\/span><\/strong><\/p>\n<p>10. Eper Kiwi\/Eper J\u00e9g<\/p>\n<p>11. Anan\u00e1sz Maracuja\/Anan\u00e1sz J\u00e9g<\/p>\n<p>12. M\u00e1lna Mojito\/Cseresznye M\u00e1lna Lime <strong><span style=\"color: #ff0000;\">&gt;&gt;&gt;&gt; N\u00e9pszer\u0171!<\/span><\/strong><\/p>\n<p>&nbsp;<\/p>\n<\/div>\n<\/div>\n<\/div>\n<\/div>\n<\/div>\n<\/div>\n<\/div>\n<\/div>\n<\/article>\n<\/div>\n<\/div>\n<\/div>\n<\/div>\n<\/div>\n<\/div>\n<\/div>\n<\/div>\n<\/div>\n<\/div>\n<\/article>\n<h2>Mi\u00e9rt v\u00e1lassza a Vapestornad\u00f3t a Bang Leader 50000 Puffs digit\u00e1lis vape t\u00f6meges rendel\u00e9s\u00e9hez?<\/h2>\n<div class=\"flex-shrink-0 flex flex-col relative items-end\">\n<div class=\"pt-0\">\n<div class=\"gizmo-bot-avatar flex h-8 w-8 items-center justify-center overflow-hidden rounded-full\">\n<div class=\"relative p-1 rounded-sm flex items-center justify-center bg-token-main-surface-primary text-token-text-primary h-8 w-8\">\n<p data-start=\"75\" data-end=\"479\">Amikor a <strong data-start=\"92\" data-end=\"117\">t\u00f6meges eldobhat\u00f3 vape-ek<\/strong>, <strong data-start=\"119\" data-end=\"152\">Vapestornado online vape \u00e1ruh\u00e1z<\/strong> a legmegfelel\u0151bb c\u00e9lpont a<strong data-start=\"182\" data-end=\"202\">\u00a0v\u00e1s\u00e1rl\u00f3k sz\u00e1m\u00e1ra,<\/strong> akik <strong data-start=\"215\" data-end=\"257\">megfizethet\u0151 \u00e1rakat \u00e9s kiv\u00e1l\u00f3 min\u0151s\u00e9get keresnek<\/strong>. Mi k\u00edn\u00e1lunk <strong data-start=\"268\" data-end=\"299\">exkluz\u00edv nagykereskedelmi \u00e1rakat<\/strong> a Bang Leader 50000 Puffs term\u00e9kre, lehet\u0151v\u00e9 t\u00e9ve a kiskeresked\u0151k \u00e9s forgalmaz\u00f3k sz\u00e1m\u00e1ra, hogy felt\u00f6lts\u00e9k k\u00e9szleteiket az egyik legkeresettebb<a href=\"https:\/\/vapestornado.com\/hu\/product\/uor-120000-puff-120k-4-flavors-rechargeable-disposable-vape-shop-online\/\"> <strong data-start=\"412\" data-end=\"445\">\u00fajrat\u00f6lthet\u0151 eldobhat\u00f3 vape-pel<\/strong><\/a>\u00a0egy <strong data-start=\"453\" data-end=\"476\">digit\u00e1lis LED kijelz\u0151<\/strong>.<\/p>\n<\/div>\n<div class=\"relative p-1 rounded-sm flex items-center justify-center bg-token-main-surface-primary text-token-text-primary h-8 w-8\">\n<h2>GYIK a Bang Leader 50k Puffs eldobhat\u00f3 vape-hez<\/h2>\n<ol data-start=\"3086\" data-end=\"4136\">\n<li data-start=\"3086\" data-end=\"3306\">\n<p data-start=\"3089\" data-end=\"3306\"><strong data-start=\"3089\" data-end=\"3177\">Hogyan m\u0171k\u00f6dik a Bang Leader 50000 Puffs 2-in-1 dupla \u00edz rendszer a mindennapi haszn\u00e1lat sor\u00e1n?<\/strong><br data-start=\"3177\" data-end=\"3180\" \/>K\u00e9t \u00edzprofilt tart egy eszk\u00f6zben, lehet\u0151v\u00e9 t\u00e9ve az azonnali v\u00e1lt\u00e1st. Ez magas v\u00e1ltozatoss\u00e1got biztos\u00edt hossz\u00fa, t\u00f6bbhetes haszn\u00e1lat sor\u00e1n.<\/p>\n<\/li>\n<li data-start=\"3308\" data-end=\"3511\">\n<p data-start=\"3311\" data-end=\"3511\"><strong data-start=\"3311\" data-end=\"3405\">Cs\u00f6kkenti-e a Bang Leader 50K dupla h\u00e1l\u00f3s tekercs eldobhat\u00f3 vape az \u00edzvesztes\u00e9get id\u0151vel?<\/strong><br data-start=\"3405\" data-end=\"3408\" \/>A dupla h\u00e1l\u00f3s tekercsek egyenletesen meleg\u00edtenek \u00e9s lass\u00edtj\u00e1k az \u00edz halv\u00e1nyod\u00e1s\u00e1t, k\u00fcl\u00f6n\u00f6sen fontos egy 36 ml magas kapacit\u00e1s\u00fa eszk\u00f6z eset\u00e9ben.<\/p>\n<\/li>\n<li data-start=\"3513\" data-end=\"3736\">\n<p data-start=\"3516\" data-end=\"3736\"><strong data-start=\"3516\" data-end=\"3612\">Milyen k\u00fcl\u00f6nbs\u00e9get jelent az \u00e1ll\u00edthat\u00f3 watt teljes\u00edtm\u00e9ny a Bang Leader 50000 Puffs eldobhat\u00f3 vape-ben?<\/strong><br data-start=\"3612\" data-end=\"3615\" \/>Az \u00e1ll\u00edthat\u00f3 watt lehet\u0151v\u00e9 teszi a g\u0151z melegs\u00e9g\u00e9nek \u00e9s intenzit\u00e1s\u00e1nak szab\u00e1lyoz\u00e1s\u00e1t\u2014alacsonyabb a sim\u00e1bb napi sz\u00edv\u00e1s\u00e9rt, magasabb a s\u0171r\u0171bb felh\u0151k\u00e9rt.<\/p>\n<\/li>\n<li data-start=\"3738\" data-end=\"3930\">\n<p data-start=\"3741\" data-end=\"3930\"><strong data-start=\"3741\" data-end=\"3830\">Befejezheti-e a Bang Leader 50000 Type-C \u00fajrat\u00f6lthet\u0151 eldobhat\u00f3 az eg\u00e9sz 36 ml-es tart\u00e1lyt?<\/strong><br data-start=\"3830\" data-end=\"3833\" \/>Igen. Az \u00fajrat\u00f6lthet\u0151s\u00e9g azt jelenti, hogy sz\u00fcks\u00e9g szerint felt\u00f6lt\u00f6d az energi\u00e1t, \u00e9s addig haszn\u00e1lod, am\u00edg a folyad\u00e9k el nem fogy.<\/p>\n<\/li>\n<li data-start=\"3932\" data-end=\"4136\">\n<p data-start=\"3935\" data-end=\"4136\"><strong data-start=\"3935\" data-end=\"4030\">Mely nikotin opci\u00f3 felel meg k\u00fcl\u00f6nb\u00f6z\u0151 felhaszn\u00e1l\u00f3knak a Bang Leader 50K krist\u00e1ly eldobhat\u00f3 vape-ben?<\/strong><br data-start=\"4030\" data-end=\"4033\" \/>0% csak \u00edzhez val\u00f3 haszn\u00e1latra val\u00f3, a 2%\u20133% a legt\u00f6bb napi rutinhoz megfelel, m\u00edg az 5% azoknak val\u00f3, akik er\u0151sebb hat\u00e1st szeretn\u00e9nek.<\/p>\n<\/li>\n<\/ol>\n<\/div>\n<\/div>\n<\/div>\n<\/div>","protected":false},"excerpt":{"rendered":"<p>A <strong data-start=\"1452\" data-end=\"1484\">Bang Vezet\u0151 50000 Puffs Vape<\/strong> kett\u0151s \u00edzeket, digit\u00e1lis kijelz\u0151t \u00e9s \u00e1ll\u00edthat\u00f3 teljes\u00edtm\u00e9nyt k\u00edn\u00e1l. Egy \u00fajrat\u00f6lthet\u0151 <strong data-start=\"1562\" data-end=\"1585\">50K puff eldobhat\u00f3<\/strong> ide\u00e1lis a <strong data-start=\"1596\" data-end=\"1631\">nagykereskedelmi t\u00f6meges megrendel\u00e9sekhez Eur\u00f3p\u00e1ban<\/strong>.<br \/>\nBang Leader 50k Puff Vape Kit Nagyker \u00c1ron<\/p>\n<p><strong>Add hozz\u00e1 Amy whatsappj\u00e1t, hogy azonnali v\u00e1laszt \u00e9s kedvezm\u00e9nyes \u00e1rat kapj!<\/strong><\/p>\n<p><img fetchpriority=\"high\" decoding=\"async\" class=\"size-full wp-image-2932\" src=\"https:\/\/vapestornado.com\/wp-content\/uploads\/2024\/12\/Vape-Wholesale.jpg\" alt=\"Vape nagykereskedelem\" width=\"229\" height=\"300\" \/><\/p>\n<h3><a href=\"https:\/\/wa.me\/8617776015835\"><span style=\"color: #ff0000;\"><strong>WhatsApp: +86 17776015835<\/strong><\/span><\/a><\/h3>\n<p>&nbsp;<\/p>","protected":false},"featured_media":3867,"comment_status":"open","ping_status":"closed","template":"","meta":{"_acf_changed":false,"_uag_custom_page_level_css":"","_lmt_disableupdate":"no","_lmt_disable":"","_monsterinsights_skip_tracking":false,"_monsterinsights_sitenote_active":false,"_monsterinsights_sitenote_note":"","_monsterinsights_sitenote_category":0,"site-sidebar-layout":"default","site-content-layout":"","ast-site-content-layout":"default","site-content-style":"default","site-sidebar-style":"default","ast-global-header-display":"","ast-banner-title-visibility":"","ast-main-header-display":"","ast-hfb-above-header-display":"","ast-hfb-below-header-display":"","ast-hfb-mobile-header-display":"","site-post-title":"","ast-breadcrumbs-content":"","ast-featured-img":"","footer-sml-layout":"","ast-disable-related-posts":"","theme-transparent-header-meta":"default","adv-header-id-meta":"","stick-header-meta":"","header-above-stick-meta":"","header-main-stick-meta":"","header-below-stick-meta":"","astra-migrate-meta-layouts":"set","ast-page-background-enabled":"default","ast-page-background-meta":{"desktop":{"background-color":"","background-image":"","background-repeat":"repeat","background-position":"center center","background-size":"auto","background-attachment":"scroll","background-type":"","background-media":"","overlay-type":"","overlay-color":"","overlay-opacity":"","overlay-gradient":""},"tablet":{"background-color":"","background-image":"","background-repeat":"repeat","background-position":"center center","background-size":"auto","background-attachment":"scroll","background-type":"","background-media":"","overlay-type":"","overlay-color":"","overlay-opacity":"","overlay-gradient":""},"mobile":{"background-color":"","background-image":"","background-repeat":"repeat","background-position":"center center","background-size":"auto","background-attachment":"scroll","background-type":"","background-media":"","overlay-type":"","overlay-color":"","overlay-opacity":"","overlay-gradient":""}},"ast-content-background-meta":{"desktop":{"background-color":"var(--ast-global-color-5)","background-image":"","background-repeat":"repeat","background-position":"center center","background-size":"auto","background-attachment":"scroll","background-type":"","background-media":"","overlay-type":"","overlay-color":"","overlay-opacity":"","overlay-gradient":""},"tablet":{"background-color":"var(--ast-global-color-5)","background-image":"","background-repeat":"repeat","background-position":"center center","background-size":"auto","background-attachment":"scroll","background-type":"","background-media":"","overlay-type":"","overlay-color":"","overlay-opacity":"","overlay-gradient":""},"mobile":{"background-color":"var(--ast-global-color-5)","background-image":"","background-repeat":"repeat","background-position":"center center","background-size":"auto","background-attachment":"scroll","background-type":"","background-media":"","overlay-type":"","overlay-color":"","overlay-opacity":"","overlay-gradient":""}},"_joinchat":{"telephone":"17776015835"}},"product_brand":[],"product_cat":[19,192,62,159,160,143,144],"product_tag":[264,196,94,240,93],"class_list":{"0":"post-3891","1":"product","2":"type-product","3":"status-publish","4":"has-post-thumbnail","6":"product_cat-vapes","7":"product_cat-50000-puff","8":"product_cat-bang-vape","9":"product_cat-buy-disposable-vapes-in-sweden","10":"product_cat-buy-disposable-vapes-in-switzerland","11":"product_cat-dual-mesh-disposable-vapes","12":"product_cat-low-nicotine-disposable-vapes","13":"product_tag-bang-leader-50000-puff","14":"product_tag-bang-vape","15":"product_tag-rechargeable-disposable-vape","16":"product_tag-twins-flavor-disposable-vape","17":"product_tag-vape-wholesale","18":"desktop-align-left","19":"tablet-align-left","20":"mobile-align-left","22":"first","23":"instock","24":"sale","25":"shipping-taxable","26":"purchasable","27":"product-type-simple"},"acf":[],"uagb_featured_image_src":{"full":["https:\/\/vapestornado.com\/wp-content\/uploads\/2025\/03\/Bang-Leader-50000-50K-Puffs.webp",800,800,false],"thumbnail":["https:\/\/vapestornado.com\/wp-content\/uploads\/2025\/03\/Bang-Leader-50000-50K-Puffs-150x150.webp",150,150,true],"medium":["https:\/\/vapestornado.com\/wp-content\/uploads\/2025\/03\/Bang-Leader-50000-50K-Puffs-300x300.webp",300,300,true],"medium_large":["https:\/\/vapestornado.com\/wp-content\/uploads\/2025\/03\/Bang-Leader-50000-50K-Puffs-768x768.webp",768,768,true],"large":["https:\/\/vapestornado.com\/wp-content\/uploads\/2025\/03\/Bang-Leader-50000-50K-Puffs.webp",800,800,false],"1536x1536":["https:\/\/vapestornado.com\/wp-content\/uploads\/2025\/03\/Bang-Leader-50000-50K-Puffs.webp",800,800,false],"2048x2048":["https:\/\/vapestornado.com\/wp-content\/uploads\/2025\/03\/Bang-Leader-50000-50K-Puffs.webp",800,800,false],"trp-custom-language-flag":["https:\/\/vapestornado.com\/wp-content\/uploads\/2025\/03\/Bang-Leader-50000-50K-Puffs.webp",12,12,false],"woocommerce_thumbnail":["https:\/\/vapestornado.com\/wp-content\/uploads\/2025\/03\/Bang-Leader-50000-50K-Puffs-300x300.webp",300,300,true],"woocommerce_single":["https:\/\/vapestornado.com\/wp-content\/uploads\/2025\/03\/Bang-Leader-50000-50K-Puffs-600x600.webp",600,600,true],"woocommerce_gallery_thumbnail":["https:\/\/vapestornado.com\/wp-content\/uploads\/2025\/03\/Bang-Leader-50000-50K-Puffs-100x100.webp",100,100,true]},"uagb_author_info":{"display_name":"ESAMY","author_link":"https:\/\/vapestornado.com\/hu\/author\/"},"uagb_comment_info":0,"uagb_excerpt":"The Bang Leader 50000 Puffs Vape offers dual flavors, digital display, and adjustable wattage. A rechargeable 50K puff disposable ideal for wholesale bulk orders in Europe. Bang Leader 50k Puff Vape Kit Wholesale Cheap Price Add Amy's whatsapp to get right reply and discount price! WhatsApp: +86 17776015835 &nbsp;","_links":{"self":[{"href":"https:\/\/vapestornado.com\/hu\/wp-json\/wp\/v2\/product\/3891","targetHints":{"allow":["GET"]}}],"collection":[{"href":"https:\/\/vapestornado.com\/hu\/wp-json\/wp\/v2\/product"}],"about":[{"href":"https:\/\/vapestornado.com\/hu\/wp-json\/wp\/v2\/types\/product"}],"replies":[{"embeddable":true,"href":"https:\/\/vapestornado.com\/hu\/wp-json\/wp\/v2\/comments?post=3891"}],"wp:featuredmedia":[{"embeddable":true,"href":"https:\/\/vapestornado.com\/hu\/wp-json\/wp\/v2\/media\/3867"}],"wp:attachment":[{"href":"https:\/\/vapestornado.com\/hu\/wp-json\/wp\/v2\/media?parent=3891"}],"wp:term":[{"taxonomy":"product_brand","embeddable":true,"href":"https:\/\/vapestornado.com\/hu\/wp-json\/wp\/v2\/product_brand?post=3891"},{"taxonomy":"product_cat","embeddable":true,"href":"https:\/\/vapestornado.com\/hu\/wp-json\/wp\/v2\/product_cat?post=3891"},{"taxonomy":"product_tag","embeddable":true,"href":"https:\/\/vapestornado.com\/hu\/wp-json\/wp\/v2\/product_tag?post=3891"}],"curies":[{"name":"wp","href":"https:\/\/api.w.org\/{rel}","templated":true}]}}