{"id":3890,"date":"2025-03-18T02:33:25","date_gmt":"2025-03-18T02:33:25","guid":{"rendered":"https:\/\/vapestornado.com\/?post_type=product&#038;p=3890"},"modified":"2025-12-04T08:58:11","modified_gmt":"2025-12-04T08:58:11","slug":"original-bang-leader-20000-puff-crystal-disposable-vape-box-20k-puffs-wholesale-vapers","status":"publish","type":"product","link":"https:\/\/vapestornado.com\/hu\/product\/original-bang-leader-20000-puff-crystal-disposable-vape-box-20k-puffs-wholesale-vapers\/","title":{"rendered":"Eredeti Bang Leader 20000 Puff Crystal eldobhat\u00f3 vape doboz 20K Puffs nagykereskedelmi vape-ek"},"content":{"rendered":"<h1 data-pm-slice=\"1 1 []\">Eredeti Bang Leader 20000 Puff Crystal eldobhat\u00f3 vape doboz 20K Puffs nagykereskedelmi vape-ek<\/h1>\n<p data-start=\"1084\" data-end=\"1266\">Bang Leader 20000 Puff Crystal egy 20 000 szippant\u00e1sos eldobhat\u00f3 k\u00e9sz\u00fcl\u00e9k, 28 ml-es tankkal, 650mAh t\u00edpus-C \u00fajrat\u00f6lthet\u0151 akkumul\u00e1torral, dupla h\u00e1l\u00f3s tekercsekkel, \u00e9s krist\u00e1lyszer\u0171 testtel nyakl\u00e1nccal\u2014hossz\u00fa haszn\u00e1latra, \u00e1lland\u00f3 \u00edz\u00e9lm\u00e9nyre \u00e9s k\u00f6nny\u0171 hordozhat\u00f3s\u00e1gra tervezve.<\/p>\n<p data-start=\"584\" data-end=\"867\">A k\u00e9sz\u00fcl\u00e9k \u00e9rt\u00e9kel\u00e9se szerint <strong data-start=\"679\" data-end=\"701\">ak\u00e1r 20 000 sz\u00edv\u00e1ssal<\/strong> \u00e9s tartalmaz <strong data-start=\"712\" data-end=\"732\">28 ml e-juice-t<\/strong>, \u00edgy a legt\u00f6bb felhaszn\u00e1l\u00f3 sokkal hosszabb \u00fczemid\u0151t kap, mint az 5k\u201310k modellek. Kevesebb csere is kevesebb kellemetlens\u00e9get \u00e9s alacsonyabb k\u00f6lts\u00e9get jelent szippant\u00e1sonk\u00e9nt az id\u0151 m\u00fal\u00e1s\u00e1val. A Bang Leader 20000 Puff Crystal eldobhat\u00f3 vape <strong data-start=\"956\" data-end=\"975\">dupla h\u00e1l\u00f3s tekercsek<\/strong>, amely egyenletesen meleg\u00edti az e-juice-t. Ez seg\u00edt meg\u0151rizni a sima h\u00faz\u00e1st \u00e9s az \u00e1lland\u00f3 \u00edzt a korai haszn\u00e1latt\u00f3l a tank v\u00e9g\u00e9ig, ahelyett, hogy f\u00e9l\u00faton cs\u00f6kkenne.<\/p>\n<p data-start=\"584\" data-end=\"867\">A <strong data-start=\"1193\" data-end=\"1227\">650mAh akkumul\u00e1tor \u00fajrat\u00f6lthet\u0151<\/strong>, \u00edgy felt\u00f6ltheted az energi\u00e1t \u00e9s befejezheted az \u00f6sszes folyad\u00e9kot an\u00e9lk\u00fcl, hogy a k\u00e9sz\u00fcl\u00e9k kor\u00e1n lemer\u00fclne. Ez a bang leader 20000 szippant\u00e1sos eldobhat\u00f3 vape tartalmaz <strong data-start=\"1307\" data-end=\"1326\">\u00e9s a Type-C t\u00f6lt\u00e9s<\/strong> , amely sz\u00e9les k\u00f6rben kompatibilis \u00e9s gyors, \u00edgy gyorsan visszat\u00e9rhetsz a vap\u00e9z\u00e1shoz hossz\u00fa sz\u00fcnetek n\u00e9lk\u00fcl. A <strong data-start=\"1461\" data-end=\"1483\">krist\u00e1lyszer\u0171 test<\/strong> kompakt \u00e9s massz\u00edv, \u00e9s a mell\u00e9kelt <strong data-start=\"1524\" data-end=\"1535\">nyakl\u00e1nc<\/strong> egyszer\u0171v\u00e9 teszi, hogy k\u00e9zn\u00e9l legyen, amikor kint vagy. Napi hordoz\u00e1sra tervezt\u00e9k, an\u00e9lk\u00fcl, hogy neh\u00e9znek \u00e9rezn\u00e9d. A nikotinszintek k\u00f6z\u00e9 tartoznak <strong data-start=\"1712\" data-end=\"1743\">0%, 2%, 3% \u00e9s 5% nikotin<\/strong><\/p>\n<p><strong><span style=\"color: #ff0000;\">Add hozz\u00e1 Amy WhatsApp-j\u00e1t, hogy azonnali v\u00e1laszt \u00e9s kedvezm\u00e9nyes \u00e1rat kapj!<\/span><\/strong><\/p>\n<p><img fetchpriority=\"high\" decoding=\"async\" class=\"size-full wp-image-2932\" src=\"https:\/\/vapestornado.com\/wp-content\/uploads\/2024\/12\/Vape-Wholesale.jpg\" alt=\"Vape nagykereskedelem\" width=\"229\" height=\"300\" \/><\/p>\n<h3><a href=\"https:\/\/wa.me\/8617776015835\" target=\"_blank\" rel=\"noopener\"><span style=\"color: #ff0000;\"><strong>WhatsApp: +86 17776015835<\/strong><\/span><\/a><\/h3>\n<p>&nbsp;<\/p>\n<h2><strong>Bang Leader 20000 Puff Crystal Vape F\u0151bb term\u00e9kjellemz\u0151k<\/strong><\/h2>\n<table>\n<thead>\n<tr>\n<th>Jellemz\u0151k<\/th>\n<th align=\"right\">Specifik\u00e1ci\u00f3<\/th>\n<th><\/th>\n<\/tr>\n<\/thead>\n<tbody>\n<tr>\n<td>Term\u00e9k neve<\/td>\n<td align=\"right\">Bang Leader 20000 Puff Crystal Eldobhat\u00f3 Vape<\/td>\n<td>K\u00f6nnyen azonos\u00edthat\u00f3 ism\u00e9tl\u0151d\u0151 v\u00e1s\u00e1rl\u00f3k sz\u00e1m\u00e1ra.<\/td>\n<\/tr>\n<tr>\n<td>Slukkkapacit\u00e1s<\/td>\n<td align=\"right\">Ak\u00e1r 20 000 szippant\u00e1s<\/td>\n<td>Hossz\u00fa t\u00e1v\u00fa haszn\u00e1lat; kevesebb csere, mint a standard eldobhat\u00f3 k\u00e9sz\u00fcl\u00e9kekn\u00e9l.<\/td>\n<\/tr>\n<tr>\n<td>E-liquid \u0171rtartalom<\/td>\n<td align=\"right\">28ml el\u0151re t\u00f6lt\u00f6tt<\/td>\n<td>Nagy tart\u00e1ly teljes puffsz\u00e1mot t\u00e1mogat \u00fajrat\u00f6lt\u00e9s n\u00e9lk\u00fcl.<\/td>\n<\/tr>\n<tr>\n<td>Akkumul\u00e1tor<\/td>\n<td align=\"right\">650mAh \u00fajrat\u00f6lthet\u0151<\/td>\n<td>T\u00f6ltsd \u00fajra, hogy az \u00f6sszes e-folyad\u00e9kot felhaszn\u00e1ld, ahelyett, hogy puffokat vesz\u00edten\u00e9l.<\/td>\n<\/tr>\n<tr>\n<td>T\u00f6lt\u00e9s<\/td>\n<td align=\"right\">USB Type-C<\/td>\n<td>\u00c1ltal\u00e1nos k\u00e1bel szabv\u00e1ny; gyorsabb \u00e9s k\u00f6nnyebb megtal\u00e1lni.<\/td>\n<\/tr>\n<tr>\n<td>Tekercs t\u00edpusa<\/td>\n<td align=\"right\">Kett\u0151s h\u00e1l\u00f3s tekercs<\/td>\n<td>Egyenletes hev\u00edt\u00e9s = sim\u00e1bb g\u0151z \u00e9s stabilabb \u00edz.<\/td>\n<\/tr>\n<tr>\n<td>Nikotin opci\u00f3k<\/td>\n<td align=\"right\">0% \/ 2% \/ 3% \/ 5%<\/td>\n<td>Lehet\u0151v\u00e9 teszi a felhaszn\u00e1l\u00f3knak, hogy kiv\u00e1lassz\u00e1k a nekik megfelel\u0151 nikotinszintet.<\/td>\n<\/tr>\n<tr>\n<td>Design<\/td>\n<td align=\"right\">Krist\u00e1lytest + nyakl\u00e1nc<\/td>\n<td>Zsebbar\u00e1t \u00e9s k\u00f6nnyen hordozhat\u00f3 k\u00e9z n\u00e9lk\u00fcl.<\/td>\n<\/tr>\n<tr>\n<td>Aktiv\u00e1l\u00e1s<\/td>\n<td align=\"right\">Sz\u00edv\u00e1sra aktiv\u00e1l\u00f3dik<\/td>\n<td>Nincs gomb; sz\u00edvj be a vap\u00e9zhez.<\/td>\n<\/tr>\n<\/tbody>\n<\/table>\n<h2 class=\"product-title\"><strong>Bang Leader 20k Puffs Box Vape \u00cdzek List\u00e1ja<\/strong><\/h2>\n<article class=\"group\/turn w-full text-token-text-primary focus-visible:outline-2 focus-visible:outline-offset-[-4px]\" dir=\"auto\" data-testid=\"conversation-turn-61\" data-scroll-anchor=\"true\">\n<div class=\"text-base my-auto mx-auto py-[18px] px-6\">\n<div class=\"mx-auto flex flex-1 text-base gap-4 md:gap-5 lg:gap-6 md:max-w-3xl lg:max-w-[40rem] xl:max-w-[48rem]\">\n<div class=\"group\/conversation-turn relative flex w-full min-w-0 flex-col agent-turn @xs\/thread:px-0 @sm\/thread:px-1.5 @md\/thread:px-4\">\n<div class=\"flex-col gap-1 md:gap-3\">\n<div class=\"flex max-w-full flex-col flex-grow\">\n<div class=\"min-h-8 text-message relative flex w-full flex-col items-end gap-2 whitespace-normal break-words text-start [.text-message+&amp;]:mt-5\" dir=\"auto\" data-message-author-role=\"assistant\" data-message-id=\"762d7e41-70d5-4ddf-94cb-85ef5025d3a8\" data-message-model-slug=\"gpt-4o\">\n<div class=\"flex w-full flex-col gap-1 empty:hidden first:pt-[3px]\">\n<div class=\"markdown prose w-full break-words dark:prose-invert light\">\n<p>&nbsp;<\/p>\n<p>1. G\u00f6r\u00f6gdinnye j\u00e9g <strong><span style=\"color: #ff0000;\">&gt;&gt;&gt;&gt; N\u00e9pszer\u0171!<\/span><\/strong><\/p>\n<p>2. Eper Kiwi<\/p>\n<p>3. Eper J\u00e9g <strong><span style=\"color: #ff0000;\">&gt;&gt;&gt;&gt; N\u00e9pszer\u0171!<\/span><\/strong><\/p>\n<p>4. Mang\u00f3 \u0150szibarack<\/p>\n<p>5. \u00c1fonya M\u00e1lna <strong><span style=\"color: #ff0000;\">&gt;&gt;&gt;&gt; Legjobb!<\/span><\/strong><\/p>\n<p>6. \u00c1fonya Menta<\/p>\n<p>7. Vegyes Gy\u00fcm\u00f6lcs <strong><span style=\"color: #ff0000;\">&gt;&gt;&gt;&gt; N\u00e9pszer\u0171!<\/span><\/strong><\/p>\n<p>8. Eper G\u00f6r\u00f6gdinnye<\/p>\n<p>9. Sz\u0151l\u0151 J\u00e9g<\/p>\n<p>10. G\u00f6r\u00f6gdinnye R\u00e1g\u00f3gumi<\/p>\n<p>11. \u00c1fonya J\u00e9g <strong><span style=\"color: #ff0000;\">&gt;&gt;&gt;&gt; N\u00e9pszer\u0171!<\/span><\/strong><\/p>\n<p>12. \u0150szibarack j\u00e9g<\/p>\n<\/div>\n<\/div>\n<\/div>\n<\/div>\n<\/div>\n<\/div>\n<\/div>\n<\/div>\n<\/article>\n<article class=\"w-full text-token-text-primary focus-visible:outline-2 focus-visible:outline-offset-[-4px]\" dir=\"auto\" data-testid=\"conversation-turn-32\" data-scroll-anchor=\"false\">\n<div class=\"m-auto text-base py-[18px] px-6\">\n<div class=\"mx-auto flex flex-1 text-base gap-4 md:gap-5 lg:gap-6 md:max-w-3xl lg:max-w-[40rem] xl:max-w-[48rem]\">\n<div class=\"group\/conversation-turn relative flex w-full min-w-0 flex-col @xs\/thread:px-0 @sm\/thread:px-1.5 @md\/thread:px-4\">\n<div class=\"flex-col gap-1 md:gap-3\">\n<div class=\"flex max-w-full flex-col flex-grow\">\n<div class=\"min-h-8 text-message flex w-full flex-col items-end gap-2 whitespace-normal break-words text-start [.text-message+&amp;]:mt-5\" dir=\"auto\" data-message-author-role=\"user\" data-message-id=\"ffac41ca-1db4-431b-873a-32c4052956f1\">\n<div class=\"flex w-full flex-col gap-1 empty:hidden items-end rtl:items-start\">\n<div class=\"relative max-w-[var(--user-chat-width,70%)] rounded-3xl bg-token-message-surface px-5 py-2.5\">\n<div class=\"absolute bottom-0 right-full top-0 -mr-3.5 hidden pr-5 pt-2 [.group\/conversation-turn:hover_&amp;]:flex\">\n<div class=\"flex\">\n<article class=\"w-full text-token-text-primary focus-visible:outline-2 focus-visible:outline-offset-[-4px]\" dir=\"auto\" data-testid=\"conversation-turn-39\" data-scroll-anchor=\"true\">\n<div class=\"m-auto text-base py-[18px] px-6\">\n<div class=\"mx-auto flex flex-1 text-base gap-4 md:gap-5 lg:gap-6 md:max-w-3xl lg:max-w-[40rem] xl:max-w-[48rem]\">\n<div class=\"group\/conversation-turn relative flex w-full min-w-0 flex-col agent-turn @xs\/thread:px-0 @sm\/thread:px-1.5 @md\/thread:px-4\">\n<div class=\"flex-col gap-1 md:gap-3\">\n<div class=\"flex max-w-full flex-col flex-grow\">\n<div class=\"min-h-8 text-message flex w-full flex-col items-end gap-2 whitespace-normal break-words text-start [.text-message+&amp;]:mt-5\" dir=\"auto\" data-message-author-role=\"assistant\" data-message-id=\"55a23854-ec57-48dd-bd4f-6118f43d6241\" data-message-model-slug=\"gpt-4o\">\n<div class=\"flex w-full flex-col gap-1 empty:hidden first:pt-[3px]\">\n<div class=\"markdown prose w-full break-words dark:prose-invert light\"><\/div>\n<\/div>\n<\/div>\n<\/div>\n<\/div>\n<\/div>\n<\/div>\n<\/div>\n<\/article>\n<\/div>\n<\/div>\n<\/div>\n<\/div>\n<\/div>\n<\/div>\n<\/div>\n<\/div>\n<\/div>\n<\/div>\n<\/article>\n<h3>Mi\u00e9rt v\u00e1lassza a Vapestornado-t a Bang 20k Crystal Puffs \u00fajrat\u00f6lthet\u0151 vape t\u00f6meges rendel\u00e9s\u00e9hez?<\/h3>\n<div class=\"flex-shrink-0 flex flex-col relative items-end\">\n<div class=\"pt-0\">\n<div class=\"gizmo-bot-avatar flex h-8 w-8 items-center justify-center overflow-hidden rounded-full\">\n<div class=\"relative p-1 rounded-sm flex items-center justify-center bg-token-main-surface-primary text-token-text-primary h-8 w-8\">\n<p data-start=\"75\" data-end=\"479\">Amikor a <strong data-start=\"92\" data-end=\"117\">t\u00f6meges eldobhat\u00f3 vape-ek<\/strong>, <strong data-start=\"119\" data-end=\"152\">Vapestornado online vape \u00e1ruh\u00e1z<\/strong> a legmegfelel\u0151bb c\u00e9lpont a<strong data-start=\"182\" data-end=\"202\">\u00a0v\u00e1s\u00e1rl\u00f3k sz\u00e1m\u00e1ra,<\/strong> akik <strong data-start=\"215\" data-end=\"257\">megfizethet\u0151 \u00e1rakat \u00e9s kiv\u00e1l\u00f3 min\u0151s\u00e9get keresnek<\/strong>. Mi k\u00edn\u00e1lunk <strong data-start=\"268\" data-end=\"299\">exkluz\u00edv nagykereskedelmi \u00e1rakat<\/strong> a Bang Leader 50000 Puffs term\u00e9kre, lehet\u0151v\u00e9 t\u00e9ve a kiskeresked\u0151k \u00e9s forgalmaz\u00f3k sz\u00e1m\u00e1ra, hogy felt\u00f6lts\u00e9k k\u00e9szleteiket az egyik legkeresettebb <a href=\"https:\/\/vapestornado.com\/hu\/product-category\/rechargeable-disposable-vapes\/\"><strong data-start=\"412\" data-end=\"445\">\u00fajrat\u00f6lthet\u0151 eldobhat\u00f3 E cigarett\u00e1k<\/strong><\/a>\u00a0egy <strong data-start=\"453\" data-end=\"476\">digit\u00e1lis LCD kijelz\u0151<\/strong>.<\/p>\n<\/div>\n<div class=\"relative p-1 rounded-sm flex items-center justify-center bg-token-main-surface-primary text-token-text-primary h-8 w-8\">\n<h3>GYIK a Bang Leader 20k Puffs eldobhat\u00f3 vape-hez<\/h3>\n<p data-start=\"2819\" data-end=\"3064\"><strong data-start=\"2819\" data-end=\"2897\">1. Sz\u00fcks\u00e9g\u00fck van speci\u00e1lis t\u00f6lt\u0151re a Bang Leader 20000 Puff eldobhat\u00f3 k\u00e9sz\u00fcl\u00e9khez?<\/strong><br data-start=\"2897\" data-end=\"2900\" \/>Nem. A <strong data-start=\"2908\" data-end=\"2958\">Bang Leader 20000 Puff Crystal Eldobhat\u00f3 Vape<\/strong> alap\u00e9rtelmezett <strong data-start=\"2973\" data-end=\"2996\">USB Type-C t\u00f6lt\u00e9st<\/strong>, \u00edgy b\u00e1rmilyen norm\u00e1l Type-C k\u00e1bel \u00e9s biztons\u00e1gos USB t\u00e1pegys\u00e9g m\u0171k\u00f6dik.<\/p>\n<p data-start=\"3066\" data-end=\"3364\"><strong data-start=\"3066\" data-end=\"3149\">2. Gyorsabban v\u00e1lik f\u00fcgg\u0151v\u00e9 az eldobhat\u00f3 k\u00e9sz\u00fcl\u00e9k, bele\u00e9rtve a Bang Leader 20000 Puffot is?<\/strong><br data-start=\"3149\" data-end=\"3152\" \/>A f\u00fcgg\u0151s\u00e9g kock\u00e1zata f\u00fcgg <strong data-start=\"3178\" data-end=\"3224\">a nikotinszintt\u0151l \u00e9s att\u00f3l, hogy milyen gyakran haszn\u00e1lod<\/strong>, nem csak a puffok sz\u00e1m\u00e1t\u00f3l. A <strong data-start=\"3252\" data-end=\"3278\">Bang Leader 20000 Puff<\/strong> j\u00f6n <strong data-start=\"3288\" data-end=\"3310\">0%, 2%, 3% \u00e9s 5%<\/strong> \u00edgy a felhaszn\u00e1l\u00f3k kiv\u00e1laszthatj\u00e1k a c\u00e9ljaiknak megfelel\u0151 szintet.<\/p>\n<p data-start=\"3366\" data-end=\"3666\"><strong data-start=\"3366\" data-end=\"3451\">3. Melyik eldobhat\u00f3 eszk\u00f6z b\u00edrja tov\u00e1bb: a Bang Leader 20000 Puff vagy egy 10 000 slukkos vape?<\/strong><br data-start=\"3451\" data-end=\"3454\" \/>A mindennapi haszn\u00e1lat sor\u00e1n a <strong data-start=\"3475\" data-end=\"3501\">Bang Leader 20000 Puff<\/strong> \u00e1ltal\u00e1ban tov\u00e1bb tart, mert egyes\u00edti a <strong data-start=\"3545\" data-end=\"3602\">20 000 slukkot + 28 ml e-liquidet + egy \u00fajrat\u00f6lthet\u0151 akkumul\u00e1tort<\/strong>, m\u00edg a legt\u00f6bb 10 ezres eszk\u00f6z kisebb tart\u00e1llyal \u00e9s r\u00f6videbb \u00fczemid\u0151vel rendelkezik.<\/p>\n<p data-start=\"3668\" data-end=\"3920\"><strong data-start=\"3668\" data-end=\"3737\">4. A Bang Leader 20000 Puff j\u00f3 \u00edzt biztos\u00edt hossz\u00fa haszn\u00e1lat sor\u00e1n?<\/strong><br data-start=\"3737\" data-end=\"3740\" \/>Igen. A <strong data-start=\"3749\" data-end=\"3767\">dupla h\u00e1l\u00f3s tekercs<\/strong> A be\u00e1ll\u00edt\u00e1s \u00fagy van kialak\u00edtva, hogy a g\u0151zt sim\u00e1n \u00e9s az \u00edzt egyenletesen tartsa egy nagy tart\u00e1lyban, ami seg\u00edt elker\u00fclni azt a tompa \u00edzt, ami n\u00e9h\u00e1ny nagy slukkos eldobhat\u00f3 eszk\u00f6zben k\u00e9s\u0151bb kialakul.<\/p>\n<p data-start=\"3922\" data-end=\"4213\"><strong data-start=\"3922\" data-end=\"3995\">5. Felvihetek egy Bang Leader 20000 Puff eldobhat\u00f3 vape-et egy rep\u00fcl\u0151g\u00e9pre?<\/strong><br data-start=\"3995\" data-end=\"3998\" \/>A legt\u00f6bb l\u00e9git\u00e1rsas\u00e1g enged\u00e9lyezi az eldobhat\u00f3 eszk\u00f6z\u00f6ket <strong data-start=\"4030\" data-end=\"4058\">csak a k\u00e9zipoggy\u00e1szban<\/strong>, nem a feladott poggy\u00e1szban, az akkumul\u00e1tor szab\u00e1lyok miatt. Tartsa a <strong data-start=\"4114\" data-end=\"4164\">Bang Leader 20000 Puff Crystal Eldobhat\u00f3 Vape<\/strong> lez\u00e1rva, \u00e9s rep\u00fcl\u00e9s el\u0151tt ellen\u0151rizze a l\u00e9git\u00e1rsas\u00e1g szab\u00e1lyzat\u00e1t.<\/p>\n<\/div>\n<\/div>\n<\/div>\n<\/div>","protected":false},"excerpt":{"rendered":"<p>Best Bang Leader 20000 Puffs Eldobhat\u00f3 Krist\u00e1ly Vape<br \/>\nBang Leader 20000 Puff Krist\u00e1ly Nagykereskedelmi Eldobhat\u00f3 Vape<br \/>\nBang Vape 20000 20K Puffs \u00dajrat\u00f6lthet\u0151 Eldobhat\u00f3<\/p>\n<p><strong>Add hozz\u00e1 Amy whatsappj\u00e1t, hogy azonnali v\u00e1laszt \u00e9s kedvezm\u00e9nyes \u00e1rat kapj!<\/strong><\/p>\n<p><img fetchpriority=\"high\" decoding=\"async\" class=\"size-full wp-image-2932\" src=\"https:\/\/vapestornado.com\/wp-content\/uploads\/2024\/12\/Vape-Wholesale.jpg\" alt=\"Vape nagykereskedelem\" width=\"229\" height=\"300\" \/><\/p>\n<h3><a href=\"https:\/\/wa.me\/8617776015835\"><span style=\"color: #ff0000;\"><strong>WhatsApp: +86 17776015835<\/strong><\/span><\/a><\/h3>\n<p>&nbsp;<\/p>","protected":false},"featured_media":3876,"comment_status":"open","ping_status":"closed","template":"","meta":{"_acf_changed":false,"_uag_custom_page_level_css":"","_lmt_disableupdate":"no","_lmt_disable":"","_monsterinsights_skip_tracking":false,"_monsterinsights_sitenote_active":false,"_monsterinsights_sitenote_note":"","_monsterinsights_sitenote_category":0,"site-sidebar-layout":"default","site-content-layout":"","ast-site-content-layout":"default","site-content-style":"default","site-sidebar-style":"default","ast-global-header-display":"","ast-banner-title-visibility":"","ast-main-header-display":"","ast-hfb-above-header-display":"","ast-hfb-below-header-display":"","ast-hfb-mobile-header-display":"","site-post-title":"","ast-breadcrumbs-content":"","ast-featured-img":"","footer-sml-layout":"","ast-disable-related-posts":"","theme-transparent-header-meta":"default","adv-header-id-meta":"","stick-header-meta":"","header-above-stick-meta":"","header-main-stick-meta":"","header-below-stick-meta":"","astra-migrate-meta-layouts":"set","ast-page-background-enabled":"default","ast-page-background-meta":{"desktop":{"background-color":"","background-image":"","background-repeat":"repeat","background-position":"center center","background-size":"auto","background-attachment":"scroll","background-type":"","background-media":"","overlay-type":"","overlay-color":"","overlay-opacity":"","overlay-gradient":""},"tablet":{"background-color":"","background-image":"","background-repeat":"repeat","background-position":"center center","background-size":"auto","background-attachment":"scroll","background-type":"","background-media":"","overlay-type":"","overlay-color":"","overlay-opacity":"","overlay-gradient":""},"mobile":{"background-color":"","background-image":"","background-repeat":"repeat","background-position":"center center","background-size":"auto","background-attachment":"scroll","background-type":"","background-media":"","overlay-type":"","overlay-color":"","overlay-opacity":"","overlay-gradient":""}},"ast-content-background-meta":{"desktop":{"background-color":"var(--ast-global-color-5)","background-image":"","background-repeat":"repeat","background-position":"center center","background-size":"auto","background-attachment":"scroll","background-type":"","background-media":"","overlay-type":"","overlay-color":"","overlay-opacity":"","overlay-gradient":""},"tablet":{"background-color":"var(--ast-global-color-5)","background-image":"","background-repeat":"repeat","background-position":"center center","background-size":"auto","background-attachment":"scroll","background-type":"","background-media":"","overlay-type":"","overlay-color":"","overlay-opacity":"","overlay-gradient":""},"mobile":{"background-color":"var(--ast-global-color-5)","background-image":"","background-repeat":"repeat","background-position":"center center","background-size":"auto","background-attachment":"scroll","background-type":"","background-media":"","overlay-type":"","overlay-color":"","overlay-opacity":"","overlay-gradient":""}},"_joinchat":{"telephone":"17776015835"}},"product_brand":[],"product_cat":[19,69,278,150,160,141,144],"product_tag":[472,263,196,120,94,240,93],"class_list":{"0":"post-3890","1":"product","2":"type-product","3":"status-publish","4":"has-post-thumbnail","6":"product_cat-vapes","7":"product_cat-20000-puff","8":"product_cat-bang-leader-vape","9":"product_cat-buy-disposable-vapes-in-belgium","10":"product_cat-buy-disposable-vapes-in-switzerland","11":"product_cat-crystal-disposable-vapes","12":"product_cat-low-nicotine-disposable-vapes","13":"product_tag-bang-leader-20000","14":"product_tag-bang-leader-20k","15":"product_tag-bang-vape","16":"product_tag-crystal-vape","17":"product_tag-rechargeable-disposable-vape","18":"product_tag-twins-flavor-disposable-vape","19":"product_tag-vape-wholesale","20":"desktop-align-left","21":"tablet-align-left","22":"mobile-align-left","24":"first","25":"instock","26":"sale","27":"shipping-taxable","28":"purchasable","29":"product-type-simple"},"acf":[],"uagb_featured_image_src":{"full":["https:\/\/vapestornado.com\/wp-content\/uploads\/2025\/03\/Bang-20000-Puffs-Smart-Screen-Disposable-Crysatal-Vape.webp",800,800,false],"thumbnail":["https:\/\/vapestornado.com\/wp-content\/uploads\/2025\/03\/Bang-20000-Puffs-Smart-Screen-Disposable-Crysatal-Vape-150x150.webp",150,150,true],"medium":["https:\/\/vapestornado.com\/wp-content\/uploads\/2025\/03\/Bang-20000-Puffs-Smart-Screen-Disposable-Crysatal-Vape-300x300.webp",300,300,true],"medium_large":["https:\/\/vapestornado.com\/wp-content\/uploads\/2025\/03\/Bang-20000-Puffs-Smart-Screen-Disposable-Crysatal-Vape-768x768.webp",768,768,true],"large":["https:\/\/vapestornado.com\/wp-content\/uploads\/2025\/03\/Bang-20000-Puffs-Smart-Screen-Disposable-Crysatal-Vape.webp",800,800,false],"1536x1536":["https:\/\/vapestornado.com\/wp-content\/uploads\/2025\/03\/Bang-20000-Puffs-Smart-Screen-Disposable-Crysatal-Vape.webp",800,800,false],"2048x2048":["https:\/\/vapestornado.com\/wp-content\/uploads\/2025\/03\/Bang-20000-Puffs-Smart-Screen-Disposable-Crysatal-Vape.webp",800,800,false],"trp-custom-language-flag":["https:\/\/vapestornado.com\/wp-content\/uploads\/2025\/03\/Bang-20000-Puffs-Smart-Screen-Disposable-Crysatal-Vape.webp",12,12,false],"woocommerce_thumbnail":["https:\/\/vapestornado.com\/wp-content\/uploads\/2025\/03\/Bang-20000-Puffs-Smart-Screen-Disposable-Crysatal-Vape-300x300.webp",300,300,true],"woocommerce_single":["https:\/\/vapestornado.com\/wp-content\/uploads\/2025\/03\/Bang-20000-Puffs-Smart-Screen-Disposable-Crysatal-Vape-600x600.webp",600,600,true],"woocommerce_gallery_thumbnail":["https:\/\/vapestornado.com\/wp-content\/uploads\/2025\/03\/Bang-20000-Puffs-Smart-Screen-Disposable-Crysatal-Vape-100x100.webp",100,100,true]},"uagb_author_info":{"display_name":"ESAMY","author_link":"https:\/\/vapestornado.com\/hu\/author\/"},"uagb_comment_info":0,"uagb_excerpt":"Best Bang Leader 20000 Puffs Disposable Crystal Vape Bang Leader 20000 Puff Crystal Wholesale Disposable Vape Bang Vape 20000 20K Puffs Rechargeable Disposable Add Amy's whatsapp to get right reply and discount price! WhatsApp: +86 17776015835 &nbsp;","_links":{"self":[{"href":"https:\/\/vapestornado.com\/hu\/wp-json\/wp\/v2\/product\/3890","targetHints":{"allow":["GET"]}}],"collection":[{"href":"https:\/\/vapestornado.com\/hu\/wp-json\/wp\/v2\/product"}],"about":[{"href":"https:\/\/vapestornado.com\/hu\/wp-json\/wp\/v2\/types\/product"}],"replies":[{"embeddable":true,"href":"https:\/\/vapestornado.com\/hu\/wp-json\/wp\/v2\/comments?post=3890"}],"wp:featuredmedia":[{"embeddable":true,"href":"https:\/\/vapestornado.com\/hu\/wp-json\/wp\/v2\/media\/3876"}],"wp:attachment":[{"href":"https:\/\/vapestornado.com\/hu\/wp-json\/wp\/v2\/media?parent=3890"}],"wp:term":[{"taxonomy":"product_brand","embeddable":true,"href":"https:\/\/vapestornado.com\/hu\/wp-json\/wp\/v2\/product_brand?post=3890"},{"taxonomy":"product_cat","embeddable":true,"href":"https:\/\/vapestornado.com\/hu\/wp-json\/wp\/v2\/product_cat?post=3890"},{"taxonomy":"product_tag","embeddable":true,"href":"https:\/\/vapestornado.com\/hu\/wp-json\/wp\/v2\/product_tag?post=3890"}],"curies":[{"name":"wp","href":"https:\/\/api.w.org\/{rel}","templated":true}]}}