{"id":3888,"date":"2025-03-18T02:01:58","date_gmt":"2025-03-18T02:01:58","guid":{"rendered":"https:\/\/vapestornado.com\/?post_type=product&#038;p=3888"},"modified":"2025-12-04T09:17:42","modified_gmt":"2025-12-04T09:17:42","slug":"bang-leader-32k-32000-puffs-dual-pods-double-flavors-disposable-vape","status":"publish","type":"product","link":"https:\/\/vapestornado.com\/hu\/product\/bang-leader-32k-32000-puffs-dual-pods-double-flavors-disposable-vape\/","title":{"rendered":"Bang Leader 32k 32000 Puffs k\u00e9t podos, dupla \u00edzes\u00edt\u00e9s\u0171 eldobhat\u00f3 Vape"},"content":{"rendered":"<h1 data-pm-slice=\"1 1 []\">Bang Leader 32k 32000 Puffs k\u00e9t podos, dupla \u00edzes\u00edt\u00e9s\u0171 eldobhat\u00f3 Vape<\/h1>\n<p data-start=\"286\" data-end=\"655\">A <strong data-start=\"290\" data-end=\"335\">Bang Leader 32K Kett\u0151s Pods Egyszer haszn\u00e1latos Vape<\/strong> azok sz\u00e1m\u00e1ra k\u00e9sz\u00fclt, akik nagy kapacit\u00e1st \u00e9s \u00edzv\u00e1laszt\u00e9kot szeretn\u00e9nek egy eszk\u00f6zben. Egy <strong data-start=\"426\" data-end=\"448\">kett\u0151s pod szerkezetet<\/strong> \u00e1ltal m\u0171k\u00f6dtetve <b>2 az 1-ben dupla \u00edz<\/b>\u00a0egy\u00fcttesen adva <strong data-start=\"510\" data-end=\"518\">56ml<\/strong> \u00e9s t\u00e1mogatva ak\u00e1r <strong data-start=\"540\" data-end=\"556\">32 000 slukkot<\/strong>. Ez a kialak\u00edt\u00e1s cs\u00f6kkenti az eszk\u00f6zcser\u00e9ket, \u00e9s hosszabb napi haszn\u00e1latot tesz lehet\u0151v\u00e9 gyakori cser\u00e9k n\u00e9lk\u00fcl.<\/p>\n<p data-start=\"657\" data-end=\"960\">Egy kulcsfontoss\u00e1g\u00fa jellemz\u0151je a <strong data-start=\"678\" data-end=\"711\">2 az 1-ben kett\u0151s \u00edz\u0171 pod rendszer<\/strong>. Minden egyszer haszn\u00e1latos pod saj\u00e1t \u00edzzel rendelkezik, lehet\u0151v\u00e9 t\u00e9ve a gyors v\u00e1lt\u00e1st k\u00e9t profil k\u00f6z\u00f6tt ugyanazon egys\u00e9gen bel\u00fcl. <strong data-start=\"813\" data-end=\"845\">12 el\u00e9rhet\u0151 \u00edz p\u00e1ros\u00edt\u00e1ssal<\/strong>, a felhaszn\u00e1l\u00f3k v\u00e1ltogathatnak az \u00edzek k\u00f6z\u00f6tt a nap folyam\u00e1n an\u00e9lk\u00fcl, hogy extra egyszer haszn\u00e1latosakat kellene hordozniuk vagy folyad\u00e9kokat keverni egy tankban.<\/p>\n<p data-start=\"962\" data-end=\"1282\">A g\u0151z egyenletess\u00e9ge \u00e9rdek\u00e9ben a k\u00e9sz\u00fcl\u00e9k egy <strong data-start=\"1003\" data-end=\"1021\">1.0\u03a9 mesh tekercs<\/strong>haszn\u00e1l. A h\u00e1l\u00f3s f\u0171t\u00e9s egyenletesen osztja el a h\u0151m\u00e9rs\u00e9kletet a tekercs fel\u00fclet\u00e9n, ami seg\u00edt fenntartani a stabil g\u0151zkibocs\u00e1t\u00e1st \u00e9s az \u00edz tisztas\u00e1g\u00e1t hosszabb \u00fcl\u00e9sek sor\u00e1n. Ez a tekercs kialak\u00edt\u00e1s c\u00e9lja, hogy elker\u00fclje a gyakori \u00edzcs\u00f6kken\u00e9st, ami nagy kapacit\u00e1s\u00fa egyszer haszn\u00e1latosakn\u00e1l el\u0151fordulhat.<\/p>\n<p data-start=\"1284\" data-end=\"1620\">Az energiaell\u00e1t\u00e1st egy <strong data-start=\"1307\" data-end=\"1338\">650mAh-s \u00fajrat\u00f6lthet\u0151 akkumul\u00e1tor<\/strong> \u00e1ltal m\u0171k\u00f6dtetve <strong data-start=\"1344\" data-end=\"1372\">USB Type-C gyorst\u00f6lt\u00e9ssel<\/strong>biztos\u00edtja. A t\u00f6lt\u00e9s lehet\u0151v\u00e9 teszi a felhaszn\u00e1l\u00f3knak, hogy a teljes folyad\u00e9k kapacit\u00e1st felhaszn\u00e1lj\u00e1k, ahelyett, hogy kor\u00e1n eldobn\u00e1k az eszk\u00f6zt az alacsony akkumul\u00e1tor miatt. A Type-C t\u00f6lt\u00e9s egyszer\u0171v\u00e9 teszi a kompatibilit\u00e1st, mivel ugyanazokat a k\u00e1beleket lehet haszn\u00e1lni, mint sok modern telefonhoz \u00e9s kieg\u00e9sz\u00edt\u0151h\u00f6z.<\/p>\n<p data-start=\"1622\" data-end=\"1861\">B\u00e1r magas kapacit\u00e1s\u00fa \u00e9s kett\u0151s tart\u00e1lyos, a Bang Leader 32K tov\u00e1bbra is egyetlen, hordozhat\u00f3 eszk\u00f6z. A kett\u0151s pod form\u00e1tum praktikusabb, mint k\u00e9t k\u00fcl\u00f6n\u00e1ll\u00f3 egyszer haszn\u00e1latos hordoz\u00e1sa, k\u00fcl\u00f6n\u00f6sen ing\u00e1z\u00e1s, utaz\u00e1s \u00e9s hossz\u00fa napok sor\u00e1n, amikor nincs lehet\u0151s\u00e9g t\u00f6lt\u0151h\u00f6z hozz\u00e1f\u00e9rni.<\/p>\n<p><strong><span style=\"color: #ff0000;\">Add hozz\u00e1 Amy WhatsApp-j\u00e1t, hogy azonnali v\u00e1laszt \u00e9s kedvezm\u00e9nyes \u00e1rat kapj!<\/span><\/strong><\/p>\n<p><img fetchpriority=\"high\" decoding=\"async\" class=\"size-full wp-image-2932\" src=\"https:\/\/vapestornado.com\/wp-content\/uploads\/2024\/12\/Vape-Wholesale.jpg\" alt=\"Vape nagykereskedelem\" width=\"229\" height=\"300\" \/><\/p>\n<h3><a href=\"https:\/\/wa.me\/8617776015835\" target=\"_blank\" rel=\"noopener\"><span style=\"color: #ff0000;\"><strong>WhatsApp: +86 17776015835<\/strong><\/span><\/a><\/h3>\n<p>&nbsp;<\/p>\n<h2><strong>Bang Leader 32000 Puffs f\u0151 term\u00e9kjellemz\u0151k<\/strong><\/h2>\n<table>\n<thead>\n<tr>\n<th>Jellemz\u0151k<\/th>\n<th align=\"right\">Spec<\/th>\n<th><\/th>\n<\/tr>\n<\/thead>\n<tbody>\n<tr>\n<td>Term\u00e9k neve<\/td>\n<td align=\"right\">Bang Leader 32K Kett\u0151s Pods Egyszer haszn\u00e1latos Vape<\/td>\n<td>\u00c1tl\u00e1that\u00f3 n\u00e9vhaszn\u00e1lat ism\u00e9telt rendel\u00e9sekhez \u00e9s keres\u00e9shez.<\/td>\n<\/tr>\n<tr>\n<td>Slukkkapacit\u00e1s<\/td>\n<td align=\"right\">Ak\u00e1r 32 000 sz\u00edv\u00e1s<\/td>\n<td>Magas fut\u00e1s\u00fa egyszer haszn\u00e1latos; kevesebb csere.<\/td>\n<\/tr>\n<tr>\n<td>Pod rendszer<\/td>\n<td align=\"right\">Kett\u0151s podok (2 tart\u00e1ly)<\/td>\n<td>K\u00e9t \u00edz egy k\u00e9sz\u00fcl\u00e9kben; b\u00e1rmikor kapcsolhat\u00f3.<\/td>\n<\/tr>\n<tr>\n<td>E-liquid \u0171rtartalom<\/td>\n<td align=\"right\">\u00d6sszesen 56 ml (28 ml + 28 ml)<\/td>\n<td>Nagy folyad\u00e9ktart\u00e1ly a 32 000 sz\u00edv\u00e1s t\u00e1mogat\u00e1s\u00e1ra.<\/td>\n<\/tr>\n<tr>\n<td>\u00cdzkombin\u00e1ci\u00f3k<\/td>\n<td align=\"right\">12 kombin\u00e1ci\u00f3<\/td>\n<td>V\u00e1ltozatok k\u00e9sz\u00fcl\u00e9kcsere n\u00e9lk\u00fcl.<\/td>\n<\/tr>\n<tr>\n<td>Tekercs t\u00edpusa<\/td>\n<td align=\"right\">1.0\u03a9 mesh tekercs<\/td>\n<td>Egyenletes hev\u00edt\u00e9s a sim\u00e1bb h\u00faz\u00e1sok\u00e9rt \u00e9s stabil \u00edz\u00e9rt.<\/td>\n<\/tr>\n<tr>\n<td>Akkumul\u00e1tor<\/td>\n<td align=\"right\">650mAh \u00fajrat\u00f6lthet\u0151<\/td>\n<td>T\u00f6ltsd \u00fajra, hogy mindk\u00e9t tart\u00e1lyt teljesen kihaszn\u00e1ld.<\/td>\n<\/tr>\n<tr>\n<td>T\u00f6lt\u00e9s<\/td>\n<td align=\"right\">USB Type-C<\/td>\n<td>\u00c1ltal\u00e1nos gyors t\u00f6lt\u00e9si szabv\u00e1ny.<\/td>\n<\/tr>\n<tr>\n<td>Haszn\u00e1lati st\u00edlus<\/td>\n<td align=\"right\">Sz\u00edv\u00e1sra aktiv\u00e1l\u00f3dik<\/td>\n<td>Nincs gomb; sz\u00edvj be a vap\u00e9zhez.<\/td>\n<\/tr>\n<\/tbody>\n<\/table>\n<figure id=\"attachment_3883\" aria-describedby=\"caption-attachment-3883\" style=\"width: 800px\" class=\"wp-caption alignnone\"><img decoding=\"async\" class=\"wp-image-3883 size-full\" src=\"https:\/\/vapestornado.com\/wp-content\/uploads\/2025\/03\/Bang-leader-32k-Puff-Best-Flavor.webp\" alt=\"Bang leader 32k Puff legjobb \u00edz\" width=\"800\" height=\"800\" srcset=\"https:\/\/vapestornado.com\/wp-content\/uploads\/2025\/03\/Bang-leader-32k-Puff-Best-Flavor.webp 800w, https:\/\/vapestornado.com\/wp-content\/uploads\/2025\/03\/Bang-leader-32k-Puff-Best-Flavor-300x300.webp 300w, https:\/\/vapestornado.com\/wp-content\/uploads\/2025\/03\/Bang-leader-32k-Puff-Best-Flavor-150x150.webp 150w, https:\/\/vapestornado.com\/wp-content\/uploads\/2025\/03\/Bang-leader-32k-Puff-Best-Flavor-768x768.webp 768w, https:\/\/vapestornado.com\/wp-content\/uploads\/2025\/03\/Bang-leader-32k-Puff-Best-Flavor-600x600.webp 600w, https:\/\/vapestornado.com\/wp-content\/uploads\/2025\/03\/Bang-leader-32k-Puff-Best-Flavor-100x100.webp 100w\" sizes=\"(max-width: 800px) 100vw, 800px\" \/><figcaption id=\"caption-attachment-3883\" class=\"wp-caption-text\">Bang leader 32k Puff legjobb \u00edz<\/figcaption><\/figure>\n<h2 class=\"product-title\"><strong>Bang Leader 32000 Puffs Box Vape \u00edzlista<\/strong><\/h2>\n<article class=\"group\/turn w-full text-token-text-primary focus-visible:outline-2 focus-visible:outline-offset-[-4px]\" dir=\"auto\" data-testid=\"conversation-turn-61\" data-scroll-anchor=\"true\">\n<div class=\"text-base my-auto mx-auto py-[18px] px-6\">\n<div class=\"mx-auto flex flex-1 text-base gap-4 md:gap-5 lg:gap-6 md:max-w-3xl lg:max-w-[40rem] xl:max-w-[48rem]\">\n<div class=\"group\/conversation-turn relative flex w-full min-w-0 flex-col agent-turn @xs\/thread:px-0 @sm\/thread:px-1.5 @md\/thread:px-4\">\n<div class=\"flex-col gap-1 md:gap-3\">\n<div class=\"flex max-w-full flex-col flex-grow\">\n<div class=\"min-h-8 text-message relative flex w-full flex-col items-end gap-2 whitespace-normal break-words text-start [.text-message+&amp;]:mt-5\" dir=\"auto\" data-message-author-role=\"assistant\" data-message-id=\"762d7e41-70d5-4ddf-94cb-85ef5025d3a8\" data-message-model-slug=\"gpt-4o\">\n<div class=\"flex w-full flex-col gap-1 empty:hidden first:pt-[3px]\">\n<div class=\"markdown prose w-full break-words dark:prose-invert light\">\n<p>1. G\u00f6r\u00f6gdinnye j\u00e9g <strong><span style=\"color: #ff0000;\">&gt;&gt;&gt;&gt; N\u00e9pszer\u0171!<\/span><\/strong><br \/>\n2.G\u00f6r\u00f6gdinnye j\u00e9g<br \/>\n6. Eper G\u00f6r\u00f6gdinnye <strong><span style=\"color: #ff0000;\">&gt;&gt;&gt;&gt; N\u00e9pszer\u0171!<\/span><\/strong><br \/>\n4.Eper g\u00f6r\u00f6gdinnye<br \/>\n5.\u00c1fonya m\u00e1lna<br \/>\n6.\u00c1fonya g\u00f6r\u00f6gdinnye <strong><span style=\"color: #ff0000;\">&gt;&gt;&gt;&gt; N\u00e9pszer\u0171!<\/span><\/strong><br \/>\n7. \u00c1fonya j\u00e9g<br \/>\n8.\u00c1fonya j\u00e9g<br \/>\n9.Red Bull <strong><span style=\"color: #ff0000;\">&gt;&gt;&gt;&gt; N\u00e9pszer\u0171!<\/span><\/strong><br \/>\n10.Red Bull<br \/>\n11.Eper kivi<br \/>\n12. Eper kiwi <strong><span style=\"color: #ff0000;\">&gt;&gt;&gt;&gt; Legjobb!<\/span><\/strong><\/p>\n<\/div>\n<\/div>\n<\/div>\n<\/div>\n<\/div>\n<\/div>\n<\/div>\n<\/div>\n<\/article>\n<article class=\"w-full text-token-text-primary focus-visible:outline-2 focus-visible:outline-offset-[-4px]\" dir=\"auto\" data-testid=\"conversation-turn-32\" data-scroll-anchor=\"false\">\n<div class=\"m-auto text-base py-[18px] px-6\">\n<div class=\"mx-auto flex flex-1 text-base gap-4 md:gap-5 lg:gap-6 md:max-w-3xl lg:max-w-[40rem] xl:max-w-[48rem]\">\n<div class=\"group\/conversation-turn relative flex w-full min-w-0 flex-col @xs\/thread:px-0 @sm\/thread:px-1.5 @md\/thread:px-4\">\n<div class=\"flex-col gap-1 md:gap-3\">\n<div class=\"flex max-w-full flex-col flex-grow\">\n<div class=\"min-h-8 text-message flex w-full flex-col items-end gap-2 whitespace-normal break-words text-start [.text-message+&amp;]:mt-5\" dir=\"auto\" data-message-author-role=\"user\" data-message-id=\"ffac41ca-1db4-431b-873a-32c4052956f1\">\n<div class=\"flex w-full flex-col gap-1 empty:hidden items-end rtl:items-start\">\n<div class=\"relative max-w-[var(--user-chat-width,70%)] rounded-3xl bg-token-message-surface px-5 py-2.5\">\n<div class=\"absolute bottom-0 right-full top-0 -mr-3.5 hidden pr-5 pt-2 [.group\/conversation-turn:hover_&amp;]:flex\">\n<div class=\"flex\">\n<article class=\"w-full text-token-text-primary focus-visible:outline-2 focus-visible:outline-offset-[-4px]\" dir=\"auto\" data-testid=\"conversation-turn-39\" data-scroll-anchor=\"true\">\n<div class=\"m-auto text-base py-[18px] px-6\">\n<div class=\"mx-auto flex flex-1 text-base gap-4 md:gap-5 lg:gap-6 md:max-w-3xl lg:max-w-[40rem] xl:max-w-[48rem]\">\n<div class=\"group\/conversation-turn relative flex w-full min-w-0 flex-col agent-turn @xs\/thread:px-0 @sm\/thread:px-1.5 @md\/thread:px-4\">\n<div class=\"flex-col gap-1 md:gap-3\">\n<div class=\"flex max-w-full flex-col flex-grow\">\n<div class=\"min-h-8 text-message flex w-full flex-col items-end gap-2 whitespace-normal break-words text-start [.text-message+&amp;]:mt-5\" dir=\"auto\" data-message-author-role=\"assistant\" data-message-id=\"55a23854-ec57-48dd-bd4f-6118f43d6241\" data-message-model-slug=\"gpt-4o\">\n<div class=\"flex w-full flex-col gap-1 empty:hidden first:pt-[3px]\">\n<div class=\"markdown prose w-full break-words dark:prose-invert light\"><\/div>\n<\/div>\n<\/div>\n<\/div>\n<\/div>\n<\/div>\n<\/div>\n<\/div>\n<\/article>\n<\/div>\n<\/div>\n<\/div>\n<\/div>\n<\/div>\n<\/div>\n<\/div>\n<\/div>\n<\/div>\n<\/div>\n<\/article>\n<h3>Mi\u00e9rt v\u00e1lassza a Vapestornad\u00f3t a Bang Leader 32k 32000 Puffs t\u00f6lthet\u0151 vape nagykereskedelmi rendel\u00e9s\u00e9hez?<\/h3>\n<div class=\"flex-shrink-0 flex flex-col relative items-end\">\n<div class=\"pt-0\">\n<div class=\"gizmo-bot-avatar flex h-8 w-8 items-center justify-center overflow-hidden rounded-full\">\n<div class=\"relative p-1 rounded-sm flex items-center justify-center bg-token-main-surface-primary text-token-text-primary h-8 w-8\">\n<p data-start=\"75\" data-end=\"479\">Amikor a magas min\u0151s\u00e9g ker\u00fcl sz\u00f3ba<strong data-start=\"92\" data-end=\"117\">\u00a0eldobhat\u00f3 vape-ek<\/strong>, <strong data-start=\"119\" data-end=\"152\">Vapestornado online vape bolt<\/strong> a legmegfelel\u0151bb c\u00e9lpont a <strong data-start=\"182\" data-end=\"202\">nagykereskedelmi v\u00e1s\u00e1rl\u00f3k<\/strong> akik <strong data-start=\"215\" data-end=\"257\">megfizethet\u0151 \u00e1rak \u00e9s pr\u00e9mium min\u0151s\u00e9g<\/strong>. Mi k\u00edn\u00e1lunk <strong data-start=\"268\" data-end=\"299\">exkluz\u00edv nagykereskedelmi \u00e1rakat<\/strong> a Bang Leader 50000 Puffs term\u00e9kre, lehet\u0151v\u00e9 t\u00e9ve a kiskeresked\u0151k \u00e9s forgalmaz\u00f3k sz\u00e1m\u00e1ra, hogy felt\u00f6lts\u00e9k k\u00e9szleteiket az egyik legkeresettebb <strong data-start=\"412\" data-end=\"445\">\u00fajrat\u00f6lthet\u0151 <a href=\"https:\/\/vapestornado.com\/hu\/product-category\/digital-box-disposable-vapes\/\">eldobhat\u00f3 vape-ek<\/a><\/strong> egy <strong data-start=\"453\" data-end=\"476\">digit\u00e1lis kijelz\u0151<\/strong>.<\/p>\n<\/div>\n<div class=\"relative p-1 rounded-sm flex items-center justify-center bg-token-main-surface-primary text-token-text-primary h-8 w-8\">\n<h3>GYIK a Bang Leader 32k Puffs eldobhat\u00f3 e-cigarett\u00e1hoz<\/h3>\n<p data-start=\"2331\" data-end=\"2555\"><strong data-start=\"2331\" data-end=\"2395\">1. Hogyan m\u0171k\u00f6dik a Bang Leader 32000 Puffs Dual Pods Vape?<\/strong><br data-start=\"2395\" data-end=\"2398\" \/>Ez a k\u00e9sz\u00fcl\u00e9k rendelkezik egy <strong data-start=\"2419\" data-end=\"2464\">k\u00fcl\u00f6n e-liquid tart\u00e1llyal (28ml + 28ml)<\/strong> \u00e9s egy <strong data-start=\"2471\" data-end=\"2495\">\u00edzv\u00e1lt\u00f3 gombbal<\/strong>, amely lehet\u0151v\u00e9 teszi, hogy azonnal v\u00e1ltson a k\u00e9t \u00edz k\u00f6z\u00f6tt.<\/p>\n<p data-start=\"2557\" data-end=\"2762\"><strong data-start=\"2557\" data-end=\"2613\">2. \u00dajrat\u00f6lthet\u0151 a Bang Leader 32000 Puffs Vape?<\/strong><br data-start=\"2613\" data-end=\"2616\" \/>Igen! Tartozik hozz\u00e1 egy <strong data-start=\"2637\" data-end=\"2668\">650mAh-s \u00fajrat\u00f6lthet\u0151 akkumul\u00e1tor<\/strong> \u00e9s a <strong data-start=\"2673\" data-end=\"2692\">\u00e9s a Type-C t\u00f6lt\u00e9s<\/strong>, biztos\u00edtva, hogy az \u00f6sszes e-liquidet felhaszn\u00e1lhassa a k\u00e9sz\u00fcl\u00e9k cser\u00e9je el\u0151tt.<\/p>\n<p data-start=\"2764\" data-end=\"2911\"><strong data-start=\"2764\" data-end=\"2808\">3. Mit mutat a digit\u00e1lis k\u00e9perny\u0151?<\/strong><br data-start=\"2808\" data-end=\"2811\" \/>A <strong data-start=\"2815\" data-end=\"2872\">A digit\u00e1lis k\u00e9perny\u0151 mutatja az akkumul\u00e1tor \u00e9lettartam\u00e1t \u00e9s az e-liquid szintj\u00e9t<\/strong>, megk\u00f6nny\u00edtve a haszn\u00e1lat nyomon k\u00f6vet\u00e9s\u00e9t.<\/p>\n<p data-start=\"2913\" data-end=\"3094\"><strong data-start=\"2913\" data-end=\"2947\">4. Milyen \u00edzek kaphat\u00f3k?<\/strong><br data-start=\"2947\" data-end=\"2950\" \/>Vannak <strong data-start=\"2960\" data-end=\"2998\">12 egyedi dupla \u00edz kombin\u00e1ci\u00f3t<\/strong>, bele\u00e9rtve a gy\u00fcm\u00f6lcs\u00f6s, jeges \u00e9s energiaital-ihlette kever\u00e9keket, amelyek v\u00e1ltozatos \u00e9lm\u00e9nyt ny\u00fajtanak a vapel\u0151knek.<\/p>\n<p data-start=\"3096\" data-end=\"3339\"><strong data-start=\"3096\" data-end=\"3173\">5. Hol v\u00e1s\u00e1rolhatom meg a Bang Leader 32000 Puffs Vape-t nagykereskedelmi \u00e1ron?<\/strong><br data-start=\"3173\" data-end=\"3176\" \/>A <strong data-start=\"3180\" data-end=\"3225\">nagy t\u00e9telben t\u00f6rt\u00e9n\u0151 rendel\u00e9sek \u00e9s a legjobb nagykereskedelmi \u00e1rak<\/strong>\u00e9rdek\u00e9ben l\u00e1togasson el a <strong data-start=\"3233\" data-end=\"3266\">Vapestornado online vape bolt<\/strong>, az \u00d6n megb\u00edzhat\u00f3 forr\u00e1sa a <strong data-start=\"3292\" data-end=\"3336\">megfizethet\u0151 \u00fajrat\u00f6lthet\u0151 eldobhat\u00f3 vape-ek<\/strong>.<\/p>\n<\/div>\n<\/div>\n<\/div>\n<\/div>","protected":false},"excerpt":{"rendered":"<p>Bang Leader 32K Kett\u0151s \u00edz\u0171 Dobozos Vape Gy\u00e1ri \u00c1r<br \/>\nBang Leader 32000 slukk Kett\u0151s Podok Kett\u0151s \u00cdzek Kedvezm\u00e9nyes \u00c1r<br \/>\nBang 32000 slukk \u00dajrat\u00f6lthet\u0151 E-cigaretta Eldobhat\u00f3 Vape Nagykeresked\u00e9s<\/p>\n<p><strong>Add hozz\u00e1 Amy whatsappj\u00e1t, hogy azonnali v\u00e1laszt \u00e9s kedvezm\u00e9nyes \u00e1rat kapj!<\/strong><\/p>\n<p><img fetchpriority=\"high\" decoding=\"async\" class=\"size-full wp-image-2932\" src=\"https:\/\/vapestornado.com\/wp-content\/uploads\/2024\/12\/Vape-Wholesale.jpg\" alt=\"Vape nagykereskedelem\" width=\"229\" height=\"300\" \/><\/p>\n<h3><a href=\"https:\/\/wa.me\/8617776015835\"><span style=\"color: #ff0000;\"><strong>WhatsApp: +86 17776015835<\/strong><\/span><\/a><\/h3>\n<p>&nbsp;<\/p>","protected":false},"featured_media":3882,"comment_status":"open","ping_status":"closed","template":"","meta":{"_acf_changed":false,"_uag_custom_page_level_css":"","_lmt_disableupdate":"no","_lmt_disable":"","_monsterinsights_skip_tracking":false,"_monsterinsights_sitenote_active":false,"_monsterinsights_sitenote_note":"","_monsterinsights_sitenote_category":0,"site-sidebar-layout":"default","site-content-layout":"","ast-site-content-layout":"default","site-content-style":"default","site-sidebar-style":"default","ast-global-header-display":"","ast-banner-title-visibility":"","ast-main-header-display":"","ast-hfb-above-header-display":"","ast-hfb-below-header-display":"","ast-hfb-mobile-header-display":"","site-post-title":"","ast-breadcrumbs-content":"","ast-featured-img":"","footer-sml-layout":"","ast-disable-related-posts":"","theme-transparent-header-meta":"default","adv-header-id-meta":"","stick-header-meta":"","header-above-stick-meta":"","header-main-stick-meta":"","header-below-stick-meta":"","astra-migrate-meta-layouts":"set","ast-page-background-enabled":"default","ast-page-background-meta":{"desktop":{"background-color":"","background-image":"","background-repeat":"repeat","background-position":"center center","background-size":"auto","background-attachment":"scroll","background-type":"","background-media":"","overlay-type":"","overlay-color":"","overlay-opacity":"","overlay-gradient":""},"tablet":{"background-color":"","background-image":"","background-repeat":"repeat","background-position":"center center","background-size":"auto","background-attachment":"scroll","background-type":"","background-media":"","overlay-type":"","overlay-color":"","overlay-opacity":"","overlay-gradient":""},"mobile":{"background-color":"","background-image":"","background-repeat":"repeat","background-position":"center center","background-size":"auto","background-attachment":"scroll","background-type":"","background-media":"","overlay-type":"","overlay-color":"","overlay-opacity":"","overlay-gradient":""}},"ast-content-background-meta":{"desktop":{"background-color":"var(--ast-global-color-5)","background-image":"","background-repeat":"repeat","background-position":"center center","background-size":"auto","background-attachment":"scroll","background-type":"","background-media":"","overlay-type":"","overlay-color":"","overlay-opacity":"","overlay-gradient":""},"tablet":{"background-color":"var(--ast-global-color-5)","background-image":"","background-repeat":"repeat","background-position":"center center","background-size":"auto","background-attachment":"scroll","background-type":"","background-media":"","overlay-type":"","overlay-color":"","overlay-opacity":"","overlay-gradient":""},"mobile":{"background-color":"var(--ast-global-color-5)","background-image":"","background-repeat":"repeat","background-position":"center center","background-size":"auto","background-attachment":"scroll","background-type":"","background-media":"","overlay-type":"","overlay-color":"","overlay-opacity":"","overlay-gradient":""}},"_joinchat":{"telephone":"17776015835"}},"product_brand":[],"product_cat":[19,262,278,153,158,143,146],"product_tag":[261,260,473,196,94,240,93],"class_list":{"0":"post-3888","1":"product","2":"type-product","3":"status-publish","4":"has-post-thumbnail","6":"product_cat-vapes","7":"product_cat-32000-puff","8":"product_cat-bang-leader-vape","9":"product_cat-buy-disposable-vapes-in-italy","10":"product_cat-buy-disposable-vapes-in-spain","11":"product_cat-dual-mesh-disposable-vapes","12":"product_cat-rechargeable-disposable-vapes","13":"product_tag-2-in-1-double-flavor-vape","14":"product_tag-bang-leader-32000","15":"product_tag-bang-leader-32k","16":"product_tag-bang-vape","17":"product_tag-rechargeable-disposable-vape","18":"product_tag-twins-flavor-disposable-vape","19":"product_tag-vape-wholesale","20":"desktop-align-left","21":"tablet-align-left","22":"mobile-align-left","24":"first","25":"instock","26":"sale","27":"shipping-taxable","28":"purchasable","29":"product-type-simple"},"acf":[],"uagb_featured_image_src":{"full":["https:\/\/vapestornado.com\/wp-content\/uploads\/2025\/03\/Bang-Leader-32K-Dual-Flavors-Box-Vape.webp",800,800,false],"thumbnail":["https:\/\/vapestornado.com\/wp-content\/uploads\/2025\/03\/Bang-Leader-32K-Dual-Flavors-Box-Vape-150x150.webp",150,150,true],"medium":["https:\/\/vapestornado.com\/wp-content\/uploads\/2025\/03\/Bang-Leader-32K-Dual-Flavors-Box-Vape-300x300.webp",300,300,true],"medium_large":["https:\/\/vapestornado.com\/wp-content\/uploads\/2025\/03\/Bang-Leader-32K-Dual-Flavors-Box-Vape-768x768.webp",768,768,true],"large":["https:\/\/vapestornado.com\/wp-content\/uploads\/2025\/03\/Bang-Leader-32K-Dual-Flavors-Box-Vape.webp",800,800,false],"1536x1536":["https:\/\/vapestornado.com\/wp-content\/uploads\/2025\/03\/Bang-Leader-32K-Dual-Flavors-Box-Vape.webp",800,800,false],"2048x2048":["https:\/\/vapestornado.com\/wp-content\/uploads\/2025\/03\/Bang-Leader-32K-Dual-Flavors-Box-Vape.webp",800,800,false],"trp-custom-language-flag":["https:\/\/vapestornado.com\/wp-content\/uploads\/2025\/03\/Bang-Leader-32K-Dual-Flavors-Box-Vape.webp",12,12,false],"woocommerce_thumbnail":["https:\/\/vapestornado.com\/wp-content\/uploads\/2025\/03\/Bang-Leader-32K-Dual-Flavors-Box-Vape-300x300.webp",300,300,true],"woocommerce_single":["https:\/\/vapestornado.com\/wp-content\/uploads\/2025\/03\/Bang-Leader-32K-Dual-Flavors-Box-Vape-600x600.webp",600,600,true],"woocommerce_gallery_thumbnail":["https:\/\/vapestornado.com\/wp-content\/uploads\/2025\/03\/Bang-Leader-32K-Dual-Flavors-Box-Vape-100x100.webp",100,100,true]},"uagb_author_info":{"display_name":"ESAMY","author_link":"https:\/\/vapestornado.com\/hu\/author\/"},"uagb_comment_info":0,"uagb_excerpt":"Bang Leader 32K Dual Flavors Box Vape Factory Price Bang Leader 32000 Puffs Dual Pods Double Flavors Discount Price Bang 32000 Puffs Rechargeable E-Cigarette Disposable Vape Wholesale Add Amy's whatsapp to get right reply and discount price! WhatsApp: +86 17776015835 &nbsp;","_links":{"self":[{"href":"https:\/\/vapestornado.com\/hu\/wp-json\/wp\/v2\/product\/3888","targetHints":{"allow":["GET"]}}],"collection":[{"href":"https:\/\/vapestornado.com\/hu\/wp-json\/wp\/v2\/product"}],"about":[{"href":"https:\/\/vapestornado.com\/hu\/wp-json\/wp\/v2\/types\/product"}],"replies":[{"embeddable":true,"href":"https:\/\/vapestornado.com\/hu\/wp-json\/wp\/v2\/comments?post=3888"}],"wp:featuredmedia":[{"embeddable":true,"href":"https:\/\/vapestornado.com\/hu\/wp-json\/wp\/v2\/media\/3882"}],"wp:attachment":[{"href":"https:\/\/vapestornado.com\/hu\/wp-json\/wp\/v2\/media?parent=3888"}],"wp:term":[{"taxonomy":"product_brand","embeddable":true,"href":"https:\/\/vapestornado.com\/hu\/wp-json\/wp\/v2\/product_brand?post=3888"},{"taxonomy":"product_cat","embeddable":true,"href":"https:\/\/vapestornado.com\/hu\/wp-json\/wp\/v2\/product_cat?post=3888"},{"taxonomy":"product_tag","embeddable":true,"href":"https:\/\/vapestornado.com\/hu\/wp-json\/wp\/v2\/product_tag?post=3888"}],"curies":[{"name":"wp","href":"https:\/\/api.w.org\/{rel}","templated":true}]}}