{"id":3863,"date":"2025-03-17T02:44:11","date_gmt":"2025-03-17T02:44:11","guid":{"rendered":"https:\/\/vapestornado.com\/?post_type=product&#038;p=3863"},"modified":"2025-08-22T11:44:19","modified_gmt":"2025-08-22T11:44:19","slug":"factory-wholesale-waspe-tornado-15000-puff-15k-vape-pen-kit","status":"publish","type":"product","link":"https:\/\/vapestornado.com\/hu\/product\/factory-wholesale-waspe-tornado-15000-puff-15k-vape-pen-kit\/","title":{"rendered":"Gy\u00e1ri nagykereskedelmi Waspe Tornado 15000 Puff 15K Vape Pen Kit"},"content":{"rendered":"<h1 data-pm-slice=\"1 1 []\">Gy\u00e1ri nagykereskedelmi Waspe Tornado 15000 Puff 15K Vape Pen Kit<\/h1>\n<h3 data-start=\"0\" data-end=\"98\"><strong data-start=\"4\" data-end=\"96\">Gy\u00e1ri nagykereskedelmi Waspe Tornado Puff 15000 Vape Pen Kit \u2013 \u00dajrat\u00f6lthet\u0151<\/strong><\/h3>\n<p data-start=\"100\" data-end=\"562\">A <strong data-start=\"302\" data-end=\"343\">Waspe Tornado 15000 Puffs Vape Pen Kit<\/strong> a teljes\u00edtm\u00e9ny, a k\u00e9nyelem \u00e9s a nagykereskedelmi \u00e9rt\u00e9k \u00e9rdek\u00e9ben k\u00e9sz\u00fclt. A <strong data-start=\"416\" data-end=\"442\">22 ml-es e-liquid kapacit\u00e1ssal<\/strong> \u00e9s ak\u00e1r <strong data-start=\"453\" data-end=\"469\">15 000 slukk<\/strong>biztos\u00edtja a hosszabb haszn\u00e1latot, \u00edgy er\u0151s v\u00e1laszt\u00e1s a kiskeresked\u0151k \u00e9s a v\u00e9gfelhaszn\u00e1l\u00f3k sz\u00e1m\u00e1ra egyar\u00e1nt.<\/p>\n<h4 data-start=\"564\" data-end=\"618\"><strong data-start=\"569\" data-end=\"616\">biztos\u00edt.<\/strong><\/h4>\n<p data-start=\"619\" data-end=\"834\">Egy leny\u0171g\u00f6z\u0151 <strong data-start=\"638\" data-end=\"665\">15000 bef\u00faj\u00e1s \u2013 Meghosszabb\u00edtott Vaping \u00c9lvezet<\/strong>15 000 bef\u00faj\u00e1s eszk\u00f6zenk\u00e9nt <strong data-start=\"697\" data-end=\"717\">, a Waspe Tornado 15K biztos\u00edtja a<\/strong>hossz\u00fa t\u00e1v\u00fa haszn\u00e1latot <strong data-start=\"762\" data-end=\"793\">, \u00edgy k\u00f6lts\u00e9ghat\u00e9kony v\u00e1laszt\u00e1s mind a<\/strong> akik <strong data-start=\"806\" data-end=\"831\">t\u00f6meges eldobhat\u00f3 vape-ek<\/strong>.<\/p>\n<h4 data-start=\"836\" data-end=\"895\"><strong data-start=\"841\" data-end=\"893\">alkalmi vaperek \u00e9s keresked\u0151k<\/strong><\/h4>\n<p data-start=\"896\" data-end=\"1166\">sz\u00e1m\u00e1ra. <strong data-start=\"933\" data-end=\"961\">a vape toll \u00fajrat\u00f6lthet\u0151<\/strong>, lehet\u0151v\u00e9 t\u00e9ve, hogy minden cseppet \u00e9lvezhess <strong data-start=\"999\" data-end=\"1027\">22 ml el\u0151re t\u00f6lt\u00f6tt e-liquiddel<\/strong>. A <strong data-start=\"1033\" data-end=\"1051\">850mAh akkumul\u00e1torral<\/strong> megb\u00edzhat\u00f3 teljes\u00edtm\u00e9nyt ny\u00fajt, \u00e9s a <strong data-start=\"1086\" data-end=\"1110\">Type-C gyorst\u00f6lt\u00e9ssel<\/strong>, kevesebb id\u0151t t\u00f6lt v\u00e1rakoz\u00e1ssal \u00e9s t\u00f6bbet g\u0151z\u00f6l\u00e9ssel.<\/p>\n<h4 data-start=\"1168\" data-end=\"1216\"><strong data-start=\"1173\" data-end=\"1214\">LCD digit\u00e1lis kijelz\u0151 \u2013 Tartsa a kontrollt<\/strong><\/h4>\n<p data-start=\"1217\" data-end=\"1406\">Felejtse el a tal\u00e1lgat\u00e1st, mikor kell \u00fajrat\u00f6lteni! A be\u00e9p\u00edtett <strong data-start=\"1274\" data-end=\"1288\">LCD k\u00e9perny\u0151<\/strong> val\u00f3s idej\u0171 friss\u00edt\u00e9seket ad a <strong data-start=\"1325\" data-end=\"1361\">akkumul\u00e1tor \u00e9lettartam\u00e1r\u00f3l \u00e9s az e-liquidszintr\u0151l<\/strong>, gondtalan g\u0151z\u00f6l\u00e9si \u00e9lm\u00e9nyt biztos\u00edtva.<\/p>\n<h4 data-start=\"1408\" data-end=\"1475\"><strong data-start=\"1413\" data-end=\"1473\">H\u00e1l\u00f3s tekercses technol\u00f3gia \u2013 Maxim\u00e1lis \u00edz<\/strong><\/h4>\n<p data-start=\"1476\" data-end=\"1716\">Felszerelve egy <strong data-start=\"1493\" data-end=\"1515\">fejlett h\u00e1l\u00f3s tekercs<\/strong>, a Waspe 15000 ny\u00fajt <strong data-start=\"1542\" data-end=\"1571\">gazdag, testes \u00edzeket<\/strong> minden slukkal. Ak\u00e1r szereted a <strong data-start=\"1606\" data-end=\"1645\">gy\u00fcm\u00f6lcs\u00f6s, jeges vagy sz\u00f3d\u00e1s \u00edz\u0171 vape-okat<\/strong>, a <strong data-start=\"1651\" data-end=\"1674\">12 \u00edzv\u00e1laszt\u00e9k<\/strong> biztos\u00edtja, hogy mindenki tal\u00e1ljon kedv\u00e9re val\u00f3t.<\/p>\n<h4 data-start=\"1718\" data-end=\"1773\"><strong data-start=\"1723\" data-end=\"1771\">Nikotiner\u0151ss\u00e9g opci\u00f3k \u2013 0 mg, 20 mg, 50 mg,<\/strong><\/h4>\n<p data-start=\"1774\" data-end=\"1901\">Minden g\u0151z\u00f6l\u0151 ig\u00e9nyeit kiel\u00e9g\u00edtve, a Waspe Tornado 15000 k\u00edn\u00e1l <strong data-start=\"1829\" data-end=\"1867\">t\u00f6bbf\u00e9le nikotinszint opci\u00f3<\/strong> a k\u00fcl\u00f6nb\u00f6z\u0151 preferenci\u00e1khoz illeszkedve:<\/p>\n<ul data-start=\"1902\" data-end=\"2150\">\n<li data-start=\"1902\" data-end=\"1992\"><strong data-start=\"1904\" data-end=\"1926\">0% (nikotinmentes)<\/strong> \u2013 Ide\u00e1lis az \u00edzek kedvel\u0151inek, akik a tiszta, l\u00e1gy \u00e9lm\u00e9nyt r\u00e9szes\u00edtik el\u0151nyben.<\/li>\n<li data-start=\"1993\" data-end=\"2059\"><strong data-start=\"1995\" data-end=\"2006\">2%<\/strong> \u2013 Kiegyens\u00falyozott nikotinszint a m\u00e9rs\u00e9kelt g\u0151z\u00f6l\u0151k sz\u00e1m\u00e1ra.<\/li>\n<li data-start=\"2060\" data-end=\"2150\"><strong data-start=\"2062\" data-end=\"2075\">5% (50mg)<\/strong> \u2013 Er\u0151s nikotin\u00fct\u00e9s azoknak, akik egy intenz\u00edvebb g\u0151z\u00f6l\u00e9st \u00e9lveznek.<\/li>\n<\/ul>\n<h4 data-start=\"2152\" data-end=\"2204\"><strong data-start=\"2157\" data-end=\"2202\">Nagykereskedelmi \u00e1rak<\/strong><\/h4>\n<p data-start=\"2205\" data-end=\"2410\">T\u00f6k\u00e9letes vape shop tulajdonosoknak, disztrib\u00fatoroknak \u00e9s nagy t\u00e9telben v\u00e1s\u00e1rl\u00f3knak, a Waspe Tornado Puff 15000 a k\u00f6vetkez\u0151 \u00e1ron kaphat\u00f3: <strong data-start=\"2311\" data-end=\"2335\">alacsony nagykereskedelmi \u00e1rak<\/strong>. Rendeljen \u00f6mlesztve \u00e9s <strong data-start=\"2355\" data-end=\"2407\">szerezze be a pr\u00e9mium eldobhat\u00f3 vape-eket verhetetlen \u00e1ron<\/strong>.<\/p>\n<p><strong><span style=\"color: #ff0000;\">Add hozz\u00e1 Amy WhatsApp-j\u00e1t, hogy azonnali v\u00e1laszt \u00e9s kedvezm\u00e9nyes \u00e1rat kapj!<\/span><\/strong><\/p>\n<p><img fetchpriority=\"high\" decoding=\"async\" class=\"size-full wp-image-2932\" src=\"https:\/\/vapestornado.com\/wp-content\/uploads\/2024\/12\/Vape-Wholesale.jpg\" alt=\"Vape nagykereskedelem\" width=\"229\" height=\"300\" \/><\/p>\n<h3><a href=\"https:\/\/wa.me\/8617776015835\" target=\"_blank\" rel=\"noopener\"><span style=\"color: #ff0000;\"><strong>WhatsApp: +86 17776015835<\/strong><\/span><\/a><\/h3>\n<p>&nbsp;<\/p>\n<h2><strong>Waspe Tornado 15000 Puffs Term\u00e9kjellemz\u0151k<\/strong><\/h2>\n<p>M\u00e1rka: WASPE<br \/>\nPuffok: 15000<br \/>\nAkkumul\u00e1tor: 850mah \u00dajrat\u00f6lthet\u0151<br \/>\nKijelz\u0151: LED Digit\u00e1lis kijelz\u0151<br \/>\nNikotin: 0% 2% 3% 5%<br \/>\nFolyad\u00e9k kapacit\u00e1sa: 22ml<br \/>\nTekercs: H\u00e1l\u00f3s tekercs<\/p>\n<figure id=\"attachment_3847\" aria-describedby=\"caption-attachment-3847\" style=\"width: 800px\" class=\"wp-caption alignnone\"><img decoding=\"async\" class=\"wp-image-3847 size-full\" src=\"https:\/\/vapestornado.com\/wp-content\/uploads\/2025\/03\/Tornado-15k-Puff-Waspe-Vape.webp\" alt=\"Tornado 15k Puffs Waspe Vape\" width=\"800\" height=\"800\" srcset=\"https:\/\/vapestornado.com\/wp-content\/uploads\/2025\/03\/Tornado-15k-Puff-Waspe-Vape.webp 800w, https:\/\/vapestornado.com\/wp-content\/uploads\/2025\/03\/Tornado-15k-Puff-Waspe-Vape-300x300.webp 300w, https:\/\/vapestornado.com\/wp-content\/uploads\/2025\/03\/Tornado-15k-Puff-Waspe-Vape-150x150.webp 150w, https:\/\/vapestornado.com\/wp-content\/uploads\/2025\/03\/Tornado-15k-Puff-Waspe-Vape-768x768.webp 768w, https:\/\/vapestornado.com\/wp-content\/uploads\/2025\/03\/Tornado-15k-Puff-Waspe-Vape-600x600.webp 600w, https:\/\/vapestornado.com\/wp-content\/uploads\/2025\/03\/Tornado-15k-Puff-Waspe-Vape-100x100.webp 100w\" sizes=\"(max-width: 800px) 100vw, 800px\" \/><figcaption id=\"caption-attachment-3847\" class=\"wp-caption-text\">Tornado 15k Puffs Waspe Vape<\/figcaption><\/figure>\n<h2 class=\"product-title\"><strong>Waspe Tornado 15k Smart Vape \u00cdzek list\u00e1ja<\/strong><\/h2>\n<article class=\"group\/turn w-full text-token-text-primary focus-visible:outline-2 focus-visible:outline-offset-[-4px]\" dir=\"auto\" data-testid=\"conversation-turn-61\" data-scroll-anchor=\"true\">\n<div class=\"text-base my-auto mx-auto py-[18px] px-6\">\n<div class=\"mx-auto flex flex-1 text-base gap-4 md:gap-5 lg:gap-6 md:max-w-3xl lg:max-w-[40rem] xl:max-w-[48rem]\">\n<div class=\"group\/conversation-turn relative flex w-full min-w-0 flex-col agent-turn @xs\/thread:px-0 @sm\/thread:px-1.5 @md\/thread:px-4\">\n<div class=\"flex-col gap-1 md:gap-3\">\n<div class=\"flex max-w-full flex-col flex-grow\">\n<div class=\"min-h-8 text-message relative flex w-full flex-col items-end gap-2 whitespace-normal break-words text-start [.text-message+&amp;]:mt-5\" dir=\"auto\" data-message-author-role=\"assistant\" data-message-id=\"762d7e41-70d5-4ddf-94cb-85ef5025d3a8\" data-message-model-slug=\"gpt-4o\">\n<div class=\"flex w-full flex-col gap-1 empty:hidden first:pt-[3px]\">\n<div class=\"markdown prose w-full break-words dark:prose-invert light\">\n<p>1. G\u00f6r\u00f6gdinnye J\u00e9g <strong><span style=\"color: #ff0000;\">&gt;&gt;&gt;&gt; N\u00e9pszer\u0171!<\/span><\/strong><br \/>\n2. Eper G\u00f6r\u00f6gdinnye <strong><span style=\"color: #ff0000;\">&gt;&gt;&gt;&gt; N\u00e9pszer\u0171!<\/span><\/strong><br \/>\n3. Narancs sz\u00f3da<br \/>\n4. Dupla Alma<br \/>\n5. Eper Kivi <strong><span style=\"color: #ff0000;\">&gt;&gt;&gt;&gt; N\u00e9pszer\u0171!<\/span><\/strong><br \/>\n6. Cseresznye j\u00e9g<br \/>\n7. Aloe Sz\u0151l\u0151<br \/>\n8. Vegyes bogy\u00f3k <strong><span style=\"color: #ff0000;\">&gt;&gt;&gt;&gt; Legjobb!<\/span><\/strong><br \/>\n9. \u00c1fonya J\u00e9g<br \/>\n10. Eper Mang\u00f3 <strong><span style=\"color: #ff0000;\">&gt;&gt;&gt;&gt; N\u00e9pszer\u0171!<\/span><\/strong><br \/>\n11. K\u00e9k m\u00e1lna citrom<br \/>\n12. \u0150szibarack j\u00e9g <strong><span style=\"color: #ff0000;\">&gt;&gt;&gt;&gt; N\u00e9pszer\u0171!<\/span><\/strong><\/p>\n<\/div>\n<\/div>\n<\/div>\n<\/div>\n<\/div>\n<\/div>\n<\/div>\n<\/div>\n<\/article>\n<article class=\"w-full text-token-text-primary focus-visible:outline-2 focus-visible:outline-offset-[-4px]\" dir=\"auto\" data-testid=\"conversation-turn-32\" data-scroll-anchor=\"false\">\n<div class=\"m-auto text-base py-[18px] px-6\">\n<div class=\"mx-auto flex flex-1 text-base gap-4 md:gap-5 lg:gap-6 md:max-w-3xl lg:max-w-[40rem] xl:max-w-[48rem]\">\n<div class=\"group\/conversation-turn relative flex w-full min-w-0 flex-col @xs\/thread:px-0 @sm\/thread:px-1.5 @md\/thread:px-4\">\n<div class=\"flex-col gap-1 md:gap-3\">\n<div class=\"flex max-w-full flex-col flex-grow\">\n<div class=\"min-h-8 text-message flex w-full flex-col items-end gap-2 whitespace-normal break-words text-start [.text-message+&amp;]:mt-5\" dir=\"auto\" data-message-author-role=\"user\" data-message-id=\"ffac41ca-1db4-431b-873a-32c4052956f1\">\n<div class=\"flex w-full flex-col gap-1 empty:hidden items-end rtl:items-start\">\n<div class=\"relative max-w-[var(--user-chat-width,70%)] rounded-3xl bg-token-message-surface px-5 py-2.5\">\n<div class=\"absolute bottom-0 right-full top-0 -mr-3.5 hidden pr-5 pt-2 [.group\/conversation-turn:hover_&amp;]:flex\">\n<div class=\"flex\">\n<article class=\"w-full text-token-text-primary focus-visible:outline-2 focus-visible:outline-offset-[-4px]\" dir=\"auto\" data-testid=\"conversation-turn-39\" data-scroll-anchor=\"true\">\n<div class=\"m-auto text-base py-[18px] px-6\">\n<div class=\"mx-auto flex flex-1 text-base gap-4 md:gap-5 lg:gap-6 md:max-w-3xl lg:max-w-[40rem] xl:max-w-[48rem]\">\n<div class=\"group\/conversation-turn relative flex w-full min-w-0 flex-col agent-turn @xs\/thread:px-0 @sm\/thread:px-1.5 @md\/thread:px-4\">\n<div class=\"flex-col gap-1 md:gap-3\">\n<div class=\"flex max-w-full flex-col flex-grow\">\n<div class=\"min-h-8 text-message flex w-full flex-col items-end gap-2 whitespace-normal break-words text-start [.text-message+&amp;]:mt-5\" dir=\"auto\" data-message-author-role=\"assistant\" data-message-id=\"55a23854-ec57-48dd-bd4f-6118f43d6241\" data-message-model-slug=\"gpt-4o\">\n<div class=\"flex w-full flex-col gap-1 empty:hidden first:pt-[3px]\">\n<div class=\"markdown prose w-full break-words dark:prose-invert light\"><\/div>\n<\/div>\n<\/div>\n<\/div>\n<\/div>\n<\/div>\n<\/div>\n<\/div>\n<\/article>\n<\/div>\n<\/div>\n<\/div>\n<\/div>\n<\/div>\n<\/div>\n<\/div>\n<\/div>\n<\/div>\n<\/div>\n<\/article>\n<h3>Mi\u00e9rt v\u00e1lassza a Vapestornad\u00f3t a Waspe Tornado 15k Digital Vape \u00f6mlesztett rendel\u00e9s\u00e9hez?<\/h3>\n<div class=\"flex-shrink-0 flex flex-col relative items-end\">\n<div class=\"pt-0\">\n<div class=\"gizmo-bot-avatar flex h-8 w-8 items-center justify-center overflow-hidden rounded-full\">\n<div class=\"relative p-1 rounded-sm flex items-center justify-center bg-token-main-surface-primary text-token-text-primary h-8 w-8\">\n<p data-start=\"75\" data-end=\"479\">Amikor a <strong data-start=\"92\" data-end=\"117\">t\u00f6meges eldobhat\u00f3 vape-ek<\/strong>, <strong data-start=\"119\" data-end=\"152\">Vapestornado online vape bolt<\/strong> a legmegfelel\u0151bb c\u00e9lpont a <strong data-start=\"182\" data-end=\"202\">nagykereskedelmi v\u00e1s\u00e1rl\u00f3k<\/strong> akik <strong data-start=\"215\" data-end=\"257\">megfizethet\u0151 \u00e1rak \u00e9s pr\u00e9mium min\u0151s\u00e9g<\/strong>. Mi k\u00edn\u00e1lunk <strong data-start=\"268\" data-end=\"299\">exkluz\u00edv nagykereskedelmi \u00e1rakat<\/strong> a <strong data-start=\"307\" data-end=\"333\">WASPE 15000 Puff Sz\u00edv\u00f3<\/strong>, lehet\u0151v\u00e9 t\u00e9ve a kiskeresked\u0151k \u00e9s forgalmaz\u00f3k sz\u00e1m\u00e1ra, hogy felt\u00f6lts\u00e9k k\u00e9szleteiket az egyik legkeresettebb <strong data-start=\"412\" data-end=\"445\">\u00fajrat\u00f6lthet\u0151 eldobhat\u00f3 vape<\/strong> egy <strong data-start=\"453\" data-end=\"476\">digit\u00e1lis LCD kijelz\u0151<\/strong>.<\/p>\n<\/div>\n<div class=\"relative p-1 rounded-sm flex items-center justify-center bg-token-main-surface-primary text-token-text-primary h-8 w-8\">\n<h3>Gyakran Ism\u00e9telt K\u00e9rd\u00e9sek a Waspe Tornado 15k Eldobhat\u00f3 E-Cigarett\u00e1val kapcsolatban<\/h3>\n<p data-start=\"2462\" data-end=\"2654\"><strong data-start=\"2462\" data-end=\"2522\">1. Mennyi ideig b\u00edrja a Waspe Tornado Puff 15000 Vape?<\/strong><br data-start=\"2522\" data-end=\"2525\" \/>A <strong data-start=\"2530\" data-end=\"2557\">15000 bef\u00faj\u00e1s \u2013 Meghosszabb\u00edtott Vaping \u00c9lvezet<\/strong>, ezt a vape-et hosszan tart\u00f3 haszn\u00e1latra tervezt\u00e9k. A t\u00e9nyleges \u00e9lettartam a g\u0151z\u00f6l\u00e9si szok\u00e1sait\u00f3l f\u00fcgg.<\/p>\n<p data-start=\"2656\" data-end=\"2835\"><strong data-start=\"2656\" data-end=\"2706\">2. A Waspe 15000 Puffs Vape \u00fajrat\u00f6lthet\u0151?<\/strong><br data-start=\"2706\" data-end=\"2709\" \/>Igen! Rendelkezik egy <strong data-start=\"2729\" data-end=\"2760\">850mAh-s \u00fajrat\u00f6lthet\u0151 akkumul\u00e1torral<\/strong> \u00e1ltal m\u0171k\u00f6dtetve <strong data-start=\"2766\" data-end=\"2785\">\u00e9s a Type-C t\u00f6lt\u00e9s<\/strong>, biztos\u00edtva a maxim\u00e1lis hat\u00e9konys\u00e1got \u00e9s minim\u00e1lis hullad\u00e9kot.<\/p>\n<p data-start=\"2837\" data-end=\"3005\"><strong data-start=\"2837\" data-end=\"2875\">3. Mit mutat az LCD-kijelz\u0151?<\/strong><br data-start=\"2875\" data-end=\"2878\" \/>A <strong data-start=\"2882\" data-end=\"2896\">LCD k\u00e9perny\u0151<\/strong> val\u00f3s idej\u0171 friss\u00edt\u00e9seket ny\u00fajt a <strong data-start=\"2927\" data-end=\"2963\">akkumul\u00e1tor \u00e9lettartam\u00e1r\u00f3l \u00e9s az e-liquidszintr\u0151l<\/strong>, megk\u00f6nny\u00edtve az eszk\u00f6z figyelemmel k\u00eds\u00e9r\u00e9s\u00e9t.<\/p>\n<p data-start=\"3007\" data-end=\"3175\"><strong data-start=\"3007\" data-end=\"3052\">4. Milyen nikotiner\u0151ss\u00e9gek \u00e1llnak rendelkez\u00e9sre?<\/strong><br data-start=\"3052\" data-end=\"3055\" \/>Ez a vape el\u00e9rhet\u0151 <strong data-start=\"3074\" data-end=\"3115\">0%, 2%, 3% \u00e9s 5% nikotiner\u0151ss\u00e9gben<\/strong>, lehet\u0151v\u00e9 t\u00e9ve a felhaszn\u00e1l\u00f3k sz\u00e1m\u00e1ra, hogy kiv\u00e1lassz\u00e1k a prefer\u00e1lt nikotinszintj\u00fcket.<\/p>\n<p data-start=\"3177\" data-end=\"3407\"><strong data-start=\"3177\" data-end=\"3244\">5. Hol v\u00e1s\u00e1rolhatom meg a Waspe Tornado 15000-et nagykereskedelmi \u00e1ron?<\/strong><br data-start=\"3244\" data-end=\"3247\" \/>A <strong data-start=\"3251\" data-end=\"3293\">\u00f6mlesztett v\u00e1s\u00e1rl\u00e1sok \u00e9s nagykereskedelmi kedvezm\u00e9nyek<\/strong>\u00e9rdek\u00e9ben l\u00e1togasson el a <strong data-start=\"3301\" data-end=\"3334\">Vapestornado online vape bolt<\/strong>, az \u00d6n megb\u00edzhat\u00f3 forr\u00e1sa a <strong data-start=\"3360\" data-end=\"3404\">megfizethet\u0151 \u00fajrat\u00f6lthet\u0151 eldobhat\u00f3 vape-ek<\/strong>.<\/p>\n<\/div>\n<\/div>\n<\/div>\n<\/div>","protected":false},"excerpt":{"rendered":"<p>Waspe Tornado 15000 puff alacsony nikotintartalm\u00fa eldobhat\u00f3 vape nagykereskedelem<br \/>\nWaspe Tornado 15K eldobhat\u00f3 vape tollk\u00e9szlet gy\u00e1ri \u00e1r<br \/>\nWASPE 15000 digit\u00e1lis kijelz\u0151s eldobhat\u00f3 pod a legjobb \u00edzzel elad\u00f3<\/p>\n<p><strong>Add hozz\u00e1 Amy whatsappj\u00e1t, hogy azonnali v\u00e1laszt \u00e9s kedvezm\u00e9nyes \u00e1rat kapj!<\/strong><\/p>\n<p><img fetchpriority=\"high\" decoding=\"async\" class=\"size-full wp-image-2932\" src=\"https:\/\/vapestornado.com\/wp-content\/uploads\/2024\/12\/Vape-Wholesale.jpg\" alt=\"Vape nagykereskedelem\" width=\"229\" height=\"300\" \/><\/p>\n<h3><a href=\"https:\/\/wa.me\/8617776015835\"><span style=\"color: #ff0000;\"><strong>WhatsApp: +86 17776015835<\/strong><\/span><\/a><\/h3>\n<p>&nbsp;<\/p>","protected":false},"featured_media":3846,"comment_status":"open","ping_status":"closed","template":"","meta":{"_acf_changed":false,"_uag_custom_page_level_css":"","_lmt_disableupdate":"no","_lmt_disable":"","_monsterinsights_skip_tracking":false,"_monsterinsights_sitenote_active":false,"_monsterinsights_sitenote_note":"","_monsterinsights_sitenote_category":0,"site-sidebar-layout":"default","site-content-layout":"","ast-site-content-layout":"default","site-content-style":"default","site-sidebar-style":"default","ast-global-header-display":"","ast-banner-title-visibility":"","ast-main-header-display":"","ast-hfb-above-header-display":"","ast-hfb-below-header-display":"","ast-hfb-mobile-header-display":"","site-post-title":"","ast-breadcrumbs-content":"","ast-featured-img":"","footer-sml-layout":"","ast-disable-related-posts":"","theme-transparent-header-meta":"default","adv-header-id-meta":"","stick-header-meta":"","header-above-stick-meta":"","header-main-stick-meta":"","header-below-stick-meta":"","astra-migrate-meta-layouts":"set","ast-page-background-enabled":"default","ast-page-background-meta":{"desktop":{"background-color":"","background-image":"","background-repeat":"repeat","background-position":"center center","background-size":"auto","background-attachment":"scroll","background-type":"","background-media":"","overlay-type":"","overlay-color":"","overlay-opacity":"","overlay-gradient":""},"tablet":{"background-color":"","background-image":"","background-repeat":"repeat","background-position":"center center","background-size":"auto","background-attachment":"scroll","background-type":"","background-media":"","overlay-type":"","overlay-color":"","overlay-opacity":"","overlay-gradient":""},"mobile":{"background-color":"","background-image":"","background-repeat":"repeat","background-position":"center center","background-size":"auto","background-attachment":"scroll","background-type":"","background-media":"","overlay-type":"","overlay-color":"","overlay-opacity":"","overlay-gradient":""}},"ast-content-background-meta":{"desktop":{"background-color":"var(--ast-global-color-5)","background-image":"","background-repeat":"repeat","background-position":"center center","background-size":"auto","background-attachment":"scroll","background-type":"","background-media":"","overlay-type":"","overlay-color":"","overlay-opacity":"","overlay-gradient":""},"tablet":{"background-color":"var(--ast-global-color-5)","background-image":"","background-repeat":"repeat","background-position":"center center","background-size":"auto","background-attachment":"scroll","background-type":"","background-media":"","overlay-type":"","overlay-color":"","overlay-opacity":"","overlay-gradient":""},"mobile":{"background-color":"var(--ast-global-color-5)","background-image":"","background-repeat":"repeat","background-position":"center center","background-size":"auto","background-attachment":"scroll","background-type":"","background-media":"","overlay-type":"","overlay-color":"","overlay-opacity":"","overlay-gradient":""}},"_joinchat":{"telephone":"17776015835"}},"product_brand":[],"product_cat":[19,71,152,154,142,148],"product_tag":[97,94,241,93,259,258],"class_list":{"0":"post-3863","1":"product","2":"type-product","3":"status-publish","4":"has-post-thumbnail","6":"product_cat-vapes","7":"product_cat-15000-puff","8":"product_cat-buy-disposable-vapes-in-cermany","9":"product_cat-buy-disposable-vapes-in-netherlands","10":"product_cat-digital-box-disposable-vapes","11":"product_cat-tornado-disposable-vapes","12":"product_tag-hot-sale-disposable-vape","13":"product_tag-rechargeable-disposable-vape","14":"product_tag-smart-screen-disposable-vape","15":"product_tag-vape-wholesale","16":"product_tag-waspe-tornado-15000","17":"product_tag-waspe-tornado-15k","18":"desktop-align-left","19":"tablet-align-left","20":"mobile-align-left","22":"first","23":"instock","24":"sale","25":"shipping-taxable","26":"purchasable","27":"product-type-simple"},"acf":[],"uagb_featured_image_src":{"full":["https:\/\/vapestornado.com\/wp-content\/uploads\/2025\/03\/Best-Selling-Disposable-Vape-Waspe-15000-Puffs.webp",800,800,false],"thumbnail":["https:\/\/vapestornado.com\/wp-content\/uploads\/2025\/03\/Best-Selling-Disposable-Vape-Waspe-15000-Puffs-150x150.webp",150,150,true],"medium":["https:\/\/vapestornado.com\/wp-content\/uploads\/2025\/03\/Best-Selling-Disposable-Vape-Waspe-15000-Puffs-300x300.webp",300,300,true],"medium_large":["https:\/\/vapestornado.com\/wp-content\/uploads\/2025\/03\/Best-Selling-Disposable-Vape-Waspe-15000-Puffs-768x768.webp",768,768,true],"large":["https:\/\/vapestornado.com\/wp-content\/uploads\/2025\/03\/Best-Selling-Disposable-Vape-Waspe-15000-Puffs.webp",800,800,false],"1536x1536":["https:\/\/vapestornado.com\/wp-content\/uploads\/2025\/03\/Best-Selling-Disposable-Vape-Waspe-15000-Puffs.webp",800,800,false],"2048x2048":["https:\/\/vapestornado.com\/wp-content\/uploads\/2025\/03\/Best-Selling-Disposable-Vape-Waspe-15000-Puffs.webp",800,800,false],"trp-custom-language-flag":["https:\/\/vapestornado.com\/wp-content\/uploads\/2025\/03\/Best-Selling-Disposable-Vape-Waspe-15000-Puffs.webp",12,12,false],"woocommerce_thumbnail":["https:\/\/vapestornado.com\/wp-content\/uploads\/2025\/03\/Best-Selling-Disposable-Vape-Waspe-15000-Puffs-300x300.webp",300,300,true],"woocommerce_single":["https:\/\/vapestornado.com\/wp-content\/uploads\/2025\/03\/Best-Selling-Disposable-Vape-Waspe-15000-Puffs-600x600.webp",600,600,true],"woocommerce_gallery_thumbnail":["https:\/\/vapestornado.com\/wp-content\/uploads\/2025\/03\/Best-Selling-Disposable-Vape-Waspe-15000-Puffs-100x100.webp",100,100,true]},"uagb_author_info":{"display_name":"ESAMY","author_link":"https:\/\/vapestornado.com\/hu\/author\/"},"uagb_comment_info":0,"uagb_excerpt":"Wholesale Waspe Tornado 15000 Puff Low Nicotine Disposable Vape Waspe Tornado 15K Disposable Vape Pen Kit\u00a0 Factory Price WASPE 15000 Digital Screen Disposable Pod Best Flavor on Sale Add Amy's whatsapp to get right reply and discount price! WhatsApp: +86 17776015835 &nbsp;","_links":{"self":[{"href":"https:\/\/vapestornado.com\/hu\/wp-json\/wp\/v2\/product\/3863","targetHints":{"allow":["GET"]}}],"collection":[{"href":"https:\/\/vapestornado.com\/hu\/wp-json\/wp\/v2\/product"}],"about":[{"href":"https:\/\/vapestornado.com\/hu\/wp-json\/wp\/v2\/types\/product"}],"replies":[{"embeddable":true,"href":"https:\/\/vapestornado.com\/hu\/wp-json\/wp\/v2\/comments?post=3863"}],"wp:featuredmedia":[{"embeddable":true,"href":"https:\/\/vapestornado.com\/hu\/wp-json\/wp\/v2\/media\/3846"}],"wp:attachment":[{"href":"https:\/\/vapestornado.com\/hu\/wp-json\/wp\/v2\/media?parent=3863"}],"wp:term":[{"taxonomy":"product_brand","embeddable":true,"href":"https:\/\/vapestornado.com\/hu\/wp-json\/wp\/v2\/product_brand?post=3863"},{"taxonomy":"product_cat","embeddable":true,"href":"https:\/\/vapestornado.com\/hu\/wp-json\/wp\/v2\/product_cat?post=3863"},{"taxonomy":"product_tag","embeddable":true,"href":"https:\/\/vapestornado.com\/hu\/wp-json\/wp\/v2\/product_tag?post=3863"}],"curies":[{"name":"wp","href":"https:\/\/api.w.org\/{rel}","templated":true}]}}