{"id":3862,"date":"2025-03-17T02:07:39","date_gmt":"2025-03-17T02:07:39","guid":{"rendered":"https:\/\/vapestornado.com\/?post_type=product&#038;p=3862"},"modified":"2025-08-23T09:08:02","modified_gmt":"2025-08-23T09:08:02","slug":"fihp-digital-box-12000-puffs-wholesale-disposable-vapes-2-5-low-nicotine-rechargeable-bulk-price","status":"publish","type":"product","link":"https:\/\/vapestornado.com\/hu\/product\/fihp-digital-box-12000-puffs-wholesale-disposable-vapes-2-5-low-nicotine-rechargeable-bulk-price\/","title":{"rendered":"FIHP Digit\u00e1lis Doboz 12000 Sz\u00edv\u00e1s Nagykereskedelmi Eldobhat\u00f3 Vape 2% 5% Alacsony Nikotintartalm\u00fa \u00dajrat\u00f6lthet\u0151 T\u00f6meges \u00c1r"},"content":{"rendered":"<h1 data-pm-slice=\"1 1 []\">FIHP Digit\u00e1lis Doboz 12000 Sz\u00edv\u00e1s Nagykereskedelmi Eldobhat\u00f3 Vape 2% 5% Alacsony Nikotintartalm\u00fa \u00dajrat\u00f6lthet\u0151 T\u00f6meges \u00c1r<\/h1>\n<h2 data-start=\"0\" data-end=\"86\"><strong data-start=\"4\" data-end=\"84\">FIHP Digital Box 12000 Puffs \u2013 \u00dajrat\u00f6lthet\u0151 Eldobhat\u00f3 Vape LED Kijelz\u0151vel<\/strong><\/h2>\n<p data-start=\"324\" data-end=\"581\">A <strong data-start=\"328\" data-end=\"376\">FIHP Digit\u00e1lis Doboz 12000 Puffs Eldobhat\u00f3 Vape<\/strong> azoknak a vapereknek k\u00e9sz\u00fclt, akik hosszan tart\u00f3 teljes\u00edtm\u00e9nyt \u00e9s k\u00e9nyelmet szeretn\u00e9nek. Ak\u00e1r <strong data-start=\"458\" data-end=\"474\">12 000 slukk<\/strong> \u00e9s egy <strong data-start=\"481\" data-end=\"518\">20 ml-es el\u0151re t\u00f6lt\u00f6tt e-liquid kapacit\u00e1s<\/strong>puffs-szal, hosszan tart\u00f3 haszn\u00e1latot biztos\u00edt, egyenletes \u00edzkibocs\u00e1t\u00e1ssal.<\/p>\n<p data-start=\"583\" data-end=\"835\">Egy <strong data-start=\"596\" data-end=\"627\">650mAh-s \u00fajrat\u00f6lthet\u0151 akkumul\u00e1tor<\/strong> \u00e9s a <strong data-start=\"632\" data-end=\"656\">Type-C gyorst\u00f6lt\u00e9ssel<\/strong>puffs-n\u00e1l, ez az eszk\u00f6z maxim\u00e1lis hat\u00e9konys\u00e1got biztos\u00edt pazarl\u00f3 e-liquid n\u00e9lk\u00fcl. A <strong data-start=\"726\" data-end=\"749\">LED digit\u00e1lis kijelz\u0151<\/strong> kijelz\u0151 val\u00f3s id\u0151ben mutatja a puffok sz\u00e1m\u00e1t \u00e9s az akkumul\u00e1tor \u00e9lettartam\u00e1t, \u00edgy a felhaszn\u00e1l\u00f3k mindig k\u00e9zben tarthatj\u00e1k az ir\u00e1ny\u00edt\u00e1st.<\/p>\n<p data-start=\"837\" data-end=\"1032\">Felszerelve egy <strong data-start=\"853\" data-end=\"871\">1.0\u03a9 mesh tekercs<\/strong>h\u00e1l\u00f3s tekercs technol\u00f3gi\u00e1val a FIHP 12K sima g\u0151zt \u00e9s gazdag \u00edzt biztos\u00edt minden slukkn\u00e1l. El\u00e9rhet\u0151 <strong data-start=\"952\" data-end=\"984\">2% \u00e9s 5% nikotinszint<\/strong>nikotin er\u0151ss\u00e9gekben, a m\u00e9rs\u00e9kelt \u00e9s a heavy vaperek ig\u00e9nyeit is kiel\u00e9g\u00edti.<\/p>\n<p data-start=\"1034\" data-end=\"1225\">A nagykeresked\u0151k \u00e9s kiskeresked\u0151k sz\u00e1m\u00e1ra a <strong data-start=\"1069\" data-end=\"1101\">FIHP Digit\u00e1lis Doboz 12000 Puffs<\/strong> er\u0151s piaci vonzer\u0151t k\u00edn\u00e1l t\u00f6meges kedvezm\u00e9nyekkel \u00e9s megb\u00edzhat\u00f3 ell\u00e1t\u00e1ssal, \u00edgy j\u00f6vedelmez\u0151 v\u00e1laszt\u00e1s a k\u00e9szlet sz\u00e1m\u00e1ra 2025-ben.<\/p>\n<h2 data-start=\"2173\" data-end=\"2228\"><strong data-start=\"2178\" data-end=\"2226\">Nagykereskedelmi \u00e1rak<\/strong><\/h2>\n<p data-start=\"2229\" data-end=\"2480\">T\u00f6k\u00e9letes kiskeresked\u0151knek, vape boltok tulajdonosainak \u00e9s nagykereskedelmi v\u00e1s\u00e1rl\u00f3knak, a <strong data-start=\"2291\" data-end=\"2328\">A FIHP Digital Box 12000 Puffs Vape<\/strong> el\u00e9rhet\u0151 a k\u00f6vetkez\u0151kn\u00e9l: <strong data-start=\"2345\" data-end=\"2369\">alacsony nagykereskedelmi \u00e1rak<\/strong>. Ha a <strong data-start=\"2399\" data-end=\"2429\">legjobb nagykereskedelmi eldobhat\u00f3 vape-okat<\/strong>keresi, ez egy k\u00f6telez\u0151 kieg\u00e9sz\u00edt\u0151je a k\u00e9szlet\u00e9nek.<\/p>\n<p><strong><span style=\"color: #ff0000;\">Add hozz\u00e1 Amy WhatsApp-j\u00e1t, hogy azonnali v\u00e1laszt \u00e9s kedvezm\u00e9nyes \u00e1rat kapj!<\/span><\/strong><\/p>\n<p><img fetchpriority=\"high\" decoding=\"async\" class=\"size-full wp-image-2932\" src=\"https:\/\/vapestornado.com\/wp-content\/uploads\/2024\/12\/Vape-Wholesale.jpg\" alt=\"Vape nagykereskedelem\" width=\"229\" height=\"300\" \/><\/p>\n<h3><a href=\"https:\/\/wa.me\/8617776015835\" target=\"_blank\" rel=\"noopener\"><span style=\"color: #ff0000;\"><strong>WhatsApp: +86 17776015835<\/strong><\/span><\/a><\/h3>\n<p>&nbsp;<\/p>\n<h2><strong>FIHP Digital Box 12000 Puffs f\u0151bb term\u00e9kjellemz\u0151i<\/strong><\/h2>\n<p>M\u00e1rka: FIHP<br \/>\nSz\u00edv\u00e1s: 12000 slukk<br \/>\nMag: h\u00e1l\u00f3s tekercs 1.0ohm<br \/>\nE-liquid: 20 ml \u0171rtartalom<br \/>\nNikotin: 2% \u00e9s 5%<br \/>\nAkkumul\u00e1tor: 650mAh<br \/>\n\u00dajrat\u00f6lthet\u0151: C-t\u00edpus\u00fa<br \/>\nKijelz\u0151: LED kijelz\u0151 az olaj- \u00e9s akkumul\u00e1tor t\u00f6lt\u00f6tts\u00e9ghez<\/p>\n<h2 class=\"product-title\"><strong>FIHP Digital Box 12k Smart Vape \u00cdzlist\u00e1ja<\/strong><\/h2>\n<article class=\"group\/turn w-full text-token-text-primary focus-visible:outline-2 focus-visible:outline-offset-[-4px]\" dir=\"auto\" data-testid=\"conversation-turn-61\" data-scroll-anchor=\"true\">\n<div class=\"text-base my-auto mx-auto py-[18px] px-6\">\n<div class=\"mx-auto flex flex-1 text-base gap-4 md:gap-5 lg:gap-6 md:max-w-3xl lg:max-w-[40rem] xl:max-w-[48rem]\">\n<div class=\"group\/conversation-turn relative flex w-full min-w-0 flex-col agent-turn @xs\/thread:px-0 @sm\/thread:px-1.5 @md\/thread:px-4\">\n<div class=\"flex-col gap-1 md:gap-3\">\n<div class=\"flex max-w-full flex-col flex-grow\">\n<div class=\"min-h-8 text-message relative flex w-full flex-col items-end gap-2 whitespace-normal break-words text-start [.text-message+&amp;]:mt-5\" dir=\"auto\" data-message-author-role=\"assistant\" data-message-id=\"762d7e41-70d5-4ddf-94cb-85ef5025d3a8\" data-message-model-slug=\"gpt-4o\">\n<div class=\"flex w-full flex-col gap-1 empty:hidden first:pt-[3px]\">\n<div class=\"markdown prose w-full break-words dark:prose-invert light\">\n<p>01. Dinnye j\u00e9g <strong><span style=\"color: #ff0000;\">&gt;&gt;&gt;&gt; N\u00e9pszer\u0171!<\/span><\/strong><br \/>\n02. Sz\u0151l\u0151 j\u00e9g<br \/>\n03. Cseresznye<br \/>\n04. \u00c1fonya M\u00e1lna <strong><span style=\"color: #ff0000;\">&gt;&gt;&gt;&gt; N\u00e9pszer\u0171!<\/span><\/strong><br \/>\n05. Eper Kivi<br \/>\n06. Vegyes bogy\u00f3s gy\u00fcm\u00f6lcs\u00f6k <strong><span style=\"color: #ff0000;\">&gt;&gt;&gt;&gt; N\u00e9pszer\u0171!<\/span><\/strong><br \/>\n07. Eper G\u00f6r\u00f6gdinnye<br \/>\n08. G\u00f6r\u00f6gdinnye r\u00e1g\u00f3gumi<br \/>\n09. Barackos Mang\u00f3 Anan\u00e1sz<br \/>\n10. Kivi Passi\u00f3gy\u00fcm\u00f6lcs Guava <strong><span style=\"color: #ff0000;\">&gt;&gt;&gt;&gt; N\u00e9pszer\u0171!<\/span><\/strong><\/p>\n<\/div>\n<\/div>\n<\/div>\n<\/div>\n<\/div>\n<\/div>\n<\/div>\n<\/div>\n<\/article>\n<article class=\"w-full text-token-text-primary focus-visible:outline-2 focus-visible:outline-offset-[-4px]\" dir=\"auto\" data-testid=\"conversation-turn-32\" data-scroll-anchor=\"false\">\n<div class=\"m-auto text-base py-[18px] px-6\">\n<div class=\"mx-auto flex flex-1 text-base gap-4 md:gap-5 lg:gap-6 md:max-w-3xl lg:max-w-[40rem] xl:max-w-[48rem]\">\n<div class=\"group\/conversation-turn relative flex w-full min-w-0 flex-col @xs\/thread:px-0 @sm\/thread:px-1.5 @md\/thread:px-4\">\n<div class=\"flex-col gap-1 md:gap-3\">\n<div class=\"flex max-w-full flex-col flex-grow\">\n<div class=\"min-h-8 text-message flex w-full flex-col items-end gap-2 whitespace-normal break-words text-start [.text-message+&amp;]:mt-5\" dir=\"auto\" data-message-author-role=\"user\" data-message-id=\"ffac41ca-1db4-431b-873a-32c4052956f1\">\n<div class=\"flex w-full flex-col gap-1 empty:hidden items-end rtl:items-start\">\n<div class=\"relative max-w-[var(--user-chat-width,70%)] rounded-3xl bg-token-message-surface px-5 py-2.5\">\n<div class=\"absolute bottom-0 right-full top-0 -mr-3.5 hidden pr-5 pt-2 [.group\/conversation-turn:hover_&amp;]:flex\">\n<div class=\"flex\">\n<article class=\"w-full text-token-text-primary focus-visible:outline-2 focus-visible:outline-offset-[-4px]\" dir=\"auto\" data-testid=\"conversation-turn-39\" data-scroll-anchor=\"true\">\n<div class=\"m-auto text-base py-[18px] px-6\">\n<div class=\"mx-auto flex flex-1 text-base gap-4 md:gap-5 lg:gap-6 md:max-w-3xl lg:max-w-[40rem] xl:max-w-[48rem]\">\n<div class=\"group\/conversation-turn relative flex w-full min-w-0 flex-col agent-turn @xs\/thread:px-0 @sm\/thread:px-1.5 @md\/thread:px-4\">\n<div class=\"flex-col gap-1 md:gap-3\">\n<div class=\"flex max-w-full flex-col flex-grow\">\n<div class=\"min-h-8 text-message flex w-full flex-col items-end gap-2 whitespace-normal break-words text-start [.text-message+&amp;]:mt-5\" dir=\"auto\" data-message-author-role=\"assistant\" data-message-id=\"55a23854-ec57-48dd-bd4f-6118f43d6241\" data-message-model-slug=\"gpt-4o\">\n<div class=\"flex w-full flex-col gap-1 empty:hidden first:pt-[3px]\">\n<div class=\"markdown prose w-full break-words dark:prose-invert light\">\n<figure id=\"attachment_3835\" aria-describedby=\"caption-attachment-3835\" style=\"width: 800px\" class=\"wp-caption alignnone\"><img decoding=\"async\" class=\"wp-image-3835 size-full\" src=\"https:\/\/vapestornado.com\/wp-content\/uploads\/2025\/03\/FIHP-12000-Puffs-2-5-Low-Nicotine-Disposable-Vape.webp\" alt=\"FIHP 12000 Puffs 2% 5% Alacsony Nikotin Eldobhat\u00f3 Vape\" width=\"800\" height=\"800\" srcset=\"https:\/\/vapestornado.com\/wp-content\/uploads\/2025\/03\/FIHP-12000-Puffs-2-5-Low-Nicotine-Disposable-Vape.webp 800w, https:\/\/vapestornado.com\/wp-content\/uploads\/2025\/03\/FIHP-12000-Puffs-2-5-Low-Nicotine-Disposable-Vape-300x300.webp 300w, https:\/\/vapestornado.com\/wp-content\/uploads\/2025\/03\/FIHP-12000-Puffs-2-5-Low-Nicotine-Disposable-Vape-150x150.webp 150w, https:\/\/vapestornado.com\/wp-content\/uploads\/2025\/03\/FIHP-12000-Puffs-2-5-Low-Nicotine-Disposable-Vape-768x768.webp 768w, https:\/\/vapestornado.com\/wp-content\/uploads\/2025\/03\/FIHP-12000-Puffs-2-5-Low-Nicotine-Disposable-Vape-600x600.webp 600w, https:\/\/vapestornado.com\/wp-content\/uploads\/2025\/03\/FIHP-12000-Puffs-2-5-Low-Nicotine-Disposable-Vape-100x100.webp 100w\" sizes=\"(max-width: 800px) 100vw, 800px\" \/><figcaption id=\"caption-attachment-3835\" class=\"wp-caption-text\">FIHP 12000 Puffs 2% 5% Alacsony Nikotin Eldobhat\u00f3 Vape<\/figcaption><\/figure>\n<\/div>\n<\/div>\n<\/div>\n<\/div>\n<\/div>\n<\/div>\n<\/div>\n<\/div>\n<\/article>\n<\/div>\n<\/div>\n<\/div>\n<\/div>\n<\/div>\n<\/div>\n<\/div>\n<\/div>\n<\/div>\n<\/div>\n<\/article>\n<h3>Mi\u00e9rt v\u00e1lassza a Vapestornado-t a FIHP Digital Box 12000 Puff Digital Vape t\u00f6meges rendel\u00e9s\u00e9hez?<\/h3>\n<div class=\"flex-shrink-0 flex flex-col relative items-end\">\n<div class=\"pt-0\">\n<div class=\"gizmo-bot-avatar flex h-8 w-8 items-center justify-center overflow-hidden rounded-full\">\n<div class=\"relative p-1 rounded-sm flex items-center justify-center bg-token-main-surface-primary text-token-text-primary h-8 w-8\">\n<p>Amikor a <strong data-start=\"97\" data-end=\"127\">nagykereskedelmi eldobhat\u00f3 vape-ekhez<\/strong>, <strong data-start=\"129\" data-end=\"162\">Vapestornado online vape bolt<\/strong> az \u00d6n v\u00e9gs\u0151 c\u00e9lpontja! K\u00edn\u00e1lunk <strong data-start=\"202\" data-end=\"230\">versenyk\u00e9pes t\u00f6meges \u00e1rakat<\/strong>, biztos\u00edtva, hogy a legjobb aj\u00e1nlatokat kapja a FIHP Digital Box 12000 Puffs-ra <strong data-start=\"271\" data-end=\"302\">Vape<\/strong> term\u00e9kre, a min\u0151s\u00e9g fel\u00e1ldoz\u00e1sa n\u00e9lk\u00fcl. A <strong data-start=\"338\" data-end=\"355\">gyors sz\u00e1ll\u00edt\u00e1st<\/strong>, <strong data-start=\"357\" data-end=\"380\">biztons\u00e1gos tranzakci\u00f3kat<\/strong>\u00e9s a sz\u00e9les v\u00e1laszt\u00e9kunk r\u00e9v\u00e9n <strong data-start=\"406\" data-end=\"434\">n\u00e9pszer\u0171bb eldobhat\u00f3 vape<\/strong>a t\u00f6meges v\u00e1s\u00e1rl\u00e1st probl\u00e9mamentess\u00e9 tessz\u00fck. R\u00e1ad\u00e1sul a mi <strong data-start=\"483\" data-end=\"508\">\u00fcgyf\u00e9lszolg\u00e1lati csapatunk<\/strong> mindig k\u00e9szen \u00e1ll, hogy seg\u00edtsen a nagykereskedelmi k\u00e9rd\u00e9seivel. Legyen sz\u00f3 kiskeresked\u0151r\u0151l vagy forgalmaz\u00f3r\u00f3l, <strong data-start=\"608\" data-end=\"650\">A Vapestornado verhetetlen \u00e9rt\u00e9ket ny\u00fajt<\/strong> a kiv\u00e1l\u00f3 min\u0151s\u00e9g\u0171 <strong data-start=\"667\" data-end=\"708\">\u00fajrat\u00f6lthet\u0151, intelligens kijelz\u0151s vape-ek ter\u00e9n<\/strong>. Rendeljen m\u00e9g ma, \u00e9s szerezze be a leg\u00fajabb <strong data-start=\"749\" data-end=\"782\">hossz\u00fa \u00e9lettartam\u00fa eldobhat\u00f3 vape-eket<\/strong> a legjobb \u00e1ron!<\/p>\n<\/div>\n<h3><\/h3>\n<div class=\"relative p-1 rounded-sm flex items-center justify-center bg-token-main-surface-primary text-token-text-primary h-8 w-8\">\n<h3>Gyakran Ism\u00e9telt K\u00e9rd\u00e9sek a FIHP 12k Eldobhat\u00f3 E-Cigarett\u00e1hoz<\/h3>\n<p data-start=\"2534\" data-end=\"2730\"><strong data-start=\"2534\" data-end=\"2598\">1. Mennyi ideig b\u00edrja a FIHP Digital Box 12000 Puffs Vape?<\/strong><br data-start=\"2598\" data-end=\"2601\" \/>A <strong data-start=\"2606\" data-end=\"2633\">12 000 sz\u00edv\u00e1s k\u00e9sz\u00fcl\u00e9kenk\u00e9nt<\/strong>, ezt a vape-et hosszan tart\u00f3 haszn\u00e1latra tervezt\u00e9k. A t\u00e9nyleges \u00e9lettartam a g\u0151z\u00f6l\u00e9si szok\u00e1sait\u00f3l f\u00fcgg.<\/p>\n<p data-start=\"2732\" data-end=\"2928\"><strong data-start=\"2732\" data-end=\"2781\">2. \u00dajrat\u00f6lthet\u0151 a FIHP 12000 Puffs Vape?<\/strong><br data-start=\"2781\" data-end=\"2784\" \/>Igen! Rendelkezik egy <strong data-start=\"2803\" data-end=\"2834\">650mAh-s \u00fajrat\u00f6lthet\u0151 akkumul\u00e1tor<\/strong> \u00e9s egy <strong data-start=\"2841\" data-end=\"2865\">Type-C t\u00f6lt\u0151porttal<\/strong>, biztos\u00edtva a hat\u00e9kony energiagazd\u00e1lkod\u00e1st \u00e9s a hosszabb haszn\u00e1lhat\u00f3s\u00e1got.<\/p>\n<p data-start=\"2930\" data-end=\"3100\"><strong data-start=\"2930\" data-end=\"2976\">3. Mit mutat a digit\u00e1lis LED kijelz\u0151?<\/strong><br data-start=\"2976\" data-end=\"2979\" \/>A <strong data-start=\"2983\" data-end=\"2997\">LED k\u00e9perny\u0151<\/strong> kijelz\u0151k <strong data-start=\"3007\" data-end=\"3038\">akkumul\u00e1tor \u00e9lettartam\u00e1t \u00e9s a slukkok sz\u00e1m\u00e1t<\/strong>, hogy mindig nyomon k\u00f6vethesse a vape \u00e1llapot\u00e1t.<\/p>\n<p data-start=\"3102\" data-end=\"3272\"><strong data-start=\"3102\" data-end=\"3147\">4. Milyen nikotiner\u0151ss\u00e9gek \u00e1llnak rendelkez\u00e9sre?<\/strong><br data-start=\"3147\" data-end=\"3150\" \/>A FIHP 12000 kaphat\u00f3 <strong data-start=\"3181\" data-end=\"3227\">2% (alacsony nikotin) \u00e9s 5% (er\u0151s nikotin)<\/strong>v\u00e1ltozatban, a k\u00fcl\u00f6nb\u00f6z\u0151 vaping preferenci\u00e1knak megfelel\u0151en.<\/p>\n<p data-start=\"3274\" data-end=\"3531\"><strong data-start=\"3274\" data-end=\"3355\">5. Hol v\u00e1s\u00e1rolhatok FIHP Digital Box 12000 Puffs Vape-et nagykereskedelmi \u00e1ron?<\/strong><br data-start=\"3355\" data-end=\"3358\" \/>A <strong data-start=\"3362\" data-end=\"3397\">t\u00f6meges megrendel\u00e9sek \u00e9s nagykereskedelmi aj\u00e1nlatok<\/strong>\u00e9rdek\u00e9ben l\u00e1togasson el a <strong data-start=\"3405\" data-end=\"3438\">Vapestornado online vape bolt<\/strong>, a legjobb hely a beszerz\u00e9sre <strong data-start=\"3462\" data-end=\"3506\">megfizethet\u0151 \u00fajrat\u00f6lthet\u0151 eldobhat\u00f3 vape-ek<\/strong> pr\u00e9mium funkci\u00f3kkal.<\/p>\n<\/div>\n<\/div>\n<\/div>\n<\/div>","protected":false},"excerpt":{"rendered":"<p>FIHP Digital Box 12k 12000 Puff Eldobhat\u00f3 Vape Legjobb \u00c1ron<br \/>\nFIHP Digital Box 12000 K\u00e9perny\u0151s Eldobhat\u00f3 Vape Nagykeresked\u00e9s Magyarorsz\u00e1gon<br \/>\nFIHP 12000 Digital Eldobhat\u00f3 Vape Box Legjobb \u00cdzek Akci\u00f3san<\/p>\n<p><strong>Add hozz\u00e1 Amy whatsappj\u00e1t, hogy azonnali v\u00e1laszt \u00e9s kedvezm\u00e9nyes \u00e1rat kapj!<\/strong><\/p>\n<p><img fetchpriority=\"high\" decoding=\"async\" class=\"size-full wp-image-2932\" src=\"https:\/\/vapestornado.com\/wp-content\/uploads\/2024\/12\/Vape-Wholesale.jpg\" alt=\"Vape nagykereskedelem\" width=\"229\" height=\"300\" \/><\/p>\n<h3><a href=\"https:\/\/wa.me\/8617776015835\"><span style=\"color: #ff0000;\"><strong>WhatsApp: +86 17776015835<\/strong><\/span><\/a><\/h3>\n<p>&nbsp;<\/p>","protected":false},"featured_media":3837,"comment_status":"open","ping_status":"closed","template":"","meta":{"_acf_changed":false,"_uag_custom_page_level_css":"","_lmt_disableupdate":"no","_lmt_disable":"","_monsterinsights_skip_tracking":false,"_monsterinsights_sitenote_active":false,"_monsterinsights_sitenote_note":"","_monsterinsights_sitenote_category":0,"site-sidebar-layout":"default","site-content-layout":"","ast-site-content-layout":"default","site-content-style":"default","site-sidebar-style":"default","ast-global-header-display":"","ast-banner-title-visibility":"","ast-main-header-display":"","ast-hfb-above-header-display":"","ast-hfb-below-header-display":"","ast-hfb-mobile-header-display":"","site-post-title":"","ast-breadcrumbs-content":"","ast-featured-img":"","footer-sml-layout":"","ast-disable-related-posts":"","theme-transparent-header-meta":"default","adv-header-id-meta":"","stick-header-meta":"","header-above-stick-meta":"","header-main-stick-meta":"","header-below-stick-meta":"","astra-migrate-meta-layouts":"set","ast-page-background-enabled":"default","ast-page-background-meta":{"desktop":{"background-color":"","background-image":"","background-repeat":"repeat","background-position":"center center","background-size":"auto","background-attachment":"scroll","background-type":"","background-media":"","overlay-type":"","overlay-color":"","overlay-opacity":"","overlay-gradient":""},"tablet":{"background-color":"","background-image":"","background-repeat":"repeat","background-position":"center center","background-size":"auto","background-attachment":"scroll","background-type":"","background-media":"","overlay-type":"","overlay-color":"","overlay-opacity":"","overlay-gradient":""},"mobile":{"background-color":"","background-image":"","background-repeat":"repeat","background-position":"center center","background-size":"auto","background-attachment":"scroll","background-type":"","background-media":"","overlay-type":"","overlay-color":"","overlay-opacity":"","overlay-gradient":""}},"ast-content-background-meta":{"desktop":{"background-color":"var(--ast-global-color-5)","background-image":"","background-repeat":"repeat","background-position":"center center","background-size":"auto","background-attachment":"scroll","background-type":"","background-media":"","overlay-type":"","overlay-color":"","overlay-opacity":"","overlay-gradient":""},"tablet":{"background-color":"var(--ast-global-color-5)","background-image":"","background-repeat":"repeat","background-position":"center center","background-size":"auto","background-attachment":"scroll","background-type":"","background-media":"","overlay-type":"","overlay-color":"","overlay-opacity":"","overlay-gradient":""},"mobile":{"background-color":"var(--ast-global-color-5)","background-image":"","background-repeat":"repeat","background-position":"center center","background-size":"auto","background-attachment":"scroll","background-type":"","background-media":"","overlay-type":"","overlay-color":"","overlay-opacity":"","overlay-gradient":""}},"_joinchat":{"telephone":"17776015835"}},"product_brand":[],"product_cat":[19,72,153,154,158,144,146,60],"product_tag":[105,257,256,97,94,241,93],"class_list":{"0":"post-3862","1":"product","2":"type-product","3":"status-publish","4":"has-post-thumbnail","6":"product_cat-vapes","7":"product_cat-12000-puff","8":"product_cat-buy-disposable-vapes-in-italy","9":"product_cat-buy-disposable-vapes-in-netherlands","10":"product_cat-buy-disposable-vapes-in-spain","11":"product_cat-low-nicotine-disposable-vapes","12":"product_cat-rechargeable-disposable-vapes","13":"product_cat-waspe-fihp-vape","14":"product_tag-digital-disposable-vape","15":"product_tag-fihp-12000","16":"product_tag-fihp-digital-box-12k","17":"product_tag-hot-sale-disposable-vape","18":"product_tag-rechargeable-disposable-vape","19":"product_tag-smart-screen-disposable-vape","20":"product_tag-vape-wholesale","21":"desktop-align-left","22":"tablet-align-left","23":"mobile-align-left","25":"first","26":"instock","27":"sale","28":"shipping-taxable","29":"purchasable","30":"product-type-simple"},"acf":[],"uagb_featured_image_src":{"full":["https:\/\/vapestornado.com\/wp-content\/uploads\/2025\/03\/FIHP-Digital-Box-12000-Puff-Rechargeable-Vape.webp",800,800,false],"thumbnail":["https:\/\/vapestornado.com\/wp-content\/uploads\/2025\/03\/FIHP-Digital-Box-12000-Puff-Rechargeable-Vape-150x150.webp",150,150,true],"medium":["https:\/\/vapestornado.com\/wp-content\/uploads\/2025\/03\/FIHP-Digital-Box-12000-Puff-Rechargeable-Vape-300x300.webp",300,300,true],"medium_large":["https:\/\/vapestornado.com\/wp-content\/uploads\/2025\/03\/FIHP-Digital-Box-12000-Puff-Rechargeable-Vape-768x768.webp",768,768,true],"large":["https:\/\/vapestornado.com\/wp-content\/uploads\/2025\/03\/FIHP-Digital-Box-12000-Puff-Rechargeable-Vape.webp",800,800,false],"1536x1536":["https:\/\/vapestornado.com\/wp-content\/uploads\/2025\/03\/FIHP-Digital-Box-12000-Puff-Rechargeable-Vape.webp",800,800,false],"2048x2048":["https:\/\/vapestornado.com\/wp-content\/uploads\/2025\/03\/FIHP-Digital-Box-12000-Puff-Rechargeable-Vape.webp",800,800,false],"trp-custom-language-flag":["https:\/\/vapestornado.com\/wp-content\/uploads\/2025\/03\/FIHP-Digital-Box-12000-Puff-Rechargeable-Vape.webp",12,12,false],"woocommerce_thumbnail":["https:\/\/vapestornado.com\/wp-content\/uploads\/2025\/03\/FIHP-Digital-Box-12000-Puff-Rechargeable-Vape-300x300.webp",300,300,true],"woocommerce_single":["https:\/\/vapestornado.com\/wp-content\/uploads\/2025\/03\/FIHP-Digital-Box-12000-Puff-Rechargeable-Vape-600x600.webp",600,600,true],"woocommerce_gallery_thumbnail":["https:\/\/vapestornado.com\/wp-content\/uploads\/2025\/03\/FIHP-Digital-Box-12000-Puff-Rechargeable-Vape-100x100.webp",100,100,true]},"uagb_author_info":{"display_name":"ESAMY","author_link":"https:\/\/vapestornado.com\/hu\/author\/"},"uagb_comment_info":0,"uagb_excerpt":"FIHP Digital Box 12k 12000 Puff Disposable Vape Best Price FIHP Digital Box 12000 Screen Disposable Vape Wholelesale in Poland FIHP 12000 Digital Disposable Vape Box Best Flavor on Sale Add Amy's whatsapp to get right reply and discount price! WhatsApp: +86 17776015835 &nbsp;","_links":{"self":[{"href":"https:\/\/vapestornado.com\/hu\/wp-json\/wp\/v2\/product\/3862","targetHints":{"allow":["GET"]}}],"collection":[{"href":"https:\/\/vapestornado.com\/hu\/wp-json\/wp\/v2\/product"}],"about":[{"href":"https:\/\/vapestornado.com\/hu\/wp-json\/wp\/v2\/types\/product"}],"replies":[{"embeddable":true,"href":"https:\/\/vapestornado.com\/hu\/wp-json\/wp\/v2\/comments?post=3862"}],"wp:featuredmedia":[{"embeddable":true,"href":"https:\/\/vapestornado.com\/hu\/wp-json\/wp\/v2\/media\/3837"}],"wp:attachment":[{"href":"https:\/\/vapestornado.com\/hu\/wp-json\/wp\/v2\/media?parent=3862"}],"wp:term":[{"taxonomy":"product_brand","embeddable":true,"href":"https:\/\/vapestornado.com\/hu\/wp-json\/wp\/v2\/product_brand?post=3862"},{"taxonomy":"product_cat","embeddable":true,"href":"https:\/\/vapestornado.com\/hu\/wp-json\/wp\/v2\/product_cat?post=3862"},{"taxonomy":"product_tag","embeddable":true,"href":"https:\/\/vapestornado.com\/hu\/wp-json\/wp\/v2\/product_tag?post=3862"}],"curies":[{"name":"wp","href":"https:\/\/api.w.org\/{rel}","templated":true}]}}