{"id":3861,"date":"2025-03-16T09:21:11","date_gmt":"2025-03-16T09:21:11","guid":{"rendered":"https:\/\/vapestornado.com\/?post_type=product&#038;p=3861"},"modified":"2025-08-23T10:42:12","modified_gmt":"2025-08-23T10:42:12","slug":"waspe-fihp-30000-puffs-smart-screen-vape-2-5-nicotine-wholesal","status":"publish","type":"product","link":"https:\/\/vapestornado.com\/hu\/product\/waspe-fihp-30000-puffs-smart-screen-vape-2-5-nicotine-wholesal\/","title":{"rendered":"WASPE FIHP 30000 Puffs Okos K\u00e9perny\u0151s Vape 2% 5% Nikotin Nagykereskedelem"},"content":{"rendered":"<h1 data-pm-slice=\"1 1 []\">WASPE FIHP 30000 Puffs Okos K\u00e9perny\u0151s Vape 2% 5% Nikotin Nagykereskedelem<\/h1>\n<p data-start=\"293\" data-end=\"589\">A <strong data-start=\"297\" data-end=\"341\">WASPE FIHP 30000 Puffs Intelligens K\u00e9perny\u0151s Vape<\/strong> az eur\u00f3pai nagykeresked\u0151k \u00e9s kiskeresked\u0151k sz\u00e1m\u00e1ra k\u00e9sz\u00fclt, akik egy funkci\u00f3kban gazdag, tart\u00f3s eldobhat\u00f3 term\u00e9ket keresnek. Ak\u00e1r <strong data-start=\"453\" data-end=\"469\">30 000 slukk<\/strong>, egy <strong data-start=\"473\" data-end=\"495\">28 ml-es e-liquid tart\u00e1lyb\u00f3l<\/strong>, \u00e9s <strong data-start=\"501\" data-end=\"530\">dupla h\u00e1l\u00f3s tekercs technol\u00f3gi\u00e1ja<\/strong>biztos\u00edtja az egyenletes g\u0151zt \u00e9s a sima \u00edzlead\u00e1st.<\/p>\n<p data-start=\"591\" data-end=\"734\">Meghajtja egy <strong data-start=\"605\" data-end=\"636\">850mAh-s \u00fajrat\u00f6lthet\u0151 akkumul\u00e1torral<\/strong> \u00e1ltal m\u0171k\u00f6dtetve <strong data-start=\"642\" data-end=\"666\">Type-C gyorst\u00f6lt\u00e9ssel<\/strong>a FIHP 30K minimaliz\u00e1lja az \u00e1ll\u00e1sid\u0151t. K\u00edn\u00e1l <strong data-start=\"711\" data-end=\"731\">k\u00e9t g\u0151z\u00f6l\u00e9si m\u00f3ddal<\/strong>:<\/p>\n<ul data-start=\"735\" data-end=\"875\">\n<li data-start=\"735\" data-end=\"791\">\n<p data-start=\"737\" data-end=\"791\"><strong data-start=\"737\" data-end=\"753\">Norm\u00e1l m\u00f3d<\/strong> a maxim\u00e1lis puffsz\u00e1m \u00e9rdek\u00e9ben (ak\u00e1r 30K).<\/p>\n<\/li>\n<li data-start=\"792\" data-end=\"875\">\n<p data-start=\"794\" data-end=\"875\"><strong data-start=\"794\" data-end=\"808\">Pulz\u00e1l\u00f3 m\u00f3d<\/strong> a fokozott g\u0151zs\u0171r\u0171s\u00e9g \u00e9s a gazdagabb \u00edz \u00e9rdek\u00e9ben (kb. 15K puff).<\/p>\n<\/li>\n<\/ul>\n<p data-start=\"877\" data-end=\"1104\">A <strong data-start=\"881\" data-end=\"902\">LED intelligens kijelz\u0151<\/strong> folyamatosan t\u00e1j\u00e9koztatja a felhaszn\u00e1l\u00f3kat az akkumul\u00e1tor \u00e9lettartam\u00e1r\u00f3l, az e-liquid szintj\u00e9r\u0151l \u00e9s az \u00fczemm\u00f3d be\u00e1ll\u00edt\u00e1sair\u00f3l. A <strong data-start=\"981\" data-end=\"1003\">szab\u00e1lyozhat\u00f3 l\u00e9g\u00e1raml\u00e1ssal<\/strong>seg\u00edts\u00e9g\u00e9vel a vaperek v\u00e1laszthatnak a szorosabb h\u00faz\u00e1sok vagy a nyitottabb bel\u00e9legz\u00e9s k\u00f6z\u00f6tt, a k\u00fcl\u00f6nb\u00f6z\u0151 preferenci\u00e1knak megfelel\u0151en.<\/p>\n<p data-start=\"1106\" data-end=\"1387\">El\u00e9rhet\u0151 <strong data-start=\"1119\" data-end=\"1151\">2% \u00e9s 5% nikotinszint<\/strong> \u00e9s a <strong data-start=\"1156\" data-end=\"1177\">16 \u00edzv\u00e1laszt\u00e9kot<\/strong>, a <strong data-start=\"1183\" data-end=\"1206\">WASPE FIHP 30K Vape<\/strong> alkalmas a sokf\u00e9le vev\u0151i ig\u00e9nyhez. A forgalmaz\u00f3k sz\u00e1m\u00e1ra a <strong data-start=\"1284\" data-end=\"1347\">kapacit\u00e1s, az intelligens funkci\u00f3k \u00e9s a versenyk\u00e9pes nagykereskedelmi \u00e1rak kombin\u00e1ci\u00f3ja<\/strong> profit\u00e1bilis v\u00e1laszt\u00e1ss\u00e1 teszi 2025-ben.<\/p>\n<p><strong><span style=\"color: #ff0000;\">Add hozz\u00e1 Amy WhatsApp-j\u00e1t, hogy azonnali v\u00e1laszt \u00e9s kedvezm\u00e9nyes \u00e1rat kapj!<\/span><\/strong><\/p>\n<p><img fetchpriority=\"high\" decoding=\"async\" class=\"size-full wp-image-2932\" src=\"https:\/\/vapestornado.com\/wp-content\/uploads\/2024\/12\/Vape-Wholesale.jpg\" alt=\"Vape nagykereskedelem\" width=\"229\" height=\"300\" \/><\/p>\n<h3><a href=\"https:\/\/wa.me\/8617776015835\" target=\"_blank\" rel=\"noopener\"><span style=\"color: #ff0000;\"><strong>WhatsApp: +86 17776015835<\/strong><\/span><\/a><\/h3>\n<p>&nbsp;<\/p>\n<h2><strong>WASPE FIHP 30000 Puffs F\u0151bb term\u00e9kjellemz\u0151k<\/strong><\/h2>\n<p>\u2022 El\u0151ret\u00f6lt\u00f6tt 28 ml e-liquid<br \/>\n\u2022 Kett\u0151s \u00fczemm\u00f3d: Norm\u00e1l (30000 slukkos Vape)<br \/>\n\u2022 Be\u00e9p\u00edtett 850mAh akkumul\u00e1tor (\u00fajrat\u00f6lthet\u0151 Type-C-n kereszt\u00fcl)<br \/>\n\u2022 Kett\u0151s h\u00e1l\u00f3s tekercsek (1ohm+1ohm)<br \/>\n\u2022 LED k\u00e9perny\u0151 az akkumul\u00e1tor \u00e9s az olaj kijelz\u00e9s\u00e9hez<br \/>\n\u2022 \u00c1ll\u00edthat\u00f3 l\u00e9g\u00e1raml\u00e1s<br \/>\n\u2022 16 el\u00e9rhet\u0151 \u00edz<\/p>\n<figure id=\"attachment_3844\" aria-describedby=\"caption-attachment-3844\" style=\"width: 800px\" class=\"wp-caption alignnone\"><img decoding=\"async\" class=\"wp-image-3844 size-full\" src=\"https:\/\/vapestornado.com\/wp-content\/uploads\/2025\/03\/WASPE-FIHP-30000-Puffs-Rechargeable-Disposable-Vape.jpg\" alt=\"WASPE FIHP 30000 Puffs \u00fajrat\u00f6lthet\u0151 eldobhat\u00f3 vape\" width=\"800\" height=\"800\" srcset=\"https:\/\/vapestornado.com\/wp-content\/uploads\/2025\/03\/WASPE-FIHP-30000-Puffs-Rechargeable-Disposable-Vape.jpg 800w, https:\/\/vapestornado.com\/wp-content\/uploads\/2025\/03\/WASPE-FIHP-30000-Puffs-Rechargeable-Disposable-Vape-300x300.jpg 300w, https:\/\/vapestornado.com\/wp-content\/uploads\/2025\/03\/WASPE-FIHP-30000-Puffs-Rechargeable-Disposable-Vape-150x150.jpg 150w, https:\/\/vapestornado.com\/wp-content\/uploads\/2025\/03\/WASPE-FIHP-30000-Puffs-Rechargeable-Disposable-Vape-768x768.jpg 768w, https:\/\/vapestornado.com\/wp-content\/uploads\/2025\/03\/WASPE-FIHP-30000-Puffs-Rechargeable-Disposable-Vape-600x600.jpg 600w, https:\/\/vapestornado.com\/wp-content\/uploads\/2025\/03\/WASPE-FIHP-30000-Puffs-Rechargeable-Disposable-Vape-100x100.jpg 100w\" sizes=\"(max-width: 800px) 100vw, 800px\" \/><figcaption id=\"caption-attachment-3844\" class=\"wp-caption-text\">WASPE FIHP 30000 Puffs \u00fajrat\u00f6lthet\u0151 eldobhat\u00f3 vape<\/figcaption><\/figure>\n<h2 class=\"product-title\"><strong>WASPE FIHP 30K Puffs intelligens vape \u00edzlista<\/strong><\/h2>\n<article class=\"group\/turn w-full text-token-text-primary focus-visible:outline-2 focus-visible:outline-offset-[-4px]\" dir=\"auto\" data-testid=\"conversation-turn-61\" data-scroll-anchor=\"true\">\n<div class=\"text-base my-auto mx-auto py-[18px] px-6\">\n<div class=\"mx-auto flex flex-1 text-base gap-4 md:gap-5 lg:gap-6 md:max-w-3xl lg:max-w-[40rem] xl:max-w-[48rem]\">\n<div class=\"group\/conversation-turn relative flex w-full min-w-0 flex-col agent-turn @xs\/thread:px-0 @sm\/thread:px-1.5 @md\/thread:px-4\">\n<div class=\"flex-col gap-1 md:gap-3\">\n<div class=\"flex max-w-full flex-col flex-grow\">\n<div class=\"min-h-8 text-message relative flex w-full flex-col items-end gap-2 whitespace-normal break-words text-start [.text-message+&amp;]:mt-5\" dir=\"auto\" data-message-author-role=\"assistant\" data-message-id=\"762d7e41-70d5-4ddf-94cb-85ef5025d3a8\" data-message-model-slug=\"gpt-4o\">\n<div class=\"flex w-full flex-col gap-1 empty:hidden first:pt-[3px]\">\n<div class=\"markdown prose w-full break-words dark:prose-invert light\">\n<p>1. G\u00f6r\u00f6gdinnye j\u00e9g <strong><span style=\"color: #ff0000;\">&gt;&gt;&gt;&gt; N\u00e9pszer\u0171!<\/span><\/strong><br \/>\n2.Cseresznye J\u00e9g<br \/>\n3.Sz\u0151l\u0151 J\u00e9g<br \/>\n4.\u0150szibarack Bogy\u00f3 <strong><span style=\"color: #ff0000;\">&gt;&gt;&gt;&gt; N\u00e9pszer\u0171!<\/span><\/strong><br \/>\n5.Eper Mang\u00f3<br \/>\n6. Eper kiwi<br \/>\n7.Vegyes Bogy\u00f3<br \/>\n8.\u00c1fonya M\u00e1lna <strong><span style=\"color: #ff0000;\">&gt;&gt;&gt;&gt; N\u00e9pszer\u0171!<\/span><\/strong><br \/>\n9.Eper G\u00f6r\u00f6gdinnye <strong><span style=\"color: #ff0000;\">&gt;&gt;&gt;&gt; Legjobb!<\/span><\/strong><br \/>\n10.Kivi Maracuja Guava<br \/>\n11.Epres Red Bull<br \/>\n12.G\u00f6r\u00f6gdinnye Mang\u00f3 \u0150szibarack <strong><span style=\"color: #ff0000;\">&gt;&gt;&gt;&gt; N\u00e9pszer\u0171!<\/span><\/strong><br \/>\n13.Dupla Alma J\u00e9g<br \/>\n14.G\u00f6r\u00f6gdinnye R\u00e1g\u00f3gumi<br \/>\n15.Eper M\u00e1lna Cseresznye <strong><span style=\"color: #ff0000;\">&gt;&gt;&gt;&gt; N\u00e9pszer\u0171!<\/span><\/strong><br \/>\n16.\u00c1fonya J\u00e9g<\/p>\n<\/div>\n<\/div>\n<\/div>\n<\/div>\n<\/div>\n<\/div>\n<\/div>\n<\/div>\n<\/article>\n<article class=\"w-full text-token-text-primary focus-visible:outline-2 focus-visible:outline-offset-[-4px]\" dir=\"auto\" data-testid=\"conversation-turn-32\" data-scroll-anchor=\"false\">\n<div class=\"m-auto text-base py-[18px] px-6\">\n<div class=\"mx-auto flex flex-1 text-base gap-4 md:gap-5 lg:gap-6 md:max-w-3xl lg:max-w-[40rem] xl:max-w-[48rem]\">\n<div class=\"group\/conversation-turn relative flex w-full min-w-0 flex-col @xs\/thread:px-0 @sm\/thread:px-1.5 @md\/thread:px-4\">\n<div class=\"flex-col gap-1 md:gap-3\">\n<div class=\"flex max-w-full flex-col flex-grow\">\n<div class=\"min-h-8 text-message flex w-full flex-col items-end gap-2 whitespace-normal break-words text-start [.text-message+&amp;]:mt-5\" dir=\"auto\" data-message-author-role=\"user\" data-message-id=\"ffac41ca-1db4-431b-873a-32c4052956f1\">\n<div class=\"flex w-full flex-col gap-1 empty:hidden items-end rtl:items-start\">\n<div class=\"relative max-w-[var(--user-chat-width,70%)] rounded-3xl bg-token-message-surface px-5 py-2.5\">\n<div class=\"absolute bottom-0 right-full top-0 -mr-3.5 hidden pr-5 pt-2 [.group\/conversation-turn:hover_&amp;]:flex\">\n<div class=\"flex\">\n<article class=\"w-full text-token-text-primary focus-visible:outline-2 focus-visible:outline-offset-[-4px]\" dir=\"auto\" data-testid=\"conversation-turn-39\" data-scroll-anchor=\"true\">\n<div class=\"m-auto text-base py-[18px] px-6\">\n<div class=\"mx-auto flex flex-1 text-base gap-4 md:gap-5 lg:gap-6 md:max-w-3xl lg:max-w-[40rem] xl:max-w-[48rem]\">\n<div class=\"group\/conversation-turn relative flex w-full min-w-0 flex-col agent-turn @xs\/thread:px-0 @sm\/thread:px-1.5 @md\/thread:px-4\">\n<div class=\"flex-col gap-1 md:gap-3\">\n<div class=\"flex max-w-full flex-col flex-grow\">\n<div class=\"min-h-8 text-message flex w-full flex-col items-end gap-2 whitespace-normal break-words text-start [.text-message+&amp;]:mt-5\" dir=\"auto\" data-message-author-role=\"assistant\" data-message-id=\"55a23854-ec57-48dd-bd4f-6118f43d6241\" data-message-model-slug=\"gpt-4o\">\n<div class=\"flex w-full flex-col gap-1 empty:hidden first:pt-[3px]\">\n<div class=\"markdown prose w-full break-words dark:prose-invert light\"><\/div>\n<\/div>\n<\/div>\n<\/div>\n<\/div>\n<\/div>\n<\/div>\n<\/div>\n<\/article>\n<\/div>\n<\/div>\n<\/div>\n<\/div>\n<\/div>\n<\/div>\n<\/div>\n<\/div>\n<\/div>\n<\/div>\n<\/article>\n<h2>Mi\u00e9rt v\u00e1lassza a vapestornado-t a FIHP 30000 Puffs Smart Vape t\u00f6meges rendel\u00e9s\u00e9hez?<\/h2>\n<div class=\"flex-shrink-0 flex flex-col relative items-end\">\n<div class=\"pt-0\">\n<div class=\"gizmo-bot-avatar flex h-8 w-8 items-center justify-center overflow-hidden rounded-full\">\n<div class=\"relative p-1 rounded-sm flex items-center justify-center bg-token-main-surface-primary text-token-text-primary h-8 w-8\">\n<p>Amikor a <strong data-start=\"97\" data-end=\"127\">nagykereskedelmi eldobhat\u00f3 vape-ekhez<\/strong>, <strong data-start=\"129\" data-end=\"162\">Vapestornado online vape bolt<\/strong> az \u00d6n v\u00e9gs\u0151 c\u00e9lpontja! K\u00edn\u00e1lunk <strong data-start=\"202\" data-end=\"230\">versenyk\u00e9pes t\u00f6meges \u00e1rakat<\/strong>, biztos\u00edtva, hogy a legjobb aj\u00e1nlatokat kapja a <strong data-start=\"271\" data-end=\"302\">FIHP 30000 Puffs Okos Vape<\/strong> term\u00e9kre, a min\u0151s\u00e9g fel\u00e1ldoz\u00e1sa n\u00e9lk\u00fcl. A <strong data-start=\"338\" data-end=\"355\">gyors sz\u00e1ll\u00edt\u00e1st<\/strong>, <strong data-start=\"357\" data-end=\"380\">biztons\u00e1gos tranzakci\u00f3kat<\/strong>\u00e9s a sz\u00e9les v\u00e1laszt\u00e9kunk r\u00e9v\u00e9n <strong data-start=\"406\" data-end=\"434\">n\u00e9pszer\u0171bb eldobhat\u00f3 vape<\/strong>a t\u00f6meges v\u00e1s\u00e1rl\u00e1st probl\u00e9mamentess\u00e9 tessz\u00fck. R\u00e1ad\u00e1sul a mi <strong data-start=\"483\" data-end=\"508\">\u00fcgyf\u00e9lszolg\u00e1lati csapatunk<\/strong> mindig k\u00e9szen \u00e1ll, hogy seg\u00edtsen a nagykereskedelmi k\u00e9rd\u00e9seivel. Legyen sz\u00f3 kiskeresked\u0151r\u0151l vagy forgalmaz\u00f3r\u00f3l, <strong data-start=\"608\" data-end=\"650\">A Vapestornado verhetetlen \u00e9rt\u00e9ket ny\u00fajt<\/strong> a kiv\u00e1l\u00f3 min\u0151s\u00e9g\u0171 <strong data-start=\"667\" data-end=\"708\">\u00fajrat\u00f6lthet\u0151, intelligens kijelz\u0151s vape-ek ter\u00e9n<\/strong>. Rendeljen m\u00e9g ma, \u00e9s szerezze be a leg\u00fajabb <strong data-start=\"749\" data-end=\"782\">hossz\u00fa \u00e9lettartam\u00fa eldobhat\u00f3 vape-eket<\/strong> a legjobb \u00e1ron!<\/p>\n<\/div>\n<h3><\/h3>\n<div class=\"relative p-1 rounded-sm flex items-center justify-center bg-token-main-surface-primary text-token-text-primary h-8 w-8\">\n<h2>GYIK a WASPE30000 Puffs Smart eldobhat\u00f3 e-cigarett\u00e1hoz<\/h2>\n<p data-start=\"1945\" data-end=\"2182\"><strong data-start=\"1945\" data-end=\"2010\">1. Meddig b\u00edrja a FIHP 30000 Puffs Smart Screen Vape?<\/strong><br data-start=\"2010\" data-end=\"2013\" \/>Az \u00e9lettartam a g\u0151z\u00f6l\u00e9si st\u00edlus\u00e1t\u00f3l f\u00fcgg. \u00c1tlagosan <strong data-start=\"2059\" data-end=\"2075\">Norm\u00e1l m\u00f3d<\/strong>, ak\u00e1r <strong data-start=\"2091\" data-end=\"2107\">30 000 slukk<\/strong>, m\u00edg a <strong data-start=\"2115\" data-end=\"2129\">Pulz\u00e1l\u00f3 m\u00f3d<\/strong> biztos\u00edtja a <strong data-start=\"2139\" data-end=\"2155\">15 000 slukk<\/strong> fokozott \u00edzzel.<\/p>\n<p data-start=\"2184\" data-end=\"2353\"><strong data-start=\"2184\" data-end=\"2221\">2. \u00dajrat\u00f6lthet\u0151 a FIHP 30000?<\/strong><br data-start=\"2221\" data-end=\"2224\" \/>Igen! Ez a vape rendelkezik egy <strong data-start=\"2251\" data-end=\"2282\">850mAh-s \u00fajrat\u00f6lthet\u0151 akkumul\u00e1torral<\/strong> \u00e9s egy <strong data-start=\"2294\" data-end=\"2318\">Type-C t\u00f6lt\u0151porttal<\/strong> a gyors \u00e9s hat\u00e9kony t\u00f6lt\u00e9s \u00e9rdek\u00e9ben.<\/p>\n<p data-start=\"2355\" data-end=\"2561\"><strong data-start=\"2355\" data-end=\"2402\">3. Mi az el\u0151nye az intelligens k\u00e9perny\u0151nek?<\/strong><br data-start=\"2402\" data-end=\"2405\" \/>A <strong data-start=\"2409\" data-end=\"2430\">LED intelligens kijelz\u0151<\/strong> nyomon k\u00f6veti az \u00d6n <strong data-start=\"2451\" data-end=\"2499\">akkumul\u00e1tor \u00e9lettartam\u00e1t, az e-liquid szintj\u00e9t \u00e9s a f\u00faj\u00e1ssz\u00e1mot<\/strong>, val\u00f3s idej\u0171 adatokat szolg\u00e1ltatva a z\u00f6kken\u0151mentes g\u0151z\u00f6l\u00e9si \u00e9lm\u00e9ny \u00e9rdek\u00e9ben.<\/p>\n<p data-start=\"2563\" data-end=\"2758\"><strong data-start=\"2563\" data-end=\"2614\">4. \u00c1ll\u00edthat\u00f3 a leveg\u0151\u00e1raml\u00e1s a FIHP 30000-n\u00e9l?<\/strong><br data-start=\"2614\" data-end=\"2617\" \/>Igen! M\u00f3dos\u00edthatja a <strong data-start=\"2641\" data-end=\"2660\">l\u00e9g\u00e1ram be\u00e1ll\u00edt\u00e1s<\/strong> hogy egy <strong data-start=\"2670\" data-end=\"2696\">szorosabb vagy laz\u00e1bb h\u00faz\u00e1st<\/strong>, ezzel jav\u00edtva a vaping \u00e9lm\u00e9nyt az \u00d6n preferenci\u00e1i szerint.<\/p>\n<p data-start=\"2760\" data-end=\"2995\"><strong data-start=\"2760\" data-end=\"2818\">5. Hol v\u00e1s\u00e1rolhatom meg a FIHP 30000-et nagykereskedelmi \u00e1ron?<\/strong><br data-start=\"2818\" data-end=\"2821\" \/>A <strong data-start=\"2825\" data-end=\"2863\">t\u00f6meges v\u00e1s\u00e1rl\u00e1sok \u00e9s nagykereskedelmi aj\u00e1nlatok<\/strong>\u00e9rdek\u00e9ben l\u00e1togasson el a <strong data-start=\"2871\" data-end=\"2904\">Vapestornado online vape bolt<\/strong> \u2013 az \u00d6n megb\u00edzhat\u00f3 forr\u00e1sa a <strong data-start=\"2931\" data-end=\"2962\">megfizethet\u0151 eldobhat\u00f3 vape-okhoz<\/strong> \u00e1ltal m\u0171k\u00f6dtetve <strong data-start=\"2968\" data-end=\"2992\">cs\u00facsteljes\u00edtm\u00e9ny<\/strong>.<\/p>\n<\/div>\n<\/div>\n<\/div>\n<\/div>","protected":false},"excerpt":{"rendered":"<p>A <strong data-start=\"1431\" data-end=\"1462\">WASPE FIHP 30000 Puffs Vape<\/strong> kett\u0151s g\u0151z\u00f6l\u00e9si m\u00f3dot, intelligens k\u00e9perny\u0151figyel\u00e9st \u00e9s 28 ml e-liquid-et k\u00edn\u00e1l. Er\u0151teljes, \u00fajrat\u00f6lthet\u0151 opci\u00f3 a <strong data-start=\"1570\" data-end=\"1606\">nagykereskedelmi vape piacok sz\u00e1m\u00e1ra Eur\u00f3p\u00e1ban<\/strong>.<\/p>\n<p><strong>Add hozz\u00e1 Amy whatsappj\u00e1t, hogy azonnali v\u00e1laszt \u00e9s kedvezm\u00e9nyes \u00e1rat kapj!<\/strong><\/p>\n<p><img fetchpriority=\"high\" decoding=\"async\" class=\"size-full wp-image-2932\" src=\"https:\/\/vapestornado.com\/wp-content\/uploads\/2024\/12\/Vape-Wholesale.jpg\" alt=\"Vape nagykereskedelem\" width=\"229\" height=\"300\" \/><\/p>\n<h3><a href=\"https:\/\/wa.me\/8617776015835\"><span style=\"color: #ff0000;\"><strong>WhatsApp: +86 17776015835<\/strong><\/span><\/a><\/h3>\n<p>&nbsp;<\/p>","protected":false},"featured_media":3840,"comment_status":"open","ping_status":"closed","template":"","meta":{"_acf_changed":false,"_uag_custom_page_level_css":"","_lmt_disableupdate":"no","_lmt_disable":"","_monsterinsights_skip_tracking":false,"_monsterinsights_sitenote_active":false,"_monsterinsights_sitenote_note":"","_monsterinsights_sitenote_category":0,"site-sidebar-layout":"default","site-content-layout":"","ast-site-content-layout":"default","site-content-style":"default","site-sidebar-style":"default","ast-global-header-display":"","ast-banner-title-visibility":"","ast-main-header-display":"","ast-hfb-above-header-display":"","ast-hfb-below-header-display":"","ast-hfb-mobile-header-display":"","site-post-title":"","ast-breadcrumbs-content":"","ast-featured-img":"","footer-sml-layout":"","ast-disable-related-posts":"","theme-transparent-header-meta":"default","adv-header-id-meta":"","stick-header-meta":"","header-above-stick-meta":"","header-main-stick-meta":"","header-below-stick-meta":"","astra-migrate-meta-layouts":"set","ast-page-background-enabled":"default","ast-page-background-meta":{"desktop":{"background-color":"","background-image":"","background-repeat":"repeat","background-position":"center center","background-size":"auto","background-attachment":"scroll","background-type":"","background-media":"","overlay-type":"","overlay-color":"","overlay-opacity":"","overlay-gradient":""},"tablet":{"background-color":"","background-image":"","background-repeat":"repeat","background-position":"center center","background-size":"auto","background-attachment":"scroll","background-type":"","background-media":"","overlay-type":"","overlay-color":"","overlay-opacity":"","overlay-gradient":""},"mobile":{"background-color":"","background-image":"","background-repeat":"repeat","background-position":"center center","background-size":"auto","background-attachment":"scroll","background-type":"","background-media":"","overlay-type":"","overlay-color":"","overlay-opacity":"","overlay-gradient":""}},"ast-content-background-meta":{"desktop":{"background-color":"var(--ast-global-color-5)","background-image":"","background-repeat":"repeat","background-position":"center center","background-size":"auto","background-attachment":"scroll","background-type":"","background-media":"","overlay-type":"","overlay-color":"","overlay-opacity":"","overlay-gradient":""},"tablet":{"background-color":"var(--ast-global-color-5)","background-image":"","background-repeat":"repeat","background-position":"center center","background-size":"auto","background-attachment":"scroll","background-type":"","background-media":"","overlay-type":"","overlay-color":"","overlay-opacity":"","overlay-gradient":""},"mobile":{"background-color":"var(--ast-global-color-5)","background-image":"","background-repeat":"repeat","background-position":"center center","background-size":"auto","background-attachment":"scroll","background-type":"","background-media":"","overlay-type":"","overlay-color":"","overlay-opacity":"","overlay-gradient":""}},"_joinchat":{"telephone":"17776015835"}},"product_brand":[],"product_cat":[19,67,151,154,142,146,60],"product_tag":[105,97,250,94,241,93,101,255],"class_list":{"0":"post-3861","1":"product","2":"type-product","3":"status-publish","4":"has-post-thumbnail","6":"product_cat-vapes","7":"product_cat-30000-puff","8":"product_cat-buy-disposable-vapes-in-france","9":"product_cat-buy-disposable-vapes-in-netherlands","10":"product_cat-digital-box-disposable-vapes","11":"product_cat-rechargeable-disposable-vapes","12":"product_cat-waspe-fihp-vape","13":"product_tag-digital-disposable-vape","14":"product_tag-hot-sale-disposable-vape","15":"product_tag-puff-30k","16":"product_tag-rechargeable-disposable-vape","17":"product_tag-smart-screen-disposable-vape","18":"product_tag-vape-wholesale","19":"product_tag-waspe-30k","20":"product_tag-waspe-fihp-30000","21":"desktop-align-left","22":"tablet-align-left","23":"mobile-align-left","25":"first","26":"instock","27":"sale","28":"shipping-taxable","29":"purchasable","30":"product-type-simple"},"acf":[],"uagb_featured_image_src":{"full":["https:\/\/vapestornado.com\/wp-content\/uploads\/2025\/03\/Wasp-FIHP-30000-Puffs-Vape-30k-Popular-Flavours.jpg",800,800,false],"thumbnail":["https:\/\/vapestornado.com\/wp-content\/uploads\/2025\/03\/Wasp-FIHP-30000-Puffs-Vape-30k-Popular-Flavours-150x150.jpg",150,150,true],"medium":["https:\/\/vapestornado.com\/wp-content\/uploads\/2025\/03\/Wasp-FIHP-30000-Puffs-Vape-30k-Popular-Flavours-300x300.jpg",300,300,true],"medium_large":["https:\/\/vapestornado.com\/wp-content\/uploads\/2025\/03\/Wasp-FIHP-30000-Puffs-Vape-30k-Popular-Flavours-768x768.jpg",768,768,true],"large":["https:\/\/vapestornado.com\/wp-content\/uploads\/2025\/03\/Wasp-FIHP-30000-Puffs-Vape-30k-Popular-Flavours.jpg",800,800,false],"1536x1536":["https:\/\/vapestornado.com\/wp-content\/uploads\/2025\/03\/Wasp-FIHP-30000-Puffs-Vape-30k-Popular-Flavours.jpg",800,800,false],"2048x2048":["https:\/\/vapestornado.com\/wp-content\/uploads\/2025\/03\/Wasp-FIHP-30000-Puffs-Vape-30k-Popular-Flavours.jpg",800,800,false],"trp-custom-language-flag":["https:\/\/vapestornado.com\/wp-content\/uploads\/2025\/03\/Wasp-FIHP-30000-Puffs-Vape-30k-Popular-Flavours.jpg",12,12,false],"woocommerce_thumbnail":["https:\/\/vapestornado.com\/wp-content\/uploads\/2025\/03\/Wasp-FIHP-30000-Puffs-Vape-30k-Popular-Flavours-300x300.jpg",300,300,true],"woocommerce_single":["https:\/\/vapestornado.com\/wp-content\/uploads\/2025\/03\/Wasp-FIHP-30000-Puffs-Vape-30k-Popular-Flavours-600x600.jpg",600,600,true],"woocommerce_gallery_thumbnail":["https:\/\/vapestornado.com\/wp-content\/uploads\/2025\/03\/Wasp-FIHP-30000-Puffs-Vape-30k-Popular-Flavours-100x100.jpg",100,100,true]},"uagb_author_info":{"display_name":"ESAMY","author_link":"https:\/\/vapestornado.com\/hu\/author\/"},"uagb_comment_info":0,"uagb_excerpt":"The WASPE FIHP 30000 Puffs Vape features dual vaping modes, smart screen monitoring, and 28ml e-liquid. A powerful rechargeable option for wholesale vape markets in Europe. Add Amy's whatsapp to get right reply and discount price! WhatsApp: +86 17776015835 &nbsp;","_links":{"self":[{"href":"https:\/\/vapestornado.com\/hu\/wp-json\/wp\/v2\/product\/3861","targetHints":{"allow":["GET"]}}],"collection":[{"href":"https:\/\/vapestornado.com\/hu\/wp-json\/wp\/v2\/product"}],"about":[{"href":"https:\/\/vapestornado.com\/hu\/wp-json\/wp\/v2\/types\/product"}],"replies":[{"embeddable":true,"href":"https:\/\/vapestornado.com\/hu\/wp-json\/wp\/v2\/comments?post=3861"}],"wp:featuredmedia":[{"embeddable":true,"href":"https:\/\/vapestornado.com\/hu\/wp-json\/wp\/v2\/media\/3840"}],"wp:attachment":[{"href":"https:\/\/vapestornado.com\/hu\/wp-json\/wp\/v2\/media?parent=3861"}],"wp:term":[{"taxonomy":"product_brand","embeddable":true,"href":"https:\/\/vapestornado.com\/hu\/wp-json\/wp\/v2\/product_brand?post=3861"},{"taxonomy":"product_cat","embeddable":true,"href":"https:\/\/vapestornado.com\/hu\/wp-json\/wp\/v2\/product_cat?post=3861"},{"taxonomy":"product_tag","embeddable":true,"href":"https:\/\/vapestornado.com\/hu\/wp-json\/wp\/v2\/product_tag?post=3861"}],"curies":[{"name":"wp","href":"https:\/\/api.w.org\/{rel}","templated":true}]}}