{"id":3859,"date":"2025-03-14T08:36:08","date_gmt":"2025-03-14T08:36:08","guid":{"rendered":"https:\/\/vapestornado.com\/?post_type=product&#038;p=3859"},"modified":"2025-08-23T12:40:31","modified_gmt":"2025-08-23T12:40:31","slug":"vapsolo-galaxy-30000-vapers-30k-puff-disposable-vape-e-cigarette-with-smart-screen","status":"publish","type":"product","link":"https:\/\/vapestornado.com\/hu\/product\/vapsolo-galaxy-30000-vapers-30k-puff-disposable-vape-e-cigarette-with-smart-screen\/","title":{"rendered":"Vapsolo Galaxy 30000 Vapers 30K Sz\u00edv\u00e1s Eldobhat\u00f3 Vape E-Cigaretta Okos K\u00e9perny\u0151vel"},"content":{"rendered":"<h1 data-pm-slice=\"1 1 []\">Vapsolo Galaxy 30000 Vapers 30K Sz\u00edv\u00e1s Eldobhat\u00f3 Vape E-Cigaretta Okos K\u00e9perny\u0151vel<\/h1>\n<p>&nbsp;<\/p>\n<p>A <strong data-start=\"343\" data-end=\"389\">Vapsolo Galaxy 30000 slukkos eldobhat\u00f3 vape<\/strong> \u00faj m\u00e9rc\u00e9t \u00e1ll\u00edt fel a pr\u00e9mium e-cigarett\u00e1k ter\u00e9n, \u00f6tv\u00f6zve a <strong data-start=\"447\" data-end=\"517\">hossz\u00fa \u00e9lettartam\u00fa kapacit\u00e1st, az intelligens \u00e9rint\u0151k\u00e9perny\u0151t \u00e9s az \u00e1ll\u00edthat\u00f3 l\u00e9g\u00e1raml\u00e1st<\/strong> egy kompakt eszk\u00f6zben. Ak\u00e1r <strong data-start=\"556\" data-end=\"572\">30 000 slukk<\/strong>sz\u00edv\u00e1st is k\u00edn\u00e1lva, ez a vape azoknak a felhaszn\u00e1l\u00f3knak k\u00e9sz\u00fclt, akik tart\u00f3ss\u00e1got \u00e9s \u00edzv\u00e1laszt\u00e9kot is szeretn\u00e9nek.<\/p>\n<p>Mit\u0151l egyedi a Bang Vape 35000? <strong data-start=\"663\" data-end=\"691\">teljes sz\u00edn\u0171 intelligens kijelz\u0151<\/strong> val\u00f3s idej\u0171 betekint\u00e9st ny\u00fajt az akkumul\u00e1tor \u00e9lettartam\u00e1ba \u00e9s az e-liquid szintj\u00e9be, m\u00edg a <strong data-start=\"769\" data-end=\"806\">4-szintes \u00e1ll\u00edthat\u00f3 l\u00e9g\u00e1raml\u00e1si rendszer<\/strong> lehet\u0151v\u00e9 teszi a szem\u00e9lyre szabott sz\u00edv\u00e1sokat \u2013 a sz\u0171k MTL slukkokt\u00f3l a sima DTL felh\u0151kig. Egy <strong data-start=\"901\" data-end=\"932\">850mAh-s \u00fajrat\u00f6lthet\u0151 akkumul\u00e1torral<\/strong> \u00e1ltal m\u0171k\u00f6dtetve, Type-C gyorst\u00f6lt\u00e9ssel, a Galaxy 30K minim\u00e1lis \u00e1ll\u00e1sid\u0151t \u00e9s maxim\u00e1lis k\u00e9nyelmet biztos\u00edt.<\/p>\n<p>A <strong data-start=\"1044\" data-end=\"1077\">egyedi tusfest\u00e9k sz\u00edntervek<\/strong> minden \u00edzhez, ez a vape nem csak j\u00f3l teljes\u00edt, hanem leny\u0171g\u00f6z\u0151en is n\u00e9z ki. El\u0151re t\u00f6ltve <strong data-start=\"1172\" data-end=\"1192\">pr\u00e9mium e-liquiddel<\/strong> \u00e9s t\u00f6bb nikotiner\u0151ss\u00e9gben kaphat\u00f3, \u00edgy alkalmas alkalmi felhaszn\u00e1l\u00f3k \u00e9s er\u0151s doh\u00e1nyosok sz\u00e1m\u00e1ra is.<\/p>\n<p>A kiskeresked\u0151k \u00e9s forgalmaz\u00f3k sz\u00e1m\u00e1ra a Galaxy 30K verhetetlen \u00e9rt\u00e9ket k\u00edn\u00e1l <strong data-start=\"1371\" data-end=\"1400\">nagykereskedelmi \u00e1ron<\/strong>ez\u00e1ltal k\u00f6telez\u0151 darab minden eur\u00f3pai vape k\u00e9szletben.<\/p>\n<p><strong><span style=\"color: #ff0000;\">Adja hozz\u00e1 Amy-t WhatsApp-on, hogy azonnali v\u00e1laszt \u00e9s vape kupont kapjon!<\/span><\/strong><\/p>\n<p><img fetchpriority=\"high\" decoding=\"async\" class=\"size-full wp-image-2932\" src=\"https:\/\/vapestornado.com\/wp-content\/uploads\/2024\/12\/Vape-Wholesale.jpg\" alt=\"Vape nagykereskedelem\" width=\"229\" height=\"300\" \/><\/p>\n<h3><a href=\"https:\/\/wa.me\/8617776015835\" target=\"_blank\" rel=\"noopener\"><span style=\"color: #ff0000;\"><strong>WhatsApp: +86 17776015835<\/strong><\/span><\/a><\/h3>\n<p>&nbsp;<\/p>\n<h2><strong>Vapsolo Galaxy 30000 digit\u00e1lis doboz term\u00e9kjellemz\u0151i<\/strong><\/h2>\n<p>Puff: 30000 puff<br \/>\nDupla h\u00e1l\u00f3s tekercs 1.0ohm<br \/>\nAkkumul\u00e1tor: 850mAh<br \/>\nE-juice: 40ml<br \/>\nNikotin: 2%\/5% Nikotin<br \/>\nType-c \u00fajrat\u00f6lthet\u0151<br \/>\nKijelz\u0151 a folyad\u00e9k \u00e9s az akkumul\u00e1tor \u00e1llapot\u00e1hoz<\/p>\n<figure id=\"attachment_3854\" aria-describedby=\"caption-attachment-3854\" style=\"width: 800px\" class=\"wp-caption alignnone\"><img decoding=\"async\" class=\"wp-image-3854 size-full\" src=\"https:\/\/vapestornado.com\/wp-content\/uploads\/2025\/03\/Original-Vapsolo-30000-Puffs-Best-Flavor.webp\" alt=\"Eredeti Vapsolo 30000 Puffs Legjobb \u00cdz\" width=\"800\" height=\"800\" srcset=\"https:\/\/vapestornado.com\/wp-content\/uploads\/2025\/03\/Original-Vapsolo-30000-Puffs-Best-Flavor.webp 800w, https:\/\/vapestornado.com\/wp-content\/uploads\/2025\/03\/Original-Vapsolo-30000-Puffs-Best-Flavor-300x300.webp 300w, https:\/\/vapestornado.com\/wp-content\/uploads\/2025\/03\/Original-Vapsolo-30000-Puffs-Best-Flavor-150x150.webp 150w, https:\/\/vapestornado.com\/wp-content\/uploads\/2025\/03\/Original-Vapsolo-30000-Puffs-Best-Flavor-768x768.webp 768w, https:\/\/vapestornado.com\/wp-content\/uploads\/2025\/03\/Original-Vapsolo-30000-Puffs-Best-Flavor-600x600.webp 600w, https:\/\/vapestornado.com\/wp-content\/uploads\/2025\/03\/Original-Vapsolo-30000-Puffs-Best-Flavor-100x100.webp 100w\" sizes=\"(max-width: 800px) 100vw, 800px\" \/><figcaption id=\"caption-attachment-3854\" class=\"wp-caption-text\">Eredeti Vapsolo 30000 Puffs Legjobb \u00cdz<\/figcaption><\/figure>\n<h2 class=\"product-title\"><strong>Vapsolo Galaxy 30k \u00cdzek List\u00e1ja<\/strong><\/h2>\n<p>&nbsp;<\/p>\n<p>1.M\u00e1lna G\u00f6r\u00f6gdinnye <strong><span style=\"color: #ff0000;\">&gt;&gt;&gt;&gt; N\u00e9pszer\u0171!<\/span><\/strong><\/p>\n<p>2.K\u00e9k M\u00e1lna <strong><span style=\"color: #ff0000;\">&gt;&gt;&gt;&gt; Legjobb!<\/span><\/strong><\/p>\n<p>3.Anan\u00e1sz K\u00f3kusz<\/p>\n<p>4. Watermelon Ice<\/p>\n<p>5.Citrom Lime<\/p>\n<p>6.Fekete J\u00e9g S\u00e1rk\u00e1nygy\u00fcm\u00f6lcs<strong><span style=\"color: #ff0000;\">&gt;&gt;&gt;&gt; N\u00e9pszer\u0171!<\/span><\/strong><\/p>\n<p>7.Citrom Barack<\/p>\n<p>8.Eper M\u00e1lna Cseresznye J\u00e9g <strong><span style=\"color: #ff0000;\">&gt;&gt;&gt;&gt; N\u00e9pszer\u0171!<\/span><\/strong><\/p>\n<p>9. Eper Kiwi<\/p>\n<p>10.Eper Redbull <strong><span style=\"color: #ff0000;\">&gt;&gt;&gt;&gt; N\u00e9pszer\u0171!<\/span><\/strong><\/p>\n<p>11.Eper Ban\u00e1n<\/p>\n<p>12.Tripla Dinnye <strong><span style=\"color: #ff0000;\">&gt;&gt;&gt;&gt; N\u00e9pszer\u0171!<\/span><\/strong><\/p>\n<article class=\"w-full text-token-text-primary focus-visible:outline-2 focus-visible:outline-offset-[-4px]\" dir=\"auto\" data-testid=\"conversation-turn-32\" data-scroll-anchor=\"false\">\n<div class=\"m-auto text-base py-[18px] px-6\">\n<div class=\"mx-auto flex flex-1 text-base gap-4 md:gap-5 lg:gap-6 md:max-w-3xl lg:max-w-[40rem] xl:max-w-[48rem]\">\n<div class=\"group\/conversation-turn relative flex w-full min-w-0 flex-col @xs\/thread:px-0 @sm\/thread:px-1.5 @md\/thread:px-4\">\n<div class=\"flex-col gap-1 md:gap-3\">\n<div class=\"flex max-w-full flex-col flex-grow\">\n<div class=\"min-h-8 text-message flex w-full flex-col items-end gap-2 whitespace-normal break-words text-start [.text-message+&amp;]:mt-5\" dir=\"auto\" data-message-author-role=\"user\" data-message-id=\"ffac41ca-1db4-431b-873a-32c4052956f1\">\n<div class=\"flex w-full flex-col gap-1 empty:hidden items-end rtl:items-start\">\n<div class=\"relative max-w-[var(--user-chat-width,70%)] rounded-3xl bg-token-message-surface px-5 py-2.5\">\n<div class=\"absolute bottom-0 right-full top-0 -mr-3.5 hidden pr-5 pt-2 [.group\/conversation-turn:hover_&amp;]:flex\">\n<div class=\"flex\">\n<article class=\"w-full text-token-text-primary focus-visible:outline-2 focus-visible:outline-offset-[-4px]\" dir=\"auto\" data-testid=\"conversation-turn-39\" data-scroll-anchor=\"true\">\n<div class=\"m-auto text-base py-[18px] px-6\">\n<div class=\"mx-auto flex flex-1 text-base gap-4 md:gap-5 lg:gap-6 md:max-w-3xl lg:max-w-[40rem] xl:max-w-[48rem]\">\n<div class=\"group\/conversation-turn relative flex w-full min-w-0 flex-col agent-turn @xs\/thread:px-0 @sm\/thread:px-1.5 @md\/thread:px-4\">\n<div class=\"flex-col gap-1 md:gap-3\">\n<div class=\"flex max-w-full flex-col flex-grow\">\n<div class=\"min-h-8 text-message flex w-full flex-col items-end gap-2 whitespace-normal break-words text-start [.text-message+&amp;]:mt-5\" dir=\"auto\" data-message-author-role=\"assistant\" data-message-id=\"55a23854-ec57-48dd-bd4f-6118f43d6241\" data-message-model-slug=\"gpt-4o\">\n<div class=\"flex w-full flex-col gap-1 empty:hidden first:pt-[3px]\">\n<div class=\"markdown prose w-full break-words dark:prose-invert light\"><\/div>\n<\/div>\n<\/div>\n<\/div>\n<\/div>\n<\/div>\n<\/div>\n<\/div>\n<\/article>\n<\/div>\n<\/div>\n<\/div>\n<\/div>\n<\/div>\n<\/div>\n<\/div>\n<\/div>\n<\/div>\n<\/div>\n<\/article>\n<h2>Mi\u00e9rt v\u00e1lassza a vapestornado-t a Vapsolo Galaxy 30000 Vape t\u00f6meges v\u00e1s\u00e1rl\u00e1s\u00e1hoz?<\/h2>\n<div class=\"flex-shrink-0 flex flex-col relative items-end\">\n<div class=\"pt-0\">\n<div class=\"gizmo-bot-avatar flex h-8 w-8 items-center justify-center overflow-hidden rounded-full\">\n<div class=\"relative p-1 rounded-sm flex items-center justify-center bg-token-main-surface-primary text-token-text-primary h-8 w-8\">\n<p>\u00dcdv\u00f6z\u00f6lj\u00fck a vapestornado-n\u00e1l, a pr\u00e9mium eldobhat\u00f3 vape-ek megb\u00edzhat\u00f3 online vape boltj\u00e1ban. T\u00f6bb mint 5 \u00e9ves szak\u00e9rtelemmel olyan n\u00e9pszer\u0171 eldobhat\u00f3 vape m\u00e1rk\u00e1kat k\u00edn\u00e1lunk, mint a Fumot RandM Vape, Vapme, Bang Vape, Waspe Vape \u00e9s WGA Vape stb.<\/p>\n<p>K\u00edn\u00e1latunkban megtal\u00e1lhat\u00f3k a n\u00e9pszer\u0171, kett\u0151s \u00edz\u0171 eldobhat\u00f3 vape-ek, mint p\u00e9ld\u00e1ul a <a href=\"https:\/\/vapestornado.com\/hu\/product\/waspe-fihp-36000-36k-puff-twins-flavor-rechargeable-disposable-vape-bulk-buy-at-wholesale-prices\/\">FIHP 36K Puff Twins \u00cdz<\/a>, <a href=\"https:\/\/vapestornado.com\/hu\/product\/waspe-crystal-40000-puffs-40k-double-flavor-rechargeable-disposable-vapes-cheap-price\/\">WASPE Crystal 40k Dupla \u00cdz<\/a> \u00e9s az \u00edzekben gazdag v\u00e1laszt\u00e9k, mint a <a href=\"https:\/\/vapestornado.com\/hu\/product\/razzbar-15000-puffs-rechargeable-disposable-vape-bulk-buy-at-cheap-prices\/\">RAZZBAR 15000 Puff<\/a>. Minden term\u00e9k\u00fcnket a min\u0151s\u00e9g, \u00e9rt\u00e9k \u00e9s v\u00e1ltozatoss\u00e1g figyelembev\u00e9tel\u00e9vel v\u00e1lasztjuk ki, biztos\u00edtva, hogy megtal\u00e1lja az ig\u00e9nyeinek legmegfelel\u0151bbet. Fedezze fel a kiv\u00e9teles szolg\u00e1ltat\u00e1st \u00e9s a top term\u00e9kek sz\u00e9les v\u00e1laszt\u00e9k\u00e1t nagykereskedelmi \u00e1ron a vapestornado-n.<\/p>\n<\/div>\n<h3><\/h3>\n<div class=\"relative p-1 rounded-sm flex items-center justify-center bg-token-main-surface-primary text-token-text-primary h-8 w-8\">\n<h2>GYIK a Vapsolo Galaxy 30000 eldobhat\u00f3 e-cigarett\u00e1hoz<\/h2>\n<\/div>\n<\/div>\n<\/div>\n<\/div>\n<div class=\"flex-shrink-0 flex flex-col relative items-end\">\n<div class=\"pt-0\">\n<div class=\"gizmo-bot-avatar flex h-8 w-8 items-center justify-center overflow-hidden rounded-full\">\n<div class=\"relative p-1 rounded-sm flex items-center justify-center bg-token-main-surface-primary text-token-text-primary h-8 w-8\">\n<div class=\"mb-2 flex gap-3 empty:hidden -ml-2\">\n<ol data-start=\"1890\" data-end=\"2794\">\n<li data-start=\"1890\" data-end=\"2083\">\n<p data-start=\"1893\" data-end=\"1966\"><strong data-start=\"1893\" data-end=\"1964\">Hol v\u00e1s\u00e1rolhatok Vapsolo Galaxy 30000 Puffs term\u00e9keket nagykereskedelmi \u00e1ron?<\/strong><\/p>\n<ul data-start=\"1970\" data-end=\"2083\">\n<li data-start=\"1970\" data-end=\"2083\">Megkaphatja a <strong data-start=\"1984\" data-end=\"2008\">exkluz\u00edv t\u00f6meges aj\u00e1nlatokat<\/strong> a Vapestornadon\u00e1l<strong data-start=\"2012\" data-end=\"2040\">\u00a0online vape bolt<\/strong>, a nagykereskedelmi vape-ek megb\u00edzhat\u00f3 forr\u00e1s\u00e1n\u00e1l.<\/li>\n<\/ul>\n<\/li>\n<li data-start=\"2085\" data-end=\"2278\">\n<p data-start=\"2088\" data-end=\"2125\"><strong data-start=\"2088\" data-end=\"2123\">Hogyan m\u0171k\u00f6dik az okos k\u00e9perny\u0151?<\/strong><\/p>\n<ul data-start=\"2129\" data-end=\"2278\">\n<li data-start=\"2129\" data-end=\"2278\">A <strong data-start=\"2135\" data-end=\"2164\">okos kijelz\u0151 \u00e9rint\u0151k\u00e9perny\u0151<\/strong> biztos\u00edtja a <strong data-start=\"2174\" data-end=\"2231\">val\u00f3s idej\u0171 friss\u00edt\u00e9seket az akkumul\u00e1tor \u00e9lettartam\u00e1r\u00f3l \u00e9s az e-liquid szintj\u00e9r\u0151l<\/strong>, \u00edgy teljes m\u00e9rt\u00e9kben ir\u00e1ny\u00edthatja a vape-et.<\/li>\n<\/ul>\n<\/li>\n<li data-start=\"2280\" data-end=\"2442\">\n<p data-start=\"2283\" data-end=\"2324\"><strong data-start=\"2283\" data-end=\"2322\">A Vapsolo Galaxy \u00fajrat\u00f6lthet\u0151?<\/strong><\/p>\n<ul data-start=\"2328\" data-end=\"2442\">\n<li data-start=\"2328\" data-end=\"2442\">Igen! A <strong data-start=\"2339\" data-end=\"2357\">850mAh akkumul\u00e1torral<\/strong> is <strong data-start=\"2361\" data-end=\"2384\">Type-C \u00fajrat\u00f6lthet\u0151<\/strong>, biztos\u00edtva a hosszan tart\u00f3 teljes\u00edtm\u00e9nyt gyors t\u00f6lt\u00e9ssel.<\/li>\n<\/ul>\n<\/li>\n<li data-start=\"2444\" data-end=\"2614\">\n<p data-start=\"2447\" data-end=\"2491\"><strong data-start=\"2447\" data-end=\"2489\">Be\u00e1ll\u00edthatom a l\u00e9g\u00e1raml\u00e1st ezen a vape-en?<\/strong><\/p>\n<ul data-start=\"2495\" data-end=\"2614\">\n<li data-start=\"2495\" data-end=\"2614\">Term\u00e9szetesen! A <strong data-start=\"2513\" data-end=\"2543\">4-szint\u0171 l\u00e9g\u00e1raml\u00e1s be\u00e1ll\u00edt\u00e1s<\/strong> lehet\u0151v\u00e9 teszi a t\u00f6k\u00e9letes g\u0151z\u00f6l\u00e9si \u00e9lm\u00e9nyhez sz\u00fcks\u00e9ges sz\u00edv\u00e1s testreszab\u00e1s\u00e1t.<\/li>\n<\/ul>\n<\/li>\n<li data-start=\"2616\" data-end=\"2794\">\n<p data-start=\"2619\" data-end=\"2666\"><strong data-start=\"2619\" data-end=\"2664\">Ez a vape el\u00e9rhet\u0151 nagy t\u00e9telben is?<\/strong><\/p>\n<ul data-start=\"2670\" data-end=\"2794\">\n<li data-start=\"2670\" data-end=\"2794\">Igen! A <strong data-start=\"2681\" data-end=\"2711\">Vapsolo Galaxy 30000 Puff<\/strong> ide\u00e1lis <strong data-start=\"2725\" data-end=\"2745\">nagykereskedelmi v\u00e1s\u00e1rl\u00f3k<\/strong>, k\u00edn\u00e1lva <strong data-start=\"2756\" data-end=\"2791\">cs\u00facsmin\u0151s\u00e9g\u0171 funkci\u00f3kat alacsony \u00e1ron<\/strong>.<\/li>\n<\/ul>\n<\/li>\n<\/ol>\n<h4>Hogyan rendelhetek?<\/h4>\n<p><strong>1. Milyen fizet\u00e9si m\u00f3dokat fogadnak el?<\/strong><br \/>\nElfogadunk IBAN \u00e1tutal\u00e1st \u00e9s <span style=\"font-size: 16px;\">Western Uniont<\/span>\u00a0a biztons\u00e1gos \u00e9s k\u00e9nyelmes tranzakci\u00f3khoz.<\/p>\n<p><strong>2. Hogyan k\u00f6vethetem nyomon a rendel\u00e9sem?<\/strong><br \/>\nA rendel\u00e9s felad\u00e1sa ut\u00e1n, <span class=\"selectable-text copyable-text false\">folyamatosan t\u00e1j\u00e9koztatjuk a rakom\u00e1ny nyomon k\u00f6vet\u00e9s\u00e9r\u0151l, am\u00edg meg nem kapja a rakom\u00e1nyt<\/span>.<\/p>\n<p><strong>3. Mennyi a becs\u00fclt sz\u00e1ll\u00edt\u00e1si id\u0151?<\/strong><\/p>\n<ul>\n<li>Sz\u00e1ll\u00edt\u00e1s innen: <strong>K\u00ednai rakt\u00e1rak<\/strong> k\u00f6r\u00fclbel\u00fcl <strong>7-14 munkanapot vesz ig\u00e9nybe<\/strong>.<\/li>\n<li>Sz\u00e1ll\u00edt\u00e1s innen: <strong>Eur\u00f3pai rakt\u00e1rak<\/strong> \u00e1ltal\u00e1ban <strong>3-6 munkanapot vesz ig\u00e9nybe<\/strong>.<\/li>\n<\/ul>\n<p><strong>4. Hogyan kaphatok gyorsabb sz\u00e1ll\u00edt\u00e1st?<\/strong><br \/>\nA gyorsabb sz\u00e1ll\u00edt\u00e1s \u00e9rdek\u00e9ben javasoljuk, hogy rendeljen a mi <strong>Eur\u00f3pai rakt\u00e1runkb\u00f3l<\/strong>, ami gyorsabb sz\u00e1ll\u00edt\u00e1si id\u0151ket k\u00edn\u00e1l.<\/p>\n<p><strong>5. Hogyan k\u00fcldhetek vissza egy term\u00e9ket?<\/strong><br \/>\nTerm\u00e9k visszak\u00fcld\u00e9s\u00e9hez l\u00e9pjen kapcsolatba \u00fcgyf\u00e9lszolg\u00e1latunkkal a visszak\u00fcld\u00e9si folyamattal kapcsolatos r\u00e9szletes utas\u00edt\u00e1sok\u00e9rt.<\/p>\n<p><strong>6. V\u00e1llalnak nemzetk\u00f6zi sz\u00e1ll\u00edt\u00e1st?<\/strong><br \/>\nIgen, a legt\u00f6bb orsz\u00e1gba sz\u00e1ll\u00edtunk, \u00e9s int\u00e9zz\u00fck a <strong>v\u00e1mkezel\u00e9st<\/strong> a z\u00f6kken\u0151mentes sz\u00e1ll\u00edt\u00e1s \u00e9rdek\u00e9ben.<\/p>\n<p><strong>7. Mi a teend\u0151, ha s\u00e9r\u00fclt vagy hib\u00e1s term\u00e9ket kapok?<\/strong><br \/>\nHa a term\u00e9ke s\u00e9r\u00fclt vagy hib\u00e1s, l\u00e9pjen kapcsolatba az \u00fcgyf\u00e9lszolg\u00e1lattal a <strong>cser\u00e9\u00e9rt vagy visszat\u00e9r\u00edt\u00e9s\u00e9rt<\/strong>.<\/p>\n<p><strong>8. Hogyan l\u00e9phetek kapcsolatba az \u00fcgyf\u00e9lszolg\u00e1lattal?<\/strong><br \/>\nEl\u00e9rhet minket <strong>e-mailben, WhatsAppon vagy \u00e9l\u0151 chaten<\/strong> a weboldalunkon, ha seg\u00edts\u00e9gre van sz\u00fcks\u00e9ge.<\/p>\n<\/div>\n<\/div>\n<\/div>\n<\/div>\n<\/div>","protected":false},"excerpt":{"rendered":"<p>Eredeti Vapsolo 30000 slukkos legjobb k\u00e9perny\u0151s vaporiz\u00e1tor vape<br \/>\nGy\u00e1ri nagykereskedelmi Vapsolo Galaxy Vapers 30K slukkos eldobhat\u00f3 vape<br \/>\nVapsolo Galaxy 30000 slukkos okos eldobhat\u00f3 vape t\u00f6meges \u00e1ron<\/p>\n<p><strong>Add hozz\u00e1 Amy whatsappj\u00e1t, hogy azonnali v\u00e1laszt \u00e9s kedvezm\u00e9nyes \u00e1rat kapj!<\/strong><\/p>\n<p><img fetchpriority=\"high\" decoding=\"async\" class=\"size-full wp-image-2932\" src=\"https:\/\/vapestornado.com\/wp-content\/uploads\/2024\/12\/Vape-Wholesale.jpg\" alt=\"Vape nagykereskedelem\" width=\"229\" height=\"300\" \/><\/p>\n<h3><a href=\"https:\/\/wa.me\/8617776015835\"><span style=\"color: #ff0000;\"><strong>WhatsApp: +86 17776015835<\/strong><\/span><\/a><\/h3>\n<p>&nbsp;<\/p>","protected":false},"featured_media":3855,"comment_status":"open","ping_status":"closed","template":"","meta":{"_acf_changed":false,"_uag_custom_page_level_css":"","_lmt_disableupdate":"no","_lmt_disable":"","_monsterinsights_skip_tracking":false,"_monsterinsights_sitenote_active":false,"_monsterinsights_sitenote_note":"","_monsterinsights_sitenote_category":0,"site-sidebar-layout":"default","site-content-layout":"","ast-site-content-layout":"default","site-content-style":"default","site-sidebar-style":"default","ast-global-header-display":"","ast-banner-title-visibility":"","ast-main-header-display":"","ast-hfb-above-header-display":"","ast-hfb-below-header-display":"","ast-hfb-mobile-header-display":"","site-post-title":"","ast-breadcrumbs-content":"","ast-featured-img":"","footer-sml-layout":"","ast-disable-related-posts":"","theme-transparent-header-meta":"default","adv-header-id-meta":"","stick-header-meta":"","header-above-stick-meta":"","header-main-stick-meta":"","header-below-stick-meta":"","astra-migrate-meta-layouts":"set","ast-page-background-enabled":"default","ast-page-background-meta":{"desktop":{"background-color":"","background-image":"","background-repeat":"repeat","background-position":"center center","background-size":"auto","background-attachment":"scroll","background-type":"","background-media":"","overlay-type":"","overlay-color":"","overlay-opacity":"","overlay-gradient":""},"tablet":{"background-color":"","background-image":"","background-repeat":"repeat","background-position":"center center","background-size":"auto","background-attachment":"scroll","background-type":"","background-media":"","overlay-type":"","overlay-color":"","overlay-opacity":"","overlay-gradient":""},"mobile":{"background-color":"","background-image":"","background-repeat":"repeat","background-position":"center center","background-size":"auto","background-attachment":"scroll","background-type":"","background-media":"","overlay-type":"","overlay-color":"","overlay-opacity":"","overlay-gradient":""}},"ast-content-background-meta":{"desktop":{"background-color":"var(--ast-global-color-5)","background-image":"","background-repeat":"repeat","background-position":"center center","background-size":"auto","background-attachment":"scroll","background-type":"","background-media":"","overlay-type":"","overlay-color":"","overlay-opacity":"","overlay-gradient":""},"tablet":{"background-color":"var(--ast-global-color-5)","background-image":"","background-repeat":"repeat","background-position":"center center","background-size":"auto","background-attachment":"scroll","background-type":"","background-media":"","overlay-type":"","overlay-color":"","overlay-opacity":"","overlay-gradient":""},"mobile":{"background-color":"var(--ast-global-color-5)","background-image":"","background-repeat":"repeat","background-position":"center center","background-size":"auto","background-attachment":"scroll","background-type":"","background-media":"","overlay-type":"","overlay-color":"","overlay-opacity":"","overlay-gradient":""}},"_joinchat":{"telephone":"17776015835"}},"product_brand":[],"product_cat":[19,67,149,158,143,146,171],"product_tag":[105,97,250,94,241,93,249],"class_list":{"0":"post-3859","1":"product","2":"type-product","3":"status-publish","4":"has-post-thumbnail","6":"product_cat-vapes","7":"product_cat-30000-puff","8":"product_cat-buy-disposable-vapes-in-austria","9":"product_cat-buy-disposable-vapes-in-spain","10":"product_cat-dual-mesh-disposable-vapes","11":"product_cat-rechargeable-disposable-vapes","12":"product_cat-vapsolo-disposable-vapes","13":"product_tag-digital-disposable-vape","14":"product_tag-hot-sale-disposable-vape","15":"product_tag-puff-30k","16":"product_tag-rechargeable-disposable-vape","17":"product_tag-smart-screen-disposable-vape","18":"product_tag-vape-wholesale","19":"product_tag-vapsolo-galaxy-30000","20":"desktop-align-left","21":"tablet-align-left","22":"mobile-align-left","24":"first","25":"instock","26":"sale","27":"shipping-taxable","28":"purchasable","29":"product-type-simple"},"acf":[],"uagb_featured_image_src":{"full":["https:\/\/vapestornado.com\/wp-content\/uploads\/2025\/03\/Vapsolo-Galaxy-30k-30000-Puffs-Disposable-Vape.webp",800,800,false],"thumbnail":["https:\/\/vapestornado.com\/wp-content\/uploads\/2025\/03\/Vapsolo-Galaxy-30k-30000-Puffs-Disposable-Vape-150x150.webp",150,150,true],"medium":["https:\/\/vapestornado.com\/wp-content\/uploads\/2025\/03\/Vapsolo-Galaxy-30k-30000-Puffs-Disposable-Vape-300x300.webp",300,300,true],"medium_large":["https:\/\/vapestornado.com\/wp-content\/uploads\/2025\/03\/Vapsolo-Galaxy-30k-30000-Puffs-Disposable-Vape-768x768.webp",768,768,true],"large":["https:\/\/vapestornado.com\/wp-content\/uploads\/2025\/03\/Vapsolo-Galaxy-30k-30000-Puffs-Disposable-Vape.webp",800,800,false],"1536x1536":["https:\/\/vapestornado.com\/wp-content\/uploads\/2025\/03\/Vapsolo-Galaxy-30k-30000-Puffs-Disposable-Vape.webp",800,800,false],"2048x2048":["https:\/\/vapestornado.com\/wp-content\/uploads\/2025\/03\/Vapsolo-Galaxy-30k-30000-Puffs-Disposable-Vape.webp",800,800,false],"trp-custom-language-flag":["https:\/\/vapestornado.com\/wp-content\/uploads\/2025\/03\/Vapsolo-Galaxy-30k-30000-Puffs-Disposable-Vape.webp",12,12,false],"woocommerce_thumbnail":["https:\/\/vapestornado.com\/wp-content\/uploads\/2025\/03\/Vapsolo-Galaxy-30k-30000-Puffs-Disposable-Vape-300x300.webp",300,300,true],"woocommerce_single":["https:\/\/vapestornado.com\/wp-content\/uploads\/2025\/03\/Vapsolo-Galaxy-30k-30000-Puffs-Disposable-Vape-600x600.webp",600,600,true],"woocommerce_gallery_thumbnail":["https:\/\/vapestornado.com\/wp-content\/uploads\/2025\/03\/Vapsolo-Galaxy-30k-30000-Puffs-Disposable-Vape-100x100.webp",100,100,true]},"uagb_author_info":{"display_name":"ESAMY","author_link":"https:\/\/vapestornado.com\/hu\/author\/"},"uagb_comment_info":0,"uagb_excerpt":"Original Vapsolo 30000 Puffs Best Screen Vaporizers Vape Factory Wholesale Vapsolo Galaxy Vapers 30K Puff Disposable Vape Vapsolo Galaxy 30000 Puff Smart Disposables Vape Bulk Price Add Amy's whatsapp to get right reply and discount price! WhatsApp: +86 17776015835 &nbsp;","_links":{"self":[{"href":"https:\/\/vapestornado.com\/hu\/wp-json\/wp\/v2\/product\/3859","targetHints":{"allow":["GET"]}}],"collection":[{"href":"https:\/\/vapestornado.com\/hu\/wp-json\/wp\/v2\/product"}],"about":[{"href":"https:\/\/vapestornado.com\/hu\/wp-json\/wp\/v2\/types\/product"}],"replies":[{"embeddable":true,"href":"https:\/\/vapestornado.com\/hu\/wp-json\/wp\/v2\/comments?post=3859"}],"wp:featuredmedia":[{"embeddable":true,"href":"https:\/\/vapestornado.com\/hu\/wp-json\/wp\/v2\/media\/3855"}],"wp:attachment":[{"href":"https:\/\/vapestornado.com\/hu\/wp-json\/wp\/v2\/media?parent=3859"}],"wp:term":[{"taxonomy":"product_brand","embeddable":true,"href":"https:\/\/vapestornado.com\/hu\/wp-json\/wp\/v2\/product_brand?post=3859"},{"taxonomy":"product_cat","embeddable":true,"href":"https:\/\/vapestornado.com\/hu\/wp-json\/wp\/v2\/product_cat?post=3859"},{"taxonomy":"product_tag","embeddable":true,"href":"https:\/\/vapestornado.com\/hu\/wp-json\/wp\/v2\/product_tag?post=3859"}],"curies":[{"name":"wp","href":"https:\/\/api.w.org\/{rel}","templated":true}]}}