{"id":3796,"date":"2025-02-19T07:21:03","date_gmt":"2025-02-19T07:21:03","guid":{"rendered":"https:\/\/vapestornado.com\/?post_type=product&#038;p=3796"},"modified":"2025-08-23T09:18:00","modified_gmt":"2025-08-23T09:18:00","slug":"waspe-12000-digital-box-12k-puff-vapes-disposable-wholesale-price","status":"publish","type":"product","link":"https:\/\/vapestornado.com\/hu\/product\/waspe-12000-digital-box-12k-puff-vapes-disposable-wholesale-price\/","title":{"rendered":"Waspe 12000 Digit\u00e1lis Doboz 12k Sz\u00edv\u00e1s Vape Eldobhat\u00f3 Nagykereskedelmi \u00c1r"},"content":{"rendered":"<h1 data-pm-slice=\"1 1 []\">Waspe 12000 Digit\u00e1lis Doboz 12k Sz\u00edv\u00e1s Vape Eldobhat\u00f3 Nagykereskedelmi \u00c1r<del><br \/>\n<\/del><\/h1>\n<p data-start=\"235\" data-end=\"489\">A <strong data-start=\"239\" data-end=\"282\">Waspe 12000 Digit\u00e1lis Dobozos Eldobhat\u00f3 Vape<\/strong> egyes\u00edti a kapacit\u00e1st, a teljes\u00edtm\u00e9nyt \u00e9s a k\u00e9nyelmet egyetlen eleg\u00e1ns eszk\u00f6zben. Ak\u00e1r <strong data-start=\"363\" data-end=\"379\">12 000 slukk<\/strong> \u00e9s egy <strong data-start=\"386\" data-end=\"408\">25 ml e-liquid tart\u00e1ly<\/strong>haszn\u00e1latig is kitart, \u00edgy hosszan tart\u00f3 haszn\u00e1latot biztos\u00edt, ami a h\u00e9tk\u00f6znapi \u00e9s a nagy felhaszn\u00e1l\u00f3knak is tetszik.<\/p>\n<p data-start=\"491\" data-end=\"721\">Felszerelve egy <strong data-start=\"508\" data-end=\"538\">be\u00e9p\u00edtett digit\u00e1lis kijelz\u0151vel<\/strong>haszn\u00e1latig, a felhaszn\u00e1l\u00f3k k\u00f6nnyen nyomon k\u00f6vethetik a slukkok sz\u00e1m\u00e1t \u00e9s az akkumul\u00e1tor \u00e9lettartam\u00e1t val\u00f3s id\u0151ben. A <strong data-start=\"611\" data-end=\"642\">650mAh-s \u00fajrat\u00f6lthet\u0151 akkumul\u00e1tor<\/strong> \u00e1ltal m\u0171k\u00f6dtetve <strong data-start=\"648\" data-end=\"672\">Type-C gyorst\u00f6lt\u00e9ssel<\/strong> biztos\u00edtja a hat\u00e9kony felhaszn\u00e1l\u00e1st pazarl\u00f3 e-liquid n\u00e9lk\u00fcl.<\/p>\n<p data-start=\"723\" data-end=\"948\">A <strong data-start=\"729\" data-end=\"758\">dupla h\u00e1l\u00f3s tekercs technol\u00f3gi\u00e1ja<\/strong>haszn\u00e1lat\u00e1val a Waspe 12K egyenletes g\u0151ztermel\u00e9st \u00e9s gazdag \u00edzt biztos\u00edt a kever\u00e9kek sz\u00e9les v\u00e1laszt\u00e9k\u00e1ban. El\u00e9rhet\u0151 nikotinszintekben <strong data-start=\"890\" data-end=\"908\">0%, 2% \u00e9s 5%<\/strong>k\u00edn\u00e1l, minden vaping preferenci\u00e1nak megfelel.<\/p>\n<p data-start=\"950\" data-end=\"1150\">A nagykeresked\u0151k \u00e9s kiskeresked\u0151k sz\u00e1m\u00e1ra a <strong data-start=\"985\" data-end=\"1017\">Waspe 12000 Digit\u00e1lis Dobozos Vape<\/strong> er\u0151s viszontelad\u00e1si potenci\u00e1lt k\u00edn\u00e1l a nagy slukksz\u00e1m, a fejlett funkci\u00f3k \u00e9s a versenyk\u00e9pes nagykereskedelmi \u00e1rak kombin\u00e1ci\u00f3j\u00e1nak k\u00f6sz\u00f6nhet\u0151en.<\/p>\n<p><strong><span style=\"color: #ff0000;\">Adja hozz\u00e1 Amy-t WhatsApp-on, hogy azonnali v\u00e1laszt \u00e9s vape kupont kapjon!<\/span><\/strong><\/p>\n<p><img fetchpriority=\"high\" decoding=\"async\" class=\"size-full wp-image-2932\" src=\"https:\/\/vapestornado.com\/wp-content\/uploads\/2024\/12\/Vape-Wholesale.jpg\" alt=\"Vape nagykereskedelem\" width=\"229\" height=\"300\" \/><\/p>\n<h3><a href=\"https:\/\/wa.me\/8617776015835\" target=\"_blank\" rel=\"noopener\"><span style=\"color: #ff0000;\"><strong>WhatsApp: +86 17776015835<\/strong><\/span><\/a><\/h3>\n<p>&nbsp;<\/p>\n<h2><strong>Waspe 12000 Digital Box 12k term\u00e9kjellemz\u0151k<\/strong><\/h2>\n<p>Puff: 12000 slukk<br \/>\nDupla h\u00e1l\u00f3s tekercs 1.0ohm<br \/>\nAkkumul\u00e1tor: A650mAh<br \/>\nE-liquid: 20ml<br \/>\nNikotin: 2%\/5% Nikotin<br \/>\nType-c \u00fajrat\u00f6lthet\u0151<br \/>\nKijelz\u0151 a folyad\u00e9k \u00e9s az akkumul\u00e1tor \u00e1llapot\u00e1hoz<\/p>\n<h2 class=\"product-title\"><strong>Waspe Digital Box 12k \u00cdzek list\u00e1ja<\/strong><\/h2>\n<p>1 Dinnye j\u00e9g<strong> <span style=\"color: #ff0000;\">&gt;&gt;&gt;&gt; N\u00e9pszer\u0171!<\/span><\/strong><br \/>\n2 K\u00e9k m\u00e1lna j\u00e9g <strong><span style=\"color: #ff0000;\">&gt;&gt;&gt;&gt; N\u00e9pszer\u0171!<\/span><\/strong><br \/>\n3 Sz\u0151l\u0151 j\u00e9g<br \/>\n4 Eper g\u00f6r\u00f6gdinnye <strong><span style=\"color: #ff0000;\">&gt;&gt;&gt;&gt; N\u00e9pszer\u0171!<\/span><\/strong><br \/>\n5 Vegyes bogy\u00f3s gy\u00fcm\u00f6lcs\u00f6k <strong><span style=\"color: #ff0000;\">&gt;&gt;&gt;&gt; Legjobb!<\/span><\/strong><br \/>\n6 Eper f\u00e1nk<br \/>\n7 \u00c1fonya m\u00e1lna <strong><span style=\"color: #ff0000;\">&gt;&gt;&gt;&gt; N\u00e9pszer\u0171!<\/span><\/strong><br \/>\n8 Eper m\u00e1lna cseresznye <strong><span style=\"color: #ff0000;\">&gt;&gt;&gt;&gt; N\u00e9pszer\u0171!<\/span><\/strong><br \/>\n9 G\u00f6r\u00f6gdinnye mang\u00f3 \u0151szibarack<br \/>\n10 V\u00f6r\u00f6sboros k\u00f6rte juice<\/p>\n<article class=\"w-full text-token-text-primary focus-visible:outline-2 focus-visible:outline-offset-[-4px]\" dir=\"auto\" data-testid=\"conversation-turn-32\" data-scroll-anchor=\"false\">\n<div class=\"m-auto text-base py-[18px] px-6\">\n<div class=\"mx-auto flex flex-1 text-base gap-4 md:gap-5 lg:gap-6 md:max-w-3xl lg:max-w-[40rem] xl:max-w-[48rem]\">\n<div class=\"group\/conversation-turn relative flex w-full min-w-0 flex-col @xs\/thread:px-0 @sm\/thread:px-1.5 @md\/thread:px-4\">\n<div class=\"flex-col gap-1 md:gap-3\">\n<div class=\"flex max-w-full flex-col flex-grow\">\n<div class=\"min-h-8 text-message flex w-full flex-col items-end gap-2 whitespace-normal break-words text-start [.text-message+&amp;]:mt-5\" dir=\"auto\" data-message-author-role=\"user\" data-message-id=\"ffac41ca-1db4-431b-873a-32c4052956f1\">\n<div class=\"flex w-full flex-col gap-1 empty:hidden items-end rtl:items-start\">\n<div class=\"relative max-w-[var(--user-chat-width,70%)] rounded-3xl bg-token-message-surface px-5 py-2.5\">\n<div class=\"absolute bottom-0 right-full top-0 -mr-3.5 hidden pr-5 pt-2 [.group\/conversation-turn:hover_&amp;]:flex\">\n<div class=\"flex\">\n<article class=\"w-full text-token-text-primary focus-visible:outline-2 focus-visible:outline-offset-[-4px]\" dir=\"auto\" data-testid=\"conversation-turn-39\" data-scroll-anchor=\"true\">\n<div class=\"m-auto text-base py-[18px] px-6\">\n<div class=\"mx-auto flex flex-1 text-base gap-4 md:gap-5 lg:gap-6 md:max-w-3xl lg:max-w-[40rem] xl:max-w-[48rem]\">\n<div class=\"group\/conversation-turn relative flex w-full min-w-0 flex-col agent-turn @xs\/thread:px-0 @sm\/thread:px-1.5 @md\/thread:px-4\">\n<div class=\"flex-col gap-1 md:gap-3\">\n<div class=\"flex max-w-full flex-col flex-grow\">\n<div class=\"min-h-8 text-message flex w-full flex-col items-end gap-2 whitespace-normal break-words text-start [.text-message+&amp;]:mt-5\" dir=\"auto\" data-message-author-role=\"assistant\" data-message-id=\"55a23854-ec57-48dd-bd4f-6118f43d6241\" data-message-model-slug=\"gpt-4o\">\n<div class=\"flex w-full flex-col gap-1 empty:hidden first:pt-[3px]\">\n<div class=\"markdown prose w-full break-words dark:prose-invert light\">\n<figure id=\"attachment_3816\" aria-describedby=\"caption-attachment-3816\" style=\"width: 800px\" class=\"wp-caption alignnone\"><img decoding=\"async\" class=\"wp-image-3816 size-full\" src=\"https:\/\/vapestornado.com\/wp-content\/uploads\/2025\/03\/Waspe-12k-Puffs-Digital-Box.webp\" alt=\"Waspe 12k Puffs Digit\u00e1lis doboz\" width=\"800\" height=\"800\" srcset=\"https:\/\/vapestornado.com\/wp-content\/uploads\/2025\/03\/Waspe-12k-Puffs-Digital-Box.webp 800w, https:\/\/vapestornado.com\/wp-content\/uploads\/2025\/03\/Waspe-12k-Puffs-Digital-Box-300x300.webp 300w, https:\/\/vapestornado.com\/wp-content\/uploads\/2025\/03\/Waspe-12k-Puffs-Digital-Box-150x150.webp 150w, https:\/\/vapestornado.com\/wp-content\/uploads\/2025\/03\/Waspe-12k-Puffs-Digital-Box-768x768.webp 768w, https:\/\/vapestornado.com\/wp-content\/uploads\/2025\/03\/Waspe-12k-Puffs-Digital-Box-600x600.webp 600w, https:\/\/vapestornado.com\/wp-content\/uploads\/2025\/03\/Waspe-12k-Puffs-Digital-Box-100x100.webp 100w\" sizes=\"(max-width: 800px) 100vw, 800px\" \/><figcaption id=\"caption-attachment-3816\" class=\"wp-caption-text\">Waspe 12k Puffs Digit\u00e1lis doboz<\/figcaption><\/figure>\n<\/div>\n<\/div>\n<\/div>\n<\/div>\n<\/div>\n<\/div>\n<\/div>\n<\/div>\n<\/article>\n<\/div>\n<\/div>\n<\/div>\n<\/div>\n<\/div>\n<\/div>\n<\/div>\n<\/div>\n<\/div>\n<\/div>\n<\/article>\n<h3>Mi\u00e9rt v\u00e1lassza a vapestornad\u00f3t a Waspe Digital Box 12000 Puff eldobhat\u00f3 vape nagykereskedelm\u00e9hez?<\/h3>\n<div class=\"flex-shrink-0 flex flex-col relative items-end\">\n<div class=\"pt-0\">\n<div class=\"gizmo-bot-avatar flex h-8 w-8 items-center justify-center overflow-hidden rounded-full\">\n<div class=\"relative p-1 rounded-sm flex items-center justify-center bg-token-main-surface-primary text-token-text-primary h-8 w-8\">\n<p>\u00dcdv\u00f6z\u00f6lj\u00fck a vapestornado-n\u00e1l, a pr\u00e9mium eldobhat\u00f3 vape-ek megb\u00edzhat\u00f3 online vape boltj\u00e1ban. T\u00f6bb mint 5 \u00e9ves szak\u00e9rtelemmel olyan n\u00e9pszer\u0171 eldobhat\u00f3 vape m\u00e1rk\u00e1kat k\u00edn\u00e1lunk, mint a Fumot RandM Vape, Vapme, Bang Vape, Waspe Vape \u00e9s WGA Vape stb.<\/p>\n<p>K\u00edn\u00e1latunkban megtal\u00e1lhat\u00f3k a n\u00e9pszer\u0171, kett\u0151s \u00edz\u0171 eldobhat\u00f3 vape-ek, mint p\u00e9ld\u00e1ul a <a href=\"https:\/\/vapestornado.com\/hu\/product\/waspe-fihp-36000-36k-puff-twins-flavor-rechargeable-disposable-vape-bulk-buy-at-wholesale-prices\/\">FIHP 36K Puff Twins \u00cdz<\/a>, <a href=\"https:\/\/vapestornado.com\/hu\/product\/waspe-crystal-40000-puffs-40k-double-flavor-rechargeable-disposable-vapes-cheap-price\/\">WASPE Crystal 40k Dupla \u00cdz<\/a> \u00e9s az \u00edzekben gazdag v\u00e1laszt\u00e9k, mint a <a href=\"https:\/\/vapestornado.com\/hu\/product\/razzbar-15000-puffs-rechargeable-disposable-vape-bulk-buy-at-cheap-prices\/\">RAZZBAR 15000 Puff<\/a>. Minden term\u00e9k\u00fcnket a min\u0151s\u00e9g, \u00e9rt\u00e9k \u00e9s v\u00e1ltozatoss\u00e1g figyelembev\u00e9tel\u00e9vel v\u00e1lasztjuk ki, biztos\u00edtva, hogy megtal\u00e1lja az ig\u00e9nyeinek legmegfelel\u0151bbet. Fedezze fel a kiv\u00e9teles szolg\u00e1ltat\u00e1st \u00e9s a top term\u00e9kek sz\u00e9les v\u00e1laszt\u00e9k\u00e1t nagykereskedelmi \u00e1ron a vapestornado-n.<\/p>\n<\/div>\n<h3><\/h3>\n<div class=\"relative p-1 rounded-sm flex items-center justify-center bg-token-main-surface-primary text-token-text-primary h-8 w-8\">\n<h3>GYIK a Waspe 12000 Puffs eldobhat\u00f3 vape-hoz<\/h3>\n<\/div>\n<\/div>\n<\/div>\n<\/div>\n<div class=\"flex-shrink-0 flex flex-col relative items-end\">\n<div class=\"pt-0\">\n<div class=\"gizmo-bot-avatar flex h-8 w-8 items-center justify-center overflow-hidden rounded-full\">\n<div class=\"relative p-1 rounded-sm flex items-center justify-center bg-token-main-surface-primary text-token-text-primary h-8 w-8\">\n<div class=\"mb-2 flex gap-3 empty:hidden -ml-2\">\n<p data-pm-slice=\"1 1 []\"><strong>1. Mennyi ideig b\u00edrja a Waspe 12000?<\/strong><\/p>\n<p data-pm-slice=\"1 1 []\">A Waspe 12000 biztos\u00edtja <strong>ak\u00e1r 12 000 p\u00f6ffet\u00e9st<\/strong>, \u00edgy az egyik legtov\u00e1bb tart\u00f3 eldobhat\u00f3 vape a piacon. A <strong>\u00fajrat\u00f6lthet\u0151 akkumul\u00e1tor<\/strong>seg\u00edts\u00e9g\u00e9vel hossz\u00fa ideig \u00e9lvezheti a zavartalan g\u0151z\u00f6l\u00e9st.<\/p>\n<p><strong>2. Van a Waspe 12000-nek digit\u00e1lis kijelz\u0151je?<\/strong><\/p>\n<p>Igen! A be\u00e9p\u00edtett <strong>digit\u00e1lis kijelz\u0151<\/strong> lehet\u0151v\u00e9 teszi az akkumul\u00e1tor \u00e9lettartam\u00e1nak \u00e9s a slukkok sz\u00e1m\u00e1nak val\u00f3s idej\u0171 nyomon k\u00f6vet\u00e9s\u00e9t, z\u00f6kken\u0151mentes g\u0151z\u00f6l\u00e9si \u00e9lm\u00e9nyt k\u00edn\u00e1lva.<\/p>\n<p><strong>3. Milyen \u00edzekben kaphat\u00f3 a Waspe 12000?<\/strong><\/p>\n<p>Ez a vape egy <strong>\u00edzek sz\u00e9les v\u00e1laszt\u00e9ka<\/strong>, bele\u00e9rtve a gy\u00fcm\u00f6lcs\u00f6s, mentolos \u00e9s klasszikus doh\u00e1ny \u00edzeket. Minden \u00edzl\u00e9snek van valami!<\/p>\n<p><strong>4. \u00dajrat\u00f6lthet\u0151 a Waspe 12000?<\/strong><\/p>\n<p>Teljesen! A Waspe 12000 <strong>Type-C gyorst\u00f6lt\u00e9ssel<\/strong> porttal rendelkezik, \u00edgy gyorsan \u00fajrat\u00f6lthet\u0151 \u00e9s folytathat\u00f3 a vapel\u00e9s hossz\u00fa v\u00e1rakoz\u00e1si id\u0151 n\u00e9lk\u00fcl.<\/p>\n<p><strong>5. Hol v\u00e1s\u00e1rolhatok Waspe 12000-et nagykereskedelmi \u00e1ron?<\/strong><\/p>\n<p>A legjobb <strong>nagykereskedelmi \u00e1rak\u00e9rt<\/strong>, n\u00e9zd meg a <strong>Vapestornado online vape bolt<\/strong>, az \u00d6n megb\u00edzhat\u00f3 forr\u00e1sa a <strong>olcs\u00f3 eldobhat\u00f3 vape-ok<\/strong> oldalt \u00e9s a nagy t\u00e9telben t\u00f6rt\u00e9n\u0151 v\u00e1s\u00e1rl\u00e1sokat.<\/p>\n<h4>Hogyan rendelhetek?<\/h4>\n<p><strong>1. Milyen fizet\u00e9si m\u00f3dokat fogadnak el?<\/strong><br \/>\nElfogadunk IBAN \u00e1tutal\u00e1st \u00e9s <span style=\"font-size: 16px;\">Western Uniont<\/span>\u00a0a biztons\u00e1gos \u00e9s k\u00e9nyelmes tranzakci\u00f3khoz.<\/p>\n<p><strong>2. Hogyan k\u00f6vethetem nyomon a rendel\u00e9sem?<\/strong><br \/>\nA rendel\u00e9s felad\u00e1sa ut\u00e1n, <span class=\"selectable-text copyable-text false\">folyamatosan t\u00e1j\u00e9koztatjuk a rakom\u00e1ny nyomon k\u00f6vet\u00e9s\u00e9r\u0151l, am\u00edg meg nem kapja a rakom\u00e1nyt<\/span>.<\/p>\n<p><strong>3. Mennyi a becs\u00fclt sz\u00e1ll\u00edt\u00e1si id\u0151?<\/strong><\/p>\n<ul>\n<li>Sz\u00e1ll\u00edt\u00e1s innen: <strong>K\u00ednai rakt\u00e1rak<\/strong> k\u00f6r\u00fclbel\u00fcl <strong>7-14 munkanapot vesz ig\u00e9nybe<\/strong>.<\/li>\n<li>Sz\u00e1ll\u00edt\u00e1s innen: <strong>Eur\u00f3pai rakt\u00e1rak<\/strong> \u00e1ltal\u00e1ban <strong>3-6 munkanapot vesz ig\u00e9nybe<\/strong>.<\/li>\n<\/ul>\n<p><strong>4. Hogyan kaphatok gyorsabb sz\u00e1ll\u00edt\u00e1st?<\/strong><br \/>\nA gyorsabb sz\u00e1ll\u00edt\u00e1s \u00e9rdek\u00e9ben javasoljuk, hogy rendeljen a mi <strong>Eur\u00f3pai rakt\u00e1runkb\u00f3l<\/strong>, ami gyorsabb sz\u00e1ll\u00edt\u00e1si id\u0151ket k\u00edn\u00e1l.<\/p>\n<p><strong>5. Hogyan k\u00fcldhetek vissza egy term\u00e9ket?<\/strong><br \/>\nTerm\u00e9k visszak\u00fcld\u00e9s\u00e9hez l\u00e9pjen kapcsolatba \u00fcgyf\u00e9lszolg\u00e1latunkkal a visszak\u00fcld\u00e9si folyamattal kapcsolatos r\u00e9szletes utas\u00edt\u00e1sok\u00e9rt.<\/p>\n<p><strong>6. V\u00e1llalnak nemzetk\u00f6zi sz\u00e1ll\u00edt\u00e1st?<\/strong><br \/>\nIgen, a legt\u00f6bb orsz\u00e1gba sz\u00e1ll\u00edtunk, \u00e9s int\u00e9zz\u00fck a <strong>v\u00e1mkezel\u00e9st<\/strong> a z\u00f6kken\u0151mentes sz\u00e1ll\u00edt\u00e1s \u00e9rdek\u00e9ben.<\/p>\n<p><strong>7. Mi a teend\u0151, ha s\u00e9r\u00fclt vagy hib\u00e1s term\u00e9ket kapok?<\/strong><br \/>\nHa a term\u00e9ke s\u00e9r\u00fclt vagy hib\u00e1s, l\u00e9pjen kapcsolatba az \u00fcgyf\u00e9lszolg\u00e1lattal a <strong>cser\u00e9\u00e9rt vagy visszat\u00e9r\u00edt\u00e9s\u00e9rt<\/strong>.<\/p>\n<p><strong>8. Hogyan l\u00e9phetek kapcsolatba az \u00fcgyf\u00e9lszolg\u00e1lattal?<\/strong><br \/>\nEl\u00e9rhet minket <strong>e-mailben, WhatsAppon vagy \u00e9l\u0151 chaten<\/strong> a weboldalunkon, ha seg\u00edts\u00e9gre van sz\u00fcks\u00e9ge.<\/p>\n<\/div>\n<\/div>\n<\/div>\n<\/div>\n<\/div>","protected":false},"excerpt":{"rendered":"<p><strong>Massz\u00edv 12000 slukk<\/strong> hossz\u00fa t\u00e1v\u00fa haszn\u00e1latra \u2714 <strong>\u00dajrat\u00f6lthet\u0151<\/strong> \u00e1ltal m\u0171k\u00f6dtetve <strong>gyorst\u00f6lt\u0151 Type-C port<\/strong> \u2714 <strong>Digit\u00e1lis kijelz\u0151<\/strong> az akkumul\u00e1tor val\u00f3s idej\u0171 ellen\u0151rz\u00e9s\u00e9hez <strong>K\u00fcl\u00f6nb\u00f6z\u0151 \u00edzek<\/strong> minden \u00edzl\u00e9snek megfelel\u0151en \u2714 <strong>Kiv\u00e1l\u00f3 min\u0151s\u00e9g\u0171, dupla h\u00e1l\u00f3s tekercs<\/strong> a fokozott g\u0151zk\u00e9pz\u0151d\u00e9s \u00e9rdek\u00e9ben \u2714 <strong>Alacsony nagykereskedelmi \u00e1rak<\/strong> a t\u00f6meges v\u00e1s\u00e1rl\u00f3knak<\/p>\n<p>Szerezze meg a legjobb aj\u00e1nlatokat a <strong>Waspe 12000 Digital Box 12K slukkos vape-ekre<\/strong> azonnal! <strong>A nagykereskedelmi eldobhat\u00f3 vape-ek<\/strong> soha nem voltak m\u00e9g ennyire megfizethet\u0151ek!<\/p>\n<p><strong>Adja hozz\u00e1 Amy-t WhatsApp-on, hogy azonnali v\u00e1laszt \u00e9s vape kupont kapjon!<\/strong><\/p>\n<p><img fetchpriority=\"high\" decoding=\"async\" class=\"size-full wp-image-2932\" src=\"https:\/\/vapestornado.com\/wp-content\/uploads\/2024\/12\/Vape-Wholesale.jpg\" alt=\"Vape nagykereskedelem\" width=\"229\" height=\"300\" \/><\/p>\n<h3><a href=\"https:\/\/wa.me\/8617776015835\"><span style=\"color: #ff0000;\"><strong>WhatsApp: +86 17776015835<\/strong><\/span><\/a><\/h3>\n<p>&nbsp;<\/p>","protected":false},"featured_media":3815,"comment_status":"open","ping_status":"closed","template":"","meta":{"_acf_changed":false,"_uag_custom_page_level_css":"","_lmt_disableupdate":"no","_lmt_disable":"","_monsterinsights_skip_tracking":false,"_monsterinsights_sitenote_active":false,"_monsterinsights_sitenote_note":"","_monsterinsights_sitenote_category":0,"site-sidebar-layout":"default","site-content-layout":"","ast-site-content-layout":"default","site-content-style":"default","site-sidebar-style":"default","ast-global-header-display":"","ast-banner-title-visibility":"","ast-main-header-display":"","ast-hfb-above-header-display":"","ast-hfb-below-header-display":"","ast-hfb-mobile-header-display":"","site-post-title":"","ast-breadcrumbs-content":"","ast-featured-img":"","footer-sml-layout":"","ast-disable-related-posts":"","theme-transparent-header-meta":"default","adv-header-id-meta":"","stick-header-meta":"","header-above-stick-meta":"","header-main-stick-meta":"","header-below-stick-meta":"","astra-migrate-meta-layouts":"set","ast-page-background-enabled":"default","ast-page-background-meta":{"desktop":{"background-color":"","background-image":"","background-repeat":"repeat","background-position":"center center","background-size":"auto","background-attachment":"scroll","background-type":"","background-media":"","overlay-type":"","overlay-color":"","overlay-opacity":"","overlay-gradient":""},"tablet":{"background-color":"","background-image":"","background-repeat":"repeat","background-position":"center center","background-size":"auto","background-attachment":"scroll","background-type":"","background-media":"","overlay-type":"","overlay-color":"","overlay-opacity":"","overlay-gradient":""},"mobile":{"background-color":"","background-image":"","background-repeat":"repeat","background-position":"center center","background-size":"auto","background-attachment":"scroll","background-type":"","background-media":"","overlay-type":"","overlay-color":"","overlay-opacity":"","overlay-gradient":""}},"ast-content-background-meta":{"desktop":{"background-color":"var(--ast-global-color-5)","background-image":"","background-repeat":"repeat","background-position":"center center","background-size":"auto","background-attachment":"scroll","background-type":"","background-media":"","overlay-type":"","overlay-color":"","overlay-opacity":"","overlay-gradient":""},"tablet":{"background-color":"var(--ast-global-color-5)","background-image":"","background-repeat":"repeat","background-position":"center center","background-size":"auto","background-attachment":"scroll","background-type":"","background-media":"","overlay-type":"","overlay-color":"","overlay-opacity":"","overlay-gradient":""},"mobile":{"background-color":"var(--ast-global-color-5)","background-image":"","background-repeat":"repeat","background-position":"center center","background-size":"auto","background-attachment":"scroll","background-type":"","background-media":"","overlay-type":"","overlay-color":"","overlay-opacity":"","overlay-gradient":""}},"_joinchat":{"telephone":"17776015835"}},"product_brand":[],"product_cat":[19,72,151,155,160,142,146,60],"product_tag":[247,105,97,94,241,93,248],"class_list":{"0":"post-3796","1":"product","2":"type-product","3":"status-publish","4":"has-post-thumbnail","6":"product_cat-vapes","7":"product_cat-12000-puff","8":"product_cat-buy-disposable-vapes-in-france","9":"product_cat-buy-disposable-vapes-in-norway","10":"product_cat-buy-disposable-vapes-in-switzerland","11":"product_cat-digital-box-disposable-vapes","12":"product_cat-rechargeable-disposable-vapes","13":"product_cat-waspe-fihp-vape","14":"product_tag-12k-puff","15":"product_tag-digital-disposable-vape","16":"product_tag-hot-sale-disposable-vape","17":"product_tag-rechargeable-disposable-vape","18":"product_tag-smart-screen-disposable-vape","19":"product_tag-vape-wholesale","20":"product_tag-waspe-12000-digital-box","21":"desktop-align-left","22":"tablet-align-left","23":"mobile-align-left","25":"first","26":"instock","27":"sale","28":"shipping-taxable","29":"purchasable","30":"product-type-simple"},"acf":[],"uagb_featured_image_src":{"full":["https:\/\/vapestornado.com\/wp-content\/uploads\/2025\/03\/WASPE-12k-Puff-Disposable-Vape-Bulk-Buy.webp",800,800,false],"thumbnail":["https:\/\/vapestornado.com\/wp-content\/uploads\/2025\/03\/WASPE-12k-Puff-Disposable-Vape-Bulk-Buy-150x150.webp",150,150,true],"medium":["https:\/\/vapestornado.com\/wp-content\/uploads\/2025\/03\/WASPE-12k-Puff-Disposable-Vape-Bulk-Buy-300x300.webp",300,300,true],"medium_large":["https:\/\/vapestornado.com\/wp-content\/uploads\/2025\/03\/WASPE-12k-Puff-Disposable-Vape-Bulk-Buy-768x768.webp",768,768,true],"large":["https:\/\/vapestornado.com\/wp-content\/uploads\/2025\/03\/WASPE-12k-Puff-Disposable-Vape-Bulk-Buy.webp",800,800,false],"1536x1536":["https:\/\/vapestornado.com\/wp-content\/uploads\/2025\/03\/WASPE-12k-Puff-Disposable-Vape-Bulk-Buy.webp",800,800,false],"2048x2048":["https:\/\/vapestornado.com\/wp-content\/uploads\/2025\/03\/WASPE-12k-Puff-Disposable-Vape-Bulk-Buy.webp",800,800,false],"trp-custom-language-flag":["https:\/\/vapestornado.com\/wp-content\/uploads\/2025\/03\/WASPE-12k-Puff-Disposable-Vape-Bulk-Buy.webp",12,12,false],"woocommerce_thumbnail":["https:\/\/vapestornado.com\/wp-content\/uploads\/2025\/03\/WASPE-12k-Puff-Disposable-Vape-Bulk-Buy-300x300.webp",300,300,true],"woocommerce_single":["https:\/\/vapestornado.com\/wp-content\/uploads\/2025\/03\/WASPE-12k-Puff-Disposable-Vape-Bulk-Buy-600x600.webp",600,600,true],"woocommerce_gallery_thumbnail":["https:\/\/vapestornado.com\/wp-content\/uploads\/2025\/03\/WASPE-12k-Puff-Disposable-Vape-Bulk-Buy-100x100.webp",100,100,true]},"uagb_author_info":{"display_name":"ESAMY","author_link":"https:\/\/vapestornado.com\/hu\/author\/"},"uagb_comment_info":0,"uagb_excerpt":"Massive 12000 puffs for extended usage \u2714 Rechargeable with fast-charging Type-C port \u2714 Digital display for real-time monitoring of battery &amp; puffs \u2714 Variety of flavors to suit all taste preferences \u2714 High-quality dual mesh coil for enhanced vapor production \u2714 Low wholesale prices for bulk buyers Get the best deals on Waspe 12000 Digital&hellip;","_links":{"self":[{"href":"https:\/\/vapestornado.com\/hu\/wp-json\/wp\/v2\/product\/3796","targetHints":{"allow":["GET"]}}],"collection":[{"href":"https:\/\/vapestornado.com\/hu\/wp-json\/wp\/v2\/product"}],"about":[{"href":"https:\/\/vapestornado.com\/hu\/wp-json\/wp\/v2\/types\/product"}],"replies":[{"embeddable":true,"href":"https:\/\/vapestornado.com\/hu\/wp-json\/wp\/v2\/comments?post=3796"}],"wp:featuredmedia":[{"embeddable":true,"href":"https:\/\/vapestornado.com\/hu\/wp-json\/wp\/v2\/media\/3815"}],"wp:attachment":[{"href":"https:\/\/vapestornado.com\/hu\/wp-json\/wp\/v2\/media?parent=3796"}],"wp:term":[{"taxonomy":"product_brand","embeddable":true,"href":"https:\/\/vapestornado.com\/hu\/wp-json\/wp\/v2\/product_brand?post=3796"},{"taxonomy":"product_cat","embeddable":true,"href":"https:\/\/vapestornado.com\/hu\/wp-json\/wp\/v2\/product_cat?post=3796"},{"taxonomy":"product_tag","embeddable":true,"href":"https:\/\/vapestornado.com\/hu\/wp-json\/wp\/v2\/product_tag?post=3796"}],"curies":[{"name":"wp","href":"https:\/\/api.w.org\/{rel}","templated":true}]}}