{"id":3788,"date":"2025-02-18T03:50:57","date_gmt":"2025-02-18T03:50:57","guid":{"rendered":"https:\/\/vapestornado.com\/?post_type=product&#038;p=3788"},"modified":"2025-08-23T09:28:52","modified_gmt":"2025-08-23T09:28:52","slug":"jnr-nicotine-pouches-25mg-15-flavours-shop-online-lower-price","status":"publish","type":"product","link":"https:\/\/vapestornado.com\/hu\/product\/jnr-nicotine-pouches-25mg-15-flavours-shop-online-lower-price\/","title":{"rendered":"JNR Nikotinos Tasakok 25mg 15+ \u00cdzben Online V\u00e1s\u00e1rl\u00e1s Alacsonyabb \u00c1ron"},"content":{"rendered":"<h1 class=\"product-title\">JNR Nikotinos Tasakok 25mg 15+ \u00cdzben Online V\u00e1s\u00e1rl\u00e1s Alacsonyabb \u00c1ron<\/h1>\n<p data-start=\"263\" data-end=\"535\">A <strong data-start=\"267\" data-end=\"296\">JNR Nikotin P\u00e1rna 25mg<\/strong> azoknak a felhaszn\u00e1l\u00f3knak k\u00e9sz\u00fcltek, akik er\u0151s \u00e9s hat\u00e9kony nikotin\u00e9lm\u00e9nyre v\u00e1gynak doh\u00e1nyz\u00e1s vagy vaping n\u00e9lk\u00fcl. Minden tasak tartalmaz <strong data-start=\"419\" data-end=\"439\">25 mg nikotint<\/strong>, amely gyors \u00e9s er\u0151teljes felsz\u00edv\u00f3d\u00e1st biztos\u00edt, ide\u00e1lis a tapasztalt felhaszn\u00e1l\u00f3k sz\u00e1m\u00e1ra, akik intenzit\u00e1st \u00e9s koncentr\u00e1ci\u00f3t keresnek.<\/p>\n<p data-start=\"537\" data-end=\"781\">K\u00e9sz\u00fclt <strong data-start=\"547\" data-end=\"583\">doh\u00e1nymentes, n\u00f6v\u00e9nyi alap\u00fa rostokb\u00f3l<\/strong>, ezek a v\u00e9kony tasakok k\u00e9nyelmesen elf\u00e9rnek a fels\u0151 ajak alatt, nem hagynak nyomot, nem kell k\u00f6pni \u00e9s nincs tart\u00f3s szaguk. A diszkr\u00e9t kialak\u00edt\u00e1snak k\u00f6sz\u00f6nhet\u0151en b\u00e1rmikor k\u00f6nnyen haszn\u00e1lhat\u00f3k \u2013 munkahelyen, \u00fatk\u00f6zben vagy t\u00e1rsas\u00e1gi k\u00f6rnyezetben.<\/p>\n<p data-start=\"783\" data-end=\"1056\">El\u00e9rhet\u0151 <strong data-start=\"796\" data-end=\"811\">15+ \u00edzben<\/strong> bele\u00e9rtve a ment\u00e1t, a citrusf\u00e9l\u00e9ket \u00e9s a bogy\u00f3s gy\u00fcm\u00f6lcs\u00f6ket, a <strong data-start=\"851\" data-end=\"880\">JNR 25mg Nikotinos Tasakok<\/strong> az er\u0151t friss\u00edt\u0151 \u00edzzel \u00f6tv\u00f6zik. K\u00e9nyelmes, f\u00fcstmentes alternat\u00edv\u00e1t k\u00edn\u00e1lnak mindazok sz\u00e1m\u00e1ra, akik kiv\u00e1l\u00f3 min\u0151s\u00e9g\u0171, er\u0151s nikotin opci\u00f3t keresnek versenyk\u00e9pes \u00e1ron.<\/p>\n<p><strong>Add hozz\u00e1 Amy whatsappj\u00e1t, hogy azonnali v\u00e1laszt \u00e9s kedvezm\u00e9nyes \u00e1rat kapj!<\/strong><\/p>\n<p><img fetchpriority=\"high\" decoding=\"async\" class=\"size-full wp-image-2932\" src=\"https:\/\/vapestornado.com\/wp-content\/uploads\/2024\/12\/Vape-Wholesale.jpg\" alt=\"Vape nagykereskedelem\" width=\"229\" height=\"300\" \/><\/p>\n<h3><a href=\"https:\/\/wa.me\/8617776015835\" target=\"_blank\" rel=\"noopener\"><span style=\"color: #ff0000;\"><strong>WhatsApp: +86 17776015835<\/strong><\/span><\/a><\/h3>\n<p>&nbsp;<\/p>\n<h2><strong>JNR nikotinzs\u00e1k 25mg term\u00e9kjellemz\u0151k<\/strong><\/h2>\n<p>M\u00e1rka: JNR<br \/>\nNikotiner\u0151ss\u00e9g: 25 mg \/ tasak<br \/>\nTasakok sz\u00e1ma: 20 db \/ doboz<\/p>\n<figure id=\"attachment_3773\" aria-describedby=\"caption-attachment-3773\" style=\"width: 1000px\" class=\"wp-caption alignnone\"><img decoding=\"async\" class=\"wp-image-3773 size-full\" src=\"https:\/\/vapestornado.com\/wp-content\/uploads\/2025\/02\/Hot-Selling-JNR-Nicotine-Pouches-25mg.webp\" alt=\"Kelend\u0151 JNR nikotinzs\u00e1k 25mg\" width=\"1000\" height=\"1000\" srcset=\"https:\/\/vapestornado.com\/wp-content\/uploads\/2025\/02\/Hot-Selling-JNR-Nicotine-Pouches-25mg.webp 1000w, https:\/\/vapestornado.com\/wp-content\/uploads\/2025\/02\/Hot-Selling-JNR-Nicotine-Pouches-25mg-300x300.webp 300w, https:\/\/vapestornado.com\/wp-content\/uploads\/2025\/02\/Hot-Selling-JNR-Nicotine-Pouches-25mg-150x150.webp 150w, https:\/\/vapestornado.com\/wp-content\/uploads\/2025\/02\/Hot-Selling-JNR-Nicotine-Pouches-25mg-768x768.webp 768w, https:\/\/vapestornado.com\/wp-content\/uploads\/2025\/02\/Hot-Selling-JNR-Nicotine-Pouches-25mg-600x600.webp 600w, https:\/\/vapestornado.com\/wp-content\/uploads\/2025\/02\/Hot-Selling-JNR-Nicotine-Pouches-25mg-100x100.webp 100w\" sizes=\"(max-width: 1000px) 100vw, 1000px\" \/><figcaption id=\"caption-attachment-3773\" class=\"wp-caption-text\">Kelend\u0151 JNR nikotinzs\u00e1k 25mg<\/figcaption><\/figure>\n<h2 class=\"product-title\"><strong>JNR nikotinzs\u00e1k 25mg \u00edzek list\u00e1ja<\/strong><\/h2>\n<ol data-start=\"59\" data-end=\"318\" data-is-last-node=\"\">\n<li data-start=\"59\" data-end=\"76\">Fekete Cseresznye<\/li>\n<li data-start=\"77\" data-end=\"95\">K\u00e9k Razz Ice<\/li>\n<li data-start=\"96\" data-end=\"115\">\u00c1fonya Menta<\/li>\n<li data-start=\"116\" data-end=\"135\">Citrus H\u0171s\u00edt\u0151<\/li>\n<li data-start=\"136\" data-end=\"151\">Sz\u00e9nsavas k\u00f3la<\/li>\n<li data-start=\"152\" data-end=\"163\">Fagyaszt\u00f3<\/li>\n<li data-start=\"164\" data-end=\"177\">J\u00e9gh\u0171s<\/li>\n<li data-start=\"178\" data-end=\"191\">J\u00e9g Menta<\/li>\n<li data-start=\"192\" data-end=\"210\">J\u00e9g Fodormenta<\/li>\n<li data-start=\"211\" data-end=\"228\">Vegyes bogy\u00f3s gy\u00fcm\u00f6lcs\u00f6k<\/li>\n<li data-start=\"229\" data-end=\"246\">Puha karamell<\/li>\n<li data-start=\"247\" data-end=\"267\">Eper j\u00e9g<\/li>\n<li data-start=\"268\" data-end=\"282\">Tr\u00f3pusi<\/li>\n<li data-start=\"283\" data-end=\"299\">Dupla Alma<\/li>\n<li data-start=\"300\" data-end=\"318\" data-is-last-node=\"\">G\u00f6r\u00f6gdinnye J\u00e9g<\/li>\n<\/ol>\n<h3 class=\"product-title\">J\u00f3t\u00e9kony hat\u00e1s\u00faak a nikotinzacsk\u00f3k?<\/h3>\n<article class=\"w-full text-token-text-primary focus-visible:outline-2 focus-visible:outline-offset-[-4px]\" dir=\"auto\" data-testid=\"conversation-turn-32\" data-scroll-anchor=\"false\">\n<div class=\"m-auto text-base py-[18px] px-6\">\n<div class=\"mx-auto flex flex-1 text-base gap-4 md:gap-5 lg:gap-6 md:max-w-3xl lg:max-w-[40rem] xl:max-w-[48rem]\">\n<div class=\"group\/conversation-turn relative flex w-full min-w-0 flex-col @xs\/thread:px-0 @sm\/thread:px-1.5 @md\/thread:px-4\">\n<div class=\"flex-col gap-1 md:gap-3\">\n<div class=\"flex max-w-full flex-col flex-grow\">\n<div class=\"min-h-8 text-message flex w-full flex-col items-end gap-2 whitespace-normal break-words text-start [.text-message+&amp;]:mt-5\" dir=\"auto\" data-message-author-role=\"user\" data-message-id=\"ffac41ca-1db4-431b-873a-32c4052956f1\">\n<div class=\"flex w-full flex-col gap-1 empty:hidden items-end rtl:items-start\">\n<div class=\"relative max-w-[var(--user-chat-width,70%)] rounded-3xl bg-token-message-surface px-5 py-2.5\">\n<div class=\"absolute bottom-0 right-full top-0 -mr-3.5 hidden pr-5 pt-2 [.group\/conversation-turn:hover_&amp;]:flex\">\n<div class=\"flex\"><\/div>\n<\/div>\n<\/div>\n<\/div>\n<\/div>\n<\/div>\n<\/div>\n<\/div>\n<\/div>\n<\/div>\n<\/article>\n<article class=\"w-full text-token-text-primary focus-visible:outline-2 focus-visible:outline-offset-[-4px]\" dir=\"auto\" data-testid=\"conversation-turn-33\" data-scroll-anchor=\"true\">\n<div class=\"m-auto text-base py-[18px] px-6\">\n<div class=\"mx-auto flex flex-1 text-base gap-4 md:gap-5 lg:gap-6 md:max-w-3xl lg:max-w-[40rem] xl:max-w-[48rem]\">\n<div class=\"group\/conversation-turn relative flex w-full min-w-0 flex-col agent-turn @xs\/thread:px-0 @sm\/thread:px-1.5 @md\/thread:px-4\">\n<div class=\"flex-col gap-1 md:gap-3\">\n<div class=\"flex max-w-full flex-col flex-grow\">\n<div class=\"min-h-8 text-message flex w-full flex-col items-end gap-2 whitespace-normal break-words text-start [.text-message+&amp;]:mt-5\" dir=\"auto\" data-message-author-role=\"assistant\" data-message-id=\"e542e950-e3a5-4b1a-98f8-7584a2f9bc41\" data-message-model-slug=\"gpt-4o\">\n<div class=\"flex w-full flex-col gap-1 empty:hidden first:pt-[3px]\">\n<div class=\"markdown prose w-full break-words dark:prose-invert light\">\n<article class=\"w-full text-token-text-primary focus-visible:outline-2 focus-visible:outline-offset-[-4px]\" dir=\"auto\" data-testid=\"conversation-turn-35\" data-scroll-anchor=\"true\">\n<div class=\"m-auto text-base py-[18px] px-6\">\n<div class=\"mx-auto flex flex-1 text-base gap-4 md:gap-5 lg:gap-6 md:max-w-3xl lg:max-w-[40rem] xl:max-w-[48rem]\">\n<div class=\"group\/conversation-turn relative flex w-full min-w-0 flex-col agent-turn @xs\/thread:px-0 @sm\/thread:px-1.5 @md\/thread:px-4\">\n<div class=\"flex-col gap-1 md:gap-3\">\n<div class=\"flex max-w-full flex-col flex-grow\">\n<div class=\"min-h-8 text-message flex w-full flex-col items-end gap-2 whitespace-normal break-words text-start [.text-message+&amp;]:mt-5\" dir=\"auto\" data-message-author-role=\"assistant\" data-message-id=\"19ad7ab6-95d5-4367-834a-f160e402f0d6\" data-message-model-slug=\"gpt-4o\">\n<div class=\"flex w-full flex-col gap-1 empty:hidden first:pt-[3px]\">\n<div class=\"markdown prose w-full break-words dark:prose-invert light\">\n<p>A leszokni pr\u00f3b\u00e1l\u00f3 doh\u00e1nyosok sz\u00e1m\u00e1ra a nikotinzacsk\u00f3k tiszt\u00e1bb, doh\u00e1nymentes alternat\u00edv\u00e1t k\u00edn\u00e1lnak. B\u00e1r a nikotin \u00f6nmag\u00e1ban is j\u00e1rhat eg\u00e9szs\u00e9g\u00fcgyi kock\u00e1zatokkal, a zacsk\u00f3k kik\u00fcsz\u00f6b\u00f6lik a doh\u00e1nyz\u00e1s k\u00e1ros hat\u00e1sait, \u00edgy eg\u00e9szs\u00e9gesebb opci\u00f3t jelentenek a jelenlegi doh\u00e1nyosok sz\u00e1m\u00e1ra, akik cs\u00f6kkenteni szeretn\u00e9k a k\u00e1rokat. A doh\u00e1nyz\u00e1st tekintik a nikotinfogyaszt\u00e1s legeg\u00e9szs\u00e9gtelenebb m\u00f3dj\u00e1nak, \u00edgy a nikotinzacsk\u00f3kra val\u00f3 v\u00e1lt\u00e1s pozit\u00edv l\u00e9p\u00e9s lehet az eg\u00e9szs\u00e9gtudatos felhaszn\u00e1l\u00f3k sz\u00e1m\u00e1ra.<\/p>\n<\/div>\n<\/div>\n<\/div>\n<\/div>\n<\/div>\n<\/div>\n<\/div>\n<\/div>\n<\/article>\n<\/div>\n<\/div>\n<\/div>\n<\/div>\n<\/div>\n<\/div>\n<\/div>\n<\/div>\n<\/article>\n<h3>Mi\u00e9rt a vapestornado-t v\u00e1lassza a JNR nikotinzacsk\u00f3k nagykereskedelm\u00e9hez?<\/h3>\n<div class=\"flex-shrink-0 flex flex-col relative items-end\">\n<div class=\"pt-0\">\n<div class=\"gizmo-bot-avatar flex h-8 w-8 items-center justify-center overflow-hidden rounded-full\">\n<div class=\"relative p-1 rounded-sm flex items-center justify-center bg-token-main-surface-primary text-token-text-primary h-8 w-8\">\n<p>\u00dcdv\u00f6z\u00f6lj\u00fck a vapestornado-n\u00e1l, a pr\u00e9mium eldobhat\u00f3 vape-ek megb\u00edzhat\u00f3 online vape boltj\u00e1ban. T\u00f6bb mint 5 \u00e9ves szak\u00e9rtelemmel olyan n\u00e9pszer\u0171 eldobhat\u00f3 vape m\u00e1rk\u00e1kat k\u00edn\u00e1lunk, mint a Fumot RandM Vape, Vapme, Bang Vape, Waspe Vape \u00e9s WGA Vape stb.<\/p>\n<p>K\u00edn\u00e1latunkban megtal\u00e1lhat\u00f3k a n\u00e9pszer\u0171, kett\u0151s \u00edz\u0171 eldobhat\u00f3 vape-ek, mint p\u00e9ld\u00e1ul a <a href=\"https:\/\/vapestornado.com\/hu\/product\/bang-king-35k-35000-puffs-2-in-1-dual-flavour-disposable-vape-wholesale-cheap-price\/\">Bang King 35k 35000 slukk<\/a>, <a href=\"https:\/\/vapestornado.com\/hu\/product\/waspe-crystal-40000-puffs-40k-double-flavor-rechargeable-disposable-vapes-cheap-price\/\">WASPE Crystal 40k Dupla \u00cdz<\/a> \u00e9s az \u00edzekben gazdag v\u00e1laszt\u00e9k, mint a <a href=\"https:\/\/vapestornado.com\/hu\/product\/razzbar-15000-puffs-rechargeable-disposable-vape-bulk-buy-at-cheap-prices\/\">RAZZBAR 15000 Puffs<\/a>. Minden term\u00e9k\u00fcnket a min\u0151s\u00e9g, \u00e9rt\u00e9k \u00e9s v\u00e1ltozatoss\u00e1g figyelembev\u00e9tel\u00e9vel v\u00e1lasztjuk ki, biztos\u00edtva, hogy megtal\u00e1lja az ig\u00e9nyeinek legmegfelel\u0151bbet. Fedezze fel a kiv\u00e9teles szolg\u00e1ltat\u00e1st \u00e9s a top term\u00e9kek sz\u00e9les v\u00e1laszt\u00e9k\u00e1t nagykereskedelmi \u00e1ron a vapestornado-n.<\/p>\n<\/div>\n<h3><\/h3>\n<div class=\"relative p-1 rounded-sm flex items-center justify-center bg-token-main-surface-primary text-token-text-primary h-8 w-8\">\n<h3>GYIK a JNR nikotinzacsk\u00f3kr\u00f3l<\/h3>\n<\/div>\n<\/div>\n<\/div>\n<\/div>\n<div class=\"flex-shrink-0 flex flex-col relative items-end\">\n<div class=\"pt-0\">\n<div class=\"gizmo-bot-avatar flex h-8 w-8 items-center justify-center overflow-hidden rounded-full\">\n<div class=\"relative p-1 rounded-sm flex items-center justify-center bg-token-main-surface-primary text-token-text-primary h-8 w-8\">\n<div class=\"mb-2 flex gap-3 empty:hidden -ml-2\">\n<p data-start=\"42\" data-end=\"510\"><strong data-start=\"42\" data-end=\"152\">1. Melyek a JNR 25 mg-os nikotinzacsk\u00f3k haszn\u00e1lat\u00e1nak legf\u0151bb el\u0151nyei a hagyom\u00e1nyos doh\u00e1nyz\u00e1shoz vagy a g\u0151z\u00f6l\u00e9shez k\u00e9pest?<\/strong><br data-start=\"152\" data-end=\"155\" \/>A JNR 25 mg-os nikotinzacsk\u00f3k tiszt\u00e1bb \u00e9s diszkr\u00e9tebb nikotin\u00e9lm\u00e9nyt ny\u00fajtanak doh\u00e1nyz\u00e1s vagy g\u0151z\u00f6l\u00e9s n\u00e9lk\u00fcl. Doh\u00e1nymentes \u00f6sszetev\u0151kb\u0151l k\u00e9sz\u00fclnek, f\u00fcst- \u00e9s illatmentes lehet\u0151s\u00e9get biztos\u00edtanak a nikotinfogyaszt\u00e1sra. A v\u00e9kony \u00e9s hordozhat\u00f3 zacsk\u00f3k b\u00e1rhol \u00e9s b\u00e1rmikor haszn\u00e1lhat\u00f3k, \u00edgy k\u00e9nyelmes alternat\u00edv\u00e1t jelentenek a hagyom\u00e1nyos doh\u00e1nyterm\u00e9kekhez k\u00e9pest.<\/p>\n<p data-start=\"512\" data-end=\"893\"><strong data-start=\"512\" data-end=\"625\">2. Meddig tart a bizserget\u0151 \u00e9rz\u00e9s a JNR nikotinzacsk\u00f3 haszn\u00e1latakor, \u00e9s mit jelez?<\/strong><br data-start=\"625\" data-end=\"628\" \/>Amikor a JNR 25 mg-os nikotinzacsk\u00f3t a sz\u00e1j\u00e1ba helyezi, bizserget\u0151 \u00e9rz\u00e9st fog \u00e9rezni, ami \u00e1ltal\u00e1ban 15 percig tart. Ez az \u00e9rz\u00e9s a nikotin felszabadul\u00e1s\u00e1t jelzi, \u00e9s annak a jele, hogy a tasak a v\u00e1rtnak megfelel\u0151en m\u0171k\u00f6dik, er\u0151s nikotinhat\u00e1st biztos\u00edtva.<\/p>\n<p data-start=\"895\" data-end=\"1290\"><strong data-start=\"895\" data-end=\"995\">3. Seg\u00edthetnek a JNR 25 mg-os nikotinzacsk\u00f3k a doh\u00e1nyosoknak a leszok\u00e1sban, \u00e9s mi teszi \u0151ket eg\u00e9szs\u00e9gesebb alternat\u00edv\u00e1v\u00e1?<\/strong><br data-start=\"995\" data-end=\"998\" \/>Igen, a JNR nikotinzacsk\u00f3k seg\u00edthetnek a doh\u00e1nyosoknak a leszok\u00e1sban, mivel doh\u00e1nymentes, f\u00fcstmentes lehet\u0151s\u00e9get biztos\u00edtanak a nikotinbevitelre. Mivel nem tartalmaznak doh\u00e1nyt, kik\u00fcsz\u00f6b\u00f6lik a doh\u00e1nyz\u00e1s k\u00e1ros hat\u00e1sait, \u00edgy eg\u00e9szs\u00e9gesebb alternat\u00edv\u00e1t jelentenek azok sz\u00e1m\u00e1ra, akik cs\u00f6kkenteni vagy teljesen felhagyni pr\u00f3b\u00e1lnak a doh\u00e1nyz\u00e1ssal.<\/p>\n<p data-start=\"1292\" data-end=\"1826\"><strong data-start=\"1292\" data-end=\"1409\">4. Milyen \u00edzekben kaphat\u00f3k a JNR 25 mg-os nikotinzacsk\u00f3k, \u00e9s melyik ny\u00fajtja a legfriss\u00edt\u0151bb \u00e9lm\u00e9nyt?<\/strong><br data-start=\"1409\" data-end=\"1412\" \/>A JNR nikotinzacsk\u00f3k t\u00f6bbf\u00e9le friss\u00edt\u0151 \u00edzben kaphat\u00f3k, bele\u00e9rtve a Fekete Csereszny\u00e9t, a K\u00e9k M\u00e1lna Jeget, a Menta \u00c1fony\u00e1t, a H\u0171s\u00edt\u0151 Citruszt, a Vegyes Bogy\u00f3sgy\u00fcm\u00f6lcs\u00f6t, az Eper Jeget \u00e9s m\u00e9g sok m\u00e1st. A friss\u00edt\u0151 \u00e9lm\u00e9ny \u00e9rdek\u00e9ben sok felhaszn\u00e1l\u00f3 \u00e9lvezi a h\u0171s\u00edt\u0151 \u00edzeket, mint p\u00e9ld\u00e1ul a J\u00e9g Ment\u00e1t, a K\u00e9k M\u00e1lna Jeget \u00e9s az Eper Jeget.<\/p>\n<p data-start=\"1828\" data-end=\"2274\" data-is-last-node=\"\"><strong data-start=\"1828\" data-end=\"1932\">5. Hogyan helyezzem el megfelel\u0151en a JNR nikotinzacsk\u00f3t a legk\u00e9nyelmesebb \u00e9s leghat\u00e9konyabb haszn\u00e1lat \u00e9rdek\u00e9ben?<\/strong><br data-start=\"1932\" data-end=\"1935\" \/>A JNR nikotinzacsk\u00f3 haszn\u00e1lat\u00e1hoz egyszer\u0171en helyezzen egy tasakot a fels\u0151 vagy als\u00f3 ajka al\u00e1. A hat\u00e1st p\u00e1r percen bel\u00fcl \u00e9rezni fogja. A diszkr\u00e9t kialak\u00edt\u00e1s lehet\u0151v\u00e9 teszi, hogy rendetlens\u00e9g vagy er\u0151s szag n\u00e9lk\u00fcl \u00e9lvezze a nikotin\u00e9lm\u00e9nyt.<\/p>\n<h2>Hogyan rendelhetek?<\/h2>\n<p><strong>1. Milyen fizet\u00e9si m\u00f3dokat fogadnak el?<\/strong><br \/>\nElfogadunk IBAN \u00e1tutal\u00e1st \u00e9s <span style=\"font-size: 16px;\">Western Uniont<\/span>\u00a0a biztons\u00e1gos \u00e9s k\u00e9nyelmes tranzakci\u00f3khoz.<\/p>\n<p><strong>2. Hogyan k\u00f6vethetem nyomon a rendel\u00e9sem?<\/strong><br \/>\nA rendel\u00e9s felad\u00e1sa ut\u00e1n, <span class=\"selectable-text copyable-text false\">folyamatosan t\u00e1j\u00e9koztatjuk a rakom\u00e1ny nyomon k\u00f6vet\u00e9s\u00e9r\u0151l, am\u00edg meg nem kapja a rakom\u00e1nyt<\/span>.<\/p>\n<p><strong>3. Mennyi a becs\u00fclt sz\u00e1ll\u00edt\u00e1si id\u0151?<\/strong><\/p>\n<ul>\n<li>Sz\u00e1ll\u00edt\u00e1s innen: <strong>K\u00ednai rakt\u00e1rak<\/strong> k\u00f6r\u00fclbel\u00fcl <strong>7-14 munkanapot vesz ig\u00e9nybe<\/strong>.<\/li>\n<li>Sz\u00e1ll\u00edt\u00e1s innen: <strong>Eur\u00f3pai rakt\u00e1rak<\/strong> \u00e1ltal\u00e1ban <strong>3-6 munkanapot vesz ig\u00e9nybe<\/strong>.<\/li>\n<\/ul>\n<p><strong>4. Hogyan kaphatok gyorsabb sz\u00e1ll\u00edt\u00e1st?<\/strong><br \/>\nA gyorsabb sz\u00e1ll\u00edt\u00e1s \u00e9rdek\u00e9ben javasoljuk, hogy rendeljen a mi <strong>Eur\u00f3pai rakt\u00e1runkb\u00f3l<\/strong>, ami gyorsabb sz\u00e1ll\u00edt\u00e1si id\u0151ket k\u00edn\u00e1l.<\/p>\n<p><strong>5. Hogyan k\u00fcldhetek vissza egy term\u00e9ket?<\/strong><br \/>\nTerm\u00e9k visszak\u00fcld\u00e9s\u00e9hez l\u00e9pjen kapcsolatba \u00fcgyf\u00e9lszolg\u00e1latunkkal a visszak\u00fcld\u00e9si folyamattal kapcsolatos r\u00e9szletes utas\u00edt\u00e1sok\u00e9rt.<\/p>\n<p><strong>6. V\u00e1llalnak nemzetk\u00f6zi sz\u00e1ll\u00edt\u00e1st?<\/strong><br \/>\nIgen, a legt\u00f6bb orsz\u00e1gba sz\u00e1ll\u00edtunk, \u00e9s int\u00e9zz\u00fck a <strong>v\u00e1mkezel\u00e9st<\/strong> a z\u00f6kken\u0151mentes sz\u00e1ll\u00edt\u00e1s \u00e9rdek\u00e9ben.<\/p>\n<p><strong>7. Mi a teend\u0151, ha s\u00e9r\u00fclt vagy hib\u00e1s term\u00e9ket kapok?<\/strong><br \/>\nHa a term\u00e9ke s\u00e9r\u00fclt vagy hib\u00e1s, l\u00e9pjen kapcsolatba az \u00fcgyf\u00e9lszolg\u00e1lattal a <strong>cser\u00e9\u00e9rt vagy visszat\u00e9r\u00edt\u00e9s\u00e9rt<\/strong>.<\/p>\n<p><strong>8. Hogyan l\u00e9phetek kapcsolatba az \u00fcgyf\u00e9lszolg\u00e1lattal?<\/strong><br \/>\nEl\u00e9rhet minket <strong>e-mailben, WhatsAppon vagy \u00e9l\u0151 chaten<\/strong> a weboldalunkon, ha seg\u00edts\u00e9gre van sz\u00fcks\u00e9ge.<\/p>\n<\/div>\n<\/div>\n<\/div>\n<\/div>\n<\/div>","protected":false},"excerpt":{"rendered":"<p>JNR nikotinzs\u00e1k 25mg nagykereskedelem<br \/>\nKelend\u0151 JNR nikotinzs\u00e1k 25mg t\u00f6meges v\u00e1s\u00e1rl\u00e1s<br \/>\nLegjobb JNR nikotinzs\u00e1k 25mg olcs\u00f3 \u00e1r<\/p>\n<p><strong>Adja hozz\u00e1 Amy-t WhatsApp-on, hogy azonnali v\u00e1laszt \u00e9s vape kupont kapjon!<\/strong><\/p>\n<p><img fetchpriority=\"high\" decoding=\"async\" class=\"size-full wp-image-2932\" src=\"https:\/\/vapestornado.com\/wp-content\/uploads\/2024\/12\/Vape-Wholesale.jpg\" alt=\"Vape nagykereskedelem\" width=\"229\" height=\"300\" \/><\/p>\n<h3><a href=\"https:\/\/wa.me\/8617776015835\"><span style=\"color: #ff0000;\"><strong>WhatsApp: +86 17776015835<\/strong><\/span><\/a><\/h3>\n<p>&nbsp;<\/p>","protected":false},"featured_media":3777,"comment_status":"open","ping_status":"closed","template":"","meta":{"_acf_changed":false,"_uag_custom_page_level_css":"","_lmt_disableupdate":"no","_lmt_disable":"","_monsterinsights_skip_tracking":false,"_monsterinsights_sitenote_active":false,"_monsterinsights_sitenote_note":"","_monsterinsights_sitenote_category":0,"site-sidebar-layout":"default","site-content-layout":"","ast-site-content-layout":"default","site-content-style":"default","site-sidebar-style":"default","ast-global-header-display":"","ast-banner-title-visibility":"","ast-main-header-display":"","ast-hfb-above-header-display":"","ast-hfb-below-header-display":"","ast-hfb-mobile-header-display":"","site-post-title":"","ast-breadcrumbs-content":"","ast-featured-img":"","footer-sml-layout":"","ast-disable-related-posts":"","theme-transparent-header-meta":"default","adv-header-id-meta":"","stick-header-meta":"","header-above-stick-meta":"","header-main-stick-meta":"","header-below-stick-meta":"","astra-migrate-meta-layouts":"set","ast-page-background-enabled":"default","ast-page-background-meta":{"desktop":{"background-color":"","background-image":"","background-repeat":"repeat","background-position":"center center","background-size":"auto","background-attachment":"scroll","background-type":"","background-media":"","overlay-type":"","overlay-color":"","overlay-opacity":"","overlay-gradient":""},"tablet":{"background-color":"","background-image":"","background-repeat":"repeat","background-position":"center center","background-size":"auto","background-attachment":"scroll","background-type":"","background-media":"","overlay-type":"","overlay-color":"","overlay-opacity":"","overlay-gradient":""},"mobile":{"background-color":"","background-image":"","background-repeat":"repeat","background-position":"center center","background-size":"auto","background-attachment":"scroll","background-type":"","background-media":"","overlay-type":"","overlay-color":"","overlay-opacity":"","overlay-gradient":""}},"ast-content-background-meta":{"desktop":{"background-color":"var(--ast-global-color-5)","background-image":"","background-repeat":"repeat","background-position":"center center","background-size":"auto","background-attachment":"scroll","background-type":"","background-media":"","overlay-type":"","overlay-color":"","overlay-opacity":"","overlay-gradient":""},"tablet":{"background-color":"var(--ast-global-color-5)","background-image":"","background-repeat":"repeat","background-position":"center center","background-size":"auto","background-attachment":"scroll","background-type":"","background-media":"","overlay-type":"","overlay-color":"","overlay-opacity":"","overlay-gradient":""},"mobile":{"background-color":"var(--ast-global-color-5)","background-image":"","background-repeat":"repeat","background-position":"center center","background-size":"auto","background-attachment":"scroll","background-type":"","background-media":"","overlay-type":"","overlay-color":"","overlay-opacity":"","overlay-gradient":""}},"_joinchat":{"telephone":"17776015835"}},"product_brand":[],"product_cat":[19,140,149,150,152,157],"product_tag":[244,242,243],"class_list":{"0":"post-3788","1":"product","2":"type-product","3":"status-publish","4":"has-post-thumbnail","6":"product_cat-vapes","7":"product_cat-big-puffs-disposable-vapes","8":"product_cat-buy-disposable-vapes-in-austria","9":"product_cat-buy-disposable-vapes-in-belgium","10":"product_cat-buy-disposable-vapes-in-cermany","11":"product_cat-buy-disposable-vapes-in-portugal","12":"product_tag-jnr-nicotine-pouches","13":"product_tag-jnr-nicotine-pouches-25mg","14":"product_tag-nicotine-pouches","15":"desktop-align-left","16":"tablet-align-left","17":"mobile-align-left","19":"first","20":"instock","21":"sale","22":"shipping-taxable","23":"purchasable","24":"product-type-simple"},"acf":[],"uagb_featured_image_src":{"full":["https:\/\/vapestornado.com\/wp-content\/uploads\/2025\/02\/JNR-Nicotine-Pouches-Wholesale.webp",1000,1000,false],"thumbnail":["https:\/\/vapestornado.com\/wp-content\/uploads\/2025\/02\/JNR-Nicotine-Pouches-Wholesale-150x150.webp",150,150,true],"medium":["https:\/\/vapestornado.com\/wp-content\/uploads\/2025\/02\/JNR-Nicotine-Pouches-Wholesale-300x300.webp",300,300,true],"medium_large":["https:\/\/vapestornado.com\/wp-content\/uploads\/2025\/02\/JNR-Nicotine-Pouches-Wholesale-768x768.webp",768,768,true],"large":["https:\/\/vapestornado.com\/wp-content\/uploads\/2025\/02\/JNR-Nicotine-Pouches-Wholesale.webp",1000,1000,false],"1536x1536":["https:\/\/vapestornado.com\/wp-content\/uploads\/2025\/02\/JNR-Nicotine-Pouches-Wholesale.webp",1000,1000,false],"2048x2048":["https:\/\/vapestornado.com\/wp-content\/uploads\/2025\/02\/JNR-Nicotine-Pouches-Wholesale.webp",1000,1000,false],"trp-custom-language-flag":["https:\/\/vapestornado.com\/wp-content\/uploads\/2025\/02\/JNR-Nicotine-Pouches-Wholesale.webp",12,12,false],"woocommerce_thumbnail":["https:\/\/vapestornado.com\/wp-content\/uploads\/2025\/02\/JNR-Nicotine-Pouches-Wholesale-300x300.webp",300,300,true],"woocommerce_single":["https:\/\/vapestornado.com\/wp-content\/uploads\/2025\/02\/JNR-Nicotine-Pouches-Wholesale-600x600.webp",600,600,true],"woocommerce_gallery_thumbnail":["https:\/\/vapestornado.com\/wp-content\/uploads\/2025\/02\/JNR-Nicotine-Pouches-Wholesale-100x100.webp",100,100,true]},"uagb_author_info":{"display_name":"ESAMY","author_link":"https:\/\/vapestornado.com\/hu\/author\/"},"uagb_comment_info":0,"uagb_excerpt":"JNR Nicotine Pouches 25mg Wholesale Hot Selling JNR Nicotine Pouches 25mg Bulk Buy Best JNR Nicotine Pouches 25mg Cheap Price Add Amy's whatsapp get right reply and vape vape coupon! WhatsApp: +86 17776015835 &nbsp;","_links":{"self":[{"href":"https:\/\/vapestornado.com\/hu\/wp-json\/wp\/v2\/product\/3788","targetHints":{"allow":["GET"]}}],"collection":[{"href":"https:\/\/vapestornado.com\/hu\/wp-json\/wp\/v2\/product"}],"about":[{"href":"https:\/\/vapestornado.com\/hu\/wp-json\/wp\/v2\/types\/product"}],"replies":[{"embeddable":true,"href":"https:\/\/vapestornado.com\/hu\/wp-json\/wp\/v2\/comments?post=3788"}],"wp:featuredmedia":[{"embeddable":true,"href":"https:\/\/vapestornado.com\/hu\/wp-json\/wp\/v2\/media\/3777"}],"wp:attachment":[{"href":"https:\/\/vapestornado.com\/hu\/wp-json\/wp\/v2\/media?parent=3788"}],"wp:term":[{"taxonomy":"product_brand","embeddable":true,"href":"https:\/\/vapestornado.com\/hu\/wp-json\/wp\/v2\/product_brand?post=3788"},{"taxonomy":"product_cat","embeddable":true,"href":"https:\/\/vapestornado.com\/hu\/wp-json\/wp\/v2\/product_cat?post=3788"},{"taxonomy":"product_tag","embeddable":true,"href":"https:\/\/vapestornado.com\/hu\/wp-json\/wp\/v2\/product_tag?post=3788"}],"curies":[{"name":"wp","href":"https:\/\/api.w.org\/{rel}","templated":true}]}}