{"id":3745,"date":"2025-01-14T09:29:58","date_gmt":"2025-01-14T09:29:58","guid":{"rendered":"https:\/\/vapestornado.com\/?post_type=product&#038;p=3745"},"modified":"2025-08-23T09:30:57","modified_gmt":"2025-08-23T09:30:57","slug":"high-capacity-bang-28000-puffs-disposable-e-cigarette","status":"publish","type":"product","link":"https:\/\/vapestornado.com\/hu\/product\/high-capacity-bang-28000-puffs-disposable-e-cigarette\/","title":{"rendered":"Nagy kapacit\u00e1s\u00fa Bang 28000 Puffs eldobhat\u00f3 e-cigaretta"},"content":{"rendered":"<h1>Nagy kapacit\u00e1s\u00fa Bang 28000 Puffs eldobhat\u00f3 e-cigaretta<\/h1>\n<p>&nbsp;<\/p>\n<div role=\"article\" data-tabster=\"{&quot;groupper&quot;:{&quot;tabbability&quot;:2},&quot;focusable&quot;:{}}\" data-content=\"ai-message\" aria-labelledby=\"64JRvXrTnY7mRmPkEQLLT-author 64JRvXrTnY7mRmPkEQLLT-content\">\n<div id=\"64JRvXrTnY7mRmPkEQLLT-content\">\n<p data-start=\"313\" data-end=\"602\">A <strong data-start=\"317\" data-end=\"353\">A Bang 28000 Puffs Eldobhat\u00f3 Vape<\/strong> kiterjesztett teljes\u00edtm\u00e9nyt \u00e9s k\u00e9nyelmet ny\u00fajt egy hatalmas <strong data-start=\"415\" data-end=\"439\">28 000 slukk kapacit\u00e1ssal<\/strong> \u00e9s egy <strong data-start=\"446\" data-end=\"479\">30 ml el\u0151ret\u00f6lt\u00f6tt e-liquid tart\u00e1llyal<\/strong>. A <strong data-start=\"487\" data-end=\"520\">fejlett mesh coil technol\u00f3gi\u00e1val<\/strong>haszn\u00e1lat\u00e1val egyenletes \u00edzt \u00e9s sima g\u0151ztermel\u00e9st biztos\u00edt az elej\u00e9t\u0151l a v\u00e9g\u00e9ig.<\/p>\n<p data-start=\"604\" data-end=\"814\">El\u00e9rhet\u0151 <strong data-start=\"617\" data-end=\"656\">0%, 2%, 3% \u00e9s 5% nikotin opci\u00f3k<\/strong>A Bang 28K minden ig\u00e9nyt kiel\u00e9g\u00edt, m\u00edg a <strong data-start=\"708\" data-end=\"732\">\u00e1ll\u00edthat\u00f3 j\u00e9gszint<\/strong> funkci\u00f3 lehet\u0151v\u00e9 teszi a felhaszn\u00e1l\u00f3k sz\u00e1m\u00e1ra a h\u0171t\u00e9s intenzit\u00e1s\u00e1nak testreszab\u00e1s\u00e1t a friss\u00edt\u0151 mentolhat\u00e1s \u00e9rdek\u00e9ben.<\/p>\n<p data-start=\"816\" data-end=\"1116\">Egy <strong data-start=\"829\" data-end=\"860\">650mAh-s \u00fajrat\u00f6lthet\u0151 akkumul\u00e1tor<\/strong> \u00e1ltal m\u0171k\u00f6dtetve <strong data-start=\"866\" data-end=\"890\">Type-C gyorst\u00f6lt\u00e9ssel<\/strong>Ezzel az eszk\u00f6zzel minim\u00e1lisra cs\u00f6kkenthet\u0151 az \u00e1ll\u00e1sid\u0151, \u00e9s t\u00e1mogatja a megb\u00edzhat\u00f3, eg\u00e9sz napos haszn\u00e1latot. A <strong data-start=\"962\" data-end=\"1001\">Direct-to-Lung (DTL) l\u00e9g\u00e1raml\u00e1si kialak\u00edt\u00e1sa<\/strong> s\u0171r\u0171 g\u0151zfelh\u0151ket \u00e9s mer\u00e9sz \u00edzeket produk\u00e1l, \u00edgy ide\u00e1lis azoknak a g\u0151z\u00f6l\u0151knek, akik kapacit\u00e1st \u00e9s teljes\u00edtm\u00e9nyt is szeretn\u00e9nek.<\/p>\n<p data-start=\"1118\" data-end=\"1279\">Nagykeresked\u0151k \u00e9s forgalmaz\u00f3k sz\u00e1m\u00e1ra a <strong data-start=\"1156\" data-end=\"1181\">Bang 28000 Puffs Vape<\/strong> er\u0151s vonzer\u0151t k\u00edn\u00e1l a magas slukksz\u00e1m, a testreszab\u00e1si lehet\u0151s\u00e9gek \u00e9s a megb\u00edzhat\u00f3 min\u0151s\u00e9g r\u00e9v\u00e9n.<\/p>\n<hr data-start=\"1281\" data-end=\"1284\" \/>\n<h3 data-start=\"1286\" data-end=\"1312\">SEO Meta Le\u00edr\u00e1s<\/h3>\n<\/div>\n<\/div>\n<div class=\"flex max-w-full flex-col flex-grow\">\n<div class=\"min-h-8 text-message flex w-full flex-col items-end gap-2 whitespace-normal break-words text-start [.text-message+&amp;]:mt-5\" dir=\"auto\" data-message-author-role=\"assistant\" data-message-id=\"cdb991c0-f594-4bff-b2d5-fbbdd7ce9e54\" data-message-model-slug=\"gpt-4o-mini\">\n<div class=\"flex w-full flex-col gap-1 empty:hidden first:pt-[3px]\">\n<div class=\"markdown prose w-full break-words dark:prose-invert light\"><\/div>\n<\/div>\n<\/div>\n<\/div>\n<div class=\"mb-2 flex gap-3 empty:hidden -ml-2\">\n<h2 class=\"sr-proMainInfo-baseInfoH1 J-baseInfo-name\">Legkeresettebb 28000 slukkos bang eldobhat\u00f3 vape F\u0151bb jellemz\u0151i:<\/h2>\n<ul>\n<li><strong>Hatalmas slukksz\u00e1m<\/strong>: Ak\u00e1r <strong>28 000 slukk<\/strong>biztos\u00edt, hosszan tart\u00f3 g\u0151z\u00f6l\u00e9si \u00e9lm\u00e9nyt ny\u00fajtva, an\u00e9lk\u00fcl, hogy gyakran kellene cser\u00e9lni.<\/li>\n<li><strong>Nagy E-Liquid Kapacit\u00e1s<\/strong>: El\u0151re megt\u00f6ltve <strong>30ml kiv\u00e1l\u00f3 min\u0151s\u00e9g\u0171 vape juice<\/strong> az \u00e1lland\u00f3 \u00edz\u00e9rt \u00e9s a sima g\u0151ztermel\u00e9s\u00e9rt.<\/li>\n<li><strong>Szab\u00e1lyozhat\u00f3 nikotiner\u0151ss\u00e9gek<\/strong>: El\u00e9rhet\u0151 <strong>0%, 2%, 3% vagy 5% nikotinnal<\/strong>, k\u00fcl\u00f6nb\u00f6z\u0151 preferenci\u00e1knak \u00e9s g\u0151z\u00f6l\u00e9si ig\u00e9nyeknek megfelel\u0151en.<\/li>\n<li><strong>Fejlett h\u00e1l\u00f3s tekercs<\/strong>: Rendelkezik egy <strong>1.0\u03a9 mesh tekercs<\/strong> a jobb g\u0151zs\u0171r\u0171s\u00e9g, a mer\u00e9sz \u00edzek \u00e9s a sima slukkok \u00e9rdek\u00e9ben.<\/li>\n<li><strong>\u00c1ll\u00edthat\u00f3 j\u00e9gszint<\/strong>: Szem\u00e9lyre szabhatja g\u0151z\u00f6l\u00e9si \u00e9lm\u00e9ny\u00e9t egy <strong>\u00e1ll\u00edthat\u00f3 h\u0171t\u0151 hat\u00e1ssal<\/strong>, t\u00f6k\u00e9letes a friss\u00edt\u0151 mentol \u00e9rz\u00e9shez.<\/li>\n<li><strong>\u00dajrat\u00f6lthet\u0151 akkumul\u00e1tor<\/strong>: Egy <strong>650mAh-s \u00fajrat\u00f6lthet\u0151 akkumul\u00e1tor<\/strong>, ami megb\u00edzhat\u00f3 teljes\u00edtm\u00e9nyt biztos\u00edt a k\u00e9sz\u00fcl\u00e9k teljes \u00e9lettartama alatt.<\/li>\n<li><strong>Gyors Type-C t\u00f6lt\u00e9s<\/strong>: Felszerelve <strong>Type-C gyorst\u00f6lt\u00e9si technol\u00f3gi\u00e1val<\/strong> a minim\u00e1lis \u00e1ll\u00e1sid\u0151 \u00e9s a hat\u00e9kony \u00fajrat\u00f6lt\u00e9s \u00e9rdek\u00e9ben.<\/li>\n<li><strong>K\u00f6zvetlen t\u00fcd\u0151be (DTL) l\u00e9g\u00e1raml\u00e1s<\/strong>: Tervezve a <strong>DTL vaping<\/strong>, s\u0171r\u0171 g\u0151zfelh\u0151ket \u00e9s intenz\u00edv \u00edzeket biztos\u00edt.<\/li>\n<li><strong>Hordozhat\u00f3 \u00e9s st\u00edlusos kialak\u00edt\u00e1s<\/strong>: Kompakt, k\u00f6nny\u0171 \u00e9s eleg\u00e1ns, \u00edgy ide\u00e1lis utaz\u00e1shoz vagy mindennapi haszn\u00e1latra.<\/li>\n<li><strong>K\u00f6rnyezetbar\u00e1t \u00e9s eldobhat\u00f3<\/strong>: K\u00e9nyelemre \u00e9s fenntarthat\u00f3s\u00e1gra tervezve, probl\u00e9mamentes kidob\u00e1st biztos\u00edt a haszn\u00e1lat ut\u00e1n.<\/li>\n<\/ul>\n<\/div>\n<p><img fetchpriority=\"high\" decoding=\"async\" class=\"wp-image-2951\" src=\"https:\/\/vapestornado.com\/wp-content\/uploads\/2024\/12\/Wholesale-Disposable-Vape-265x300.jpg\" alt=\"Nagykereskedelmi eldobhat\u00f3 Vape\" width=\"313\" height=\"354\" srcset=\"https:\/\/vapestornado.com\/wp-content\/uploads\/2024\/12\/Wholesale-Disposable-Vape-265x300.jpg 265w, https:\/\/vapestornado.com\/wp-content\/uploads\/2024\/12\/Wholesale-Disposable-Vape-768x871.jpg 768w, https:\/\/vapestornado.com\/wp-content\/uploads\/2024\/12\/Wholesale-Disposable-Vape-600x680.jpg 600w, https:\/\/vapestornado.com\/wp-content\/uploads\/2024\/12\/Wholesale-Disposable-Vape.jpg 823w\" sizes=\"(max-width: 313px) 100vw, 313px\" \/><\/p>\n<h5>K\u00e9rj\u00fck, vegye fel a kapcsolatot Mandy WhatsApp-j\u00e1val a kedvezm\u00e9nyes \u00e1r\u00e9rt<a href=\"https:\/\/wa.me\/8618077105796\" target=\"_blank\" rel=\"noopener\">+8618077105796<\/a><\/h5>\n<p>&nbsp;<\/p>\n<h3 class=\"sr-proMainInfo-baseInfoH1 J-baseInfo-name\">bangvape 28k Puffs Nagykereskedelmi Vape \u00edzek:<\/h3>\n<p>1. Eper G\u00f6r\u00f6gdinnye<br \/>\n2. \u00c1fonya J\u00e9g<br \/>\n3.V\u00e9r \u00e9s Homok<br \/>\n4.Anan\u00e1sz K\u00f3kusz<br \/>\n5. Eper Ban\u00e1n<br \/>\n6.Vegyes Gy\u00fcm\u00f6lcs<br \/>\n7.\u00c1fonya M\u00e1lna<br \/>\n8. \u0150szibarack J\u00e9g<br \/>\n9.Mang\u00f3 \u0150szibarack<br \/>\n10.G\u00f6r\u00f6gdinnye<br \/>\n11. Sz\u0151l\u0151 j\u00e9g<br \/>\n12.Eper Kivi<\/p>\n<div role=\"article\" data-tabster=\"{&quot;groupper&quot;:{&quot;tabbability&quot;:2},&quot;focusable&quot;:{}}\" data-content=\"ai-message\" aria-labelledby=\"dARUyEWDoEYhnSPXFwx5A-author dARUyEWDoEYhnSPXFwx5A-content\">\n<div id=\"dARUyEWDoEYhnSPXFwx5A-content\">\n<h3><strong>Mi\u00e9rt \u00e9rdemes HQ Bang 28000 Puffs Vapet v\u00e1s\u00e1rolni? <\/strong>\u00a0eliquidek\u00a0<strong>a vapestornado-t\u00f3l?<\/strong><\/h3>\n<ul>\n<li><strong>Garant\u00e1lt Eredeti Term\u00e9kek<\/strong><br \/>\nA vapestornado biztos\u00edtja, hogy eredeti <strong>Bang 28000 Puffs Vapet<\/strong>kapj, pr\u00e9mium min\u0151s\u00e9get \u00e9s megb\u00edzhat\u00f3 teljes\u00edtm\u00e9nyt ny\u00fajtva minden v\u00e1s\u00e1rl\u00e1ssal.<\/li>\n<li><strong>Verhetetlen \u00c1rak<\/strong><br \/>\n\u00c9lvezd a versenyk\u00e9pes \u00e1rakat \u00e9s az exkluz\u00edv aj\u00e1nlatokat a nagy kapacit\u00e1s\u00fa eldobhat\u00f3 eliquidekre, \u00edgy a vapestornado a legjobb v\u00e1laszt\u00e1s t\u00f6meges vagy egy\u00e9ni megrendel\u00e9sek eset\u00e9n.<\/li>\n<li><strong>Gyors Sz\u00e1ll\u00edt\u00e1s Magyarorsz\u00e1gon<\/strong><br \/>\nA v\u00e1s\u00e1rl\u00f3i k\u00e9nyelemre \u00f6sszpontos\u00edtva, a vapestornado <strong>gyors \u00e9s megb\u00edzhat\u00f3 sz\u00e1ll\u00edt\u00e1st<\/strong> biztos\u00edt Magyarorsz\u00e1gra, garant\u00e1lva az id\u0151ben t\u00f6rt\u00e9n\u0151 sz\u00e1ll\u00edt\u00e1st.<\/li>\n<li><strong>\u00dcgyf\u00e9lk\u00f6zpont\u00fa T\u00e1mogat\u00e1s<\/strong><br \/>\nHaszn\u00e1ld ki az <strong>odaad\u00f3 \u00fcgyf\u00e9lszolg\u00e1lat<\/strong> el\u0151nyeit, hogy seg\u00edtsenek a k\u00e9rd\u00e9sekben, z\u00f6kken\u0151mentess\u00e9 \u00e9s probl\u00e9mamentess\u00e9 t\u00e9ve a v\u00e1s\u00e1rl\u00e1si \u00e9lm\u00e9nyt.<\/li>\n<li><strong>Kiv\u00e1l\u00f3 Vaping \u00c9lm\u00e9ny<\/strong><br \/>\nA Bang 28000 Puffs vape-ok fejlett <strong>mesh coil technol\u00f3gi\u00e1val<\/strong>, <strong>\u00e1ll\u00edthat\u00f3 j\u00e9gszinttel rendelkeznek<\/strong>, \u00e9s <strong>k\u00f6zvetlen\u00fcl t\u00fcd\u0151be (DTL) \u00e1raml\u00f3 leveg\u0151vel<\/strong>, garant\u00e1lva a mer\u00e9sz \u00edzeket, s\u0171r\u0171 felh\u0151ket \u00e9s szem\u00e9lyre szabott h\u0171s\u00edt\u0151 \u00e9rzeteket.<\/li>\n<li><strong>K\u00f6rnyezettudatos \u00e9s K\u00e9nyelmes<\/strong><br \/>\nA vapestornado t\u00e1mogatja a k\u00f6rnyezettudatos vapingot a pr\u00e9mium eldobhat\u00f3 vape-okkal, amelyeket a probl\u00e9mamentes haszn\u00e1lat \u00e9s az egyszer\u0171 \u00e1rtalmatlan\u00edt\u00e1s \u00e9rdek\u00e9ben terveztek.<\/li>\n<\/ul>\n<\/div>\n<\/div>\n<h3>GYIK az \u00daj Bang 28000 Puffs Vape-r\u0151l<\/h3>\n<p><strong>1. Hogyan k\u00f6vethetem nyomon a Bang 28000 Puffs rendel\u00e9sem?<\/strong><br \/>\nA rendel\u00e9s nyomon k\u00f6vet\u00e9se egyszer\u0171. A rendel\u00e9s visszaigazol\u00e1s\u00e1t k\u00f6vet\u0151en WhatsApp-on kereszt\u00fcl kap egy nyomk\u00f6vet\u00e9si sz\u00e1mot. Ezt a sz\u00e1mot haszn\u00e1lja a kijel\u00f6lt sz\u00e1ll\u00edt\u00f3 webhely\u00e9n a csomag k\u00e9zbes\u00edt\u00e9s\u00e9nek nyomon k\u00f6vet\u00e9s\u00e9hez. Tov\u00e1bbi seg\u00edts\u00e9g\u00e9rt forduljon bizalommal \u00fcgyf\u00e9lszolg\u00e1latunkhoz.<\/p>\n<p><strong>2. Megadhatok \u00edzeket a v\u00e9letlenszer\u0171en kiv\u00e1lasztott term\u00e9kekhez?<\/strong><br \/>\nIgen, megteheti! M\u00edg egyes term\u00e9kcsomagok el\u0151re kiv\u00e1lasztott \u00edzekkel \u00e9rkeznek, mindent megtesz\u00fcnk, hogy figyelembe vegy\u00fck a specifikus \u00edzpreferenci\u00e1kat. Egyszer\u0171en hagyjon megjegyz\u00e9st a fizet\u00e9s sor\u00e1n, vagy vegye fel a kapcsolatot \u00fcgyf\u00e9lszolg\u00e1latunkkal a k\u00e9r\u00e9s\u00e9vel. Gondoskodni fogunk arr\u00f3l, hogy a prefer\u00e1lt \u00edzek szerepeljenek a csomagban, ha azok rakt\u00e1ron vannak.<\/p>\n<p><strong>3. Mit\u0151l egyedi a Bang 28000 Puffs vape?<\/strong><br \/>\nA <strong>A Bang 28000 Puffs Eldobhat\u00f3 Vape<\/strong> hatalmas sz\u00edv\u00e1ssz\u00e1mot k\u00edn\u00e1l, <strong>30 ml e-liquid kapacit\u00e1st<\/strong>, \u00e1ll\u00edthat\u00f3 j\u00e9gszinteket \u00e9s fejlett h\u00e1l\u00f3s tekercs technol\u00f3gi\u00e1t. K\u00e9nyelemre, hosszan tart\u00f3 haszn\u00e1latra \u00e9s testreszabhat\u00f3 vaping \u00e9lm\u00e9nyre tervezt\u00e9k.<\/p>","protected":false},"excerpt":{"rendered":"<ul>\n<li>Pr\u00e9mium Bang 28000 Puffs Eldobhat\u00f3 Vape Toll<\/li>\n<li>Hossz\u00fa \u00c9lettartam\u00fa Bang 28000 Puffs \u00dajrat\u00f6lthet\u0151 Vape<\/li>\n<li>Bang 28000 Puffs E-cigaretta \u00c1ll\u00edthat\u00f3 J\u00e9g Vape Podokkal<\/li>\n<\/ul>\n<figure id=\"attachment_2951\" aria-describedby=\"caption-attachment-2951\" style=\"width: 265px\" class=\"wp-caption alignnone\"><img decoding=\"async\" class=\"size-medium wp-image-2951\" src=\"https:\/\/vapestornado.com\/wp-content\/uploads\/2024\/12\/Wholesale-Disposable-Vape-265x300.jpg\" alt=\"Nagykereskedelmi eldobhat\u00f3 Vape\" width=\"265\" height=\"300\" srcset=\"https:\/\/vapestornado.com\/wp-content\/uploads\/2024\/12\/Wholesale-Disposable-Vape-265x300.jpg 265w, https:\/\/vapestornado.com\/wp-content\/uploads\/2024\/12\/Wholesale-Disposable-Vape-768x871.jpg 768w, https:\/\/vapestornado.com\/wp-content\/uploads\/2024\/12\/Wholesale-Disposable-Vape-600x680.jpg 600w, https:\/\/vapestornado.com\/wp-content\/uploads\/2024\/12\/Wholesale-Disposable-Vape.jpg 823w\" sizes=\"(max-width: 265px) 100vw, 265px\" \/><figcaption id=\"caption-attachment-2951\" class=\"wp-caption-text\">K\u00e9rj\u00fck, vegye fel a kapcsolatot Mandy WhatsApp-j\u00e1val a kedvezm\u00e9nyes \u00e1r\u00e9rt\u00a0 <a href=\"https:\/\/wa.me\/8618077105796\">+8618077105796<\/a><\/figcaption><\/figure>\n<p>&nbsp;<\/p>","protected":false},"featured_media":3738,"comment_status":"open","ping_status":"closed","template":"","meta":{"_acf_changed":false,"_uag_custom_page_level_css":"","_lmt_disableupdate":"no","_lmt_disable":"","_monsterinsights_skip_tracking":false,"_monsterinsights_sitenote_active":false,"_monsterinsights_sitenote_note":"","_monsterinsights_sitenote_category":0,"site-sidebar-layout":"default","site-content-layout":"","ast-site-content-layout":"default","site-content-style":"default","site-sidebar-style":"default","ast-global-header-display":"","ast-banner-title-visibility":"","ast-main-header-display":"","ast-hfb-above-header-display":"","ast-hfb-below-header-display":"","ast-hfb-mobile-header-display":"","site-post-title":"","ast-breadcrumbs-content":"","ast-featured-img":"","footer-sml-layout":"","ast-disable-related-posts":"","theme-transparent-header-meta":"default","adv-header-id-meta":"","stick-header-meta":"","header-above-stick-meta":"","header-main-stick-meta":"","header-below-stick-meta":"","astra-migrate-meta-layouts":"set","ast-page-background-enabled":"default","ast-page-background-meta":{"desktop":{"background-color":"","background-image":"","background-repeat":"repeat","background-position":"center center","background-size":"auto","background-attachment":"scroll","background-type":"","background-media":"","overlay-type":"","overlay-color":"","overlay-opacity":"","overlay-gradient":""},"tablet":{"background-color":"","background-image":"","background-repeat":"repeat","background-position":"center center","background-size":"auto","background-attachment":"scroll","background-type":"","background-media":"","overlay-type":"","overlay-color":"","overlay-opacity":"","overlay-gradient":""},"mobile":{"background-color":"","background-image":"","background-repeat":"repeat","background-position":"center center","background-size":"auto","background-attachment":"scroll","background-type":"","background-media":"","overlay-type":"","overlay-color":"","overlay-opacity":"","overlay-gradient":""}},"ast-content-background-meta":{"desktop":{"background-color":"var(--ast-global-color-5)","background-image":"","background-repeat":"repeat","background-position":"center center","background-size":"auto","background-attachment":"scroll","background-type":"","background-media":"","overlay-type":"","overlay-color":"","overlay-opacity":"","overlay-gradient":""},"tablet":{"background-color":"var(--ast-global-color-5)","background-image":"","background-repeat":"repeat","background-position":"center center","background-size":"auto","background-attachment":"scroll","background-type":"","background-media":"","overlay-type":"","overlay-color":"","overlay-opacity":"","overlay-gradient":""},"mobile":{"background-color":"var(--ast-global-color-5)","background-image":"","background-repeat":"repeat","background-position":"center center","background-size":"auto","background-attachment":"scroll","background-type":"","background-media":"","overlay-type":"","overlay-color":"","overlay-opacity":"","overlay-gradient":""}},"_joinchat":{"telephone":"+8618077105796"}},"product_brand":[],"product_cat":[235,150,153,144],"product_tag":[236,97,98],"class_list":{"0":"post-3745","1":"product","2":"type-product","3":"status-publish","4":"has-post-thumbnail","6":"product_cat-28000-puff","7":"product_cat-buy-disposable-vapes-in-belgium","8":"product_cat-buy-disposable-vapes-in-italy","9":"product_cat-low-nicotine-disposable-vapes","10":"product_tag-bang-28000-puffs","11":"product_tag-hot-sale-disposable-vape","12":"product_tag-wholesale-price-disposable-vape","13":"desktop-align-left","14":"tablet-align-left","15":"mobile-align-left","17":"first","18":"instock","19":"sale","20":"shipping-taxable","21":"purchasable","22":"product-type-simple"},"acf":[],"uagb_featured_image_src":{"full":["https:\/\/vapestornado.com\/wp-content\/uploads\/2025\/01\/Bang-28000-Puffs-Ultimate-Long-Lasting-Vape.webp",800,800,false],"thumbnail":["https:\/\/vapestornado.com\/wp-content\/uploads\/2025\/01\/Bang-28000-Puffs-Ultimate-Long-Lasting-Vape-150x150.webp",150,150,true],"medium":["https:\/\/vapestornado.com\/wp-content\/uploads\/2025\/01\/Bang-28000-Puffs-Ultimate-Long-Lasting-Vape-300x300.webp",300,300,true],"medium_large":["https:\/\/vapestornado.com\/wp-content\/uploads\/2025\/01\/Bang-28000-Puffs-Ultimate-Long-Lasting-Vape-768x768.webp",768,768,true],"large":["https:\/\/vapestornado.com\/wp-content\/uploads\/2025\/01\/Bang-28000-Puffs-Ultimate-Long-Lasting-Vape.webp",800,800,false],"1536x1536":["https:\/\/vapestornado.com\/wp-content\/uploads\/2025\/01\/Bang-28000-Puffs-Ultimate-Long-Lasting-Vape.webp",800,800,false],"2048x2048":["https:\/\/vapestornado.com\/wp-content\/uploads\/2025\/01\/Bang-28000-Puffs-Ultimate-Long-Lasting-Vape.webp",800,800,false],"trp-custom-language-flag":["https:\/\/vapestornado.com\/wp-content\/uploads\/2025\/01\/Bang-28000-Puffs-Ultimate-Long-Lasting-Vape.webp",12,12,false],"woocommerce_thumbnail":["https:\/\/vapestornado.com\/wp-content\/uploads\/2025\/01\/Bang-28000-Puffs-Ultimate-Long-Lasting-Vape-300x300.webp",300,300,true],"woocommerce_single":["https:\/\/vapestornado.com\/wp-content\/uploads\/2025\/01\/Bang-28000-Puffs-Ultimate-Long-Lasting-Vape-600x600.webp",600,600,true],"woocommerce_gallery_thumbnail":["https:\/\/vapestornado.com\/wp-content\/uploads\/2025\/01\/Bang-28000-Puffs-Ultimate-Long-Lasting-Vape-100x100.webp",100,100,true]},"uagb_author_info":{"display_name":"ESMANDY","author_link":"https:\/\/vapestornado.com\/hu\/author\/"},"uagb_comment_info":0,"uagb_excerpt":"Premium Bang 28000 Puffs Disposable Vape Pen Long-Lasting Bang 28000 Puff Rechargeable Vape Bang 28000 Puffs E-Cigarette with Adjustable Ice Vape Pods [caption id=\"attachment_2951\" align=\"alignnone\" width=\"265\"] Pls Contact Mandy's WhatsApp For Discount Price\u00a0 +8618077105796[\/caption] &nbsp;","_links":{"self":[{"href":"https:\/\/vapestornado.com\/hu\/wp-json\/wp\/v2\/product\/3745","targetHints":{"allow":["GET"]}}],"collection":[{"href":"https:\/\/vapestornado.com\/hu\/wp-json\/wp\/v2\/product"}],"about":[{"href":"https:\/\/vapestornado.com\/hu\/wp-json\/wp\/v2\/types\/product"}],"replies":[{"embeddable":true,"href":"https:\/\/vapestornado.com\/hu\/wp-json\/wp\/v2\/comments?post=3745"}],"wp:featuredmedia":[{"embeddable":true,"href":"https:\/\/vapestornado.com\/hu\/wp-json\/wp\/v2\/media\/3738"}],"wp:attachment":[{"href":"https:\/\/vapestornado.com\/hu\/wp-json\/wp\/v2\/media?parent=3745"}],"wp:term":[{"taxonomy":"product_brand","embeddable":true,"href":"https:\/\/vapestornado.com\/hu\/wp-json\/wp\/v2\/product_brand?post=3745"},{"taxonomy":"product_cat","embeddable":true,"href":"https:\/\/vapestornado.com\/hu\/wp-json\/wp\/v2\/product_cat?post=3745"},{"taxonomy":"product_tag","embeddable":true,"href":"https:\/\/vapestornado.com\/hu\/wp-json\/wp\/v2\/product_tag?post=3745"}],"curies":[{"name":"wp","href":"https:\/\/api.w.org\/{rel}","templated":true}]}}