{"id":3734,"date":"2025-01-13T08:21:51","date_gmt":"2025-01-13T08:21:51","guid":{"rendered":"https:\/\/vapestornado.com\/?post_type=product&#038;p=3734"},"modified":"2025-08-23T09:32:47","modified_gmt":"2025-08-23T09:32:47","slug":"waspe-crystal-40000-puffs-40k-double-flavor-rechargeable-disposable-vapes-cheap-price","status":"publish","type":"product","link":"https:\/\/vapestornado.com\/hu\/product\/waspe-crystal-40000-puffs-40k-double-flavor-rechargeable-disposable-vapes-cheap-price\/","title":{"rendered":"WASPE Crystal 40000 Sz\u00edv\u00e1s 40k Dupla \u00cdz\u0171 \u00dajrat\u00f6lthet\u0151 Eldobhat\u00f3 Vape Olcs\u00f3 \u00c1ron"},"content":{"rendered":"<h1 class=\"product-title\">WASPE Crystal 40000 Sz\u00edv\u00e1s 40k Dupla \u00cdz\u0171 \u00dajrat\u00f6lthet\u0151 Eldobhat\u00f3 Vape Olcs\u00f3 \u00c1ron<\/h1>\n<p>A <strong>WASPE Krist\u00e1ly 40000 Puff<\/strong> egy cs\u00facskateg\u00f3ri\u00e1s <strong>\u00fajrat\u00f6lthet\u0151 eldobhat\u00f3 vape<\/strong> azoknak a vapereknek tervezt\u00e9k, akik hosszan tart\u00f3, \u00edzletes \u00e9s testreszabhat\u00f3 \u00e9lm\u00e9nyre v\u00e1gynak. Hatalmas puffsz\u00e1m\u00e1val, <strong>szab\u00e1lyozhat\u00f3 l\u00e9g\u00e1raml\u00e1ssal<\/strong>, \u00e9s innovat\u00edv <strong>2-\u00edzt-1-ben<\/strong> technol\u00f3gi\u00e1j\u00e1val kiemelkedik a <strong>legjobb eldobhat\u00f3 vape m\u00e1rka<\/strong> hihetetlen\u00fcl <strong>olcs\u00f3 nagykereskedelmi \u00e1ron<\/strong>.<\/p>\n<p>Egy leny\u0171g\u00f6z\u0151 <strong>40 000 puffot<\/strong>ez az eszk\u00f6z az egyik legnagyobb kapacit\u00e1st k\u00edn\u00e1lja az eldobhat\u00f3 vape piacon, biztos\u00edtva a hosszan tart\u00f3 \u00e9lvezetet gyakori csere n\u00e9lk\u00fcl. A <strong>dupla \u00edzes\u00edt\u00e9s\u0171 technol\u00f3gia<\/strong> k\u00e9t kieg\u00e9sz\u00edt\u0151 \u00edzt kombin\u00e1l egyetlen eszk\u00f6zben, lehet\u0151v\u00e9 t\u00e9ve a felhaszn\u00e1l\u00f3k sz\u00e1m\u00e1ra, hogy k\u00f6nnyed\u00e9n v\u00e1ltsanak k\u00f6z\u00f6tt\u00fck, \u00e9s dinamikus vaping \u00e9lm\u00e9nyt \u00e9lvezzenek.<\/p>\n<p data-start=\"598\" data-end=\"841\">A <strong data-start=\"602\" data-end=\"624\">kett\u0151s \u00edzrendszer<\/strong> lehet\u0151v\u00e9 teszi a felhaszn\u00e1l\u00f3k sz\u00e1m\u00e1ra, hogy egyetlen eszk\u00f6z\u00f6n bel\u00fcl v\u00e1ltsanak k\u00e9t kever\u00e9k k\u00f6z\u00f6tt, \u00edgy minden alkalommal v\u00e1ltozatoss\u00e1got \u00e9s frissess\u00e9get biztos\u00edtva. P\u00e1ros\u00edtva a <strong data-start=\"744\" data-end=\"766\">szab\u00e1lyozhat\u00f3 l\u00e9g\u00e1raml\u00e1ssal<\/strong>term\u00e9kkel, lehet\u0151v\u00e9 teszi a vaperek sz\u00e1m\u00e1ra, hogy testre szabj\u00e1k a sz\u00edv\u00e1sukat \u2013 a sz\u0171k slukkokt\u00f3l a l\u00e1gyabb felh\u0151kig.<\/p>\n<p data-start=\"843\" data-end=\"1081\">Felszerelve <strong data-start=\"857\" data-end=\"881\">kett\u0151s 0,9\u03a9-os h\u00e1l\u00f3s tekercsek<\/strong>haszn\u00e1lat\u00e1val a WASPE Crystal fokozza az \u00edz \u00e1lland\u00f3s\u00e1g\u00e1t \u00e9s a g\u0151z s\u0171r\u0171s\u00e9g\u00e9t. El\u00e9rhet\u0151 <strong data-start=\"961\" data-end=\"998\">0%, 2% \u00e9s 5% nikotiner\u0151ss\u00e9gben<\/strong>\u00edgy megfelel a k\u00fcl\u00f6nb\u00f6z\u0151 preferenci\u00e1knak, a nikotinmentes haszn\u00e1latt\u00f3l az er\u0151sebb torokhat\u00e1sokig.<\/p>\n<p data-start=\"1083\" data-end=\"1291\">Meghajtja egy <strong data-start=\"1097\" data-end=\"1128\">850mAh-s \u00fajrat\u00f6lthet\u0151 akkumul\u00e1torral<\/strong> \u00e1ltal m\u0171k\u00f6dtetve <strong data-start=\"1134\" data-end=\"1158\">Type-C gyorst\u00f6lt\u00e9ssel<\/strong>ez az eszk\u00f6z minimaliz\u00e1lja az \u00e1ll\u00e1sid\u0151t. Egy <strong data-start=\"1194\" data-end=\"1217\">LED digit\u00e1lis kijelz\u0151<\/strong> val\u00f3s idej\u0171 akkumul\u00e1tor- \u00e9s e-liquid szinteket mutat, teljes ir\u00e1ny\u00edt\u00e1st biztos\u00edtva a felhaszn\u00e1l\u00f3knak.<\/p>\n<p data-start=\"1293\" data-end=\"1484\">A nagykeresked\u0151k \u00e9s kiskeresked\u0151k sz\u00e1m\u00e1ra a <strong data-start=\"1328\" data-end=\"1354\">WASPE Krist\u00e1ly 40K Vape<\/strong> hat\u00e9konyan van csomagolva <strong data-start=\"1384\" data-end=\"1424\">200 darab\/karton \u00e9s 10 darab\/doboz kiszerel\u00e9sben<\/strong>\u00edgy k\u00f6lts\u00e9ghat\u00e9kony t\u00f6meges opci\u00f3t k\u00edn\u00e1l a forgalmaz\u00e1shoz.<\/p>\n<p>Azok sz\u00e1m\u00e1ra, akik <strong>nagy t\u00e9telben szeretn\u00e9nek v\u00e1s\u00e1rolni<\/strong>, a WASPE Crystal kiv\u00e1l\u00f3 nagykereskedelmi lehet\u0151s\u00e9geket k\u00edn\u00e1l <strong>200 darabos kartononk\u00e9nti \u00e9s 10 darabos dobozonk\u00e9nti csomagol\u00e1ssal<\/strong>, \u00edgy t\u00f6k\u00e9letes kiskeresked\u0151k \u00e9s forgalmaz\u00f3k sz\u00e1m\u00e1ra. A 22,5 kg-os teljes brutt\u00f3 s\u00faly hat\u00e9kony \u00e9s k\u00f6lts\u00e9ghat\u00e9kony sz\u00e1ll\u00edt\u00e1st biztos\u00edt a nagy t\u00e9telben v\u00e1s\u00e1rl\u00f3k sz\u00e1m\u00e1ra.<\/p>\n<p><strong>Add meg Amy Whatsappj\u00e1t a gyors v\u00e1lasz\u00e9rt \u00e9s vape kupon\u00e9rt!<\/strong><\/p>\n<p><img fetchpriority=\"high\" decoding=\"async\" class=\"size-full wp-image-2932\" src=\"https:\/\/vapestornado.com\/wp-content\/uploads\/2024\/12\/Vape-Wholesale.jpg\" alt=\"Vape nagykereskedelem\" width=\"229\" height=\"300\" \/><\/p>\n<h3><a href=\"https:\/\/wa.me\/8617776015835\" target=\"_blank\" rel=\"noopener\"><span style=\"color: #ff0000;\"><strong>WhatsApp: +86 17776015835<\/strong><\/span><\/a><\/h3>\n<p>&nbsp;<\/p>\n<h2><strong>WASPE Crystal 40000 term\u00e9kjellemz\u0151k<\/strong><\/h2>\n<ol>\n<li><strong>Maxim\u00e1lis slukkok<\/strong>: 40000<\/li>\n<li><strong>Dupla \u00edzek<\/strong>: 20000 slukk + 20000 slukk = 40000 slukk<\/li>\n<li><strong>Nikotin er\u0151ss\u00e9ge<\/strong>: 0% \/ 2% \/ 3% \/ 5%<\/li>\n<li><strong>El\u0151t\u00f6lt\u00f6tt kapacit\u00e1s<\/strong>: 32 ml<\/li>\n<li><strong>Akkumul\u00e1tor kapacit\u00e1sa<\/strong>: 850mAh<\/li>\n<li><strong>T\u00f6lt\u0151 port<\/strong>: USB Type-C<\/li>\n<li><strong>M\u0171k\u00f6d\u00e9s<\/strong>: Sz\u00edv\u00e1ssal aktiv\u00e1lhat\u00f3<\/li>\n<li><strong>0.9ohm Dual Mesh tekercs<\/strong><\/li>\n<li><strong>LED kijelz\u0151<\/strong><\/li>\n<li><strong>Akkumul\u00e1tor t\u00f6lt\u00f6tts\u00e9gi szint jelz\u0151<\/strong><\/li>\n<li><strong>E-Liquid Szintjelz\u0151<\/strong><\/li>\n<\/ol>\n<h2 class=\"product-title\"><strong>WASPE Crystal 40000 \u00cdzek List\u00e1ja<\/strong><\/h2>\n<p>1. G\u00f6r\u00f6gdinnye J\u00e9g<br \/>\n2. Red Bull J\u00e9g<br \/>\n3. Epres Red Bull<br \/>\n4. \u00c1fonya Cukorka<br \/>\n5. Eper Kiwi<br \/>\n6. \u00c1fonya M\u00e1lna<br \/>\n7. Eper M\u00e1lna Cseresznye<br \/>\n8. \u0150szibarack J\u00e9g<br \/>\n9. Eper Ban\u00e1n<br \/>\n10. Sz\u0151l\u0151 J\u00e9g<br \/>\n11. Vegyes Bogy\u00f3k<br \/>\n12. \u00c1fonya J\u00e9g<\/p>\n<h3 class=\"product-title\"><strong>A WASPE Crystal 40000 Puffs \u00cdzek List\u00e1j\u00e1nak M\u00e9lyrehat\u00f3 \u00c1ttekint\u00e9se<\/strong><\/h3>\n<ol>\n<li><strong>G\u00f6r\u00f6gdinnye J\u00e9g<\/strong> \u2013 A h\u0171s g\u00f6r\u00f6gdinnye friss\u00edt\u0151 kever\u00e9ke cs\u00edp\u0151s citrom-lime csavarral.<\/li>\n<li><strong>\u00c1fonya J\u00e9g<\/strong> \u2013 Az \u00e9des \u00e1fonya tal\u00e1lkozik a cseresznyek\u00f3la pezsg\u0151 \u00f6r\u00f6m\u00e9vel, jeges befejez\u00e9ssel.<\/li>\n<li><strong>Vegyes Bogy\u00f3k<\/strong> \u2013 Gy\u00fcm\u00f6lcs\u00f6s kever\u00e9ke vegyes bogy\u00f3s gy\u00fcm\u00f6lcs\u00f6knek a m\u00e1lna limon\u00e1d\u00e9 cs\u00edp\u0151s \u00edz\u00e9vel.<\/li>\n<li><strong>Sz\u0151l\u0151 J\u00e9g<\/strong> \u2013 L\u00e9d\u00fas sz\u0151l\u0151 \u00edz p\u00e1ros\u00edtva a fekete s\u00e1rk\u00e1ny j\u00e9g egzotikus h\u0171v\u00f6ss\u00e9g\u00e9vel.<\/li>\n<li><strong>Eper Ban\u00e1n<\/strong> \u2013 A kr\u00e9mes ban\u00e1n, az \u00e9des eper \u00e9s a jeges anan\u00e1sz k\u00f3kusz tr\u00f3pusi f\u00fazi\u00f3ja.<\/li>\n<li><strong>\u0150szibarack J\u00e9g<\/strong> \u2013 Sima \u0151szibarack j\u00e9g keverve l\u00e9d\u00fas g\u00f6r\u00f6gdinny\u00e9vel \u00e9s mang\u00f3val.<\/li>\n<li><strong>Eper M\u00e1lna Cseresznye<\/strong> \u2013 Az eper, a m\u00e1lna, a cseresznye \u00e9s a titokzatos Love 666 \u00edz\u00e9nek zamatos kever\u00e9ke.<\/li>\n<li><strong>\u00c1fonya M\u00e1lna<\/strong> \u2013 \u00c9des \u00e1fonya \u00e9s m\u00e1lna keverve jeges \u0151szibarack bogy\u00f3val.<\/li>\n<li><strong>Eper Kiwi<\/strong> \u2013 Az \u00e9des eper, a cs\u00edp\u0151s kiwi \u00e9s a cseresznye kellemes kever\u00e9ke.<\/li>\n<li><strong>\u00c1fonya Cukorka<\/strong> \u2013 Cukorkaszer\u0171 \u00e1fonya \u00e9dess\u00e9g kombin\u00e1lva l\u00e9d\u00fas eper g\u00f6r\u00f6gdinny\u00e9vel.<\/li>\n<li><strong>Eper Red Bull<\/strong> \u2013 Az energiaital Red Bull \u00edz\u00e9nek egyedi kever\u00e9ke \u00e9des \u00e1fonya csereszny\u00e9vel.<\/li>\n<li><strong>Red Bull J\u00e9g<\/strong> \u2013 A friss\u00edt\u0151 Red Bull j\u00e9g p\u00e1ros\u00edtva \u00e9des eper mang\u00f3val.<\/li>\n<\/ol>\n<h3>Mi\u00e9rt v\u00e1lassza a vapestornado-t a WASPE Crystal 40000 Vape nagykereskedelm\u00e9hez?<\/h3>\n<div class=\"flex-shrink-0 flex flex-col relative items-end\">\n<div class=\"pt-0\">\n<div class=\"gizmo-bot-avatar flex h-8 w-8 items-center justify-center overflow-hidden rounded-full\">\n<div class=\"relative p-1 rounded-sm flex items-center justify-center bg-token-main-surface-primary text-token-text-primary h-8 w-8\">\n<p>\u00dcdv\u00f6z\u00f6lj\u00fck a vapestornado-n, az \u00d6n megb\u00edzhat\u00f3 online vape boltj\u00e1ban a pr\u00e9mium eldobhat\u00f3 vape-okhoz. T\u00f6bb mint 5 \u00e9ves szak\u00e9rtelemmel hozunk el \u00d6nnek n\u00e9pszer\u0171 eldobhat\u00f3 vape m\u00e1rk\u00e1kat, mint p\u00e9ld\u00e1ul a Fumot RandM Vape, <a href=\"https:\/\/vapestornado.com\/hu\/product\/vapme-crystal-7000-puffs-rechargeable-disposable-vape-wholesale-cheap-price\/\">Vapme<\/a>, Bang Vape, Waspe Vape \u00e9s WGA Vape, stb.<\/p>\n<p>K\u00edn\u00e1latunkban szerepelnek n\u00e9pszer\u0171 vape-ok, mint a <a href=\"https:\/\/vapestornado.com\/hu\/product\/fumot-randm-tornado-15000-puffs-rechargeable-disposable-vape-wholesale\/\">RandM Torn\u00e1d\u00f3 15000<\/a>, \u00e9s \u00edzgazdag v\u00e1laszt\u00e1sok, mint a <a href=\"https:\/\/vapestornado.com\/hu\/product\/waspe-40000-puffs-double-flavour-led-display-disposable-vape-wholesale\/\">WASPE Dupla \u00cdz 40000 Puffs<\/a> . Minden term\u00e9k\u00fcnket a min\u0151s\u00e9g, \u00e9rt\u00e9k \u00e9s v\u00e1ltozatoss\u00e1g figyelembev\u00e9tel\u00e9vel v\u00e1lasztjuk ki, biztos\u00edtva, hogy megtal\u00e1lja az ig\u00e9nyeinek legmegfelel\u0151bbet. Fedezze fel a kiv\u00e9teles szolg\u00e1ltat\u00e1st \u00e9s a top term\u00e9kek sz\u00e9les v\u00e1laszt\u00e9k\u00e1t nagykereskedelmi \u00e1ron a vapestornado-n.<\/p>\n<\/div>\n<h3><\/h3>\n<div class=\"relative p-1 rounded-sm flex items-center justify-center bg-token-main-surface-primary text-token-text-primary h-8 w-8\">\n<h3>GYIK a WASPE Crystal 40000 eldobhat\u00f3 vape-hez<\/h3>\n<\/div>\n<\/div>\n<\/div>\n<\/div>\n<div class=\"flex-shrink-0 flex flex-col relative items-end\">\n<div class=\"pt-0\">\n<div class=\"gizmo-bot-avatar flex h-8 w-8 items-center justify-center overflow-hidden rounded-full\">\n<div class=\"relative p-1 rounded-sm flex items-center justify-center bg-token-main-surface-primary text-token-text-primary h-8 w-8\">\n<div class=\"mb-2 flex gap-3 empty:hidden -ml-2\">\n<ol>\n<li><strong>Mennyi ideig tart a WASPE Crystal teljes felt\u00f6lt\u00e9se?<\/strong>\n<ul>\n<li>A Type-C gyorst\u00f6lt\u00e9ssel a k\u00e9sz\u00fcl\u00e9k k\u00f6r\u00fclbel\u00fcl 1 \u00f3r\u00e1t vesz ig\u00e9nybe a teljes felt\u00f6lt\u00e9shez.<\/li>\n<\/ul>\n<\/li>\n<li><strong>Hol v\u00e1s\u00e1rolhatok WASPE Crystal-t nagykereskedelmi \u00e1ron?<\/strong>\n<ul>\n<li>Nagykereskedelmi \u00e1ron megv\u00e1s\u00e1rolhatja a vapestornado-t\u00f3l, amely nagyszer\u0171 aj\u00e1nlatokat \u00e9s t\u00f6meges lehet\u0151s\u00e9geket k\u00edn\u00e1l.<\/li>\n<\/ul>\n<\/li>\n<li><strong>Hogyan m\u0171k\u00f6dik a kett\u0151s \u00edzrendszer?<\/strong>\n<ul>\n<li>Egyszer\u0171en \u00e1ll\u00edtsa be a l\u00e9g\u00e1raml\u00e1s be\u00e1ll\u00edt\u00e1sait, hogy z\u00f6kken\u0151mentesen v\u00e1ltson a k\u00e9t \u00edz k\u00f6z\u00f6tt.<\/li>\n<\/ul>\n<\/li>\n<li><strong>A WASPE Crystal alkalmas kezd\u0151knek?<\/strong>\n<ul>\n<li>Igen, k\u00f6nnyen haszn\u00e1lhat\u00f3, \u00e9s 0% nikotin opci\u00f3t k\u00edn\u00e1l, \u00edgy t\u00f6k\u00e9letes kezd\u0151knek.<\/li>\n<\/ul>\n<\/li>\n<li><strong>Milyen t\u00edpus\u00fa t\u00f6lt\u00e9st t\u00e1mogat a WASPE Crystal?<\/strong>\n<ul>\n<li>T\u00e1mogatja a Type-C t\u00f6lt\u00e9st, \u00edgy kompatibilis a legt\u00f6bb modern t\u00f6lt\u0151vel.<\/li>\n<\/ul>\n<\/li>\n<\/ol>\n<h2>Hogyan rendelhetek?<\/h2>\n<p><strong>1. Milyen fizet\u00e9si m\u00f3dokat fogadnak el?<\/strong><br \/>\nElfogadunk IBAN \u00e1tutal\u00e1st \u00e9s <span style=\"font-size: 16px;\">Western Uniont<\/span>\u00a0a biztons\u00e1gos \u00e9s k\u00e9nyelmes tranzakci\u00f3khoz.<\/p>\n<p><strong>2. Hogyan k\u00f6vethetem nyomon a rendel\u00e9sem?<\/strong><br \/>\nA rendel\u00e9s felad\u00e1sa ut\u00e1n, <span class=\"selectable-text copyable-text false\">folyamatosan t\u00e1j\u00e9koztatjuk a rakom\u00e1ny nyomon k\u00f6vet\u00e9s\u00e9r\u0151l, am\u00edg meg nem kapja a rakom\u00e1nyt<\/span>.<\/p>\n<p><strong>3. Mennyi a becs\u00fclt sz\u00e1ll\u00edt\u00e1si id\u0151?<\/strong><\/p>\n<ul>\n<li>Sz\u00e1ll\u00edt\u00e1s innen: <strong>K\u00ednai rakt\u00e1rak<\/strong> k\u00f6r\u00fclbel\u00fcl <strong>7-14 munkanapot vesz ig\u00e9nybe<\/strong>.<\/li>\n<li>Sz\u00e1ll\u00edt\u00e1s innen: <strong>Eur\u00f3pai rakt\u00e1rak<\/strong> \u00e1ltal\u00e1ban <strong>3-6 munkanapot vesz ig\u00e9nybe<\/strong>.<\/li>\n<\/ul>\n<p><strong>4. Hogyan kaphatok gyorsabb sz\u00e1ll\u00edt\u00e1st?<\/strong><br \/>\nA gyorsabb sz\u00e1ll\u00edt\u00e1s \u00e9rdek\u00e9ben javasoljuk, hogy rendeljen a mi <strong>Eur\u00f3pai rakt\u00e1runkb\u00f3l<\/strong>, ami gyorsabb sz\u00e1ll\u00edt\u00e1si id\u0151ket k\u00edn\u00e1l.<\/p>\n<p><strong>5. Hogyan k\u00fcldhetek vissza egy term\u00e9ket?<\/strong><br \/>\nTerm\u00e9k visszak\u00fcld\u00e9s\u00e9hez l\u00e9pjen kapcsolatba \u00fcgyf\u00e9lszolg\u00e1latunkkal a visszak\u00fcld\u00e9si folyamattal kapcsolatos r\u00e9szletes utas\u00edt\u00e1sok\u00e9rt.<\/p>\n<p><strong>6. V\u00e1llalnak nemzetk\u00f6zi sz\u00e1ll\u00edt\u00e1st?<\/strong><br \/>\nIgen, a legt\u00f6bb orsz\u00e1gba sz\u00e1ll\u00edtunk, \u00e9s int\u00e9zz\u00fck a <strong>v\u00e1mkezel\u00e9st<\/strong> a z\u00f6kken\u0151mentes sz\u00e1ll\u00edt\u00e1s \u00e9rdek\u00e9ben.<\/p>\n<p><strong>7. Mi a teend\u0151, ha s\u00e9r\u00fclt vagy hib\u00e1s term\u00e9ket kapok?<\/strong><br \/>\nHa a term\u00e9ke s\u00e9r\u00fclt vagy hib\u00e1s, l\u00e9pjen kapcsolatba az \u00fcgyf\u00e9lszolg\u00e1lattal a <strong>cser\u00e9\u00e9rt vagy visszat\u00e9r\u00edt\u00e9s\u00e9rt<\/strong>.<\/p>\n<p><strong>8. Hogyan l\u00e9phetek kapcsolatba az \u00fcgyf\u00e9lszolg\u00e1lattal?<\/strong><br \/>\nEl\u00e9rhet minket <strong>e-mailben, WhatsAppon vagy \u00e9l\u0151 chaten<\/strong> a weboldalunkon, ha seg\u00edts\u00e9gre van sz\u00fcks\u00e9ge.<\/p>\n<\/div>\n<\/div>\n<\/div>\n<\/div>\n<\/div>","protected":false},"excerpt":{"rendered":"<p>Legjobb Waspe Crystal Vape 40000 Puffs Kett\u0151s \u00cdzes\u00edt\u00e9s\u0171 Alacsony Nikotintartalm\u00fa Eldobhat\u00f3 Vape Nagykereskedelem<br \/>\nWASPE Crystal 40000 Puffs Dupla \u00cdzes\u00edt\u00e9s\u0171 LED Kijelz\u0151s Eldobhat\u00f3 Vape T\u00f6meges V\u00e1s\u00e1rl\u00e1s<br \/>\nWASPE Crystal 40000 Puffs 2 az 1-ben \u00cdzes\u00edt\u00e9s\u0171 \u00dajrat\u00f6lthet\u0151 Eldobhat\u00f3 Vape Olcs\u00f3 \u00c1ron<\/p>\n<p><strong>Adja hozz\u00e1 Amy-t WhatsApp-on, hogy azonnali v\u00e1laszt \u00e9s vape kupont kapjon!<\/strong><\/p>\n<p><img fetchpriority=\"high\" decoding=\"async\" class=\"size-full wp-image-2932\" src=\"https:\/\/vapestornado.com\/wp-content\/uploads\/2024\/12\/Vape-Wholesale.jpg\" alt=\"Vape nagykereskedelem\" width=\"229\" height=\"300\" \/><\/p>\n<h3><a href=\"https:\/\/wa.me\/8617776015835\"><span style=\"color: #ff0000;\"><strong>WhatsApp: +86 17776015835<\/strong><\/span><\/a><\/h3>\n<p>&nbsp;<\/p>","protected":false},"featured_media":3756,"comment_status":"open","ping_status":"closed","template":"","meta":{"_acf_changed":false,"_uag_custom_page_level_css":"","_lmt_disableupdate":"no","_lmt_disable":"","_monsterinsights_skip_tracking":false,"_monsterinsights_sitenote_active":false,"_monsterinsights_sitenote_note":"","_monsterinsights_sitenote_category":0,"site-sidebar-layout":"default","site-content-layout":"","ast-site-content-layout":"default","site-content-style":"default","site-sidebar-style":"default","ast-global-header-display":"","ast-banner-title-visibility":"","ast-main-header-display":"","ast-hfb-above-header-display":"","ast-hfb-below-header-display":"","ast-hfb-mobile-header-display":"","site-post-title":"","ast-breadcrumbs-content":"","ast-featured-img":"","footer-sml-layout":"","ast-disable-related-posts":"","theme-transparent-header-meta":"default","adv-header-id-meta":"","stick-header-meta":"","header-above-stick-meta":"","header-main-stick-meta":"","header-below-stick-meta":"","astra-migrate-meta-layouts":"set","ast-page-background-enabled":"default","ast-page-background-meta":{"desktop":{"background-color":"","background-image":"","background-repeat":"repeat","background-position":"center center","background-size":"auto","background-attachment":"scroll","background-type":"","background-media":"","overlay-type":"","overlay-color":"","overlay-opacity":"","overlay-gradient":""},"tablet":{"background-color":"","background-image":"","background-repeat":"repeat","background-position":"center center","background-size":"auto","background-attachment":"scroll","background-type":"","background-media":"","overlay-type":"","overlay-color":"","overlay-opacity":"","overlay-gradient":""},"mobile":{"background-color":"","background-image":"","background-repeat":"repeat","background-position":"center center","background-size":"auto","background-attachment":"scroll","background-type":"","background-media":"","overlay-type":"","overlay-color":"","overlay-opacity":"","overlay-gradient":""}},"ast-content-background-meta":{"desktop":{"background-color":"var(--ast-global-color-5)","background-image":"","background-repeat":"repeat","background-position":"center center","background-size":"auto","background-attachment":"scroll","background-type":"","background-media":"","overlay-type":"","overlay-color":"","overlay-opacity":"","overlay-gradient":""},"tablet":{"background-color":"var(--ast-global-color-5)","background-image":"","background-repeat":"repeat","background-position":"center center","background-size":"auto","background-attachment":"scroll","background-type":"","background-media":"","overlay-type":"","overlay-color":"","overlay-opacity":"","overlay-gradient":""},"mobile":{"background-color":"var(--ast-global-color-5)","background-image":"","background-repeat":"repeat","background-position":"center center","background-size":"auto","background-attachment":"scroll","background-type":"","background-media":"","overlay-type":"","overlay-color":"","overlay-opacity":"","overlay-gradient":""}},"_joinchat":{"telephone":"+8617776015835"}},"product_brand":[],"product_cat":[19,65,140,153,155,141,142,60],"product_tag":[120,97,94,93,237,163],"class_list":{"0":"post-3734","1":"product","2":"type-product","3":"status-publish","4":"has-post-thumbnail","6":"product_cat-vapes","7":"product_cat-40000-puff","8":"product_cat-big-puffs-disposable-vapes","9":"product_cat-buy-disposable-vapes-in-italy","10":"product_cat-buy-disposable-vapes-in-norway","11":"product_cat-crystal-disposable-vapes","12":"product_cat-digital-box-disposable-vapes","13":"product_cat-waspe-fihp-vape","14":"product_tag-crystal-vape","15":"product_tag-hot-sale-disposable-vape","16":"product_tag-rechargeable-disposable-vape","17":"product_tag-vape-wholesale","18":"product_tag-waspe-crystal-40000","19":"product_tag-waspe-vape","20":"desktop-align-left","21":"tablet-align-left","22":"mobile-align-left","24":"first","25":"instock","26":"sale","27":"shipping-taxable","28":"purchasable","29":"product-type-simple"},"acf":[],"uagb_featured_image_src":{"full":["https:\/\/vapestornado.com\/wp-content\/uploads\/2025\/01\/WASPE-40000-Puffs-Crystal-Disposable-Vape-Wholesale-Price.webp",1000,1000,false],"thumbnail":["https:\/\/vapestornado.com\/wp-content\/uploads\/2025\/01\/WASPE-40000-Puffs-Crystal-Disposable-Vape-Wholesale-Price-150x150.webp",150,150,true],"medium":["https:\/\/vapestornado.com\/wp-content\/uploads\/2025\/01\/WASPE-40000-Puffs-Crystal-Disposable-Vape-Wholesale-Price-300x300.webp",300,300,true],"medium_large":["https:\/\/vapestornado.com\/wp-content\/uploads\/2025\/01\/WASPE-40000-Puffs-Crystal-Disposable-Vape-Wholesale-Price-768x768.webp",768,768,true],"large":["https:\/\/vapestornado.com\/wp-content\/uploads\/2025\/01\/WASPE-40000-Puffs-Crystal-Disposable-Vape-Wholesale-Price.webp",1000,1000,false],"1536x1536":["https:\/\/vapestornado.com\/wp-content\/uploads\/2025\/01\/WASPE-40000-Puffs-Crystal-Disposable-Vape-Wholesale-Price.webp",1000,1000,false],"2048x2048":["https:\/\/vapestornado.com\/wp-content\/uploads\/2025\/01\/WASPE-40000-Puffs-Crystal-Disposable-Vape-Wholesale-Price.webp",1000,1000,false],"trp-custom-language-flag":["https:\/\/vapestornado.com\/wp-content\/uploads\/2025\/01\/WASPE-40000-Puffs-Crystal-Disposable-Vape-Wholesale-Price.webp",12,12,false],"woocommerce_thumbnail":["https:\/\/vapestornado.com\/wp-content\/uploads\/2025\/01\/WASPE-40000-Puffs-Crystal-Disposable-Vape-Wholesale-Price-300x300.webp",300,300,true],"woocommerce_single":["https:\/\/vapestornado.com\/wp-content\/uploads\/2025\/01\/WASPE-40000-Puffs-Crystal-Disposable-Vape-Wholesale-Price-600x600.webp",600,600,true],"woocommerce_gallery_thumbnail":["https:\/\/vapestornado.com\/wp-content\/uploads\/2025\/01\/WASPE-40000-Puffs-Crystal-Disposable-Vape-Wholesale-Price-100x100.webp",100,100,true]},"uagb_author_info":{"display_name":"ESAMY","author_link":"https:\/\/vapestornado.com\/hu\/author\/"},"uagb_comment_info":0,"uagb_excerpt":"Best Waspe Crystal Vape 40000 Puffs Dual Flavors Low Nicotine Disposable Vape Wholesale WASPE Crystal 40000 Puffs Double Flavor LED Display Disposable Vape Bulk Buy WASPE Crystal 40000 Puffs 2 in 1 Flavor Rechargeable Disposable Vapes Cheap Price Add Amy's whatsapp get right reply and vape vape coupon! WhatsApp: +86 17776015835 &nbsp;","_links":{"self":[{"href":"https:\/\/vapestornado.com\/hu\/wp-json\/wp\/v2\/product\/3734","targetHints":{"allow":["GET"]}}],"collection":[{"href":"https:\/\/vapestornado.com\/hu\/wp-json\/wp\/v2\/product"}],"about":[{"href":"https:\/\/vapestornado.com\/hu\/wp-json\/wp\/v2\/types\/product"}],"replies":[{"embeddable":true,"href":"https:\/\/vapestornado.com\/hu\/wp-json\/wp\/v2\/comments?post=3734"}],"wp:featuredmedia":[{"embeddable":true,"href":"https:\/\/vapestornado.com\/hu\/wp-json\/wp\/v2\/media\/3756"}],"wp:attachment":[{"href":"https:\/\/vapestornado.com\/hu\/wp-json\/wp\/v2\/media?parent=3734"}],"wp:term":[{"taxonomy":"product_brand","embeddable":true,"href":"https:\/\/vapestornado.com\/hu\/wp-json\/wp\/v2\/product_brand?post=3734"},{"taxonomy":"product_cat","embeddable":true,"href":"https:\/\/vapestornado.com\/hu\/wp-json\/wp\/v2\/product_cat?post=3734"},{"taxonomy":"product_tag","embeddable":true,"href":"https:\/\/vapestornado.com\/hu\/wp-json\/wp\/v2\/product_tag?post=3734"}],"curies":[{"name":"wp","href":"https:\/\/api.w.org\/{rel}","templated":true}]}}