{"id":3726,"date":"2025-01-13T07:22:44","date_gmt":"2025-01-13T07:22:44","guid":{"rendered":"https:\/\/vapestornado.com\/?post_type=product&#038;p=3726"},"modified":"2025-08-23T12:33:57","modified_gmt":"2025-08-23T12:33:57","slug":"bang-king-35k-35000-puffs-2-in-1-dual-flavour-disposable-vape-wholesale-cheap-price","status":"publish","type":"product","link":"https:\/\/vapestornado.com\/hu\/product\/bang-king-35k-35000-puffs-2-in-1-dual-flavour-disposable-vape-wholesale-cheap-price\/","title":{"rendered":"Bang King 35K 35000 Sz\u00edv\u00e1s 2 az 1-ben Kett\u0151s \u00cdz\u0171 Eldobhat\u00f3 Vape Nagykereskedelmi Olcs\u00f3 \u00c1r"},"content":{"rendered":"<h1 class=\"product-title\">Bang King 35K 35000 Sz\u00edv\u00e1s 2 az 1-ben Kett\u0151s \u00cdz\u0171 Eldobhat\u00f3 Vape Nagykereskedelmi Olcs\u00f3 \u00c1r<\/h1>\n<p>&nbsp;<\/p>\n<p>Mi\u00e9rt a <strong>Bang King 35K 35000 Puffs 2 az 1-ben Dupla \u00cdz\u0171 Eldobhat\u00f3 Vape<\/strong> egyre n\u00e9pszer\u0171bb? Ez az eszk\u00f6z egyes\u00edti a k\u00e9nyelmet, az \u00edzt \u00e9s a megfizethet\u0151s\u00e9get. A karcs\u00fa digit\u00e1lis kijelz\u0151vel, a leny\u0171g\u00f6z\u0151 puffsz\u00e1mmal \u00e9s a k\u00e9t k\u00fcl\u00f6nb\u00f6z\u0151 \u00edzzel egy eszk\u00f6zben ez a vape \u00fajradefini\u00e1lja, hogy mit k\u00edn\u00e1lhatnak az eldobhat\u00f3 vape-ek.<\/p>\n<p>Mondjon b\u00facs\u00fat a gyakori cser\u00e9knek! A hatalmas <strong>35 000 slukkot<\/strong>puffsz\u00e1mmal a Bang King 35K hosszan tart\u00f3 el\u00e9gedetts\u00e9get biztos\u00edt, \u00edgy az egyik leg <strong>n\u00e9pszer\u0171bb eldobhat\u00f3 vape<\/strong> a piacon. Mi\u00e9rt el\u00e9gedne meg egy \u00edzzel, ha kett\u0151 is lehet? \u00c9lvezze a <strong>2 az 1-ben \u00edzkialak\u00edt\u00e1st<\/strong>, amely lehet\u0151v\u00e9 teszi, hogy egyetlen eszk\u00f6zben v\u00e1ltson k\u00e9t hihetetlen \u00edz k\u00f6z\u00f6tt. \u00c9lvezze a dupla \u00edzt, mindezt egyetlen karcs\u00fa csomagban. Tartsa k\u00e9zben az ir\u00e1ny\u00edt\u00e1st a <strong>LED \u00e9rint\u0151k\u00e9perny\u0151vel<\/strong>. Megmutatja az akkumul\u00e1tor \u00e9lettartam\u00e1t, az e-liquid szintj\u00e9t, \u00e9s lehet\u0151v\u00e9 teszi a l\u00e9g\u00e1raml\u00e1s \u00e9s a teljes\u00edtm\u00e9ny be\u00e1ll\u00edt\u00e1s\u00e1t a testreszabhat\u00f3 \u00e9lm\u00e9ny \u00e9rdek\u00e9ben.<\/p>\n<p>A h\u00e1rom l\u00e9g\u00e1raml\u00e1si m\u00f3ddal k\u00f6nnyed\u00e9n be\u00e1ll\u00edthatja a sz\u00edv\u00e1st az \u00d6n ig\u00e9nyeinek megfelel\u0151en. Ak\u00e1r a sima, ak\u00e1r az er\u0151teljes slukkokat r\u00e9szes\u00edti el\u0151nyben, ez a vape alkalmazkodik \u00d6nh\u00f6z. A <strong>700mAh-s \u00fajrat\u00f6lthet\u0151 akkumul\u00e1tor<\/strong> \u00e9s a <strong>\u00e9s a Type-C t\u00f6lt\u00e9s<\/strong> gyors \u00e9s hat\u00e9kony \u00fajrat\u00f6lt\u00e9st biztos\u00edt, \u00edgy k\u00e9sz\u00fcl\u00e9ke eg\u00e9sz nap \u00e1ram alatt marad. A <strong>35 ml-es e-liquid tart\u00e1ly<\/strong> cs\u00f6kkenti a gyakori ut\u00e1nt\u00f6lt\u00e9s sz\u00fcks\u00e9gess\u00e9g\u00e9t, \u00edgy t\u00f6bb zavartalan g\u0151z\u00f6l\u00e9st k\u00edn\u00e1l. T\u00f6k\u00e9letes a nagy t\u00e9telben v\u00e1s\u00e1rl\u00f3k sz\u00e1m\u00e1ra, a <strong>nagykereskedelmi \u00e1ron<\/strong> ide\u00e1liss\u00e1 teszi viszontelad\u00f3k \u00e9s a legjobb aj\u00e1nlatot keres\u0151 vape rajong\u00f3k sz\u00e1m\u00e1ra.<\/p>\n<p><span style=\"color: #ff0000;\"><strong>Add meg Amy Whatsappj\u00e1t a gyors v\u00e1lasz\u00e9rt \u00e9s vape kupon\u00e9rt!<\/strong><\/span><\/p>\n<p><img fetchpriority=\"high\" decoding=\"async\" class=\"size-full wp-image-2932\" src=\"https:\/\/vapestornado.com\/wp-content\/uploads\/2024\/12\/Vape-Wholesale.jpg\" alt=\"Vape nagykereskedelem\" width=\"229\" height=\"300\" \/><\/p>\n<h3><a href=\"https:\/\/wa.me\/8617776015835\" target=\"_blank\" rel=\"noopener\"><span style=\"color: #ff0000;\"><strong>WhatsApp: +86 17776015835<\/strong><\/span><\/a><\/h3>\n<p>&nbsp;<\/p>\n<h2 class=\"product-title\"><strong>Bang King 35K term\u00e9kjellemz\u0151k<\/strong><\/h2>\n<div role=\"article\" data-tabster=\"{&quot;groupper&quot;:{&quot;tabbability&quot;:2},&quot;focusable&quot;:{}}\" data-content=\"ai-message\" aria-labelledby=\"juhNTJ6o7Gk1cgwZMJgv2-author juhNTJ6o7Gk1cgwZMJgv2-content\">\n<div id=\"juhNTJ6o7Gk1cgwZMJgv2-content\">\n<div role=\"article\" data-tabster=\"{&quot;groupper&quot;:{&quot;tabbability&quot;:2},&quot;focusable&quot;:{}}\" data-content=\"ai-message\" aria-labelledby=\"x4EZuCZWrTbh3weWUt7CU-author x4EZuCZWrTbh3weWUt7CU-content\">\n<div id=\"x4EZuCZWrTbh3weWUt7CU-content\">\n<div class=\"flex max-w-full flex-col flex-grow\">\n<div class=\"min-h-8 text-message flex w-full flex-col items-end gap-2 whitespace-normal break-words text-start [.text-message+&amp;]:mt-5\" dir=\"auto\" data-message-author-role=\"assistant\" data-message-id=\"52c6e00a-252f-4104-805d-2f1a84739c71\" data-message-model-slug=\"gpt-4o\">\n<div class=\"flex w-full flex-col gap-1 empty:hidden first:pt-[3px]\">\n<div class=\"markdown prose w-full break-words dark:prose-invert light\">\n<div class=\"flex max-w-full flex-col flex-grow\">\n<div class=\"min-h-8 text-message flex w-full flex-col items-end gap-2 whitespace-normal break-words text-start [.text-message+&amp;]:mt-5\" dir=\"auto\" data-message-author-role=\"assistant\" data-message-id=\"3c321776-aace-4a97-95f3-35c104de1c0a\" data-message-model-slug=\"gpt-4o\">\n<div class=\"flex w-full flex-col gap-1 empty:hidden first:pt-[3px]\">\n<div class=\"markdown prose w-full break-words dark:prose-invert light\">\n<h3><\/h3>\n<ul>\n<li><strong>Sz\u00edv\u00e1sok:<\/strong> Ak\u00e1r 35 000<\/li>\n<li><strong>Akkumul\u00e1tor:<\/strong> 700mAh \u00fajrat\u00f6lthet\u0151 Type-C t\u00f6lt\u00e9ssel<\/li>\n<li><strong>\u00cdzek:<\/strong> Dupla \u00edz egy eszk\u00f6zben<\/li>\n<li><strong>L\u00e9g\u00e1raml\u00e1s:<\/strong> Testreszabhat\u00f3 h\u00e1rom m\u00f3ddal<\/li>\n<li><strong>E-liquid kapacit\u00e1s:<\/strong> 35 ml<\/li>\n<li><strong>Digit\u00e1lis kijelz\u0151:<\/strong> LED \u00e9rint\u0151k\u00e9perny\u0151 a megfigyel\u00e9shez \u00e9s a be\u00e1ll\u00edt\u00e1sokhoz<\/li>\n<li><strong>Hordozhat\u00f3s\u00e1g:<\/strong> K\u00f6nny\u0171 kialak\u00edt\u00e1s, t\u00f6k\u00e9letes \u00fatk\u00f6zben<\/li>\n<\/ul>\n<\/div>\n<\/div>\n<\/div>\n<\/div>\n<\/div>\n<\/div>\n<\/div>\n<\/div>\n<div class=\"mb-2 flex gap-3 empty:hidden -ml-2\">\n<figure id=\"attachment_3733\" aria-describedby=\"caption-attachment-3733\" style=\"width: 800px\" class=\"wp-caption alignnone\"><img decoding=\"async\" class=\"wp-image-3733 size-full\" src=\"https:\/\/vapestornado.com\/wp-content\/uploads\/2025\/01\/Bangking-Vape-36000-Disposable-Vape-Wholesale.webp\" alt=\"Bangking Vape 35000 eldobhat\u00f3 vape nagykereskedelem\" width=\"800\" height=\"800\" srcset=\"https:\/\/vapestornado.com\/wp-content\/uploads\/2025\/01\/Bangking-Vape-36000-Disposable-Vape-Wholesale.webp 800w, https:\/\/vapestornado.com\/wp-content\/uploads\/2025\/01\/Bangking-Vape-36000-Disposable-Vape-Wholesale-300x300.webp 300w, https:\/\/vapestornado.com\/wp-content\/uploads\/2025\/01\/Bangking-Vape-36000-Disposable-Vape-Wholesale-150x150.webp 150w, https:\/\/vapestornado.com\/wp-content\/uploads\/2025\/01\/Bangking-Vape-36000-Disposable-Vape-Wholesale-768x768.webp 768w, https:\/\/vapestornado.com\/wp-content\/uploads\/2025\/01\/Bangking-Vape-36000-Disposable-Vape-Wholesale-600x600.webp 600w, https:\/\/vapestornado.com\/wp-content\/uploads\/2025\/01\/Bangking-Vape-36000-Disposable-Vape-Wholesale-100x100.webp 100w\" sizes=\"(max-width: 800px) 100vw, 800px\" \/><figcaption id=\"caption-attachment-3733\" class=\"wp-caption-text\">Bangking Vape 35000 eldobhat\u00f3 vape nagykereskedelem<\/figcaption><\/figure>\n<\/div>\n<\/div>\n<\/div>\n<\/div>\n<\/div>\n<h2 class=\"product-title\"><strong>N\u00e9pszer\u0171 \u00edz a Bang King 35K-hoz<\/strong><strong>\u00a0<\/strong><strong>Eldobhat\u00f3 Vape-ekhez<\/strong><\/h2>\n<p>Ak\u00e1r egy tr\u00f3pusi menek\u00fcl\u00e9st, ak\u00e1r egy jeges \u00e9lvezetet kedvel, <strong>Bangking 35000 Puffs Kett\u0151s \u00cdz\u0171 Eldobhat\u00f3 Vape<\/strong> t\u00f6k\u00e9letes kombin\u00e1ci\u00f3val rendelkezik ahhoz, hogy \u00edzlel\u0151bimb\u00f3idat kiel\u00e9g\u00edtse! Melyik a legn\u00e9pszer\u0171bb \u00edz a BANG KING 35000 Vape-hez? K\u00e9rj\u00fck, n\u00e9zze meg, mit mondanak \u00fcgyfeleink.<\/p>\n<p>1. Blue Razz Ice + Juicy Peach Ice<br \/>\n2. Eper G\u00f6r\u00f6gdinnye + G\u00f6r\u00f6gdinnye J\u00e9g <span style=\"color: #ff0000;\"><strong>&gt;&gt;&gt;&gt; Felkapott!<\/strong><\/span><br \/>\n3. Eper Ban\u00e1n + Dupla Alma<br \/>\n4. Triple Berry Ice + Tr\u00f3pusi Gy\u00fcm\u00f6lcs<br \/>\n5. Cherry Bomb + Sz\u0151l\u0151 J\u00e9g <span style=\"color: #ff0000;\"><strong>&gt;&gt;&gt;&gt; Felkapott!<\/strong><\/span><br \/>\n6. \u0150szibarack Mang\u00f3 + Eper Mang\u00f3<br \/>\n7. Mang\u00f3 Lime + H\u0171s\u00edt\u0151 Menta<br \/>\n8. Cherry Pop + Mr Blue<br \/>\n9. Black Dragon Ice + Eper Kiwi<br \/>\n10. Red Bull + \u0150szibarack Bogy\u00f3 <span style=\"color: #ff0000;\"><strong>&gt;&gt;&gt;&gt; Felkapott!<\/strong><\/span><br \/>\n11. Pink Lemon + Mr Blue<br \/>\n12. Kiwi Maracuja Guava + K\u00e9k Cseresznye Citrom<\/p>\n<div class=\"flex-shrink-0 flex flex-col relative items-end\">\n<div class=\"pt-0\">\n<div class=\"gizmo-bot-avatar flex h-8 w-8 items-center justify-center overflow-hidden rounded-full\">\n<div class=\"relative p-1 rounded-sm flex items-center justify-center bg-token-main-surface-primary text-token-text-primary h-8 w-8\">\n<h3>GYIK a Bang King 35K Puffs \u00dajrat\u00f6lthet\u0151 k\u00e9sz\u00fcl\u00e9khez<strong>\u00a0<\/strong>Eldobhat\u00f3 Vape<\/h3>\n<h3><\/h3>\n<p><strong>1. Hol tudok Bang King 35K-t nagykereskedelmi \u00e1ron v\u00e1s\u00e1rolni N\u00e9metorsz\u00e1gban?<\/strong><br \/>\nMegv\u00e1s\u00e1rolhatja a Vapestornadon<strong>\u00a0online vape bolt<\/strong> vagy \u00e9rdekl\u0151dj\u00f6n a helyi forgalmaz\u00f3n\u00e1l a legjobb aj\u00e1nlatok\u00e9rt.<\/p>\n<p><strong>2. Honnan tudom, hogy az e-liquid kezd kifogyni?<\/strong><br \/>\nA <strong>digit\u00e1lis kijelz\u0151<\/strong> megmutatja az e-liquid szintj\u00e9t, \u00edgy mindig t\u00e1j\u00e9kozott maradhat.<\/p>\n<p><strong>3. Hogyan t\u00f6lthetem fel a Bang King 35000-et?<\/strong><br \/>\nEgyszer\u0171en haszn\u00e1lja a <strong>Type-C t\u00f6lt\u0151porttal<\/strong> a gyors \u00e9s probl\u00e9mamentes \u00fajrat\u00f6lt\u00e9shez.<\/p>\n<p><strong>4. Mit\u0151l t\u0171nik ki ez a Bang King 35k vape a t\u00f6bbi eldobhat\u00f3 vape m\u00e1rka k\u00f6z\u00fcl?<\/strong><br \/>\nA <strong>dupla \u00edz kialak\u00edt\u00e1s\u00e1nak<\/strong>, <strong>szab\u00e1lyozhat\u00f3 l\u00e9g\u00e1raml\u00e1s<\/strong>A <strong>35 000 slukkot<\/strong> k\u00fcl\u00f6nlegess\u00e9 teszi, \u00edgy az egyik <strong>legn\u00e9pszer\u0171bb eldobhat\u00f3 vape<\/strong>.<\/p>\n<p><strong>5. Be\u00e1ll\u00edthatom a l\u00e9g\u00e1raml\u00e1st a saj\u00e1t ig\u00e9nyeim szerint?<\/strong><br \/>\nIgen! A k\u00e9sz\u00fcl\u00e9k k\u00edn\u00e1l <strong>h\u00e1rom l\u00e9g\u00e1raml\u00e1si m\u00f3dot<\/strong> annak biztos\u00edt\u00e1s\u00e1ra, hogy minden alkalommal t\u00f6k\u00e9letes slukkot kapjon.<\/p>\n<p><strong>6. Az \u00edzek megfelelnek az alacsony nikotintartalm\u00fa preferenci\u00e1knak?<\/strong><br \/>\nTerm\u00e9szetesen. A Bang King 35K k\u00edn\u00e1l <strong>szab\u00e1lyozhat\u00f3 nikotinszinteket<\/strong> 0%-ban, 2%-ban \u00e9s 5%-ban.<\/p>\n<div class=\"flex max-w-full flex-col flex-grow\">\n<div class=\"min-h-8 text-message flex w-full flex-col items-end gap-2 whitespace-normal break-words text-start [.text-message+&amp;]:mt-5\" dir=\"auto\" data-message-author-role=\"assistant\" data-message-id=\"4dc48248-df95-45bd-b800-6dedb43cf7f1\" data-message-model-slug=\"gpt-4o\">\n<div class=\"flex w-full flex-col gap-1 empty:hidden first:pt-[3px]\"><\/div>\n<\/div>\n<\/div>\n<\/div>\n<\/div>\n<\/div>\n<\/div>\n<div class=\"flex-shrink-0 flex flex-col relative items-end\">\n<div class=\"pt-0\">\n<div class=\"gizmo-bot-avatar flex h-8 w-8 items-center justify-center overflow-hidden rounded-full\">\n<div class=\"relative p-1 rounded-sm flex items-center justify-center bg-token-main-surface-primary text-token-text-primary h-8 w-8\">\n<div class=\"mb-2 flex gap-3 empty:hidden -ml-2\">\n<div role=\"article\" data-tabster=\"{&quot;groupper&quot;:{&quot;tabbability&quot;:2},&quot;focusable&quot;:{}}\" data-content=\"ai-message\" aria-labelledby=\"Vdt5ez4X7Tg813x6rFVha-author Vdt5ez4X7Tg813x6rFVha-content\">\n<div id=\"Vdt5ez4X7Tg813x6rFVha-content\">\n<div role=\"article\" data-tabster=\"{&quot;groupper&quot;:{&quot;tabbability&quot;:2},&quot;focusable&quot;:{}}\" data-content=\"ai-message\" aria-labelledby=\"o968oC7CEo2fGHsGdsRYC-author o968oC7CEo2fGHsGdsRYC-content\">\n<div id=\"o968oC7CEo2fGHsGdsRYC-content\">\n<h3>Mi\u00e9rt v\u00e1lassza a vapestornado-t az Uwin Crystal 20000 Shisha Hookah eldobhat\u00f3 vape nagykereskedelm\u00e9hez?<\/h3>\n<div class=\"flex-shrink-0 flex flex-col relative items-end\">\n<div class=\"pt-0\">\n<div class=\"gizmo-bot-avatar flex h-8 w-8 items-center justify-center overflow-hidden rounded-full\">\n<div class=\"relative p-1 rounded-sm flex items-center justify-center bg-token-main-surface-primary text-token-text-primary h-8 w-8\">\n<p>A n\u00f6vekv\u0151 versenyben az eldobhat\u00f3 vape ipar\u00e1gban, a vapestornado egy vezet\u0151 glob\u00e1lis platform a nagykereskedelmi e-cigaretta megold\u00e1sok sz\u00e1m\u00e1ra, bemutatta az \u00fatt\u00f6r\u0151 Bang King 35K Puffs eldobhat\u00f3 vape-et. Szemet gy\u00f6ny\u00f6rk\u00f6dtet\u0151 krist\u00e1ly diz\u00e1jnj\u00e1val \u00e9s multifunkcion\u00e1lis funkci\u00f3ival ez az innovat\u00edv term\u00e9k \u00f6tv\u00f6zi a st\u00edlust a funkcionalit\u00e1ssal. A gy\u00fcm\u00f6lcs\u00f6s \u00edzek sz\u00e9les v\u00e1laszt\u00e9k\u00e1t k\u00edn\u00e1lva a vaperek v\u00e1ltozatos \u00edzl\u00e9s\u00e9t k\u00edv\u00e1nja kiel\u00e9g\u00edteni.<\/p>\n<p>A vapestornado az \u00d6n megb\u00edzhat\u00f3 online vape \u00fczlete a kiv\u00e1l\u00f3 min\u0151s\u00e9g\u0171 eldobhat\u00f3 vape-ekhez. Olyan n\u00e9pszer\u0171 eldobhat\u00f3 vape m\u00e1rk\u00e1kat k\u00edn\u00e1lunk, mint a Waspe Vape, a WGA Vape, a Fumot RandM Vape, a Vozol Vape, a Bang Vape stb.<\/p>\n<p>K\u00edn\u00e1latunkban megtal\u00e1lhat\u00f3k a legn\u00e9pszer\u0171bb eldobhat\u00f3 vape-ek, mint p\u00e9ld\u00e1ul a <a href=\"https:\/\/vapestornado.com\/hu\/product\/randm-tornado-30000-puffs-music-rechargeable-disposable-vape-pen-wholesale\/\">Randm Tornado 30000<\/a>, \u00e9s \u00edzgazdag v\u00e1laszt\u00e1sok, mint a <a href=\"https:\/\/vapestornado.com\/hu\/product\/uwin-crystal-20000-shisha-hookah-20k-puffs-disposable-vape-factory-cheap-price\/\"> Uwin Krist\u00e1ly 20000 Puff<\/a> . Minden term\u00e9ket a min\u0151s\u00e9gre, az \u00e9rt\u00e9kre \u00e9s a v\u00e1ltozatoss\u00e1gra \u00f6sszpontos\u00edtva v\u00e1lasztunk ki, biztos\u00edtva, hogy megtal\u00e1lja az ig\u00e9nyeinek t\u00f6k\u00e9letesen megfelel\u0151t. Fedezze fel a kiv\u00e9teles szolg\u00e1ltat\u00e1st \u00e9s a legjobb term\u00e9kek sz\u00e9les v\u00e1laszt\u00e9k\u00e1t nagykereskedelmi \u00e1ron a vapestornado-n\u00e1l.<\/p>\n<\/div>\n<p>&nbsp;<\/p>\n<p><strong>Egy\u00e9b n\u00e9pszer\u0171 eldobhat\u00f3 vape-ek<\/strong><\/p>\n<p><a href=\"https:\/\/vapestornado.com\/hu\/product\/fumot-randm-tornado-25000-puffs-touch-disposable-vape-wholesale-online\/\">Fumot 25000 Puff <span style=\"color: #ff0000;\"><strong>&gt;&gt;&gt;&gt; Indul\u00e1s!<\/strong><\/span><\/a><\/p>\n<p><a href=\"https:\/\/vapestornado.com\/hu\/product\/bang-36000-smart-disposable-vape-wholesale-shop-online\/\">Bang 36000 Puff<span style=\"color: #ff0000;\"><strong>&gt;&gt;&gt;&gt; Indul\u00e1s!<\/strong><\/span><\/a><\/p>\n<p><a href=\"https:\/\/vapestornado.com\/hu\/product\/randm-tornado-9000-puffs-rechargeable-disposable-vape-wholesale-online\/\">RandM Torn\u00e1d\u00f3 9000 <span style=\"color: #ff0000;\"><strong>&gt;&gt;&gt;&gt; Indul\u00e1s!<\/strong><\/span><\/a><\/p>\n<\/div>\n<\/div>\n<\/div>\n<p>&nbsp;<\/p>\n<\/div>\n<\/div>\n<\/div>\n<\/div>\n<\/div>\n<\/div>\n<\/div>\n<\/div>\n<\/div>","protected":false},"excerpt":{"rendered":"<p>Bang King 35000 Puffs Okos K\u00e9perny\u0151s Nagykereskedelmi Eldobhat\u00f3<br \/>\nBang King 35000 Puffs Eldobhat\u00f3 Vape Nagy t\u00e9telben<br \/>\nBang King Tornado 35000 35K Puffs Eldobhat\u00f3 Vape Pen<\/p>\n<p><strong>Adja hozz\u00e1 Amy-t WhatsApp-on, hogy azonnali v\u00e1laszt \u00e9s vape kupont kapjon!<\/strong><\/p>\n<p><img fetchpriority=\"high\" decoding=\"async\" class=\"size-full wp-image-2932\" src=\"https:\/\/vapestornado.com\/wp-content\/uploads\/2024\/12\/Vape-Wholesale.jpg\" alt=\"Vape nagykereskedelem\" width=\"229\" height=\"300\" \/><\/p>\n<h3><a href=\"https:\/\/wa.me\/8617776015835\"><span style=\"color: #ff0000;\"><strong>WhatsApp: +86 17776015835<\/strong><\/span><\/a><\/h3>\n<p>&nbsp;<\/p>","protected":false},"featured_media":3731,"comment_status":"open","ping_status":"closed","template":"","meta":{"_acf_changed":false,"_uag_custom_page_level_css":"","_lmt_disableupdate":"no","_lmt_disable":"","_monsterinsights_skip_tracking":false,"_monsterinsights_sitenote_active":false,"_monsterinsights_sitenote_note":"","_monsterinsights_sitenote_category":0,"site-sidebar-layout":"default","site-content-layout":"","ast-site-content-layout":"default","site-content-style":"default","site-sidebar-style":"default","ast-global-header-display":"","ast-banner-title-visibility":"","ast-main-header-display":"","ast-hfb-above-header-display":"","ast-hfb-below-header-display":"","ast-hfb-mobile-header-display":"","site-post-title":"","ast-breadcrumbs-content":"","ast-featured-img":"","footer-sml-layout":"","ast-disable-related-posts":"","theme-transparent-header-meta":"default","adv-header-id-meta":"","stick-header-meta":"","header-above-stick-meta":"","header-main-stick-meta":"","header-below-stick-meta":"","astra-migrate-meta-layouts":"set","ast-page-background-enabled":"default","ast-page-background-meta":{"desktop":{"background-color":"","background-image":"","background-repeat":"repeat","background-position":"center center","background-size":"auto","background-attachment":"scroll","background-type":"","background-media":"","overlay-type":"","overlay-color":"","overlay-opacity":"","overlay-gradient":""},"tablet":{"background-color":"","background-image":"","background-repeat":"repeat","background-position":"center center","background-size":"auto","background-attachment":"scroll","background-type":"","background-media":"","overlay-type":"","overlay-color":"","overlay-opacity":"","overlay-gradient":""},"mobile":{"background-color":"","background-image":"","background-repeat":"repeat","background-position":"center center","background-size":"auto","background-attachment":"scroll","background-type":"","background-media":"","overlay-type":"","overlay-color":"","overlay-opacity":"","overlay-gradient":""}},"ast-content-background-meta":{"desktop":{"background-color":"var(--ast-global-color-5)","background-image":"","background-repeat":"repeat","background-position":"center center","background-size":"auto","background-attachment":"scroll","background-type":"","background-media":"","overlay-type":"","overlay-color":"","overlay-opacity":"","overlay-gradient":""},"tablet":{"background-color":"var(--ast-global-color-5)","background-image":"","background-repeat":"repeat","background-position":"center center","background-size":"auto","background-attachment":"scroll","background-type":"","background-media":"","overlay-type":"","overlay-color":"","overlay-opacity":"","overlay-gradient":""},"mobile":{"background-color":"var(--ast-global-color-5)","background-image":"","background-repeat":"repeat","background-position":"center center","background-size":"auto","background-attachment":"scroll","background-type":"","background-media":"","overlay-type":"","overlay-color":"","overlay-opacity":"","overlay-gradient":""}},"_joinchat":{"telephone":"+8617776015835"}},"product_brand":[],"product_cat":[175,63,153,155,159,143,146],"product_tag":[196,234,165,198,97,166,94],"class_list":{"0":"post-3726","1":"product","2":"type-product","3":"status-publish","4":"has-post-thumbnail","6":"product_cat-35000-puff","7":"product_cat-bangking","8":"product_cat-buy-disposable-vapes-in-italy","9":"product_cat-buy-disposable-vapes-in-norway","10":"product_cat-buy-disposable-vapes-in-sweden","11":"product_cat-dual-mesh-disposable-vapes","12":"product_cat-rechargeable-disposable-vapes","13":"product_tag-bang-vape","14":"product_tag-bangking-35000","15":"product_tag-cheap-vapes","16":"product_tag-double-flavor-disposable-vape","17":"product_tag-hot-sale-disposable-vape","18":"product_tag-low-nicotine-vape","19":"product_tag-rechargeable-disposable-vape","20":"desktop-align-left","21":"tablet-align-left","22":"mobile-align-left","24":"first","25":"instock","26":"sale","27":"shipping-taxable","28":"purchasable","29":"product-type-simple"},"acf":[],"uagb_featured_image_src":{"full":["https:\/\/vapestornado.com\/wp-content\/uploads\/2025\/01\/Bang-Vape-Bangking-36k-Disposable-Vape-Bulk-Price.webp",800,800,false],"thumbnail":["https:\/\/vapestornado.com\/wp-content\/uploads\/2025\/01\/Bang-Vape-Bangking-36k-Disposable-Vape-Bulk-Price-150x150.webp",150,150,true],"medium":["https:\/\/vapestornado.com\/wp-content\/uploads\/2025\/01\/Bang-Vape-Bangking-36k-Disposable-Vape-Bulk-Price-300x300.webp",300,300,true],"medium_large":["https:\/\/vapestornado.com\/wp-content\/uploads\/2025\/01\/Bang-Vape-Bangking-36k-Disposable-Vape-Bulk-Price-768x768.webp",768,768,true],"large":["https:\/\/vapestornado.com\/wp-content\/uploads\/2025\/01\/Bang-Vape-Bangking-36k-Disposable-Vape-Bulk-Price.webp",800,800,false],"1536x1536":["https:\/\/vapestornado.com\/wp-content\/uploads\/2025\/01\/Bang-Vape-Bangking-36k-Disposable-Vape-Bulk-Price.webp",800,800,false],"2048x2048":["https:\/\/vapestornado.com\/wp-content\/uploads\/2025\/01\/Bang-Vape-Bangking-36k-Disposable-Vape-Bulk-Price.webp",800,800,false],"trp-custom-language-flag":["https:\/\/vapestornado.com\/wp-content\/uploads\/2025\/01\/Bang-Vape-Bangking-36k-Disposable-Vape-Bulk-Price.webp",12,12,false],"woocommerce_thumbnail":["https:\/\/vapestornado.com\/wp-content\/uploads\/2025\/01\/Bang-Vape-Bangking-36k-Disposable-Vape-Bulk-Price-300x300.webp",300,300,true],"woocommerce_single":["https:\/\/vapestornado.com\/wp-content\/uploads\/2025\/01\/Bang-Vape-Bangking-36k-Disposable-Vape-Bulk-Price-600x600.webp",600,600,true],"woocommerce_gallery_thumbnail":["https:\/\/vapestornado.com\/wp-content\/uploads\/2025\/01\/Bang-Vape-Bangking-36k-Disposable-Vape-Bulk-Price-100x100.webp",100,100,true]},"uagb_author_info":{"display_name":"ESAMY","author_link":"https:\/\/vapestornado.com\/hu\/author\/"},"uagb_comment_info":0,"uagb_excerpt":"Bang King 35000 Puffs Smart Screen Wholesale Disposable Bang King 35000 Puffs Disposable Vape Bulk Buy Bang King Tornado 35000 35K Puffs Disposable Vape Pen Add Amy's whatsapp get right reply and vape coupon! WhatsApp: +86 17776015835 &nbsp;","_links":{"self":[{"href":"https:\/\/vapestornado.com\/hu\/wp-json\/wp\/v2\/product\/3726","targetHints":{"allow":["GET"]}}],"collection":[{"href":"https:\/\/vapestornado.com\/hu\/wp-json\/wp\/v2\/product"}],"about":[{"href":"https:\/\/vapestornado.com\/hu\/wp-json\/wp\/v2\/types\/product"}],"replies":[{"embeddable":true,"href":"https:\/\/vapestornado.com\/hu\/wp-json\/wp\/v2\/comments?post=3726"}],"wp:featuredmedia":[{"embeddable":true,"href":"https:\/\/vapestornado.com\/hu\/wp-json\/wp\/v2\/media\/3731"}],"wp:attachment":[{"href":"https:\/\/vapestornado.com\/hu\/wp-json\/wp\/v2\/media?parent=3726"}],"wp:term":[{"taxonomy":"product_brand","embeddable":true,"href":"https:\/\/vapestornado.com\/hu\/wp-json\/wp\/v2\/product_brand?post=3726"},{"taxonomy":"product_cat","embeddable":true,"href":"https:\/\/vapestornado.com\/hu\/wp-json\/wp\/v2\/product_cat?post=3726"},{"taxonomy":"product_tag","embeddable":true,"href":"https:\/\/vapestornado.com\/hu\/wp-json\/wp\/v2\/product_tag?post=3726"}],"curies":[{"name":"wp","href":"https:\/\/api.w.org\/{rel}","templated":true}]}}