{"id":3724,"date":"2025-01-11T02:00:22","date_gmt":"2025-01-11T02:00:22","guid":{"rendered":"https:\/\/vapestornado.com\/?post_type=product&#038;p=3724"},"modified":"2025-08-23T12:33:40","modified_gmt":"2025-08-23T12:33:40","slug":"uwin-crystal-20000-shisha-hookah-20k-puffs-disposable-vape-factory-cheap-price","status":"publish","type":"product","link":"https:\/\/vapestornado.com\/hu\/product\/uwin-crystal-20000-shisha-hookah-20k-puffs-disposable-vape-factory-cheap-price\/","title":{"rendered":"Uwin Crystal 20000 Shisha v\u00edzipipa 20K Puffs Eldobhat\u00f3 Vape Gy\u00e1ri Olcs\u00f3 \u00c1r"},"content":{"rendered":"<h1 class=\"product-title\">Uwin Crystal 20000 Shisha v\u00edzipipa 20K Puffs Eldobhat\u00f3 Vape Gy\u00e1ri Olcs\u00f3 \u00c1r<\/h1>\n<p>A <strong>Uwin Krist\u00e1ly 20000<\/strong> A Puffs a t\u00f6k\u00e9letes vaping megold\u00e1s, amely hihetetlen teljes\u00edtm\u00e9nyt, megfizethet\u0151s\u00e9get \u00e9s v\u00e1ltozatoss\u00e1got k\u00edn\u00e1l. Eleg\u00e1ns <strong>krist\u00e1ly diz\u00e1jn<\/strong> \u00e9s a <strong>gy\u00e1ri olcs\u00f3 \u00e1r<\/strong>, ez a <strong>eldobhat\u00f3 vape<\/strong> t\u00f6k\u00e9letes azok sz\u00e1m\u00e1ra, akik pr\u00e9mium min\u0151s\u00e9get keresnek k\u00f6lts\u00e9gk\u00edm\u00e9l\u0151 \u00e1ron. Szerezzen <strong>20 000 puffot<\/strong> k\u00e9sz\u00fcl\u00e9kenk\u00e9nt, biztos\u00edtva a hossz\u00fa t\u00e1v\u00fa el\u00e9gedetts\u00e9get an\u00e9lk\u00fcl, hogy gyakori cser\u00e9re lenne sz\u00fcks\u00e9g. Ide\u00e1lis azoknak a felhaszn\u00e1l\u00f3knak, akik maxim\u00e1lis \u00e9rt\u00e9ket \u00e9s minim\u00e1lis er\u0151fesz\u00edt\u00e9st szeretn\u00e9nek.<\/p>\n<p>Keresed a <strong>olcs\u00f3 vape-eket<\/strong> kiv\u00e1l\u00f3 min\u0151s\u00e9gben? Az Uwin Shisha V\u00edzipipa 20K el\u00e9rhet\u0151 <strong>gy\u00e1ri k\u00f6zvetlen \u00e1rakon<\/strong>, \u00edgy nagyszer\u0171 v\u00e1laszt\u00e1s nagykeresked\u0151k \u00e9s egy\u00e9ni v\u00e1s\u00e1rl\u00f3k sz\u00e1m\u00e1ra. A fejlett <strong>0,8\u03a9 mesh coil<\/strong> garant\u00e1lja az \u00edzletes \u00e9s sima vaping \u00e9lm\u00e9nyt. A 12 \u00edzv\u00e1laszt\u00e9kkal p\u00e1ros\u00edtva t\u00f6k\u00e9letes az \u00edzrajong\u00f3k sz\u00e1m\u00e1ra.<\/p>\n<p>V\u00e1laszd ki az ide\u00e1lis nikotiner\u0151ss\u00e9get, az Uwin Crystal 20000 nikotin opci\u00f3kkal \u00e9rkezik <strong>0%, 2% \u00e9s 5%<\/strong>, \u00edgy ez az eszk\u00f6z sokoldal\u00fa minden vaper sz\u00e1m\u00e1ra. Hordozhat\u00f3 \u00e9s ergonomikus <strong>krist\u00e1ly diz\u00e1jn<\/strong> t\u00f6k\u00e9letes azoknak a felhaszn\u00e1l\u00f3knak, akik \u00e9rt\u00e9kelik a form\u00e1t \u00e9s a funkci\u00f3t is, \u00edgy ez az egyik <strong>legn\u00e9pszer\u0171bb eldobhat\u00f3 vape<\/strong> ma. Szerezze be a <strong>Uwin Crystal 20000 Puffs Shisha v\u00edzipip\u00e1t <\/strong>\u00a0m\u00e9g ma, \u00e9s \u00e9lvezze a st\u00edlus, az \u00edz \u00e9s az \u00e9rt\u00e9k t\u00f6k\u00e9letes kever\u00e9k\u00e9t!<\/p>\n<p><span style=\"color: #ff0000;\"><strong>Add meg Amy Whatsappj\u00e1t a gyors v\u00e1lasz\u00e9rt \u00e9s vape kupon\u00e9rt!<\/strong><\/span><\/p>\n<p><img fetchpriority=\"high\" decoding=\"async\" class=\"size-full wp-image-2932\" src=\"https:\/\/vapestornado.com\/wp-content\/uploads\/2024\/12\/Vape-Wholesale.jpg\" alt=\"Vape nagykereskedelem\" width=\"229\" height=\"300\" \/><\/p>\n<h3><a href=\"https:\/\/wa.me\/8617776015835\" target=\"_blank\" rel=\"noopener\"><span style=\"color: #ff0000;\"><strong>WhatsApp: +86 17776015835<\/strong><\/span><\/a><\/h3>\n<p>&nbsp;<\/p>\n<h2 class=\"product-title\"><strong>Uwin Crystal 20000 term\u00e9kjellemz\u0151k<\/strong><\/h2>\n<div role=\"article\" data-tabster=\"{&quot;groupper&quot;:{&quot;tabbability&quot;:2},&quot;focusable&quot;:{}}\" data-content=\"ai-message\" aria-labelledby=\"juhNTJ6o7Gk1cgwZMJgv2-author juhNTJ6o7Gk1cgwZMJgv2-content\">\n<div id=\"juhNTJ6o7Gk1cgwZMJgv2-content\">\n<div role=\"article\" data-tabster=\"{&quot;groupper&quot;:{&quot;tabbability&quot;:2},&quot;focusable&quot;:{}}\" data-content=\"ai-message\" aria-labelledby=\"x4EZuCZWrTbh3weWUt7CU-author x4EZuCZWrTbh3weWUt7CU-content\">\n<div id=\"x4EZuCZWrTbh3weWUt7CU-content\">\n<div class=\"flex max-w-full flex-col flex-grow\">\n<div class=\"min-h-8 text-message flex w-full flex-col items-end gap-2 whitespace-normal break-words text-start [.text-message+&amp;]:mt-5\" dir=\"auto\" data-message-author-role=\"assistant\" data-message-id=\"52c6e00a-252f-4104-805d-2f1a84739c71\" data-message-model-slug=\"gpt-4o\">\n<div class=\"flex w-full flex-col gap-1 empty:hidden first:pt-[3px]\">\n<div class=\"markdown prose w-full break-words dark:prose-invert light\">\n<div class=\"flex max-w-full flex-col flex-grow\">\n<div class=\"min-h-8 text-message flex w-full flex-col items-end gap-2 whitespace-normal break-words text-start [.text-message+&amp;]:mt-5\" dir=\"auto\" data-message-author-role=\"assistant\" data-message-id=\"3c321776-aace-4a97-95f3-35c104de1c0a\" data-message-model-slug=\"gpt-4o\">\n<div class=\"flex w-full flex-col gap-1 empty:hidden first:pt-[3px]\">\n<div class=\"markdown prose w-full break-words dark:prose-invert light\">\n<h3><\/h3>\n<ol>\n<li><strong>Magas puffsz\u00e1m<\/strong>: Ak\u00e1r 20 000 puffot is biztos\u00edt a hosszabb haszn\u00e1lat \u00e9rdek\u00e9ben.<\/li>\n<li><strong>Nikotin opci\u00f3k<\/strong>: 0%, 2%, 3% \u00e9s 5% nikotinszinteken kaphat\u00f3.<\/li>\n<li><strong>Krist\u00e1ly diz\u00e1jn<\/strong>: St\u00edlusos, k\u00f6nny\u0171 \u00e9s hordozhat\u00f3, ergonomikus kialak\u00edt\u00e1s.<\/li>\n<li><strong>H\u00e1l\u00f3s tekercs technol\u00f3gia<\/strong>: A 0,8 \u03a9-os mesh coil sima g\u0151zt \u00e9s gazdag \u00edzt biztos\u00edt.<\/li>\n<li><strong>\u00cdzek v\u00e1laszt\u00e9ka<\/strong>: 12 egyedi \u00edzt k\u00edn\u00e1l a v\u00e1ltozatos \u00edzl\u00e9s kiel\u00e9g\u00edt\u00e9s\u00e9re.<\/li>\n<li><strong>Nagy e-liquid kapacit\u00e1s<\/strong>: A 22 ml-es el\u0151ret\u00f6lt\u00f6tt e-liquid cs\u00f6kkenti a gyakori \u00fajrat\u00f6lt\u00e9st.<\/li>\n<li><strong>\u00dajrat\u00f6lthet\u0151 akkumul\u00e1tor<\/strong>: 650 mAh-s kobalt akkumul\u00e1tor Type-C gyorst\u00f6lt\u00e9ssel.<\/li>\n<li><strong>Megfizethet\u0151 nagykereskedelmi \u00e1rak<\/strong>: T\u00f6k\u00e9letes nagy mennyis\u00e9g\u0171 v\u00e1s\u00e1rl\u00e1shoz, kiv\u00e1l\u00f3 \u00e1r-\u00e9rt\u00e9k ar\u00e1nyban.<\/li>\n<\/ol>\n<\/div>\n<\/div>\n<\/div>\n<\/div>\n<div class=\"mb-2 flex gap-3 empty:hidden -ml-2\">\n<div class=\"items-center justify-start rounded-xl p-1 flex\"><\/div>\n<\/div>\n<\/div>\n<\/div>\n<\/div>\n<\/div>\n<div class=\"mb-2 flex gap-3 empty:hidden -ml-2\">\n<figure id=\"attachment_3719\" aria-describedby=\"caption-attachment-3719\" style=\"width: 800px\" class=\"wp-caption alignnone\"><img decoding=\"async\" class=\"wp-image-3719 size-full\" src=\"https:\/\/vapestornado.com\/wp-content\/uploads\/2025\/01\/Hookah-Shisha-20k-20000-Puffs-E-Disposable-Vape.webp\" alt=\"Hookah Shisha 20k 20000 Puffs E Eldobhat\u00f3 Vape\" width=\"800\" height=\"800\" srcset=\"https:\/\/vapestornado.com\/wp-content\/uploads\/2025\/01\/Hookah-Shisha-20k-20000-Puffs-E-Disposable-Vape.webp 800w, https:\/\/vapestornado.com\/wp-content\/uploads\/2025\/01\/Hookah-Shisha-20k-20000-Puffs-E-Disposable-Vape-300x300.webp 300w, https:\/\/vapestornado.com\/wp-content\/uploads\/2025\/01\/Hookah-Shisha-20k-20000-Puffs-E-Disposable-Vape-150x150.webp 150w, https:\/\/vapestornado.com\/wp-content\/uploads\/2025\/01\/Hookah-Shisha-20k-20000-Puffs-E-Disposable-Vape-768x768.webp 768w, https:\/\/vapestornado.com\/wp-content\/uploads\/2025\/01\/Hookah-Shisha-20k-20000-Puffs-E-Disposable-Vape-600x600.webp 600w, https:\/\/vapestornado.com\/wp-content\/uploads\/2025\/01\/Hookah-Shisha-20k-20000-Puffs-E-Disposable-Vape-100x100.webp 100w\" sizes=\"(max-width: 800px) 100vw, 800px\" \/><figcaption id=\"caption-attachment-3719\" class=\"wp-caption-text\">Hookah Shisha 20k 20000 Puffs E Eldobhat\u00f3 Vape<\/figcaption><\/figure>\n<\/div>\n<\/div>\n<\/div>\n<\/div>\n<\/div>\n<h2 class=\"product-title\"><strong>N\u00e9pszer\u0171 \u00edz a Uwin Crystal 20k-hoz<\/strong><strong>\u00a0<\/strong><strong>Eldobhat\u00f3 Vape-ekhez<\/strong><\/h2>\n<p>Az Uwin Crystal 20000 leny\u0171g\u00f6z\u0151 v\u00e1laszt\u00e9kot k\u00edn\u00e1l 12 k\u00fcl\u00f6nb\u00f6z\u0151 \u00edzben, minden \u00edzl\u00e9snek megfelel\u0151en. Melyek a legn\u00e9pszer\u0171bb \u00edzek az Uwin Crystal 20k-hoz? Minden \u00edz egyedi vaping \u00e9lm\u00e9nyt ny\u00fajt, de a Mixed Berries \u00e9s a Lemon Mint k\u00f6vetkezetesen a legjobb v\u00e1laszt\u00e1sok k\u00f6z\u00e9 tartoznak \u00e9l\u00e9nk, kiegyens\u00falyozott \u00e9s kiel\u00e9g\u00edt\u0151 profiljuk miatt. Ezek az \u00edzek az Uwin Crystal 20000-et kiemelked\u0151v\u00e9 teszik az eldobhat\u00f3 vape-ek vil\u00e1g\u00e1ban. Fedezze fel mind a 12 \u00edzt, \u00e9s tal\u00e1lja meg kedvenc\u00e9t m\u00e9g ma!<\/p>\n<ol>\n<li>G\u00f6r\u00f6gdinnye<\/li>\n<li>Mang\u00f3 J\u00e9g<\/li>\n<li>\u00c1fonya M\u00e1lna <span style=\"color: #ff0000;\"><strong>&gt;&gt;&gt;&gt; Felkapott!<\/strong><\/span><\/li>\n<li>Sz\u0151l\u0151 Menta<\/li>\n<li>Maracuja<\/li>\n<li>Eper Kiwi<\/li>\n<li>Dupla Alma<\/li>\n<li>\u0150szibarack j\u00e9g<\/li>\n<li>Anan\u00e1sz K\u00f3kusz<\/li>\n<li>Vegyes Bogy\u00f3k<span style=\"color: #ff0000;\"><strong>&gt;&gt;&gt;&gt; Legjobb!<\/strong><\/span><\/li>\n<li>Citromos Menta <span style=\"color: #ff0000;\"><strong>&gt;&gt;&gt;&gt; Felkapott!<\/strong><\/span><\/li>\n<li>Narancs Crush<\/li>\n<\/ol>\n<div class=\"flex-shrink-0 flex flex-col relative items-end\">\n<div class=\"pt-0\">\n<div class=\"gizmo-bot-avatar flex h-8 w-8 items-center justify-center overflow-hidden rounded-full\">\n<div class=\"relative p-1 rounded-sm flex items-center justify-center bg-token-main-surface-primary text-token-text-primary h-8 w-8\">\n<h3>GYIK az Uwin Crystal 20000 Shisha Hookah \u00dajrat\u00f6lthet\u0151 k\u00e9sz\u00fcl\u00e9khez<strong>\u00a0<\/strong>Eldobhat\u00f3 Vape<\/h3>\n<h3><\/h3>\n<h4><strong>1. Mi\u00e9rt v\u00e1lassza az Uwin Shisha Hookah 20K-t?<\/strong><\/h4>\n<p>A <strong>20 000 puffot<\/strong>testreszabhat\u00f3 nikotinszintekkel \u00e9s a letisztult krist\u00e1ly diz\u00e1jnnal ez az eszk\u00f6z praktikus \u00e9s st\u00edlusos.<\/p>\n<h4><strong>2. Ez a vape p\u00e9nzt\u00e1rcabar\u00e1t?<\/strong><\/h4>\n<p>Igen! El\u00e9rhet\u0151 <strong>gy\u00e1ri olcs\u00f3 \u00e1rakon<\/strong>, t\u00f6k\u00e9letes azok sz\u00e1m\u00e1ra, akik <strong>olcs\u00f3 vape-eket<\/strong> an\u00e9lk\u00fcl, hogy a min\u0151s\u00e9get fel\u00e1ldozn\u00e1k.<\/p>\n<h4><strong>3. Milyen \u00edzek \u00e9rhet\u0151k el?<\/strong><\/h4>\n<p>Az Uwin Shisha Hookah 20K 12 egyedi \u00edzt k\u00edn\u00e1l, mint p\u00e9ld\u00e1ul a <strong>Mang\u00f3 J\u00e9g<\/strong>, <strong>\u0150szibarack j\u00e9g<\/strong>, \u00e9s <strong>R\u00f3zsasz\u00edn Limon\u00e1d\u00e9<\/strong>.<\/p>\n<h4><strong>4. Kinek ide\u00e1lis ez az eszk\u00f6z?<\/strong><\/h4>\n<p>T\u00f6k\u00e9letes minden felhaszn\u00e1l\u00f3 sz\u00e1m\u00e1ra, az alkalmi vaperekt\u0151l a tapasztalt rajong\u00f3kig, k\u00f6sz\u00f6nhet\u0151en a magas slukksz\u00e1m\u00e1nak, a sz\u00e9les \u00edzv\u00e1laszt\u00e9knak \u00e9s a megfizethet\u0151 \u00e1rnak.<\/p>\n<h4><strong>5. Hol lehet ilyen eldobhat\u00f3 vape-eket v\u00e1s\u00e1rolni?<\/strong><\/h4>\n<p>V\u00e1s\u00e1roljon a <strong><a href=\"https:\/\/vapestornado.com\/hu\/\" target=\"_new\" rel=\"noopener\">vapestornado online vape boltb\u00f3l<\/a><\/strong>oldalon, amely az egyik <strong>legn\u00e9pszer\u0171bb eldobhat\u00f3 vape oldal<\/strong>, hogy a legjobb aj\u00e1nlatokat kapja az Uwin Shisha Hookah 20K-ra.<\/p>\n<div class=\"flex max-w-full flex-col flex-grow\">\n<div class=\"min-h-8 text-message flex w-full flex-col items-end gap-2 whitespace-normal break-words text-start [.text-message+&amp;]:mt-5\" dir=\"auto\" data-message-author-role=\"assistant\" data-message-id=\"4dc48248-df95-45bd-b800-6dedb43cf7f1\" data-message-model-slug=\"gpt-4o\">\n<div class=\"flex w-full flex-col gap-1 empty:hidden first:pt-[3px]\"><\/div>\n<\/div>\n<\/div>\n<\/div>\n<\/div>\n<\/div>\n<\/div>\n<div class=\"flex-shrink-0 flex flex-col relative items-end\">\n<div class=\"pt-0\">\n<div class=\"gizmo-bot-avatar flex h-8 w-8 items-center justify-center overflow-hidden rounded-full\">\n<div class=\"relative p-1 rounded-sm flex items-center justify-center bg-token-main-surface-primary text-token-text-primary h-8 w-8\">\n<div class=\"mb-2 flex gap-3 empty:hidden -ml-2\">\n<div role=\"article\" data-tabster=\"{&quot;groupper&quot;:{&quot;tabbability&quot;:2},&quot;focusable&quot;:{}}\" data-content=\"ai-message\" aria-labelledby=\"Vdt5ez4X7Tg813x6rFVha-author Vdt5ez4X7Tg813x6rFVha-content\">\n<div id=\"Vdt5ez4X7Tg813x6rFVha-content\">\n<div role=\"article\" data-tabster=\"{&quot;groupper&quot;:{&quot;tabbability&quot;:2},&quot;focusable&quot;:{}}\" data-content=\"ai-message\" aria-labelledby=\"o968oC7CEo2fGHsGdsRYC-author o968oC7CEo2fGHsGdsRYC-content\">\n<div id=\"o968oC7CEo2fGHsGdsRYC-content\">\n<h3>Mi\u00e9rt v\u00e1lassza a vapestornado-t az Uwin Crystal 20000 Shisha Hookah eldobhat\u00f3 vape nagykereskedelm\u00e9hez?<\/h3>\n<div class=\"flex-shrink-0 flex flex-col relative items-end\">\n<div class=\"pt-0\">\n<div class=\"gizmo-bot-avatar flex h-8 w-8 items-center justify-center overflow-hidden rounded-full\">\n<div class=\"relative p-1 rounded-sm flex items-center justify-center bg-token-main-surface-primary text-token-text-primary h-8 w-8\">\n<p>Az eldobhat\u00f3 vape ipar egyre n\u00f6vekv\u0151 verseny\u00e9ben a vapestornado, a nagykereskedelmi e-cigaretta megold\u00e1sok vezet\u0151 glob\u00e1lis platformja bemutatta az \u00fatt\u00f6r\u0151 Uwin Shisha Hookah Crystal 20000 Puffs eldobhat\u00f3 vape-et. Szemet gy\u00f6ny\u00f6rk\u00f6dtet\u0151 krist\u00e1ly diz\u00e1jnj\u00e1val \u00e9s multifunkcion\u00e1lis funkci\u00f3ival ez az innovat\u00edv term\u00e9k z\u00f6kken\u0151mentesen \u00f6tv\u00f6zi a st\u00edlust a funkcionalit\u00e1ssal. A gy\u00fcm\u00f6lcs\u00f6s \u00edzek sz\u00e9les v\u00e1laszt\u00e9k\u00e1t k\u00edn\u00e1lva a vaperek v\u00e1ltozatos \u00edzl\u00e9s\u00e9t k\u00edv\u00e1nja kiel\u00e9g\u00edteni.<\/p>\n<p>A vapestornado az \u00d6n megb\u00edzhat\u00f3 online vape \u00fczlete a kiv\u00e1l\u00f3 min\u0151s\u00e9g\u0171 eldobhat\u00f3 vape-ekhez. T\u00f6bb mint 5 \u00e9ves szak\u00e9rtelemmel olyan n\u00e9pszer\u0171 eldobhat\u00f3 vape m\u00e1rk\u00e1kat k\u00edn\u00e1lunk \u00d6nnek, mint a Waspe Vape, a WGA Vape, a Fumot RandM Vape, a Vozol Vape, a Bang Vape stb.<\/p>\n<p>K\u00edn\u00e1latunkban megtal\u00e1lhat\u00f3k a legn\u00e9pszer\u0171bb eldobhat\u00f3 vape-ek, mint p\u00e9ld\u00e1ul a <a href=\"https:\/\/vapestornado.com\/hu\/product\/vapsolo-viking-12000-puffs-2-5-low-nicotine-bulk-buy-rechargeable-disposable-vapes-pen-wholesale-price\/\">VapSolo Viking 12000<\/a>, \u00e9s \u00edzgazdag v\u00e1laszt\u00e1sok, mint a <a href=\"https:\/\/vapestornado.com\/hu\/product\/uwin-crystal-10000-puffs-wholesale-disposable-vape-puff-10k-low-nicotine-rechargeable-vapes-pen-bulk-buy-wholesalepuffs-disposable-vape-wholesale-price-copy\/\"> Uwin Krist\u00e1ly 10000 Puffs<\/a> . Minden term\u00e9k\u00fcnket a min\u0151s\u00e9g, \u00e9rt\u00e9k \u00e9s v\u00e1ltozatoss\u00e1g figyelembev\u00e9tel\u00e9vel v\u00e1lasztjuk ki, biztos\u00edtva, hogy megtal\u00e1lja az ig\u00e9nyeinek legmegfelel\u0151bbet. Fedezze fel a kiv\u00e9teles szolg\u00e1ltat\u00e1st \u00e9s a top term\u00e9kek sz\u00e9les v\u00e1laszt\u00e9k\u00e1t nagykereskedelmi \u00e1ron a vapestornado-n.<\/p>\n<\/div>\n<p>&nbsp;<\/p>\n<p><strong>Egy\u00e9b n\u00e9pszer\u0171 eldobhat\u00f3 vape-ek<\/strong><\/p>\n<p><a href=\"https:\/\/vapestornado.com\/hu\/product\/china-factory-vapsolo-super-15000-puffs-disposable-wholesale-price-disposable-vape-rechargeable-disposable-vapes-pen-bulk-buy-wholesale\/\">Vapsolo Szuper 15000 Puffs <span style=\"color: #ff0000;\"><strong>&gt;&gt;&gt;&gt; Indul\u00e1s!<\/strong><\/span><\/a><\/p>\n<p><a href=\"https:\/\/vapestornado.com\/hu\/product\/jnr-falcon-x-18000-puffs-disposable-vape-wholesale-price\/\">JNR Falcon X 18000 Puffs<span style=\"color: #ff0000;\"><strong>&gt;&gt;&gt;&gt; Indul\u00e1s!<\/strong><\/span><\/a><\/p>\n<p><a href=\"https:\/\/vapestornado.com\/hu\/product\/tornado-vape-uwin-35000-puff-35k-music-wholesale-price\/\">Tornado Vape Uwin 35000 <span style=\"color: #ff0000;\"><strong>&gt;&gt;&gt;&gt; Indul\u00e1s!<\/strong><\/span><\/a><\/p>\n<\/div>\n<\/div>\n<\/div>\n<p>&nbsp;<\/p>\n<\/div>\n<\/div>\n<\/div>\n<\/div>\n<\/div>\n<\/div>\n<\/div>\n<\/div>\n<\/div>","protected":false},"excerpt":{"rendered":"<p>Legjobb Uwin Shisha V\u00edzipipa Crystal 20000 Puffs Eldobhat\u00f3 Vape<br \/>\nUwin Crystal 20k Puff Eldobhat\u00f3 Shisha V\u00edzipipa Nagyker \u00c1r<br \/>\nUwin Crystal 20000 Puffs Olcs\u00f3 \u00c1r Nagykereskedelmi Besz\u00e1ll\u00edt\u00f3<\/p>\n<p><strong>Adja hozz\u00e1 Amy-t WhatsApp-on, hogy azonnali v\u00e1laszt \u00e9s vape kupont kapjon!<\/strong><\/p>\n<p><img fetchpriority=\"high\" decoding=\"async\" class=\"size-full wp-image-2932\" src=\"https:\/\/vapestornado.com\/wp-content\/uploads\/2024\/12\/Vape-Wholesale.jpg\" alt=\"Vape nagykereskedelem\" width=\"229\" height=\"300\" \/><\/p>\n<h3><a href=\"https:\/\/wa.me\/8617776015835\"><span style=\"color: #ff0000;\"><strong>WhatsApp: +86 17776015835<\/strong><\/span><\/a><\/h3>\n<p>&nbsp;<\/p>","protected":false},"featured_media":3723,"comment_status":"open","ping_status":"closed","template":"","meta":{"_acf_changed":false,"_uag_custom_page_level_css":"","_lmt_disableupdate":"no","_lmt_disable":"","_monsterinsights_skip_tracking":false,"_monsterinsights_sitenote_active":false,"_monsterinsights_sitenote_note":"","_monsterinsights_sitenote_category":0,"site-sidebar-layout":"default","site-content-layout":"","ast-site-content-layout":"default","site-content-style":"default","site-sidebar-style":"default","ast-global-header-display":"","ast-banner-title-visibility":"","ast-main-header-display":"","ast-hfb-above-header-display":"","ast-hfb-below-header-display":"","ast-hfb-mobile-header-display":"","site-post-title":"","ast-breadcrumbs-content":"","ast-featured-img":"","footer-sml-layout":"","ast-disable-related-posts":"","theme-transparent-header-meta":"default","adv-header-id-meta":"","stick-header-meta":"","header-above-stick-meta":"","header-main-stick-meta":"","header-below-stick-meta":"","astra-migrate-meta-layouts":"set","ast-page-background-enabled":"default","ast-page-background-meta":{"desktop":{"background-color":"","background-image":"","background-repeat":"repeat","background-position":"center center","background-size":"auto","background-attachment":"scroll","background-type":"","background-media":"","overlay-type":"","overlay-color":"","overlay-opacity":"","overlay-gradient":""},"tablet":{"background-color":"","background-image":"","background-repeat":"repeat","background-position":"center center","background-size":"auto","background-attachment":"scroll","background-type":"","background-media":"","overlay-type":"","overlay-color":"","overlay-opacity":"","overlay-gradient":""},"mobile":{"background-color":"","background-image":"","background-repeat":"repeat","background-position":"center center","background-size":"auto","background-attachment":"scroll","background-type":"","background-media":"","overlay-type":"","overlay-color":"","overlay-opacity":"","overlay-gradient":""}},"ast-content-background-meta":{"desktop":{"background-color":"var(--ast-global-color-5)","background-image":"","background-repeat":"repeat","background-position":"center center","background-size":"auto","background-attachment":"scroll","background-type":"","background-media":"","overlay-type":"","overlay-color":"","overlay-opacity":"","overlay-gradient":""},"tablet":{"background-color":"var(--ast-global-color-5)","background-image":"","background-repeat":"repeat","background-position":"center center","background-size":"auto","background-attachment":"scroll","background-type":"","background-media":"","overlay-type":"","overlay-color":"","overlay-opacity":"","overlay-gradient":""},"mobile":{"background-color":"var(--ast-global-color-5)","background-image":"","background-repeat":"repeat","background-position":"center center","background-size":"auto","background-attachment":"scroll","background-type":"","background-media":"","overlay-type":"","overlay-color":"","overlay-opacity":"","overlay-gradient":""}},"_joinchat":{"telephone":"+8617776015835"}},"product_brand":[],"product_cat":[69,157,141,143,147,233],"product_tag":[165,120,97,166,94,232],"class_list":{"0":"post-3724","1":"product","2":"type-product","3":"status-publish","4":"has-post-thumbnail","6":"product_cat-20000-puff","7":"product_cat-buy-disposable-vapes-in-portugal","8":"product_cat-crystal-disposable-vapes","9":"product_cat-dual-mesh-disposable-vapes","10":"product_cat-shisha-hookah-disposable-vapes","11":"product_cat-uwin-vape","12":"product_tag-cheap-vapes","13":"product_tag-crystal-vape","14":"product_tag-hot-sale-disposable-vape","15":"product_tag-low-nicotine-vape","16":"product_tag-rechargeable-disposable-vape","17":"product_tag-uwin-crystal-20000","18":"desktop-align-left","19":"tablet-align-left","20":"mobile-align-left","22":"first","23":"instock","24":"sale","25":"shipping-taxable","26":"purchasable","27":"product-type-simple"},"acf":[],"uagb_featured_image_src":{"full":["https:\/\/vapestornado.com\/wp-content\/uploads\/2025\/01\/Uwin-Shisha-Hookah-Crystal-20000-Puffs-Disposable-Vape.webp",800,800,false],"thumbnail":["https:\/\/vapestornado.com\/wp-content\/uploads\/2025\/01\/Uwin-Shisha-Hookah-Crystal-20000-Puffs-Disposable-Vape-150x150.webp",150,150,true],"medium":["https:\/\/vapestornado.com\/wp-content\/uploads\/2025\/01\/Uwin-Shisha-Hookah-Crystal-20000-Puffs-Disposable-Vape-300x300.webp",300,300,true],"medium_large":["https:\/\/vapestornado.com\/wp-content\/uploads\/2025\/01\/Uwin-Shisha-Hookah-Crystal-20000-Puffs-Disposable-Vape-768x768.webp",768,768,true],"large":["https:\/\/vapestornado.com\/wp-content\/uploads\/2025\/01\/Uwin-Shisha-Hookah-Crystal-20000-Puffs-Disposable-Vape.webp",800,800,false],"1536x1536":["https:\/\/vapestornado.com\/wp-content\/uploads\/2025\/01\/Uwin-Shisha-Hookah-Crystal-20000-Puffs-Disposable-Vape.webp",800,800,false],"2048x2048":["https:\/\/vapestornado.com\/wp-content\/uploads\/2025\/01\/Uwin-Shisha-Hookah-Crystal-20000-Puffs-Disposable-Vape.webp",800,800,false],"trp-custom-language-flag":["https:\/\/vapestornado.com\/wp-content\/uploads\/2025\/01\/Uwin-Shisha-Hookah-Crystal-20000-Puffs-Disposable-Vape.webp",12,12,false],"woocommerce_thumbnail":["https:\/\/vapestornado.com\/wp-content\/uploads\/2025\/01\/Uwin-Shisha-Hookah-Crystal-20000-Puffs-Disposable-Vape-300x300.webp",300,300,true],"woocommerce_single":["https:\/\/vapestornado.com\/wp-content\/uploads\/2025\/01\/Uwin-Shisha-Hookah-Crystal-20000-Puffs-Disposable-Vape-600x600.webp",600,600,true],"woocommerce_gallery_thumbnail":["https:\/\/vapestornado.com\/wp-content\/uploads\/2025\/01\/Uwin-Shisha-Hookah-Crystal-20000-Puffs-Disposable-Vape-100x100.webp",100,100,true]},"uagb_author_info":{"display_name":"ESAMY","author_link":"https:\/\/vapestornado.com\/hu\/author\/"},"uagb_comment_info":0,"uagb_excerpt":"Best Uwin Shisha Hookah Crystal 20000 Puffs Disposable Vape Uwin Crystal 20k Puff Disoisable Shisha Hookah Bulk Price Uwin crystal 20000 Puffs Cheap Price Wholesale Supplier Add Amy's whatsapp get right reply and vape coupon! WhatsApp: +86 17776015835 &nbsp;","_links":{"self":[{"href":"https:\/\/vapestornado.com\/hu\/wp-json\/wp\/v2\/product\/3724","targetHints":{"allow":["GET"]}}],"collection":[{"href":"https:\/\/vapestornado.com\/hu\/wp-json\/wp\/v2\/product"}],"about":[{"href":"https:\/\/vapestornado.com\/hu\/wp-json\/wp\/v2\/types\/product"}],"replies":[{"embeddable":true,"href":"https:\/\/vapestornado.com\/hu\/wp-json\/wp\/v2\/comments?post=3724"}],"wp:featuredmedia":[{"embeddable":true,"href":"https:\/\/vapestornado.com\/hu\/wp-json\/wp\/v2\/media\/3723"}],"wp:attachment":[{"href":"https:\/\/vapestornado.com\/hu\/wp-json\/wp\/v2\/media?parent=3724"}],"wp:term":[{"taxonomy":"product_brand","embeddable":true,"href":"https:\/\/vapestornado.com\/hu\/wp-json\/wp\/v2\/product_brand?post=3724"},{"taxonomy":"product_cat","embeddable":true,"href":"https:\/\/vapestornado.com\/hu\/wp-json\/wp\/v2\/product_cat?post=3724"},{"taxonomy":"product_tag","embeddable":true,"href":"https:\/\/vapestornado.com\/hu\/wp-json\/wp\/v2\/product_tag?post=3724"}],"curies":[{"name":"wp","href":"https:\/\/api.w.org\/{rel}","templated":true}]}}