{"id":3716,"date":"2025-01-08T09:49:40","date_gmt":"2025-01-08T09:49:40","guid":{"rendered":"https:\/\/vapestornado.com\/?post_type=product&#038;p=3716"},"modified":"2025-08-23T09:33:37","modified_gmt":"2025-08-23T09:33:37","slug":"bood-twins-46000-puff-display-disposable-vape-cheap-price","status":"publish","type":"product","link":"https:\/\/vapestornado.com\/hu\/product\/bood-twins-46000-puff-display-disposable-vape-cheap-price\/","title":{"rendered":"Bood Twins 46000 Puff Kijelz\u0151s Eldobhat\u00f3 Vape Olcs\u00f3 \u00c1ron"},"content":{"rendered":"<h1>Bood Twins 46000 Puff Kijelz\u0151s Eldobhat\u00f3 Vape Olcs\u00f3 \u00c1ron<\/h1>\n<p>&nbsp;<\/p>\n<div role=\"article\" data-tabster=\"{&quot;groupper&quot;:{&quot;tabbability&quot;:2},&quot;focusable&quot;:{}}\" data-content=\"ai-message\" aria-labelledby=\"64JRvXrTnY7mRmPkEQLLT-author 64JRvXrTnY7mRmPkEQLLT-content\">\n<div id=\"64JRvXrTnY7mRmPkEQLLT-content\">\n<p>A <strong data-start=\"341\" data-end=\"383\">Bood Twins 46000 Puffs Eldobhat\u00f3 Vape<\/strong> kapacit\u00e1sra, teljes\u00edtm\u00e9nyre \u00e9s sokoldal\u00fas\u00e1gra \u00e9p\u00fclt. Ak\u00e1r <strong data-start=\"448\" data-end=\"464\">46 000 sz\u00edv\u00e1st<\/strong> \u00e9s egy <strong data-start=\"471\" data-end=\"493\">dupla \u00edzrendszerrel<\/strong>lehet\u0151v\u00e9 teszi a felhaszn\u00e1l\u00f3k sz\u00e1m\u00e1ra, hogy egyetlen eszk\u00f6z\u00f6n bel\u00fcl v\u00e1ltsanak k\u00e9t kever\u00e9k k\u00f6z\u00f6tt, v\u00e1ltozatoss\u00e1got \u00e9s hosszan tart\u00f3 \u00e9lvezetet biztos\u00edtva<\/p>\n<p>Felszerelve egy <strong>fejlett h\u00e1l\u00f3s tekercs<\/strong>, a Bood Twins minden slukkhoz egyenletes, sima \u00e9s \u00edzletes g\u0151zt biztos\u00edt. Az <strong>eleg\u00e1ns, teljes k\u00e9perny\u0151s kijelz\u0151je<\/strong> egy csipetnyi kifinomults\u00e1got ad, \u00e9s alapvet\u0151 haszn\u00e1lati r\u00e9szleteket biztos\u00edt, \u00edgy ide\u00e1lis a st\u00edlus-tudatos vaperek sz\u00e1m\u00e1ra. Az \u00fajrat\u00f6lthet\u0151 akkumul\u00e1tor biztos\u00edtja, hogy az eszk\u00f6z kompromisszumok n\u00e9lk\u00fcl teljes\u00edtse a teljes slukksz\u00e1m\u00e1t, kik\u00fcsz\u00f6b\u00f6lve a gyakori cser\u00e9k sz\u00fcks\u00e9gess\u00e9g\u00e9t.<\/p>\n<p>Ez a pr\u00e9mium eldobhat\u00f3 vape t\u00f6k\u00e9letes a nagykereskedelmi vev\u0151k sz\u00e1m\u00e1ra, akik \u00e9lvonalbeli term\u00e9keket szeretn\u00e9nek k\u00edn\u00e1lni \u00fcgyfeleiknek. <strong>Bood Twins 46000 puffvapes <\/strong>\u00f6tv\u00f6zi az innovat\u00edv technol\u00f3gi\u00e1t, az eleg\u00e1ns designt \u00e9s a p\u00e1ratlan teljes\u00edtm\u00e9nyt, \u00edgy a vaping ipar\u00e1gban keresett v\u00e1laszt\u00e1ss\u00e1 v\u00e1lik. A legjobb nagykereskedelmi aj\u00e1nlatok\u00e9rt a Bood Twins 46000 Puffs term\u00e9kre l\u00e1togasson el a vapestornado<strong>.com<\/strong> oldalra, \u00e9s emelje \u00faj szintre vaping k\u00e9szlet\u00e9t m\u00e9g ma!<\/p>\n<\/div>\n<\/div>\n<p><img fetchpriority=\"high\" decoding=\"async\" class=\"alignleft wp-image-2951 size-medium\" src=\"https:\/\/vapestornado.com\/wp-content\/uploads\/2024\/12\/Wholesale-Disposable-Vape-265x300.jpg\" alt=\"Nagykereskedelmi eldobhat\u00f3 Vape\" width=\"265\" height=\"300\" srcset=\"https:\/\/vapestornado.com\/wp-content\/uploads\/2024\/12\/Wholesale-Disposable-Vape-265x300.jpg 265w, https:\/\/vapestornado.com\/wp-content\/uploads\/2024\/12\/Wholesale-Disposable-Vape-768x871.jpg 768w, https:\/\/vapestornado.com\/wp-content\/uploads\/2024\/12\/Wholesale-Disposable-Vape-600x680.jpg 600w, https:\/\/vapestornado.com\/wp-content\/uploads\/2024\/12\/Wholesale-Disposable-Vape.jpg 823w\" sizes=\"(max-width: 265px) 100vw, 265px\" \/><\/p>\n<h5>K\u00e9rj\u00fck, vegye fel a kapcsolatot Mandy WhatsApp-j\u00e1val a kedvezm\u00e9nyes \u00e1r\u00e9rt<a href=\"https:\/\/wa.me\/8618077105796\" target=\"_blank\" rel=\"noopener\">+8618077105796<\/a><\/h5>\n<div class=\"flex max-w-full flex-col flex-grow\">\n<div class=\"min-h-8 text-message flex w-full flex-col items-end gap-2 whitespace-normal break-words text-start [.text-message+&amp;]:mt-5\" dir=\"auto\" data-message-author-role=\"assistant\" data-message-id=\"cdb991c0-f594-4bff-b2d5-fbbdd7ce9e54\" data-message-model-slug=\"gpt-4o-mini\">\n<div class=\"flex w-full flex-col gap-1 empty:hidden first:pt-[3px]\">\n<div class=\"markdown prose w-full break-words dark:prose-invert light\"><\/div>\n<\/div>\n<\/div>\n<\/div>\n<div class=\"mb-2 flex gap-3 empty:hidden -ml-2\">\n<h2 class=\"sr-proMainInfo-baseInfoH1 J-baseInfo-name\">Nagykereskedelmi Vape Bood Twins 46000 Puff f\u0151bb jellemz\u0151i:<\/h2>\n<ul>\n<li><strong>Hatalmas slukksz\u00e1m<\/strong>: \u00c9lvezze ak\u00e1r a 46 000 slukkot, t\u00f6k\u00e9letes a hosszan tart\u00f3 haszn\u00e1latra.<\/li>\n<li><strong>Dupla \u00edzek<\/strong>: Innovat\u00edv kett\u0151s \u00edz\u0171 design egyetlen eszk\u00f6zben a sokoldal\u00fa vaping \u00e9lm\u00e9ny\u00e9rt.<\/li>\n<li><strong>H\u00e1l\u00f3s tekercs technol\u00f3gia<\/strong>: Sima, egyenletes g\u0151ztermel\u00e9st biztos\u00edt, fokozott \u00edz\u00e1tad\u00e1ssal.<\/li>\n<li><strong>Teljes k\u00e9perny\u0151s kijelz\u0151<\/strong>: Eleg\u00e1ns \u00e9s modern diz\u00e1jn, k\u00f6nnyen leolvashat\u00f3 k\u00e9perny\u0151vel az alapvet\u0151 inform\u00e1ci\u00f3khoz.<\/li>\n<li><strong>Nagykereskedelmi el\u0151ny<\/strong>: Ide\u00e1lis nagy t\u00e9telben t\u00f6rt\u00e9n\u0151 beszerz\u00e9shez, a vev\u0151i ig\u00e9nyek hat\u00e9kony kiel\u00e9g\u00edt\u00e9s\u00e9re.<\/li>\n<\/ul>\n<\/div>\n<h2 class=\"sr-proMainInfo-baseInfoH1 J-baseInfo-name\">Bood Twins 46000Puff \u00edz:<\/h2>\n<p>1. G\u00f6r\u00f6gdinnye<br \/>\n2. Alma<br \/>\n3. Lime<br \/>\n4. Z\u00f6ld alma<br \/>\n5. \u00c1fonya-m\u00e1lna savany\u00fa<br \/>\n6. Feketeribizli-m\u00e1lna<br \/>\n7. \u0150szibarack-mang\u00f3<br \/>\n8. Sz\u0151l\u0151<br \/>\n9. R\u00f3zsasz\u00edn limon\u00e1d\u00e9<br \/>\n10. Z\u00f6ld sz\u0151l\u0151<\/p>\n<div role=\"article\" data-tabster=\"{&quot;groupper&quot;:{&quot;tabbability&quot;:2},&quot;focusable&quot;:{}}\" data-content=\"ai-message\" aria-labelledby=\"dARUyEWDoEYhnSPXFwx5A-author dARUyEWDoEYhnSPXFwx5A-content\">\n<div id=\"dARUyEWDoEYhnSPXFwx5A-content\">\n<h2><strong>Mi\u00e9rt v\u00e1s\u00e1roljon <\/strong>Bood Twins 46000 puffos vape <strong>a vapestornado-t\u00f3l?<\/strong><\/h2>\n<ul>\n<li><strong>Verhetetlen min\u0151s\u00e9g<\/strong>: A vapestornado-n\u00e1l garant\u00e1ljuk, hogy minden Bood Twins 46000 Puff eldobhat\u00f3 vape a legmagasabb min\u0151s\u00e9gi szabv\u00e1nyoknak felel meg, pr\u00e9mium \u00e9lm\u00e9nyt ny\u00fajtva a kett\u0151s \u00edznek \u00e9s a fejlett mesh coil technol\u00f3gi\u00e1nak k\u00f6sz\u00f6nhet\u0151en.<\/li>\n<li><strong>Versenyk\u00e9pes \u00e1raz\u00e1s<\/strong>: \u00c9lvezd az exkluz\u00edv nagykereskedelmi \u00e1rakat t\u00f6meges megrendel\u00e9sek eset\u00e9n, ami ide\u00e1lis v\u00e1laszt\u00e1ss\u00e1 teszi a vapestornado-t a kiskeresked\u0151k \u00e9s a vape-rajong\u00f3k sz\u00e1m\u00e1ra.<\/li>\n<li><strong>Glob\u00e1lis sz\u00e1ll\u00edt\u00e1s<\/strong>: A vapestornado megb\u00edzhat\u00f3 \u00e9s hat\u00e9kony nemzetk\u00f6zi sz\u00e1ll\u00edt\u00e1st k\u00edn\u00e1l Eur\u00f3pa-szerte, biztos\u00edtva kedvenc term\u00e9keid id\u0151ben t\u00f6rt\u00e9n\u0151 kisz\u00e1ll\u00edt\u00e1s\u00e1t.<\/li>\n<li><strong>Garant\u00e1lt hiteless\u00e9g<\/strong>: A vapestornado-n\u00e1l \u00e9rt\u00e9kes\u00edtett \u00f6sszes term\u00e9k 100% -ban hiteles \u00e9s min\u0151s\u00e9gileg ellen\u0151rz\u00f6tt, \u00edgy minden v\u00e1s\u00e1rl\u00e1sn\u00e1l nyugodt lehetsz.<\/li>\n<li><strong>Dedik\u00e1lt \u00fcgyf\u00e9lszolg\u00e1lat<\/strong>: Felk\u00e9sz\u00fclt \u00e9s bar\u00e1ts\u00e1gos t\u00e1mogat\u00f3 csapatunk k\u00e9szen \u00e1ll, hogy seg\u00edtsen b\u00e1rmilyen k\u00e9rd\u00e9s eset\u00e9n, z\u00f6kken\u0151mentes \u00e9s kiel\u00e9g\u00edt\u0151 v\u00e1s\u00e1rl\u00e1si \u00e9lm\u00e9nyt biztos\u00edtva.<\/li>\n<\/ul>\n<\/div>\n<\/div>\n<h2>Gyakori k\u00e9rd\u00e9sek a Bood Twins 46000 puffs eldobhat\u00f3 vape-ok t\u00f6meges v\u00e1s\u00e1rl\u00e1s\u00e1r\u00f3l<\/h2>\n<ul>\n<li><strong>Mi az a Bood Twins 46000 Puffs eldobhat\u00f3 vape?<\/strong><br \/>\nA Bood Twins 46000 Puffs egy pr\u00e9mium kateg\u00f3ri\u00e1s eldobhat\u00f3 vape hihetetlen 46 000 puff kapacit\u00e1ssal, k\u00e9t \u00edzzel egy k\u00e9sz\u00fcl\u00e9kben, mesh coillal a kiv\u00e1l\u00f3 \u00edz\u00e9rt \u00e9s egy eleg\u00e1ns, teljes k\u00e9perny\u0151s kijelz\u0151vel.<\/li>\n<li><strong>Mennyibe ker\u00fcl a Bood Twins 46000 Puffs t\u00f6meges v\u00e1s\u00e1rl\u00e1sa?<\/strong><br \/>\nA t\u00f6meges megrendel\u00e9sek \u00e1ra a megv\u00e1s\u00e1rolt mennyis\u00e9gt\u0151l f\u00fcgg. A vapestornado versenyk\u00e9pes nagykereskedelmi \u00e1rakat k\u00edn\u00e1l, hogy a legjobb \u00e9rt\u00e9ket ny\u00fajtsa a kiskeresked\u0151k \u00e9s a nagykeresked\u0151k sz\u00e1m\u00e1ra.<\/li>\n<li><strong>Tudok fizetni t\u00f6meges megrendel\u00e9sek\u00e9rt?<\/strong><br \/>\nIgen, a vapestornado elfogad EUR-ban t\u00f6rt\u00e9n\u0151 fizet\u00e9st nagy t\u00e9telben t\u00f6rt\u00e9n\u0151 v\u00e1s\u00e1rl\u00e1sok eset\u00e9n, ami k\u00e9nyelmes az eur\u00f3pai v\u00e1s\u00e1rl\u00f3k sz\u00e1m\u00e1ra.<\/li>\n<li><strong>Milyen el\u0151nyei vannak a bood vape 46k puffs vape doboz nagy t\u00e9telben t\u00f6rt\u00e9n\u0151 v\u00e1s\u00e1rl\u00e1s\u00e1nak?<\/strong><br \/>\nA nagy t\u00e9telben t\u00f6rt\u00e9n\u0151 v\u00e1s\u00e1rl\u00e1s jelent\u0151s k\u00f6lts\u00e9gmegtakar\u00edt\u00e1st, folyamatos term\u00e9k el\u00e9rhet\u0151s\u00e9get \u00e9s jobb haszonkulcsot biztos\u00edt a v\u00e1llalkoz\u00e1sok sz\u00e1m\u00e1ra.<\/li>\n<li><strong>Sz\u00e1ll\u00edt-e a vapestornado eur\u00f3pai orsz\u00e1gokba?<\/strong><br \/>\nTerm\u00e9szetesen! A vapestornado gyors \u00e9s megb\u00edzhat\u00f3 sz\u00e1ll\u00edt\u00e1st biztos\u00edt eg\u00e9sz Eur\u00f3p\u00e1ban, bele\u00e9rtve Magyarorsz\u00e1got is.<\/li>\n<li><strong>El\u00e9rhet\u0151k-e kedvezm\u00e9nyek nagy megrendel\u00e9sek eset\u00e9n?<\/strong><br \/>\nIgen, a vapestornado s\u00e1vos \u00e1raz\u00e1st \u00e9s kedvezm\u00e9nyeket k\u00edn\u00e1l nagyobb mennyis\u00e9gek eset\u00e9n, maxim\u00e1lis megtakar\u00edt\u00e1st biztos\u00edtva a nagykereskedelmi vev\u0151k sz\u00e1m\u00e1ra.<\/li>\n<li><strong>Mennyi a minim\u00e1lis rendel\u00e9si mennyis\u00e9g nagykereskedelem eset\u00e9n?<\/strong><br \/>\nA minim\u00e1lis rendel\u00e9si mennyis\u00e9g 50 darab. A nagy t\u00e9telben t\u00f6rt\u00e9n\u0151 v\u00e1s\u00e1rl\u00e1si felt\u00e9telekr\u0151l a vapestornado \u00fcgyf\u00e9lszolg\u00e1lati csapat\u00e1t\u00f3l kaphat tov\u00e1bbi inform\u00e1ci\u00f3t.<\/li>\n<\/ul>","protected":false},"excerpt":{"rendered":"<p><strong>Bood Twins 46000 Puffs LED kijelz\u0151s eldobhat\u00f3 vape<\/strong> verhetetlen \u00e1ron. \u00c9lvezze a kett\u0151s \u00edzeket, az eleg\u00e1ns, teljes k\u00e9perny\u0151s kijelz\u0151t \u00e9s a fejlett mesh coil technol\u00f3gi\u00e1t a pr\u00e9mium g\u0151z\u00f6l\u00e9si \u00e9lm\u00e9ny \u00e9rdek\u00e9ben.<\/p>\n<figure id=\"attachment_2951\" aria-describedby=\"caption-attachment-2951\" style=\"width: 265px\" class=\"wp-caption alignnone\"><img decoding=\"async\" class=\"size-medium wp-image-2951\" src=\"https:\/\/vapestornado.com\/wp-content\/uploads\/2024\/12\/Wholesale-Disposable-Vape-265x300.jpg\" alt=\"Nagykereskedelmi eldobhat\u00f3 Vape\" width=\"265\" height=\"300\" srcset=\"https:\/\/vapestornado.com\/wp-content\/uploads\/2024\/12\/Wholesale-Disposable-Vape-265x300.jpg 265w, https:\/\/vapestornado.com\/wp-content\/uploads\/2024\/12\/Wholesale-Disposable-Vape-768x871.jpg 768w, https:\/\/vapestornado.com\/wp-content\/uploads\/2024\/12\/Wholesale-Disposable-Vape-600x680.jpg 600w, https:\/\/vapestornado.com\/wp-content\/uploads\/2024\/12\/Wholesale-Disposable-Vape.jpg 823w\" sizes=\"(max-width: 265px) 100vw, 265px\" \/><figcaption id=\"caption-attachment-2951\" class=\"wp-caption-text\">K\u00e9rj\u00fck, vegye fel a kapcsolatot Mandy WhatsApp-j\u00e1val a kedvezm\u00e9nyes \u00e1r\u00e9rt\u00a0 <a href=\"https:\/\/wa.me\/8618077105796\">+8618077105796<\/a><\/figcaption><\/figure>\n<p>&nbsp;<\/p>","protected":false},"featured_media":3713,"comment_status":"open","ping_status":"closed","template":"","meta":{"_acf_changed":false,"_uag_custom_page_level_css":"","_lmt_disableupdate":"no","_lmt_disable":"","_monsterinsights_skip_tracking":false,"_monsterinsights_sitenote_active":false,"_monsterinsights_sitenote_note":"","_monsterinsights_sitenote_category":0,"site-sidebar-layout":"default","site-content-layout":"","ast-site-content-layout":"default","site-content-style":"default","site-sidebar-style":"default","ast-global-header-display":"","ast-banner-title-visibility":"","ast-main-header-display":"","ast-hfb-above-header-display":"","ast-hfb-below-header-display":"","ast-hfb-mobile-header-display":"","site-post-title":"","ast-breadcrumbs-content":"","ast-featured-img":"","footer-sml-layout":"","ast-disable-related-posts":"","theme-transparent-header-meta":"default","adv-header-id-meta":"","stick-header-meta":"","header-above-stick-meta":"","header-main-stick-meta":"","header-below-stick-meta":"","astra-migrate-meta-layouts":"set","ast-page-background-enabled":"default","ast-page-background-meta":{"desktop":{"background-color":"","background-image":"","background-repeat":"repeat","background-position":"center center","background-size":"auto","background-attachment":"scroll","background-type":"","background-media":"","overlay-type":"","overlay-color":"","overlay-opacity":"","overlay-gradient":""},"tablet":{"background-color":"","background-image":"","background-repeat":"repeat","background-position":"center center","background-size":"auto","background-attachment":"scroll","background-type":"","background-media":"","overlay-type":"","overlay-color":"","overlay-opacity":"","overlay-gradient":""},"mobile":{"background-color":"","background-image":"","background-repeat":"repeat","background-position":"center center","background-size":"auto","background-attachment":"scroll","background-type":"","background-media":"","overlay-type":"","overlay-color":"","overlay-opacity":"","overlay-gradient":""}},"ast-content-background-meta":{"desktop":{"background-color":"var(--ast-global-color-5)","background-image":"","background-repeat":"repeat","background-position":"center center","background-size":"auto","background-attachment":"scroll","background-type":"","background-media":"","overlay-type":"","overlay-color":"","overlay-opacity":"","overlay-gradient":""},"tablet":{"background-color":"var(--ast-global-color-5)","background-image":"","background-repeat":"repeat","background-position":"center center","background-size":"auto","background-attachment":"scroll","background-type":"","background-media":"","overlay-type":"","overlay-color":"","overlay-opacity":"","overlay-gradient":""},"mobile":{"background-color":"var(--ast-global-color-5)","background-image":"","background-repeat":"repeat","background-position":"center center","background-size":"auto","background-attachment":"scroll","background-type":"","background-media":"","overlay-type":"","overlay-color":"","overlay-opacity":"","overlay-gradient":""}},"_joinchat":{"telephone":"+8618077105796"}},"product_brand":[],"product_cat":[230,193,149,160,146],"product_tag":[231,97,98],"class_list":{"0":"post-3716","1":"product","2":"type-product","3":"status-publish","4":"has-post-thumbnail","6":"product_cat-46000-puff","7":"product_cat-bood-disposable-vapes","8":"product_cat-buy-disposable-vapes-in-austria","9":"product_cat-buy-disposable-vapes-in-switzerland","10":"product_cat-rechargeable-disposable-vapes","11":"product_tag-bood-twins-46000-puff","12":"product_tag-hot-sale-disposable-vape","13":"product_tag-wholesale-price-disposable-vape","14":"desktop-align-left","15":"tablet-align-left","16":"mobile-align-left","18":"first","19":"instock","20":"sale","21":"shipping-taxable","22":"purchasable","23":"product-type-simple"},"acf":[],"uagb_featured_image_src":{"full":["https:\/\/vapestornado.com\/wp-content\/uploads\/2025\/01\/Bood-Twins-46000-Puffs-Top-Sale-Vape-In-Poland.webp",800,800,false],"thumbnail":["https:\/\/vapestornado.com\/wp-content\/uploads\/2025\/01\/Bood-Twins-46000-Puffs-Top-Sale-Vape-In-Poland-150x150.webp",150,150,true],"medium":["https:\/\/vapestornado.com\/wp-content\/uploads\/2025\/01\/Bood-Twins-46000-Puffs-Top-Sale-Vape-In-Poland-300x300.webp",300,300,true],"medium_large":["https:\/\/vapestornado.com\/wp-content\/uploads\/2025\/01\/Bood-Twins-46000-Puffs-Top-Sale-Vape-In-Poland-768x768.webp",768,768,true],"large":["https:\/\/vapestornado.com\/wp-content\/uploads\/2025\/01\/Bood-Twins-46000-Puffs-Top-Sale-Vape-In-Poland.webp",800,800,false],"1536x1536":["https:\/\/vapestornado.com\/wp-content\/uploads\/2025\/01\/Bood-Twins-46000-Puffs-Top-Sale-Vape-In-Poland.webp",800,800,false],"2048x2048":["https:\/\/vapestornado.com\/wp-content\/uploads\/2025\/01\/Bood-Twins-46000-Puffs-Top-Sale-Vape-In-Poland.webp",800,800,false],"trp-custom-language-flag":["https:\/\/vapestornado.com\/wp-content\/uploads\/2025\/01\/Bood-Twins-46000-Puffs-Top-Sale-Vape-In-Poland.webp",12,12,false],"woocommerce_thumbnail":["https:\/\/vapestornado.com\/wp-content\/uploads\/2025\/01\/Bood-Twins-46000-Puffs-Top-Sale-Vape-In-Poland-300x300.webp",300,300,true],"woocommerce_single":["https:\/\/vapestornado.com\/wp-content\/uploads\/2025\/01\/Bood-Twins-46000-Puffs-Top-Sale-Vape-In-Poland-600x600.webp",600,600,true],"woocommerce_gallery_thumbnail":["https:\/\/vapestornado.com\/wp-content\/uploads\/2025\/01\/Bood-Twins-46000-Puffs-Top-Sale-Vape-In-Poland-100x100.webp",100,100,true]},"uagb_author_info":{"display_name":"ESMANDY","author_link":"https:\/\/vapestornado.com\/hu\/author\/"},"uagb_comment_info":0,"uagb_excerpt":"Bood Twins 46000 Puffs LED Display Disposable Vape at unbeatable prices. Enjoy dual flavors, a sleek full-screen display, and advanced mesh coil technology for a premium vaping experience. [caption id=\"attachment_2951\" align=\"alignnone\" width=\"265\"] Pls Contact Mandy's WhatsApp For Discount Price\u00a0 +8618077105796[\/caption] &nbsp;","_links":{"self":[{"href":"https:\/\/vapestornado.com\/hu\/wp-json\/wp\/v2\/product\/3716","targetHints":{"allow":["GET"]}}],"collection":[{"href":"https:\/\/vapestornado.com\/hu\/wp-json\/wp\/v2\/product"}],"about":[{"href":"https:\/\/vapestornado.com\/hu\/wp-json\/wp\/v2\/types\/product"}],"replies":[{"embeddable":true,"href":"https:\/\/vapestornado.com\/hu\/wp-json\/wp\/v2\/comments?post=3716"}],"wp:featuredmedia":[{"embeddable":true,"href":"https:\/\/vapestornado.com\/hu\/wp-json\/wp\/v2\/media\/3713"}],"wp:attachment":[{"href":"https:\/\/vapestornado.com\/hu\/wp-json\/wp\/v2\/media?parent=3716"}],"wp:term":[{"taxonomy":"product_brand","embeddable":true,"href":"https:\/\/vapestornado.com\/hu\/wp-json\/wp\/v2\/product_brand?post=3716"},{"taxonomy":"product_cat","embeddable":true,"href":"https:\/\/vapestornado.com\/hu\/wp-json\/wp\/v2\/product_cat?post=3716"},{"taxonomy":"product_tag","embeddable":true,"href":"https:\/\/vapestornado.com\/hu\/wp-json\/wp\/v2\/product_tag?post=3716"}],"curies":[{"name":"wp","href":"https:\/\/api.w.org\/{rel}","templated":true}]}}