{"id":3700,"date":"2025-01-07T09:47:56","date_gmt":"2025-01-07T09:47:56","guid":{"rendered":"https:\/\/vapestornado.com\/?post_type=product&#038;p=3700"},"modified":"2025-08-23T09:34:23","modified_gmt":"2025-08-23T09:34:23","slug":"wholesale-price-bang-king-35000-puffs-tornado-vape","status":"publish","type":"product","link":"https:\/\/vapestornado.com\/hu\/product\/wholesale-price-bang-king-35000-puffs-tornado-vape\/","title":{"rendered":"Nagykereskedelmi \u00e1r Bang King 35000 Puffs Tornado Vape"},"content":{"rendered":"<h1>Nagykereskedelmi \u00e1r Bang King 35000 Puffs Tornado Vape<\/h1>\n<p>&nbsp;<\/p>\n<div role=\"article\" data-tabster=\"{&quot;groupper&quot;:{&quot;tabbability&quot;:2},&quot;focusable&quot;:{}}\" data-content=\"ai-message\" aria-labelledby=\"64JRvXrTnY7mRmPkEQLLT-author 64JRvXrTnY7mRmPkEQLLT-content\">\n<div id=\"64JRvXrTnY7mRmPkEQLLT-content\">\n<p data-start=\"302\" data-end=\"548\">A <strong data-start=\"306\" data-end=\"347\">Bang King 35000 Puffs Eldobhat\u00f3 Vape<\/strong> kapacit\u00e1st, teljes\u00edtm\u00e9nyt \u00e9s sima \u00edzt biztos\u00edt egyetlen eszk\u00f6zben. Ak\u00e1r <strong data-start=\"424\" data-end=\"440\">35 000 slukkot<\/strong> \u00e9s egy <strong data-start=\"447\" data-end=\"480\">23 ml el\u0151ret\u00f6lt\u00f6tt e-liquid tart\u00e1llyal<\/strong>hossz\u00fa t\u00e1v\u00fa haszn\u00e1latot biztos\u00edt, mik\u00f6zben meg\u0151rzi a k\u00f6vetkezetes \u00edzt.<\/p>\n<p data-start=\"550\" data-end=\"829\">Felszerelve egy <strong data-start=\"566\" data-end=\"584\">0.6\u03a9 mesh tekercs<\/strong>a Bang King 35K gazdag g\u0151zt \u00e9s egyenletes l\u00e9g\u00e1raml\u00e1st biztos\u00edt. A <strong data-start=\"645\" data-end=\"677\">1000 mAh-s \u00fajrat\u00f6lthet\u0151 akkumul\u00e1tor<\/strong> \u00e1ltal m\u0171k\u00f6dtetve <strong data-start=\"683\" data-end=\"707\">Type-C gyorst\u00f6lt\u00e9ssel<\/strong> t\u00e1mogatja a zavartalan haszn\u00e1latot, m\u00edg a <strong data-start=\"747\" data-end=\"775\">sz\u00e1raz \u00e9g\u00e9s elleni v\u00e9delem<\/strong> megakad\u00e1lyozza a sz\u00e1raz slukkokat a megb\u00edzhat\u00f3 vaping \u00e9lm\u00e9ny \u00e9rdek\u00e9ben.<\/p>\n<p data-start=\"831\" data-end=\"1092\">El\u00e9rhet\u0151 <strong data-start=\"844\" data-end=\"885\">0%, 2%, 3% \u00e9s 5% nikotiner\u0151ss\u00e9gben<\/strong>mind a k\u00f6nny\u0171, mind a neh\u00e9z felhaszn\u00e1l\u00f3k sz\u00e1m\u00e1ra alkalmas. Csomagolva <strong data-start=\"933\" data-end=\"972\">10 db dobozonk\u00e9nt \u00e9s 200 db kartononk\u00e9nt<\/strong>a Bang King 35000 ide\u00e1lis a nagykereskedelmi forgalmaz\u00e1shoz \u00e9s a nagy mennyis\u00e9gben v\u00e1s\u00e1rl\u00f3k sz\u00e1m\u00e1ra, akik nagy kereslet\u0171 <strong data-start=\"1068\" data-end=\"1089\">35 000 slukkos vape-et keresnek<\/strong><\/p>\n<p>keresnek. V\u00e1s\u00e1roljon most a <strong>Vapebulkp.com<\/strong> oldalon, hogy megtapasztalja a Bang King 35000 Puffs p\u00e1ratlan teljes\u00edtm\u00e9ny\u00e9t \u00e9s min\u0151s\u00e9g\u00e9t.<\/p>\n<\/div>\n<\/div>\n<p><img fetchpriority=\"high\" decoding=\"async\" class=\"alignleft wp-image-2951 size-medium\" src=\"https:\/\/vapestornado.com\/wp-content\/uploads\/2024\/12\/Wholesale-Disposable-Vape-265x300.jpg\" alt=\"Nagykereskedelmi eldobhat\u00f3 Vape\" width=\"265\" height=\"300\" srcset=\"https:\/\/vapestornado.com\/wp-content\/uploads\/2024\/12\/Wholesale-Disposable-Vape-265x300.jpg 265w, https:\/\/vapestornado.com\/wp-content\/uploads\/2024\/12\/Wholesale-Disposable-Vape-768x871.jpg 768w, https:\/\/vapestornado.com\/wp-content\/uploads\/2024\/12\/Wholesale-Disposable-Vape-600x680.jpg 600w, https:\/\/vapestornado.com\/wp-content\/uploads\/2024\/12\/Wholesale-Disposable-Vape.jpg 823w\" sizes=\"(max-width: 265px) 100vw, 265px\" \/><\/p>\n<h5>K\u00e9rj\u00fck, vegye fel a kapcsolatot Mandy WhatsApp-j\u00e1val a kedvezm\u00e9nyes \u00e1r\u00e9rt<a href=\"https:\/\/wa.me\/8618077105796\" target=\"_blank\" rel=\"noopener\">+8618077105796<\/a><\/h5>\n<div class=\"flex max-w-full flex-col flex-grow\">\n<div class=\"min-h-8 text-message flex w-full flex-col items-end gap-2 whitespace-normal break-words text-start [.text-message+&amp;]:mt-5\" dir=\"auto\" data-message-author-role=\"assistant\" data-message-id=\"cdb991c0-f594-4bff-b2d5-fbbdd7ce9e54\" data-message-model-slug=\"gpt-4o-mini\">\n<div class=\"flex w-full flex-col gap-1 empty:hidden first:pt-[3px]\">\n<div class=\"markdown prose w-full break-words dark:prose-invert light\"><\/div>\n<\/div>\n<\/div>\n<\/div>\n<div class=\"mb-2 flex gap-3 empty:hidden -ml-2\">\n<h2 class=\"sr-proMainInfo-baseInfoH1 J-baseInfo-name\">Nagykereskedelmi intelligens vape Bang King 35k Puffs F\u0151bb jellemz\u0151i:<\/h2>\n<ul>\n<li><strong>P\u00e1ratlan sz\u00edv\u00f3kapacit\u00e1s<\/strong>: \u00c9lvezze a <strong>35 000 slukkot<\/strong>, ide\u00e1lis a hosszan tart\u00f3 haszn\u00e1latra, gyakori cser\u00e9k n\u00e9lk\u00fcl.<\/li>\n<li><strong>B\u0151s\u00e9ges E-Liquid mennyis\u00e9g<\/strong>: El\u0151re megt\u00f6ltve <strong>23ml pr\u00e9mium vape juice-zal<\/strong> az \u00e1lland\u00f3 \u00edz\u00e9lm\u00e9ny\u00e9rt.<\/li>\n<li><strong>\u00dajrat\u00f6lthet\u0151 akkumul\u00e1tor<\/strong>: Egy <strong>1000mAh akkumul\u00e1tor<\/strong> \u00e1ltal m\u0171k\u00f6dtetve <strong>Type-C gyorst\u00f6lt\u00e9ssel<\/strong>.<\/li>\n<li><strong>H\u00e1l\u00f3s tekercs technol\u00f3gia<\/strong>: A fejlett <strong>0.6\u03a9 mesh tekercs<\/strong> gazdag, sima \u00e9s s\u0171r\u0171 g\u0151zt biztos\u00edt.<\/li>\n<li><strong>Szab\u00e1lyozhat\u00f3 nikotiner\u0151ss\u00e9gek<\/strong>: El\u00e9rhet\u0151 <strong>0%, 2%, 3% \u00e9s 5% nikotins\u00f3<\/strong> hogy mindenki megtal\u00e1lja a kedv\u00e9re val\u00f3t.<\/li>\n<li><strong>Kisz\u00e1rad\u00e1s elleni v\u00e9delem<\/strong>: Megakad\u00e1lyozza a t\u00falmeleged\u00e9st \u00e9s a sz\u00e1raz slukkokat a biztons\u00e1gosabb \u00e9s sim\u00e1bb g\u0151z\u00f6l\u00e9s \u00e9rdek\u00e9ben.<\/li>\n<li><strong>Nagykereskedelmi csomagol\u00e1s<\/strong>: K\u00e9nyelmesen csomagolva <strong>10 db dobozonk\u00e9nt \u00e9s 200 db kartononk\u00e9nt<\/strong>, ide\u00e1lis egy\u00e9ni \u00e9s t\u00f6meges v\u00e1s\u00e1rl\u00f3k sz\u00e1m\u00e1ra.<\/li>\n<\/ul>\n<\/div>\n<h2 class=\"sr-proMainInfo-baseInfoH1 J-baseInfo-name\">BANGKING 35000PUFF VAPOR \u00cdzek:<\/h2>\n<p>1. eper mang\u00f3<br \/>\n2. love66<br \/>\n3. k\u00e9k m\u00e1lna j\u00e9g<br \/>\n4. eper g\u00f6r\u00f6gdinnye<br \/>\n5. citrom menta<br \/>\n6. dupla alma<br \/>\n7. energiaital<br \/>\n8. barack j\u00e9g<br \/>\n9. eper kivi<br \/>\n10. sz\u0151l\u0151 j\u00e9g<br \/>\n11. \u00e1fonya j\u00e9g<br \/>\n12. g\u00f6r\u00f6gdinnye<\/p>\n<div role=\"article\" data-tabster=\"{&quot;groupper&quot;:{&quot;tabbability&quot;:2},&quot;focusable&quot;:{}}\" data-content=\"ai-message\" aria-labelledby=\"dARUyEWDoEYhnSPXFwx5A-author dARUyEWDoEYhnSPXFwx5A-content\">\n<div id=\"dARUyEWDoEYhnSPXFwx5A-content\">\n<h2><strong>Mi\u00e9rt v\u00e1s\u00e1roljon Bang King 35000puffs vape-eket a vapestornadot\u00f3l?<\/strong><\/h2>\n<ul>\n<li><strong>Megb\u00edzhat\u00f3 min\u0151s\u00e9g<\/strong>: a vapestornado vezet\u0151 forgalmaz\u00f3ja a <strong>pr\u00e9mium eldobhat\u00f3 vape-ek<\/strong>, garant\u00e1lva, hogy eredeti, kiv\u00e1l\u00f3 min\u0151s\u00e9g\u0171 term\u00e9keket kapjon.<\/li>\n<li><strong>Versenyk\u00e9pes \u00e1raz\u00e1s<\/strong>: Szerezze meg a legjobb nagykereskedelmi aj\u00e1nlatokat \u00e9s \u00f6mlesztett \u00e1rakat a Bang King 35,000 Puffs-ra.<\/li>\n<li><strong>Gyors sz\u00e1ll\u00edt\u00e1s<\/strong>: Gyorsan sz\u00e1ll\u00edtunk Eur\u00f3pa-szerte, biztos\u00edtva, hogy term\u00e9kei id\u0151ben meg\u00e9rkezzenek.<\/li>\n<li><strong>Kiv\u00e9teles \u00fcgyf\u00e9lszolg\u00e1lat<\/strong>: Csapatunk k\u00e9szs\u00e9ggel \u00e1ll rendelkez\u00e9s\u00e9re, hogy seg\u00edtsen a k\u00e9rd\u00e9seivel, biztos\u00edtva a z\u00f6kken\u0151mentes v\u00e1s\u00e1rl\u00e1si \u00e9lm\u00e9nyt.<\/li>\n<li><strong>\u00c1tfog\u00f3 v\u00e1laszt\u00e9k<\/strong>: Fedezze fel a sz\u00e9les v\u00e1laszt\u00e9kot <strong>cs\u00facskateg\u00f3ri\u00e1s eldobhat\u00f3 e-cigarett\u00e1t<\/strong> minden g\u0151z\u00f6l\u00e9si preferenci\u00e1hoz.<\/li>\n<\/ul>\n<\/div>\n<\/div>\n<h2>Gyakran Ism\u00e9telt K\u00e9rd\u00e9sek a hossz\u00fa \u00e9lettartam\u00fa eldobhat\u00f3 e-cigarett\u00e1kr\u00f3l Bang Vape 35000 Puffs<\/h2>\n<h4><strong>1. Mennyi ideig tart a Bang Vape King 35000 Puffs?<\/strong><\/h4>\n<p>A Bang King-et \u00fagy tervezt\u00e9k, hogy ak\u00e1r <strong>35 000 slukkot<\/strong>, \u00edgy az egyik legtart\u00f3sabb eldobhat\u00f3 vape a piacon. A haszn\u00e1lati id\u0151 a g\u0151z\u00f6l\u00e9si gyakoris\u00e1gt\u00f3l \u00e9s a sz\u00edv\u00e1s hossz\u00e1t\u00f3l f\u00fcgg.<\/p>\n<h4><strong>2. \u00dajrat\u00f6lthetem a Hot Sale Vape Bang King 35000 Puffs-t?<\/strong><\/h4>\n<p>Igen, ez az eszk\u00f6z rendelkezik egy <strong>Type-C t\u00f6lt\u0151porttal<\/strong> \u00e9s egy <strong>1000 mAh-s \u00fajrat\u00f6lthet\u0151 akkumul\u00e1tor<\/strong>, biztos\u00edtva, hogy megszak\u00edt\u00e1s n\u00e9lk\u00fcl \u00e9lvezhesse mind a 35,000 sz\u00edv\u00e1st.<\/p>\n<h4><strong>3. Mi teszi a Bang 35000 puffvape-et m\u00e1ss\u00e1, mint a t\u00f6bbi eldobhat\u00f3 vape?<\/strong><\/h4>\n<p>A <strong>hatalmas, 35 000 slukk kapacit\u00e1s<\/strong>, <strong>23ml e-liquid t\u00e9rfogata<\/strong>, <strong>mesh coil technol\u00f3gi\u00e1val<\/strong>, \u00e9s <strong>sz\u00e1raz \u00e9g\u00e9s elleni v\u00e9delem<\/strong> egy\u00fcttesen k\u00fcl\u00f6nb\u00f6zteti meg, mint egy cs\u00facsmin\u0151s\u00e9g\u0171 eldobhat\u00f3 e-cigarett\u00e1t.<\/p>","protected":false},"excerpt":{"rendered":"<p>Fedezze fel a Bang King 35000 Puffs Tornado Vape nagykereskedelmi \u00e1rait a Vapebulkp.com oldalon. 35 000 slukk, 23 ml e-liquid, 1000 mAh akkumul\u00e1tor, Type-C t\u00f6lt\u00e9s \u00e9s sz\u00e1raz \u00e9g\u00e9s elleni technol\u00f3gia jellemzi. Ide\u00e1lis \u00f6mlesztett rendel\u00e9sekhez testreszabhat\u00f3 nikotin opci\u00f3kkal (0%, 2%, 3%, 5%). V\u00e1s\u00e1roljon pr\u00e9mium eldobhat\u00f3 vape-eket m\u00e9g ma!<\/p>\n<figure id=\"attachment_2951\" aria-describedby=\"caption-attachment-2951\" style=\"width: 265px\" class=\"wp-caption alignnone\"><img decoding=\"async\" class=\"size-medium wp-image-2951\" src=\"https:\/\/vapestornado.com\/wp-content\/uploads\/2024\/12\/Wholesale-Disposable-Vape-265x300.jpg\" alt=\"Nagykereskedelmi eldobhat\u00f3 Vape\" width=\"265\" height=\"300\" srcset=\"https:\/\/vapestornado.com\/wp-content\/uploads\/2024\/12\/Wholesale-Disposable-Vape-265x300.jpg 265w, https:\/\/vapestornado.com\/wp-content\/uploads\/2024\/12\/Wholesale-Disposable-Vape-768x871.jpg 768w, https:\/\/vapestornado.com\/wp-content\/uploads\/2024\/12\/Wholesale-Disposable-Vape-600x680.jpg 600w, https:\/\/vapestornado.com\/wp-content\/uploads\/2024\/12\/Wholesale-Disposable-Vape.jpg 823w\" sizes=\"(max-width: 265px) 100vw, 265px\" \/><figcaption id=\"caption-attachment-2951\" class=\"wp-caption-text\">K\u00e9rj\u00fck, vegye fel a kapcsolatot Mandy WhatsApp-j\u00e1val a kedvezm\u00e9nyes \u00e1r\u00e9rt\u00a0 <a href=\"https:\/\/wa.me\/8618077105796\">+8618077105796<\/a><\/figcaption><\/figure>\n<p>&nbsp;<\/p>","protected":false},"featured_media":3702,"comment_status":"open","ping_status":"closed","template":"","meta":{"_acf_changed":false,"_uag_custom_page_level_css":"","_lmt_disableupdate":"no","_lmt_disable":"","_monsterinsights_skip_tracking":false,"_monsterinsights_sitenote_active":false,"_monsterinsights_sitenote_note":"","_monsterinsights_sitenote_category":0,"site-sidebar-layout":"default","site-content-layout":"","ast-site-content-layout":"default","site-content-style":"default","site-sidebar-style":"default","ast-global-header-display":"","ast-banner-title-visibility":"","ast-main-header-display":"","ast-hfb-above-header-display":"","ast-hfb-below-header-display":"","ast-hfb-mobile-header-display":"","site-post-title":"","ast-breadcrumbs-content":"","ast-featured-img":"","footer-sml-layout":"","ast-disable-related-posts":"","theme-transparent-header-meta":"default","adv-header-id-meta":"","stick-header-meta":"","header-above-stick-meta":"","header-main-stick-meta":"","header-below-stick-meta":"","astra-migrate-meta-layouts":"set","ast-page-background-enabled":"default","ast-page-background-meta":{"desktop":{"background-color":"","background-image":"","background-repeat":"repeat","background-position":"center center","background-size":"auto","background-attachment":"scroll","background-type":"","background-media":"","overlay-type":"","overlay-color":"","overlay-opacity":"","overlay-gradient":""},"tablet":{"background-color":"","background-image":"","background-repeat":"repeat","background-position":"center center","background-size":"auto","background-attachment":"scroll","background-type":"","background-media":"","overlay-type":"","overlay-color":"","overlay-opacity":"","overlay-gradient":""},"mobile":{"background-color":"","background-image":"","background-repeat":"repeat","background-position":"center center","background-size":"auto","background-attachment":"scroll","background-type":"","background-media":"","overlay-type":"","overlay-color":"","overlay-opacity":"","overlay-gradient":""}},"ast-content-background-meta":{"desktop":{"background-color":"var(--ast-global-color-5)","background-image":"","background-repeat":"repeat","background-position":"center center","background-size":"auto","background-attachment":"scroll","background-type":"","background-media":"","overlay-type":"","overlay-color":"","overlay-opacity":"","overlay-gradient":""},"tablet":{"background-color":"var(--ast-global-color-5)","background-image":"","background-repeat":"repeat","background-position":"center center","background-size":"auto","background-attachment":"scroll","background-type":"","background-media":"","overlay-type":"","overlay-color":"","overlay-opacity":"","overlay-gradient":""},"mobile":{"background-color":"var(--ast-global-color-5)","background-image":"","background-repeat":"repeat","background-position":"center center","background-size":"auto","background-attachment":"scroll","background-type":"","background-media":"","overlay-type":"","overlay-color":"","overlay-opacity":"","overlay-gradient":""}},"_joinchat":{"telephone":"+8618077105796"}},"product_brand":[],"product_cat":[175,63,140,158,159],"product_tag":[223,97,98],"class_list":{"0":"post-3700","1":"product","2":"type-product","3":"status-publish","4":"has-post-thumbnail","6":"product_cat-35000-puff","7":"product_cat-bangking","8":"product_cat-big-puffs-disposable-vapes","9":"product_cat-buy-disposable-vapes-in-spain","10":"product_cat-buy-disposable-vapes-in-sweden","11":"product_tag-bang-king-vape-35000","12":"product_tag-hot-sale-disposable-vape","13":"product_tag-wholesale-price-disposable-vape","14":"desktop-align-left","15":"tablet-align-left","16":"mobile-align-left","18":"first","19":"instock","20":"sale","21":"shipping-taxable","22":"purchasable","23":"product-type-simple"},"acf":[],"uagb_featured_image_src":{"full":["https:\/\/vapestornado.com\/wp-content\/uploads\/2025\/01\/Bang-Vape-35000-Puffs-Disposable-Vape-Hot-Sale-In-Germany.webp",800,800,false],"thumbnail":["https:\/\/vapestornado.com\/wp-content\/uploads\/2025\/01\/Bang-Vape-35000-Puffs-Disposable-Vape-Hot-Sale-In-Germany-150x150.webp",150,150,true],"medium":["https:\/\/vapestornado.com\/wp-content\/uploads\/2025\/01\/Bang-Vape-35000-Puffs-Disposable-Vape-Hot-Sale-In-Germany-300x300.webp",300,300,true],"medium_large":["https:\/\/vapestornado.com\/wp-content\/uploads\/2025\/01\/Bang-Vape-35000-Puffs-Disposable-Vape-Hot-Sale-In-Germany-768x768.webp",768,768,true],"large":["https:\/\/vapestornado.com\/wp-content\/uploads\/2025\/01\/Bang-Vape-35000-Puffs-Disposable-Vape-Hot-Sale-In-Germany.webp",800,800,false],"1536x1536":["https:\/\/vapestornado.com\/wp-content\/uploads\/2025\/01\/Bang-Vape-35000-Puffs-Disposable-Vape-Hot-Sale-In-Germany.webp",800,800,false],"2048x2048":["https:\/\/vapestornado.com\/wp-content\/uploads\/2025\/01\/Bang-Vape-35000-Puffs-Disposable-Vape-Hot-Sale-In-Germany.webp",800,800,false],"trp-custom-language-flag":["https:\/\/vapestornado.com\/wp-content\/uploads\/2025\/01\/Bang-Vape-35000-Puffs-Disposable-Vape-Hot-Sale-In-Germany.webp",12,12,false],"woocommerce_thumbnail":["https:\/\/vapestornado.com\/wp-content\/uploads\/2025\/01\/Bang-Vape-35000-Puffs-Disposable-Vape-Hot-Sale-In-Germany-300x300.webp",300,300,true],"woocommerce_single":["https:\/\/vapestornado.com\/wp-content\/uploads\/2025\/01\/Bang-Vape-35000-Puffs-Disposable-Vape-Hot-Sale-In-Germany-600x600.webp",600,600,true],"woocommerce_gallery_thumbnail":["https:\/\/vapestornado.com\/wp-content\/uploads\/2025\/01\/Bang-Vape-35000-Puffs-Disposable-Vape-Hot-Sale-In-Germany-100x100.webp",100,100,true]},"uagb_author_info":{"display_name":"ESMANDY","author_link":"https:\/\/vapestornado.com\/hu\/author\/"},"uagb_comment_info":0,"uagb_excerpt":"Explore wholesale prices for Bang King 35000 Puffs Tornado Vape at Vapebulkp.com. Featuring 35,000 puffs, 23ml e-liquid, 1000mAh battery, Type-C charging, and anti-dry burn technology. Ideal for bulk orders with customizable nicotine options (0%, 2%, 3%, 5%). Shop premium disposable vapes today! [caption id=\"attachment_2951\" align=\"alignnone\" width=\"265\"] Pls Contact Mandy's WhatsApp For Discount Price\u00a0 +8618077105796[\/caption] &nbsp;","_links":{"self":[{"href":"https:\/\/vapestornado.com\/hu\/wp-json\/wp\/v2\/product\/3700","targetHints":{"allow":["GET"]}}],"collection":[{"href":"https:\/\/vapestornado.com\/hu\/wp-json\/wp\/v2\/product"}],"about":[{"href":"https:\/\/vapestornado.com\/hu\/wp-json\/wp\/v2\/types\/product"}],"replies":[{"embeddable":true,"href":"https:\/\/vapestornado.com\/hu\/wp-json\/wp\/v2\/comments?post=3700"}],"wp:featuredmedia":[{"embeddable":true,"href":"https:\/\/vapestornado.com\/hu\/wp-json\/wp\/v2\/media\/3702"}],"wp:attachment":[{"href":"https:\/\/vapestornado.com\/hu\/wp-json\/wp\/v2\/media?parent=3700"}],"wp:term":[{"taxonomy":"product_brand","embeddable":true,"href":"https:\/\/vapestornado.com\/hu\/wp-json\/wp\/v2\/product_brand?post=3700"},{"taxonomy":"product_cat","embeddable":true,"href":"https:\/\/vapestornado.com\/hu\/wp-json\/wp\/v2\/product_cat?post=3700"},{"taxonomy":"product_tag","embeddable":true,"href":"https:\/\/vapestornado.com\/hu\/wp-json\/wp\/v2\/product_tag?post=3700"}],"curies":[{"name":"wp","href":"https:\/\/api.w.org\/{rel}","templated":true}]}}