{"id":3690,"date":"2025-01-06T09:55:58","date_gmt":"2025-01-06T09:55:58","guid":{"rendered":"https:\/\/vapestornado.com\/?post_type=product&#038;p=3690"},"modified":"2025-08-23T09:35:59","modified_gmt":"2025-08-23T09:35:59","slug":"wholesale-price-bang-beach-20000-puffs-high-quality-vape-pods","status":"publish","type":"product","link":"https:\/\/vapestornado.com\/hu\/product\/wholesale-price-bang-beach-20000-puffs-high-quality-vape-pods\/","title":{"rendered":"Nagykereskedelmi \u00c1r Bang Beach 20000 Puffs Kiv\u00e1l\u00f3 Min\u0151s\u00e9g\u0171 Vape Podok"},"content":{"rendered":"<h1>Nagykereskedelmi \u00c1r Bang Beach 20000 Puffs Kiv\u00e1l\u00f3 Min\u0151s\u00e9g\u0171 Vape Podok<\/h1>\n<p>&nbsp;<\/p>\n<div role=\"article\" data-tabster=\"{&quot;groupper&quot;:{&quot;tabbability&quot;:2},&quot;focusable&quot;:{}}\" data-content=\"ai-message\" aria-labelledby=\"64JRvXrTnY7mRmPkEQLLT-author 64JRvXrTnY7mRmPkEQLLT-content\">\n<div id=\"64JRvXrTnY7mRmPkEQLLT-content\">\n<p data-start=\"323\" data-end=\"588\">A <strong data-start=\"327\" data-end=\"369\">Bang Beach 20000 Puffs Eldobhat\u00f3 Vape<\/strong> \u00f6tv\u00f6zi a nagy kapacit\u00e1st, az okos technol\u00f3gi\u00e1t \u00e9s a st\u00edlusos diz\u00e1jnt a megb\u00edzhat\u00f3 vaping \u00e9rdek\u00e9ben. Ak\u00e1r <strong data-start=\"473\" data-end=\"489\">20 000 puffot<\/strong> \u00e9s egy <strong data-start=\"496\" data-end=\"529\">35 ml el\u0151ret\u00f6lt\u00f6tt e-liquid tart\u00e1llyal<\/strong>hosszabb haszn\u00e1latot biztos\u00edt gyakori csere n\u00e9lk\u00fcl.<\/p>\n<p data-start=\"590\" data-end=\"854\">Egy <strong data-start=\"603\" data-end=\"634\">650mAh-s \u00fajrat\u00f6lthet\u0151 akkumul\u00e1tor<\/strong> \u00e1ltal m\u0171k\u00f6dtetve <strong data-start=\"640\" data-end=\"664\">Type-C gyorst\u00f6lt\u00e9ssel<\/strong>a Bang Beach 20K egyenletes teljes\u00edtm\u00e9nyt biztos\u00edt eg\u00e9sz nap. Az <strong data-start=\"740\" data-end=\"767\">integr\u00e1lt okos k\u00e9perny\u0151<\/strong> val\u00f3s idej\u0171 friss\u00edt\u00e9seket ny\u00fajt az akkumul\u00e1tor \u00e9lettartam\u00e1r\u00f3l \u00e9s a puffok haszn\u00e1lat\u00e1r\u00f3l, \u00edgy a felhaszn\u00e1l\u00f3k ir\u00e1ny\u00edt\u00e1s alatt tarthatj\u00e1k a k\u00e9sz\u00fcl\u00e9ket.<\/p>\n<p data-start=\"856\" data-end=\"1041\">El\u00e9rhet\u0151 <strong data-start=\"869\" data-end=\"910\">0%, 2%, 3% \u00e9s 5% nikotiner\u0151ss\u00e9gben<\/strong>k\u00fcl\u00f6nb\u00f6z\u0151 preferenci\u00e1kat el\u00e9g\u00edt ki, mik\u00f6zben az <strong data-start=\"958\" data-end=\"987\">ergonomikus sz\u00edn\u00e1tmenetes kialak\u00edt\u00e1s<\/strong> szemet gy\u00f6ny\u00f6rk\u00f6dtet\u0151v\u00e9 \u00e9s k\u00e9nyelmess\u00e9 teszi a fog\u00e1st.<\/p>\n<p data-start=\"1043\" data-end=\"1235\">A nagykeresked\u0151k \u00e9s kiskeresked\u0151k sz\u00e1m\u00e1ra a <strong data-start=\"1078\" data-end=\"1109\">Bang Beach 20000 Puffs Vape<\/strong> er\u0151s kombin\u00e1ci\u00f3t k\u00edn\u00e1l a kapacit\u00e1s, a design \u00e9s a nagykereskedelmi \u00e9rt\u00e9k ter\u00e9n, \u00edgy versenyk\u00e9pes v\u00e1laszt\u00e1s az eldobhat\u00f3 vape piacon.<\/p>\n<figure id=\"attachment_3691\" aria-describedby=\"caption-attachment-3691\" style=\"width: 676px\" class=\"wp-caption alignnone\"><img fetchpriority=\"high\" decoding=\"async\" class=\"wp-image-3691\" src=\"https:\/\/vapestornado.com\/wp-content\/uploads\/2025\/01\/Bang-Beach-20000-puff-vape-best-sale-Germany.jpg\" alt=\"Bang Beach 20000 slukkos vape a legjobb elad\u00e1s Magyarorsz\u00e1gon\" width=\"676\" height=\"676\" srcset=\"https:\/\/vapestornado.com\/wp-content\/uploads\/2025\/01\/Bang-Beach-20000-puff-vape-best-sale-Germany.jpg 800w, https:\/\/vapestornado.com\/wp-content\/uploads\/2025\/01\/Bang-Beach-20000-puff-vape-best-sale-Germany-300x300.jpg 300w, https:\/\/vapestornado.com\/wp-content\/uploads\/2025\/01\/Bang-Beach-20000-puff-vape-best-sale-Germany-150x150.jpg 150w, https:\/\/vapestornado.com\/wp-content\/uploads\/2025\/01\/Bang-Beach-20000-puff-vape-best-sale-Germany-768x768.jpg 768w, https:\/\/vapestornado.com\/wp-content\/uploads\/2025\/01\/Bang-Beach-20000-puff-vape-best-sale-Germany-600x600.jpg 600w, https:\/\/vapestornado.com\/wp-content\/uploads\/2025\/01\/Bang-Beach-20000-puff-vape-best-sale-Germany-100x100.jpg 100w\" sizes=\"(max-width: 676px) 100vw, 676px\" \/><figcaption id=\"caption-attachment-3691\" class=\"wp-caption-text\">Bang Beach 20000 slukkos vape a legjobb elad\u00e1s Magyarorsz\u00e1gon<\/figcaption><\/figure>\n<\/div>\n<\/div>\n<p><img decoding=\"async\" class=\"alignleft wp-image-2951 size-medium\" src=\"https:\/\/vapestornado.com\/wp-content\/uploads\/2024\/12\/Wholesale-Disposable-Vape-265x300.jpg\" alt=\"Nagykereskedelmi eldobhat\u00f3 Vape\" width=\"265\" height=\"300\" srcset=\"https:\/\/vapestornado.com\/wp-content\/uploads\/2024\/12\/Wholesale-Disposable-Vape-265x300.jpg 265w, https:\/\/vapestornado.com\/wp-content\/uploads\/2024\/12\/Wholesale-Disposable-Vape-768x871.jpg 768w, https:\/\/vapestornado.com\/wp-content\/uploads\/2024\/12\/Wholesale-Disposable-Vape-600x680.jpg 600w, https:\/\/vapestornado.com\/wp-content\/uploads\/2024\/12\/Wholesale-Disposable-Vape.jpg 823w\" sizes=\"(max-width: 265px) 100vw, 265px\" \/><\/p>\n<h5>K\u00e9rj\u00fck, vegye fel a kapcsolatot Mandy WhatsApp-j\u00e1val a kedvezm\u00e9nyes \u00e1r\u00e9rt<a href=\"https:\/\/wa.me\/8618077105796\" target=\"_blank\" rel=\"noopener\">+8618077105796<\/a><\/h5>\n<div class=\"flex max-w-full flex-col flex-grow\">\n<div class=\"min-h-8 text-message flex w-full flex-col items-end gap-2 whitespace-normal break-words text-start [.text-message+&amp;]:mt-5\" dir=\"auto\" data-message-author-role=\"assistant\" data-message-id=\"cdb991c0-f594-4bff-b2d5-fbbdd7ce9e54\" data-message-model-slug=\"gpt-4o-mini\">\n<div class=\"flex w-full flex-col gap-1 empty:hidden first:pt-[3px]\">\n<div class=\"markdown prose w-full break-words dark:prose-invert light\"><\/div>\n<\/div>\n<\/div>\n<\/div>\n<div class=\"mb-2 flex gap-3 empty:hidden -ml-2\">\n<h2>Bang Beach 20000 slukkos f\u0151bb jellemz\u0151k:<\/h2>\n<ul>\n<li>Hosszabb g\u0151z\u00f6l\u00e9si \u00fcl\u00e9sek 20 000 slukkal.<\/li>\n<li>B\u0151s\u00e9ges 35 ml-es e-liquid kapacit\u00e1s a gazdag, tart\u00f3s \u00edzek\u00e9rt.<\/li>\n<li>\u00c1ll\u00edthat\u00f3 nikotinszintek a szem\u00e9lyre szabott el\u00e9gedetts\u00e9g\u00e9rt.<\/li>\n<li>Er\u0151teljes 650 mAh-s akkumul\u00e1tor a hosszan tart\u00f3 haszn\u00e1lathoz.<\/li>\n<li>Intelligens k\u00e9perny\u0151 a val\u00f3s idej\u0171 haszn\u00e1lati inform\u00e1ci\u00f3k\u00e9rt.<\/li>\n<li>St\u00edlusos, ergonomikus kialak\u00edt\u00e1s \u00e9l\u00e9nk sz\u00edn\u00e1tmenetes sz\u00ednekkel.<\/li>\n<\/ul>\n<\/div>\n<h2>Bang Beach 20000 slukkos \u00edzek:<\/h2>\n<p>1) H\u00e1romszoros bogy\u00f3s j\u00e9g<br \/>\n2) R\u00f3zsasz\u00edn limon\u00e1d\u00e9<br \/>\n3) \u00c1fonya M\u00e1lna<br \/>\n4) Vegyes bogy\u00f3sgy\u00fcm\u00f6lcs<br \/>\n5) Eper g\u00f6r\u00f6gdinnye<br \/>\n6) Epres j\u00e9g<br \/>\n7) Sz\u0151l\u0151s j\u00e9g<br \/>\n8) \u0150szibarack-mang\u00f3<br \/>\n9) K\u00e9km\u00e1lna j\u00e9g<br \/>\n10) Savany\u00fa alma<br \/>\n11) G\u00f6r\u00f6gdinnye j\u00e9g<br \/>\n12) \u0150szibarack j\u00e9g<\/p>\n<h2 data-pm-slice=\"1 1 []\">Mi\u00e9rt emelkedik ki a Bang Beach Smart Screen 20000 slukks vape bar?<\/h2>\n<p>A <strong>A Bang Beach Smart Screen 20000<\/strong> t\u00f6bb mint egy eldobhat\u00f3 vape; egy nagy teljes\u00edtm\u00e9ny\u0171 eszk\u00f6z, amelyet olyan vaperek sz\u00e1m\u00e1ra terveztek, akik kiv\u00e1l\u00f3 min\u0151s\u00e9get \u00e9s megb\u00edzhat\u00f3s\u00e1got keresnek. Kiterjedt slukksz\u00e1ma, robusztus akkumul\u00e1tora \u00e9s testreszabhat\u00f3 nikotinszil\u00e1rds\u00e1ga sokoldal\u00fa v\u00e1laszt\u00e1ss\u00e1 teszi minden vaping preferenci\u00e1hoz. Ak\u00e1r tapasztalt felhaszn\u00e1l\u00f3, ak\u00e1r kezd\u0151, az intelligens kijelz\u0151 funkci\u00f3 \u00e9s a felhaszn\u00e1l\u00f3bar\u00e1t kialak\u00edt\u00e1s emeli a vaping \u00e9lm\u00e9ny\u00e9t.<\/p>\n<div role=\"article\" data-tabster=\"{&quot;groupper&quot;:{&quot;tabbability&quot;:2},&quot;focusable&quot;:{}}\" data-content=\"ai-message\" aria-labelledby=\"dARUyEWDoEYhnSPXFwx5A-author dARUyEWDoEYhnSPXFwx5A-content\">\n<div id=\"dARUyEWDoEYhnSPXFwx5A-content\">\n<h2>Mi\u00e9rt \u00e9rdemes a Bang Beach Smart Screen 20000 slukkos term\u00e9ket v\u00e1lasztani? <a href=\"https:\/\/vapestornado.com\/hu\/product\/bang-box-35k-puffs-high-capacity-long-lasting-disposable-vape\/\">vapestornado.com-ot?<\/a><\/h2>\n<p>A vapestornado.com az \u00d6n v\u00e9gs\u0151 c\u00e9lpontja a pr\u00e9mium vaping term\u00e9kek ter\u00e9n, \u00e9s a <strong>Bang Beach Smart Screen 20000 slukkos<\/strong> sem kiv\u00e9tel. \u00cdme, mi\u00e9rt emelkedik ki ez az eszk\u00f6z, \u00e9s mi\u00e9rt a vapestornado.com a legjobb hely a v\u00e1s\u00e1rl\u00e1s\u00e1ra:<\/p>\n<h4><strong>*P\u00e1ratlan min\u0151s\u00e9g<\/strong><\/h4>\n<p>A vapestornado.com-on csak hiteles \u00e9s kiv\u00e1l\u00f3 min\u0151s\u00e9g\u0171 vaping term\u00e9keket k\u00edn\u00e1lunk. A Bang Beach Smart Screen 20000 slukkos eszk\u00f6zt a tart\u00f3ss\u00e1gra \u00e9s a teljes\u00edtm\u00e9nyre figyelemmel tervezt\u00e9k, \u00edgy minden haszn\u00e1latkor megb\u00edzhat\u00f3 \u00e9s \u00e9lvezetes \u00e9lm\u00e9nyt ny\u00fajt.<\/p>\n<h4><strong>*Versenyk\u00e9pes \u00e1raz\u00e1s<\/strong><\/h4>\n<p>A vapestornado.com a Bang Beach Smart Screen 20000 slukkos term\u00e9ket rendk\u00edv\u00fcl versenyk\u00e9pes \u00e1ron k\u00edn\u00e1lja, biztos\u00edtva, hogy a cs\u00facsterm\u00e9k\u00e9rt kiv\u00e1l\u00f3 \u00e9rt\u00e9ket kapjon.<\/p>\n<h4><strong>*Gyors sz\u00e1ll\u00edt\u00e1s<\/strong><\/h4>\n<p>\u00c9lvezze a gyors, megb\u00edzhat\u00f3 sz\u00e1ll\u00edt\u00e1st orsz\u00e1gszerte, biztos\u00edtva, hogy a vaping \u00e9lm\u00e9nye soha ne k\u00e9slekedjen.<\/p>\n<h4><strong>\u00dcgyf\u00e9lk\u00f6zpont\u00fa t\u00e1mogat\u00e1s<\/strong><\/h4>\n<p>Elk\u00f6telezett t\u00e1mogat\u00f3 csapatunk k\u00e9szen \u00e1ll, hogy seg\u00edtsen b\u00e1rmilyen k\u00e9rd\u00e9s eset\u00e9n, z\u00f6kken\u0151mentes v\u00e1s\u00e1rl\u00e1si \u00e9lm\u00e9nyt biztos\u00edtva.<\/p>\n<p>Fejleszd a vaping \u00e9lm\u00e9nyedet m\u00e9g ma a <strong>Bang Beach Vape 20k Puffs \u00fajrat\u00f6lthet\u0151 vape-pel<\/strong>, amely kiz\u00e1r\u00f3lag a vapestornado.com oldalon \u00e9rhet\u0151 el\u2014megb\u00edzhat\u00f3 partnered minden, a vapinggal kapcsolatos dologban!<\/p>\n<p>Fejleszd a vaping \u00e9lm\u00e9nyedet m\u00e9g ma a <strong>Bang Beach 20000 Puffs vape podok<\/strong>, amely kiz\u00e1r\u00f3lag a vapestornado.com oldalon \u00e9rhet\u0151 el\u2014megb\u00edzhat\u00f3 partnered minden, a vapinggal kapcsolatos dologban!<\/p>\n<\/div>\n<\/div>\n<h2>GYIK a Bang Beach Vape 20000 Puffs nagykereskedelmi v\u00e1s\u00e1rl\u00e1s\u00e1r\u00f3l<\/h2>\n<p><strong>1. Hogyan adhatok le nagykereskedelmi megrendel\u00e9st a Bang Beach Vape 20000 Puffs-ra?<\/strong><br \/>\nL\u00e1togass el egy megb\u00edzhat\u00f3 besz\u00e1ll\u00edt\u00f3hoz, mint a vapestornado.com, b\u00f6ng\u00e9szd a Bang Beach Vape term\u00e9koldal\u00e1t, \u00e9s v\u00e1laszd a nagykereskedelmi mennyis\u00e9g opci\u00f3t. Alternat\u00edv megold\u00e1sk\u00e9nt l\u00e9pj kapcsolatba az \u00fcgyf\u00e9lszolg\u00e1lati csapatukkal a nagy megrendel\u00e9sekkel kapcsolatos seg\u00edts\u00e9g\u00e9rt.<\/p>\n<p><strong>2. Milyen sz\u00e1ll\u00edt\u00e1si lehet\u0151s\u00e9gek vannak a bangvape 20000puff nagykereskedelmi megrendel\u00e9sekre?<\/strong><br \/>\nA t\u00f6meges megrendel\u00e9seket biztons\u00e1gosan sz\u00e1ll\u00edtjuk, hogy megv\u00e9dj\u00fck a term\u00e9ket a sz\u00e1ll\u00edt\u00e1s sor\u00e1n. Sok besz\u00e1ll\u00edt\u00f3 k\u00edn\u00e1l expressz sz\u00e1ll\u00edt\u00e1si opci\u00f3kat \u00e9s nyomk\u00f6vet\u00e9si szolg\u00e1ltat\u00e1sokat a pontos k\u00e9zbes\u00edt\u00e9s \u00e9rdek\u00e9ben.<\/p>\n<p><strong>3. A Bang Beach Vape 20000 puffs eldobhat\u00f3 e-cigaretta alkalmas nagykereskedelmi forgalmaz\u00e1sra?<\/strong><br \/>\nTeljesen. Fejlett funkci\u00f3ival, hosszan tart\u00f3 teljes\u00edtm\u00e9ny\u00e9vel \u00e9s st\u00edlusos kialak\u00edt\u00e1s\u00e1val a Bang Beach Vape 20000 rendk\u00edv\u00fcl vonz\u00f3 a fogyaszt\u00f3k sz\u00e1m\u00e1ra, \u00edgy kiv\u00e1l\u00f3 v\u00e1laszt\u00e1s a nagykereskedelmi forgalmaz\u00e1sra.<\/p>\n<p><strong>4. Hogyan gy\u0151z\u0151dhetek meg arr\u00f3l, hogy eredeti Bang Beach Vape term\u00e9keket v\u00e1s\u00e1rolok?<\/strong><br \/>\nMindig megb\u00edzhat\u00f3 besz\u00e1ll\u00edt\u00f3kt\u00f3l vagy hivatalos forgalmaz\u00f3kt\u00f3l, p\u00e9ld\u00e1ul a vapestornado.com-t\u00f3l v\u00e1s\u00e1roljon, hogy garant\u00e1lja az eredetis\u00e9get \u00e9s a min\u0151s\u00e9get. Ker\u00fclje az ellen\u0151rizetlen elad\u00f3kat a hamis\u00edtv\u00e1nyok elker\u00fcl\u00e9se \u00e9rdek\u00e9ben.<\/p>","protected":false},"excerpt":{"rendered":"<p>A Bang Beach 20000 Puffs ak\u00e1r 20 000 slukkot, 35 ml el\u0151ret\u00f6lt\u00f6tt e-liquidet, testreszabhat\u00f3 nikotinszinteket (0%, 2%, 3%, 5%), egy 650 mAh-s \u00fajrat\u00f6lthet\u0151 akkumul\u00e1tort \u00e9s egy intelligens kijelz\u0151t k\u00edn\u00e1l a haszn\u00e1lat nyomon k\u00f6vet\u00e9s\u00e9hez. St\u00edlusos \u00e9s tart\u00f3s vape, t\u00f6k\u00e9letes minden g\u0151z\u00f6l\u00e9si ig\u00e9nyhez.<\/p>\n<figure id=\"attachment_2951\" aria-describedby=\"caption-attachment-2951\" style=\"width: 265px\" class=\"wp-caption alignnone\"><img decoding=\"async\" class=\"size-medium wp-image-2951\" src=\"https:\/\/vapestornado.com\/wp-content\/uploads\/2024\/12\/Wholesale-Disposable-Vape-265x300.jpg\" alt=\"Nagykereskedelmi eldobhat\u00f3 Vape\" width=\"265\" height=\"300\" srcset=\"https:\/\/vapestornado.com\/wp-content\/uploads\/2024\/12\/Wholesale-Disposable-Vape-265x300.jpg 265w, https:\/\/vapestornado.com\/wp-content\/uploads\/2024\/12\/Wholesale-Disposable-Vape-768x871.jpg 768w, https:\/\/vapestornado.com\/wp-content\/uploads\/2024\/12\/Wholesale-Disposable-Vape-600x680.jpg 600w, https:\/\/vapestornado.com\/wp-content\/uploads\/2024\/12\/Wholesale-Disposable-Vape.jpg 823w\" sizes=\"(max-width: 265px) 100vw, 265px\" \/><figcaption id=\"caption-attachment-2951\" class=\"wp-caption-text\">K\u00e9rj\u00fck, vegye fel a kapcsolatot Mandy WhatsApp-j\u00e1val a kedvezm\u00e9nyes \u00e1r\u00e9rt\u00a0 <a href=\"https:\/\/wa.me\/8618077105796\">+8618077105796<\/a><\/figcaption><\/figure>\n<p>&nbsp;<\/p>","protected":false},"featured_media":3693,"comment_status":"open","ping_status":"closed","template":"","meta":{"_acf_changed":false,"_uag_custom_page_level_css":"","_lmt_disableupdate":"no","_lmt_disable":"","_monsterinsights_skip_tracking":false,"_monsterinsights_sitenote_active":false,"_monsterinsights_sitenote_note":"","_monsterinsights_sitenote_category":0,"site-sidebar-layout":"default","site-content-layout":"","ast-site-content-layout":"default","site-content-style":"default","site-sidebar-style":"default","ast-global-header-display":"","ast-banner-title-visibility":"","ast-main-header-display":"","ast-hfb-above-header-display":"","ast-hfb-below-header-display":"","ast-hfb-mobile-header-display":"","site-post-title":"","ast-breadcrumbs-content":"","ast-featured-img":"","footer-sml-layout":"","ast-disable-related-posts":"","theme-transparent-header-meta":"default","adv-header-id-meta":"","stick-header-meta":"","header-above-stick-meta":"","header-main-stick-meta":"","header-below-stick-meta":"","astra-migrate-meta-layouts":"set","ast-page-background-enabled":"default","ast-page-background-meta":{"desktop":{"background-color":"","background-image":"","background-repeat":"repeat","background-position":"center center","background-size":"auto","background-attachment":"scroll","background-type":"","background-media":"","overlay-type":"","overlay-color":"","overlay-opacity":"","overlay-gradient":""},"tablet":{"background-color":"","background-image":"","background-repeat":"repeat","background-position":"center center","background-size":"auto","background-attachment":"scroll","background-type":"","background-media":"","overlay-type":"","overlay-color":"","overlay-opacity":"","overlay-gradient":""},"mobile":{"background-color":"","background-image":"","background-repeat":"repeat","background-position":"center center","background-size":"auto","background-attachment":"scroll","background-type":"","background-media":"","overlay-type":"","overlay-color":"","overlay-opacity":"","overlay-gradient":""}},"ast-content-background-meta":{"desktop":{"background-color":"var(--ast-global-color-5)","background-image":"","background-repeat":"repeat","background-position":"center center","background-size":"auto","background-attachment":"scroll","background-type":"","background-media":"","overlay-type":"","overlay-color":"","overlay-opacity":"","overlay-gradient":""},"tablet":{"background-color":"var(--ast-global-color-5)","background-image":"","background-repeat":"repeat","background-position":"center center","background-size":"auto","background-attachment":"scroll","background-type":"","background-media":"","overlay-type":"","overlay-color":"","overlay-opacity":"","overlay-gradient":""},"mobile":{"background-color":"var(--ast-global-color-5)","background-image":"","background-repeat":"repeat","background-position":"center center","background-size":"auto","background-attachment":"scroll","background-type":"","background-media":"","overlay-type":"","overlay-color":"","overlay-opacity":"","overlay-gradient":""}},"_joinchat":{"telephone":"+8618077105796"}},"product_brand":[],"product_cat":[69,62,151,157],"product_tag":[229,97,98],"class_list":{"0":"post-3690","1":"product","2":"type-product","3":"status-publish","4":"has-post-thumbnail","6":"product_cat-20000-puff","7":"product_cat-bang-vape","8":"product_cat-buy-disposable-vapes-in-france","9":"product_cat-buy-disposable-vapes-in-portugal","10":"product_tag-bang-beach-20000-puffs","11":"product_tag-hot-sale-disposable-vape","12":"product_tag-wholesale-price-disposable-vape","13":"desktop-align-left","14":"tablet-align-left","15":"mobile-align-left","17":"first","18":"instock","19":"sale","20":"shipping-taxable","21":"purchasable","22":"product-type-simple"},"acf":[],"uagb_featured_image_src":{"full":["https:\/\/vapestornado.com\/wp-content\/uploads\/2025\/01\/Bang-Beach-20000-puff-vape-good-sale-Germany.webp",800,800,false],"thumbnail":["https:\/\/vapestornado.com\/wp-content\/uploads\/2025\/01\/Bang-Beach-20000-puff-vape-good-sale-Germany-150x150.webp",150,150,true],"medium":["https:\/\/vapestornado.com\/wp-content\/uploads\/2025\/01\/Bang-Beach-20000-puff-vape-good-sale-Germany-300x300.webp",300,300,true],"medium_large":["https:\/\/vapestornado.com\/wp-content\/uploads\/2025\/01\/Bang-Beach-20000-puff-vape-good-sale-Germany-768x768.webp",768,768,true],"large":["https:\/\/vapestornado.com\/wp-content\/uploads\/2025\/01\/Bang-Beach-20000-puff-vape-good-sale-Germany.webp",800,800,false],"1536x1536":["https:\/\/vapestornado.com\/wp-content\/uploads\/2025\/01\/Bang-Beach-20000-puff-vape-good-sale-Germany.webp",800,800,false],"2048x2048":["https:\/\/vapestornado.com\/wp-content\/uploads\/2025\/01\/Bang-Beach-20000-puff-vape-good-sale-Germany.webp",800,800,false],"trp-custom-language-flag":["https:\/\/vapestornado.com\/wp-content\/uploads\/2025\/01\/Bang-Beach-20000-puff-vape-good-sale-Germany.webp",12,12,false],"woocommerce_thumbnail":["https:\/\/vapestornado.com\/wp-content\/uploads\/2025\/01\/Bang-Beach-20000-puff-vape-good-sale-Germany-300x300.webp",300,300,true],"woocommerce_single":["https:\/\/vapestornado.com\/wp-content\/uploads\/2025\/01\/Bang-Beach-20000-puff-vape-good-sale-Germany-600x600.webp",600,600,true],"woocommerce_gallery_thumbnail":["https:\/\/vapestornado.com\/wp-content\/uploads\/2025\/01\/Bang-Beach-20000-puff-vape-good-sale-Germany-100x100.webp",100,100,true]},"uagb_author_info":{"display_name":"ESMANDY","author_link":"https:\/\/vapestornado.com\/hu\/author\/"},"uagb_comment_info":0,"uagb_excerpt":"Bang Beach 20000 Puffs offers up to 20,000 puffs, a 35ml pre-filled e-liquid, customizable nicotine levels (0%, 2%, 3%, 5%), a 650mAh rechargeable battery, and a smart screen for tracking usage. Stylish and long-lasting vape, perfect for every vaping need. [caption id=\"attachment_2951\" align=\"alignnone\" width=\"265\"] Pls Contact Mandy's WhatsApp For Discount Price\u00a0 +8618077105796[\/caption] &nbsp;","_links":{"self":[{"href":"https:\/\/vapestornado.com\/hu\/wp-json\/wp\/v2\/product\/3690","targetHints":{"allow":["GET"]}}],"collection":[{"href":"https:\/\/vapestornado.com\/hu\/wp-json\/wp\/v2\/product"}],"about":[{"href":"https:\/\/vapestornado.com\/hu\/wp-json\/wp\/v2\/types\/product"}],"replies":[{"embeddable":true,"href":"https:\/\/vapestornado.com\/hu\/wp-json\/wp\/v2\/comments?post=3690"}],"wp:featuredmedia":[{"embeddable":true,"href":"https:\/\/vapestornado.com\/hu\/wp-json\/wp\/v2\/media\/3693"}],"wp:attachment":[{"href":"https:\/\/vapestornado.com\/hu\/wp-json\/wp\/v2\/media?parent=3690"}],"wp:term":[{"taxonomy":"product_brand","embeddable":true,"href":"https:\/\/vapestornado.com\/hu\/wp-json\/wp\/v2\/product_brand?post=3690"},{"taxonomy":"product_cat","embeddable":true,"href":"https:\/\/vapestornado.com\/hu\/wp-json\/wp\/v2\/product_cat?post=3690"},{"taxonomy":"product_tag","embeddable":true,"href":"https:\/\/vapestornado.com\/hu\/wp-json\/wp\/v2\/product_tag?post=3690"}],"curies":[{"name":"wp","href":"https:\/\/api.w.org\/{rel}","templated":true}]}}