{"id":3668,"date":"2025-01-03T09:09:38","date_gmt":"2025-01-03T09:09:38","guid":{"rendered":"https:\/\/vapestornado.com\/?post_type=product&#038;p=3668"},"modified":"2025-08-23T10:46:05","modified_gmt":"2025-08-23T10:46:05","slug":"wholesale-waspe-40000-puffs-dual-flavor-disposable-vape","status":"publish","type":"product","link":"https:\/\/vapestornado.com\/hu\/product\/wholesale-waspe-40000-puffs-dual-flavor-disposable-vape\/","title":{"rendered":"Nagykereskedelmi Waspe 40000 Sz\u00edv\u00e1s Kett\u0151s \u00cdz\u0171 Eldobhat\u00f3 Vape"},"content":{"rendered":"<h1>Nagykereskedelmi Waspe 40000 Sz\u00edv\u00e1s Kett\u0151s \u00cdz\u0171 Eldobhat\u00f3 Vape<\/h1>\n<p data-start=\"276\" data-end=\"565\">A <strong data-start=\"280\" data-end=\"329\">Waspe 40000 Puffs Kett\u0151s \u00cdz\u0171 Eldobhat\u00f3 Vape<\/strong> nagykeresked\u0151k \u00e9s kiskeresked\u0151k sz\u00e1m\u00e1ra k\u00e9sz\u00fclt, akik nagy kapacit\u00e1s\u00fa, egyedi funkci\u00f3kkal rendelkez\u0151 eszk\u00f6zt keresnek. Ak\u00e1r <strong data-start=\"437\" data-end=\"453\">40 000 puffot<\/strong> \u00e9s egy <strong data-start=\"460\" data-end=\"482\">36 ml-es e-liquid tart\u00e1llyal<\/strong>haszn\u00e1lat\u00e1val ez a vape hosszabb haszn\u00e1latot biztos\u00edt, cs\u00f6kkentve a gyakori cser\u00e9k sz\u00fcks\u00e9gess\u00e9g\u00e9t.<\/p>\n<p data-start=\"567\" data-end=\"847\">Mit\u0151l egyedi a Bang Vape 35000? <strong data-start=\"571\" data-end=\"593\">kett\u0151s \u00edzrendszer<\/strong> lehet\u0151v\u00e9 teszi a felhaszn\u00e1l\u00f3k sz\u00e1m\u00e1ra, hogy egyetlen eszk\u00f6z\u00f6n bel\u00fcl v\u00e1ltsanak k\u00e9t \u00edzprofil k\u00f6z\u00f6tt, n\u00f6velve a v\u00e1ltozatoss\u00e1got \u00e9s a v\u00e1s\u00e1rl\u00f3i vonzer\u0151t. A k\u00f6vetkez\u0151vel felszerelve <strong data-start=\"721\" data-end=\"752\">850mAh-s \u00fajrat\u00f6lthet\u0151 akkumul\u00e1torral<\/strong> \u00e9s a <strong data-start=\"757\" data-end=\"781\">Type-C gyorst\u00f6lt\u00e9ssel<\/strong>a Waspe 40K megb\u00edzhat\u00f3 teljes\u00edtm\u00e9nyt biztos\u00edt eg\u00e9sz nap.<\/p>\n<p data-start=\"849\" data-end=\"1132\">A <strong data-start=\"853\" data-end=\"874\">LED intelligens kijelz\u0151<\/strong> t\u00e1j\u00e9koztatja a felhaszn\u00e1l\u00f3kat az akkumul\u00e1tor \u00e9lettartam\u00e1r\u00f3l \u00e9s az e-liquid szintj\u00e9r\u0151l, mik\u00f6zben a <strong data-start=\"946\" data-end=\"965\">0,9\u03a9-os mesh tekercsek<\/strong> sim\u00e1bb g\u0151ztermel\u00e9st \u00e9s mer\u00e9sz \u00edzt biztos\u00edtanak. El\u00e9rhet\u0151 <strong data-start=\"1028\" data-end=\"1060\">2% \u00e9s 5% nikotinszint<\/strong>v\u00e1ltozatban, a k\u00f6nnyebb felhaszn\u00e1l\u00f3knak \u00e9s azoknak is megfelel, akik er\u0151sebb \u00fct\u00e9st szeretnek.<\/p>\n<p data-start=\"1134\" data-end=\"1325\">Az eur\u00f3pai forgalmaz\u00f3k sz\u00e1m\u00e1ra a <strong data-start=\"1165\" data-end=\"1197\">Waspe 40000 Kett\u0151s \u00cdz\u0171 Vape<\/strong> nagy kapacit\u00e1st, modern diz\u00e1jnt \u00e9s <strong data-start=\"1242\" data-end=\"1275\">versenyk\u00e9pes nagykereskedelmi \u00e1rakb\u00f3l<\/strong>kombin\u00e1l, \u00edgy nyeres\u00e9ges v\u00e1laszt\u00e1s a t\u00f6meges megrendel\u00e9sekhez.<\/p>\n<p><img fetchpriority=\"high\" decoding=\"async\" class=\"alignnone size-medium wp-image-4246\" src=\"https:\/\/vapestornado.com\/wp-content\/uploads\/2024\/12\/Waspe-DOUBLE-FLAVOUR-40k-Vape-Discount-Price-300x234.jpg\" alt=\"Waspe KETT\u0150S \u00cdZ\u0170 40k Vape Kedvezm\u00e9nyes \u00c1ron\" width=\"300\" height=\"234\" srcset=\"https:\/\/vapestornado.com\/wp-content\/uploads\/2024\/12\/Waspe-DOUBLE-FLAVOUR-40k-Vape-Discount-Price-300x234.jpg 300w, https:\/\/vapestornado.com\/wp-content\/uploads\/2024\/12\/Waspe-DOUBLE-FLAVOUR-40k-Vape-Discount-Price-1024x799.jpg 1024w, https:\/\/vapestornado.com\/wp-content\/uploads\/2024\/12\/Waspe-DOUBLE-FLAVOUR-40k-Vape-Discount-Price-768x600.jpg 768w, https:\/\/vapestornado.com\/wp-content\/uploads\/2024\/12\/Waspe-DOUBLE-FLAVOUR-40k-Vape-Discount-Price-15x12.jpg 15w, https:\/\/vapestornado.com\/wp-content\/uploads\/2024\/12\/Waspe-DOUBLE-FLAVOUR-40k-Vape-Discount-Price-600x468.jpg 600w, https:\/\/vapestornado.com\/wp-content\/uploads\/2024\/12\/Waspe-DOUBLE-FLAVOUR-40k-Vape-Discount-Price.jpg 1500w\" sizes=\"(max-width: 300px) 100vw, 300px\" \/><\/p>\n<h3>Term\u00e9k le\u00edr\u00e1s<\/h3>\n<p>Slukkok: 40000 slukk<br \/>\nDupla \u00edz<br \/>\nH\u00e1l\u00f3s tekercs: 0,9 ohm+0,9 ohm<br \/>\nE-liquid: 36 ml<br \/>\nNikotin: 0%\/2%\/5%<br \/>\nAkkumul\u00e1tor: 850mah<br \/>\n\u00dajrat\u00f6lthet\u0151: Type-C<br \/>\nLED kijelz\u0151<br \/>\nTerm\u00e9k s\u00falya: 120g\/db Term\u00e9k m\u00e9rete: 61*31*115mm<br \/>\nMennyis\u00e9g: 160db\/karton, 10db\/doboz<br \/>\nBrutt\u00f3 s\u00faly: 20kg<\/p>\n<h3><strong>Waspe 40000 Puffs Kett\u0151s \u00cdz<\/strong> Jellemz\u0151k<\/h3>\n<ol>\n<li><strong>Kett\u0151s \u00cdzrendszer:<\/strong> \u00c9lvezzen k\u00e9t k\u00fcl\u00f6n\u00e1ll\u00f3 \u00edzt egyetlen eszk\u00f6zben az egyedi g\u0151z\u00f6l\u00e9si \u00e9lm\u00e9ny\u00e9rt.<\/li>\n<li><strong>Hatalmas slukksz\u00e1m:<\/strong> Ak\u00e1r 40 000 slukkot biztos\u00edt egys\u00e9genk\u00e9nt a hosszan tart\u00f3 haszn\u00e1lat \u00e9rdek\u00e9ben.<\/li>\n<li><strong>\u00dajrat\u00f6lthet\u0151 akkumul\u00e1tor:<\/strong> 850 mAh kapacit\u00e1s Type-C gyors t\u00f6lt\u00e9ssel.<\/li>\n<li><strong>Nagy E-liquid Kapacit\u00e1s:<\/strong> A 36 ml e-liquid megszak\u00edt\u00e1s n\u00e9lk\u00fcli g\u0151z\u00f6l\u00e9si \u00e9lm\u00e9nyt biztos\u00edt.<\/li>\n<li><strong>H\u00e1l\u00f3s tekercs technol\u00f3gia:<\/strong> 0,9 ohmos tekercsek a fokozott \u00edz\u00e9rt \u00e9s a sima g\u0151ztermel\u00e9s\u00e9rt.<\/li>\n<\/ol>\n<h3>\u00cdzlista<\/h3>\n<ol start=\"1\" data-spread=\"false\" data-pm-slice=\"3 3 []\">\n<li>G\u00f6r\u00f6gdinnye j\u00e9g \/ Citrom lime<\/li>\n<li>Sz\u00e9nsavas cseresznye j\u00e9g \/ \u00c1fonya vattacukor<\/li>\n<li>Eper g\u00f6r\u00f6gdinnye \/ \u00c1fonya m\u00e1lna<\/li>\n<li>Red Bull j\u00e9g \/ Eper mang\u00f3<\/li>\n<li>\u0150szibarack j\u00e9g \/ Anan\u00e1sz mang\u00f3 \u0151szibarack<\/li>\n<li>Sz\u0151l\u0151 j\u00e9g \/ Eper kivi<\/li>\n<li>Vegyes bogy\u00f3s gy\u00fcm\u00f6lcs\u00f6k \/ Dupla alma j\u00e9g<\/li>\n<li>K\u00e9k m\u00e1lna limon\u00e1d\u00e9 \/ G\u00f6r\u00f6gdinnye r\u00e1g\u00f3gumi<\/li>\n<li>Eper m\u00e1lna cseresznye \/ Szerelem 666<\/li>\n<li>Eper ban\u00e1n \/ Anan\u00e1sz k\u00f3kusz j\u00e9g<\/li>\n<li>Eper g\u00f6r\u00f6gdinnye r\u00e1g\u00f3gumi \/ Vegyes gy\u00fcm\u00f6lcs<\/li>\n<li>Cseresznye k\u00f3la j\u00e9g \/ Eper m\u00e1lna cukorka<\/li>\n<li>Savany\u00fa alma m\u00e1lna \/ Eper nagy robban\u00e1s<\/li>\n<li>\u0150szibarack bogy\u00f3s gy\u00fcm\u00f6lcs \/ G\u00f6r\u00f6gdinnye mang\u00f3 \u0151szibarack<\/li>\n<li>\u00c1fonya j\u00e9g \/ Fekete s\u00e1rk\u00e1ny j\u00e9g<\/li>\n<li>Eper cseresznye \/ Kivi maracuja guava<\/li>\n<\/ol>\n<h4><strong>Top 5 \u00edz<\/strong><\/h4>\n<ol start=\"1\" data-spread=\"false\">\n<li><strong>G\u00f6r\u00f6gdinnye j\u00e9g \/ Citrom lime:<\/strong> A ny\u00e1ri gy\u00fcm\u00f6lcs\u00f6k friss\u00edt\u0151 robban\u00e1sa citrusos f\u0171szerez\u00e9ssel.<\/li>\n<li><strong>Sz\u00e9nsavas cseresznye j\u00e9g \/ \u00c1fonya vattacukor:<\/strong> \u00c9des \u00e9s sz\u00e9nsavas t\u00f6k\u00e9letess\u00e9g desszertkedvel\u0151knek.<\/li>\n<li><strong>Eper dinnye \/ \u00c1fonya m\u00e1lna:<\/strong> Gy\u00fcm\u00f6lcs\u00f6s kever\u00e9k, amely egyszerre \u00e9des \u00e9s savany\u00fa.<\/li>\n<li><strong>Red Bull j\u00e9g \/ Eper mang\u00f3:<\/strong> Energiz\u00e1l\u00f3 \u00e9s tr\u00f3pusi, t\u00f6k\u00e9letes a felfriss\u00fcl\u00e9shez.<\/li>\n<li><strong>Barack j\u00e9g \/ Anan\u00e1sz mang\u00f3 barack:<\/strong> Tr\u00f3pusi tri\u00f3 h\u0171s, jeges lecseng\u00e9ssel.<\/li>\n<\/ol>\n<h2 data-start=\"135\" data-end=\"179\">WASPE Sorozat \u00d6sszehasonl\u00edt\u00e1s (Nagykereskedelmi \u00datmutat\u00f3)<\/h2>\n<p data-start=\"181\" data-end=\"206\"><strong data-start=\"181\" data-end=\"204\">WASPE Tornado 15000<\/strong><\/p>\n<ul data-start=\"207\" data-end=\"569\">\n<li data-start=\"207\" data-end=\"224\">\n<p data-start=\"209\" data-end=\"224\">Puffok: 15 000<\/p>\n<\/li>\n<li data-start=\"225\" data-end=\"257\">\n<p data-start=\"227\" data-end=\"257\">Akkumul\u00e1tor: 850mAh \u00fajrat\u00f6lthet\u0151<\/p>\n<\/li>\n<li data-start=\"258\" data-end=\"285\">\n<p data-start=\"260\" data-end=\"285\">E-liquid kapacit\u00e1s: 25ml<\/p>\n<\/li>\n<li data-start=\"286\" data-end=\"310\">\n<p data-start=\"288\" data-end=\"310\">Tekercs t\u00edpusa: Mesh 0.8\u03a9<\/p>\n<\/li>\n<li data-start=\"311\" data-end=\"382\">\n<p data-start=\"313\" data-end=\"382\">F\u0151bb jellemz\u0151k: Digit\u00e1lis kijelz\u0151, kompakt kialak\u00edt\u00e1s, Type-C gyorst\u00f6lt\u00e9s<\/p>\n<\/li>\n<li data-start=\"383\" data-end=\"419\">\n<p data-start=\"385\" data-end=\"419\">Nikotin opci\u00f3k: 0%, 2%, 3%, 5%<\/p>\n<\/li>\n<li data-start=\"420\" data-end=\"499\">\n<p data-start=\"422\" data-end=\"499\">C\u00e9lk\u00f6z\u00f6ns\u00e9g: Kezd\u0151 felhaszn\u00e1l\u00f3k, kiskeresked\u0151k, akik megfizethet\u0151 k\u00e9szletet keresnek<\/p>\n<\/li>\n<li data-start=\"500\" data-end=\"569\">\n<p data-start=\"502\" data-end=\"569\">Nagykereskedelmi kulcsszavak: Waspe 15K eldobhat\u00f3 vape, nagykereskedelmi vape toll<\/p>\n<\/li>\n<\/ul>\n<hr data-start=\"571\" data-end=\"574\" \/>\n<p data-start=\"576\" data-end=\"601\"><strong data-start=\"576\" data-end=\"599\">WASPE 25000 Digit\u00e1lis<\/strong><\/p>\n<ul data-start=\"602\" data-end=\"1000\">\n<li data-start=\"602\" data-end=\"619\">\n<p data-start=\"604\" data-end=\"619\">F\u00faj\u00e1sok: 25 000<\/p>\n<\/li>\n<li data-start=\"620\" data-end=\"652\">\n<p data-start=\"622\" data-end=\"652\">Akkumul\u00e1tor: 850mAh \u00fajrat\u00f6lthet\u0151<\/p>\n<\/li>\n<li data-start=\"653\" data-end=\"680\">\n<p data-start=\"655\" data-end=\"680\">E-liquid kapacit\u00e1s: 28ml<\/p>\n<\/li>\n<li data-start=\"681\" data-end=\"705\">\n<p data-start=\"683\" data-end=\"705\">Tekercs t\u00edpusa: Mesh 1.0\u03a9<\/p>\n<\/li>\n<li data-start=\"706\" data-end=\"794\">\n<p data-start=\"708\" data-end=\"794\">F\u0151bb jellemz\u0151k: Okos LED kijelz\u0151, kett\u0151s \u00edzkapcsol\u00f3, k\u00f6rnyezetbar\u00e1t \u00fajrat\u00f6lthet\u0151 kialak\u00edt\u00e1s<\/p>\n<\/li>\n<li data-start=\"795\" data-end=\"831\">\n<p data-start=\"797\" data-end=\"831\">Nikotin opci\u00f3k: 0%, 2%, 3%, 5%<\/p>\n<\/li>\n<li data-start=\"832\" data-end=\"919\">\n<p data-start=\"834\" data-end=\"919\">C\u00e9lk\u00f6z\u00f6ns\u00e9g: Kiskeresked\u0151k, akik k\u00f6z\u00e9pkateg\u00f3ri\u00e1s v\u00e1s\u00e1rl\u00f3kat c\u00e9loznak meg, magyarorsz\u00e1gi forgalmaz\u00f3k<\/p>\n<\/li>\n<li data-start=\"920\" data-end=\"1000\">\n<p data-start=\"922\" data-end=\"1000\">Nagykereskedelmi kulcsszavak: Waspe 25K digit\u00e1lis vape, kett\u0151s \u00edz\u0171 eldobhat\u00f3 nagykereskedelem<\/p>\n<\/li>\n<\/ul>\n<hr data-start=\"1002\" data-end=\"1005\" \/>\n<p data-start=\"1007\" data-end=\"1042\"><strong data-start=\"1007\" data-end=\"1040\">WASPE FIHP 30000 Okos kijelz\u0151<\/strong><\/p>\n<ul data-start=\"1043\" data-end=\"1431\">\n<li data-start=\"1043\" data-end=\"1060\">\n<p data-start=\"1045\" data-end=\"1060\">F\u00faj\u00e1sok: 30 000<\/p>\n<\/li>\n<li data-start=\"1061\" data-end=\"1093\">\n<p data-start=\"1063\" data-end=\"1093\">Akkumul\u00e1tor: 850mAh \u00fajrat\u00f6lthet\u0151<\/p>\n<\/li>\n<li data-start=\"1094\" data-end=\"1121\">\n<p data-start=\"1096\" data-end=\"1121\">E-liquid kapacit\u00e1s: 28ml<\/p>\n<\/li>\n<li data-start=\"1122\" data-end=\"1158\">\n<p data-start=\"1124\" data-end=\"1158\">Tekercs t\u00edpusa: Dupla Mesh 1.0\u03a9 + 1.0\u03a9<\/p>\n<\/li>\n<li data-start=\"1159\" data-end=\"1246\">\n<p data-start=\"1161\" data-end=\"1246\">F\u0151bb jellemz\u0151k: Okos kijelz\u0151, k\u00e9t vaping m\u00f3d (Norm\u00e1l<\/p>\n<\/li>\n<li data-start=\"1247\" data-end=\"1275\">\n<p data-start=\"1249\" data-end=\"1275\">Nikotin opci\u00f3k: 2%, 5%<\/p>\n<\/li>\n<li data-start=\"1276\" data-end=\"1352\">\n<p data-start=\"1278\" data-end=\"1352\">C\u00e9lk\u00f6z\u00f6ns\u00e9g: Pr\u00e9mium term\u00e9kekre f\u00f3kusz\u00e1l\u00f3 boltok, \u00edzrajong\u00f3k<\/p>\n<\/li>\n<li data-start=\"1353\" data-end=\"1431\">\n<p data-start=\"1355\" data-end=\"1431\">Nagykereskedelmi kulcsszavak: Waspe FIHP 30K vape, okos kijelz\u0151s eldobhat\u00f3 nagykereskedelem<\/p>\n<\/li>\n<\/ul>\n<hr data-start=\"1433\" data-end=\"1436\" \/>\n<p data-start=\"1438\" data-end=\"1467\"><strong data-start=\"1438\" data-end=\"1465\">WASPE 40000 Kett\u0151s \u00edz<\/strong><\/p>\n<ul data-start=\"1468\" data-end=\"1847\">\n<li data-start=\"1468\" data-end=\"1485\">\n<p data-start=\"1470\" data-end=\"1485\">F\u00faj\u00e1sok: 40 000<\/p>\n<\/li>\n<li data-start=\"1486\" data-end=\"1518\">\n<p data-start=\"1488\" data-end=\"1518\">Akkumul\u00e1tor: 850mAh \u00fajrat\u00f6lthet\u0151<\/p>\n<\/li>\n<li data-start=\"1519\" data-end=\"1546\">\n<p data-start=\"1521\" data-end=\"1546\">E-folyad\u00e9k kapacit\u00e1s: 36ml<\/p>\n<\/li>\n<li data-start=\"1547\" data-end=\"1576\">\n<p data-start=\"1549\" data-end=\"1576\">Tekercs t\u00edpusa: Dupla Mesh 0.9\u03a9<\/p>\n<\/li>\n<li data-start=\"1577\" data-end=\"1655\">\n<p data-start=\"1579\" data-end=\"1655\">F\u0151bb jellemz\u0151k: Kett\u0151s \u00edzrendszer, LED intelligens kijelz\u0151, hossz\u00fa \u00e9lettartam<\/p>\n<\/li>\n<li data-start=\"1656\" data-end=\"1684\">\n<p data-start=\"1658\" data-end=\"1684\">Nikotin opci\u00f3k: 2%, 5%<\/p>\n<\/li>\n<li data-start=\"1685\" data-end=\"1762\">\n<p data-start=\"1687\" data-end=\"1762\">C\u00e9lk\u00f6z\u00f6ns\u00e9g: Nagy felhaszn\u00e1l\u00f3k, hossz\u00fa \u00e9lettartam\u00fa eszk\u00f6z\u00f6ket keres\u0151 forgalmaz\u00f3k<\/p>\n<\/li>\n<li data-start=\"1763\" data-end=\"1847\">\n<p data-start=\"1765\" data-end=\"1847\">Nagykereskedelmi kulcsszavak: Waspe 40K kett\u0151s \u00edz\u0171 vape, nagykereskedelmi eldobhat\u00f3 vape Eur\u00f3pa<\/p>\n<\/li>\n<\/ul>\n<h3 data-pm-slice=\"1 3 []\"><strong>GYIK<\/strong><\/h3>\n<ol start=\"1\" data-spread=\"true\">\n<li><strong>Meddig b\u00edrja a Waspe 40000 Puffs eldobhat\u00f3 vape?<\/strong> Ak\u00e1r 40 000 slukkal, hetekig vagy ak\u00e1r h\u00f3napokig is kitarthat, a haszn\u00e1latt\u00f3l f\u00fcgg\u0151en.<\/li>\n<li><strong>\u00dajrat\u00f6lthet\u0151 a Waspe 40000 Puffs eldobhat\u00f3 vape?<\/strong> Igen, 850mAh-s \u00fajrat\u00f6lthet\u0151 akkumul\u00e1torral \u00e9s Type-C t\u00f6lt\u0151porttal rendelkezik.<\/li>\n<li><strong>Milyen nikotinszintek \u00e1llnak rendelkez\u00e9sre?<\/strong> V\u00e1lasszon 0%, 2%, vagy 5% nikotint az \u00d6n ig\u00e9nyeinek megfelel\u0151en.<\/li>\n<li><strong>T\u00e1mogatja a k\u00e9sz\u00fcl\u00e9k a k\u00e9t \u00edzt?<\/strong> Igen, k\u00e9t \u00edzrendszerrel rendelkezik a jobb vaping \u00e9lm\u00e9ny \u00e9rdek\u00e9ben.<\/li>\n<li><strong>Mit\u0151l emelkedik ki a Waspe 40000 Puffs?<\/strong> Hatalmas slukksz\u00e1m, k\u00e9t \u00edz, \u00fajrat\u00f6lthet\u0151 akkumul\u00e1tor \u00e9s kiv\u00e1l\u00f3 min\u0151s\u00e9g\u0171 kivitel k\u00fcl\u00f6nb\u00f6zteti meg a t\u00f6bbiekt\u0151l.<\/li>\n<\/ol>\n<h4>WASPE 40000 Kett\u0151s \u00edz\u0171 vape nagykereskedelmi kapcsolat \u00e9s kedvezm\u00e9ny most!<a href=\"https:\/\/wa.me\/8618077105750\" target=\"_blank\" rel=\"noopener\">+8618077105750<\/a><\/h4>\n<p><img decoding=\"async\" class=\"size-large wp-image-2921\" src=\"https:\/\/vapestornado.com\/wp-content\/uploads\/2024\/11\/20062b3a285f900e79520aad496b94d-887x1024.jpg\" alt=\"vapestornado Vicky\" width=\"887\" height=\"1024\" srcset=\"https:\/\/vapestornado.com\/wp-content\/uploads\/2024\/11\/20062b3a285f900e79520aad496b94d-887x1024.jpg 887w, https:\/\/vapestornado.com\/wp-content\/uploads\/2024\/11\/20062b3a285f900e79520aad496b94d-260x300.jpg 260w, https:\/\/vapestornado.com\/wp-content\/uploads\/2024\/11\/20062b3a285f900e79520aad496b94d-768x887.jpg 768w, https:\/\/vapestornado.com\/wp-content\/uploads\/2024\/11\/20062b3a285f900e79520aad496b94d-600x693.jpg 600w, https:\/\/vapestornado.com\/wp-content\/uploads\/2024\/11\/20062b3a285f900e79520aad496b94d.jpg 1080w\" sizes=\"(max-width: 887px) 100vw, 887px\" \/><\/p>","protected":false},"excerpt":{"rendered":"<p data-start=\"1365\" data-end=\"1535\">A <strong data-start=\"1369\" data-end=\"1395\">Waspe 40000 Puff Sz\u00edv\u00f3<\/strong> kett\u0151s \u00edzeket, 36 ml-es kapacit\u00e1st \u00e9s intelligens LED-k\u00e9perny\u0151t k\u00edn\u00e1l. Hossz\u00fa \u00e9lettartam\u00fa, \u00fajrat\u00f6lthet\u0151 v\u00e1laszt\u00e1s a <strong data-start=\"1496\" data-end=\"1532\">nagykereskedelmi vape piacok sz\u00e1m\u00e1ra Eur\u00f3p\u00e1ban<\/strong>.<\/p>\n<p><strong><span style=\"color: #ff0000;\">(a weboldalunkon felt\u00fcntetett \u00e1r nem tartalmazza a sz\u00e1ll\u00edt\u00e1si k\u00f6lts\u00e9get, k\u00e9rj\u00fck, vegye fel velem a kapcsolatot a teljes \u00e1r \u00e9s a kedvezm\u00e9nye miatt!)<\/span><\/strong><\/p>\n<p><img decoding=\"async\" class=\"size-medium wp-image-2921\" src=\"https:\/\/vapestornado.com\/wp-content\/uploads\/2024\/11\/20062b3a285f900e79520aad496b94d-260x300.jpg\" alt=\"vapestornado Vicky\" width=\"260\" height=\"300\" srcset=\"https:\/\/vapestornado.com\/wp-content\/uploads\/2024\/11\/20062b3a285f900e79520aad496b94d-260x300.jpg 260w, https:\/\/vapestornado.com\/wp-content\/uploads\/2024\/11\/20062b3a285f900e79520aad496b94d-887x1024.jpg 887w, https:\/\/vapestornado.com\/wp-content\/uploads\/2024\/11\/20062b3a285f900e79520aad496b94d-768x887.jpg 768w, https:\/\/vapestornado.com\/wp-content\/uploads\/2024\/11\/20062b3a285f900e79520aad496b94d-600x693.jpg 600w, https:\/\/vapestornado.com\/wp-content\/uploads\/2024\/11\/20062b3a285f900e79520aad496b94d.jpg 1080w\" sizes=\"(max-width: 260px) 100vw, 260px\" \/><\/p>","protected":false},"featured_media":4245,"comment_status":"open","ping_status":"closed","template":"","meta":{"_acf_changed":false,"_uag_custom_page_level_css":"","_lmt_disableupdate":"no","_lmt_disable":"","_monsterinsights_skip_tracking":false,"_monsterinsights_sitenote_active":false,"_monsterinsights_sitenote_note":"","_monsterinsights_sitenote_category":0,"site-sidebar-layout":"default","site-content-layout":"","ast-site-content-layout":"default","site-content-style":"default","site-sidebar-style":"default","ast-global-header-display":"","ast-banner-title-visibility":"","ast-main-header-display":"","ast-hfb-above-header-display":"","ast-hfb-below-header-display":"","ast-hfb-mobile-header-display":"","site-post-title":"","ast-breadcrumbs-content":"","ast-featured-img":"","footer-sml-layout":"","ast-disable-related-posts":"","theme-transparent-header-meta":"default","adv-header-id-meta":"","stick-header-meta":"","header-above-stick-meta":"","header-main-stick-meta":"","header-below-stick-meta":"","astra-migrate-meta-layouts":"set","ast-page-background-enabled":"default","ast-page-background-meta":{"desktop":{"background-color":"","background-image":"","background-repeat":"repeat","background-position":"center center","background-size":"auto","background-attachment":"scroll","background-type":"","background-media":"","overlay-type":"","overlay-color":"","overlay-opacity":"","overlay-gradient":""},"tablet":{"background-color":"","background-image":"","background-repeat":"repeat","background-position":"center center","background-size":"auto","background-attachment":"scroll","background-type":"","background-media":"","overlay-type":"","overlay-color":"","overlay-opacity":"","overlay-gradient":""},"mobile":{"background-color":"","background-image":"","background-repeat":"repeat","background-position":"center center","background-size":"auto","background-attachment":"scroll","background-type":"","background-media":"","overlay-type":"","overlay-color":"","overlay-opacity":"","overlay-gradient":""}},"ast-content-background-meta":{"desktop":{"background-color":"var(--ast-global-color-5)","background-image":"","background-repeat":"repeat","background-position":"center center","background-size":"auto","background-attachment":"scroll","background-type":"","background-media":"","overlay-type":"","overlay-color":"","overlay-opacity":"","overlay-gradient":""},"tablet":{"background-color":"var(--ast-global-color-5)","background-image":"","background-repeat":"repeat","background-position":"center center","background-size":"auto","background-attachment":"scroll","background-type":"","background-media":"","overlay-type":"","overlay-color":"","overlay-opacity":"","overlay-gradient":""},"mobile":{"background-color":"var(--ast-global-color-5)","background-image":"","background-repeat":"repeat","background-position":"center center","background-size":"auto","background-attachment":"scroll","background-type":"","background-media":"","overlay-type":"","overlay-color":"","overlay-opacity":"","overlay-gradient":""}},"_joinchat":{"telephone":"+8618077105750"}},"product_brand":[],"product_cat":[140,65,152,154,155,158,160,143,60],"product_tag":[],"class_list":{"0":"post-3668","1":"product","2":"type-product","3":"status-publish","4":"has-post-thumbnail","6":"product_cat-big-puffs-disposable-vapes","7":"product_cat-40000-puff","8":"product_cat-buy-disposable-vapes-in-cermany","9":"product_cat-buy-disposable-vapes-in-netherlands","10":"product_cat-buy-disposable-vapes-in-norway","11":"product_cat-buy-disposable-vapes-in-spain","12":"product_cat-buy-disposable-vapes-in-switzerland","13":"product_cat-dual-mesh-disposable-vapes","14":"product_cat-waspe-fihp-vape","15":"desktop-align-left","16":"tablet-align-left","17":"mobile-align-left","19":"first","20":"instock","21":"sale","22":"shipping-taxable","23":"purchasable","24":"product-type-simple"},"acf":[],"uagb_featured_image_src":{"full":["https:\/\/vapestornado.com\/wp-content\/uploads\/2024\/12\/Waspe-DOUBLE-FLAVOUR-40k-Vape-Cheap-Price.jpg",1500,1500,false],"thumbnail":["https:\/\/vapestornado.com\/wp-content\/uploads\/2024\/12\/Waspe-DOUBLE-FLAVOUR-40k-Vape-Cheap-Price-150x150.jpg",150,150,true],"medium":["https:\/\/vapestornado.com\/wp-content\/uploads\/2024\/12\/Waspe-DOUBLE-FLAVOUR-40k-Vape-Cheap-Price-300x300.jpg",300,300,true],"medium_large":["https:\/\/vapestornado.com\/wp-content\/uploads\/2024\/12\/Waspe-DOUBLE-FLAVOUR-40k-Vape-Cheap-Price-768x768.jpg",768,768,true],"large":["https:\/\/vapestornado.com\/wp-content\/uploads\/2024\/12\/Waspe-DOUBLE-FLAVOUR-40k-Vape-Cheap-Price-1024x1024.jpg",1024,1024,true],"1536x1536":["https:\/\/vapestornado.com\/wp-content\/uploads\/2024\/12\/Waspe-DOUBLE-FLAVOUR-40k-Vape-Cheap-Price.jpg",1500,1500,false],"2048x2048":["https:\/\/vapestornado.com\/wp-content\/uploads\/2024\/12\/Waspe-DOUBLE-FLAVOUR-40k-Vape-Cheap-Price.jpg",1500,1500,false],"trp-custom-language-flag":["https:\/\/vapestornado.com\/wp-content\/uploads\/2024\/12\/Waspe-DOUBLE-FLAVOUR-40k-Vape-Cheap-Price-12x12.jpg",12,12,true],"woocommerce_thumbnail":["https:\/\/vapestornado.com\/wp-content\/uploads\/2024\/12\/Waspe-DOUBLE-FLAVOUR-40k-Vape-Cheap-Price-300x300.jpg",300,300,true],"woocommerce_single":["https:\/\/vapestornado.com\/wp-content\/uploads\/2024\/12\/Waspe-DOUBLE-FLAVOUR-40k-Vape-Cheap-Price-600x600.jpg",600,600,true],"woocommerce_gallery_thumbnail":["https:\/\/vapestornado.com\/wp-content\/uploads\/2024\/12\/Waspe-DOUBLE-FLAVOUR-40k-Vape-Cheap-Price-100x100.jpg",100,100,true]},"uagb_author_info":{"display_name":"ESvicky","author_link":"https:\/\/vapestornado.com\/hu\/author\/"},"uagb_comment_info":0,"uagb_excerpt":"The Waspe 40000 Puffs Vape offers dual flavors, 36ml capacity, and a smart LED screen. A long-lasting, rechargeable choice for wholesale vape markets in Europe. (our website price not include shipping cost, please contact me to get whole price and your disccount!)","_links":{"self":[{"href":"https:\/\/vapestornado.com\/hu\/wp-json\/wp\/v2\/product\/3668","targetHints":{"allow":["GET"]}}],"collection":[{"href":"https:\/\/vapestornado.com\/hu\/wp-json\/wp\/v2\/product"}],"about":[{"href":"https:\/\/vapestornado.com\/hu\/wp-json\/wp\/v2\/types\/product"}],"replies":[{"embeddable":true,"href":"https:\/\/vapestornado.com\/hu\/wp-json\/wp\/v2\/comments?post=3668"}],"wp:featuredmedia":[{"embeddable":true,"href":"https:\/\/vapestornado.com\/hu\/wp-json\/wp\/v2\/media\/4245"}],"wp:attachment":[{"href":"https:\/\/vapestornado.com\/hu\/wp-json\/wp\/v2\/media?parent=3668"}],"wp:term":[{"taxonomy":"product_brand","embeddable":true,"href":"https:\/\/vapestornado.com\/hu\/wp-json\/wp\/v2\/product_brand?post=3668"},{"taxonomy":"product_cat","embeddable":true,"href":"https:\/\/vapestornado.com\/hu\/wp-json\/wp\/v2\/product_cat?post=3668"},{"taxonomy":"product_tag","embeddable":true,"href":"https:\/\/vapestornado.com\/hu\/wp-json\/wp\/v2\/product_tag?post=3668"}],"curies":[{"name":"wp","href":"https:\/\/api.w.org\/{rel}","templated":true}]}}