{"id":3661,"date":"2025-01-03T08:52:12","date_gmt":"2025-01-03T08:52:12","guid":{"rendered":"https:\/\/vapestornado.com\/?post_type=product&#038;p=3661"},"modified":"2025-08-23T09:37:36","modified_gmt":"2025-08-23T09:37:36","slug":"cheap-price-razz-bar-25000-puffs-wholesale-vape","status":"publish","type":"product","link":"https:\/\/vapestornado.com\/hu\/product\/cheap-price-razz-bar-25000-puffs-wholesale-vape\/","title":{"rendered":"Olcs\u00f3 \u00e1r RAZZ BAR 25000 Sz\u00edv\u00e1s Nagykereskedelmi Vape"},"content":{"rendered":"<h1>Olcs\u00f3 \u00e1r RAZZ BAR 25000 Sz\u00edv\u00e1s Nagykereskedelmi Vape<\/h1>\n<div role=\"article\" data-tabster=\"{&quot;groupper&quot;:{&quot;tabbability&quot;:2},&quot;focusable&quot;:{}}\" data-content=\"ai-message\" aria-labelledby=\"64JRvXrTnY7mRmPkEQLLT-author 64JRvXrTnY7mRmPkEQLLT-content\">\n<div id=\"64JRvXrTnY7mRmPkEQLLT-content\">\n<div role=\"article\" data-tabster=\"{&quot;groupper&quot;:{&quot;tabbability&quot;:2},&quot;focusable&quot;:{}}\" data-content=\"ai-message\" aria-labelledby=\"64JRvXrTnY7mRmPkEQLLT-author 64JRvXrTnY7mRmPkEQLLT-content\">\n<div id=\"64JRvXrTnY7mRmPkEQLLT-content\">\n<p>A <strong>RAZZ BAR 25000 Puffs eldobhat\u00f3 Vape<\/strong> egy igazi \u00e1tt\u00f6r\u00e9s a vaping rajong\u00f3k \u00e9s nagykeresked\u0151k sz\u00e1m\u00e1ra. A magj\u00e1ban az innov\u00e1ci\u00f3val tervezett, nagy kapacit\u00e1s\u00fa eszk\u00f6z a min\u0151s\u00e9g, a st\u00edlus \u00e9s a megfizethet\u0151s\u00e9g z\u00f6kken\u0151mentes kombin\u00e1ci\u00f3j\u00e1t k\u00edn\u00e1lja. Leny\u0171g\u00f6z\u0151 <strong>25 000 slukk<\/strong>sz\u00e1m\u00e1val garant\u00e1lja a hosszan tart\u00f3 \u00e9lvezetet, \u00edgy t\u00f6k\u00e9letes azok sz\u00e1m\u00e1ra, akik hossz\u00fa t\u00e1v\u00fa \u00e9rt\u00e9ket keresnek.<\/p>\n<p>Minden egys\u00e9g rendelkezik egy <strong>650mAh-s \u00fajrat\u00f6lthet\u0151 akkumul\u00e1tor<\/strong>, amelyet gyors \u00e9s megb\u00edzhat\u00f3 <strong>Type-C t\u00f6lt\u00e9si technol\u00f3gia<\/strong>eg\u00e9sz\u00edt ki, biztos\u00edtva, hogy b\u00e1rhov\u00e1 is megy, mindig legyen \u00e1ramell\u00e1t\u00e1s. A <strong>mesh coil technol\u00f3gi\u00e1val<\/strong> feler\u0151s\u00edti az \u00edzeket, sima, s\u0171r\u0171 felh\u0151ket sz\u00e1ll\u00edtva, amelyek n\u00f6velik a vaping el\u00e9gedetts\u00e9get.<\/p>\n<p>El\u00e9rhet\u0151 <strong>16 ellen\u00e1llhatatlan \u00edz<\/strong> \u00e9s tele <strong>2% vagy 5% s\u00f3 nikotinnal<\/strong>, a RAZZ BAR a legk\u00fcl\u00f6nf\u00e9l\u00e9bb \u00edzl\u00e9seket is kiel\u00e9g\u00edti. K\u00f6nny\u0171 \u00e9s hordozhat\u00f3 kialak\u00edt\u00e1sa ide\u00e1lis a h\u00e9tk\u00f6znapi felhaszn\u00e1l\u00f3k \u00e9s a elk\u00f6telezett vaperek sz\u00e1m\u00e1ra egyar\u00e1nt.<\/p>\n<p>V\u00e1llalkoz\u00e1sok sz\u00e1m\u00e1ra a RAZZ BAR egy nagykereskedelmi \u00e1lom, a <strong>200 darabos kartonnal<\/strong> csomagol\u00e1sban a hat\u00e9kony t\u00f6meges forgalmaz\u00e1s \u00e9rdek\u00e9ben. Versenyk\u00e9pes \u00e1raival \u00e9s pr\u00e9mium funkci\u00f3ival ez a term\u00e9k elengedhetetlen a k\u00e9szlet b\u0151v\u00edt\u00e9s\u00e9hez.<\/p>\n<p>Emelje magasabb szintre a vaping \u00e9lm\u00e9nyt, vagy t\u00f6ltse fel a polcokat a <strong>RAZZ BAR 25000 Puff<\/strong>, a teljes\u00edtm\u00e9ny \u00e9s a megfizethet\u0151s\u00e9g t\u00f6k\u00e9letes egyens\u00faly\u00e1val. Ne hagyja ki a lehet\u0151s\u00e9get, hogy olyan term\u00e9ket k\u00edn\u00e1ljon, amely \u00fajra\u00e9rtelmezi az eldobhat\u00f3 vape piacot!<\/p>\n<\/div>\n<\/div>\n<figure id=\"attachment_3686\" aria-describedby=\"caption-attachment-3686\" style=\"width: 531px\" class=\"wp-caption alignnone\"><img fetchpriority=\"high\" decoding=\"async\" class=\"wp-image-3686\" src=\"https:\/\/vapestornado.com\/wp-content\/uploads\/2025\/01\/RAZZ-BAR-25000-Puffs-Lemon-Lime.webp\" alt=\"RAZZ BAR 25000 Puffs Citromos-Limesz\" width=\"531\" height=\"531\" srcset=\"https:\/\/vapestornado.com\/wp-content\/uploads\/2025\/01\/RAZZ-BAR-25000-Puffs-Lemon-Lime.webp 800w, https:\/\/vapestornado.com\/wp-content\/uploads\/2025\/01\/RAZZ-BAR-25000-Puffs-Lemon-Lime-300x300.webp 300w, https:\/\/vapestornado.com\/wp-content\/uploads\/2025\/01\/RAZZ-BAR-25000-Puffs-Lemon-Lime-150x150.webp 150w, https:\/\/vapestornado.com\/wp-content\/uploads\/2025\/01\/RAZZ-BAR-25000-Puffs-Lemon-Lime-768x768.webp 768w, https:\/\/vapestornado.com\/wp-content\/uploads\/2025\/01\/RAZZ-BAR-25000-Puffs-Lemon-Lime-600x600.webp 600w, https:\/\/vapestornado.com\/wp-content\/uploads\/2025\/01\/RAZZ-BAR-25000-Puffs-Lemon-Lime-100x100.webp 100w\" sizes=\"(max-width: 531px) 100vw, 531px\" \/><figcaption id=\"caption-attachment-3686\" class=\"wp-caption-text\">RAZZ BAR 25000 Puffs Citromos-Limesz<\/figcaption><\/figure>\n<\/div>\n<\/div>\n<p><img decoding=\"async\" class=\"alignleft wp-image-2951 size-medium\" src=\"https:\/\/vapestornado.com\/wp-content\/uploads\/2024\/12\/Wholesale-Disposable-Vape-265x300.jpg\" alt=\"Nagykereskedelmi eldobhat\u00f3 Vape\" width=\"265\" height=\"300\" srcset=\"https:\/\/vapestornado.com\/wp-content\/uploads\/2024\/12\/Wholesale-Disposable-Vape-265x300.jpg 265w, https:\/\/vapestornado.com\/wp-content\/uploads\/2024\/12\/Wholesale-Disposable-Vape-768x871.jpg 768w, https:\/\/vapestornado.com\/wp-content\/uploads\/2024\/12\/Wholesale-Disposable-Vape-600x680.jpg 600w, https:\/\/vapestornado.com\/wp-content\/uploads\/2024\/12\/Wholesale-Disposable-Vape.jpg 823w\" sizes=\"(max-width: 265px) 100vw, 265px\" \/><\/p>\n<h5>K\u00e9rj\u00fck, vegye fel a kapcsolatot Mandy WhatsApp-j\u00e1val a kedvezm\u00e9nyes \u00e1r\u00e9rt<a href=\"https:\/\/wa.me\/8618077105796\" target=\"_blank\" rel=\"noopener\">+8618077105796<\/a><\/h5>\n<div class=\"flex max-w-full flex-col flex-grow\">\n<div class=\"min-h-8 text-message flex w-full flex-col items-end gap-2 whitespace-normal break-words text-start [.text-message+&amp;]:mt-5\" dir=\"auto\" data-message-author-role=\"assistant\" data-message-id=\"cdb991c0-f594-4bff-b2d5-fbbdd7ce9e54\" data-message-model-slug=\"gpt-4o-mini\">\n<div class=\"flex w-full flex-col gap-1 empty:hidden first:pt-[3px]\">\n<div class=\"markdown prose w-full break-words dark:prose-invert light\"><\/div>\n<\/div>\n<\/div>\n<\/div>\n<div class=\"mb-2 flex gap-3 empty:hidden -ml-2\">\n<h2>Razz bar 25000puffs vapes F\u0151bb Jellemz\u0151k:<\/h2>\n<ul>\n<li><strong>Nikotin er\u0151ss\u00e9g:<\/strong> El\u00e9rhet\u0151 2% \u00e9s 5% s\u00f3 nikotinnal a szem\u00e9lyre szabott vaping \u00e9lm\u00e9ny\u00e9rt.<\/li>\n<li><strong>Sz\u00edv\u00e1sok sz\u00e1ma:<\/strong> Ak\u00e1r <strong>25 000 sz\u00edv\u00e1snyi<\/strong>, amely p\u00e1ratlan hossz\u00fa \u00e9lettartamot biztos\u00edt.<\/li>\n<li><strong>\u00cdzek:<\/strong> V\u00e1lasszon a <strong>16 pr\u00e9mium \u00edz<\/strong>, mindegyik a maxim\u00e1lis el\u00e9gedetts\u00e9g \u00e9rdek\u00e9ben k\u00e9sz\u00fclt.<\/li>\n<li><strong>Akkumul\u00e1tor:<\/strong> <strong>650mAh-s \u00fajrat\u00f6lthet\u0151 akkumul\u00e1tor<\/strong> hat\u00e9kony <strong>Type-C gyorst\u00f6lt\u00e9ssel<\/strong> a zavartalan haszn\u00e1lat\u00e9rt.<\/li>\n<li><strong>Technol\u00f3gia:<\/strong> Integr\u00e1lt <strong>mesh coil technol\u00f3gi\u00e1val<\/strong> egyenletes, l\u00e1gy g\u0151zt \u00e9s intenz\u00edvebb \u00edzt biztos\u00edt.<\/li>\n<li><strong>Csomagol\u00e1s:<\/strong> K\u00e9nyelmesen csomagolva <strong>200 darabos kartonnal<\/strong> t\u00f6meges megrendel\u00e9sekhez.<\/li>\n<\/ul>\n<\/div>\n<h2>RAZZBAR 25000 Puffs Forr\u00f3 Akci\u00f3s Vape Podok \u00cdzei:<\/h2>\n<p>1.L\u00e9d\u00fas \u0150szibarack j\u00e9g<br \/>\n2.Eper-Ban\u00e1n<br \/>\n3.Red Bull Sz\u0151l\u0151<br \/>\n4.\u00c1fonya j\u00e9g<br \/>\n5.G\u00f6r\u00f6gdinnye j\u00e9g<br \/>\n6.B\u00e1rsony j\u00e9g<br \/>\n7.Tr\u00f3pusi gy\u00fcm\u00f6lcs<br \/>\n8.Eper kivi<br \/>\n9.Eper j\u00e9g<br \/>\n10.Vegyes bogy\u00f3s gy\u00fcm\u00f6lcs\u00f6k<br \/>\n11.Eper m\u00e1lna cseresznye j\u00e9g<br \/>\n12. Love 66<br \/>\n13.Fekete s\u00e1rk\u00e1ny j\u00e9g<br \/>\n14. Citrom Lime<br \/>\n15.\u00c1fonya savany\u00fa m\u00e1lna<br \/>\n16.Eper g\u00f6r\u00f6gdinnye r\u00e1g\u00f3gumi<\/p>\n<div role=\"article\" data-tabster=\"{&quot;groupper&quot;:{&quot;tabbability&quot;:2},&quot;focusable&quot;:{}}\" data-content=\"ai-message\" aria-labelledby=\"dARUyEWDoEYhnSPXFwx5A-author dARUyEWDoEYhnSPXFwx5A-content\">\n<div id=\"dARUyEWDoEYhnSPXFwx5A-content\">\n<h2>Mi\u00e9rt v\u00e1lassza a RAZZ BAR 25000 Puffs-ot <strong>\u00a0<\/strong>at <a href=\"https:\/\/vapestornado.com\/hu\/product\/bang-box-35k-puffs-high-capacity-long-lasting-disposable-vape\/\">vapestornado.com-ot?<\/a><\/h2>\n<h4><strong>*P\u00e1ratlan \u00e9lettartam<\/strong><\/h4>\n<p>A <strong>RAZZ BAR 25000 Puff<\/strong> a tart\u00f3ss\u00e1gra lett tervezve, ak\u00e1r <strong>25 000 sz\u00edv\u00e1snyi<\/strong> adagonk\u00e9nt. Ez a t\u00f6k\u00e9letes v\u00e1laszt\u00e1s azoknak a vapereknek, akik a hosszan tart\u00f3 teljes\u00edtm\u00e9nyt r\u00e9szes\u00edtik el\u0151nyben az \u00e1lland\u00f3 cser\u00e9k helyett.<\/p>\n<h4><strong>*Kiv\u00e1l\u00f3 min\u0151s\u00e9g, versenyk\u00e9pes \u00e1ron<\/strong><\/h4>\n<p>At <strong>vapestornado.hu<\/strong>, a RAZZ BAR-t verhetetlen nagykereskedelmi \u00e1ron k\u00edn\u00e1ljuk, \u00edgy k\u00f6lts\u00e9ghat\u00e9kony v\u00e1laszt\u00e1s mind a kiskeresked\u0151k, mind az egy\u00e9ni v\u00e1s\u00e1rl\u00f3k sz\u00e1m\u00e1ra. \u00c9lvezze a pr\u00e9mium g\u0151z\u00f6l\u00e9si technol\u00f3gi\u00e1t an\u00e9lk\u00fcl, hogy a p\u00e9nzt\u00e1rc\u00e1j\u00e1t terheln\u00e9.<\/p>\n<h4><strong>*Sokf\u00e9le \u00edzv\u00e1laszt\u00e9k<\/strong><\/h4>\n<p>A <strong>16 \u00e9l\u00e9nk \u00edz<\/strong> el\u00e9rhet\u0151, mindenki tal\u00e1l valamit. A gy\u00fcm\u00f6lcs\u00f6s kever\u00e9kekt\u0151l a friss\u00edt\u0151 mentolig, minden \u00edz \u00fagy lett kialak\u00edtva, hogy gazdag \u00e9s kiel\u00e9g\u00edt\u0151 \u00e9lm\u00e9nyt ny\u00fajtson.<\/p>\n<h4><strong>*Fejlett funkci\u00f3k<\/strong><\/h4>\n<p>A <strong>650mAh-s \u00fajrat\u00f6lthet\u0151 akkumul\u00e1tor<\/strong>\u00e9s az \u00e9rint\u0151k\u00e9perny\u0151s kialak\u00edt\u00e1s <strong>Type-C gyorst\u00f6lt\u00e9ssel<\/strong> \u00e9s a <strong>mesh coil technol\u00f3gi\u00e1val<\/strong>, biztos\u00edtja az egyenletes teljes\u00edtm\u00e9nyt, a sima g\u0151zk\u00e9pz\u0151d\u00e9st \u00e9s a mer\u00e9sz \u00edzintenzit\u00e1st minden egyes slukkal.<\/p>\n<h4><strong>*Megb\u00edzhat\u00f3 nagykereskedelmi partner<\/strong><\/h4>\n<p>a vapestornado.com a g\u0151z\u00f6l\u0151ipar megb\u00edzhat\u00f3 besz\u00e1ll\u00edt\u00f3ja, amely <strong>biztons\u00e1gos tranzakci\u00f3kat<\/strong>, <strong>gyors sz\u00e1ll\u00edt\u00e1st<\/strong>, \u00e9s dedik\u00e1lt \u00fcgyf\u00e9lszolg\u00e1latot k\u00edn\u00e1l. A <strong>200 darabos kartonnal<\/strong>t\u00f6meges csomagol\u00e1ssal a k\u00e9szlet felt\u00f6lt\u00e9se m\u00e9g sosem volt ilyen egyszer\u0171.<\/p>\n<h4><strong>*K\u00f6rnyezetbar\u00e1t kialak\u00edt\u00e1s<\/strong><\/h4>\n<p>A RAZZ BAR \u00fajrat\u00f6lthet\u0151 technol\u00f3gi\u00e1val rendelkezik, ami cs\u00f6kkenti a hullad\u00e9kot \u00e9s t\u00e1mogatja a fenntarthat\u00f3bb g\u0151z\u00f6l\u0151 \u00e9letm\u00f3dot.<\/p>\n<p>V\u00e1lassza a <strong>RAZZ BAR 25000 Puff<\/strong> at <strong>vapestornado.hu<\/strong> a pr\u00e9mium g\u0151z\u00f6l\u00e9si megold\u00e1s\u00e9rt, amely kiv\u00e9teles \u00e9rt\u00e9ket, innov\u00e1ci\u00f3t \u00e9s \u00edzt ny\u00fajt minden egyes slukkal!<\/p>\n<\/div>\n<\/div>\n<h2>GYIK a RAZZ BAR VAPE 25000 Puffs-r\u00f3l<\/h2>\n<p><strong>1. Meddig b\u00edrja a RAZZ BAR 25000 Puffs?<\/strong><br \/>\nA RAZZ BAR 25000 Puffs ak\u00e1r 25 000 slukkot biztos\u00edt, ami az egyik legtart\u00f3sabb eldobhat\u00f3 vape-nak sz\u00e1m\u00edt. A \u00e9lettartama az egy\u00e9ni haszn\u00e1lati szok\u00e1sokt\u00f3l f\u00fcgg, de a m\u00e9rs\u00e9kelt felhaszn\u00e1l\u00f3kn\u00e1l jellemz\u0151en t\u00f6bb h\u00e9tig vagy ak\u00e1r h\u00f3napokig is kitart.<\/p>\n<p><strong>2. T\u00f6bbsz\u00f6r is felt\u00f6lthetem a RAZZ BAR 25000 slukkos vape-et?<\/strong><br \/>\nIgen, a RAZZ BAR 650mAh-s \u00fajrat\u00f6lthet\u0151 akkumul\u00e1torral van felszerelve, amely t\u00f6bbsz\u00f6r is t\u00f6lthet\u0151. \u00dagy tervezt\u00e9k, hogy \u00e9lettartama alatt egyenletes teljes\u00edtm\u00e9nyt ny\u00fajtson, \u00edgy addig haszn\u00e1lhatod, am\u00edg az e-liquid teljesen el nem fogy.<\/p>\n<p><strong>3. Tartalmaz a RAZZ BAR 25k slukkos vape Type-C t\u00f6lt\u0151portot?<\/strong><br \/>\nA RAZZ BAR integr\u00e1lt Type-C t\u00f6lt\u0151porttal rendelkezik, amely k\u00e9nyelmes \u00e9s gyors \u00fajrat\u00f6lt\u00e9st tesz lehet\u0151v\u00e9. A csomag azonban nem tartalmaz t\u00f6lt\u0151k\u00e1belt, ez\u00e9rt a t\u00f6lt\u00e9shez szabv\u00e1nyos Type-C k\u00e1belt kell haszn\u00e1lnod.<\/p>\n<p><strong>4. Mi a legjobb m\u00f3dja a 25000 Puffs Vape For RAZZ BAR optim\u00e1lis teljes\u00edtm\u00e9ny\u00e9nek fenntart\u00e1s\u00e1ra?<\/strong><br \/>\nAnnak \u00e9rdek\u00e9ben, hogy a RAZZ BAR a lehet\u0151 legjobban teljes\u00edtsen, t\u00f6ltsd fel rendszeresen egy Type-C k\u00e1bellel, \u00e9s ker\u00fcld az akkumul\u00e1tor t\u00falt\u00f6lt\u00e9s\u00e9t. T\u00e1rolja a k\u00e9sz\u00fcl\u00e9ket h\u0171v\u00f6s, sz\u00e1raz helyen, t\u00e1vol a h\u0151t\u0151l vagy a k\u00f6zvetlen napf\u00e9nyt\u0151l. Gondoskodjon r\u00f3la, hogy a t\u00f6lt\u0151port tiszta \u00e9s pormentes maradjon. Ezenk\u00edv\u00fcl engedje pihenni a k\u00e9sz\u00fcl\u00e9ket a hossz\u00fa g\u0151z\u00f6l\u00e9si \u00fcl\u00e9sek k\u00f6z\u00f6tt, hogy megakad\u00e1lyozza a t\u00falmeleged\u00e9st.<\/p>","protected":false},"excerpt":{"rendered":"<p><strong>RAZZ BAR 25000 Puffs nagykereskedelmi Vape<\/strong> verhetetlen \u00e1ron. 16 pr\u00e9mium \u00edz, 650mAh-s \u00fajrat\u00f6lthet\u0151 akkumul\u00e1tor \u00e9s 25 000 slukk a hosszan tart\u00f3 el\u00e9gedetts\u00e9g\u00e9rt!<\/p>\n<figure id=\"attachment_2951\" aria-describedby=\"caption-attachment-2951\" style=\"width: 265px\" class=\"wp-caption alignnone\"><img decoding=\"async\" class=\"size-medium wp-image-2951\" src=\"https:\/\/vapestornado.com\/wp-content\/uploads\/2024\/12\/Wholesale-Disposable-Vape-265x300.jpg\" alt=\"Nagykereskedelmi eldobhat\u00f3 Vape\" width=\"265\" height=\"300\" srcset=\"https:\/\/vapestornado.com\/wp-content\/uploads\/2024\/12\/Wholesale-Disposable-Vape-265x300.jpg 265w, https:\/\/vapestornado.com\/wp-content\/uploads\/2024\/12\/Wholesale-Disposable-Vape-768x871.jpg 768w, https:\/\/vapestornado.com\/wp-content\/uploads\/2024\/12\/Wholesale-Disposable-Vape-600x680.jpg 600w, https:\/\/vapestornado.com\/wp-content\/uploads\/2024\/12\/Wholesale-Disposable-Vape.jpg 823w\" sizes=\"(max-width: 265px) 100vw, 265px\" \/><figcaption id=\"caption-attachment-2951\" class=\"wp-caption-text\">K\u00e9rj\u00fck, vegye fel a kapcsolatot Mandy WhatsApp-j\u00e1val a kedvezm\u00e9nyes \u00e1r\u00e9rt\u00a0 <a href=\"https:\/\/wa.me\/8618077105796\">+8618077105796<\/a><\/figcaption><\/figure>\n<p>&nbsp;<\/p>","protected":false},"featured_media":3687,"comment_status":"open","ping_status":"closed","template":"","meta":{"_acf_changed":false,"_uag_custom_page_level_css":"","_lmt_disableupdate":"no","_lmt_disable":"","_monsterinsights_skip_tracking":false,"_monsterinsights_sitenote_active":false,"_monsterinsights_sitenote_note":"","_monsterinsights_sitenote_category":0,"site-sidebar-layout":"default","site-content-layout":"","ast-site-content-layout":"default","site-content-style":"default","site-sidebar-style":"default","ast-global-header-display":"","ast-banner-title-visibility":"","ast-main-header-display":"","ast-hfb-above-header-display":"","ast-hfb-below-header-display":"","ast-hfb-mobile-header-display":"","site-post-title":"","ast-breadcrumbs-content":"","ast-featured-img":"","footer-sml-layout":"","ast-disable-related-posts":"","theme-transparent-header-meta":"default","adv-header-id-meta":"","stick-header-meta":"","header-above-stick-meta":"","header-main-stick-meta":"","header-below-stick-meta":"","astra-migrate-meta-layouts":"set","ast-page-background-enabled":"default","ast-page-background-meta":{"desktop":{"background-color":"","background-image":"","background-repeat":"repeat","background-position":"center center","background-size":"auto","background-attachment":"scroll","background-type":"","background-media":"","overlay-type":"","overlay-color":"","overlay-opacity":"","overlay-gradient":""},"tablet":{"background-color":"","background-image":"","background-repeat":"repeat","background-position":"center center","background-size":"auto","background-attachment":"scroll","background-type":"","background-media":"","overlay-type":"","overlay-color":"","overlay-opacity":"","overlay-gradient":""},"mobile":{"background-color":"","background-image":"","background-repeat":"repeat","background-position":"center center","background-size":"auto","background-attachment":"scroll","background-type":"","background-media":"","overlay-type":"","overlay-color":"","overlay-opacity":"","overlay-gradient":""}},"ast-content-background-meta":{"desktop":{"background-color":"var(--ast-global-color-5)","background-image":"","background-repeat":"repeat","background-position":"center center","background-size":"auto","background-attachment":"scroll","background-type":"","background-media":"","overlay-type":"","overlay-color":"","overlay-opacity":"","overlay-gradient":""},"tablet":{"background-color":"var(--ast-global-color-5)","background-image":"","background-repeat":"repeat","background-position":"center center","background-size":"auto","background-attachment":"scroll","background-type":"","background-media":"","overlay-type":"","overlay-color":"","overlay-opacity":"","overlay-gradient":""},"mobile":{"background-color":"var(--ast-global-color-5)","background-image":"","background-repeat":"repeat","background-position":"center center","background-size":"auto","background-attachment":"scroll","background-type":"","background-media":"","overlay-type":"","overlay-color":"","overlay-opacity":"","overlay-gradient":""}},"_joinchat":{"telephone":"+8618077105796"}},"product_brand":[],"product_cat":[68,149,153,158,146],"product_tag":[97,228],"class_list":{"0":"post-3661","1":"product","2":"type-product","3":"status-publish","4":"has-post-thumbnail","6":"product_cat-25000-puff","7":"product_cat-buy-disposable-vapes-in-austria","8":"product_cat-buy-disposable-vapes-in-italy","9":"product_cat-buy-disposable-vapes-in-spain","10":"product_cat-rechargeable-disposable-vapes","11":"product_tag-hot-sale-disposable-vape","12":"product_tag-razz-bar-25000-puffs","13":"desktop-align-left","14":"tablet-align-left","15":"mobile-align-left","17":"first","18":"instock","19":"sale","20":"shipping-taxable","21":"purchasable","22":"product-type-simple"},"acf":[],"uagb_featured_image_src":{"full":["https:\/\/vapestornado.com\/wp-content\/uploads\/2025\/01\/RAZZ-BAR-25000-Puffs-Black-Dragon-ice-GEEK-BAR.webp",800,800,false],"thumbnail":["https:\/\/vapestornado.com\/wp-content\/uploads\/2025\/01\/RAZZ-BAR-25000-Puffs-Black-Dragon-ice-GEEK-BAR-150x150.webp",150,150,true],"medium":["https:\/\/vapestornado.com\/wp-content\/uploads\/2025\/01\/RAZZ-BAR-25000-Puffs-Black-Dragon-ice-GEEK-BAR-300x300.webp",300,300,true],"medium_large":["https:\/\/vapestornado.com\/wp-content\/uploads\/2025\/01\/RAZZ-BAR-25000-Puffs-Black-Dragon-ice-GEEK-BAR-768x768.webp",768,768,true],"large":["https:\/\/vapestornado.com\/wp-content\/uploads\/2025\/01\/RAZZ-BAR-25000-Puffs-Black-Dragon-ice-GEEK-BAR.webp",800,800,false],"1536x1536":["https:\/\/vapestornado.com\/wp-content\/uploads\/2025\/01\/RAZZ-BAR-25000-Puffs-Black-Dragon-ice-GEEK-BAR.webp",800,800,false],"2048x2048":["https:\/\/vapestornado.com\/wp-content\/uploads\/2025\/01\/RAZZ-BAR-25000-Puffs-Black-Dragon-ice-GEEK-BAR.webp",800,800,false],"trp-custom-language-flag":["https:\/\/vapestornado.com\/wp-content\/uploads\/2025\/01\/RAZZ-BAR-25000-Puffs-Black-Dragon-ice-GEEK-BAR.webp",12,12,false],"woocommerce_thumbnail":["https:\/\/vapestornado.com\/wp-content\/uploads\/2025\/01\/RAZZ-BAR-25000-Puffs-Black-Dragon-ice-GEEK-BAR-300x300.webp",300,300,true],"woocommerce_single":["https:\/\/vapestornado.com\/wp-content\/uploads\/2025\/01\/RAZZ-BAR-25000-Puffs-Black-Dragon-ice-GEEK-BAR-600x600.webp",600,600,true],"woocommerce_gallery_thumbnail":["https:\/\/vapestornado.com\/wp-content\/uploads\/2025\/01\/RAZZ-BAR-25000-Puffs-Black-Dragon-ice-GEEK-BAR-100x100.webp",100,100,true]},"uagb_author_info":{"display_name":"ESMANDY","author_link":"https:\/\/vapestornado.com\/hu\/author\/"},"uagb_comment_info":0,"uagb_excerpt":"RAZZ BAR 25000 Puffs Wholesale Vape at unbeatable prices. Offering 16 premium flavors, 650mAh rechargeable battery, and 25,000 puffs for long-lasting satisfaction! [caption id=\"attachment_2951\" align=\"alignnone\" width=\"265\"] Pls Contact Mandy's WhatsApp For Discount Price\u00a0 +8618077105796[\/caption] &nbsp;","_links":{"self":[{"href":"https:\/\/vapestornado.com\/hu\/wp-json\/wp\/v2\/product\/3661","targetHints":{"allow":["GET"]}}],"collection":[{"href":"https:\/\/vapestornado.com\/hu\/wp-json\/wp\/v2\/product"}],"about":[{"href":"https:\/\/vapestornado.com\/hu\/wp-json\/wp\/v2\/types\/product"}],"replies":[{"embeddable":true,"href":"https:\/\/vapestornado.com\/hu\/wp-json\/wp\/v2\/comments?post=3661"}],"wp:featuredmedia":[{"embeddable":true,"href":"https:\/\/vapestornado.com\/hu\/wp-json\/wp\/v2\/media\/3687"}],"wp:attachment":[{"href":"https:\/\/vapestornado.com\/hu\/wp-json\/wp\/v2\/media?parent=3661"}],"wp:term":[{"taxonomy":"product_brand","embeddable":true,"href":"https:\/\/vapestornado.com\/hu\/wp-json\/wp\/v2\/product_brand?post=3661"},{"taxonomy":"product_cat","embeddable":true,"href":"https:\/\/vapestornado.com\/hu\/wp-json\/wp\/v2\/product_cat?post=3661"},{"taxonomy":"product_tag","embeddable":true,"href":"https:\/\/vapestornado.com\/hu\/wp-json\/wp\/v2\/product_tag?post=3661"}],"curies":[{"name":"wp","href":"https:\/\/api.w.org\/{rel}","templated":true}]}}