{"id":3649,"date":"2025-01-03T07:00:39","date_gmt":"2025-01-03T07:00:39","guid":{"rendered":"https:\/\/vapestornado.com\/?post_type=product&#038;p=3649"},"modified":"2025-08-23T11:20:23","modified_gmt":"2025-08-23T11:20:23","slug":"jnr-mega-shisha-hookah-100000-puffs-disposable-vape-wholesale-price","status":"publish","type":"product","link":"https:\/\/vapestornado.com\/hu\/product\/jnr-mega-shisha-hookah-100000-puffs-disposable-vape-wholesale-price\/","title":{"rendered":"JNR Mega Shisha V\u00edzipipa 100000 Puffs Eldobhat\u00f3 Vape Nagykereskedelmi \u00c1r"},"content":{"rendered":"<h1 class=\"product-title\">JNR Mega Shisha V\u00edzipipa 100000 Puffs Eldobhat\u00f3 Vape Nagykereskedelmi \u00c1r<\/h1>\n<p data-start=\"194\" data-end=\"561\">A <strong data-start=\"198\" data-end=\"253\">JNR Mega Shisha V\u00edzipipa 100000 Sz\u00edv\u00e1s Eldobhat\u00f3 Vape<\/strong> \u00faj m\u00e9rc\u00e9t \u00e1ll\u00edt fel a nagy kapacit\u00e1s\u00fa eldobhat\u00f3 k\u00e9sz\u00fcl\u00e9kek ter\u00e9n, \u00edgy kiv\u00e1l\u00f3 v\u00e1laszt\u00e1s a <strong data-start=\"331\" data-end=\"371\">eur\u00f3pai nagykeresked\u0151k \u00e9s kiskeresked\u0151k sz\u00e1m\u00e1ra<\/strong> , akik kiemelked\u0151 term\u00e9keket keresnek. Hihetetlen <strong data-start=\"428\" data-end=\"453\">100 000 slukk kapacit\u00e1s\u00e1val<\/strong>ez a modell p\u00e1ratlan kitart\u00e1st biztos\u00edt, t\u00f6k\u00e9letes azoknak az \u00fczleteknek, amelyek a sokat haszn\u00e1l\u00f3kat \u00e9s a v\u00edzipip\u00e1t kedvel\u0151ket c\u00e9lozz\u00e1k meg.<\/p>\n<p data-start=\"563\" data-end=\"850\">Egy <strong data-start=\"576\" data-end=\"608\">2200 mAh \u00fajrat\u00f6lthet\u0151 akkumul\u00e1tor<\/strong> \u00e9s fel van szerelve <strong data-start=\"627\" data-end=\"655\">USB Type-C gyorst\u00f6lt\u00e9ssel<\/strong>, a JNR 100K minim\u00e1lis \u00e1ll\u00e1sid\u0151t \u00e9s maxim\u00e1lis haszn\u00e1latot biztos\u00edt. A <strong data-start=\"716\" data-end=\"743\">60 ml-es e-liquid t\u00e1rol\u00f3<\/strong> p\u00e1ros\u00edtva <strong data-start=\"756\" data-end=\"780\">2% nikotin er\u0151ss\u00e9g<\/strong> hossz\u00fa, kiel\u00e9g\u00edt\u0151 haszn\u00e1latot tesz lehet\u0151v\u00e9, ami miatt az \u00fcgyfelek visszat\u00e9rnek.<\/p>\n<p data-start=\"852\" data-end=\"1168\">Az integr\u00e1lt <strong data-start=\"867\" data-end=\"883\">Okos k\u00e9perny\u0151<\/strong> kijelzi a slukkok sz\u00e1m\u00e1t, az akkumul\u00e1tor \u00e9s a folyad\u00e9kszintet, m\u00edg a <strong data-start=\"942\" data-end=\"968\">L\u00e9gz\u0151f\u00e9ny diz\u00e1jn<\/strong> st\u00edlusos, szemet gy\u00f6ny\u00f6rk\u00f6dtet\u0151 elemet ad a fiatalabb demogr\u00e1fiai csoportok sz\u00e1m\u00e1ra. A <strong data-start=\"1037\" data-end=\"1063\">Direct-to-Lung l\u00e9g\u00e1raml\u00e1s<\/strong> \u00e9s az \u00e1ll\u00edthat\u00f3 be\u00e1ll\u00edt\u00e1sok s\u0171r\u0171 g\u0151zt, er\u0151s \u00edzlead\u00e1st \u00e9s testreszabhat\u00f3 \u00e9lm\u00e9nyt k\u00edn\u00e1lnak.<\/p>\n<p data-start=\"1170\" data-end=\"1361\">Nagykeresked\u0151k sz\u00e1m\u00e1ra a <strong data-start=\"1191\" data-end=\"1215\">JNR Mega Shisha 100K<\/strong> kombin\u00e1lja a <strong data-start=\"1225\" data-end=\"1302\">rekordot d\u00f6nt\u0151 slukksz\u00e1m, pr\u00e9mium funkci\u00f3k \u00e9s vonz\u00f3 t\u00f6meges \u00e1raz\u00e1s<\/strong>\u00edgy magas profitot hoz\u00f3 kieg\u00e9sz\u00edt\u0151je lehet b\u00e1rmelyik vape k\u00e9szletnek.<\/p>\n<p><span style=\"color: #ff0000;\"><strong>Add meg Amy Whatsappj\u00e1t a gyors v\u00e1lasz\u00e9rt \u00e9s vape kupon\u00e9rt!<\/strong><\/span><\/p>\n<p><img fetchpriority=\"high\" decoding=\"async\" class=\"size-full wp-image-2932\" src=\"https:\/\/vapestornado.com\/wp-content\/uploads\/2024\/12\/Vape-Wholesale.jpg\" alt=\"Vape nagykereskedelem\" width=\"229\" height=\"300\" \/><\/p>\n<h3><a href=\"https:\/\/wa.me\/8617776015835\" target=\"_blank\" rel=\"noopener\"><span style=\"color: #ff0000;\"><strong>WhatsApp: +86 17776015835<\/strong><\/span><\/a><\/h3>\n<p>&nbsp;<\/p>\n<h2 class=\"product-title\"><strong>JNR Shisha Hookah 100000 Term\u00e9kjellemz\u0151k<\/strong><\/h2>\n<div role=\"article\" data-tabster=\"{&quot;groupper&quot;:{&quot;tabbability&quot;:2},&quot;focusable&quot;:{}}\" data-content=\"ai-message\" aria-labelledby=\"juhNTJ6o7Gk1cgwZMJgv2-author juhNTJ6o7Gk1cgwZMJgv2-content\">\n<div id=\"juhNTJ6o7Gk1cgwZMJgv2-content\">\n<div role=\"article\" data-tabster=\"{&quot;groupper&quot;:{&quot;tabbability&quot;:2},&quot;focusable&quot;:{}}\" data-content=\"ai-message\" aria-labelledby=\"x4EZuCZWrTbh3weWUt7CU-author x4EZuCZWrTbh3weWUt7CU-content\">\n<div id=\"x4EZuCZWrTbh3weWUt7CU-content\">\n<div class=\"flex max-w-full flex-col flex-grow\">\n<div class=\"min-h-8 text-message flex w-full flex-col items-end gap-2 whitespace-normal break-words text-start [.text-message+&amp;]:mt-5\" dir=\"auto\" data-message-author-role=\"assistant\" data-message-id=\"52c6e00a-252f-4104-805d-2f1a84739c71\" data-message-model-slug=\"gpt-4o\">\n<div class=\"flex w-full flex-col gap-1 empty:hidden first:pt-[3px]\">\n<div class=\"markdown prose w-full break-words dark:prose-invert light\">\n<h4><\/h4>\n<ol>\n<li><strong>Kiv\u00e9teles \u00e9lettartam<\/strong>: Ak\u00e1r 100 000 f\u00faj\u00e1s k\u00e9sz\u00fcl\u00e9kenk\u00e9nt.<\/li>\n<li><strong>Okos k\u00e9perny\u0151<\/strong>: Legyen t\u00e1j\u00e9kozott val\u00f3s idej\u0171 adatokkal, \u00e9s \u00e9lvezze az \u00e9l\u00e9nk, dinamikus f\u00e9nyshow-t.<\/li>\n<li><strong>Hatalmas e-folyad\u00e9k kapacit\u00e1s<\/strong>: El\u0151re t\u00f6ltve 60 ml-rel a hosszabb haszn\u00e1lat \u00e9rdek\u00e9ben.<\/li>\n<li><strong>Er\u0151s akkumul\u00e1tor<\/strong>: \u00dajrat\u00f6lthet\u0151 2200mAh akkumul\u00e1tor USB Type-C t\u00e1mogat\u00e1ssal.<\/li>\n<li><strong>\u00c1ll\u00edthat\u00f3 l\u00e9g\u00e1raml\u00e1s<\/strong>: Szabja testre a h\u00faz\u00e1st a t\u00f6k\u00e9letes DTL (Direct-To-Lung) g\u0151z\u00f6l\u00e9shez.<\/li>\n<\/ol>\n<\/div>\n<\/div>\n<\/div>\n<\/div>\n<div class=\"mb-2 flex gap-3 empty:hidden -ml-2\"><\/div>\n<\/div>\n<\/div>\n<\/div>\n<\/div>\n<h2 class=\"product-title\"><strong>N\u00e9pszer\u0171 \u00edz a <\/strong><strong>Shisha v\u00edzipipa<\/strong><strong> 100k <\/strong><strong>Eldobhat\u00f3 Vape-ekhez<\/strong><\/h2>\n<h2 class=\"product-title\"><\/h2>\n<p>Fedezze fel az \u00edzek vil\u00e1g\u00e1t a JNR Mega Shisha Hookah seg\u00edts\u00e9g\u00e9vel. A friss\u00edt\u0151 ment\u00e1t\u00f3l a gy\u00fcm\u00f6lcs\u00f6s \u00e9lvezetekig a sz\u00e9les v\u00e1laszt\u00e9k biztos\u00edtja, hogy minden hangulathoz \u00e9s \u00edzl\u00e9shez t\u00f6k\u00e9letes p\u00e1ros\u00edt\u00e1s l\u00e9tezik. K\u00e9rj\u00fck, tekintse meg a n\u00e9pszer\u0171 \u00edzeket \u00e9rt\u00e9kes\u00edt\u00e9si adataink \u00e9s v\u00e1s\u00e1rl\u00f3i visszajelz\u00e9seink alapj\u00e1n.<\/p>\n<p>1. K\u00e9t alma<span style=\"color: #ff0000;\"><strong> &gt;&gt;&gt;&gt; Felkapott!<\/strong><\/span><br \/>\n2. \u00c1fonya j\u00e9g <span style=\"color: #ff0000;\"><strong>&gt;&gt;&gt;&gt; Felkapott!<\/strong><\/span><br \/>\n3. Sz\u0151l\u0151 menta<br \/>\n4. Hawaii<br \/>\n5. Kiwi Maracuja Guava<br \/>\n6. Lady Killa <span style=\"color: #ff0000;\"><strong>&gt;&gt;&gt;&gt; Legjobb!<\/strong><\/span><br \/>\n7. Love 66<br \/>\n8. Lush Ice<br \/>\n9. Magic Love<br \/>\n10. Mi Amor <span style=\"color: #ff0000;\"><strong>&gt;&gt;&gt;&gt; Felkapott!<\/strong><\/span><br \/>\n11. Barack j\u00e9g<br \/>\n12. Eper Punch<\/p>\n<p><img decoding=\"async\" class=\"wp-image-3647 size-full\" src=\"https:\/\/vapestornado.com\/wp-content\/uploads\/2025\/01\/Shisha-Hookah-100000-Puffs-Disposable-Vape-JNR.webp\" alt=\"Shisha V\u00edzipipa 100000 Sz\u00edv\u00e1s Eldobhat\u00f3 Vape JNR\" width=\"800\" height=\"476\" srcset=\"https:\/\/vapestornado.com\/wp-content\/uploads\/2025\/01\/Shisha-Hookah-100000-Puffs-Disposable-Vape-JNR.webp 800w, https:\/\/vapestornado.com\/wp-content\/uploads\/2025\/01\/Shisha-Hookah-100000-Puffs-Disposable-Vape-JNR-300x179.webp 300w, https:\/\/vapestornado.com\/wp-content\/uploads\/2025\/01\/Shisha-Hookah-100000-Puffs-Disposable-Vape-JNR-768x457.webp 768w, https:\/\/vapestornado.com\/wp-content\/uploads\/2025\/01\/Shisha-Hookah-100000-Puffs-Disposable-Vape-JNR-600x357.webp 600w\" sizes=\"(max-width: 800px) 100vw, 800px\" \/><\/p>\n<div class=\"flex-shrink-0 flex flex-col relative items-end\">\n<div class=\"pt-0\">\n<div class=\"gizmo-bot-avatar flex h-8 w-8 items-center justify-center overflow-hidden rounded-full\">\n<div class=\"relative p-1 rounded-sm flex items-center justify-center bg-token-main-surface-primary text-token-text-primary h-8 w-8\">\n<h2>GYIK a JNR Shisha Hookah 100000 Smart-hoz<strong>\u00a0<\/strong>Eldobhat\u00f3 Vape<\/h2>\n<h4><\/h4>\n<ol>\n<li><strong>Meddig b\u00edrja a JNR Mega Shisha Hookah 100k?<\/strong><br \/>\nMinden eszk\u00f6z leny\u0171g\u00f6z\u0151 100 000 slukk\u00f6t k\u00edn\u00e1l, \u00edgy t\u00f6k\u00e9letes a hossz\u00fa t\u00e1v\u00fa haszn\u00e1latra.<\/li>\n<li><strong>Hogyan t\u00f6lthetem fel a JNR Mega Shisha Hookah k\u00e9sz\u00fcl\u00e9ket?<\/strong><br \/>\nBe\u00e9p\u00edtett 2200mAh akkumul\u00e1torral rendelkezik, amely t\u00e1mogatja az USB Type-C gyorst\u00f6lt\u00e9st.<\/li>\n<li><strong>Mi a Smart Screen funkci\u00f3ja?<\/strong><br \/>\nA Smart Screen olyan l\u00e9nyeges adatokat jelen\u00edt meg, mint az akkumul\u00e1tor \u00e9lettartama \u00e9s a folyad\u00e9kszint, st\u00edlusos Breathing Light-tal p\u00e1ros\u00edtva az egyedi vaping \u00e9lm\u00e9ny\u00e9rt.<\/li>\n<li><strong>Haszn\u00e1lhatom asztali v\u00edzipip\u00e1val?<\/strong><br \/>\nTerm\u00e9szetesen! A JNR Mega Shisha Hookah teljes m\u00e9rt\u00e9kben kompatibilis az asztali v\u00edzipipa be\u00e1ll\u00edt\u00e1sokkal a sokoldal\u00fa \u00e9lm\u00e9ny \u00e9rdek\u00e9ben.<\/li>\n<li><strong>Hol v\u00e1s\u00e1rolhatom meg nagykereskedelmi \u00e1ron?<\/strong><br \/>\nA JNR Mega Shisha Hookah-t a legjobb nagykereskedelmi \u00e1ron itt v\u00e1s\u00e1rolhatja meg: <strong>vapestornado online vape boltb\u00f3l<\/strong>.<\/li>\n<\/ol>\n<div class=\"flex max-w-full flex-col flex-grow\">\n<div class=\"min-h-8 text-message flex w-full flex-col items-end gap-2 whitespace-normal break-words text-start [.text-message+&amp;]:mt-5\" dir=\"auto\" data-message-author-role=\"assistant\" data-message-id=\"4dc48248-df95-45bd-b800-6dedb43cf7f1\" data-message-model-slug=\"gpt-4o\">\n<div class=\"flex w-full flex-col gap-1 empty:hidden first:pt-[3px]\"><\/div>\n<\/div>\n<\/div>\n<\/div>\n<\/div>\n<\/div>\n<\/div>\n<div class=\"flex-shrink-0 flex flex-col relative items-end\">\n<div class=\"pt-0\">\n<div class=\"gizmo-bot-avatar flex h-8 w-8 items-center justify-center overflow-hidden rounded-full\">\n<div class=\"relative p-1 rounded-sm flex items-center justify-center bg-token-main-surface-primary text-token-text-primary h-8 w-8\">\n<div class=\"mb-2 flex gap-3 empty:hidden -ml-2\">\n<div role=\"article\" data-tabster=\"{&quot;groupper&quot;:{&quot;tabbability&quot;:2},&quot;focusable&quot;:{}}\" data-content=\"ai-message\" aria-labelledby=\"Vdt5ez4X7Tg813x6rFVha-author Vdt5ez4X7Tg813x6rFVha-content\">\n<div id=\"Vdt5ez4X7Tg813x6rFVha-content\">\n<div role=\"article\" data-tabster=\"{&quot;groupper&quot;:{&quot;tabbability&quot;:2},&quot;focusable&quot;:{}}\" data-content=\"ai-message\" aria-labelledby=\"o968oC7CEo2fGHsGdsRYC-author o968oC7CEo2fGHsGdsRYC-content\">\n<div id=\"o968oC7CEo2fGHsGdsRYC-content\">\n<h2>Mi\u00e9rt v\u00e1lassza a vapestornado-t a JNR Shisha Hookah 100000 Puffs eldobhat\u00f3 vape nagykereskedelm\u00e9hez?<\/h2>\n<div class=\"flex-shrink-0 flex flex-col relative items-end\">\n<div class=\"pt-0\">\n<div class=\"gizmo-bot-avatar flex h-8 w-8 items-center justify-center overflow-hidden rounded-full\">\n<div class=\"relative p-1 rounded-sm flex items-center justify-center bg-token-main-surface-primary text-token-text-primary h-8 w-8\">\n<p>\u00dcdv\u00f6z\u00f6lj\u00fck a vapestornado-n, az \u00d6n megb\u00edzhat\u00f3 online vape boltj\u00e1ban a pr\u00e9mium eldobhat\u00f3 vape-okhoz. T\u00f6bb mint 5 \u00e9ves szak\u00e9rtelemmel hozunk el \u00d6nnek n\u00e9pszer\u0171 eldobhat\u00f3 vape m\u00e1rk\u00e1kat, mint p\u00e9ld\u00e1ul a Fumot RandM Vape, <a href=\"https:\/\/vapestornado.com\/hu\/product-category\/vapme-shisha\/\">Vapme<\/a>, Bang Vape, Waspe Vape \u00e9s WGA Vape, stb.<\/p>\n<p>K\u00edn\u00e1latunkban szerepelnek n\u00e9pszer\u0171 vape-ok, mint a <a href=\"https:\/\/vapestornado.com\/hu\/product\/randm-12000-puffs-fumot-digital-disposable-vape-wholesale-price\/\">RandM Torn\u00e1d\u00f3 12000<\/a>, \u00e9s \u00edzgazdag v\u00e1laszt\u00e1sok, mint a <a href=\"https:\/\/vapestornado.com\/hu\/product\/wga-crystal-pro-max-extra-15000-puffs-rechargeable-disposable-vape-wholesale-bulk-buy\/\">\u00a0WGA Krist\u00e1ly 15k Puffs<\/a> . Minden term\u00e9k\u00fcnket a min\u0151s\u00e9g, \u00e9rt\u00e9k \u00e9s v\u00e1ltozatoss\u00e1g figyelembev\u00e9tel\u00e9vel v\u00e1lasztjuk ki, biztos\u00edtva, hogy megtal\u00e1lja az ig\u00e9nyeinek legmegfelel\u0151bbet. Fedezze fel a kiv\u00e9teles szolg\u00e1ltat\u00e1st \u00e9s a top term\u00e9kek sz\u00e9les v\u00e1laszt\u00e9k\u00e1t nagykereskedelmi \u00e1ron a vapestornado-n.<\/p>\n<\/div>\n<p>&nbsp;<\/p>\n<p><strong>Egy\u00e9b n\u00e9pszer\u0171 eldobhat\u00f3 vape-ek<\/strong><\/p>\n<p><a href=\"https:\/\/vapestornado.com\/hu\/product\/vozol-star-20000-puffs-disposable-vape-2-low-nicotine-bulk-buy-wholesale-cheap-price\/\">VOZOL Star 20000 Puffs <span style=\"color: #ff0000;\"><strong>&gt;&gt;&gt;&gt; Indul\u00e1s!<\/strong><\/span><\/a><\/p>\n<p><a href=\"https:\/\/vapestornado.com\/hu\/product\/refillable-disposable-vape-bang-40000-puffs-with-smart-screen-display-wholesale\/\">Bang 40000 Sz\u00edv\u00e1s<span style=\"color: #ff0000;\"><strong>&gt;&gt;&gt;&gt; Indul\u00e1s!<\/strong><\/span><\/a><\/p>\n<p><a href=\"https:\/\/vapestornado.com\/hu\/product\/bang-king-vape-35000-puff-smart-digital-display-wholesale-disposable-electronic-cigarette-wholesale\/\">Bang King 35000 <span style=\"color: #ff0000;\"><strong>&gt;&gt;&gt;&gt; Indul\u00e1s!<\/strong><\/span><\/a><\/p>\n<\/div>\n<\/div>\n<\/div>\n<p>&nbsp;<\/p>\n<\/div>\n<\/div>\n<\/div>\n<\/div>\n<\/div>\n<\/div>\n<\/div>\n<\/div>\n<\/div>","protected":false},"excerpt":{"rendered":"<p>A <strong data-start=\"1405\" data-end=\"1436\">JNR Mega Shisha Hookah 100K<\/strong> p\u00e1ratlan 100 000 slukkot, okos kijelz\u0151t \u00e9s 60 ml-es e-liquid tart\u00e1lyt k\u00edn\u00e1l. \u00dajrat\u00f6lthet\u0151 eldobhat\u00f3 k\u00e9sz\u00fcl\u00e9k, amelyet a <strong data-start=\"1548\" data-end=\"1583\">eur\u00f3pai nagykereskedelmi v\u00e1s\u00e1rl\u00f3k sz\u00e1m\u00e1ra terveztek<\/strong>.<\/p>\n<p><strong>Adja hozz\u00e1 Amy-t WhatsApp-on, hogy azonnali v\u00e1laszt \u00e9s vape kupont kapjon!<\/strong><\/p>\n<p><img fetchpriority=\"high\" decoding=\"async\" class=\"size-full wp-image-2932\" src=\"https:\/\/vapestornado.com\/wp-content\/uploads\/2024\/12\/Vape-Wholesale.jpg\" alt=\"Vape nagykereskedelem\" width=\"229\" height=\"300\" \/><\/p>\n<h3><a href=\"https:\/\/wa.me\/8617776015835\"><span style=\"color: #ff0000;\"><strong>WhatsApp: +86 17776015835<\/strong><\/span><\/a><\/h3>\n<p>&nbsp;<\/p>","protected":false},"featured_media":3648,"comment_status":"open","ping_status":"closed","template":"","meta":{"_acf_changed":false,"_uag_custom_page_level_css":"","_lmt_disableupdate":"no","_lmt_disable":"","_monsterinsights_skip_tracking":false,"_monsterinsights_sitenote_active":false,"_monsterinsights_sitenote_note":"","_monsterinsights_sitenote_category":0,"site-sidebar-layout":"default","site-content-layout":"","ast-site-content-layout":"default","site-content-style":"default","site-sidebar-style":"default","ast-global-header-display":"","ast-banner-title-visibility":"","ast-main-header-display":"","ast-hfb-above-header-display":"","ast-hfb-below-header-display":"","ast-hfb-mobile-header-display":"","site-post-title":"","ast-breadcrumbs-content":"","ast-featured-img":"","footer-sml-layout":"","ast-disable-related-posts":"","theme-transparent-header-meta":"default","adv-header-id-meta":"","stick-header-meta":"","header-above-stick-meta":"","header-main-stick-meta":"","header-below-stick-meta":"","astra-migrate-meta-layouts":"set","ast-page-background-enabled":"default","ast-page-background-meta":{"desktop":{"background-color":"","background-image":"","background-repeat":"repeat","background-position":"center center","background-size":"auto","background-attachment":"scroll","background-type":"","background-media":"","overlay-type":"","overlay-color":"","overlay-opacity":"","overlay-gradient":""},"tablet":{"background-color":"","background-image":"","background-repeat":"repeat","background-position":"center center","background-size":"auto","background-attachment":"scroll","background-type":"","background-media":"","overlay-type":"","overlay-color":"","overlay-opacity":"","overlay-gradient":""},"mobile":{"background-color":"","background-image":"","background-repeat":"repeat","background-position":"center center","background-size":"auto","background-attachment":"scroll","background-type":"","background-media":"","overlay-type":"","overlay-color":"","overlay-opacity":"","overlay-gradient":""}},"ast-content-background-meta":{"desktop":{"background-color":"var(--ast-global-color-5)","background-image":"","background-repeat":"repeat","background-position":"center center","background-size":"auto","background-attachment":"scroll","background-type":"","background-media":"","overlay-type":"","overlay-color":"","overlay-opacity":"","overlay-gradient":""},"tablet":{"background-color":"var(--ast-global-color-5)","background-image":"","background-repeat":"repeat","background-position":"center center","background-size":"auto","background-attachment":"scroll","background-type":"","background-media":"","overlay-type":"","overlay-color":"","overlay-opacity":"","overlay-gradient":""},"mobile":{"background-color":"var(--ast-global-color-5)","background-image":"","background-repeat":"repeat","background-position":"center center","background-size":"auto","background-attachment":"scroll","background-type":"","background-media":"","overlay-type":"","overlay-color":"","overlay-opacity":"","overlay-gradient":""}},"_joinchat":{"telephone":"+8617776015835"}},"product_brand":[],"product_cat":[140,154,142,76,147],"product_tag":[165,105,97,225,166,94,131,226],"class_list":{"0":"post-3649","1":"product","2":"type-product","3":"status-publish","4":"has-post-thumbnail","6":"product_cat-big-puffs-disposable-vapes","7":"product_cat-buy-disposable-vapes-in-netherlands","8":"product_cat-digital-box-disposable-vapes","9":"product_cat-jnr-vape","10":"product_cat-shisha-hookah-disposable-vapes","11":"product_tag-cheap-vapes","12":"product_tag-digital-disposable-vape","13":"product_tag-hot-sale-disposable-vape","14":"product_tag-jnr-shisha-hookah-100000","15":"product_tag-low-nicotine-vape","16":"product_tag-rechargeable-disposable-vape","17":"product_tag-shisha-hookah","18":"product_tag-shisha-hookah-disposable-vapes","19":"desktop-align-left","20":"tablet-align-left","21":"mobile-align-left","23":"first","24":"instock","25":"sale","26":"shipping-taxable","27":"purchasable","28":"product-type-simple"},"acf":[],"uagb_featured_image_src":{"full":["https:\/\/vapestornado.com\/wp-content\/uploads\/2025\/01\/Shisha-Hookah-Disposable-Vape-100000-JNR.jpg",800,800,false],"thumbnail":["https:\/\/vapestornado.com\/wp-content\/uploads\/2025\/01\/Shisha-Hookah-Disposable-Vape-100000-JNR-150x150.jpg",150,150,true],"medium":["https:\/\/vapestornado.com\/wp-content\/uploads\/2025\/01\/Shisha-Hookah-Disposable-Vape-100000-JNR-300x300.jpg",300,300,true],"medium_large":["https:\/\/vapestornado.com\/wp-content\/uploads\/2025\/01\/Shisha-Hookah-Disposable-Vape-100000-JNR-768x768.jpg",768,768,true],"large":["https:\/\/vapestornado.com\/wp-content\/uploads\/2025\/01\/Shisha-Hookah-Disposable-Vape-100000-JNR.jpg",800,800,false],"1536x1536":["https:\/\/vapestornado.com\/wp-content\/uploads\/2025\/01\/Shisha-Hookah-Disposable-Vape-100000-JNR.jpg",800,800,false],"2048x2048":["https:\/\/vapestornado.com\/wp-content\/uploads\/2025\/01\/Shisha-Hookah-Disposable-Vape-100000-JNR.jpg",800,800,false],"trp-custom-language-flag":["https:\/\/vapestornado.com\/wp-content\/uploads\/2025\/01\/Shisha-Hookah-Disposable-Vape-100000-JNR.jpg",12,12,false],"woocommerce_thumbnail":["https:\/\/vapestornado.com\/wp-content\/uploads\/2025\/01\/Shisha-Hookah-Disposable-Vape-100000-JNR-300x300.jpg",300,300,true],"woocommerce_single":["https:\/\/vapestornado.com\/wp-content\/uploads\/2025\/01\/Shisha-Hookah-Disposable-Vape-100000-JNR-600x600.jpg",600,600,true],"woocommerce_gallery_thumbnail":["https:\/\/vapestornado.com\/wp-content\/uploads\/2025\/01\/Shisha-Hookah-Disposable-Vape-100000-JNR-100x100.jpg",100,100,true]},"uagb_author_info":{"display_name":"ESAMY","author_link":"https:\/\/vapestornado.com\/hu\/author\/"},"uagb_comment_info":0,"uagb_excerpt":"The JNR Mega Shisha Hookah 100K delivers an unmatched 100,000 puffs, smart screen, and 60ml e-liquid tank. A rechargeable disposable built for wholesale bulk buyers in Europe. Add Amy's whatsapp get right reply and vape coupon! WhatsApp: +86 17776015835 &nbsp;","_links":{"self":[{"href":"https:\/\/vapestornado.com\/hu\/wp-json\/wp\/v2\/product\/3649","targetHints":{"allow":["GET"]}}],"collection":[{"href":"https:\/\/vapestornado.com\/hu\/wp-json\/wp\/v2\/product"}],"about":[{"href":"https:\/\/vapestornado.com\/hu\/wp-json\/wp\/v2\/types\/product"}],"replies":[{"embeddable":true,"href":"https:\/\/vapestornado.com\/hu\/wp-json\/wp\/v2\/comments?post=3649"}],"wp:featuredmedia":[{"embeddable":true,"href":"https:\/\/vapestornado.com\/hu\/wp-json\/wp\/v2\/media\/3648"}],"wp:attachment":[{"href":"https:\/\/vapestornado.com\/hu\/wp-json\/wp\/v2\/media?parent=3649"}],"wp:term":[{"taxonomy":"product_brand","embeddable":true,"href":"https:\/\/vapestornado.com\/hu\/wp-json\/wp\/v2\/product_brand?post=3649"},{"taxonomy":"product_cat","embeddable":true,"href":"https:\/\/vapestornado.com\/hu\/wp-json\/wp\/v2\/product_cat?post=3649"},{"taxonomy":"product_tag","embeddable":true,"href":"https:\/\/vapestornado.com\/hu\/wp-json\/wp\/v2\/product_tag?post=3649"}],"curies":[{"name":"wp","href":"https:\/\/api.w.org\/{rel}","templated":true}]}}