{"id":3639,"date":"2025-01-03T01:54:34","date_gmt":"2025-01-03T01:54:34","guid":{"rendered":"https:\/\/vapestornado.com\/?post_type=product&#038;p=3639"},"modified":"2025-08-28T07:39:36","modified_gmt":"2025-08-28T07:39:36","slug":"bang-king-vape-35000-puff-smart-digital-display-wholesale-disposable-electronic-cigarette-wholesale","status":"publish","type":"product","link":"https:\/\/vapestornado.com\/hu\/product\/bang-king-vape-35000-puff-smart-digital-display-wholesale-disposable-electronic-cigarette-wholesale\/","title":{"rendered":"Bang King Vape 35000 Sz\u00edv\u00e1s Okos Digit\u00e1lis Kijelz\u0151 Nagykereskedelmi Eldobhat\u00f3 Elektronikus Cigaretta Nagykeresked\u00e9s"},"content":{"rendered":"<h1 class=\"product-title\">Bang King Vape 35000 Sz\u00edv\u00e1s Okos Digit\u00e1lis Kijelz\u0151 Nagykereskedelmi Eldobhat\u00f3 Elektronikus Cigaretta Nagykeresked\u00e9s<\/h1>\n<p data-start=\"389\" data-end=\"758\">Ha olyan eldobhat\u00f3 vape-et keresel, amely egyens\u00falyban tartja a hosszan tart\u00f3 teljes\u00edtm\u00e9nyt, a modern funkci\u00f3kat \u00e9s a mer\u00e9sz \u00edzv\u00e1laszt\u00e9kot, akkor a <strong data-start=\"517\" data-end=\"546\">Bang King Vape 35000 Sz\u00edv\u00e1s<\/strong> \u00fagy lett meg\u00e9p\u00edtve, hogy leny\u0171g\u00f6z\u0151 legyen. A k\u00f6vetkez\u0151vel tervezt\u00e9k: <strong data-start=\"584\" data-end=\"609\">okos digit\u00e1lis kijelz\u0151<\/strong> \u00e9s a k\u00f6vetkez\u0151vel m\u0171k\u00f6dik: <strong data-start=\"627\" data-end=\"659\">1000 mAh-s \u00fajrat\u00f6lthet\u0151 akkumul\u00e1tor<\/strong>ez az eszk\u00f6z a k\u00f6vetkez\u0151 szintre emeli a vaping k\u00e9nyelm\u00e9t, mik\u00f6zben karcs\u00fa \u00e9s zsebbar\u00e1t marad.<\/p>\n<h4 data-start=\"760\" data-end=\"797\">35 000 Szippant\u00e1s Tiszta \u00c9lvezet<\/h4>\n<p data-start=\"798\" data-end=\"1171\">A <strong data-start=\"807\" data-end=\"829\">23 ml e-liquid tart\u00e1ly<\/strong> \u00e9s fejlett <strong data-start=\"843\" data-end=\"863\">h\u00e1l\u00f3s tekercsrendszerrel<\/strong>a Bang King Vape garant\u00e1lja a konzisztenci\u00e1t az els\u0151 szippant\u00e1st\u00f3l az utols\u00f3ig. Minden egyes h\u00faz\u00e1s sima g\u0151zt \u00e9s gazdag \u00edzt biztos\u00edt an\u00e9lk\u00fcl, hogy a sok m\u00e1s eldobhat\u00f3 eszk\u00f6z \u00e1ltal okozott sz\u00e1raz \u00e9rz\u00e9s jelentkezne. Ak\u00e1r <strong data-start=\"1060\" data-end=\"1076\">35 000 slukkot<\/strong>lehet\u0151s\u00e9get k\u00edn\u00e1l, t\u00f6k\u00e9letes v\u00e1laszt\u00e1s azoknak a f\u00e9rfiaknak, akik \u00e9rt\u00e9kelik a tart\u00f3ss\u00e1got \u00e9s a pr\u00e9mium teljes\u00edtm\u00e9nyt egyetlen eszk\u00f6zben.<\/p>\n<h4 data-start=\"1173\" data-end=\"1204\">Rugalmas nikotin opci\u00f3k<\/h4>\n<p data-start=\"1205\" data-end=\"1495\">A k\u00fcl\u00f6nb\u00f6z\u0151 preferenci\u00e1k kiel\u00e9g\u00edt\u00e9s\u00e9re ez az eldobhat\u00f3 vape a k\u00f6vetkez\u0151vel \u00e9rkezik: <strong data-start=\"1272\" data-end=\"1312\">0%, 2%, 3% \u00e9s 5% nikotiner\u0151ss\u00e9gben<\/strong>. Ak\u00e1r fokozatosan cs\u00f6kkented, ak\u00e1r er\u0151sebb \u00fct\u00e9st szeretn\u00e9l, a Bang King Vape alkalmazkodik az ig\u00e9nyeidhez \u2013 \u00edgy kiv\u00e1l\u00f3 nagykereskedelmi lehet\u0151s\u00e9g a k\u00fcl\u00f6nb\u00f6z\u0151 eur\u00f3pai piacokon.<\/p>\n<h4 data-start=\"1497\" data-end=\"1542\">Okos Digit\u00e1lis Kijelz\u0151 a Teljes Ellen\u0151rz\u00e9shez<\/h4>\n<p data-start=\"1543\" data-end=\"1881\">Nincs t\u00f6bb tal\u00e1lgat\u00e1s. A be\u00e9p\u00edtett k\u00e9perny\u0151 val\u00f3s id\u0151ben mutatja a <strong data-start=\"1593\" data-end=\"1632\">akkumul\u00e1tor t\u00f6lt\u00f6tts\u00e9gi szintj\u00e9t \u00e9s az e-liquid kapacit\u00e1s\u00e1t<\/strong> , \u00edgy mindig tudod, mikor kell \u00fajrat\u00f6lteni vagy v\u00e1ltani. Ez a funkci\u00f3 megk\u00fcl\u00f6nb\u00f6zteti a hagyom\u00e1nyos eldobhat\u00f3 vape-ekt\u0151l, \u00e9s ugyanabba a pr\u00e9mium kateg\u00f3ri\u00e1ba helyezi, mint a n\u00e9pszer\u0171 modellek, mint p\u00e9ld\u00e1ul a <strong data-start=\"1830\" data-end=\"1878\">Elf Bar GH23000 Nikotin Eldobhat\u00f3 Vape Pod<\/strong>.<\/p>\n<h4 data-start=\"1883\" data-end=\"1915\">Gyors \u00dajrat\u00f6lt\u00e9s Type-C-vel<\/h4>\n<p data-start=\"1916\" data-end=\"2180\">Felszerelve <strong data-start=\"1930\" data-end=\"1953\">USB-C gyorst\u00f6lt\u00e9st<\/strong>az 1000 mAh-s akkumul\u00e1tor r\u00f6vid id\u0151n bel\u00fcl haszn\u00e1latra k\u00e9sz. Ez k\u00fcl\u00f6n\u00f6sen vonz\u00f3v\u00e1 teszi a nagykereskedelmi v\u00e1s\u00e1rl\u00f3k sz\u00e1m\u00e1ra, akik olyan eldobhat\u00f3 vape-et keresnek, amely \u00f6tv\u00f6zi az \u00fajrafelhaszn\u00e1lhat\u00f3s\u00e1g k\u00e9nyelm\u00e9t az el\u0151ret\u00f6lt\u00f6tt podok egyszer\u0171s\u00e9g\u00e9vel.<\/p>\n<p>&nbsp;<\/p>\n<p><span style=\"color: #ff0000;\"><strong>Add meg Amy Whatsappj\u00e1t a gyors v\u00e1lasz\u00e9rt \u00e9s vape kupon\u00e9rt!<\/strong><\/span><\/p>\n<p><img fetchpriority=\"high\" decoding=\"async\" class=\"size-full wp-image-2932\" src=\"https:\/\/vapestornado.com\/wp-content\/uploads\/2024\/12\/Vape-Wholesale.jpg\" alt=\"Vape nagykereskedelem\" width=\"229\" height=\"300\" \/><\/p>\n<h3><a href=\"https:\/\/wa.me\/8617776015835\" target=\"_blank\" rel=\"noopener\"><span style=\"color: #ff0000;\"><strong>WhatsApp: +86 17776015835<\/strong><\/span><\/a><\/h3>\n<p>&nbsp;<\/p>\n<h2 class=\"product-title\"><strong>Bang King Vape 35000 Term\u00e9kjellemz\u0151k<\/strong><\/h2>\n<div role=\"article\" data-tabster=\"{&quot;groupper&quot;:{&quot;tabbability&quot;:2},&quot;focusable&quot;:{}}\" data-content=\"ai-message\" aria-labelledby=\"juhNTJ6o7Gk1cgwZMJgv2-author juhNTJ6o7Gk1cgwZMJgv2-content\">\n<div id=\"juhNTJ6o7Gk1cgwZMJgv2-content\">\n<div role=\"article\" data-tabster=\"{&quot;groupper&quot;:{&quot;tabbability&quot;:2},&quot;focusable&quot;:{}}\" data-content=\"ai-message\" aria-labelledby=\"x4EZuCZWrTbh3weWUt7CU-author x4EZuCZWrTbh3weWUt7CU-content\">\n<div id=\"x4EZuCZWrTbh3weWUt7CU-content\">\n<div class=\"flex max-w-full flex-col flex-grow\">\n<div class=\"min-h-8 text-message flex w-full flex-col items-end gap-2 whitespace-normal break-words text-start [.text-message+&amp;]:mt-5\" dir=\"auto\" data-message-author-role=\"assistant\" data-message-id=\"52c6e00a-252f-4104-805d-2f1a84739c71\" data-message-model-slug=\"gpt-4o\">\n<div class=\"flex w-full flex-col gap-1 empty:hidden first:pt-[3px]\">\n<div class=\"markdown prose w-full break-words dark:prose-invert light\">\n<ol>\n<li><strong>35 000 Sz\u00edv\u00e1s<\/strong>: Kiv\u00e9teles sz\u00edv\u00e1ssz\u00e1m a hosszan tart\u00f3 el\u00e9gedetts\u00e9g\u00e9rt.<\/li>\n<li><strong>Okos digit\u00e1lis kijelz\u0151<\/strong>: Megmutatja az akkumul\u00e1tor \u00e9s az e-liquid szintj\u00e9t a k\u00f6nny\u0171 haszn\u00e1lat \u00e9rdek\u00e9ben.<\/li>\n<li><strong>23 ml E-liquid Kapacit\u00e1s<\/strong>: B\u0151s\u00e9ges kapacit\u00e1s a hosszabb g\u0151z\u00f6l\u00e9si munkamenetekhez.<\/li>\n<li><strong>H\u00e1l\u00f3s tekercs technol\u00f3gia<\/strong>: Fokozza az \u00edzt \u00e9s biztos\u00edtja a k\u00f6vetkezetes teljes\u00edtm\u00e9nyt.<\/li>\n<li><strong>1000mAh \u00dajrat\u00f6lthet\u0151 Akkumul\u00e1tor<\/strong>: Megb\u00edzhat\u00f3 teljes\u00edtm\u00e9ny gyors USB-C t\u00f6lt\u00e9ssel.<\/li>\n<li><strong>Sz\u00e1raz \u00c9g\u00e9s Elleni V\u00e9delem<\/strong>: Garant\u00e1lja a sima \u00e9s kiel\u00e9g\u00edt\u0151 slukkokat.<\/li>\n<\/ol>\n<\/div>\n<\/div>\n<\/div>\n<\/div>\n<div class=\"mb-2 flex gap-3 empty:hidden -ml-2\"><img decoding=\"async\" class=\"wp-image-3635 size-full\" src=\"https:\/\/vapestornado.com\/wp-content\/uploads\/2025\/01\/Bang-King-35000-Puffs-Disposable-Vapes-Wholesale.jpg\" alt=\"Bang King 35000 Puffs Eldobhat\u00f3 Vape K\u00e9sz\u00fcl\u00e9kek Nagykereskedelme\" width=\"800\" height=\"800\" srcset=\"https:\/\/vapestornado.com\/wp-content\/uploads\/2025\/01\/Bang-King-35000-Puffs-Disposable-Vapes-Wholesale.jpg 800w, https:\/\/vapestornado.com\/wp-content\/uploads\/2025\/01\/Bang-King-35000-Puffs-Disposable-Vapes-Wholesale-300x300.jpg 300w, https:\/\/vapestornado.com\/wp-content\/uploads\/2025\/01\/Bang-King-35000-Puffs-Disposable-Vapes-Wholesale-150x150.jpg 150w, https:\/\/vapestornado.com\/wp-content\/uploads\/2025\/01\/Bang-King-35000-Puffs-Disposable-Vapes-Wholesale-768x768.jpg 768w, https:\/\/vapestornado.com\/wp-content\/uploads\/2025\/01\/Bang-King-35000-Puffs-Disposable-Vapes-Wholesale-600x600.jpg 600w, https:\/\/vapestornado.com\/wp-content\/uploads\/2025\/01\/Bang-King-35000-Puffs-Disposable-Vapes-Wholesale-100x100.jpg 100w\" sizes=\"(max-width: 800px) 100vw, 800px\" \/><\/div>\n<\/div>\n<\/div>\n<\/div>\n<\/div>\n<h2 class=\"product-title\"><strong>N\u00e9pszer\u0171 \u00edz a Bang King Vape 35000-hez<\/strong><strong>\u00a0<\/strong><strong>Eldobhat\u00f3 Vape-ekhez<\/strong><\/h2>\n<p>A Bang King Vape 35000 v\u00e1ltozatos \u00e9s izgalmas v\u00e1laszt\u00e9kot k\u00edn\u00e1l term\u00e9kpalett\u00e1j\u00e1hoz, kiel\u00e9g\u00edtve a k\u00fcl\u00f6nf\u00e9le \u00edzl\u00e9s preferenci\u00e1kat! K\u00e9rj\u00fck, tekintse meg a n\u00e9pszer\u0171 \u00edzeket \u00e9rt\u00e9kes\u00edt\u00e9si adataink \u00e9s v\u00e1s\u00e1rl\u00f3i visszajelz\u00e9seink alapj\u00e1n.<\/p>\n<p>1. Eper Mang\u00f3 <strong><span style=\"color: #ff0000;\">&gt;&gt;&gt; Felkapott!<\/span><\/strong><br \/>\n2. Love66<br \/>\n3. K\u00e9k M\u00e1lna J\u00e9g <strong><span style=\"color: #ff0000;\">&gt;&gt;&gt; Felkapott!<\/span><\/strong><br \/>\n4. Eper G\u00f6r\u00f6gdinnye<br \/>\n5. Citrom Menta<br \/>\n6. Dupla Alma<br \/>\n7. Energiaital<br \/>\n8. \u0150szibarack J\u00e9g<br \/>\n9. Eper Kiwi <strong><span style=\"color: #ff0000;\">&gt;&gt;&gt; Legjobb!<\/span><\/strong><br \/>\n10. Sz\u0151l\u0151 J\u00e9g<br \/>\n11. \u00c1fonya J\u00e9g <strong><span style=\"color: #ff0000;\">&gt;&gt;&gt; Felkapott!<\/span><\/strong><br \/>\n12. G\u00f6r\u00f6gdinnye<\/p>\n<div class=\"flex-shrink-0 flex flex-col relative items-end\">\n<div class=\"pt-0\">\n<div class=\"gizmo-bot-avatar flex h-8 w-8 items-center justify-center overflow-hidden rounded-full\">\n<div class=\"relative p-1 rounded-sm flex items-center justify-center bg-token-main-surface-primary text-token-text-primary h-8 w-8\">\n<h2>GYIK a BangKing Vape 35000 Smart-hoz<strong>\u00a0<\/strong>Eldobhat\u00f3 Vape<\/h2>\n<h3><\/h3>\n<ol>\n<li><strong>H\u00e1ny slukkot biztos\u00edt a Bang King 35000?<\/strong><br \/>\nA <strong>Bang King 35000<\/strong> elk\u00e9peszt\u0151 <strong>35 000 slukkot<\/strong>k\u00edn\u00e1l, \u00edgy az egyik leghosszabb \u00e9lettartam\u00fa eldobhat\u00f3 vape a piacon.<\/li>\n<li><strong>Mekkora a Bang King 35000 Vape e-liquid kapacit\u00e1sa?<\/strong><br \/>\nEz tartalmaz egy <strong>23 ml e-liquid kapacit\u00e1ssal<\/strong>, amely biztos\u00edtja a hosszan tart\u00f3 haszn\u00e1latot gyakori \u00fajrat\u00f6lt\u00e9s n\u00e9lk\u00fcl.<\/li>\n<li><strong>A BangKing 35000 rendelkezik \u00fajrat\u00f6lthet\u0151 akkumul\u00e1torral?<\/strong><br \/>\nIgen, tartalmaz egy <strong>1000 mAh-s \u00fajrat\u00f6lthet\u0151 akkumul\u00e1tor<\/strong> \u00e1ltal m\u0171k\u00f6dtetve <strong>USB-C t\u00f6lt\u00e9snek<\/strong>, amely fenntarthat\u00f3 \u00e9s k\u00e9nyelmes haszn\u00e1latot k\u00edn\u00e1l.<\/li>\n<li><strong>Mit\u0151l egyedi az okos digit\u00e1lis kijelz\u0151?<\/strong><br \/>\nA <strong>digit\u00e1lis kijelz\u0151<\/strong> olyan fontos r\u00e9szleteket mutat, mint a <strong>akkumul\u00e1tor sz\u00e1zal\u00e9kos ar\u00e1ny\u00e1t<\/strong> \u00e9s a <strong>e-liquid szinteket<\/strong>, megk\u00f6nny\u00edtve a haszn\u00e1lat nyomon k\u00f6vet\u00e9s\u00e9t.<\/li>\n<li><strong>Hol v\u00e1s\u00e1rolhatok Bang King Vape 35000 Puff term\u00e9ket nagykereskedelmi \u00e1ron?<\/strong><br \/>\nA legjobb <strong>nagykereskedelmi \u00e1rak\u00e9rt<\/strong>\u00e9rdek\u00e9ben l\u00e1togasson el a <strong>vapestornado Online Vape Bolt<\/strong>weboldalra, ahol kiv\u00e1l\u00f3 aj\u00e1nlatokat \u00e9s term\u00e9kek sz\u00e9les v\u00e1laszt\u00e9k\u00e1t tal\u00e1lja.<\/li>\n<\/ol>\n<div class=\"flex max-w-full flex-col flex-grow\">\n<div class=\"min-h-8 text-message flex w-full flex-col items-end gap-2 whitespace-normal break-words text-start [.text-message+&amp;]:mt-5\" dir=\"auto\" data-message-author-role=\"assistant\" data-message-id=\"4dc48248-df95-45bd-b800-6dedb43cf7f1\" data-message-model-slug=\"gpt-4o\">\n<div class=\"flex w-full flex-col gap-1 empty:hidden first:pt-[3px]\"><\/div>\n<\/div>\n<\/div>\n<\/div>\n<\/div>\n<\/div>\n<\/div>\n<div class=\"flex-shrink-0 flex flex-col relative items-end\">\n<div class=\"pt-0\">\n<div class=\"gizmo-bot-avatar flex h-8 w-8 items-center justify-center overflow-hidden rounded-full\">\n<div class=\"relative p-1 rounded-sm flex items-center justify-center bg-token-main-surface-primary text-token-text-primary h-8 w-8\">\n<div class=\"mb-2 flex gap-3 empty:hidden -ml-2\">\n<div role=\"article\" data-tabster=\"{&quot;groupper&quot;:{&quot;tabbability&quot;:2},&quot;focusable&quot;:{}}\" data-content=\"ai-message\" aria-labelledby=\"Vdt5ez4X7Tg813x6rFVha-author Vdt5ez4X7Tg813x6rFVha-content\">\n<div id=\"Vdt5ez4X7Tg813x6rFVha-content\">\n<div role=\"article\" data-tabster=\"{&quot;groupper&quot;:{&quot;tabbability&quot;:2},&quot;focusable&quot;:{}}\" data-content=\"ai-message\" aria-labelledby=\"o968oC7CEo2fGHsGdsRYC-author o968oC7CEo2fGHsGdsRYC-content\">\n<div id=\"o968oC7CEo2fGHsGdsRYC-content\">\n<h2>Mi\u00e9rt v\u00e1lassza a vapestornado-t a Bang King Vape 35k Puff Vape nagykereskedelm\u00e9hez?<\/h2>\n<div class=\"flex-shrink-0 flex flex-col relative items-end\">\n<div class=\"pt-0\">\n<div class=\"gizmo-bot-avatar flex h-8 w-8 items-center justify-center overflow-hidden rounded-full\">\n<div class=\"relative p-1 rounded-sm flex items-center justify-center bg-token-main-surface-primary text-token-text-primary h-8 w-8\">\n<p>\u00dcdv\u00f6z\u00f6lj\u00fck a vapestornado-n, az \u00d6n megb\u00edzhat\u00f3 online vape boltj\u00e1ban a pr\u00e9mium eldobhat\u00f3 vape-okhoz. T\u00f6bb mint 5 \u00e9ves szak\u00e9rtelemmel hozunk el \u00d6nnek n\u00e9pszer\u0171 eldobhat\u00f3 vape m\u00e1rk\u00e1kat, mint p\u00e9ld\u00e1ul a Fumot RandM Vape, <a href=\"https:\/\/vapestornado.com\/hu\/product-category\/vapme-shisha\/\">Vapme<\/a>, Bang Vape, Waspe Vape \u00e9s WGA Vape, stb.<\/p>\n<p>K\u00edn\u00e1latunkban szerepelnek n\u00e9pszer\u0171 vape-ok, mint a <a href=\"https:\/\/vapestornado.com\/hu\/product\/randm-12000-puffs-fumot-digital-disposable-vape-wholesale-price\/\">RandM Torn\u00e1d\u00f3 12000<\/a>, \u00e9s \u00edzgazdag v\u00e1laszt\u00e1sok, mint a <a href=\"https:\/\/vapestornado.com\/hu\/product\/wga-crystal-pro-max-extra-15000-puffs-rechargeable-disposable-vape-wholesale-bulk-buy\/\">\u00a0WGA Krist\u00e1ly 15k Puffs<\/a> . Minden term\u00e9k\u00fcnket a min\u0151s\u00e9g, \u00e9rt\u00e9k \u00e9s v\u00e1ltozatoss\u00e1g figyelembev\u00e9tel\u00e9vel v\u00e1lasztjuk ki, biztos\u00edtva, hogy megtal\u00e1lja az ig\u00e9nyeinek legmegfelel\u0151bbet. Fedezze fel a kiv\u00e9teles szolg\u00e1ltat\u00e1st \u00e9s a top term\u00e9kek sz\u00e9les v\u00e1laszt\u00e9k\u00e1t nagykereskedelmi \u00e1ron a vapestornado-n.<\/p>\n<\/div>\n<p>&nbsp;<\/p>\n<p><strong>Egy\u00e9b n\u00e9pszer\u0171 eldobhat\u00f3 vape-ek<\/strong><\/p>\n<p><a href=\"https:\/\/vapestornado.com\/hu\/product\/vozol-star-20000-puffs-disposable-vape-2-low-nicotine-bulk-buy-wholesale-cheap-price\/\">VOZOL Star 20000 Puffs <span style=\"color: #ff0000;\"><strong>&gt;&gt;&gt;&gt; Indul\u00e1s!<\/strong><\/span><\/a><\/p>\n<p><a href=\"https:\/\/vapestornado.com\/hu\/product\/refillable-disposable-vape-bang-40000-puffs-with-smart-screen-display-wholesale\/\">Bang 40000 Sz\u00edv\u00e1s<span style=\"color: #ff0000;\"><strong>&gt;&gt;&gt;&gt; Indul\u00e1s!<\/strong><\/span><\/a><\/p>\n<p><a href=\"https:\/\/vapestornado.com\/hu\/product\/puff-25k-bang-king-25000-puffs-rechargeable-disposable-vape-wholesale-bulk-buy\/\">Bang King 25000 <span style=\"color: #ff0000;\"><strong>&gt;&gt;&gt;&gt; Indul\u00e1s!<\/strong><\/span><\/a><\/p>\n<\/div>\n<\/div>\n<\/div>\n<p>&nbsp;<\/p>\n<\/div>\n<\/div>\n<\/div>\n<\/div>\n<\/div>\n<\/div>\n<\/div>\n<\/div>\n<\/div>","protected":false},"excerpt":{"rendered":"<p>BangKing Vape 35000 Puffs 2% Alacsony nikotintartalm\u00fa eldobhat\u00f3 vape nagykereskedelem<br \/>\nBang King 35000 Puff digit\u00e1lis kijelz\u0151s eldobhat\u00f3 vape t\u00f6meges v\u00e1s\u00e1rl\u00e1s<br \/>\nBang King Vape 35k \u00dajrat\u00f6lthet\u0151 eldobhat\u00f3 vape olcs\u00f3 \u00e1ron<\/p>\n<p><strong>Adja hozz\u00e1 Amy-t WhatsApp-on, hogy azonnali v\u00e1laszt \u00e9s vape kupont kapjon!<\/strong><\/p>\n<p><img fetchpriority=\"high\" decoding=\"async\" class=\"size-full wp-image-2932\" src=\"https:\/\/vapestornado.com\/wp-content\/uploads\/2024\/12\/Vape-Wholesale.jpg\" alt=\"Vape nagykereskedelem\" width=\"229\" height=\"300\" \/><\/p>\n<h3><a href=\"https:\/\/wa.me\/8617776015835\"><span style=\"color: #ff0000;\"><strong>WhatsApp: +86 17776015835<\/strong><\/span><\/a><\/h3>\n<p>&nbsp;<\/p>","protected":false},"featured_media":3636,"comment_status":"open","ping_status":"closed","template":"","meta":{"_acf_changed":false,"_uag_custom_page_level_css":"","_lmt_disableupdate":"no","_lmt_disable":"","_monsterinsights_skip_tracking":false,"_monsterinsights_sitenote_active":false,"_monsterinsights_sitenote_note":"","_monsterinsights_sitenote_category":0,"site-sidebar-layout":"default","site-content-layout":"","ast-site-content-layout":"default","site-content-style":"default","site-sidebar-style":"default","ast-global-header-display":"","ast-banner-title-visibility":"","ast-main-header-display":"","ast-hfb-above-header-display":"","ast-hfb-below-header-display":"","ast-hfb-mobile-header-display":"","site-post-title":"","ast-breadcrumbs-content":"","ast-featured-img":"","footer-sml-layout":"","ast-disable-related-posts":"","theme-transparent-header-meta":"default","adv-header-id-meta":"","stick-header-meta":"","header-above-stick-meta":"","header-main-stick-meta":"","header-below-stick-meta":"","astra-migrate-meta-layouts":"set","ast-page-background-enabled":"default","ast-page-background-meta":{"desktop":{"background-color":"","background-image":"","background-repeat":"repeat","background-position":"center center","background-size":"auto","background-attachment":"scroll","background-type":"","background-media":"","overlay-type":"","overlay-color":"","overlay-opacity":"","overlay-gradient":""},"tablet":{"background-color":"","background-image":"","background-repeat":"repeat","background-position":"center center","background-size":"auto","background-attachment":"scroll","background-type":"","background-media":"","overlay-type":"","overlay-color":"","overlay-opacity":"","overlay-gradient":""},"mobile":{"background-color":"","background-image":"","background-repeat":"repeat","background-position":"center center","background-size":"auto","background-attachment":"scroll","background-type":"","background-media":"","overlay-type":"","overlay-color":"","overlay-opacity":"","overlay-gradient":""}},"ast-content-background-meta":{"desktop":{"background-color":"var(--ast-global-color-5)","background-image":"","background-repeat":"repeat","background-position":"center center","background-size":"auto","background-attachment":"scroll","background-type":"","background-media":"","overlay-type":"","overlay-color":"","overlay-opacity":"","overlay-gradient":""},"tablet":{"background-color":"var(--ast-global-color-5)","background-image":"","background-repeat":"repeat","background-position":"center center","background-size":"auto","background-attachment":"scroll","background-type":"","background-media":"","overlay-type":"","overlay-color":"","overlay-opacity":"","overlay-gradient":""},"mobile":{"background-color":"var(--ast-global-color-5)","background-image":"","background-repeat":"repeat","background-position":"center center","background-size":"auto","background-attachment":"scroll","background-type":"","background-media":"","overlay-type":"","overlay-color":"","overlay-opacity":"","overlay-gradient":""}},"_joinchat":{"telephone":"+8617776015835"}},"product_brand":[],"product_cat":[175,63,152,157,160,143,144],"product_tag":[224,223,165,105,97,166,94],"class_list":{"0":"post-3639","1":"product","2":"type-product","3":"status-publish","4":"has-post-thumbnail","6":"product_cat-35000-puff","7":"product_cat-bangking","8":"product_cat-buy-disposable-vapes-in-cermany","9":"product_cat-buy-disposable-vapes-in-portugal","10":"product_cat-buy-disposable-vapes-in-switzerland","11":"product_cat-dual-mesh-disposable-vapes","12":"product_cat-low-nicotine-disposable-vapes","13":"product_tag-bang-king-35000","14":"product_tag-bang-king-vape-35000","15":"product_tag-cheap-vapes","16":"product_tag-digital-disposable-vape","17":"product_tag-hot-sale-disposable-vape","18":"product_tag-low-nicotine-vape","19":"product_tag-rechargeable-disposable-vape","20":"desktop-align-left","21":"tablet-align-left","22":"mobile-align-left","24":"first","25":"instock","26":"sale","27":"shipping-taxable","28":"purchasable","29":"product-type-simple"},"acf":[],"uagb_featured_image_src":{"full":["https:\/\/vapestornado.com\/wp-content\/uploads\/2025\/01\/Bang-King-Vape-35000-Puffs-Wholesale.webp",800,800,false],"thumbnail":["https:\/\/vapestornado.com\/wp-content\/uploads\/2025\/01\/Bang-King-Vape-35000-Puffs-Wholesale-150x150.webp",150,150,true],"medium":["https:\/\/vapestornado.com\/wp-content\/uploads\/2025\/01\/Bang-King-Vape-35000-Puffs-Wholesale-300x300.webp",300,300,true],"medium_large":["https:\/\/vapestornado.com\/wp-content\/uploads\/2025\/01\/Bang-King-Vape-35000-Puffs-Wholesale-768x768.webp",768,768,true],"large":["https:\/\/vapestornado.com\/wp-content\/uploads\/2025\/01\/Bang-King-Vape-35000-Puffs-Wholesale.webp",800,800,false],"1536x1536":["https:\/\/vapestornado.com\/wp-content\/uploads\/2025\/01\/Bang-King-Vape-35000-Puffs-Wholesale.webp",800,800,false],"2048x2048":["https:\/\/vapestornado.com\/wp-content\/uploads\/2025\/01\/Bang-King-Vape-35000-Puffs-Wholesale.webp",800,800,false],"trp-custom-language-flag":["https:\/\/vapestornado.com\/wp-content\/uploads\/2025\/01\/Bang-King-Vape-35000-Puffs-Wholesale.webp",12,12,false],"woocommerce_thumbnail":["https:\/\/vapestornado.com\/wp-content\/uploads\/2025\/01\/Bang-King-Vape-35000-Puffs-Wholesale-300x300.webp",300,300,true],"woocommerce_single":["https:\/\/vapestornado.com\/wp-content\/uploads\/2025\/01\/Bang-King-Vape-35000-Puffs-Wholesale-600x600.webp",600,600,true],"woocommerce_gallery_thumbnail":["https:\/\/vapestornado.com\/wp-content\/uploads\/2025\/01\/Bang-King-Vape-35000-Puffs-Wholesale-100x100.webp",100,100,true]},"uagb_author_info":{"display_name":"ESAMY","author_link":"https:\/\/vapestornado.com\/hu\/author\/"},"uagb_comment_info":0,"uagb_excerpt":"BangKing Vape 35000 Puffs 2% Low Nicotine Disposable Vape Wholesale Bang King 35000 Puff \u00a0Digital Display Disposable Vape Bulk Buy Bang King Vape 35k Rechargeable Disposable Vape Cheap Price Add Amy's whatsapp get right reply and vape coupon! WhatsApp: +86 17776015835 &nbsp;","_links":{"self":[{"href":"https:\/\/vapestornado.com\/hu\/wp-json\/wp\/v2\/product\/3639","targetHints":{"allow":["GET"]}}],"collection":[{"href":"https:\/\/vapestornado.com\/hu\/wp-json\/wp\/v2\/product"}],"about":[{"href":"https:\/\/vapestornado.com\/hu\/wp-json\/wp\/v2\/types\/product"}],"replies":[{"embeddable":true,"href":"https:\/\/vapestornado.com\/hu\/wp-json\/wp\/v2\/comments?post=3639"}],"wp:featuredmedia":[{"embeddable":true,"href":"https:\/\/vapestornado.com\/hu\/wp-json\/wp\/v2\/media\/3636"}],"wp:attachment":[{"href":"https:\/\/vapestornado.com\/hu\/wp-json\/wp\/v2\/media?parent=3639"}],"wp:term":[{"taxonomy":"product_brand","embeddable":true,"href":"https:\/\/vapestornado.com\/hu\/wp-json\/wp\/v2\/product_brand?post=3639"},{"taxonomy":"product_cat","embeddable":true,"href":"https:\/\/vapestornado.com\/hu\/wp-json\/wp\/v2\/product_cat?post=3639"},{"taxonomy":"product_tag","embeddable":true,"href":"https:\/\/vapestornado.com\/hu\/wp-json\/wp\/v2\/product_tag?post=3639"}],"curies":[{"name":"wp","href":"https:\/\/api.w.org\/{rel}","templated":true}]}}