{"id":3631,"date":"2025-01-02T09:26:09","date_gmt":"2025-01-02T09:26:09","guid":{"rendered":"https:\/\/vapestornado.com\/?post_type=product&#038;p=3631"},"modified":"2025-08-23T09:38:46","modified_gmt":"2025-08-23T09:38:46","slug":"uwin-tornado-vape-music-35000-puffs-wholesale-price","status":"publish","type":"product","link":"https:\/\/vapestornado.com\/hu\/product\/uwin-tornado-vape-music-35000-puffs-wholesale-price\/","title":{"rendered":"UWIN Tornado Vape Zene 35000 Puffs Nagykereskedelmi \u00c1r"},"content":{"rendered":"<h1>UWIN Tornado Vape Zene 35000 Puffs Nagykereskedelmi \u00c1r<\/h1>\n<p>&nbsp;<\/p>\n<div role=\"article\" data-tabster=\"{&quot;groupper&quot;:{&quot;tabbability&quot;:2},&quot;focusable&quot;:{}}\" data-content=\"ai-message\" aria-labelledby=\"64JRvXrTnY7mRmPkEQLLT-author 64JRvXrTnY7mRmPkEQLLT-content\">\n<div id=\"64JRvXrTnY7mRmPkEQLLT-content\">\n<p data-start=\"318\" data-end=\"611\">A <strong data-start=\"322\" data-end=\"377\">UWIN Tornado Vape Music 35000 Puffs Eldobhat\u00f3 Vape<\/strong> kombin\u00e1lja a nagy kapacit\u00e1st, a teljes\u00edtm\u00e9nyt \u00e9s az egyedi diz\u00e1jnt mind az egy\u00e9ni felhaszn\u00e1l\u00f3k, mind a nagykereskedelmi v\u00e1s\u00e1rl\u00f3k sz\u00e1m\u00e1ra. Ak\u00e1r <strong data-start=\"492\" data-end=\"508\">35 000 slukkot<\/strong> \u00e9s a <strong data-start=\"513\" data-end=\"535\">16 pr\u00e9mium \u00edz<\/strong>haszn\u00e1lat\u00e1val hosszan tart\u00f3 haszn\u00e1latot \u00e9s v\u00e1ltozatoss\u00e1got biztos\u00edt a k\u00fcl\u00f6nb\u00f6z\u0151 preferenci\u00e1khoz.<\/p>\n<p data-start=\"613\" data-end=\"882\">El\u00e9rhet\u0151 <strong data-start=\"626\" data-end=\"667\">0%, 2%, 3% \u00e9s 5% nikotiner\u0151ss\u00e9gben<\/strong>ez a vape sz\u00e9les k\u00f6z\u00f6ns\u00e9get szolg\u00e1l ki. A <strong data-start=\"710\" data-end=\"728\">1.0\u03a9 mesh tekercs<\/strong> z\u00f6kken\u0151mentes g\u0151ztermel\u00e9st biztos\u00edt, m\u00edg a <strong data-start=\"772\" data-end=\"803\">650mAh-s \u00fajrat\u00f6lthet\u0151 akkumul\u00e1tor<\/strong> \u00e1ltal m\u0171k\u00f6dtetve <strong data-start=\"809\" data-end=\"833\">Type-C gyorst\u00f6lt\u00e9ssel<\/strong> megb\u00edzhat\u00f3 energi\u00e1t biztos\u00edt a hosszabb haszn\u00e1lathoz.<\/p>\n<p data-start=\"884\" data-end=\"1179\">Kiemelked\u0151 <strong data-start=\"897\" data-end=\"920\">RGB vil\u00e1g\u00edt\u00e1si rendszer<\/strong> szinkroniz\u00e1l\u00f3dik a zenei \u00fctemekkel, interakt\u00edv \u00e9lm\u00e9nyt ny\u00fajtva a k\u00f6vetkezetes \u00edz \u00e9s teljes\u00edtm\u00e9ny mellett. Csomagolva <strong data-start=\"1037\" data-end=\"1058\">160 darabos kartondobozokba<\/strong> (21 kg kartononk\u00e9nt), a <strong data-start=\"1082\" data-end=\"1102\">UWIN Tornado 35K<\/strong> hat\u00e9kony nagykereskedelmi forgalmaz\u00e1sra \u00e9s er\u0151s kiskereskedelmi keresletre lett tervezve.<\/p>\n<figure id=\"attachment_3652\" aria-describedby=\"caption-attachment-3652\" style=\"width: 669px\" class=\"wp-caption alignnone\"><img fetchpriority=\"high\" decoding=\"async\" class=\"wp-image-3652\" src=\"https:\/\/vapestornado.com\/wp-content\/uploads\/2025\/01\/Cheap-Price-Uwin-Tornado-35k-Puffs-Vape.jpg\" alt=\"Olcs\u00f3 \u00e1r\u00fa Uwin Tornado 35k Puffs Vape\" width=\"669\" height=\"669\" srcset=\"https:\/\/vapestornado.com\/wp-content\/uploads\/2025\/01\/Cheap-Price-Uwin-Tornado-35k-Puffs-Vape.jpg 800w, https:\/\/vapestornado.com\/wp-content\/uploads\/2025\/01\/Cheap-Price-Uwin-Tornado-35k-Puffs-Vape-300x300.jpg 300w, https:\/\/vapestornado.com\/wp-content\/uploads\/2025\/01\/Cheap-Price-Uwin-Tornado-35k-Puffs-Vape-150x150.jpg 150w, https:\/\/vapestornado.com\/wp-content\/uploads\/2025\/01\/Cheap-Price-Uwin-Tornado-35k-Puffs-Vape-768x768.jpg 768w, https:\/\/vapestornado.com\/wp-content\/uploads\/2025\/01\/Cheap-Price-Uwin-Tornado-35k-Puffs-Vape-600x600.jpg 600w, https:\/\/vapestornado.com\/wp-content\/uploads\/2025\/01\/Cheap-Price-Uwin-Tornado-35k-Puffs-Vape-100x100.jpg 100w\" sizes=\"(max-width: 669px) 100vw, 669px\" \/><figcaption id=\"caption-attachment-3652\" class=\"wp-caption-text\">Olcs\u00f3 \u00e1r\u00fa Uwin Tornado 35k Puffs Vape<\/figcaption><\/figure>\n<\/div>\n<\/div>\n<p><img decoding=\"async\" class=\"alignleft wp-image-2951 size-medium\" src=\"https:\/\/vapestornado.com\/wp-content\/uploads\/2024\/12\/Wholesale-Disposable-Vape-265x300.jpg\" alt=\"Nagykereskedelmi eldobhat\u00f3 Vape\" width=\"265\" height=\"300\" srcset=\"https:\/\/vapestornado.com\/wp-content\/uploads\/2024\/12\/Wholesale-Disposable-Vape-265x300.jpg 265w, https:\/\/vapestornado.com\/wp-content\/uploads\/2024\/12\/Wholesale-Disposable-Vape-768x871.jpg 768w, https:\/\/vapestornado.com\/wp-content\/uploads\/2024\/12\/Wholesale-Disposable-Vape-600x680.jpg 600w, https:\/\/vapestornado.com\/wp-content\/uploads\/2024\/12\/Wholesale-Disposable-Vape.jpg 823w\" sizes=\"(max-width: 265px) 100vw, 265px\" \/><\/p>\n<h5>K\u00e9rj\u00fck, vegye fel a kapcsolatot Mandy WhatsApp-j\u00e1val a kedvezm\u00e9nyes \u00e1r\u00e9rt<a href=\"https:\/\/wa.me\/8618077105796\" target=\"_blank\" rel=\"noopener\">+8618077105796<\/a><\/h5>\n<div class=\"flex max-w-full flex-col flex-grow\">\n<div class=\"min-h-8 text-message flex w-full flex-col items-end gap-2 whitespace-normal break-words text-start [.text-message+&amp;]:mt-5\" dir=\"auto\" data-message-author-role=\"assistant\" data-message-id=\"cdb991c0-f594-4bff-b2d5-fbbdd7ce9e54\" data-message-model-slug=\"gpt-4o-mini\">\n<div class=\"flex w-full flex-col gap-1 empty:hidden first:pt-[3px]\">\n<div class=\"markdown prose w-full break-words dark:prose-invert light\"><\/div>\n<\/div>\n<\/div>\n<\/div>\n<div class=\"mb-2 flex gap-3 empty:hidden -ml-2\">\n<h2>UWIN Tornado Vape Music 35000 Puffs F\u0151bb jellemz\u0151k:<\/h2>\n<ul>\n<li><strong>Nikotin opci\u00f3k<\/strong>: 0%, 2%, 3%, 5% \u2013 K\u00fcl\u00f6nf\u00e9le preferenci\u00e1khoz igaz\u00edtva.<\/li>\n<li><strong>Puff<\/strong>: 35,000 \u2013 Kiv\u00e9teles \u00e9lettartam a zavartalan g\u0151z\u00f6l\u00e9si \u00e9lm\u00e9ny \u00e9rdek\u00e9ben.<\/li>\n<li><strong>Kartondoboz mennyis\u00e9g<\/strong>: 160 db \u2013 Ide\u00e1lis nagykereskedelmi \u00e9s nagyszab\u00e1s\u00fa forgalmaz\u00e1shoz.<\/li>\n<li><strong>\u00cdzek<\/strong>: 16 \u2013 Sz\u00e9les v\u00e1laszt\u00e9k, hogy minden \u00edzl\u00e9snek megfeleljen.<\/li>\n<li><strong>Akkumul\u00e1tor<\/strong>: 650mAh \u00fajrat\u00f6lthet\u0151, C t\u00edpus\u00fa porttal \u2013 Megb\u00edzhat\u00f3 energia, gyors t\u00f6lt\u00e9ssel.<\/li>\n<li><strong>Tekercs<\/strong>: 1.0-ohmos h\u00e1l\u00f3s tekercs \u2013 Egyenletes \u00e9s \u00e1lland\u00f3 g\u0151ztermel\u00e9st biztos\u00edt.<\/li>\n<li><strong>Kartondoboz s\u00falya<\/strong>: 21kg \u2013 Massz\u00edv csomagol\u00e1s a k\u00f6nny\u0171 kezel\u00e9s \u00e9rdek\u00e9ben.<\/li>\n<li><strong>Kartondoboz m\u00e9retei<\/strong>: Kompakt \u00e9s optimaliz\u00e1lt a hat\u00e9kony t\u00e1rol\u00e1s \u00e9s sz\u00e1ll\u00edt\u00e1s \u00e9rdek\u00e9ben.<\/li>\n<li><strong>RGB f\u00e9nyek<\/strong>: \u00c9l\u00e9nk vil\u00e1g\u00edt\u00e1s a modern eszt\u00e9tika \u00e9rdek\u00e9ben.<\/li>\n<li><strong>Dinamikus vil\u00e1g\u00edt\u00e1s<\/strong>: A f\u00e9nyek a zene \u00fctem\u00e9re mozognak, mag\u00e1val ragad\u00f3 g\u0151z\u00f6l\u00e9si \u00e9lm\u00e9nyt teremtve.<\/li>\n<\/ul>\n<\/div>\n<h2>UWIN Tornado Music 35000 Puffs eldobhat\u00f3 vape \u00edzek:<\/h2>\n<p>1.\u00c1fonya M\u00e1lna<br \/>\n2.Sz\u0151l\u0151 J\u00e9g<br \/>\n3. Strawberry Watermelon<br \/>\n4.\u00c1fonya J\u00e9gen<br \/>\n5.G\u00f6r\u00f6gdinnye J\u00e9g<br \/>\n6.Cseresznye J\u00e9g<br \/>\n7.Eper M\u00e1lna Cseresznye J\u00e9g<br \/>\n8. Kiwi Maracuja Guava<br \/>\n9. Epres J\u00e9g<br \/>\n10. \u0150szibarack Mang\u00f3 Anan\u00e1sz<br \/>\n11. \u00c1fonya Cseresznye T\u0151zeg\u00e1fonya<br \/>\n12. \u0150szibarack Bogy\u00f3sgy\u00fcm\u00f6lcs<br \/>\n13. Cseresznye Cola<br \/>\n14. Vegyes Bogy\u00f3sgy\u00fcm\u00f6lcs\u00f6k<br \/>\n15. Mr. Blue<br \/>\n16. Ny\u00e1ri \u0150szibarack J\u00e9g<\/p>\n<div role=\"article\" data-tabster=\"{&quot;groupper&quot;:{&quot;tabbability&quot;:2},&quot;focusable&quot;:{}}\" data-content=\"ai-message\" aria-labelledby=\"dARUyEWDoEYhnSPXFwx5A-author dARUyEWDoEYhnSPXFwx5A-content\">\n<div id=\"dARUyEWDoEYhnSPXFwx5A-content\">\n<h2>Mi\u00e9rt v\u00e1lassza az UWIN Tornado Vapes Music 35000 Puffot <strong>\u00a0<\/strong>at <a href=\"https:\/\/vapestornado.com\/hu\/product\/bang-box-35k-puffs-high-capacity-long-lasting-disposable-vape\/\">vapestornado.com-ot?<\/a><\/h2>\n<ul>\n<li><strong>P\u00e1ratlan slukkkapacit\u00e1s<\/strong>: 35 000 slukk per eszk\u00f6z kiv\u00e9teles \u00e9rt\u00e9ket \u00e9s hossz\u00fa \u00e9lettartamot biztos\u00edt, vonzva ezzel t\u00f6bb v\u00e1s\u00e1rl\u00f3t.<\/li>\n<li><strong>Innovat\u00edv design<\/strong>: RGB f\u00e9nyekkel van felszerelve, amelyek szinkroniz\u00e1l\u00f3dnak a zen\u00e9vel, egyed\u00fcl\u00e1ll\u00f3 \u00e9s mag\u00e1val ragad\u00f3 g\u0151z\u00f6l\u00e9si \u00e9lm\u00e9nyt ny\u00fajtva, amely kiemelkedik a piacon.<\/li>\n<li><strong>Kiv\u00e1l\u00f3 min\u0151s\u00e9g\u0171 alkatr\u00e9szek<\/strong>: 650 mAh-s \u00fajrat\u00f6lthet\u0151 akkumul\u00e1tor, Type-C port \u00e9s egy 1,0 ohmos h\u00e1l\u00f3s tekercs a k\u00f6vetkezetes \u00e9s megb\u00edzhat\u00f3 teljes\u00edtm\u00e9ny\u00e9rt.<\/li>\n<li><strong>\u00cdzv\u00e1laszt\u00e9k<\/strong>: 16 k\u00fcl\u00f6nb\u00f6z\u0151 \u00edzzel a v\u00e1s\u00e1rl\u00f3k sz\u00e9les sk\u00e1l\u00e1j\u00e1t fedezhetik fel az \u00edzeknek, biztos\u00edtva a visszat\u00e9r\u0151 \u00fcgyfeleket.<\/li>\n<li><strong>Nagy t\u00e9telben sz\u00e1ll\u00edthat\u00f3 csomagol\u00e1s<\/strong>: Minden doboz 160 darabot tartalmaz, \u00edgy t\u00f6k\u00e9letes a nagykereskedelmi \u00e9s kiskereskedelmi m\u0171veletekhez.<\/li>\n<li><strong>Versenyk\u00e9pes \u00e1raz\u00e1s<\/strong>: A vapestornado.com piacvezet\u0151 nagykereskedelmi \u00e1rakat k\u00edn\u00e1l a profitmargina maximaliz\u00e1l\u00e1sa \u00e9rdek\u00e9ben.<\/li>\n<li><strong>Megb\u00edzhat\u00f3 besz\u00e1ll\u00edt\u00f3<\/strong>: A min\u0151s\u00e9g \u00e9s a megb\u00edzhat\u00f3 sz\u00e1ll\u00edt\u00e1s ir\u00e1nti elk\u00f6telezetts\u00e9ggel a vapestornado.com egy olyan partner, akiben megb\u00edzhat v\u00e1llalkoz\u00e1sa n\u00f6veked\u00e9s\u00e9hez.<\/li>\n<\/ul>\n<\/div>\n<\/div>\n<h2>GYIK a UWIN Tornado Vape Music 35000 Puffs Vape Pod-okr\u00f3l<\/h2>\n<ul>\n<li><strong>Mit\u0151l egyed\u00fcl\u00e1ll\u00f3 a UWIN 35k slukkos Tornado Vape Music?<\/strong><br \/>\nA UWIN Tornado kiemelkedik a <strong>hatalmas, 35 000 slukk kapacit\u00e1s<\/strong>, zene-szinkroniz\u00e1lt RGB f\u00e9nyekkel \u00e9s sz\u00e9les v\u00e1laszt\u00e9kkal <strong>16 pr\u00e9mium \u00edz<\/strong>, st\u00edlusos \u00e9s mag\u00e1val ragad\u00f3 g\u0151z\u00f6l\u00e9si \u00e9lm\u00e9nyt k\u00edn\u00e1lva.<\/li>\n<li><strong>Milyen tekercset haszn\u00e1l a UWIN Tornado Vape Music 35k slukkos?<\/strong><br \/>\nA UWIN Tornado egy <strong>1,0 ohmos h\u00e1l\u00f3s tekercs<\/strong>tekercset tartalmaz, amely egyenletes, \u00edzes \u00e9s konzisztens g\u0151ztermel\u00e9st biztos\u00edt minden slukkhoz.<\/li>\n<li><strong>Hogyan m\u0171k\u00f6dnek az RGB f\u00e9nyek?<\/strong><br \/>\nAz eszk\u00f6z RGB f\u00e9nyei dinamikusak \u00e9s a zene \u00fctem\u00e9re vil\u00e1g\u00edtanak, vizu\u00e1lisan vonz\u00f3 \u00e9lm\u00e9nyt teremtve, amely kieg\u00e9sz\u00edti modern diz\u00e1jnj\u00e1t.<\/li>\n<li><strong>Mi\u00e9rt v\u00e1lasszam a UWIN Tornado Vapes 35000 slukkosat m\u00e1s eldobhat\u00f3 g\u0151zk\u00e9sz\u00fcl\u00e9kek helyett?<\/strong><br \/>\nA UWIN Tornado pr\u00e9mium min\u0151s\u00e9get, innovat\u00edv funkci\u00f3kat \u00e9s p\u00e1ratlan slukk-kapacit\u00e1st \u00f6tv\u00f6z, \u00edgy a cs\u00facskateg\u00f3ri\u00e1s g\u0151z\u00f6l\u00e9si piacon a legjobb v\u00e1laszt\u00e1s.<\/li>\n<\/ul>","protected":false},"excerpt":{"rendered":"<p><strong>UWIN Tornado Vape Music 35000 slukk<\/strong>, egy fordul\u00f3pont az eldobhat\u00f3 g\u0151z\u00f6l\u00e9sben. A dinamikus, zen\u00e9vel szinkroniz\u00e1lt LED-f\u00e9nyeivel, hatalmas, 35 000 slukk kapacit\u00e1s\u00e1val \u00e9s \u00fajrat\u00f6lthet\u0151 Type-C kialak\u00edt\u00e1s\u00e1val ez a vape \u00f6tv\u00f6zi az innov\u00e1ci\u00f3t a st\u00edlussal. T\u00f6k\u00e9letes a nagykeresked\u0151k sz\u00e1m\u00e1ra, akik pr\u00e9mium, nagy teljes\u00edtm\u00e9ny\u0171 eszk\u00f6z\u00f6ket keresnek versenyk\u00e9pes \u00e1ron.<\/p>\n<figure id=\"attachment_2951\" aria-describedby=\"caption-attachment-2951\" style=\"width: 265px\" class=\"wp-caption alignnone\"><img decoding=\"async\" class=\"size-medium wp-image-2951\" src=\"https:\/\/vapestornado.com\/wp-content\/uploads\/2024\/12\/Wholesale-Disposable-Vape-265x300.jpg\" alt=\"Nagykereskedelmi eldobhat\u00f3 Vape\" width=\"265\" height=\"300\" srcset=\"https:\/\/vapestornado.com\/wp-content\/uploads\/2024\/12\/Wholesale-Disposable-Vape-265x300.jpg 265w, https:\/\/vapestornado.com\/wp-content\/uploads\/2024\/12\/Wholesale-Disposable-Vape-768x871.jpg 768w, https:\/\/vapestornado.com\/wp-content\/uploads\/2024\/12\/Wholesale-Disposable-Vape-600x680.jpg 600w, https:\/\/vapestornado.com\/wp-content\/uploads\/2024\/12\/Wholesale-Disposable-Vape.jpg 823w\" sizes=\"(max-width: 265px) 100vw, 265px\" \/><figcaption id=\"caption-attachment-2951\" class=\"wp-caption-text\">K\u00e9rj\u00fck, vegye fel a kapcsolatot Mandy WhatsApp-j\u00e1val a kedvezm\u00e9nyes \u00e1r\u00e9rt\u00a0 <a href=\"https:\/\/wa.me\/8618077105796\">+8618077105796<\/a><\/figcaption><\/figure>\n<p>&nbsp;<\/p>","protected":false},"featured_media":3654,"comment_status":"open","ping_status":"closed","template":"","meta":{"_acf_changed":false,"_uag_custom_page_level_css":"","_lmt_disableupdate":"no","_lmt_disable":"","_monsterinsights_skip_tracking":false,"_monsterinsights_sitenote_active":false,"_monsterinsights_sitenote_note":"","_monsterinsights_sitenote_category":0,"site-sidebar-layout":"default","site-content-layout":"","ast-site-content-layout":"default","site-content-style":"default","site-sidebar-style":"default","ast-global-header-display":"","ast-banner-title-visibility":"","ast-main-header-display":"","ast-hfb-above-header-display":"","ast-hfb-below-header-display":"","ast-hfb-mobile-header-display":"","site-post-title":"","ast-breadcrumbs-content":"","ast-featured-img":"","footer-sml-layout":"","ast-disable-related-posts":"","theme-transparent-header-meta":"default","adv-header-id-meta":"","stick-header-meta":"","header-above-stick-meta":"","header-main-stick-meta":"","header-below-stick-meta":"","astra-migrate-meta-layouts":"set","ast-page-background-enabled":"default","ast-page-background-meta":{"desktop":{"background-color":"","background-image":"","background-repeat":"repeat","background-position":"center center","background-size":"auto","background-attachment":"scroll","background-type":"","background-media":"","overlay-type":"","overlay-color":"","overlay-opacity":"","overlay-gradient":""},"tablet":{"background-color":"","background-image":"","background-repeat":"repeat","background-position":"center center","background-size":"auto","background-attachment":"scroll","background-type":"","background-media":"","overlay-type":"","overlay-color":"","overlay-opacity":"","overlay-gradient":""},"mobile":{"background-color":"","background-image":"","background-repeat":"repeat","background-position":"center center","background-size":"auto","background-attachment":"scroll","background-type":"","background-media":"","overlay-type":"","overlay-color":"","overlay-opacity":"","overlay-gradient":""}},"ast-content-background-meta":{"desktop":{"background-color":"var(--ast-global-color-5)","background-image":"","background-repeat":"repeat","background-position":"center center","background-size":"auto","background-attachment":"scroll","background-type":"","background-media":"","overlay-type":"","overlay-color":"","overlay-opacity":"","overlay-gradient":""},"tablet":{"background-color":"var(--ast-global-color-5)","background-image":"","background-repeat":"repeat","background-position":"center center","background-size":"auto","background-attachment":"scroll","background-type":"","background-media":"","overlay-type":"","overlay-color":"","overlay-opacity":"","overlay-gradient":""},"mobile":{"background-color":"var(--ast-global-color-5)","background-image":"","background-repeat":"repeat","background-position":"center center","background-size":"auto","background-attachment":"scroll","background-type":"","background-media":"","overlay-type":"","overlay-color":"","overlay-opacity":"","overlay-gradient":""}},"_joinchat":{"telephone":"+8618077105796"}},"product_brand":[],"product_cat":[175,140,150,157,233],"product_tag":[97,133],"class_list":{"0":"post-3631","1":"product","2":"type-product","3":"status-publish","4":"has-post-thumbnail","6":"product_cat-35000-puff","7":"product_cat-big-puffs-disposable-vapes","8":"product_cat-buy-disposable-vapes-in-belgium","9":"product_cat-buy-disposable-vapes-in-portugal","10":"product_cat-uwin-vape","11":"product_tag-hot-sale-disposable-vape","12":"product_tag-uwin-tornado-35000","13":"desktop-align-left","14":"tablet-align-left","15":"mobile-align-left","17":"first","18":"instock","19":"sale","20":"shipping-taxable","21":"purchasable","22":"product-type-simple"},"acf":[],"uagb_featured_image_src":{"full":["https:\/\/vapestornado.com\/wp-content\/uploads\/2025\/01\/Good-Sale-Uwin-Tornado-35k-Puffs-Disposable-Vape.jpg",800,800,false],"thumbnail":["https:\/\/vapestornado.com\/wp-content\/uploads\/2025\/01\/Good-Sale-Uwin-Tornado-35k-Puffs-Disposable-Vape-150x150.jpg",150,150,true],"medium":["https:\/\/vapestornado.com\/wp-content\/uploads\/2025\/01\/Good-Sale-Uwin-Tornado-35k-Puffs-Disposable-Vape-300x300.jpg",300,300,true],"medium_large":["https:\/\/vapestornado.com\/wp-content\/uploads\/2025\/01\/Good-Sale-Uwin-Tornado-35k-Puffs-Disposable-Vape-768x768.jpg",768,768,true],"large":["https:\/\/vapestornado.com\/wp-content\/uploads\/2025\/01\/Good-Sale-Uwin-Tornado-35k-Puffs-Disposable-Vape.jpg",800,800,false],"1536x1536":["https:\/\/vapestornado.com\/wp-content\/uploads\/2025\/01\/Good-Sale-Uwin-Tornado-35k-Puffs-Disposable-Vape.jpg",800,800,false],"2048x2048":["https:\/\/vapestornado.com\/wp-content\/uploads\/2025\/01\/Good-Sale-Uwin-Tornado-35k-Puffs-Disposable-Vape.jpg",800,800,false],"trp-custom-language-flag":["https:\/\/vapestornado.com\/wp-content\/uploads\/2025\/01\/Good-Sale-Uwin-Tornado-35k-Puffs-Disposable-Vape.jpg",12,12,false],"woocommerce_thumbnail":["https:\/\/vapestornado.com\/wp-content\/uploads\/2025\/01\/Good-Sale-Uwin-Tornado-35k-Puffs-Disposable-Vape-300x300.jpg",300,300,true],"woocommerce_single":["https:\/\/vapestornado.com\/wp-content\/uploads\/2025\/01\/Good-Sale-Uwin-Tornado-35k-Puffs-Disposable-Vape-600x600.jpg",600,600,true],"woocommerce_gallery_thumbnail":["https:\/\/vapestornado.com\/wp-content\/uploads\/2025\/01\/Good-Sale-Uwin-Tornado-35k-Puffs-Disposable-Vape-100x100.jpg",100,100,true]},"uagb_author_info":{"display_name":"ESMANDY","author_link":"https:\/\/vapestornado.com\/hu\/author\/"},"uagb_comment_info":0,"uagb_excerpt":"UWIN Tornado Vape Music 35000 Puffs, a game-changer in disposable vaping. With its dynamic music-synced LED lights, massive 35,000 puffs capacity, and rechargeable Type-C design, this vape blends innovation with style. Perfect for wholesalers seeking premium, high-performance devices at competitive prices. [caption id=\"attachment_2951\" align=\"alignnone\" width=\"265\"] Pls Contact Mandy's WhatsApp For Discount Price\u00a0 +8618077105796[\/caption] &nbsp;","_links":{"self":[{"href":"https:\/\/vapestornado.com\/hu\/wp-json\/wp\/v2\/product\/3631","targetHints":{"allow":["GET"]}}],"collection":[{"href":"https:\/\/vapestornado.com\/hu\/wp-json\/wp\/v2\/product"}],"about":[{"href":"https:\/\/vapestornado.com\/hu\/wp-json\/wp\/v2\/types\/product"}],"replies":[{"embeddable":true,"href":"https:\/\/vapestornado.com\/hu\/wp-json\/wp\/v2\/comments?post=3631"}],"wp:featuredmedia":[{"embeddable":true,"href":"https:\/\/vapestornado.com\/hu\/wp-json\/wp\/v2\/media\/3654"}],"wp:attachment":[{"href":"https:\/\/vapestornado.com\/hu\/wp-json\/wp\/v2\/media?parent=3631"}],"wp:term":[{"taxonomy":"product_brand","embeddable":true,"href":"https:\/\/vapestornado.com\/hu\/wp-json\/wp\/v2\/product_brand?post=3631"},{"taxonomy":"product_cat","embeddable":true,"href":"https:\/\/vapestornado.com\/hu\/wp-json\/wp\/v2\/product_cat?post=3631"},{"taxonomy":"product_tag","embeddable":true,"href":"https:\/\/vapestornado.com\/hu\/wp-json\/wp\/v2\/product_tag?post=3631"}],"curies":[{"name":"wp","href":"https:\/\/api.w.org\/{rel}","templated":true}]}}